{"id":3415,"date":"2016-03-31T10:15:55","date_gmt":"2016-03-31T08:15:55","guid":{"rendered":"https:\/\/www.globalong.com\/blog\/?page_id=3415"},"modified":"2022-05-08T16:25:32","modified_gmt":"2022-05-08T14:25:32","slug":"vietnam-missions-de-benevolat-en-asie-avec-globalong-humanitaire-humanitariat-voyage-visite-volontaire-volontariat-explorer-enseigner-enseignement","status":"publish","type":"page","link":"https:\/\/www.globalong.com\/blog\/avis-temoignages-globalong\/vietnam-missions-de-benevolat-en-asie-avec-globalong-humanitaire-humanitariat-voyage-visite-volontaire-volontariat-explorer-enseigner-enseignement\/","title":{"rendered":"Vietnam &#8211; Sandrine"},"content":{"rendered":"<p style=\"text-align: center;\"><span style=\"color: #b81657;\"><strong>T\u00e9moignage de Sandrine, b\u00e9n\u00e9vole avec Globalong au Vietnam<\/strong><\/span><\/p>\n<p style=\"text-align: justify;\"><a href=\"https:\/\/www.globalong.com\/blog\/wp-content\/uploads\/2016\/03\/20150722_194902.jpg\" rel=\"attachment wp-att-3416\"><img loading=\"lazy\" decoding=\"async\" class=\"wp-image-3416 aligncenter\" src=\"https:\/\/www.globalong.com\/blog\/wp-content\/uploads\/2016\/03\/20150722_194902-169x300.jpg\" alt=\"B\u00e9n\u00e9volat au Vietnam en Asie avec Globalong\" width=\"300\" height=\"533\" srcset=\"https:\/\/www.globalong.com\/blog\/wp-content\/uploads\/2016\/03\/20150722_194902-169x300.jpg 169w, https:\/\/www.globalong.com\/blog\/wp-content\/uploads\/2016\/03\/20150722_194902-768x1365.jpg 768w, https:\/\/www.globalong.com\/blog\/wp-content\/uploads\/2016\/03\/20150722_194902-576x1024.jpg 576w, https:\/\/www.globalong.com\/blog\/wp-content\/uploads\/2016\/03\/20150722_194902-84x150.jpg 84w, https:\/\/www.globalong.com\/blog\/wp-content\/uploads\/2016\/03\/20150722_194902.jpg 1836w\" sizes=\"(max-width: 300px) 100vw, 300px\" \/><\/a>Je suis all\u00e9e au <span style=\"text-decoration: underline;\"><a href=\"https:\/\/www.globalong.com\/sejour-benevolat\/benevolat-vietnam-humanitaire.html\" target=\"_blank\" rel=\"noopener\">Vietnam 15 jours<\/a><\/span> <strong>comme volontaire et 15 jours<\/strong> \u00e0 parcourir le pays.<\/p>\n<p style=\"text-align: justify;\">Durant ma p\u00e9riode de volontariat, j&rsquo;ai eu le temps de visiter Hano\u00ef et je suis partie 3 jours \u00e0 Ninh Binh. Par la suite j&rsquo;ai visit\u00e9 le nord ainsi que le centre du Pays.<\/p>\n<p style=\"text-align: justify;\">J&rsquo;ai eu l\u2019occasion de rencontrer beaucoup de Vietnamiens durant mon s\u00e9jour. Ils m&rsquo;ont fait d\u00e9couvrir Hano\u00ef autrement.<\/p>\n<p style=\"text-align: justify;\">J&rsquo;ai aussi \u00e9t\u00e9 invit\u00e9e dans des familles \u00e0 partager des repas. Je suis rest\u00e9e en contact avec bon nombre de mes \u00e9tudiants.<\/p>\n<p style=\"text-align: justify;\">Je d\u00e9sirais partir au Vietnam car ma grand-m\u00e8re y est n\u00e9e.<\/p>\n<p style=\"text-align: justify;\">De plus, je vais revenir aux \u00e9tudes et enseigner le fran\u00e7ais aux \u00e9trangers qui arrivent en France. Ce voyage \u00e9tait donc en accord avec mes \u00e9tudes \u00e0 venir.<\/p>\n<p style=\"text-align: justify;\">Une vietnamienne est venue pour nous apprendre les bases de sa langue. C&rsquo;\u00e9tait instructif.<\/p>\n<p style=\"text-align: justify;\">On a aussi eu une journ\u00e9e de visite de Hano\u00ef avec des volontaires vietnamiens. Super journ\u00e9e avec des jeunes filles qui voulaient nous montrer le vrai Hano\u00ef.<\/p>\n<p style=\"text-align: justify;\">J&rsquo;ai pris \u00e9norm\u00e9ment de plaisir \u00e0 enseigner aux \u00e9tudiants adultes.<\/p>\n<p style=\"text-align: justify;\"><a href=\"https:\/\/www.globalong.com\/blog\/wp-content\/uploads\/2016\/03\/20150723_151844.jpg\" rel=\"attachment wp-att-3417\"><img loading=\"lazy\" decoding=\"async\" class=\"size-medium wp-image-3417 aligncenter\" src=\"https:\/\/www.globalong.com\/blog\/wp-content\/uploads\/2016\/03\/20150723_151844-300x169.jpg\" alt=\"B\u00e9n\u00e9volat au Vietnam en Asie avec Globalong\" width=\"300\" height=\"169\" srcset=\"https:\/\/www.globalong.com\/blog\/wp-content\/uploads\/2016\/03\/20150723_151844-300x169.jpg 300w, https:\/\/www.globalong.com\/blog\/wp-content\/uploads\/2016\/03\/20150723_151844-768x432.jpg 768w, https:\/\/www.globalong.com\/blog\/wp-content\/uploads\/2016\/03\/20150723_151844-1024x576.jpg 1024w, https:\/\/www.globalong.com\/blog\/wp-content\/uploads\/2016\/03\/20150723_151844-150x84.jpg 150w\" sizes=\"(max-width: 300px) 100vw, 300px\" \/><\/a>Ils ont une capacit\u00e9 d&rsquo;apprentissage et une envie d&rsquo;apprendre que j&rsquo;ai rarement vu auparavant.<\/p>\n<p style=\"text-align: justify;\">Au-del\u00e0 des cours , c&rsquo;\u00e9tait aussi une le\u00e7on de vie, une curiosit\u00e9 d&rsquo;apprendre des uns des autres.<\/p>\n<p style=\"text-align: justify;\">Nous sortions beaucoup le soir apr\u00e8s les cours.<\/p>\n<p style=\"text-align: justify;\">Une vraie immersion dans la vie des vietnamiens. J&rsquo;ai pris moins de plaisir avec les enfants : le choc des cultures.<\/p>\n<p style=\"text-align: justify;\"><a href=\"https:\/\/www.globalong.com\/blog\/wp-content\/uploads\/2016\/03\/IMG-20150722-WA0000.jpg\" rel=\"attachment wp-att-3418\"><img loading=\"lazy\" decoding=\"async\" class=\"size-medium wp-image-3418 aligncenter\" src=\"https:\/\/www.globalong.com\/blog\/wp-content\/uploads\/2016\/03\/IMG-20150722-WA0000-300x169.jpg\" alt=\"B\u00e9n\u00e9volat au Vietnam en Asie avec Globalong\" width=\"300\" height=\"169\" srcset=\"https:\/\/www.globalong.com\/blog\/wp-content\/uploads\/2016\/03\/IMG-20150722-WA0000-300x169.jpg 300w, https:\/\/www.globalong.com\/blog\/wp-content\/uploads\/2016\/03\/IMG-20150722-WA0000-768x432.jpg 768w, https:\/\/www.globalong.com\/blog\/wp-content\/uploads\/2016\/03\/IMG-20150722-WA0000-150x84.jpg 150w, https:\/\/www.globalong.com\/blog\/wp-content\/uploads\/2016\/03\/IMG-20150722-WA0000.jpg 960w\" sizes=\"(max-width: 300px) 100vw, 300px\" \/><\/a>Leurs fa\u00e7ons d&rsquo;enseigner aux enfants est aux antipodes de mes convictions. J&rsquo;ai assist\u00e9 \u00e0 des sc\u00e8nes qui m&rsquo;ont vraiment heurt\u00e9e.<\/p>\n<p style=\"text-align: justify;\">J&rsquo;ai eu l&rsquo;impression de faire de la garderie plus que d&rsquo;enseigner (avec les enfants j&rsquo;\u00e9tais assistante alors qu&rsquo;avec les adultes j&rsquo;\u00e9tais enseignante).<\/p>\n<p style=\"text-align: justify;\">Je pars pour des \u00e9tudes de formatrice de FLE. Cette exp\u00e9rience va dans la lign\u00e9e de ma future profession.<\/p>\n<p style=\"text-align: justify;\"><a href=\"https:\/\/www.globalong.com\/blog\/wp-content\/uploads\/2016\/03\/27_viet_hat.jpg\" rel=\"attachment wp-att-3423\"><img loading=\"lazy\" decoding=\"async\" class=\"wp-image-3423 aligncenter\" src=\"https:\/\/www.globalong.com\/blog\/wp-content\/uploads\/2016\/03\/27_viet_hat.jpg\" alt=\"B\u00e9n\u00e9volat au Vietnam en Asie avec Globalong\" width=\"300\" height=\"300\" srcset=\"https:\/\/www.globalong.com\/blog\/wp-content\/uploads\/2016\/03\/27_viet_hat.jpg 190w, https:\/\/www.globalong.com\/blog\/wp-content\/uploads\/2016\/03\/27_viet_hat-150x150.jpg 150w\" sizes=\"(max-width: 300px) 100vw, 300px\" \/><\/a>Au-del\u00e0 de \u00e7a, c&rsquo;est une exp\u00e9rience personnelle tr\u00e8s enrichissante.<\/p>\n<p style=\"text-align: justify;\">Je suis partie, apr\u00e8s le b\u00e9n\u00e9volat, seule et sac \u00e0 dos. C&rsquo;\u00e9tait pour moi un voyage initiatique.<\/p>\n<p style=\"text-align: justify;\">Le Vietnam est un pays fabuleux avec un peuple hors du commun.<\/p>\n<p style=\"text-align: justify;\">Cela fait 2 jours que je suis rentr\u00e9e. Le retour \u00e0 la r\u00e9alit\u00e9 est plut\u00f4t difficile apr\u00e8s un mois pass\u00e9 en Asie. J\u2019y retournerai certainement l&rsquo;ann\u00e9e prochaine.<\/p>\n<p style=\"text-align: justify;\">A tous ceux qui souhaitent partir : N&rsquo;h\u00e9sitez pas foncez!!! C&rsquo;est une exp\u00e9rience unique\u2026 et m\u00eame si vous parlez mal l&rsquo;anglais comme moi ^^.<\/p>\n<p style=\"text-align: justify;\">Globalong est un organisme tr\u00e8s professionnel avec qui je recommande de partir !<\/p>\n<p style=\"text-align: justify;\">Sandrine.<\/p>\n<p style=\"text-align: center;\">Pour d\u00e9couvrir plus de photos du Vietnam, <span style=\"text-decoration: underline;\"><a href=\"https:\/\/www.flickr.com\/photos\/globalong\/albums\/72157639806172666\/with\/21918378143\/\" target=\"_blank\" rel=\"noopener\">cliquez ici<\/a> <\/span>!<\/p>\n<p style=\"text-align: center;\">Pour d\u00e9couvrir les programmes de b\u00e9n\u00e9volat au Vietnam <span style=\"text-decoration: underline;\"><a href=\"https:\/\/www.globalong.com\/sejour-benevolat\/benevolat-vietnam-humanitaire.html\" target=\"_blank\" rel=\"noopener\">cliquez ici<\/a><\/span> !<\/p>\n<p style=\"text-align: center;\">N\u2019h\u00e9sitez pas \u00e0 nous contacter pour plus d\u2019informations \u00e0 <span style=\"text-decoration: underline;\"><a href=\"mailto:info@globalong.com\">info@globalong.com<\/a><\/span><\/p>\n","protected":false},"excerpt":{"rendered":"<p>T\u00e9moignage de Sandrine, b\u00e9n\u00e9vole avec Globalong au Vietnam Je suis all\u00e9e au Vietnam 15 jours comme volontaire et 15 jours \u00e0 parcourir le pays. Durant ma p\u00e9riode de volontariat, j&rsquo;ai eu le temps de visiter Hano\u00ef et je suis partie 3 jours \u00e0 Ninh Binh. Par la suite j&rsquo;ai visit\u00e9 le nord ainsi que le [&hellip;]<\/p>\n","protected":false},"author":3,"featured_media":3376,"parent":883,"menu_order":0,"comment_status":"closed","ping_status":"closed","template":"","meta":{"footnotes":""},"yoast_head":"<!-- This site is optimized with the Yoast SEO Premium plugin v23.4 (Yoast SEO v23.4) - https:\/\/yoast.com\/wordpress\/plugins\/seo\/ -->\n<title>Vietnam - Sandrine - Association Globalong<\/title>\n<meta name=\"robots\" content=\"index, follow, max-snippet:-1, max-image-preview:large, max-video-preview:-1\" \/>\n<link rel=\"canonical\" href=\"https:\/\/www.globalong.com\/blog\/avis-temoignages-globalong\/vietnam-missions-de-benevolat-en-asie-avec-globalong-humanitaire-humanitariat-voyage-visite-volontaire-volontariat-explorer-enseigner-enseignement\/\" \/>\n<meta property=\"og:locale\" content=\"fr_FR\" \/>\n<meta property=\"og:type\" content=\"article\" \/>\n<meta property=\"og:title\" content=\"Vietnam - Sandrine\" \/>\n<meta property=\"og:description\" content=\"T\u00e9moignage de Sandrine, b\u00e9n\u00e9vole avec Globalong au Vietnam Je suis all\u00e9e au Vietnam 15 jours comme volontaire et 15 jours \u00e0 parcourir le pays. Durant ma p\u00e9riode de volontariat, j&rsquo;ai eu le temps de visiter Hano\u00ef et je suis partie 3 jours \u00e0 Ninh Binh. Par la suite j&rsquo;ai visit\u00e9 le nord ainsi que le [&hellip;]\" \/>\n<meta property=\"og:url\" content=\"https:\/\/www.globalong.com\/blog\/avis-temoignages-globalong\/vietnam-missions-de-benevolat-en-asie-avec-globalong-humanitaire-humanitariat-voyage-visite-volontaire-volontariat-explorer-enseigner-enseignement\/\" \/>\n<meta property=\"og:site_name\" content=\"Association Globalong\" \/>\n<meta property=\"article:publisher\" content=\"https:\/\/www.facebook.com\/globalong\" \/>\n<meta property=\"article:modified_time\" content=\"2022-05-08T14:25:32+00:00\" \/>\n<meta property=\"og:image\" content=\"https:\/\/www.globalong.com\/blog\/wp-content\/uploads\/2016\/03\/22_viet.jpg\" \/>\n\t<meta property=\"og:image:width\" content=\"190\" \/>\n\t<meta property=\"og:image:height\" content=\"190\" \/>\n\t<meta property=\"og:image:type\" content=\"image\/jpeg\" \/>\n<meta name=\"twitter:card\" content=\"summary_large_image\" \/>\n<meta name=\"twitter:label1\" content=\"Dur\u00e9e de lecture estim\u00e9e\" \/>\n\t<meta name=\"twitter:data1\" content=\"2 minutes\" \/>\n<script type=\"application\/ld+json\" class=\"yoast-schema-graph\">{\"@context\":\"https:\/\/schema.org\",\"@graph\":[{\"@type\":\"WebPage\",\"@id\":\"https:\/\/www.globalong.com\/blog\/avis-temoignages-globalong\/vietnam-missions-de-benevolat-en-asie-avec-globalong-humanitaire-humanitariat-voyage-visite-volontaire-volontariat-explorer-enseigner-enseignement\/\",\"url\":\"https:\/\/www.globalong.com\/blog\/avis-temoignages-globalong\/vietnam-missions-de-benevolat-en-asie-avec-globalong-humanitaire-humanitariat-voyage-visite-volontaire-volontariat-explorer-enseigner-enseignement\/\",\"name\":\"Vietnam - Sandrine - Association Globalong\",\"isPartOf\":{\"@id\":\"https:\/\/www.globalong.com\/blog\/#website\"},\"primaryImageOfPage\":{\"@id\":\"https:\/\/www.globalong.com\/blog\/avis-temoignages-globalong\/vietnam-missions-de-benevolat-en-asie-avec-globalong-humanitaire-humanitariat-voyage-visite-volontaire-volontariat-explorer-enseigner-enseignement\/#primaryimage\"},\"image\":{\"@id\":\"https:\/\/www.globalong.com\/blog\/avis-temoignages-globalong\/vietnam-missions-de-benevolat-en-asie-avec-globalong-humanitaire-humanitariat-voyage-visite-volontaire-volontariat-explorer-enseigner-enseignement\/#primaryimage\"},\"thumbnailUrl\":\"https:\/\/www.globalong.com\/blog\/wp-content\/uploads\/2016\/03\/22_viet.jpg\",\"datePublished\":\"2016-03-31T08:15:55+00:00\",\"dateModified\":\"2022-05-08T14:25:32+00:00\",\"breadcrumb\":{\"@id\":\"https:\/\/www.globalong.com\/blog\/avis-temoignages-globalong\/vietnam-missions-de-benevolat-en-asie-avec-globalong-humanitaire-humanitariat-voyage-visite-volontaire-volontariat-explorer-enseigner-enseignement\/#breadcrumb\"},\"inLanguage\":\"fr-FR\",\"potentialAction\":[{\"@type\":\"ReadAction\",\"target\":[\"https:\/\/www.globalong.com\/blog\/avis-temoignages-globalong\/vietnam-missions-de-benevolat-en-asie-avec-globalong-humanitaire-humanitariat-voyage-visite-volontaire-volontariat-explorer-enseigner-enseignement\/\"]}]},{\"@type\":\"ImageObject\",\"inLanguage\":\"fr-FR\",\"@id\":\"https:\/\/www.globalong.com\/blog\/avis-temoignages-globalong\/vietnam-missions-de-benevolat-en-asie-avec-globalong-humanitaire-humanitariat-voyage-visite-volontaire-volontariat-explorer-enseigner-enseignement\/#primaryimage\",\"url\":\"https:\/\/www.globalong.com\/blog\/wp-content\/uploads\/2016\/03\/22_viet.jpg\",\"contentUrl\":\"https:\/\/www.globalong.com\/blog\/wp-content\/uploads\/2016\/03\/22_viet.jpg\",\"width\":190,\"height\":190,\"caption\":\"Mission de b\u00e9n\u00e9volat \u00e0 Hano\u00ef au Vietnam avec Globalong\"},{\"@type\":\"BreadcrumbList\",\"@id\":\"https:\/\/www.globalong.com\/blog\/avis-temoignages-globalong\/vietnam-missions-de-benevolat-en-asie-avec-globalong-humanitaire-humanitariat-voyage-visite-volontaire-volontariat-explorer-enseigner-enseignement\/#breadcrumb\",\"itemListElement\":[{\"@type\":\"ListItem\",\"position\":1,\"name\":\"Accueil\",\"item\":\"https:\/\/www.globalong.com\/blog\/\"},{\"@type\":\"ListItem\",\"position\":2,\"name\":\"T\u00e9moignages et avis de volontaires Globalong\",\"item\":\"https:\/\/www.globalong.com\/blog\/avis-temoignages-globalong\/\"},{\"@type\":\"ListItem\",\"position\":3,\"name\":\"Vietnam &#8211; Sandrine\"}]},{\"@type\":\"WebSite\",\"@id\":\"https:\/\/www.globalong.com\/blog\/#website\",\"url\":\"https:\/\/www.globalong.com\/blog\/\",\"name\":\"https:\/\/www.globalong.com\/\",\"description\":\"Mission humanitaire, stage \u00e9tudiant et voyage linguistique\",\"publisher\":{\"@id\":\"https:\/\/www.globalong.com\/blog\/#organization\"},\"potentialAction\":[{\"@type\":\"SearchAction\",\"target\":{\"@type\":\"EntryPoint\",\"urlTemplate\":\"https:\/\/www.globalong.com\/blog\/?s={search_term_string}\"},\"query-input\":{\"@type\":\"PropertyValueSpecification\",\"valueRequired\":true,\"valueName\":\"search_term_string\"}}],\"inLanguage\":\"fr-FR\"},{\"@type\":\"Organization\",\"@id\":\"https:\/\/www.globalong.com\/blog\/#organization\",\"name\":\"Association Globalong\",\"url\":\"https:\/\/www.globalong.com\/blog\/\",\"logo\":{\"@type\":\"ImageObject\",\"inLanguage\":\"fr-FR\",\"@id\":\"https:\/\/www.globalong.com\/blog\/#\/schema\/logo\/image\/\",\"url\":\"https:\/\/www.globalong.com\/blog\/wp-content\/uploads\/2014\/11\/cropped-cropped-Logo-et-Afrique-Globalong-petite-taille-2.jpg\",\"contentUrl\":\"https:\/\/www.globalong.com\/blog\/wp-content\/uploads\/2014\/11\/cropped-cropped-Logo-et-Afrique-Globalong-petite-taille-2.jpg\",\"width\":512,\"height\":512,\"caption\":\"Association Globalong\"},\"image\":{\"@id\":\"https:\/\/www.globalong.com\/blog\/#\/schema\/logo\/image\/\"},\"sameAs\":[\"https:\/\/www.facebook.com\/globalong\"]}]}<\/script>\n<!-- \/ Yoast SEO Premium plugin. -->","yoast_head_json":{"title":"Vietnam - Sandrine - Association Globalong","robots":{"index":"index","follow":"follow","max-snippet":"max-snippet:-1","max-image-preview":"max-image-preview:large","max-video-preview":"max-video-preview:-1"},"canonical":"https:\/\/www.globalong.com\/blog\/avis-temoignages-globalong\/vietnam-missions-de-benevolat-en-asie-avec-globalong-humanitaire-humanitariat-voyage-visite-volontaire-volontariat-explorer-enseigner-enseignement\/","og_locale":"fr_FR","og_type":"article","og_title":"Vietnam - Sandrine","og_description":"T\u00e9moignage de Sandrine, b\u00e9n\u00e9vole avec Globalong au Vietnam Je suis all\u00e9e au Vietnam 15 jours comme volontaire et 15 jours \u00e0 parcourir le pays. Durant ma p\u00e9riode de volontariat, j&rsquo;ai eu le temps de visiter Hano\u00ef et je suis partie 3 jours \u00e0 Ninh Binh. Par la suite j&rsquo;ai visit\u00e9 le nord ainsi que le [&hellip;]","og_url":"https:\/\/www.globalong.com\/blog\/avis-temoignages-globalong\/vietnam-missions-de-benevolat-en-asie-avec-globalong-humanitaire-humanitariat-voyage-visite-volontaire-volontariat-explorer-enseigner-enseignement\/","og_site_name":"Association Globalong","article_publisher":"https:\/\/www.facebook.com\/globalong","article_modified_time":"2022-05-08T14:25:32+00:00","og_image":[{"width":190,"height":190,"url":"https:\/\/www.globalong.com\/blog\/wp-content\/uploads\/2016\/03\/22_viet.jpg","type":"image\/jpeg"}],"twitter_card":"summary_large_image","twitter_misc":{"Dur\u00e9e de lecture estim\u00e9e":"2 minutes"},"schema":{"@context":"https:\/\/schema.org","@graph":[{"@type":"WebPage","@id":"https:\/\/www.globalong.com\/blog\/avis-temoignages-globalong\/vietnam-missions-de-benevolat-en-asie-avec-globalong-humanitaire-humanitariat-voyage-visite-volontaire-volontariat-explorer-enseigner-enseignement\/","url":"https:\/\/www.globalong.com\/blog\/avis-temoignages-globalong\/vietnam-missions-de-benevolat-en-asie-avec-globalong-humanitaire-humanitariat-voyage-visite-volontaire-volontariat-explorer-enseigner-enseignement\/","name":"Vietnam - Sandrine - Association Globalong","isPartOf":{"@id":"https:\/\/www.globalong.com\/blog\/#website"},"primaryImageOfPage":{"@id":"https:\/\/www.globalong.com\/blog\/avis-temoignages-globalong\/vietnam-missions-de-benevolat-en-asie-avec-globalong-humanitaire-humanitariat-voyage-visite-volontaire-volontariat-explorer-enseigner-enseignement\/#primaryimage"},"image":{"@id":"https:\/\/www.globalong.com\/blog\/avis-temoignages-globalong\/vietnam-missions-de-benevolat-en-asie-avec-globalong-humanitaire-humanitariat-voyage-visite-volontaire-volontariat-explorer-enseigner-enseignement\/#primaryimage"},"thumbnailUrl":"https:\/\/www.globalong.com\/blog\/wp-content\/uploads\/2016\/03\/22_viet.jpg","datePublished":"2016-03-31T08:15:55+00:00","dateModified":"2022-05-08T14:25:32+00:00","breadcrumb":{"@id":"https:\/\/www.globalong.com\/blog\/avis-temoignages-globalong\/vietnam-missions-de-benevolat-en-asie-avec-globalong-humanitaire-humanitariat-voyage-visite-volontaire-volontariat-explorer-enseigner-enseignement\/#breadcrumb"},"inLanguage":"fr-FR","potentialAction":[{"@type":"ReadAction","target":["https:\/\/www.globalong.com\/blog\/avis-temoignages-globalong\/vietnam-missions-de-benevolat-en-asie-avec-globalong-humanitaire-humanitariat-voyage-visite-volontaire-volontariat-explorer-enseigner-enseignement\/"]}]},{"@type":"ImageObject","inLanguage":"fr-FR","@id":"https:\/\/www.globalong.com\/blog\/avis-temoignages-globalong\/vietnam-missions-de-benevolat-en-asie-avec-globalong-humanitaire-humanitariat-voyage-visite-volontaire-volontariat-explorer-enseigner-enseignement\/#primaryimage","url":"https:\/\/www.globalong.com\/blog\/wp-content\/uploads\/2016\/03\/22_viet.jpg","contentUrl":"https:\/\/www.globalong.com\/blog\/wp-content\/uploads\/2016\/03\/22_viet.jpg","width":190,"height":190,"caption":"Mission de b\u00e9n\u00e9volat \u00e0 Hano\u00ef au Vietnam avec Globalong"},{"@type":"BreadcrumbList","@id":"https:\/\/www.globalong.com\/blog\/avis-temoignages-globalong\/vietnam-missions-de-benevolat-en-asie-avec-globalong-humanitaire-humanitariat-voyage-visite-volontaire-volontariat-explorer-enseigner-enseignement\/#breadcrumb","itemListElement":[{"@type":"ListItem","position":1,"name":"Accueil","item":"https:\/\/www.globalong.com\/blog\/"},{"@type":"ListItem","position":2,"name":"T\u00e9moignages et avis de volontaires Globalong","item":"https:\/\/www.globalong.com\/blog\/avis-temoignages-globalong\/"},{"@type":"ListItem","position":3,"name":"Vietnam &#8211; Sandrine"}]},{"@type":"WebSite","@id":"https:\/\/www.globalong.com\/blog\/#website","url":"https:\/\/www.globalong.com\/blog\/","name":"https:\/\/www.globalong.com\/","description":"Mission humanitaire, stage \u00e9tudiant et voyage linguistique","publisher":{"@id":"https:\/\/www.globalong.com\/blog\/#organization"},"potentialAction":[{"@type":"SearchAction","target":{"@type":"EntryPoint","urlTemplate":"https:\/\/www.globalong.com\/blog\/?s={search_term_string}"},"query-input":{"@type":"PropertyValueSpecification","valueRequired":true,"valueName":"search_term_string"}}],"inLanguage":"fr-FR"},{"@type":"Organization","@id":"https:\/\/www.globalong.com\/blog\/#organization","name":"Association Globalong","url":"https:\/\/www.globalong.com\/blog\/","logo":{"@type":"ImageObject","inLanguage":"fr-FR","@id":"https:\/\/www.globalong.com\/blog\/#\/schema\/logo\/image\/","url":"https:\/\/www.globalong.com\/blog\/wp-content\/uploads\/2014\/11\/cropped-cropped-Logo-et-Afrique-Globalong-petite-taille-2.jpg","contentUrl":"https:\/\/www.globalong.com\/blog\/wp-content\/uploads\/2014\/11\/cropped-cropped-Logo-et-Afrique-Globalong-petite-taille-2.jpg","width":512,"height":512,"caption":"Association Globalong"},"image":{"@id":"https:\/\/www.globalong.com\/blog\/#\/schema\/logo\/image\/"},"sameAs":["https:\/\/www.facebook.com\/globalong"]}]}},"_links":{"self":[{"href":"https:\/\/www.globalong.com\/blog\/wp-json\/wp\/v2\/pages\/3415"}],"collection":[{"href":"https:\/\/www.globalong.com\/blog\/wp-json\/wp\/v2\/pages"}],"about":[{"href":"https:\/\/www.globalong.com\/blog\/wp-json\/wp\/v2\/types\/page"}],"author":[{"embeddable":true,"href":"https:\/\/www.globalong.com\/blog\/wp-json\/wp\/v2\/users\/3"}],"replies":[{"embeddable":true,"href":"https:\/\/www.globalong.com\/blog\/wp-json\/wp\/v2\/comments?post=3415"}],"version-history":[{"count":9,"href":"https:\/\/www.globalong.com\/blog\/wp-json\/wp\/v2\/pages\/3415\/revisions"}],"predecessor-version":[{"id":14630,"href":"https:\/\/www.globalong.com\/blog\/wp-json\/wp\/v2\/pages\/3415\/revisions\/14630"}],"up":[{"embeddable":true,"href":"https:\/\/www.globalong.com\/blog\/wp-json\/wp\/v2\/pages\/883"}],"wp:featuredmedia":[{"embeddable":true,"href":"https:\/\/www.globalong.com\/blog\/wp-json\/wp\/v2\/media\/3376"}],"wp:attachment":[{"href":"https:\/\/www.globalong.com\/blog\/wp-json\/wp\/v2\/media?parent=3415"}],"curies":[{"name":"wp","href":"https:\/\/api.w.org\/{rel}","templated":true}]}}