{"id":3532,"date":"2016-04-04T12:14:34","date_gmt":"2016-04-04T10:14:34","guid":{"rendered":"https:\/\/www.globalong.com\/blog\/?page_id=3532"},"modified":"2022-04-28T19:24:14","modified_gmt":"2022-04-28T17:24:14","slug":"cambodge-temoignage-mission-humanitaire-humanitariat-en-asie-globalong-volontaire-stage-experience-decouvrir","status":"publish","type":"page","link":"https:\/\/www.globalong.com\/blog\/avis-temoignages-globalong\/cambodge-temoignage-mission-humanitaire-humanitariat-en-asie-globalong-volontaire-stage-experience-decouvrir\/","title":{"rendered":"Cambodge &#8211; Sophie"},"content":{"rendered":"<h4 style=\"text-align: center;\"><span style=\"color: #b81657;\">T\u00e9moignage de Sophie, b\u00e9n\u00e9vole avec Globalong au\u00a0Cambodge.<\/span><\/h4>\n<p style=\"text-align: justify;\"><a href=\"https:\/\/www.globalong.com\/blog\/wp-content\/uploads\/2016\/04\/14_cambodja.jpg\" rel=\"attachment wp-att-3534\"><img loading=\"lazy\" decoding=\"async\" class=\"wp-image-3534 aligncenter\" src=\"https:\/\/www.globalong.com\/blog\/wp-content\/uploads\/2016\/04\/14_cambodja.jpg\" alt=\"Moines au Cambodge en missiond e b\u00e9nvolat avec Globalong\" width=\"250\" height=\"250\" srcset=\"https:\/\/www.globalong.com\/blog\/wp-content\/uploads\/2016\/04\/14_cambodja.jpg 190w, https:\/\/www.globalong.com\/blog\/wp-content\/uploads\/2016\/04\/14_cambodja-150x150.jpg 150w\" sizes=\"(max-width: 250px) 100vw, 250px\" \/><\/a>Je suis all\u00e9e au Cambodge pendant 3 semaines. J\u2019ai r\u00e9alis\u00e9 un stage en h\u00f4pital.<\/p>\n<p style=\"text-align: justify;\">Pendant mon s\u00e9jour, je suis all\u00e9e voir Angkor le 1er WE et \u00e0 Mondulkiri (\u00e9l\u00e9phants) le 2e WE.<\/p>\n<p style=\"text-align: justify;\">A la r\u00e9sidence nous venions de partout : Danemark, Suisse, France, Australie, Angleterre, Am\u00e9rique, Belgique, Russe, Chine\u2026<\/p>\n<p style=\"text-align: justify;\">Je voulais partir parce que j&rsquo;ai toujours eu envie de r\u00e9aliser un projet humanitaire. D&rsquo;abord pour savoir si j&rsquo;en \u00e9tais capable. Je fais des \u00e9tudes dans le m\u00e9dical (soins infirmier) et mon projet serait de r\u00e9aliser un Master en Sant\u00e9 Publique.<\/p>\n<p><a style=\"text-align: justify;\" href=\"https:\/\/www.globalong.com\/blog\/wp-content\/uploads\/2016\/04\/11_cambodja.jpg\" rel=\"attachment wp-att-3535\"><img loading=\"lazy\" decoding=\"async\" class=\"wp-image-3535 aligncenter\" src=\"https:\/\/www.globalong.com\/blog\/wp-content\/uploads\/2016\/04\/11_cambodja.jpg\" alt=\"Mission de b\u00e9n\u00e9volat au Cambodge avec Globalong\" width=\"250\" height=\"250\" srcset=\"https:\/\/www.globalong.com\/blog\/wp-content\/uploads\/2016\/04\/11_cambodja.jpg 190w, https:\/\/www.globalong.com\/blog\/wp-content\/uploads\/2016\/04\/11_cambodja-150x150.jpg 150w\" sizes=\"(max-width: 250px) 100vw, 250px\" \/><\/a><\/p>\n<p style=\"text-align: justify;\">Du coup, j&rsquo;ai envie de savoir comment les soins sont organis\u00e9s ailleurs pour peut-\u00eatre un jour, travailler en collaboration avec une association pour venir en aide \u00e0 ces pays d\u00e9favoris\u00e9s.<\/p>\n<p style=\"text-align: justify;\">La p\u00e9riode d\u2019introduction \u00e9tait tr\u00e8s int\u00e9ressante d&rsquo;en savoir plus sur le pays (coutumes, langues, religion\u2026).<\/p>\n<p style=\"text-align: justify;\">La p\u00e9riode de b\u00e9n\u00e9volat a \u00e9t\u00e9 dur au d\u00e9but, les diff\u00e9rences sont \u00e9normes et le premier jour a \u00e9t\u00e9 un r\u00e9el choc!<\/p>\n<p style=\"text-align: justify;\">Par la suite, j&rsquo;ai pris de la distance par rapport \u00e0 mes remarques et ai essay\u00e9 de m&rsquo;adapter. Je n&rsquo;ai pas r\u00e9alis\u00e9 de soins, mais nous avons contribu\u00e9 \u00e0 l&rsquo;apprentissage puisque nous avons pu donner des cours etc.<\/p>\n<p style=\"text-align: justify;\"><a href=\"https:\/\/www.globalong.com\/blog\/wp-content\/uploads\/2016\/04\/24_cambodja.jpg\" rel=\"attachment wp-att-3537\"><img loading=\"lazy\" decoding=\"async\" class=\"wp-image-3537 aligncenter\" src=\"https:\/\/www.globalong.com\/blog\/wp-content\/uploads\/2016\/04\/24_cambodja.jpg\" alt=\"Mission humanitaire au Cambodge Asie avec Globalong\" width=\"250\" height=\"250\" srcset=\"https:\/\/www.globalong.com\/blog\/wp-content\/uploads\/2016\/04\/24_cambodja.jpg 190w, https:\/\/www.globalong.com\/blog\/wp-content\/uploads\/2016\/04\/24_cambodja-150x150.jpg 150w\" sizes=\"(max-width: 250px) 100vw, 250px\" \/><\/a>Cette exp\u00e9rience m\u2019aidera \u00e0 me d\u00e9cider sur un choix futur (\u00e9tudes). Et sans doute, me fera repartir ailleurs l&rsquo;ann\u00e9e prochaine!<\/p>\n<p style=\"text-align: justify;\">Le service que nous avions choisi n&rsquo;a pas \u00e9t\u00e9 respect\u00e9. Nous avions coch\u00e9 (chirurgie, m\u00e9decine) les services recommand\u00e9s.<\/p>\n<p style=\"text-align: justify;\">Malheureusement, nous nous sommes retrouv\u00e9es en soins intensifs et je pense que le choc a \u00e9t\u00e9 plus rude. Je me sens assez \u00e0 l&rsquo;aise avec la chirurgie alors que mon stage aux soins intensifs doit se d\u00e9rouler l&rsquo;ann\u00e9e prochaine.<\/p>\n<p style=\"text-align: justify;\">Du coup, je n&rsquo;avais pas vraiment de connaissances ad\u00e9quates. J&rsquo;aurais pr\u00e9f\u00e9r\u00e9 aller en chirurgie.<\/p>\n<p style=\"text-align: justify;\"><a href=\"https:\/\/www.globalong.com\/blog\/wp-content\/uploads\/2016\/04\/b\u00e9n\u00e9voles-au-cambodge-photosouvenir-globalong.jpg\" rel=\"attachment wp-att-3539\"><img loading=\"lazy\" decoding=\"async\" class=\"wp-image-3539 aligncenter\" src=\"https:\/\/www.globalong.com\/blog\/wp-content\/uploads\/2016\/04\/b\u00e9n\u00e9voles-au-cambodge-photosouvenir-globalong-300x200.jpg\" alt=\"b\u00e9n\u00e9voles au cambodge photosouvenir globalong\" width=\"250\" height=\"167\" srcset=\"https:\/\/www.globalong.com\/blog\/wp-content\/uploads\/2016\/04\/b\u00e9n\u00e9voles-au-cambodge-photosouvenir-globalong-300x200.jpg 300w, https:\/\/www.globalong.com\/blog\/wp-content\/uploads\/2016\/04\/b\u00e9n\u00e9voles-au-cambodge-photosouvenir-globalong-768x512.jpg 768w, https:\/\/www.globalong.com\/blog\/wp-content\/uploads\/2016\/04\/b\u00e9n\u00e9voles-au-cambodge-photosouvenir-globalong-1024x683.jpg 1024w, https:\/\/www.globalong.com\/blog\/wp-content\/uploads\/2016\/04\/b\u00e9n\u00e9voles-au-cambodge-photosouvenir-globalong-150x100.jpg 150w, https:\/\/www.globalong.com\/blog\/wp-content\/uploads\/2016\/04\/b\u00e9n\u00e9voles-au-cambodge-photosouvenir-globalong.jpg 1980w\" sizes=\"(max-width: 250px) 100vw, 250px\" \/><\/a>Je traverse pour le moment une petite p\u00e9riode de nostalgie. J&rsquo;ai toujours aim\u00e9 \u00eatre sur le terrain, bouger, voyager. Et l\u00e0, je me retrouve assise derri\u00e8re un bureau pour les cours. Pas \u00e9vident!<\/p>\n<p style=\"text-align: justify;\">Je conseille aux participants d&rsquo;y aller sans id\u00e9es derri\u00e8re la t\u00eate.<\/p>\n<p style=\"text-align: justify;\">Je pense qu&rsquo;il ne faut pas attendre trop d&rsquo;un voyage comme celui-l\u00e0, il faut s&rsquo;y pr\u00e9parer mais sans tomber dans les pr\u00e9jug\u00e9s.<a href=\"https:\/\/www.globalong.com\/blog\/wp-content\/uploads\/2016\/04\/25_cambodja.jpg\" rel=\"attachment wp-att-3541\"><img loading=\"lazy\" decoding=\"async\" class=\"wp-image-3541 aligncenter\" src=\"https:\/\/www.globalong.com\/blog\/wp-content\/uploads\/2016\/04\/25_cambodja.jpg\" alt=\"Mission humanitaire au Cambodge avec Globalong\" width=\"250\" height=\"250\" srcset=\"https:\/\/www.globalong.com\/blog\/wp-content\/uploads\/2016\/04\/25_cambodja.jpg 190w, https:\/\/www.globalong.com\/blog\/wp-content\/uploads\/2016\/04\/25_cambodja-150x150.jpg 150w\" sizes=\"(max-width: 250px) 100vw, 250px\" \/><\/a><\/p>\n<p style=\"text-align: justify;\">Allez-y l&rsquo;esprit libre et vous y trouverez sans doute ce que vous cherchez! \ud83d\ude42<br \/>\nJe conseillerais Globalong \u00e0 un ami et \u00e0 tous ceux qui souhaitent partir d\u2019ailleurs !<\/p>\n<p style=\"text-align: justify;\">Sophie.<\/p>\n<p style=\"text-align: center;\">Pour d\u00e9couvrir plus de photos du Cambodge, <span style=\"text-decoration: underline;\"><a href=\"https:\/\/www.flickr.com\/photos\/globalong\/albums\/72157639827967953\">cliquez ici<\/a><\/span> !<\/p>\n<p style=\"text-align: center;\">Pour d\u00e9couvrir les programmes au Cambodge, <span style=\"text-decoration: underline;\"><a href=\"https:\/\/www.globalong.com\/sejour-benevolat\/benevolat-cambodge-enfants.html\" target=\"_blank\" rel=\"noopener\">cliquez ici<\/a><\/span>\u00a0!<\/p>\n<p style=\"text-align: center;\">N&rsquo;h\u00e9sitez pas \u00e0 nous contacter pour plus d&rsquo;informations \u00e0 <span style=\"text-decoration: underline; color: #b81657;\"><a style=\"color: #b81657; text-decoration: underline;\" href=\"mailto:info@globalong.com\">info@globalong.com<\/a><\/span><\/p>\n","protected":false},"excerpt":{"rendered":"<p>T\u00e9moignage de Sophie, b\u00e9n\u00e9vole avec Globalong au\u00a0Cambodge. Je suis all\u00e9e au Cambodge pendant 3 semaines. J\u2019ai r\u00e9alis\u00e9 un stage en h\u00f4pital. Pendant mon s\u00e9jour, je suis all\u00e9e voir Angkor le 1er WE et \u00e0 Mondulkiri (\u00e9l\u00e9phants) le 2e WE. A la r\u00e9sidence nous venions de partout : Danemark, Suisse, France, Australie, Angleterre, Am\u00e9rique, Belgique, Russe, [&hellip;]<\/p>\n","protected":false},"author":3,"featured_media":3430,"parent":883,"menu_order":0,"comment_status":"open","ping_status":"closed","template":"","meta":{"footnotes":""},"yoast_head":"<!-- This site is optimized with the Yoast SEO Premium plugin v23.4 (Yoast SEO v23.4) - https:\/\/yoast.com\/wordpress\/plugins\/seo\/ -->\n<title>Cambodge - Sophie - Association Globalong<\/title>\n<meta name=\"robots\" content=\"index, follow, max-snippet:-1, max-image-preview:large, max-video-preview:-1\" \/>\n<link rel=\"canonical\" href=\"https:\/\/www.globalong.com\/blog\/avis-temoignages-globalong\/cambodge-temoignage-mission-humanitaire-humanitariat-en-asie-globalong-volontaire-stage-experience-decouvrir\/\" \/>\n<meta property=\"og:locale\" content=\"fr_FR\" \/>\n<meta property=\"og:type\" content=\"article\" \/>\n<meta property=\"og:title\" content=\"Cambodge - Sophie\" \/>\n<meta property=\"og:description\" content=\"T\u00e9moignage de Sophie, b\u00e9n\u00e9vole avec Globalong au\u00a0Cambodge. Je suis all\u00e9e au Cambodge pendant 3 semaines. J\u2019ai r\u00e9alis\u00e9 un stage en h\u00f4pital. Pendant mon s\u00e9jour, je suis all\u00e9e voir Angkor le 1er WE et \u00e0 Mondulkiri (\u00e9l\u00e9phants) le 2e WE. A la r\u00e9sidence nous venions de partout : Danemark, Suisse, France, Australie, Angleterre, Am\u00e9rique, Belgique, Russe, [&hellip;]\" \/>\n<meta property=\"og:url\" content=\"https:\/\/www.globalong.com\/blog\/avis-temoignages-globalong\/cambodge-temoignage-mission-humanitaire-humanitariat-en-asie-globalong-volontaire-stage-experience-decouvrir\/\" \/>\n<meta property=\"og:site_name\" content=\"Association Globalong\" \/>\n<meta property=\"article:publisher\" content=\"https:\/\/www.facebook.com\/globalong\" \/>\n<meta property=\"article:modified_time\" content=\"2022-04-28T17:24:14+00:00\" \/>\n<meta property=\"og:image\" content=\"https:\/\/www.globalong.com\/blog\/wp-content\/uploads\/2016\/03\/10_viet-1.jpg\" \/>\n\t<meta property=\"og:image:width\" content=\"190\" \/>\n\t<meta property=\"og:image:height\" content=\"190\" \/>\n\t<meta property=\"og:image:type\" content=\"image\/jpeg\" \/>\n<meta name=\"twitter:card\" content=\"summary_large_image\" \/>\n<meta name=\"twitter:label1\" content=\"Dur\u00e9e de lecture estim\u00e9e\" \/>\n\t<meta name=\"twitter:data1\" content=\"2 minutes\" \/>\n<script type=\"application\/ld+json\" class=\"yoast-schema-graph\">{\"@context\":\"https:\/\/schema.org\",\"@graph\":[{\"@type\":\"WebPage\",\"@id\":\"https:\/\/www.globalong.com\/blog\/avis-temoignages-globalong\/cambodge-temoignage-mission-humanitaire-humanitariat-en-asie-globalong-volontaire-stage-experience-decouvrir\/\",\"url\":\"https:\/\/www.globalong.com\/blog\/avis-temoignages-globalong\/cambodge-temoignage-mission-humanitaire-humanitariat-en-asie-globalong-volontaire-stage-experience-decouvrir\/\",\"name\":\"Cambodge - Sophie - Association Globalong\",\"isPartOf\":{\"@id\":\"https:\/\/www.globalong.com\/blog\/#website\"},\"primaryImageOfPage\":{\"@id\":\"https:\/\/www.globalong.com\/blog\/avis-temoignages-globalong\/cambodge-temoignage-mission-humanitaire-humanitariat-en-asie-globalong-volontaire-stage-experience-decouvrir\/#primaryimage\"},\"image\":{\"@id\":\"https:\/\/www.globalong.com\/blog\/avis-temoignages-globalong\/cambodge-temoignage-mission-humanitaire-humanitariat-en-asie-globalong-volontaire-stage-experience-decouvrir\/#primaryimage\"},\"thumbnailUrl\":\"https:\/\/www.globalong.com\/blog\/wp-content\/uploads\/2016\/03\/10_viet-1.jpg\",\"datePublished\":\"2016-04-04T10:14:34+00:00\",\"dateModified\":\"2022-04-28T17:24:14+00:00\",\"breadcrumb\":{\"@id\":\"https:\/\/www.globalong.com\/blog\/avis-temoignages-globalong\/cambodge-temoignage-mission-humanitaire-humanitariat-en-asie-globalong-volontaire-stage-experience-decouvrir\/#breadcrumb\"},\"inLanguage\":\"fr-FR\",\"potentialAction\":[{\"@type\":\"ReadAction\",\"target\":[\"https:\/\/www.globalong.com\/blog\/avis-temoignages-globalong\/cambodge-temoignage-mission-humanitaire-humanitariat-en-asie-globalong-volontaire-stage-experience-decouvrir\/\"]}]},{\"@type\":\"ImageObject\",\"inLanguage\":\"fr-FR\",\"@id\":\"https:\/\/www.globalong.com\/blog\/avis-temoignages-globalong\/cambodge-temoignage-mission-humanitaire-humanitariat-en-asie-globalong-volontaire-stage-experience-decouvrir\/#primaryimage\",\"url\":\"https:\/\/www.globalong.com\/blog\/wp-content\/uploads\/2016\/03\/10_viet-1.jpg\",\"contentUrl\":\"https:\/\/www.globalong.com\/blog\/wp-content\/uploads\/2016\/03\/10_viet-1.jpg\",\"width\":190,\"height\":190,\"caption\":\"Mission de b\u00e9n\u00e9volat au Vietnam avec Globalong\"},{\"@type\":\"BreadcrumbList\",\"@id\":\"https:\/\/www.globalong.com\/blog\/avis-temoignages-globalong\/cambodge-temoignage-mission-humanitaire-humanitariat-en-asie-globalong-volontaire-stage-experience-decouvrir\/#breadcrumb\",\"itemListElement\":[{\"@type\":\"ListItem\",\"position\":1,\"name\":\"Accueil\",\"item\":\"https:\/\/www.globalong.com\/blog\/\"},{\"@type\":\"ListItem\",\"position\":2,\"name\":\"T\u00e9moignages et avis de volontaires Globalong\",\"item\":\"https:\/\/www.globalong.com\/blog\/avis-temoignages-globalong\/\"},{\"@type\":\"ListItem\",\"position\":3,\"name\":\"Cambodge &#8211; Sophie\"}]},{\"@type\":\"WebSite\",\"@id\":\"https:\/\/www.globalong.com\/blog\/#website\",\"url\":\"https:\/\/www.globalong.com\/blog\/\",\"name\":\"https:\/\/www.globalong.com\/\",\"description\":\"Mission humanitaire, stage \u00e9tudiant et voyage linguistique\",\"publisher\":{\"@id\":\"https:\/\/www.globalong.com\/blog\/#organization\"},\"potentialAction\":[{\"@type\":\"SearchAction\",\"target\":{\"@type\":\"EntryPoint\",\"urlTemplate\":\"https:\/\/www.globalong.com\/blog\/?s={search_term_string}\"},\"query-input\":{\"@type\":\"PropertyValueSpecification\",\"valueRequired\":true,\"valueName\":\"search_term_string\"}}],\"inLanguage\":\"fr-FR\"},{\"@type\":\"Organization\",\"@id\":\"https:\/\/www.globalong.com\/blog\/#organization\",\"name\":\"Association Globalong\",\"url\":\"https:\/\/www.globalong.com\/blog\/\",\"logo\":{\"@type\":\"ImageObject\",\"inLanguage\":\"fr-FR\",\"@id\":\"https:\/\/www.globalong.com\/blog\/#\/schema\/logo\/image\/\",\"url\":\"https:\/\/www.globalong.com\/blog\/wp-content\/uploads\/2014\/11\/cropped-cropped-Logo-et-Afrique-Globalong-petite-taille-2.jpg\",\"contentUrl\":\"https:\/\/www.globalong.com\/blog\/wp-content\/uploads\/2014\/11\/cropped-cropped-Logo-et-Afrique-Globalong-petite-taille-2.jpg\",\"width\":512,\"height\":512,\"caption\":\"Association Globalong\"},\"image\":{\"@id\":\"https:\/\/www.globalong.com\/blog\/#\/schema\/logo\/image\/\"},\"sameAs\":[\"https:\/\/www.facebook.com\/globalong\"]}]}<\/script>\n<!-- \/ Yoast SEO Premium plugin. -->","yoast_head_json":{"title":"Cambodge - Sophie - Association Globalong","robots":{"index":"index","follow":"follow","max-snippet":"max-snippet:-1","max-image-preview":"max-image-preview:large","max-video-preview":"max-video-preview:-1"},"canonical":"https:\/\/www.globalong.com\/blog\/avis-temoignages-globalong\/cambodge-temoignage-mission-humanitaire-humanitariat-en-asie-globalong-volontaire-stage-experience-decouvrir\/","og_locale":"fr_FR","og_type":"article","og_title":"Cambodge - Sophie","og_description":"T\u00e9moignage de Sophie, b\u00e9n\u00e9vole avec Globalong au\u00a0Cambodge. Je suis all\u00e9e au Cambodge pendant 3 semaines. J\u2019ai r\u00e9alis\u00e9 un stage en h\u00f4pital. Pendant mon s\u00e9jour, je suis all\u00e9e voir Angkor le 1er WE et \u00e0 Mondulkiri (\u00e9l\u00e9phants) le 2e WE. A la r\u00e9sidence nous venions de partout : Danemark, Suisse, France, Australie, Angleterre, Am\u00e9rique, Belgique, Russe, [&hellip;]","og_url":"https:\/\/www.globalong.com\/blog\/avis-temoignages-globalong\/cambodge-temoignage-mission-humanitaire-humanitariat-en-asie-globalong-volontaire-stage-experience-decouvrir\/","og_site_name":"Association Globalong","article_publisher":"https:\/\/www.facebook.com\/globalong","article_modified_time":"2022-04-28T17:24:14+00:00","og_image":[{"width":190,"height":190,"url":"https:\/\/www.globalong.com\/blog\/wp-content\/uploads\/2016\/03\/10_viet-1.jpg","type":"image\/jpeg"}],"twitter_card":"summary_large_image","twitter_misc":{"Dur\u00e9e de lecture estim\u00e9e":"2 minutes"},"schema":{"@context":"https:\/\/schema.org","@graph":[{"@type":"WebPage","@id":"https:\/\/www.globalong.com\/blog\/avis-temoignages-globalong\/cambodge-temoignage-mission-humanitaire-humanitariat-en-asie-globalong-volontaire-stage-experience-decouvrir\/","url":"https:\/\/www.globalong.com\/blog\/avis-temoignages-globalong\/cambodge-temoignage-mission-humanitaire-humanitariat-en-asie-globalong-volontaire-stage-experience-decouvrir\/","name":"Cambodge - Sophie - Association Globalong","isPartOf":{"@id":"https:\/\/www.globalong.com\/blog\/#website"},"primaryImageOfPage":{"@id":"https:\/\/www.globalong.com\/blog\/avis-temoignages-globalong\/cambodge-temoignage-mission-humanitaire-humanitariat-en-asie-globalong-volontaire-stage-experience-decouvrir\/#primaryimage"},"image":{"@id":"https:\/\/www.globalong.com\/blog\/avis-temoignages-globalong\/cambodge-temoignage-mission-humanitaire-humanitariat-en-asie-globalong-volontaire-stage-experience-decouvrir\/#primaryimage"},"thumbnailUrl":"https:\/\/www.globalong.com\/blog\/wp-content\/uploads\/2016\/03\/10_viet-1.jpg","datePublished":"2016-04-04T10:14:34+00:00","dateModified":"2022-04-28T17:24:14+00:00","breadcrumb":{"@id":"https:\/\/www.globalong.com\/blog\/avis-temoignages-globalong\/cambodge-temoignage-mission-humanitaire-humanitariat-en-asie-globalong-volontaire-stage-experience-decouvrir\/#breadcrumb"},"inLanguage":"fr-FR","potentialAction":[{"@type":"ReadAction","target":["https:\/\/www.globalong.com\/blog\/avis-temoignages-globalong\/cambodge-temoignage-mission-humanitaire-humanitariat-en-asie-globalong-volontaire-stage-experience-decouvrir\/"]}]},{"@type":"ImageObject","inLanguage":"fr-FR","@id":"https:\/\/www.globalong.com\/blog\/avis-temoignages-globalong\/cambodge-temoignage-mission-humanitaire-humanitariat-en-asie-globalong-volontaire-stage-experience-decouvrir\/#primaryimage","url":"https:\/\/www.globalong.com\/blog\/wp-content\/uploads\/2016\/03\/10_viet-1.jpg","contentUrl":"https:\/\/www.globalong.com\/blog\/wp-content\/uploads\/2016\/03\/10_viet-1.jpg","width":190,"height":190,"caption":"Mission de b\u00e9n\u00e9volat au Vietnam avec Globalong"},{"@type":"BreadcrumbList","@id":"https:\/\/www.globalong.com\/blog\/avis-temoignages-globalong\/cambodge-temoignage-mission-humanitaire-humanitariat-en-asie-globalong-volontaire-stage-experience-decouvrir\/#breadcrumb","itemListElement":[{"@type":"ListItem","position":1,"name":"Accueil","item":"https:\/\/www.globalong.com\/blog\/"},{"@type":"ListItem","position":2,"name":"T\u00e9moignages et avis de volontaires Globalong","item":"https:\/\/www.globalong.com\/blog\/avis-temoignages-globalong\/"},{"@type":"ListItem","position":3,"name":"Cambodge &#8211; Sophie"}]},{"@type":"WebSite","@id":"https:\/\/www.globalong.com\/blog\/#website","url":"https:\/\/www.globalong.com\/blog\/","name":"https:\/\/www.globalong.com\/","description":"Mission humanitaire, stage \u00e9tudiant et voyage linguistique","publisher":{"@id":"https:\/\/www.globalong.com\/blog\/#organization"},"potentialAction":[{"@type":"SearchAction","target":{"@type":"EntryPoint","urlTemplate":"https:\/\/www.globalong.com\/blog\/?s={search_term_string}"},"query-input":{"@type":"PropertyValueSpecification","valueRequired":true,"valueName":"search_term_string"}}],"inLanguage":"fr-FR"},{"@type":"Organization","@id":"https:\/\/www.globalong.com\/blog\/#organization","name":"Association Globalong","url":"https:\/\/www.globalong.com\/blog\/","logo":{"@type":"ImageObject","inLanguage":"fr-FR","@id":"https:\/\/www.globalong.com\/blog\/#\/schema\/logo\/image\/","url":"https:\/\/www.globalong.com\/blog\/wp-content\/uploads\/2014\/11\/cropped-cropped-Logo-et-Afrique-Globalong-petite-taille-2.jpg","contentUrl":"https:\/\/www.globalong.com\/blog\/wp-content\/uploads\/2014\/11\/cropped-cropped-Logo-et-Afrique-Globalong-petite-taille-2.jpg","width":512,"height":512,"caption":"Association Globalong"},"image":{"@id":"https:\/\/www.globalong.com\/blog\/#\/schema\/logo\/image\/"},"sameAs":["https:\/\/www.facebook.com\/globalong"]}]}},"_links":{"self":[{"href":"https:\/\/www.globalong.com\/blog\/wp-json\/wp\/v2\/pages\/3532"}],"collection":[{"href":"https:\/\/www.globalong.com\/blog\/wp-json\/wp\/v2\/pages"}],"about":[{"href":"https:\/\/www.globalong.com\/blog\/wp-json\/wp\/v2\/types\/page"}],"author":[{"embeddable":true,"href":"https:\/\/www.globalong.com\/blog\/wp-json\/wp\/v2\/users\/3"}],"replies":[{"embeddable":true,"href":"https:\/\/www.globalong.com\/blog\/wp-json\/wp\/v2\/comments?post=3532"}],"version-history":[{"count":6,"href":"https:\/\/www.globalong.com\/blog\/wp-json\/wp\/v2\/pages\/3532\/revisions"}],"predecessor-version":[{"id":14459,"href":"https:\/\/www.globalong.com\/blog\/wp-json\/wp\/v2\/pages\/3532\/revisions\/14459"}],"up":[{"embeddable":true,"href":"https:\/\/www.globalong.com\/blog\/wp-json\/wp\/v2\/pages\/883"}],"wp:featuredmedia":[{"embeddable":true,"href":"https:\/\/www.globalong.com\/blog\/wp-json\/wp\/v2\/media\/3430"}],"wp:attachment":[{"href":"https:\/\/www.globalong.com\/blog\/wp-json\/wp\/v2\/media?parent=3532"}],"curies":[{"name":"wp","href":"https:\/\/api.w.org\/{rel}","templated":true}]}}