{"id":3819,"date":"2016-05-02T17:47:49","date_gmt":"2016-05-02T15:47:49","guid":{"rendered":"https:\/\/www.globalong.com\/blog\/?page_id=3819"},"modified":"2022-04-28T18:45:15","modified_gmt":"2022-04-28T16:45:15","slug":"cambodge-asie-planete-voyage-humanitaire-projet-a-l-etranger-enfants-annee-sabbatique-globalong","status":"publish","type":"page","link":"https:\/\/www.globalong.com\/blog\/avis-temoignages-globalong\/cambodge-asie-planete-voyage-humanitaire-projet-a-l-etranger-enfants-annee-sabbatique-globalong\/","title":{"rendered":"Cambodge &#8211; Camille"},"content":{"rendered":"<h4 style=\"text-align: center;\"><span style=\"color: #b81657;\">T\u00e9moignage de Camile, b\u00e9n\u00e9vole avec Globalong au Cambodge<\/span><\/h4>\n<p style=\"text-align: justify;\"><a href=\"https:\/\/www.globalong.com\/blog\/wp-content\/uploads\/2016\/05\/IMG_1652.jpg\" rel=\"attachment wp-att-3820\"><img loading=\"lazy\" decoding=\"async\" class=\"wp-image-3820 aligncenter\" src=\"https:\/\/www.globalong.com\/blog\/wp-content\/uploads\/2016\/05\/IMG_1652-225x300.jpg\" alt=\"Globalong mission de b\u00e9n\u00e9volat orphelinat \" width=\"300\" height=\"400\" srcset=\"https:\/\/www.globalong.com\/blog\/wp-content\/uploads\/2016\/05\/IMG_1652-225x300.jpg 225w, https:\/\/www.globalong.com\/blog\/wp-content\/uploads\/2016\/05\/IMG_1652-113x150.jpg 113w, https:\/\/www.globalong.com\/blog\/wp-content\/uploads\/2016\/05\/IMG_1652.jpg 240w\" sizes=\"(max-width: 300px) 100vw, 300px\" \/><\/a>Je m\u2019appelle Camille et je suis partie au Cambodge \u00e0 Phnom Penh pendant 3 semaines.<\/p>\n<p style=\"text-align: justify;\">J&rsquo;ai visit\u00e9 Phnom Penh en un weekend, Takeo et Oudong en un weekend et pendant mes pauses, entre 10H30-14H et vers 17H, j&rsquo;ai visit\u00e9 le mus\u00e9e du g\u00e9nocide par exemple, ou les pagodes de la capitale.<\/p>\n<p style=\"text-align: justify;\">Je me suis faite des amis fran\u00e7ais. N&rsquo;\u00e9tant pas bilingue, je ne me suis pas rapproch\u00e9e des gens anglais ou am\u00e9ricains, seulement des fran\u00e7ais.<\/p>\n<p style=\"text-align: justify;\">Faisant de nombreux baby-sitting sur Paris et adorant cela, je voulais partir pour m&rsquo;occuper d&rsquo;enfants orphelins puisque c&rsquo;\u00e9tait l&rsquo;occasion de faire ce que j&rsquo;aime le plus (m&rsquo;occuper d&rsquo;enfants) \u00e0 l&rsquo;\u00e9tranger tout en aidant les autres et en voyageant.<\/p>\n<p style=\"text-align: justify;\">Ayant d\u00e9j\u00e0 \u00e9t\u00e9 au Cambodge pendant 1 semaine avant les 3 semaines d&rsquo;humanitaire, les guides m&rsquo;avaient appris beaucoup de mots donc j&rsquo;avais une certaine facilit\u00e9 \u00e0 parler le khmer, ce que les cambodgiens ont ador\u00e9 et beaucoup appr\u00e9ci\u00e9.<\/p>\n<p style=\"text-align: justify;\"><a href=\"https:\/\/www.globalong.com\/blog\/wp-content\/uploads\/2016\/05\/IMG_1779.jpg\" rel=\"attachment wp-att-3822\"><img loading=\"lazy\" decoding=\"async\" class=\"wp-image-3822 aligncenter\" src=\"https:\/\/www.globalong.com\/blog\/wp-content\/uploads\/2016\/05\/IMG_1779-225x300.jpg\" alt=\"Camile au Cambodge B\u00e9n\u00e9vole Globalong\" width=\"300\" height=\"400\" srcset=\"https:\/\/www.globalong.com\/blog\/wp-content\/uploads\/2016\/05\/IMG_1779-225x300.jpg 225w, https:\/\/www.globalong.com\/blog\/wp-content\/uploads\/2016\/05\/IMG_1779-113x150.jpg 113w, https:\/\/www.globalong.com\/blog\/wp-content\/uploads\/2016\/05\/IMG_1779.jpg 240w\" sizes=\"(max-width: 300px) 100vw, 300px\" \/><\/a>Tr\u00e8s utile soit dit en passant pour n\u00e9gocier les prix\u2026 L&rsquo;introduction \u00e0 la culture \u00e9tait tr\u00e8s int\u00e9ressante et riche.<\/p>\n<p style=\"text-align: justify;\">L\u2019orphelinat \u00e9tait tr\u00e8s bon, les enfants \u00e9taient tr\u00e8s heureux, tr\u00e8s en forme.<\/p>\n<p style=\"text-align: justify;\">Je n&rsquo;ai pas du tout vu le c\u00f4t\u00e9 p\u00e9nible et dur d&rsquo;une mission humanitaire comme on pourrait se l&rsquo;imaginer.<\/p>\n<p style=\"text-align: justify;\">Je faisais simplement du baby sitting, comme \u00e0 Paris mais au Cambodge !<\/p>\n<p style=\"text-align: justify;\">La barri\u00e8re de la langue avec les enfants a rendu les relations plus intenses et plus \u00e9mouvantes.<\/p>\n<p style=\"text-align: justify;\">A l\u2019avenir, gr\u00e2ce \u00e0 cette nouvelle exp\u00e9rience, je dirai \u00e0 mes enfants la chance qu&rsquo;ils ont d&rsquo;\u00eatre en France, en bonne sant\u00e9 et d&rsquo;avoir des parents.<\/p>\n<p style=\"text-align: justify;\">Pour mon retour aussi tout s&rsquo;est tr\u00e8s bien pass\u00e9, je suis habitu\u00e9 \u00e0 voyager et revenir \u00e0 la vie normale donc je n\u2019ai pas trop mal v\u00e9cu la s\u00e9paration avec les enfants et amis.<\/p>\n<p style=\"text-align: justify;\">Mon conseil ? Aimez le riz !<\/p>\n<p style=\"text-align: justify;\">Je conseillerais Globalong \u00e0 un ami sans probl\u00e8me !<\/p>\n<p style=\"text-align: justify;\">Camille.<\/p>\n<p style=\"text-align: center;\">Pour d\u00e9couvrir plus de photos du Cambodge, <span style=\"text-decoration: underline;\"><a href=\"https:\/\/www.flickr.com\/photos\/globalong\/albums\/72157639827967953\">cliquez ici<\/a> <\/span>!<\/p>\n<p style=\"text-align: center;\">Pour d\u00e9couvrir les programmes au Cambodge, <span style=\"text-decoration: underline;\"><a href=\"https:\/\/www.globalong.com\/sejour-benevolat\/benevolat-cambodge-enfants.html\" target=\"_blank\" rel=\"noopener\">cliquez ici<\/a><\/span>\u00a0!<\/p>\n<p style=\"text-align: center;\">N\u2019h\u00e9sitez pas \u00e0 nous contacter pour plus d\u2019informations \u00e0 <span style=\"text-decoration: underline;\"><a href=\"mailto:info@globalong.com\">info@globalong.com<\/a><\/span><\/p>\n","protected":false},"excerpt":{"rendered":"<p>T\u00e9moignage de Camile, b\u00e9n\u00e9vole avec Globalong au Cambodge Je m\u2019appelle Camille et je suis partie au Cambodge \u00e0 Phnom Penh pendant 3 semaines. J&rsquo;ai visit\u00e9 Phnom Penh en un weekend, Takeo et Oudong en un weekend et pendant mes pauses, entre 10H30-14H et vers 17H, j&rsquo;ai visit\u00e9 le mus\u00e9e du g\u00e9nocide par exemple, ou les [&hellip;]<\/p>\n","protected":false},"author":3,"featured_media":3829,"parent":883,"menu_order":0,"comment_status":"open","ping_status":"closed","template":"","meta":{"footnotes":""},"yoast_head":"<!-- This site is optimized with the Yoast SEO Premium plugin v23.4 (Yoast SEO v23.4) - https:\/\/yoast.com\/wordpress\/plugins\/seo\/ -->\n<title>Cambodge - Camille - Association Globalong<\/title>\n<meta name=\"robots\" content=\"index, follow, max-snippet:-1, max-image-preview:large, max-video-preview:-1\" \/>\n<link rel=\"canonical\" href=\"https:\/\/www.globalong.com\/blog\/avis-temoignages-globalong\/cambodge-asie-planete-voyage-humanitaire-projet-a-l-etranger-enfants-annee-sabbatique-globalong\/\" \/>\n<meta property=\"og:locale\" content=\"fr_FR\" \/>\n<meta property=\"og:type\" content=\"article\" \/>\n<meta property=\"og:title\" content=\"Cambodge - Camille\" \/>\n<meta property=\"og:description\" content=\"T\u00e9moignage de Camile, b\u00e9n\u00e9vole avec Globalong au Cambodge Je m\u2019appelle Camille et je suis partie au Cambodge \u00e0 Phnom Penh pendant 3 semaines. J&rsquo;ai visit\u00e9 Phnom Penh en un weekend, Takeo et Oudong en un weekend et pendant mes pauses, entre 10H30-14H et vers 17H, j&rsquo;ai visit\u00e9 le mus\u00e9e du g\u00e9nocide par exemple, ou les [&hellip;]\" \/>\n<meta property=\"og:url\" content=\"https:\/\/www.globalong.com\/blog\/avis-temoignages-globalong\/cambodge-asie-planete-voyage-humanitaire-projet-a-l-etranger-enfants-annee-sabbatique-globalong\/\" \/>\n<meta property=\"og:site_name\" content=\"Association Globalong\" \/>\n<meta property=\"article:publisher\" content=\"https:\/\/www.facebook.com\/globalong\" \/>\n<meta property=\"article:modified_time\" content=\"2022-04-28T16:45:15+00:00\" \/>\n<meta property=\"og:image\" content=\"https:\/\/www.globalong.com\/blog\/wp-content\/uploads\/2016\/05\/IMG_1761.jpg\" \/>\n\t<meta property=\"og:image:width\" content=\"240\" \/>\n\t<meta property=\"og:image:height\" content=\"320\" \/>\n\t<meta property=\"og:image:type\" content=\"image\/jpeg\" \/>\n<meta name=\"twitter:card\" content=\"summary_large_image\" \/>\n<meta name=\"twitter:label1\" content=\"Dur\u00e9e de lecture estim\u00e9e\" \/>\n\t<meta name=\"twitter:data1\" content=\"2 minutes\" \/>\n<script type=\"application\/ld+json\" class=\"yoast-schema-graph\">{\"@context\":\"https:\/\/schema.org\",\"@graph\":[{\"@type\":\"WebPage\",\"@id\":\"https:\/\/www.globalong.com\/blog\/avis-temoignages-globalong\/cambodge-asie-planete-voyage-humanitaire-projet-a-l-etranger-enfants-annee-sabbatique-globalong\/\",\"url\":\"https:\/\/www.globalong.com\/blog\/avis-temoignages-globalong\/cambodge-asie-planete-voyage-humanitaire-projet-a-l-etranger-enfants-annee-sabbatique-globalong\/\",\"name\":\"Cambodge - Camille - Association Globalong\",\"isPartOf\":{\"@id\":\"https:\/\/www.globalong.com\/blog\/#website\"},\"primaryImageOfPage\":{\"@id\":\"https:\/\/www.globalong.com\/blog\/avis-temoignages-globalong\/cambodge-asie-planete-voyage-humanitaire-projet-a-l-etranger-enfants-annee-sabbatique-globalong\/#primaryimage\"},\"image\":{\"@id\":\"https:\/\/www.globalong.com\/blog\/avis-temoignages-globalong\/cambodge-asie-planete-voyage-humanitaire-projet-a-l-etranger-enfants-annee-sabbatique-globalong\/#primaryimage\"},\"thumbnailUrl\":\"https:\/\/www.globalong.com\/blog\/wp-content\/uploads\/2016\/05\/IMG_1761.jpg\",\"datePublished\":\"2016-05-02T15:47:49+00:00\",\"dateModified\":\"2022-04-28T16:45:15+00:00\",\"breadcrumb\":{\"@id\":\"https:\/\/www.globalong.com\/blog\/avis-temoignages-globalong\/cambodge-asie-planete-voyage-humanitaire-projet-a-l-etranger-enfants-annee-sabbatique-globalong\/#breadcrumb\"},\"inLanguage\":\"fr-FR\",\"potentialAction\":[{\"@type\":\"ReadAction\",\"target\":[\"https:\/\/www.globalong.com\/blog\/avis-temoignages-globalong\/cambodge-asie-planete-voyage-humanitaire-projet-a-l-etranger-enfants-annee-sabbatique-globalong\/\"]}]},{\"@type\":\"ImageObject\",\"inLanguage\":\"fr-FR\",\"@id\":\"https:\/\/www.globalong.com\/blog\/avis-temoignages-globalong\/cambodge-asie-planete-voyage-humanitaire-projet-a-l-etranger-enfants-annee-sabbatique-globalong\/#primaryimage\",\"url\":\"https:\/\/www.globalong.com\/blog\/wp-content\/uploads\/2016\/05\/IMG_1761.jpg\",\"contentUrl\":\"https:\/\/www.globalong.com\/blog\/wp-content\/uploads\/2016\/05\/IMG_1761.jpg\",\"width\":240,\"height\":320,\"caption\":\"Mission b\u00e9n\u00e9vole Globalong Cambodge\"},{\"@type\":\"BreadcrumbList\",\"@id\":\"https:\/\/www.globalong.com\/blog\/avis-temoignages-globalong\/cambodge-asie-planete-voyage-humanitaire-projet-a-l-etranger-enfants-annee-sabbatique-globalong\/#breadcrumb\",\"itemListElement\":[{\"@type\":\"ListItem\",\"position\":1,\"name\":\"Accueil\",\"item\":\"https:\/\/www.globalong.com\/blog\/\"},{\"@type\":\"ListItem\",\"position\":2,\"name\":\"T\u00e9moignages et avis de volontaires Globalong\",\"item\":\"https:\/\/www.globalong.com\/blog\/avis-temoignages-globalong\/\"},{\"@type\":\"ListItem\",\"position\":3,\"name\":\"Cambodge &#8211; Camille\"}]},{\"@type\":\"WebSite\",\"@id\":\"https:\/\/www.globalong.com\/blog\/#website\",\"url\":\"https:\/\/www.globalong.com\/blog\/\",\"name\":\"https:\/\/www.globalong.com\/\",\"description\":\"Mission humanitaire, stage \u00e9tudiant et voyage linguistique\",\"publisher\":{\"@id\":\"https:\/\/www.globalong.com\/blog\/#organization\"},\"potentialAction\":[{\"@type\":\"SearchAction\",\"target\":{\"@type\":\"EntryPoint\",\"urlTemplate\":\"https:\/\/www.globalong.com\/blog\/?s={search_term_string}\"},\"query-input\":{\"@type\":\"PropertyValueSpecification\",\"valueRequired\":true,\"valueName\":\"search_term_string\"}}],\"inLanguage\":\"fr-FR\"},{\"@type\":\"Organization\",\"@id\":\"https:\/\/www.globalong.com\/blog\/#organization\",\"name\":\"Association Globalong\",\"url\":\"https:\/\/www.globalong.com\/blog\/\",\"logo\":{\"@type\":\"ImageObject\",\"inLanguage\":\"fr-FR\",\"@id\":\"https:\/\/www.globalong.com\/blog\/#\/schema\/logo\/image\/\",\"url\":\"https:\/\/www.globalong.com\/blog\/wp-content\/uploads\/2014\/11\/cropped-cropped-Logo-et-Afrique-Globalong-petite-taille-2.jpg\",\"contentUrl\":\"https:\/\/www.globalong.com\/blog\/wp-content\/uploads\/2014\/11\/cropped-cropped-Logo-et-Afrique-Globalong-petite-taille-2.jpg\",\"width\":512,\"height\":512,\"caption\":\"Association Globalong\"},\"image\":{\"@id\":\"https:\/\/www.globalong.com\/blog\/#\/schema\/logo\/image\/\"},\"sameAs\":[\"https:\/\/www.facebook.com\/globalong\"]}]}<\/script>\n<!-- \/ Yoast SEO Premium plugin. -->","yoast_head_json":{"title":"Cambodge - Camille - Association Globalong","robots":{"index":"index","follow":"follow","max-snippet":"max-snippet:-1","max-image-preview":"max-image-preview:large","max-video-preview":"max-video-preview:-1"},"canonical":"https:\/\/www.globalong.com\/blog\/avis-temoignages-globalong\/cambodge-asie-planete-voyage-humanitaire-projet-a-l-etranger-enfants-annee-sabbatique-globalong\/","og_locale":"fr_FR","og_type":"article","og_title":"Cambodge - Camille","og_description":"T\u00e9moignage de Camile, b\u00e9n\u00e9vole avec Globalong au Cambodge Je m\u2019appelle Camille et je suis partie au Cambodge \u00e0 Phnom Penh pendant 3 semaines. J&rsquo;ai visit\u00e9 Phnom Penh en un weekend, Takeo et Oudong en un weekend et pendant mes pauses, entre 10H30-14H et vers 17H, j&rsquo;ai visit\u00e9 le mus\u00e9e du g\u00e9nocide par exemple, ou les [&hellip;]","og_url":"https:\/\/www.globalong.com\/blog\/avis-temoignages-globalong\/cambodge-asie-planete-voyage-humanitaire-projet-a-l-etranger-enfants-annee-sabbatique-globalong\/","og_site_name":"Association Globalong","article_publisher":"https:\/\/www.facebook.com\/globalong","article_modified_time":"2022-04-28T16:45:15+00:00","og_image":[{"width":240,"height":320,"url":"https:\/\/www.globalong.com\/blog\/wp-content\/uploads\/2016\/05\/IMG_1761.jpg","type":"image\/jpeg"}],"twitter_card":"summary_large_image","twitter_misc":{"Dur\u00e9e de lecture estim\u00e9e":"2 minutes"},"schema":{"@context":"https:\/\/schema.org","@graph":[{"@type":"WebPage","@id":"https:\/\/www.globalong.com\/blog\/avis-temoignages-globalong\/cambodge-asie-planete-voyage-humanitaire-projet-a-l-etranger-enfants-annee-sabbatique-globalong\/","url":"https:\/\/www.globalong.com\/blog\/avis-temoignages-globalong\/cambodge-asie-planete-voyage-humanitaire-projet-a-l-etranger-enfants-annee-sabbatique-globalong\/","name":"Cambodge - Camille - Association Globalong","isPartOf":{"@id":"https:\/\/www.globalong.com\/blog\/#website"},"primaryImageOfPage":{"@id":"https:\/\/www.globalong.com\/blog\/avis-temoignages-globalong\/cambodge-asie-planete-voyage-humanitaire-projet-a-l-etranger-enfants-annee-sabbatique-globalong\/#primaryimage"},"image":{"@id":"https:\/\/www.globalong.com\/blog\/avis-temoignages-globalong\/cambodge-asie-planete-voyage-humanitaire-projet-a-l-etranger-enfants-annee-sabbatique-globalong\/#primaryimage"},"thumbnailUrl":"https:\/\/www.globalong.com\/blog\/wp-content\/uploads\/2016\/05\/IMG_1761.jpg","datePublished":"2016-05-02T15:47:49+00:00","dateModified":"2022-04-28T16:45:15+00:00","breadcrumb":{"@id":"https:\/\/www.globalong.com\/blog\/avis-temoignages-globalong\/cambodge-asie-planete-voyage-humanitaire-projet-a-l-etranger-enfants-annee-sabbatique-globalong\/#breadcrumb"},"inLanguage":"fr-FR","potentialAction":[{"@type":"ReadAction","target":["https:\/\/www.globalong.com\/blog\/avis-temoignages-globalong\/cambodge-asie-planete-voyage-humanitaire-projet-a-l-etranger-enfants-annee-sabbatique-globalong\/"]}]},{"@type":"ImageObject","inLanguage":"fr-FR","@id":"https:\/\/www.globalong.com\/blog\/avis-temoignages-globalong\/cambodge-asie-planete-voyage-humanitaire-projet-a-l-etranger-enfants-annee-sabbatique-globalong\/#primaryimage","url":"https:\/\/www.globalong.com\/blog\/wp-content\/uploads\/2016\/05\/IMG_1761.jpg","contentUrl":"https:\/\/www.globalong.com\/blog\/wp-content\/uploads\/2016\/05\/IMG_1761.jpg","width":240,"height":320,"caption":"Mission b\u00e9n\u00e9vole Globalong Cambodge"},{"@type":"BreadcrumbList","@id":"https:\/\/www.globalong.com\/blog\/avis-temoignages-globalong\/cambodge-asie-planete-voyage-humanitaire-projet-a-l-etranger-enfants-annee-sabbatique-globalong\/#breadcrumb","itemListElement":[{"@type":"ListItem","position":1,"name":"Accueil","item":"https:\/\/www.globalong.com\/blog\/"},{"@type":"ListItem","position":2,"name":"T\u00e9moignages et avis de volontaires Globalong","item":"https:\/\/www.globalong.com\/blog\/avis-temoignages-globalong\/"},{"@type":"ListItem","position":3,"name":"Cambodge &#8211; Camille"}]},{"@type":"WebSite","@id":"https:\/\/www.globalong.com\/blog\/#website","url":"https:\/\/www.globalong.com\/blog\/","name":"https:\/\/www.globalong.com\/","description":"Mission humanitaire, stage \u00e9tudiant et voyage linguistique","publisher":{"@id":"https:\/\/www.globalong.com\/blog\/#organization"},"potentialAction":[{"@type":"SearchAction","target":{"@type":"EntryPoint","urlTemplate":"https:\/\/www.globalong.com\/blog\/?s={search_term_string}"},"query-input":{"@type":"PropertyValueSpecification","valueRequired":true,"valueName":"search_term_string"}}],"inLanguage":"fr-FR"},{"@type":"Organization","@id":"https:\/\/www.globalong.com\/blog\/#organization","name":"Association Globalong","url":"https:\/\/www.globalong.com\/blog\/","logo":{"@type":"ImageObject","inLanguage":"fr-FR","@id":"https:\/\/www.globalong.com\/blog\/#\/schema\/logo\/image\/","url":"https:\/\/www.globalong.com\/blog\/wp-content\/uploads\/2014\/11\/cropped-cropped-Logo-et-Afrique-Globalong-petite-taille-2.jpg","contentUrl":"https:\/\/www.globalong.com\/blog\/wp-content\/uploads\/2014\/11\/cropped-cropped-Logo-et-Afrique-Globalong-petite-taille-2.jpg","width":512,"height":512,"caption":"Association Globalong"},"image":{"@id":"https:\/\/www.globalong.com\/blog\/#\/schema\/logo\/image\/"},"sameAs":["https:\/\/www.facebook.com\/globalong"]}]}},"_links":{"self":[{"href":"https:\/\/www.globalong.com\/blog\/wp-json\/wp\/v2\/pages\/3819"}],"collection":[{"href":"https:\/\/www.globalong.com\/blog\/wp-json\/wp\/v2\/pages"}],"about":[{"href":"https:\/\/www.globalong.com\/blog\/wp-json\/wp\/v2\/types\/page"}],"author":[{"embeddable":true,"href":"https:\/\/www.globalong.com\/blog\/wp-json\/wp\/v2\/users\/3"}],"replies":[{"embeddable":true,"href":"https:\/\/www.globalong.com\/blog\/wp-json\/wp\/v2\/comments?post=3819"}],"version-history":[{"count":13,"href":"https:\/\/www.globalong.com\/blog\/wp-json\/wp\/v2\/pages\/3819\/revisions"}],"predecessor-version":[{"id":14431,"href":"https:\/\/www.globalong.com\/blog\/wp-json\/wp\/v2\/pages\/3819\/revisions\/14431"}],"up":[{"embeddable":true,"href":"https:\/\/www.globalong.com\/blog\/wp-json\/wp\/v2\/pages\/883"}],"wp:featuredmedia":[{"embeddable":true,"href":"https:\/\/www.globalong.com\/blog\/wp-json\/wp\/v2\/media\/3829"}],"wp:attachment":[{"href":"https:\/\/www.globalong.com\/blog\/wp-json\/wp\/v2\/media?parent=3819"}],"curies":[{"name":"wp","href":"https:\/\/api.w.org\/{rel}","templated":true}]}}