{"id":3860,"date":"2016-05-03T11:48:21","date_gmt":"2016-05-03T09:48:21","guid":{"rendered":"https:\/\/www.globalong.com\/blog\/?page_id=3860"},"modified":"2022-04-28T19:23:03","modified_gmt":"2022-04-28T17:23:03","slug":"asie-benevolat-mission-humanitaire-stage-hopitaux-globalong-cambodge-soins-culture","status":"publish","type":"page","link":"https:\/\/www.globalong.com\/blog\/avis-temoignages-globalong\/asie-benevolat-mission-humanitaire-stage-hopitaux-globalong-cambodge-soins-culture\/","title":{"rendered":"Cambodge &#8211; Pierre"},"content":{"rendered":"<h4 style=\"text-align: center;\"><span style=\"color: #b81657;\">T\u00e9moignage de Pierre, b\u00e9n\u00e9vole avec Globalong au Cambodge,<\/span><\/h4>\n<p style=\"text-align: justify;\"><a href=\"https:\/\/www.globalong.com\/blog\/wp-content\/uploads\/2016\/05\/b\u00e9n\u00e9voles-en-classe-de-d\u00e9couverte-du-projet-au-cambodge.jpg\" rel=\"attachment wp-att-3861\"><img loading=\"lazy\" decoding=\"async\" class=\"wp-image-3861 size-medium aligncenter\" src=\"https:\/\/www.globalong.com\/blog\/wp-content\/uploads\/2016\/05\/b\u00e9n\u00e9voles-en-classe-de-d\u00e9couverte-du-projet-au-cambodge-300x225.jpg\" alt=\"introduction au b\u00e9n\u00e9volat Cambodge Globalong\" width=\"300\" height=\"225\" srcset=\"https:\/\/www.globalong.com\/blog\/wp-content\/uploads\/2016\/05\/b\u00e9n\u00e9voles-en-classe-de-d\u00e9couverte-du-projet-au-cambodge-300x225.jpg 300w, https:\/\/www.globalong.com\/blog\/wp-content\/uploads\/2016\/05\/b\u00e9n\u00e9voles-en-classe-de-d\u00e9couverte-du-projet-au-cambodge-768x576.jpg 768w, https:\/\/www.globalong.com\/blog\/wp-content\/uploads\/2016\/05\/b\u00e9n\u00e9voles-en-classe-de-d\u00e9couverte-du-projet-au-cambodge.jpg 1024w, https:\/\/www.globalong.com\/blog\/wp-content\/uploads\/2016\/05\/b\u00e9n\u00e9voles-en-classe-de-d\u00e9couverte-du-projet-au-cambodge-150x113.jpg 150w\" sizes=\"(max-width: 300px) 100vw, 300px\" \/><\/a>Je m\u2019appelle Pierre et je suis parti \u00e0 Phnom Penh 2 mois ou j\u2019ai r\u00e9alis\u00e9 une p\u00e9riode de b\u00e9n\u00e9volat et visit\u00e9 un maximum !<\/p>\n<p style=\"text-align: justify;\">Je suis notamment parti \u00e0 Angkor, Sianoukville, j\u2019ai fait une promenade avec les \u00e9l\u00e9phants et de la randonn\u00e9e.<\/p>\n<p style=\"text-align: justify;\">A la maison des b\u00e9n\u00e9voles, j\u2019ai rencontr\u00e9 beaucoup de personnes originaires de partout dans le monde.<\/p>\n<p style=\"text-align: justify;\">Je voulais partir pour faire une pause dans ma vie professionnelle et d\u00e9couvrir une nouvelle fa\u00e7on de vivre.<\/p>\n<p style=\"text-align: justify;\"><a href=\"https:\/\/www.globalong.com\/blog\/wp-content\/uploads\/2016\/05\/cambodge-globalong.jpg\" rel=\"attachment wp-att-3863\"><img loading=\"lazy\" decoding=\"async\" class=\"size-medium wp-image-3863 aligncenter\" src=\"https:\/\/www.globalong.com\/blog\/wp-content\/uploads\/2016\/05\/cambodge-globalong-300x225.jpg\" alt=\"Globalong paysages b\u00e9n\u00e9volat en Asie Cambodge\" width=\"300\" height=\"225\" srcset=\"https:\/\/www.globalong.com\/blog\/wp-content\/uploads\/2016\/05\/cambodge-globalong-300x225.jpg 300w, https:\/\/www.globalong.com\/blog\/wp-content\/uploads\/2016\/05\/cambodge-globalong-768x576.jpg 768w, https:\/\/www.globalong.com\/blog\/wp-content\/uploads\/2016\/05\/cambodge-globalong.jpg 1024w, https:\/\/www.globalong.com\/blog\/wp-content\/uploads\/2016\/05\/cambodge-globalong-150x113.jpg 150w\" sizes=\"(max-width: 300px) 100vw, 300px\" \/><\/a>Professionnellement j\u2019ai beaucoup appris et humainement, ce voyage a chang\u00e9 ma fa\u00e7on de voir les choses, et je suis devenu moins maniaque. Et cela m&rsquo;a aussi appris a aim\u00e9 mon propre pays. La p\u00e9riode d\u2019intro s\u2019est bien pass\u00e9 tout comme ma p\u00e9riode de b\u00e9n\u00e9volat. Le coordinateur m\u2019a bien aid\u00e9 quand je souhaitais organiser des sorties. J\u2019ai plusieurs conseils \u00e0 vous confier : v\u00e9rifier vos visas! Je ne suis pas habitu\u00e9 \u00e0 lire les visas.<a href=\"https:\/\/www.globalong.com\/blog\/wp-content\/uploads\/2016\/05\/globalong-cambodge-ballade.jpg\" rel=\"attachment wp-att-3865\"><img loading=\"lazy\" decoding=\"async\" class=\"size-medium wp-image-3865 aligncenter\" src=\"https:\/\/www.globalong.com\/blog\/wp-content\/uploads\/2016\/05\/globalong-cambodge-ballade-300x225.jpg\" alt=\"Globalong paysages missions humanitaire Cambodge\" width=\"300\" height=\"225\" srcset=\"https:\/\/www.globalong.com\/blog\/wp-content\/uploads\/2016\/05\/globalong-cambodge-ballade-300x225.jpg 300w, https:\/\/www.globalong.com\/blog\/wp-content\/uploads\/2016\/05\/globalong-cambodge-ballade-768x576.jpg 768w, https:\/\/www.globalong.com\/blog\/wp-content\/uploads\/2016\/05\/globalong-cambodge-ballade.jpg 1024w, https:\/\/www.globalong.com\/blog\/wp-content\/uploads\/2016\/05\/globalong-cambodge-ballade-150x113.jpg 150w\" sizes=\"(max-width: 300px) 100vw, 300px\" \/><\/a><\/p>\n<p style=\"text-align: justify;\">Je trouve qu&rsquo;il aurait \u00e9t\u00e9 judicieux que les \u00e9quipes locales v\u00e9rifient les Visas de chacun en fonction de la dur\u00e9e de la mission.<\/p>\n<p style=\"text-align: justify;\">C&rsquo;\u00e9tait la premi\u00e8re fois pour moi que je faisais un visa, j&rsquo;avais demand\u00e9 3 mois et n&rsquo;ai eu qu\u2019un mois, et je l\u2019ai outrepass\u00e9 sans le savoir et j\u2019ai eu une \u00e9norme amende de 120 dollars.<span style=\"line-height: 1.5;\">Mais bon c&rsquo;est avant tout ma faute j&rsquo;aurais d\u00fb v\u00e9rifier.<\/span><\/p>\n<p style=\"text-align: justify;\">Pour les personnes voulant faire une p\u00e9riode de b\u00e9n\u00e9volats en tant qu&rsquo;infirmier, et pas en tant que stagiaire infirmier, ne choisissez pas de gros services dans des h\u00f4pitaux, privil\u00e9giez des dispensaires ou il y a un manque de personnelsflagrant. Vous vous sentirez plus proches des populations d\u00e9munies et plus utiles.<\/p>\n<p><a style=\"text-align: justify;\" href=\"https:\/\/www.globalong.com\/blog\/wp-content\/uploads\/2016\/05\/Visite-intro.jpg\" rel=\"attachment wp-att-3872\"><img loading=\"lazy\" decoding=\"async\" class=\"size-medium wp-image-3872 aligncenter\" src=\"https:\/\/www.globalong.com\/blog\/wp-content\/uploads\/2016\/05\/Visite-intro-300x169.jpg\" alt=\"Globalong humanitariat Asie Cambodge\" width=\"300\" height=\"169\" srcset=\"https:\/\/www.globalong.com\/blog\/wp-content\/uploads\/2016\/05\/Visite-intro-300x169.jpg 300w, https:\/\/www.globalong.com\/blog\/wp-content\/uploads\/2016\/05\/Visite-intro-768x432.jpg 768w, https:\/\/www.globalong.com\/blog\/wp-content\/uploads\/2016\/05\/Visite-intro-150x84.jpg 150w, https:\/\/www.globalong.com\/blog\/wp-content\/uploads\/2016\/05\/Visite-intro.jpg 960w\" sizes=\"(max-width: 300px) 100vw, 300px\" \/><\/a><\/p>\n<p style=\"text-align: justify;\">Mon retour chez moi \u00e9tait tr\u00e8s bien sauf la diff\u00e9rence de 30\u00b0C d&rsquo;un coup. Pour le temps d&rsquo;adaptation, il faut 3 jours pour r\u00e9ussir \u00e0 bien dormir \u00e0 cause de la chaleur et du bruit de la ville, et les intestins s&rsquo;habituent \u00e0 la nourriture en 1 semaine environ.<\/p>\n<p style=\"text-align: justify;\">Pierre.<\/p>\n<p class=\"p1\" style=\"text-align: center;\">Pour d\u00e9couvrir plus de photos du Cambodge,<span style=\"text-decoration: underline;\"><a href=\"https:\/\/www.flickr.com\/photos\/globalong\/albums\/72157639827967953\" target=\"_blank\" rel=\"noopener\">cliquez ici<\/a> !<\/span><\/p>\n<p class=\"p1\" style=\"text-align: center;\">Pour d\u00e9couvrir les programmes au Cambodge\u00a0<span style=\"text-decoration: underline;\"><a href=\"https:\/\/www.globalong.com\/sejour-benevolat\/benevolat-cambodge-enfants.html\" target=\"_blank\" rel=\"noopener\">cliquez ici<\/a> !<\/span><\/p>\n<p class=\"p1\" style=\"text-align: center;\">N\u2019h\u00e9sitez pas \u00e0 nous contacter pour plus d\u2019informations \u00e0 <span style=\"text-decoration: underline;\"><a href=\"mailto:info@globalong.com\">info@globalong.com<\/a><\/span><\/p>\n","protected":false},"excerpt":{"rendered":"<p>T\u00e9moignage de Pierre, b\u00e9n\u00e9vole avec Globalong au Cambodge, Je m\u2019appelle Pierre et je suis parti \u00e0 Phnom Penh 2 mois ou j\u2019ai r\u00e9alis\u00e9 une p\u00e9riode de b\u00e9n\u00e9volat et visit\u00e9 un maximum ! Je suis notamment parti \u00e0 Angkor, Sianoukville, j\u2019ai fait une promenade avec les \u00e9l\u00e9phants et de la randonn\u00e9e. A la maison des b\u00e9n\u00e9voles, [&hellip;]<\/p>\n","protected":false},"author":3,"featured_media":3541,"parent":883,"menu_order":0,"comment_status":"open","ping_status":"closed","template":"","meta":{"footnotes":""},"yoast_head":"<!-- This site is optimized with the Yoast SEO Premium plugin v23.4 (Yoast SEO v23.4) - https:\/\/yoast.com\/wordpress\/plugins\/seo\/ -->\n<title>Cambodge - Pierre - Association Globalong<\/title>\n<meta name=\"robots\" content=\"index, follow, max-snippet:-1, max-image-preview:large, max-video-preview:-1\" \/>\n<link rel=\"canonical\" href=\"https:\/\/www.globalong.com\/blog\/avis-temoignages-globalong\/asie-benevolat-mission-humanitaire-stage-hopitaux-globalong-cambodge-soins-culture\/\" \/>\n<meta property=\"og:locale\" content=\"fr_FR\" \/>\n<meta property=\"og:type\" content=\"article\" \/>\n<meta property=\"og:title\" content=\"Cambodge - Pierre\" \/>\n<meta property=\"og:description\" content=\"T\u00e9moignage de Pierre, b\u00e9n\u00e9vole avec Globalong au Cambodge, Je m\u2019appelle Pierre et je suis parti \u00e0 Phnom Penh 2 mois ou j\u2019ai r\u00e9alis\u00e9 une p\u00e9riode de b\u00e9n\u00e9volat et visit\u00e9 un maximum ! Je suis notamment parti \u00e0 Angkor, Sianoukville, j\u2019ai fait une promenade avec les \u00e9l\u00e9phants et de la randonn\u00e9e. A la maison des b\u00e9n\u00e9voles, [&hellip;]\" \/>\n<meta property=\"og:url\" content=\"https:\/\/www.globalong.com\/blog\/avis-temoignages-globalong\/asie-benevolat-mission-humanitaire-stage-hopitaux-globalong-cambodge-soins-culture\/\" \/>\n<meta property=\"og:site_name\" content=\"Association Globalong\" \/>\n<meta property=\"article:publisher\" content=\"https:\/\/www.facebook.com\/globalong\" \/>\n<meta property=\"article:modified_time\" content=\"2022-04-28T17:23:03+00:00\" \/>\n<meta property=\"og:image\" content=\"https:\/\/www.globalong.com\/blog\/wp-content\/uploads\/2016\/04\/25_cambodja.jpg\" \/>\n\t<meta property=\"og:image:width\" content=\"190\" \/>\n\t<meta property=\"og:image:height\" content=\"190\" \/>\n\t<meta property=\"og:image:type\" content=\"image\/jpeg\" \/>\n<meta name=\"twitter:card\" content=\"summary_large_image\" \/>\n<meta name=\"twitter:label1\" content=\"Dur\u00e9e de lecture estim\u00e9e\" \/>\n\t<meta name=\"twitter:data1\" content=\"2 minutes\" \/>\n<script type=\"application\/ld+json\" class=\"yoast-schema-graph\">{\"@context\":\"https:\/\/schema.org\",\"@graph\":[{\"@type\":\"WebPage\",\"@id\":\"https:\/\/www.globalong.com\/blog\/avis-temoignages-globalong\/asie-benevolat-mission-humanitaire-stage-hopitaux-globalong-cambodge-soins-culture\/\",\"url\":\"https:\/\/www.globalong.com\/blog\/avis-temoignages-globalong\/asie-benevolat-mission-humanitaire-stage-hopitaux-globalong-cambodge-soins-culture\/\",\"name\":\"Cambodge - Pierre - Association Globalong\",\"isPartOf\":{\"@id\":\"https:\/\/www.globalong.com\/blog\/#website\"},\"primaryImageOfPage\":{\"@id\":\"https:\/\/www.globalong.com\/blog\/avis-temoignages-globalong\/asie-benevolat-mission-humanitaire-stage-hopitaux-globalong-cambodge-soins-culture\/#primaryimage\"},\"image\":{\"@id\":\"https:\/\/www.globalong.com\/blog\/avis-temoignages-globalong\/asie-benevolat-mission-humanitaire-stage-hopitaux-globalong-cambodge-soins-culture\/#primaryimage\"},\"thumbnailUrl\":\"https:\/\/www.globalong.com\/blog\/wp-content\/uploads\/2016\/04\/25_cambodja.jpg\",\"datePublished\":\"2016-05-03T09:48:21+00:00\",\"dateModified\":\"2022-04-28T17:23:03+00:00\",\"breadcrumb\":{\"@id\":\"https:\/\/www.globalong.com\/blog\/avis-temoignages-globalong\/asie-benevolat-mission-humanitaire-stage-hopitaux-globalong-cambodge-soins-culture\/#breadcrumb\"},\"inLanguage\":\"fr-FR\",\"potentialAction\":[{\"@type\":\"ReadAction\",\"target\":[\"https:\/\/www.globalong.com\/blog\/avis-temoignages-globalong\/asie-benevolat-mission-humanitaire-stage-hopitaux-globalong-cambodge-soins-culture\/\"]}]},{\"@type\":\"ImageObject\",\"inLanguage\":\"fr-FR\",\"@id\":\"https:\/\/www.globalong.com\/blog\/avis-temoignages-globalong\/asie-benevolat-mission-humanitaire-stage-hopitaux-globalong-cambodge-soins-culture\/#primaryimage\",\"url\":\"https:\/\/www.globalong.com\/blog\/wp-content\/uploads\/2016\/04\/25_cambodja.jpg\",\"contentUrl\":\"https:\/\/www.globalong.com\/blog\/wp-content\/uploads\/2016\/04\/25_cambodja.jpg\",\"width\":190,\"height\":190},{\"@type\":\"BreadcrumbList\",\"@id\":\"https:\/\/www.globalong.com\/blog\/avis-temoignages-globalong\/asie-benevolat-mission-humanitaire-stage-hopitaux-globalong-cambodge-soins-culture\/#breadcrumb\",\"itemListElement\":[{\"@type\":\"ListItem\",\"position\":1,\"name\":\"Accueil\",\"item\":\"https:\/\/www.globalong.com\/blog\/\"},{\"@type\":\"ListItem\",\"position\":2,\"name\":\"T\u00e9moignages et avis de volontaires Globalong\",\"item\":\"https:\/\/www.globalong.com\/blog\/avis-temoignages-globalong\/\"},{\"@type\":\"ListItem\",\"position\":3,\"name\":\"Cambodge &#8211; Pierre\"}]},{\"@type\":\"WebSite\",\"@id\":\"https:\/\/www.globalong.com\/blog\/#website\",\"url\":\"https:\/\/www.globalong.com\/blog\/\",\"name\":\"https:\/\/www.globalong.com\/\",\"description\":\"Mission humanitaire, stage \u00e9tudiant et voyage linguistique\",\"publisher\":{\"@id\":\"https:\/\/www.globalong.com\/blog\/#organization\"},\"potentialAction\":[{\"@type\":\"SearchAction\",\"target\":{\"@type\":\"EntryPoint\",\"urlTemplate\":\"https:\/\/www.globalong.com\/blog\/?s={search_term_string}\"},\"query-input\":{\"@type\":\"PropertyValueSpecification\",\"valueRequired\":true,\"valueName\":\"search_term_string\"}}],\"inLanguage\":\"fr-FR\"},{\"@type\":\"Organization\",\"@id\":\"https:\/\/www.globalong.com\/blog\/#organization\",\"name\":\"Association Globalong\",\"url\":\"https:\/\/www.globalong.com\/blog\/\",\"logo\":{\"@type\":\"ImageObject\",\"inLanguage\":\"fr-FR\",\"@id\":\"https:\/\/www.globalong.com\/blog\/#\/schema\/logo\/image\/\",\"url\":\"https:\/\/www.globalong.com\/blog\/wp-content\/uploads\/2014\/11\/cropped-cropped-Logo-et-Afrique-Globalong-petite-taille-2.jpg\",\"contentUrl\":\"https:\/\/www.globalong.com\/blog\/wp-content\/uploads\/2014\/11\/cropped-cropped-Logo-et-Afrique-Globalong-petite-taille-2.jpg\",\"width\":512,\"height\":512,\"caption\":\"Association Globalong\"},\"image\":{\"@id\":\"https:\/\/www.globalong.com\/blog\/#\/schema\/logo\/image\/\"},\"sameAs\":[\"https:\/\/www.facebook.com\/globalong\"]}]}<\/script>\n<!-- \/ Yoast SEO Premium plugin. -->","yoast_head_json":{"title":"Cambodge - Pierre - Association Globalong","robots":{"index":"index","follow":"follow","max-snippet":"max-snippet:-1","max-image-preview":"max-image-preview:large","max-video-preview":"max-video-preview:-1"},"canonical":"https:\/\/www.globalong.com\/blog\/avis-temoignages-globalong\/asie-benevolat-mission-humanitaire-stage-hopitaux-globalong-cambodge-soins-culture\/","og_locale":"fr_FR","og_type":"article","og_title":"Cambodge - Pierre","og_description":"T\u00e9moignage de Pierre, b\u00e9n\u00e9vole avec Globalong au Cambodge, Je m\u2019appelle Pierre et je suis parti \u00e0 Phnom Penh 2 mois ou j\u2019ai r\u00e9alis\u00e9 une p\u00e9riode de b\u00e9n\u00e9volat et visit\u00e9 un maximum ! Je suis notamment parti \u00e0 Angkor, Sianoukville, j\u2019ai fait une promenade avec les \u00e9l\u00e9phants et de la randonn\u00e9e. A la maison des b\u00e9n\u00e9voles, [&hellip;]","og_url":"https:\/\/www.globalong.com\/blog\/avis-temoignages-globalong\/asie-benevolat-mission-humanitaire-stage-hopitaux-globalong-cambodge-soins-culture\/","og_site_name":"Association Globalong","article_publisher":"https:\/\/www.facebook.com\/globalong","article_modified_time":"2022-04-28T17:23:03+00:00","og_image":[{"width":190,"height":190,"url":"https:\/\/www.globalong.com\/blog\/wp-content\/uploads\/2016\/04\/25_cambodja.jpg","type":"image\/jpeg"}],"twitter_card":"summary_large_image","twitter_misc":{"Dur\u00e9e de lecture estim\u00e9e":"2 minutes"},"schema":{"@context":"https:\/\/schema.org","@graph":[{"@type":"WebPage","@id":"https:\/\/www.globalong.com\/blog\/avis-temoignages-globalong\/asie-benevolat-mission-humanitaire-stage-hopitaux-globalong-cambodge-soins-culture\/","url":"https:\/\/www.globalong.com\/blog\/avis-temoignages-globalong\/asie-benevolat-mission-humanitaire-stage-hopitaux-globalong-cambodge-soins-culture\/","name":"Cambodge - Pierre - Association Globalong","isPartOf":{"@id":"https:\/\/www.globalong.com\/blog\/#website"},"primaryImageOfPage":{"@id":"https:\/\/www.globalong.com\/blog\/avis-temoignages-globalong\/asie-benevolat-mission-humanitaire-stage-hopitaux-globalong-cambodge-soins-culture\/#primaryimage"},"image":{"@id":"https:\/\/www.globalong.com\/blog\/avis-temoignages-globalong\/asie-benevolat-mission-humanitaire-stage-hopitaux-globalong-cambodge-soins-culture\/#primaryimage"},"thumbnailUrl":"https:\/\/www.globalong.com\/blog\/wp-content\/uploads\/2016\/04\/25_cambodja.jpg","datePublished":"2016-05-03T09:48:21+00:00","dateModified":"2022-04-28T17:23:03+00:00","breadcrumb":{"@id":"https:\/\/www.globalong.com\/blog\/avis-temoignages-globalong\/asie-benevolat-mission-humanitaire-stage-hopitaux-globalong-cambodge-soins-culture\/#breadcrumb"},"inLanguage":"fr-FR","potentialAction":[{"@type":"ReadAction","target":["https:\/\/www.globalong.com\/blog\/avis-temoignages-globalong\/asie-benevolat-mission-humanitaire-stage-hopitaux-globalong-cambodge-soins-culture\/"]}]},{"@type":"ImageObject","inLanguage":"fr-FR","@id":"https:\/\/www.globalong.com\/blog\/avis-temoignages-globalong\/asie-benevolat-mission-humanitaire-stage-hopitaux-globalong-cambodge-soins-culture\/#primaryimage","url":"https:\/\/www.globalong.com\/blog\/wp-content\/uploads\/2016\/04\/25_cambodja.jpg","contentUrl":"https:\/\/www.globalong.com\/blog\/wp-content\/uploads\/2016\/04\/25_cambodja.jpg","width":190,"height":190},{"@type":"BreadcrumbList","@id":"https:\/\/www.globalong.com\/blog\/avis-temoignages-globalong\/asie-benevolat-mission-humanitaire-stage-hopitaux-globalong-cambodge-soins-culture\/#breadcrumb","itemListElement":[{"@type":"ListItem","position":1,"name":"Accueil","item":"https:\/\/www.globalong.com\/blog\/"},{"@type":"ListItem","position":2,"name":"T\u00e9moignages et avis de volontaires Globalong","item":"https:\/\/www.globalong.com\/blog\/avis-temoignages-globalong\/"},{"@type":"ListItem","position":3,"name":"Cambodge &#8211; Pierre"}]},{"@type":"WebSite","@id":"https:\/\/www.globalong.com\/blog\/#website","url":"https:\/\/www.globalong.com\/blog\/","name":"https:\/\/www.globalong.com\/","description":"Mission humanitaire, stage \u00e9tudiant et voyage linguistique","publisher":{"@id":"https:\/\/www.globalong.com\/blog\/#organization"},"potentialAction":[{"@type":"SearchAction","target":{"@type":"EntryPoint","urlTemplate":"https:\/\/www.globalong.com\/blog\/?s={search_term_string}"},"query-input":{"@type":"PropertyValueSpecification","valueRequired":true,"valueName":"search_term_string"}}],"inLanguage":"fr-FR"},{"@type":"Organization","@id":"https:\/\/www.globalong.com\/blog\/#organization","name":"Association Globalong","url":"https:\/\/www.globalong.com\/blog\/","logo":{"@type":"ImageObject","inLanguage":"fr-FR","@id":"https:\/\/www.globalong.com\/blog\/#\/schema\/logo\/image\/","url":"https:\/\/www.globalong.com\/blog\/wp-content\/uploads\/2014\/11\/cropped-cropped-Logo-et-Afrique-Globalong-petite-taille-2.jpg","contentUrl":"https:\/\/www.globalong.com\/blog\/wp-content\/uploads\/2014\/11\/cropped-cropped-Logo-et-Afrique-Globalong-petite-taille-2.jpg","width":512,"height":512,"caption":"Association Globalong"},"image":{"@id":"https:\/\/www.globalong.com\/blog\/#\/schema\/logo\/image\/"},"sameAs":["https:\/\/www.facebook.com\/globalong"]}]}},"_links":{"self":[{"href":"https:\/\/www.globalong.com\/blog\/wp-json\/wp\/v2\/pages\/3860"}],"collection":[{"href":"https:\/\/www.globalong.com\/blog\/wp-json\/wp\/v2\/pages"}],"about":[{"href":"https:\/\/www.globalong.com\/blog\/wp-json\/wp\/v2\/types\/page"}],"author":[{"embeddable":true,"href":"https:\/\/www.globalong.com\/blog\/wp-json\/wp\/v2\/users\/3"}],"replies":[{"embeddable":true,"href":"https:\/\/www.globalong.com\/blog\/wp-json\/wp\/v2\/comments?post=3860"}],"version-history":[{"count":15,"href":"https:\/\/www.globalong.com\/blog\/wp-json\/wp\/v2\/pages\/3860\/revisions"}],"predecessor-version":[{"id":14456,"href":"https:\/\/www.globalong.com\/blog\/wp-json\/wp\/v2\/pages\/3860\/revisions\/14456"}],"up":[{"embeddable":true,"href":"https:\/\/www.globalong.com\/blog\/wp-json\/wp\/v2\/pages\/883"}],"wp:featuredmedia":[{"embeddable":true,"href":"https:\/\/www.globalong.com\/blog\/wp-json\/wp\/v2\/media\/3541"}],"wp:attachment":[{"href":"https:\/\/www.globalong.com\/blog\/wp-json\/wp\/v2\/media?parent=3860"}],"curies":[{"name":"wp","href":"https:\/\/api.w.org\/{rel}","templated":true}]}}