{"id":4245,"date":"2016-05-20T11:46:53","date_gmt":"2016-05-20T09:46:53","guid":{"rendered":"https:\/\/www.globalong.com\/blog\/?page_id=4245"},"modified":"2022-04-28T19:19:07","modified_gmt":"2022-04-28T17:19:07","slug":"cambodge-asie-humanitaire-benevolat-globalong-enfants-handicaps-stage-decouverte-cullture-saveurs-volontaires-international","status":"publish","type":"page","link":"https:\/\/www.globalong.com\/blog\/avis-temoignages-globalong\/cambodge-asie-humanitaire-benevolat-globalong-enfants-handicaps-stage-decouverte-cullture-saveurs-volontaires-international\/","title":{"rendered":"Cambodge &#8211; Jo\u00eblle"},"content":{"rendered":"<h4 style=\"text-align: center;\"><span style=\"color: #b81657;\">T\u00e9moignage de Jo\u00eblle, b\u00e9n\u00e9vole avec Globalong au Cambodge<\/span><\/h4>\n<p style=\"text-align: justify;\"><a href=\"https:\/\/www.globalong.com\/blog\/wp-content\/uploads\/2016\/05\/Monuments-cambodgiens-Globalong.jpg\" rel=\"attachment wp-att-4247\"><img loading=\"lazy\" decoding=\"async\" class=\"wp-image-4332 size-medium aligncenter\" src=\"https:\/\/www.globalong.com\/blog\/wp-content\/uploads\/2016\/05\/Monuments-cambodgiens-Globalong-300x199.jpg\" alt=\"Globalong au cambodge en b\u00e9n\u00e9volat\" width=\"300\" height=\"199\" srcset=\"https:\/\/www.globalong.com\/blog\/wp-content\/uploads\/2016\/05\/Monuments-cambodgiens-Globalong-300x199.jpg 300w, https:\/\/www.globalong.com\/blog\/wp-content\/uploads\/2016\/05\/Monuments-cambodgiens-Globalong-768x510.jpg 768w, https:\/\/www.globalong.com\/blog\/wp-content\/uploads\/2016\/05\/Monuments-cambodgiens-Globalong-1024x680.jpg 1024w, https:\/\/www.globalong.com\/blog\/wp-content\/uploads\/2016\/05\/Monuments-cambodgiens-Globalong-150x100.jpg 150w\" sizes=\"(max-width: 300px) 100vw, 300px\" \/><\/a>Je m\u2019appelle Joelle, et je suis partie en mission de b\u00e9n\u00e9volat international avec Globalong au Cambodge pendant plusieurs\u00a0semaines.<\/p>\n<p style=\"text-align: justify;\">J\u2019ai toujours voulu faire du volontariat, de m\u2019impliquer et de donner de mon temps pour aider les plus d\u00e9munis.<\/p>\n<p style=\"text-align: justify;\">Je m\u2019attendais \u00e0 vivre une exp\u00e9rience tr\u00e8s enrichissante sur tous les niveaux, d\u00e9couvrir et m\u2019int\u00e9grer dans une soci\u00e9t\u00e9 \u00e9trang\u00e8re \u00e0 la mienne et de pouvoir faire une diff\u00e9rence m\u00eame sur une toute petite \u00e9chelle.<\/p>\n<p style=\"text-align: justify;\"><a href=\"https:\/\/www.globalong.com\/blog\/wp-content\/uploads\/2016\/05\/Volontaires-au-Cambodge-avec-Globalong.jpg\" rel=\"attachment wp-att-4252\"><img loading=\"lazy\" decoding=\"async\" class=\"wp-image-4334 size-medium aligncenter\" src=\"https:\/\/www.globalong.com\/blog\/wp-content\/uploads\/2016\/05\/Volontaires-au-Cambodge-avec-Globalong-300x225.jpg\" alt=\"groupe de b\u00e9n\u00e9vole au Cambodge avec Globalong\" width=\"300\" height=\"225\" srcset=\"https:\/\/www.globalong.com\/blog\/wp-content\/uploads\/2016\/05\/Volontaires-au-Cambodge-avec-Globalong-300x225.jpg 300w, https:\/\/www.globalong.com\/blog\/wp-content\/uploads\/2016\/05\/Volontaires-au-Cambodge-avec-Globalong-768x576.jpg 768w, https:\/\/www.globalong.com\/blog\/wp-content\/uploads\/2016\/05\/Volontaires-au-Cambodge-avec-Globalong-1024x768.jpg 1024w, https:\/\/www.globalong.com\/blog\/wp-content\/uploads\/2016\/05\/Volontaires-au-Cambodge-avec-Globalong-150x113.jpg 150w, https:\/\/www.globalong.com\/blog\/wp-content\/uploads\/2016\/05\/Volontaires-au-Cambodge-avec-Globalong.jpg 1280w\" sizes=\"(max-width: 300px) 100vw, 300px\" \/><\/a>Globalong est un organisme qui m\u2019a vraiment \u00e9t\u00e9 utile pour l\u2019organisation de mon s\u00e9jour, et je trouve que la qualit\u00e9 des \u00e9changes par mail que j\u2019ai eu avec Sophie \u00e0 \u00e9t\u00e9 satisfaisant. Globalong est un organisme social tr\u00e8s professionnel qui m\u2019a permis d\u2019avoir eu l\u2019opportunit\u00e9 de vivre cette exp\u00e9rience, le s\u00e9jour a \u00e9t\u00e9 tr\u00e8s bien organiser, il n y a pas eu de mauvaise surprise.<\/p>\n<p style=\"text-align: justify;\">La communication avec le personnel de Globalong a \u00e9t\u00e9 excellente, toujours \u00e0 l\u2019\u00e9coute et pr\u00eats \u00e0 r\u00e9pondre \u00e0 nos moindres questions .De plus, la bonne organisation et coordination du s\u00e9jour et les guides envoy\u00e9s avant le voyage sont tr\u00e8s utiles.<\/p>\n<p style=\"text-align: justify;\"><a href=\"https:\/\/www.globalong.com\/blog\/wp-content\/uploads\/2016\/05\/Bateau-Cambodge-Globalong.jpg\" rel=\"attachment wp-att-4254\"><img loading=\"lazy\" decoding=\"async\" class=\"wp-image-4335 size-medium aligncenter\" src=\"https:\/\/www.globalong.com\/blog\/wp-content\/uploads\/2016\/05\/Bateau-Cambodge-Globalong-300x225.jpg\" alt=\"excursions en barque avec Globalong au Cambodge\" width=\"300\" height=\"225\" srcset=\"https:\/\/www.globalong.com\/blog\/wp-content\/uploads\/2016\/05\/Bateau-Cambodge-Globalong-300x225.jpg 300w, https:\/\/www.globalong.com\/blog\/wp-content\/uploads\/2016\/05\/Bateau-Cambodge-Globalong-768x576.jpg 768w, https:\/\/www.globalong.com\/blog\/wp-content\/uploads\/2016\/05\/Bateau-Cambodge-Globalong-1024x767.jpg 1024w, https:\/\/www.globalong.com\/blog\/wp-content\/uploads\/2016\/05\/Bateau-Cambodge-Globalong-150x112.jpg 150w\" sizes=\"(max-width: 300px) 100vw, 300px\" \/><\/a>L\u2019organisme qui m\u2019a re\u00e7u au Cambodge a \u00e9t\u00e9 tr\u00e8s accueillant et toujours \u00e0 l\u2019\u00e9coute des volontaires et \u00e0 l\u2019attention aux moindres d\u00e9tails. Les coordinateurs nous ont introduits \u00e0 l\u2019histoire du Cambodge \u00e0 travers un power point tr\u00e8s riche et d\u00e9taill\u00e9. Ensuite on a eu un cours de langue Khmer pour pouvoir communiquer plus facilement avec les cambodgiens dans la vie de tous les jours. Enfin, le troisi\u00e8me jour fut tr\u00e8s int\u00e9ressant, les coordinateurs nous ont organis\u00e9s un tour \u00e0 Phnom Penh afin de visiter et d\u00e9couvrir les lieux cultes cambodgiens, la cuisine locale ou encore les lieux qui marquent la douloureuse histoire du Cambodge.<\/p>\n<p style=\"text-align: justify;\"><a href=\"https:\/\/www.globalong.com\/blog\/wp-content\/uploads\/2016\/05\/Paysages-avec-temples-au-Cambodge-Globalong.jpg\" rel=\"attachment wp-att-4256\"><img loading=\"lazy\" decoding=\"async\" class=\"wp-image-4336 size-medium aligncenter\" src=\"https:\/\/www.globalong.com\/blog\/wp-content\/uploads\/2016\/05\/Paysages-avec-temples-au-Cambodge-Globalong-300x225.jpg\" alt=\"visites de temple au Cambodge Globalong\" width=\"300\" height=\"225\" srcset=\"https:\/\/www.globalong.com\/blog\/wp-content\/uploads\/2016\/05\/Paysages-avec-temples-au-Cambodge-Globalong-300x225.jpg 300w, https:\/\/www.globalong.com\/blog\/wp-content\/uploads\/2016\/05\/Paysages-avec-temples-au-Cambodge-Globalong-768x576.jpg 768w, https:\/\/www.globalong.com\/blog\/wp-content\/uploads\/2016\/05\/Paysages-avec-temples-au-Cambodge-Globalong-1024x768.jpg 1024w, https:\/\/www.globalong.com\/blog\/wp-content\/uploads\/2016\/05\/Paysages-avec-temples-au-Cambodge-Globalong-150x113.jpg 150w\" sizes=\"(max-width: 300px) 100vw, 300px\" \/><\/a>La p\u00e9riode du B\u00e9n\u00e9volat s\u2019est tr\u00e8s bien pass\u00e9e, m\u00eame si elle a \u00e9t\u00e9 assez courte. Les deux premiers jours \u00e0 l\u2019orphelinat furent difficiles puisque je n\u2019avais pas de l\u2019exp\u00e9rience avec les enfants handicap\u00e9s et il n\u2019y\u2019 avait pas de training par des professionnels au centre. Mais au fur et \u00e0 mesure avec l\u2019aide des autres volontaires, je m\u2019y suis habitu\u00e9e et je me suis tr\u00e8s attach\u00e9e \u00e0 ces enfants qui ne vivent pas dans les meilleures conditions mais qui sont heureusement entour\u00e9s par de bonnes personnes et volontaires qui s\u2019occupent d\u2019eux et interagissent avec eux pour d\u00e9velopper leur bien-\u00eatre.<\/p>\n<p style=\"text-align: justify;\"><a href=\"https:\/\/www.globalong.com\/blog\/wp-content\/uploads\/2016\/05\/Classe-denfants-au-Cambodge-avec-Globalong.jpg\" rel=\"attachment wp-att-4258\"><img loading=\"lazy\" decoding=\"async\" class=\"wp-image-4338 size-medium aligncenter\" src=\"https:\/\/www.globalong.com\/blog\/wp-content\/uploads\/2016\/05\/Classe-denfants-au-Cambodge-avec-Globalong-300x225.jpg\" alt=\"Enfants Globalong Cambodge \" width=\"300\" height=\"225\" srcset=\"https:\/\/www.globalong.com\/blog\/wp-content\/uploads\/2016\/05\/Classe-denfants-au-Cambodge-avec-Globalong-300x225.jpg 300w, https:\/\/www.globalong.com\/blog\/wp-content\/uploads\/2016\/05\/Classe-denfants-au-Cambodge-avec-Globalong-768x576.jpg 768w, https:\/\/www.globalong.com\/blog\/wp-content\/uploads\/2016\/05\/Classe-denfants-au-Cambodge-avec-Globalong-1024x768.jpg 1024w, https:\/\/www.globalong.com\/blog\/wp-content\/uploads\/2016\/05\/Classe-denfants-au-Cambodge-avec-Globalong-150x113.jpg 150w\" sizes=\"(max-width: 300px) 100vw, 300px\" \/><\/a>J\u2019ai visit\u00e9 Siem Reap (patrimoine historiques et temples) et Sihanoukville (Plages), c\u2019est gr\u00e2ce au coordinateur locale que j\u2019ai pu d\u00e9couvrir ses beaux endroits.<\/p>\n<p style=\"text-align: justify;\">C\u2019\u00e9tait une exp\u00e9rience tr\u00e8s enrichissante sur tous les niveaux, elle m\u2019a permis de rencontrer des personnes de tous les coins du monde, de comprendre l\u2019histoire douloureuse du Cambodge avec un peuple malgr\u00e9 toute les difficult\u00e9s de la vie de tous les jours reste souriant et accueillant.<\/p>\n<p style=\"text-align: justify;\">Je suis aujourd\u2019hui plus ouverte vers l\u2019autre et j\u2019ai d\u00e9velopp\u00e9 une tr\u00e8s forte sensibilisation vis-\u00e0-vis des personnes<a href=\"https:\/\/www.globalong.com\/blog\/wp-content\/uploads\/2016\/05\/Groupe-de-volontaires-au-Cambodge-Globalong.jpg\" rel=\"attachment wp-att-4260\"><img loading=\"lazy\" decoding=\"async\" class=\"wp-image-4339 size-medium aligncenter\" src=\"https:\/\/www.globalong.com\/blog\/wp-content\/uploads\/2016\/05\/Groupe-de-volontaires-au-Cambodge-Globalong-300x200.jpg\" alt=\"grope de volontaire au cambodge Globalong\" width=\"300\" height=\"200\" srcset=\"https:\/\/www.globalong.com\/blog\/wp-content\/uploads\/2016\/05\/Groupe-de-volontaires-au-Cambodge-Globalong-300x200.jpg 300w, https:\/\/www.globalong.com\/blog\/wp-content\/uploads\/2016\/05\/Groupe-de-volontaires-au-Cambodge-Globalong-768x512.jpg 768w, https:\/\/www.globalong.com\/blog\/wp-content\/uploads\/2016\/05\/Groupe-de-volontaires-au-Cambodge-Globalong-1024x683.jpg 1024w, https:\/\/www.globalong.com\/blog\/wp-content\/uploads\/2016\/05\/Groupe-de-volontaires-au-Cambodge-Globalong-150x100.jpg 150w, https:\/\/www.globalong.com\/blog\/wp-content\/uploads\/2016\/05\/Groupe-de-volontaires-au-Cambodge-Globalong.jpg 2048w\" sizes=\"(max-width: 300px) 100vw, 300px\" \/><\/a> orphelines et handicap\u00e9es.<\/p>\n<p style=\"text-align: justify;\">La premi\u00e8re semaine de retour \u00e0 la maison fut difficile, apr\u00e8s avoir v\u00e9cu une telle exp\u00e9rience de retourner au quotidien et \u00e0 la vie de tous les jours est un peu d\u00e9stabilisant puisqu\u2019on pense \u00e0 la nostalgie de ces moment v\u00e9cues et aux enfants avec qui ont a tiss\u00e9 des liens d\u2019affection et qui ont fait partie de notre vie quotidienne pendant tout le s\u00e9jour.<a href=\"https:\/\/www.globalong.com\/blog\/wp-content\/uploads\/2016\/05\/Plages-du-Cambodge-Globalong.jpg\" rel=\"attachment wp-att-4266\"><img loading=\"lazy\" decoding=\"async\" class=\"wp-image-4340 size-medium aligncenter\" src=\"https:\/\/www.globalong.com\/blog\/wp-content\/uploads\/2016\/05\/Plages-du-Cambodge-Globalong-300x225.jpg\" alt=\"plage du Cambodge Globalong\" width=\"300\" height=\"225\" srcset=\"https:\/\/www.globalong.com\/blog\/wp-content\/uploads\/2016\/05\/Plages-du-Cambodge-Globalong-300x225.jpg 300w, https:\/\/www.globalong.com\/blog\/wp-content\/uploads\/2016\/05\/Plages-du-Cambodge-Globalong-768x576.jpg 768w, https:\/\/www.globalong.com\/blog\/wp-content\/uploads\/2016\/05\/Plages-du-Cambodge-Globalong-1024x768.jpg 1024w, https:\/\/www.globalong.com\/blog\/wp-content\/uploads\/2016\/05\/Plages-du-Cambodge-Globalong-150x113.jpg 150w\" sizes=\"(max-width: 300px) 100vw, 300px\" \/><\/a><\/p>\n<p style=\"text-align: justify;\">Ne vous faites pas des id\u00e9es pr\u00e9con\u00e7ues avant le voyage par ce que d\u00e8s que vous arriverez, vous allez d\u00e9couvrir un autre monde loin de toutes vos attentes.<\/p>\n<p style=\"text-align: justify;\">Arrivez l\u00e0- bas, int\u00e9grez-vous autant que possible et ouvrez-vous \u00e0 l\u2019autre.<\/p>\n<p style=\"text-align: justify;\">Joelle.<\/p>\n<p style=\"text-align: center;\">Pour plus d&rsquo;information sur les s\u00e9jours propos\u00e9es au Cambodge, n&rsquo;h\u00e9sitez pas \u00e0 nous contacter \u00e0 <span style=\"text-decoration: underline;\"><a href=\"mailto:info@globalong.com\">info@globalong.com<\/a><\/span><\/p>\n<p style=\"text-align: center;\"><span style=\"text-decoration: underline;\"><a href=\"https:\/\/www.globalong.com\/sejour-benevolat\/benevolat-cambodge-enfants.html\" target=\"_blank\" rel=\"noopener\">D\u00e9couvrez les programmes au Cambodge ici<\/a><\/span><\/p>\n<p style=\"text-align: center;\">Envie de voir plus de photos du Cambodge ? <span style=\"text-decoration: underline;\"><a href=\"https:\/\/www.flickr.com\/photos\/globalong\/albums\/72157639827967953\" target=\"_blank\" rel=\"noopener\">C&rsquo;est par l\u00e0<\/a><\/span><\/p>\n","protected":false},"excerpt":{"rendered":"<p>T\u00e9moignage de Jo\u00eblle, b\u00e9n\u00e9vole avec Globalong au Cambodge Je m\u2019appelle Joelle, et je suis partie en mission de b\u00e9n\u00e9volat international avec Globalong au Cambodge pendant plusieurs\u00a0semaines. J\u2019ai toujours voulu faire du volontariat, de m\u2019impliquer et de donner de mon temps pour aider les plus d\u00e9munis. Je m\u2019attendais \u00e0 vivre une exp\u00e9rience tr\u00e8s enrichissante sur tous [&hellip;]<\/p>\n","protected":false},"author":3,"featured_media":4256,"parent":883,"menu_order":0,"comment_status":"open","ping_status":"closed","template":"","meta":{"footnotes":""},"yoast_head":"<!-- This site is optimized with the Yoast SEO Premium plugin v23.4 (Yoast SEO v23.4) - https:\/\/yoast.com\/wordpress\/plugins\/seo\/ -->\n<title>Cambodge - Jo\u00eblle - Association Globalong<\/title>\n<meta name=\"robots\" content=\"index, follow, max-snippet:-1, max-image-preview:large, max-video-preview:-1\" \/>\n<link rel=\"canonical\" href=\"https:\/\/www.globalong.com\/blog\/avis-temoignages-globalong\/cambodge-asie-humanitaire-benevolat-globalong-enfants-handicaps-stage-decouverte-cullture-saveurs-volontaires-international\/\" \/>\n<meta property=\"og:locale\" content=\"fr_FR\" \/>\n<meta property=\"og:type\" content=\"article\" \/>\n<meta property=\"og:title\" content=\"Cambodge - Jo\u00eblle\" \/>\n<meta property=\"og:description\" content=\"T\u00e9moignage de Jo\u00eblle, b\u00e9n\u00e9vole avec Globalong au Cambodge Je m\u2019appelle Joelle, et je suis partie en mission de b\u00e9n\u00e9volat international avec Globalong au Cambodge pendant plusieurs\u00a0semaines. J\u2019ai toujours voulu faire du volontariat, de m\u2019impliquer et de donner de mon temps pour aider les plus d\u00e9munis. Je m\u2019attendais \u00e0 vivre une exp\u00e9rience tr\u00e8s enrichissante sur tous [&hellip;]\" \/>\n<meta property=\"og:url\" content=\"https:\/\/www.globalong.com\/blog\/avis-temoignages-globalong\/cambodge-asie-humanitaire-benevolat-globalong-enfants-handicaps-stage-decouverte-cullture-saveurs-volontaires-international\/\" \/>\n<meta property=\"og:site_name\" content=\"Association Globalong\" \/>\n<meta property=\"article:publisher\" content=\"https:\/\/www.facebook.com\/globalong\" \/>\n<meta property=\"article:modified_time\" content=\"2022-04-28T17:19:07+00:00\" \/>\n<meta property=\"og:image\" content=\"https:\/\/www.globalong.com\/blog\/wp-content\/uploads\/2016\/05\/enfants-cambodge.jpg\" \/>\n\t<meta property=\"og:image:width\" content=\"1024\" \/>\n\t<meta property=\"og:image:height\" content=\"768\" \/>\n\t<meta property=\"og:image:type\" content=\"image\/jpeg\" \/>\n<meta name=\"twitter:card\" content=\"summary_large_image\" \/>\n<meta name=\"twitter:label1\" content=\"Dur\u00e9e de lecture estim\u00e9e\" \/>\n\t<meta name=\"twitter:data1\" content=\"4 minutes\" \/>\n<script type=\"application\/ld+json\" class=\"yoast-schema-graph\">{\"@context\":\"https:\/\/schema.org\",\"@graph\":[{\"@type\":\"WebPage\",\"@id\":\"https:\/\/www.globalong.com\/blog\/avis-temoignages-globalong\/cambodge-asie-humanitaire-benevolat-globalong-enfants-handicaps-stage-decouverte-cullture-saveurs-volontaires-international\/\",\"url\":\"https:\/\/www.globalong.com\/blog\/avis-temoignages-globalong\/cambodge-asie-humanitaire-benevolat-globalong-enfants-handicaps-stage-decouverte-cullture-saveurs-volontaires-international\/\",\"name\":\"Cambodge - Jo\u00eblle - Association Globalong\",\"isPartOf\":{\"@id\":\"https:\/\/www.globalong.com\/blog\/#website\"},\"primaryImageOfPage\":{\"@id\":\"https:\/\/www.globalong.com\/blog\/avis-temoignages-globalong\/cambodge-asie-humanitaire-benevolat-globalong-enfants-handicaps-stage-decouverte-cullture-saveurs-volontaires-international\/#primaryimage\"},\"image\":{\"@id\":\"https:\/\/www.globalong.com\/blog\/avis-temoignages-globalong\/cambodge-asie-humanitaire-benevolat-globalong-enfants-handicaps-stage-decouverte-cullture-saveurs-volontaires-international\/#primaryimage\"},\"thumbnailUrl\":\"https:\/\/www.globalong.com\/blog\/wp-content\/uploads\/2016\/05\/enfants-cambodge.jpg\",\"datePublished\":\"2016-05-20T09:46:53+00:00\",\"dateModified\":\"2022-04-28T17:19:07+00:00\",\"breadcrumb\":{\"@id\":\"https:\/\/www.globalong.com\/blog\/avis-temoignages-globalong\/cambodge-asie-humanitaire-benevolat-globalong-enfants-handicaps-stage-decouverte-cullture-saveurs-volontaires-international\/#breadcrumb\"},\"inLanguage\":\"fr-FR\",\"potentialAction\":[{\"@type\":\"ReadAction\",\"target\":[\"https:\/\/www.globalong.com\/blog\/avis-temoignages-globalong\/cambodge-asie-humanitaire-benevolat-globalong-enfants-handicaps-stage-decouverte-cullture-saveurs-volontaires-international\/\"]}]},{\"@type\":\"ImageObject\",\"inLanguage\":\"fr-FR\",\"@id\":\"https:\/\/www.globalong.com\/blog\/avis-temoignages-globalong\/cambodge-asie-humanitaire-benevolat-globalong-enfants-handicaps-stage-decouverte-cullture-saveurs-volontaires-international\/#primaryimage\",\"url\":\"https:\/\/www.globalong.com\/blog\/wp-content\/uploads\/2016\/05\/enfants-cambodge.jpg\",\"contentUrl\":\"https:\/\/www.globalong.com\/blog\/wp-content\/uploads\/2016\/05\/enfants-cambodge.jpg\",\"width\":1024,\"height\":768,\"caption\":\"enfant au Cambodge Globalong\"},{\"@type\":\"BreadcrumbList\",\"@id\":\"https:\/\/www.globalong.com\/blog\/avis-temoignages-globalong\/cambodge-asie-humanitaire-benevolat-globalong-enfants-handicaps-stage-decouverte-cullture-saveurs-volontaires-international\/#breadcrumb\",\"itemListElement\":[{\"@type\":\"ListItem\",\"position\":1,\"name\":\"Accueil\",\"item\":\"https:\/\/www.globalong.com\/blog\/\"},{\"@type\":\"ListItem\",\"position\":2,\"name\":\"T\u00e9moignages et avis de volontaires Globalong\",\"item\":\"https:\/\/www.globalong.com\/blog\/avis-temoignages-globalong\/\"},{\"@type\":\"ListItem\",\"position\":3,\"name\":\"Cambodge &#8211; Jo\u00eblle\"}]},{\"@type\":\"WebSite\",\"@id\":\"https:\/\/www.globalong.com\/blog\/#website\",\"url\":\"https:\/\/www.globalong.com\/blog\/\",\"name\":\"https:\/\/www.globalong.com\/\",\"description\":\"Mission humanitaire, stage \u00e9tudiant et voyage linguistique\",\"publisher\":{\"@id\":\"https:\/\/www.globalong.com\/blog\/#organization\"},\"potentialAction\":[{\"@type\":\"SearchAction\",\"target\":{\"@type\":\"EntryPoint\",\"urlTemplate\":\"https:\/\/www.globalong.com\/blog\/?s={search_term_string}\"},\"query-input\":{\"@type\":\"PropertyValueSpecification\",\"valueRequired\":true,\"valueName\":\"search_term_string\"}}],\"inLanguage\":\"fr-FR\"},{\"@type\":\"Organization\",\"@id\":\"https:\/\/www.globalong.com\/blog\/#organization\",\"name\":\"Association Globalong\",\"url\":\"https:\/\/www.globalong.com\/blog\/\",\"logo\":{\"@type\":\"ImageObject\",\"inLanguage\":\"fr-FR\",\"@id\":\"https:\/\/www.globalong.com\/blog\/#\/schema\/logo\/image\/\",\"url\":\"https:\/\/www.globalong.com\/blog\/wp-content\/uploads\/2014\/11\/cropped-cropped-Logo-et-Afrique-Globalong-petite-taille-2.jpg\",\"contentUrl\":\"https:\/\/www.globalong.com\/blog\/wp-content\/uploads\/2014\/11\/cropped-cropped-Logo-et-Afrique-Globalong-petite-taille-2.jpg\",\"width\":512,\"height\":512,\"caption\":\"Association Globalong\"},\"image\":{\"@id\":\"https:\/\/www.globalong.com\/blog\/#\/schema\/logo\/image\/\"},\"sameAs\":[\"https:\/\/www.facebook.com\/globalong\"]}]}<\/script>\n<!-- \/ Yoast SEO Premium plugin. -->","yoast_head_json":{"title":"Cambodge - Jo\u00eblle - Association Globalong","robots":{"index":"index","follow":"follow","max-snippet":"max-snippet:-1","max-image-preview":"max-image-preview:large","max-video-preview":"max-video-preview:-1"},"canonical":"https:\/\/www.globalong.com\/blog\/avis-temoignages-globalong\/cambodge-asie-humanitaire-benevolat-globalong-enfants-handicaps-stage-decouverte-cullture-saveurs-volontaires-international\/","og_locale":"fr_FR","og_type":"article","og_title":"Cambodge - Jo\u00eblle","og_description":"T\u00e9moignage de Jo\u00eblle, b\u00e9n\u00e9vole avec Globalong au Cambodge Je m\u2019appelle Joelle, et je suis partie en mission de b\u00e9n\u00e9volat international avec Globalong au Cambodge pendant plusieurs\u00a0semaines. J\u2019ai toujours voulu faire du volontariat, de m\u2019impliquer et de donner de mon temps pour aider les plus d\u00e9munis. Je m\u2019attendais \u00e0 vivre une exp\u00e9rience tr\u00e8s enrichissante sur tous [&hellip;]","og_url":"https:\/\/www.globalong.com\/blog\/avis-temoignages-globalong\/cambodge-asie-humanitaire-benevolat-globalong-enfants-handicaps-stage-decouverte-cullture-saveurs-volontaires-international\/","og_site_name":"Association Globalong","article_publisher":"https:\/\/www.facebook.com\/globalong","article_modified_time":"2022-04-28T17:19:07+00:00","og_image":[{"width":1024,"height":768,"url":"https:\/\/www.globalong.com\/blog\/wp-content\/uploads\/2016\/05\/enfants-cambodge.jpg","type":"image\/jpeg"}],"twitter_card":"summary_large_image","twitter_misc":{"Dur\u00e9e de lecture estim\u00e9e":"4 minutes"},"schema":{"@context":"https:\/\/schema.org","@graph":[{"@type":"WebPage","@id":"https:\/\/www.globalong.com\/blog\/avis-temoignages-globalong\/cambodge-asie-humanitaire-benevolat-globalong-enfants-handicaps-stage-decouverte-cullture-saveurs-volontaires-international\/","url":"https:\/\/www.globalong.com\/blog\/avis-temoignages-globalong\/cambodge-asie-humanitaire-benevolat-globalong-enfants-handicaps-stage-decouverte-cullture-saveurs-volontaires-international\/","name":"Cambodge - Jo\u00eblle - Association Globalong","isPartOf":{"@id":"https:\/\/www.globalong.com\/blog\/#website"},"primaryImageOfPage":{"@id":"https:\/\/www.globalong.com\/blog\/avis-temoignages-globalong\/cambodge-asie-humanitaire-benevolat-globalong-enfants-handicaps-stage-decouverte-cullture-saveurs-volontaires-international\/#primaryimage"},"image":{"@id":"https:\/\/www.globalong.com\/blog\/avis-temoignages-globalong\/cambodge-asie-humanitaire-benevolat-globalong-enfants-handicaps-stage-decouverte-cullture-saveurs-volontaires-international\/#primaryimage"},"thumbnailUrl":"https:\/\/www.globalong.com\/blog\/wp-content\/uploads\/2016\/05\/enfants-cambodge.jpg","datePublished":"2016-05-20T09:46:53+00:00","dateModified":"2022-04-28T17:19:07+00:00","breadcrumb":{"@id":"https:\/\/www.globalong.com\/blog\/avis-temoignages-globalong\/cambodge-asie-humanitaire-benevolat-globalong-enfants-handicaps-stage-decouverte-cullture-saveurs-volontaires-international\/#breadcrumb"},"inLanguage":"fr-FR","potentialAction":[{"@type":"ReadAction","target":["https:\/\/www.globalong.com\/blog\/avis-temoignages-globalong\/cambodge-asie-humanitaire-benevolat-globalong-enfants-handicaps-stage-decouverte-cullture-saveurs-volontaires-international\/"]}]},{"@type":"ImageObject","inLanguage":"fr-FR","@id":"https:\/\/www.globalong.com\/blog\/avis-temoignages-globalong\/cambodge-asie-humanitaire-benevolat-globalong-enfants-handicaps-stage-decouverte-cullture-saveurs-volontaires-international\/#primaryimage","url":"https:\/\/www.globalong.com\/blog\/wp-content\/uploads\/2016\/05\/enfants-cambodge.jpg","contentUrl":"https:\/\/www.globalong.com\/blog\/wp-content\/uploads\/2016\/05\/enfants-cambodge.jpg","width":1024,"height":768,"caption":"enfant au Cambodge Globalong"},{"@type":"BreadcrumbList","@id":"https:\/\/www.globalong.com\/blog\/avis-temoignages-globalong\/cambodge-asie-humanitaire-benevolat-globalong-enfants-handicaps-stage-decouverte-cullture-saveurs-volontaires-international\/#breadcrumb","itemListElement":[{"@type":"ListItem","position":1,"name":"Accueil","item":"https:\/\/www.globalong.com\/blog\/"},{"@type":"ListItem","position":2,"name":"T\u00e9moignages et avis de volontaires Globalong","item":"https:\/\/www.globalong.com\/blog\/avis-temoignages-globalong\/"},{"@type":"ListItem","position":3,"name":"Cambodge &#8211; Jo\u00eblle"}]},{"@type":"WebSite","@id":"https:\/\/www.globalong.com\/blog\/#website","url":"https:\/\/www.globalong.com\/blog\/","name":"https:\/\/www.globalong.com\/","description":"Mission humanitaire, stage \u00e9tudiant et voyage linguistique","publisher":{"@id":"https:\/\/www.globalong.com\/blog\/#organization"},"potentialAction":[{"@type":"SearchAction","target":{"@type":"EntryPoint","urlTemplate":"https:\/\/www.globalong.com\/blog\/?s={search_term_string}"},"query-input":{"@type":"PropertyValueSpecification","valueRequired":true,"valueName":"search_term_string"}}],"inLanguage":"fr-FR"},{"@type":"Organization","@id":"https:\/\/www.globalong.com\/blog\/#organization","name":"Association Globalong","url":"https:\/\/www.globalong.com\/blog\/","logo":{"@type":"ImageObject","inLanguage":"fr-FR","@id":"https:\/\/www.globalong.com\/blog\/#\/schema\/logo\/image\/","url":"https:\/\/www.globalong.com\/blog\/wp-content\/uploads\/2014\/11\/cropped-cropped-Logo-et-Afrique-Globalong-petite-taille-2.jpg","contentUrl":"https:\/\/www.globalong.com\/blog\/wp-content\/uploads\/2014\/11\/cropped-cropped-Logo-et-Afrique-Globalong-petite-taille-2.jpg","width":512,"height":512,"caption":"Association Globalong"},"image":{"@id":"https:\/\/www.globalong.com\/blog\/#\/schema\/logo\/image\/"},"sameAs":["https:\/\/www.facebook.com\/globalong"]}]}},"_links":{"self":[{"href":"https:\/\/www.globalong.com\/blog\/wp-json\/wp\/v2\/pages\/4245"}],"collection":[{"href":"https:\/\/www.globalong.com\/blog\/wp-json\/wp\/v2\/pages"}],"about":[{"href":"https:\/\/www.globalong.com\/blog\/wp-json\/wp\/v2\/types\/page"}],"author":[{"embeddable":true,"href":"https:\/\/www.globalong.com\/blog\/wp-json\/wp\/v2\/users\/3"}],"replies":[{"embeddable":true,"href":"https:\/\/www.globalong.com\/blog\/wp-json\/wp\/v2\/comments?post=4245"}],"version-history":[{"count":23,"href":"https:\/\/www.globalong.com\/blog\/wp-json\/wp\/v2\/pages\/4245\/revisions"}],"predecessor-version":[{"id":14451,"href":"https:\/\/www.globalong.com\/blog\/wp-json\/wp\/v2\/pages\/4245\/revisions\/14451"}],"up":[{"embeddable":true,"href":"https:\/\/www.globalong.com\/blog\/wp-json\/wp\/v2\/pages\/883"}],"wp:featuredmedia":[{"embeddable":true,"href":"https:\/\/www.globalong.com\/blog\/wp-json\/wp\/v2\/media\/4256"}],"wp:attachment":[{"href":"https:\/\/www.globalong.com\/blog\/wp-json\/wp\/v2\/media?parent=4245"}],"curies":[{"name":"wp","href":"https:\/\/api.w.org\/{rel}","templated":true}]}}