{"id":4304,"date":"2016-05-20T16:07:08","date_gmt":"2016-05-20T14:07:08","guid":{"rendered":"https:\/\/www.globalong.com\/blog\/?page_id=4304"},"modified":"2022-04-28T19:20:13","modified_gmt":"2022-04-28T17:20:13","slug":"cambodge-asie-globalong-enfants-amour-benevolat-humanitaire-social-culture-influence-integration-stage-maladies-handicaps-bienveillance","status":"publish","type":"page","link":"https:\/\/www.globalong.com\/blog\/avis-temoignages-globalong\/cambodge-asie-globalong-enfants-amour-benevolat-humanitaire-social-culture-influence-integration-stage-maladies-handicaps-bienveillance\/","title":{"rendered":"Cambodge &#8211; Joy"},"content":{"rendered":"<h4 style=\"text-align: center;\"><span style=\"color: #b81657;\">T\u00e9moignage de Joy, volontaire au Cambodge avec Globalong.<\/span><\/h4>\n<p style=\"text-align: justify;\"><a href=\"https:\/\/www.globalong.com\/blog\/wp-content\/uploads\/2016\/05\/Cest-lheure-des-ca\u0302lins-avec-Joy-au-Cambodge-et-Globalong.jpg\" rel=\"attachment wp-att-4306\"><img loading=\"lazy\" decoding=\"async\" class=\"wp-image-4306 aligncenter\" src=\"https:\/\/www.globalong.com\/blog\/wp-content\/uploads\/2016\/05\/Cest-lheure-des-ca\u0302lins-avec-Joy-au-Cambodge-et-Globalong-169x300.jpg\" alt=\"C'est l'heure des ca\u0302lins avec Joy au Cambodge et Globalong\" width=\"300\" height=\"534\" srcset=\"https:\/\/www.globalong.com\/blog\/wp-content\/uploads\/2016\/05\/Cest-lheure-des-ca\u0302lins-avec-Joy-au-Cambodge-et-Globalong-169x300.jpg 169w, https:\/\/www.globalong.com\/blog\/wp-content\/uploads\/2016\/05\/Cest-lheure-des-ca\u0302lins-avec-Joy-au-Cambodge-et-Globalong-576x1024.jpg 576w, https:\/\/www.globalong.com\/blog\/wp-content\/uploads\/2016\/05\/Cest-lheure-des-ca\u0302lins-avec-Joy-au-Cambodge-et-Globalong-84x150.jpg 84w, https:\/\/www.globalong.com\/blog\/wp-content\/uploads\/2016\/05\/Cest-lheure-des-ca\u0302lins-avec-Joy-au-Cambodge-et-Globalong.jpg 750w\" sizes=\"(max-width: 300px) 100vw, 300px\" \/><\/a>Je m\u2019appelle Joy et je suis partie au Cambodge.<\/p>\n<p style=\"text-align: justify;\">Cela faisait quelques temps que j\u2019envisageais de m\u2019engager dans un programme de volontariat et ce pour plusieurs raisons, entre autres pour r\u00e9pondre \u00e0 mon d\u00e9sir d\u2019aider les autres en particulier les enfants d\u00e9favoris\u00e9s tout en prenant du recul sur mes capacit\u00e9s.<br \/>\nA vrai dire, je m\u2019attendais \u00e0 ce que l\u2019exp\u00e9rience soit plus simple, ou du moins que le contact avec les enfants handicap\u00e9s se fasse de mani\u00e8re plus naturelle, ce qui n\u2019a pas \u00e9t\u00e9 le cas\u00a0; cependant, le challenge surmont\u00e9 a rendu l\u2019exp\u00e9rience d\u2019autant plus riche en \u00e9motions et le\u00e7ons.<\/p>\n<p style=\"text-align: justify;\">Je conseillerais Globalong pour la qualit\u00e9 des services qu\u2019ils proposent, leur bonne organisation et leur disponibilit\u00e9. Les \u00e9changes que j\u2019ai eux avec eux \u00e9taient aussi tr\u00e8s agr\u00e9ables.<\/p>\n<p style=\"text-align: justify;\">La p\u00e9riode d\u2019introduction qui incluait des cours de langue s\u2019est tr\u00e8s bien d\u00e9roul\u00e9e. J\u2019ai beaucoup appris sur la culture cambodgienne, sur l\u2019histoire du pays, ce qu\u2019il faut et ne faut pas faire, o\u00f9 sortir, etc.<\/p>\n<p style=\"text-align: justify;\">La p\u00e9riode de b\u00e9n\u00e9volat \u00e9tait riche en \u00e9motions. J\u2019ai \u00e9t\u00e9 plac\u00e9 dans le centre de nutrition\/ orphelinat r\u00e9git par le gouvernement cambodgien.<\/p>\n<p style=\"text-align: justify;\">La plupart des enfants plac\u00e9s dans cet orphelinat sont soit handicap\u00e9s, soit atteints d\u2019autisme, soit atteints de SIDA.<\/p>\n<p style=\"text-align: justify;\"><a href=\"https:\/\/www.globalong.com\/blog\/wp-content\/uploads\/2016\/05\/Moine-bouddhiste-Cambodge-Globalong.jpg\" rel=\"attachment wp-att-4308\"><img loading=\"lazy\" decoding=\"async\" class=\"size-medium wp-image-4308 aligncenter\" src=\"https:\/\/www.globalong.com\/blog\/wp-content\/uploads\/2016\/05\/Moine-bouddhiste-Cambodge-Globalong-300x225.jpg\" alt=\"Visite d'un temple Cambodgiens pendant le temps libre Globalong\" width=\"300\" height=\"225\" srcset=\"https:\/\/www.globalong.com\/blog\/wp-content\/uploads\/2016\/05\/Moine-bouddhiste-Cambodge-Globalong-300x225.jpg 300w, https:\/\/www.globalong.com\/blog\/wp-content\/uploads\/2016\/05\/Moine-bouddhiste-Cambodge-Globalong-768x576.jpg 768w, https:\/\/www.globalong.com\/blog\/wp-content\/uploads\/2016\/05\/Moine-bouddhiste-Cambodge-Globalong-1024x768.jpg 1024w, https:\/\/www.globalong.com\/blog\/wp-content\/uploads\/2016\/05\/Moine-bouddhiste-Cambodge-Globalong-150x113.jpg 150w\" sizes=\"(max-width: 300px) 100vw, 300px\" \/><\/a>Durant la p\u00e9riode d\u2019introduction, le coordinateur du projet m\u2019a inform\u00e9 sur la situation de fa\u00e7on \u00e0 ce que je sache plus ou moins \u00e0 quoi m\u2019attendre.<\/p>\n<p style=\"text-align: justify;\">Mon premier jour venu m\u2019a pris par surprise voire choc\u00a0: les conditions \u00e9taient pr\u00e9caires, en plus des 40 degr\u00e9s qu\u2019il faisait.<\/p>\n<p style=\"text-align: justify;\">On ne m\u2019a pas vraiment expliqu\u00e9 ce qu\u2019on attendait de moi mais, en observant les autres volontaires qui \u00e9taient l\u00e0 depuis quelques temps, j\u2019ai tr\u00e8s vite compris ce qu\u2019il fallait faire\u00a0: simplement prendre soin des enfants.<a href=\"https:\/\/www.globalong.com\/blog\/wp-content\/uploads\/2016\/05\/Plage-du-Cambodge-Globalong-.jpg\" rel=\"attachment wp-att-4311\"><img loading=\"lazy\" decoding=\"async\" class=\"size-medium wp-image-4311 aligncenter\" src=\"https:\/\/www.globalong.com\/blog\/wp-content\/uploads\/2016\/05\/Plage-du-Cambodge-Globalong--300x169.jpg\" alt=\"Ballade en mer Globalong Cambodge\" width=\"300\" height=\"169\" srcset=\"https:\/\/www.globalong.com\/blog\/wp-content\/uploads\/2016\/05\/Plage-du-Cambodge-Globalong--300x169.jpg 300w, https:\/\/www.globalong.com\/blog\/wp-content\/uploads\/2016\/05\/Plage-du-Cambodge-Globalong--768x432.jpg 768w, https:\/\/www.globalong.com\/blog\/wp-content\/uploads\/2016\/05\/Plage-du-Cambodge-Globalong--1024x576.jpg 1024w, https:\/\/www.globalong.com\/blog\/wp-content\/uploads\/2016\/05\/Plage-du-Cambodge-Globalong--150x84.jpg 150w, https:\/\/www.globalong.com\/blog\/wp-content\/uploads\/2016\/05\/Plage-du-Cambodge-Globalong-.jpg 1334w\" sizes=\"(max-width: 300px) 100vw, 300px\" \/><\/a><\/p>\n<p style=\"text-align: justify;\">Prendre soin en jouant, en donnant \u00e0 manger, en chantant, en dansant, en changeant des couches, en les aimant quoi.<\/p>\n<p style=\"text-align: justify;\">Mon premier et dernier jour \u00e0 l\u2019orphelinat \u00e9taient lourds en \u00e9motions\u00a0; le premier l\u2019\u00e9tait par choc des conditions, par choc de l\u2019injustice que subissent ses enfants alors que mon dernier l\u2019\u00e9tait par amour, joie et surtout espoir, plus forte le\u00e7on que je puisse esp\u00e9rer avoir appris aux enfants et celle qu\u2019ils m\u2019ont sans doute appris.<a href=\"https:\/\/www.globalong.com\/blog\/wp-content\/uploads\/2016\/05\/Be\u0301ne\u0301vole-avec-Globalong-au-Cambodge.jpg\" rel=\"attachment wp-att-4313\"><img loading=\"lazy\" decoding=\"async\" class=\"size-medium wp-image-4313 aligncenter\" src=\"https:\/\/www.globalong.com\/blog\/wp-content\/uploads\/2016\/05\/Be\u0301ne\u0301vole-avec-Globalong-au-Cambodge-300x169.jpg\" alt=\"Be\u0301ne\u0301vole avec Globalong au Cambodge\" width=\"300\" height=\"169\" srcset=\"https:\/\/www.globalong.com\/blog\/wp-content\/uploads\/2016\/05\/Be\u0301ne\u0301vole-avec-Globalong-au-Cambodge-300x169.jpg 300w, https:\/\/www.globalong.com\/blog\/wp-content\/uploads\/2016\/05\/Be\u0301ne\u0301vole-avec-Globalong-au-Cambodge-768x432.jpg 768w, https:\/\/www.globalong.com\/blog\/wp-content\/uploads\/2016\/05\/Be\u0301ne\u0301vole-avec-Globalong-au-Cambodge-1024x576.jpg 1024w, https:\/\/www.globalong.com\/blog\/wp-content\/uploads\/2016\/05\/Be\u0301ne\u0301vole-avec-Globalong-au-Cambodge-150x84.jpg 150w, https:\/\/www.globalong.com\/blog\/wp-content\/uploads\/2016\/05\/Be\u0301ne\u0301vole-avec-Globalong-au-Cambodge.jpg 1334w\" sizes=\"(max-width: 300px) 100vw, 300px\" \/><\/a><\/p>\n<p style=\"text-align: justify;\">Nous avons pass\u00e9 un weekend a Siem Reap pour visiter les temples bouddhistes, mais \u00e9galement le village flottant et un autre \u00e0 Sihanoukville pour profiter des belles plages cambodgiennes.<\/p>\n<p style=\"text-align: justify;\">J\u2019ai rencontr\u00e9 des b\u00e9n\u00e9voles venus d\u2019un peu partout dans le monde, et j\u2019ai organis\u00e9 mes weekends avec eux ce qui a rendu mon exp\u00e9rience encore plus riche en terme d\u2019\u00e9change culturel.<a href=\"https:\/\/www.globalong.com\/blog\/wp-content\/uploads\/2016\/05\/Photo-monuments-Cambodge-Globalong.jpg\" rel=\"attachment wp-att-4317\"><img loading=\"lazy\" decoding=\"async\" class=\"wp-image-4317 aligncenter\" src=\"https:\/\/www.globalong.com\/blog\/wp-content\/uploads\/2016\/05\/Photo-monuments-Cambodge-Globalong-225x300.jpg\" alt=\"Photo monuments Cambodge Globalong\" width=\"300\" height=\"400\" srcset=\"https:\/\/www.globalong.com\/blog\/wp-content\/uploads\/2016\/05\/Photo-monuments-Cambodge-Globalong-225x300.jpg 225w, https:\/\/www.globalong.com\/blog\/wp-content\/uploads\/2016\/05\/Photo-monuments-Cambodge-Globalong-768x1024.jpg 768w, https:\/\/www.globalong.com\/blog\/wp-content\/uploads\/2016\/05\/Photo-monuments-Cambodge-Globalong-113x150.jpg 113w\" sizes=\"(max-width: 300px) 100vw, 300px\" \/><\/a><\/p>\n<p style=\"text-align: justify;\">Cela m\u2019a \u00e9galement permis de m\u2019informer davantage sur les divers programmes de volontariat dans lesquels \u00e9taient engag\u00e9s\u00a0les autres volontaires.<\/p>\n<p style=\"text-align: justify;\">Cette exp\u00e9rience me sert aujourd\u2019hui et me servira je pense dans le future \u00e0 relativiser envers les situations difficiles auxquelles je peux faire face, afin de m\u2019ouvrir plus facilement aux autres, mais surtout de compatir avec les autres et de me rendre compte de mes capacit\u00e9s.<\/p>\n<p style=\"text-align: justify;\">Mon retour \u00e0 la maison s\u2019est bien pass\u00e9. Je n\u2019ai eu aucune difficult\u00e9 \u00e0 me r\u00e9adapter alors que ca n\u2019a pas \u00e9t\u00e9 aussi facile \u00e0 mon arriv\u00e9e l\u00e0 bas. Bien que l\u2019accueil a l\u2019a\u00e9roport et au logement soit satisfaisant.<\/p>\n<p style=\"text-align: justify;\">Mon conseil aux futurs participants\u00a0: Soyez ouverts d\u2019esprit, exprimez vous et ne doutez pas de vos capacit\u00e9s\u00a0; vous \u00eates capable d\u2019aider plus que vous ne le croyez. Finalement, respectez la culture dans laquelle vous vous trouvez\u00a0!<\/p>\n<p style=\"text-align: justify;\">Joy.<\/p>\n<p style=\"text-align: justify;\">D\u00e9couvrez les programmes de b\u00e9n\u00e9volat au Cambodge<span style=\"text-decoration: underline;\"><a href=\"https:\/\/www.globalong.com\/sejour-benevolat\/benevolat-cambodge-enfants.html\" target=\"_blank\" rel=\"noopener\"> ici !<\/a><\/span><\/p>\n<p style=\"text-align: justify;\">N&rsquo;h\u00e9sitez pas \u00e0 nous contacter pour plus d&rsquo;informations \u00e0 <span style=\"text-decoration: underline;\"><a href=\"mailto:info@globalong.com\" target=\"_blank\" rel=\"noopener\">info@globalong.com<\/a><\/span><\/p>\n<p style=\"text-align: justify;\">Envie de voir plus de photos ? <span style=\"text-decoration: underline;\"><a href=\"https:\/\/www.flickr.com\/photos\/globalong\/albums\/72157639827967953\" target=\"_blank\" rel=\"noopener\">C&rsquo;est par l\u00e0 !<\/a><\/span><\/p>\n","protected":false},"excerpt":{"rendered":"<p>T\u00e9moignage de Joy, volontaire au Cambodge avec Globalong. Je m\u2019appelle Joy et je suis partie au Cambodge. Cela faisait quelques temps que j\u2019envisageais de m\u2019engager dans un programme de volontariat et ce pour plusieurs raisons, entre autres pour r\u00e9pondre \u00e0 mon d\u00e9sir d\u2019aider les autres en particulier les enfants d\u00e9favoris\u00e9s tout en prenant du recul [&hellip;]<\/p>\n","protected":false},"author":3,"featured_media":4313,"parent":883,"menu_order":0,"comment_status":"open","ping_status":"closed","template":"","meta":{"footnotes":""},"yoast_head":"<!-- This site is optimized with the Yoast SEO Premium plugin v23.4 (Yoast SEO v23.4) - https:\/\/yoast.com\/wordpress\/plugins\/seo\/ -->\n<title>Cambodge - Joy - Association Globalong<\/title>\n<meta name=\"robots\" content=\"index, follow, max-snippet:-1, max-image-preview:large, max-video-preview:-1\" \/>\n<link rel=\"canonical\" href=\"https:\/\/www.globalong.com\/blog\/avis-temoignages-globalong\/cambodge-asie-globalong-enfants-amour-benevolat-humanitaire-social-culture-influence-integration-stage-maladies-handicaps-bienveillance\/\" \/>\n<meta property=\"og:locale\" content=\"fr_FR\" \/>\n<meta property=\"og:type\" content=\"article\" \/>\n<meta property=\"og:title\" content=\"Cambodge - Joy\" \/>\n<meta property=\"og:description\" content=\"T\u00e9moignage de Joy, volontaire au Cambodge avec Globalong. Je m\u2019appelle Joy et je suis partie au Cambodge. Cela faisait quelques temps que j\u2019envisageais de m\u2019engager dans un programme de volontariat et ce pour plusieurs raisons, entre autres pour r\u00e9pondre \u00e0 mon d\u00e9sir d\u2019aider les autres en particulier les enfants d\u00e9favoris\u00e9s tout en prenant du recul [&hellip;]\" \/>\n<meta property=\"og:url\" content=\"https:\/\/www.globalong.com\/blog\/avis-temoignages-globalong\/cambodge-asie-globalong-enfants-amour-benevolat-humanitaire-social-culture-influence-integration-stage-maladies-handicaps-bienveillance\/\" \/>\n<meta property=\"og:site_name\" content=\"Association Globalong\" \/>\n<meta property=\"article:publisher\" content=\"https:\/\/www.facebook.com\/globalong\" \/>\n<meta property=\"article:modified_time\" content=\"2022-04-28T17:20:13+00:00\" \/>\n<meta property=\"og:image\" content=\"https:\/\/www.globalong.com\/blog\/wp-content\/uploads\/2016\/05\/Be\u0301ne\u0301vole-avec-Globalong-au-Cambodge.jpg\" \/>\n\t<meta property=\"og:image:width\" content=\"1334\" \/>\n\t<meta property=\"og:image:height\" content=\"750\" \/>\n\t<meta property=\"og:image:type\" content=\"image\/jpeg\" \/>\n<meta name=\"twitter:card\" content=\"summary_large_image\" \/>\n<meta name=\"twitter:label1\" content=\"Dur\u00e9e de lecture estim\u00e9e\" \/>\n\t<meta name=\"twitter:data1\" content=\"3 minutes\" \/>\n<script type=\"application\/ld+json\" class=\"yoast-schema-graph\">{\"@context\":\"https:\/\/schema.org\",\"@graph\":[{\"@type\":\"WebPage\",\"@id\":\"https:\/\/www.globalong.com\/blog\/avis-temoignages-globalong\/cambodge-asie-globalong-enfants-amour-benevolat-humanitaire-social-culture-influence-integration-stage-maladies-handicaps-bienveillance\/\",\"url\":\"https:\/\/www.globalong.com\/blog\/avis-temoignages-globalong\/cambodge-asie-globalong-enfants-amour-benevolat-humanitaire-social-culture-influence-integration-stage-maladies-handicaps-bienveillance\/\",\"name\":\"Cambodge - Joy - Association Globalong\",\"isPartOf\":{\"@id\":\"https:\/\/www.globalong.com\/blog\/#website\"},\"primaryImageOfPage\":{\"@id\":\"https:\/\/www.globalong.com\/blog\/avis-temoignages-globalong\/cambodge-asie-globalong-enfants-amour-benevolat-humanitaire-social-culture-influence-integration-stage-maladies-handicaps-bienveillance\/#primaryimage\"},\"image\":{\"@id\":\"https:\/\/www.globalong.com\/blog\/avis-temoignages-globalong\/cambodge-asie-globalong-enfants-amour-benevolat-humanitaire-social-culture-influence-integration-stage-maladies-handicaps-bienveillance\/#primaryimage\"},\"thumbnailUrl\":\"https:\/\/www.globalong.com\/blog\/wp-content\/uploads\/2016\/05\/Be\u0301ne\u0301vole-avec-Globalong-au-Cambodge.jpg\",\"datePublished\":\"2016-05-20T14:07:08+00:00\",\"dateModified\":\"2022-04-28T17:20:13+00:00\",\"breadcrumb\":{\"@id\":\"https:\/\/www.globalong.com\/blog\/avis-temoignages-globalong\/cambodge-asie-globalong-enfants-amour-benevolat-humanitaire-social-culture-influence-integration-stage-maladies-handicaps-bienveillance\/#breadcrumb\"},\"inLanguage\":\"fr-FR\",\"potentialAction\":[{\"@type\":\"ReadAction\",\"target\":[\"https:\/\/www.globalong.com\/blog\/avis-temoignages-globalong\/cambodge-asie-globalong-enfants-amour-benevolat-humanitaire-social-culture-influence-integration-stage-maladies-handicaps-bienveillance\/\"]}]},{\"@type\":\"ImageObject\",\"inLanguage\":\"fr-FR\",\"@id\":\"https:\/\/www.globalong.com\/blog\/avis-temoignages-globalong\/cambodge-asie-globalong-enfants-amour-benevolat-humanitaire-social-culture-influence-integration-stage-maladies-handicaps-bienveillance\/#primaryimage\",\"url\":\"https:\/\/www.globalong.com\/blog\/wp-content\/uploads\/2016\/05\/Be\u0301ne\u0301vole-avec-Globalong-au-Cambodge.jpg\",\"contentUrl\":\"https:\/\/www.globalong.com\/blog\/wp-content\/uploads\/2016\/05\/Be\u0301ne\u0301vole-avec-Globalong-au-Cambodge.jpg\",\"width\":1334,\"height\":750,\"caption\":\"B\u00e9n\u00e9voles avec Globalong au Cambodge\"},{\"@type\":\"BreadcrumbList\",\"@id\":\"https:\/\/www.globalong.com\/blog\/avis-temoignages-globalong\/cambodge-asie-globalong-enfants-amour-benevolat-humanitaire-social-culture-influence-integration-stage-maladies-handicaps-bienveillance\/#breadcrumb\",\"itemListElement\":[{\"@type\":\"ListItem\",\"position\":1,\"name\":\"Accueil\",\"item\":\"https:\/\/www.globalong.com\/blog\/\"},{\"@type\":\"ListItem\",\"position\":2,\"name\":\"T\u00e9moignages et avis de volontaires Globalong\",\"item\":\"https:\/\/www.globalong.com\/blog\/avis-temoignages-globalong\/\"},{\"@type\":\"ListItem\",\"position\":3,\"name\":\"Cambodge &#8211; Joy\"}]},{\"@type\":\"WebSite\",\"@id\":\"https:\/\/www.globalong.com\/blog\/#website\",\"url\":\"https:\/\/www.globalong.com\/blog\/\",\"name\":\"https:\/\/www.globalong.com\/\",\"description\":\"Mission humanitaire, stage \u00e9tudiant et voyage linguistique\",\"publisher\":{\"@id\":\"https:\/\/www.globalong.com\/blog\/#organization\"},\"potentialAction\":[{\"@type\":\"SearchAction\",\"target\":{\"@type\":\"EntryPoint\",\"urlTemplate\":\"https:\/\/www.globalong.com\/blog\/?s={search_term_string}\"},\"query-input\":{\"@type\":\"PropertyValueSpecification\",\"valueRequired\":true,\"valueName\":\"search_term_string\"}}],\"inLanguage\":\"fr-FR\"},{\"@type\":\"Organization\",\"@id\":\"https:\/\/www.globalong.com\/blog\/#organization\",\"name\":\"Association Globalong\",\"url\":\"https:\/\/www.globalong.com\/blog\/\",\"logo\":{\"@type\":\"ImageObject\",\"inLanguage\":\"fr-FR\",\"@id\":\"https:\/\/www.globalong.com\/blog\/#\/schema\/logo\/image\/\",\"url\":\"https:\/\/www.globalong.com\/blog\/wp-content\/uploads\/2014\/11\/cropped-cropped-Logo-et-Afrique-Globalong-petite-taille-2.jpg\",\"contentUrl\":\"https:\/\/www.globalong.com\/blog\/wp-content\/uploads\/2014\/11\/cropped-cropped-Logo-et-Afrique-Globalong-petite-taille-2.jpg\",\"width\":512,\"height\":512,\"caption\":\"Association Globalong\"},\"image\":{\"@id\":\"https:\/\/www.globalong.com\/blog\/#\/schema\/logo\/image\/\"},\"sameAs\":[\"https:\/\/www.facebook.com\/globalong\"]}]}<\/script>\n<!-- \/ Yoast SEO Premium plugin. -->","yoast_head_json":{"title":"Cambodge - Joy - Association Globalong","robots":{"index":"index","follow":"follow","max-snippet":"max-snippet:-1","max-image-preview":"max-image-preview:large","max-video-preview":"max-video-preview:-1"},"canonical":"https:\/\/www.globalong.com\/blog\/avis-temoignages-globalong\/cambodge-asie-globalong-enfants-amour-benevolat-humanitaire-social-culture-influence-integration-stage-maladies-handicaps-bienveillance\/","og_locale":"fr_FR","og_type":"article","og_title":"Cambodge - Joy","og_description":"T\u00e9moignage de Joy, volontaire au Cambodge avec Globalong. Je m\u2019appelle Joy et je suis partie au Cambodge. Cela faisait quelques temps que j\u2019envisageais de m\u2019engager dans un programme de volontariat et ce pour plusieurs raisons, entre autres pour r\u00e9pondre \u00e0 mon d\u00e9sir d\u2019aider les autres en particulier les enfants d\u00e9favoris\u00e9s tout en prenant du recul [&hellip;]","og_url":"https:\/\/www.globalong.com\/blog\/avis-temoignages-globalong\/cambodge-asie-globalong-enfants-amour-benevolat-humanitaire-social-culture-influence-integration-stage-maladies-handicaps-bienveillance\/","og_site_name":"Association Globalong","article_publisher":"https:\/\/www.facebook.com\/globalong","article_modified_time":"2022-04-28T17:20:13+00:00","og_image":[{"width":1334,"height":750,"url":"https:\/\/www.globalong.com\/blog\/wp-content\/uploads\/2016\/05\/Be\u0301ne\u0301vole-avec-Globalong-au-Cambodge.jpg","type":"image\/jpeg"}],"twitter_card":"summary_large_image","twitter_misc":{"Dur\u00e9e de lecture estim\u00e9e":"3 minutes"},"schema":{"@context":"https:\/\/schema.org","@graph":[{"@type":"WebPage","@id":"https:\/\/www.globalong.com\/blog\/avis-temoignages-globalong\/cambodge-asie-globalong-enfants-amour-benevolat-humanitaire-social-culture-influence-integration-stage-maladies-handicaps-bienveillance\/","url":"https:\/\/www.globalong.com\/blog\/avis-temoignages-globalong\/cambodge-asie-globalong-enfants-amour-benevolat-humanitaire-social-culture-influence-integration-stage-maladies-handicaps-bienveillance\/","name":"Cambodge - Joy - Association Globalong","isPartOf":{"@id":"https:\/\/www.globalong.com\/blog\/#website"},"primaryImageOfPage":{"@id":"https:\/\/www.globalong.com\/blog\/avis-temoignages-globalong\/cambodge-asie-globalong-enfants-amour-benevolat-humanitaire-social-culture-influence-integration-stage-maladies-handicaps-bienveillance\/#primaryimage"},"image":{"@id":"https:\/\/www.globalong.com\/blog\/avis-temoignages-globalong\/cambodge-asie-globalong-enfants-amour-benevolat-humanitaire-social-culture-influence-integration-stage-maladies-handicaps-bienveillance\/#primaryimage"},"thumbnailUrl":"https:\/\/www.globalong.com\/blog\/wp-content\/uploads\/2016\/05\/Be\u0301ne\u0301vole-avec-Globalong-au-Cambodge.jpg","datePublished":"2016-05-20T14:07:08+00:00","dateModified":"2022-04-28T17:20:13+00:00","breadcrumb":{"@id":"https:\/\/www.globalong.com\/blog\/avis-temoignages-globalong\/cambodge-asie-globalong-enfants-amour-benevolat-humanitaire-social-culture-influence-integration-stage-maladies-handicaps-bienveillance\/#breadcrumb"},"inLanguage":"fr-FR","potentialAction":[{"@type":"ReadAction","target":["https:\/\/www.globalong.com\/blog\/avis-temoignages-globalong\/cambodge-asie-globalong-enfants-amour-benevolat-humanitaire-social-culture-influence-integration-stage-maladies-handicaps-bienveillance\/"]}]},{"@type":"ImageObject","inLanguage":"fr-FR","@id":"https:\/\/www.globalong.com\/blog\/avis-temoignages-globalong\/cambodge-asie-globalong-enfants-amour-benevolat-humanitaire-social-culture-influence-integration-stage-maladies-handicaps-bienveillance\/#primaryimage","url":"https:\/\/www.globalong.com\/blog\/wp-content\/uploads\/2016\/05\/Be\u0301ne\u0301vole-avec-Globalong-au-Cambodge.jpg","contentUrl":"https:\/\/www.globalong.com\/blog\/wp-content\/uploads\/2016\/05\/Be\u0301ne\u0301vole-avec-Globalong-au-Cambodge.jpg","width":1334,"height":750,"caption":"B\u00e9n\u00e9voles avec Globalong au Cambodge"},{"@type":"BreadcrumbList","@id":"https:\/\/www.globalong.com\/blog\/avis-temoignages-globalong\/cambodge-asie-globalong-enfants-amour-benevolat-humanitaire-social-culture-influence-integration-stage-maladies-handicaps-bienveillance\/#breadcrumb","itemListElement":[{"@type":"ListItem","position":1,"name":"Accueil","item":"https:\/\/www.globalong.com\/blog\/"},{"@type":"ListItem","position":2,"name":"T\u00e9moignages et avis de volontaires Globalong","item":"https:\/\/www.globalong.com\/blog\/avis-temoignages-globalong\/"},{"@type":"ListItem","position":3,"name":"Cambodge &#8211; Joy"}]},{"@type":"WebSite","@id":"https:\/\/www.globalong.com\/blog\/#website","url":"https:\/\/www.globalong.com\/blog\/","name":"https:\/\/www.globalong.com\/","description":"Mission humanitaire, stage \u00e9tudiant et voyage linguistique","publisher":{"@id":"https:\/\/www.globalong.com\/blog\/#organization"},"potentialAction":[{"@type":"SearchAction","target":{"@type":"EntryPoint","urlTemplate":"https:\/\/www.globalong.com\/blog\/?s={search_term_string}"},"query-input":{"@type":"PropertyValueSpecification","valueRequired":true,"valueName":"search_term_string"}}],"inLanguage":"fr-FR"},{"@type":"Organization","@id":"https:\/\/www.globalong.com\/blog\/#organization","name":"Association Globalong","url":"https:\/\/www.globalong.com\/blog\/","logo":{"@type":"ImageObject","inLanguage":"fr-FR","@id":"https:\/\/www.globalong.com\/blog\/#\/schema\/logo\/image\/","url":"https:\/\/www.globalong.com\/blog\/wp-content\/uploads\/2014\/11\/cropped-cropped-Logo-et-Afrique-Globalong-petite-taille-2.jpg","contentUrl":"https:\/\/www.globalong.com\/blog\/wp-content\/uploads\/2014\/11\/cropped-cropped-Logo-et-Afrique-Globalong-petite-taille-2.jpg","width":512,"height":512,"caption":"Association Globalong"},"image":{"@id":"https:\/\/www.globalong.com\/blog\/#\/schema\/logo\/image\/"},"sameAs":["https:\/\/www.facebook.com\/globalong"]}]}},"_links":{"self":[{"href":"https:\/\/www.globalong.com\/blog\/wp-json\/wp\/v2\/pages\/4304"}],"collection":[{"href":"https:\/\/www.globalong.com\/blog\/wp-json\/wp\/v2\/pages"}],"about":[{"href":"https:\/\/www.globalong.com\/blog\/wp-json\/wp\/v2\/types\/page"}],"author":[{"embeddable":true,"href":"https:\/\/www.globalong.com\/blog\/wp-json\/wp\/v2\/users\/3"}],"replies":[{"embeddable":true,"href":"https:\/\/www.globalong.com\/blog\/wp-json\/wp\/v2\/comments?post=4304"}],"version-history":[{"count":12,"href":"https:\/\/www.globalong.com\/blog\/wp-json\/wp\/v2\/pages\/4304\/revisions"}],"predecessor-version":[{"id":14453,"href":"https:\/\/www.globalong.com\/blog\/wp-json\/wp\/v2\/pages\/4304\/revisions\/14453"}],"up":[{"embeddable":true,"href":"https:\/\/www.globalong.com\/blog\/wp-json\/wp\/v2\/pages\/883"}],"wp:featuredmedia":[{"embeddable":true,"href":"https:\/\/www.globalong.com\/blog\/wp-json\/wp\/v2\/media\/4313"}],"wp:attachment":[{"href":"https:\/\/www.globalong.com\/blog\/wp-json\/wp\/v2\/media?parent=4304"}],"curies":[{"name":"wp","href":"https:\/\/api.w.org\/{rel}","templated":true}]}}