{"id":4734,"date":"2016-06-21T14:59:35","date_gmt":"2016-06-21T12:59:35","guid":{"rendered":"https:\/\/www.globalong.com\/blog\/?page_id=4734"},"modified":"2022-05-06T10:06:26","modified_gmt":"2022-05-06T08:06:26","slug":"periode-benvole-globalong-afrique-kenya-humanitaire-aide-soutien-enfants-annee-sabbatique-apres-ecole-voyage-autrement-parenthese-utile-mission-volontaire","status":"publish","type":"page","link":"https:\/\/www.globalong.com\/blog\/avis-temoignages-globalong\/periode-benvole-globalong-afrique-kenya-humanitaire-aide-soutien-enfants-annee-sabbatique-apres-ecole-voyage-autrement-parenthese-utile-mission-volontaire\/","title":{"rendered":"Kenya &#8211; Marianne"},"content":{"rendered":"<h4 style=\"text-align: center;\"><span style=\"color: #b81657;\">T\u00e9moignage de Marianne, b\u00e9n\u00e9vole\u00a0avec Globalong au Kenya<\/span><\/h4>\n<p style=\"text-align: justify;\"><a href=\"https:\/\/www.globalong.com\/blog\/wp-content\/uploads\/2016\/06\/photo-1.jpg\" rel=\"attachment wp-att-4735\"><img loading=\"lazy\" decoding=\"async\" class=\"size-medium wp-image-4735 aligncenter\" src=\"https:\/\/www.globalong.com\/blog\/wp-content\/uploads\/2016\/06\/photo-1-300x300.jpg\" alt=\"Globalong b\u00e9n\u00e9volat Kenya afrique enfants\" width=\"300\" height=\"300\" srcset=\"https:\/\/www.globalong.com\/blog\/wp-content\/uploads\/2016\/06\/photo-1-300x300.jpg 300w, https:\/\/www.globalong.com\/blog\/wp-content\/uploads\/2016\/06\/photo-1-150x150.jpg 150w, https:\/\/www.globalong.com\/blog\/wp-content\/uploads\/2016\/06\/photo-1-768x768.jpg 768w, https:\/\/www.globalong.com\/blog\/wp-content\/uploads\/2016\/06\/photo-1.jpg 960w\" sizes=\"(max-width: 300px) 100vw, 300px\" \/><\/a>C&rsquo;est avec regret et beaucoup de peine que j&rsquo;ai d\u00fb quitter <a href=\"https:\/\/www.globalong.com\/sejour-benevolat\/benevolat-kenya.html\" target=\"_blank\" rel=\"noopener\">Nairobi<\/a> hier soir pour retourner au Canada&#8230; D\u00e9finitivement, 5 semaines c&rsquo;est beaucoup trop court !<\/p>\n<p style=\"text-align: justify;\">Je suis all\u00e9e une derni\u00e8re fois \u00e0 l&rsquo;orphelinat hier pour dire au revoir aux enfants ainsi qu&rsquo;\u00e0 toutes les personnes que j&rsquo;ai c\u00f4toy\u00e9es durant les 5 derni\u00e8res semaines. Ce f\u00fbt une exp\u00e9rience unique, j&rsquo;en retire plusieurs le\u00e7ons ainsi que des souvenirs que je n&rsquo;oublierai jamais !<\/p>\n<p style=\"text-align: justify;\">J&rsquo;ai ador\u00e9 mon exp\u00e9rience \u00e0 l&rsquo;orphelinat, d\u00e8s la premi\u00e8re journ\u00e9e je me suis sentie \u00e0 ma place.<\/p>\n<p style=\"text-align: justify;\">Il faut dire que le simple sourire des enfants quand ils me voyaient arriver chaque matin faisait ma journ\u00e9e !<\/p>\n<p style=\"text-align: justify;\"><a href=\"https:\/\/www.globalong.com\/blog\/wp-content\/uploads\/2016\/06\/photo-2.jpg\" rel=\"attachment wp-att-4739\"><img loading=\"lazy\" decoding=\"async\" class=\"size-medium wp-image-4739 aligncenter\" src=\"https:\/\/www.globalong.com\/blog\/wp-content\/uploads\/2016\/06\/photo-2-300x225.jpg\" alt=\"Globalong afrique b\u00e9n\u00e9volat \" width=\"300\" height=\"225\" srcset=\"https:\/\/www.globalong.com\/blog\/wp-content\/uploads\/2016\/06\/photo-2-300x225.jpg 300w, https:\/\/www.globalong.com\/blog\/wp-content\/uploads\/2016\/06\/photo-2-768x576.jpg 768w, https:\/\/www.globalong.com\/blog\/wp-content\/uploads\/2016\/06\/photo-2-150x113.jpg 150w, https:\/\/www.globalong.com\/blog\/wp-content\/uploads\/2016\/06\/photo-2.jpg 960w\" sizes=\"(max-width: 300px) 100vw, 300px\" \/><\/a>Ils sont vraiment adorables, attachants et ont chacun une histoire bien particuli\u00e8re \u00e0 eux, ce qui fait d&rsquo;eux des personnes avec des personnalit\u00e9s uniques. Le personnel est aussi incroyable, en particulier Risper et Dennis, j&rsquo;ai tellement rit avec eux !<\/p>\n<p style=\"text-align: justify;\">Cecilia a vraiment \u00e9t\u00e9 comme une deuxi\u00e8me maman pour moi. Je n&rsquo;aurais pas pu demander mieux ! Elle me manque d\u00e9j\u00e0 \u00e9norm\u00e9ment, mais je sais qu&rsquo;on se reverra plus t\u00f4t qu&rsquo;on ne le croit&#8230;<\/p>\n<p style=\"text-align: justify;\">Je tiens \u00e9galement \u00e0 remercier Sophie pour avoir particip\u00e9 \u00e0 l&rsquo;organisation de mon voyage.<\/p>\n<p style=\"text-align: justify;\">Marianne<\/p>\n<p style=\"text-align: center;\">Pour <span style=\"text-decoration: underline;\"><span style=\"color: #b81657;\"><a style=\"color: #b81657; text-decoration: underline;\" href=\"https:\/\/www.flickr.com\/photos\/globalong\/albums\/72157645976084208\" target=\"_blank\" rel=\"noopener\">voir plus de photos<\/a><\/span><\/span> de la mission de b\u00e9n\u00e9volat de Marianne au Kenya, c&rsquo;est par l\u00e0 !<\/p>\n<p style=\"text-align: center;\">D\u00e9couvrez tous <span style=\"text-decoration: underline;\"><span style=\"color: #b81657;\"><a style=\"color: #b81657; text-decoration: underline;\" href=\"https:\/\/www.globalong.com\/sejour-benevolat\/benevolat-kenya.html\" target=\"_blank\" rel=\"noopener\">les programmes disponibles<\/a><\/span><\/span> au Kenya !<\/p>\n<p style=\"text-align: center;\">Pour plus d&rsquo;informations, n&rsquo;h\u00e9sitez pas \u00e0 nous contacter \u00e0 <span style=\"text-decoration: underline; color: #b81657;\"><a style=\"color: #b81657; text-decoration: underline;\" href=\"mailto:info@globalong.com\">info@globalong.com<\/a><\/span><\/p>\n","protected":false},"excerpt":{"rendered":"<p>T\u00e9moignage de Marianne, b\u00e9n\u00e9vole\u00a0avec Globalong au Kenya C&rsquo;est avec regret et beaucoup de peine que j&rsquo;ai d\u00fb quitter Nairobi hier soir pour retourner au Canada&#8230; D\u00e9finitivement, 5 semaines c&rsquo;est beaucoup trop court ! Je suis all\u00e9e une derni\u00e8re fois \u00e0 l&rsquo;orphelinat hier pour dire au revoir aux enfants ainsi qu&rsquo;\u00e0 toutes les personnes que j&rsquo;ai [&hellip;]<\/p>\n","protected":false},"author":3,"featured_media":13692,"parent":883,"menu_order":0,"comment_status":"open","ping_status":"closed","template":"","meta":{"footnotes":""},"yoast_head":"<!-- This site is optimized with the Yoast SEO Premium plugin v23.4 (Yoast SEO v23.4) - https:\/\/yoast.com\/wordpress\/plugins\/seo\/ -->\n<title>Kenya - Marianne - Association Globalong<\/title>\n<meta name=\"robots\" content=\"index, follow, max-snippet:-1, max-image-preview:large, max-video-preview:-1\" \/>\n<link rel=\"canonical\" href=\"https:\/\/www.globalong.com\/blog\/avis-temoignages-globalong\/periode-benvole-globalong-afrique-kenya-humanitaire-aide-soutien-enfants-annee-sabbatique-apres-ecole-voyage-autrement-parenthese-utile-mission-volontaire\/\" \/>\n<meta property=\"og:locale\" content=\"fr_FR\" \/>\n<meta property=\"og:type\" content=\"article\" \/>\n<meta property=\"og:title\" content=\"Kenya - Marianne\" \/>\n<meta property=\"og:description\" content=\"T\u00e9moignage de Marianne, b\u00e9n\u00e9vole\u00a0avec Globalong au Kenya C&rsquo;est avec regret et beaucoup de peine que j&rsquo;ai d\u00fb quitter Nairobi hier soir pour retourner au Canada&#8230; D\u00e9finitivement, 5 semaines c&rsquo;est beaucoup trop court ! Je suis all\u00e9e une derni\u00e8re fois \u00e0 l&rsquo;orphelinat hier pour dire au revoir aux enfants ainsi qu&rsquo;\u00e0 toutes les personnes que j&rsquo;ai [&hellip;]\" \/>\n<meta property=\"og:url\" content=\"https:\/\/www.globalong.com\/blog\/avis-temoignages-globalong\/periode-benvole-globalong-afrique-kenya-humanitaire-aide-soutien-enfants-annee-sabbatique-apres-ecole-voyage-autrement-parenthese-utile-mission-volontaire\/\" \/>\n<meta property=\"og:site_name\" content=\"Association Globalong\" \/>\n<meta property=\"article:publisher\" content=\"https:\/\/www.facebook.com\/globalong\" \/>\n<meta property=\"article:modified_time\" content=\"2022-05-06T08:06:26+00:00\" \/>\n<meta property=\"og:image\" content=\"https:\/\/www.globalong.com\/blog\/wp-content\/uploads\/2020\/11\/PHOTO-2020-11-17-10-37-44-2.jpg\" \/>\n\t<meta property=\"og:image:width\" content=\"1600\" \/>\n\t<meta property=\"og:image:height\" content=\"1200\" \/>\n\t<meta property=\"og:image:type\" content=\"image\/jpeg\" \/>\n<meta name=\"twitter:card\" content=\"summary_large_image\" \/>\n<meta name=\"twitter:label1\" content=\"Dur\u00e9e de lecture estim\u00e9e\" \/>\n\t<meta name=\"twitter:data1\" content=\"1 minute\" \/>\n<script type=\"application\/ld+json\" class=\"yoast-schema-graph\">{\"@context\":\"https:\/\/schema.org\",\"@graph\":[{\"@type\":\"WebPage\",\"@id\":\"https:\/\/www.globalong.com\/blog\/avis-temoignages-globalong\/periode-benvole-globalong-afrique-kenya-humanitaire-aide-soutien-enfants-annee-sabbatique-apres-ecole-voyage-autrement-parenthese-utile-mission-volontaire\/\",\"url\":\"https:\/\/www.globalong.com\/blog\/avis-temoignages-globalong\/periode-benvole-globalong-afrique-kenya-humanitaire-aide-soutien-enfants-annee-sabbatique-apres-ecole-voyage-autrement-parenthese-utile-mission-volontaire\/\",\"name\":\"Kenya - Marianne - Association Globalong\",\"isPartOf\":{\"@id\":\"https:\/\/www.globalong.com\/blog\/#website\"},\"primaryImageOfPage\":{\"@id\":\"https:\/\/www.globalong.com\/blog\/avis-temoignages-globalong\/periode-benvole-globalong-afrique-kenya-humanitaire-aide-soutien-enfants-annee-sabbatique-apres-ecole-voyage-autrement-parenthese-utile-mission-volontaire\/#primaryimage\"},\"image\":{\"@id\":\"https:\/\/www.globalong.com\/blog\/avis-temoignages-globalong\/periode-benvole-globalong-afrique-kenya-humanitaire-aide-soutien-enfants-annee-sabbatique-apres-ecole-voyage-autrement-parenthese-utile-mission-volontaire\/#primaryimage\"},\"thumbnailUrl\":\"https:\/\/www.globalong.com\/blog\/wp-content\/uploads\/2020\/11\/PHOTO-2020-11-17-10-37-44-2.jpg\",\"datePublished\":\"2016-06-21T12:59:35+00:00\",\"dateModified\":\"2022-05-06T08:06:26+00:00\",\"breadcrumb\":{\"@id\":\"https:\/\/www.globalong.com\/blog\/avis-temoignages-globalong\/periode-benvole-globalong-afrique-kenya-humanitaire-aide-soutien-enfants-annee-sabbatique-apres-ecole-voyage-autrement-parenthese-utile-mission-volontaire\/#breadcrumb\"},\"inLanguage\":\"fr-FR\",\"potentialAction\":[{\"@type\":\"ReadAction\",\"target\":[\"https:\/\/www.globalong.com\/blog\/avis-temoignages-globalong\/periode-benvole-globalong-afrique-kenya-humanitaire-aide-soutien-enfants-annee-sabbatique-apres-ecole-voyage-autrement-parenthese-utile-mission-volontaire\/\"]}]},{\"@type\":\"ImageObject\",\"inLanguage\":\"fr-FR\",\"@id\":\"https:\/\/www.globalong.com\/blog\/avis-temoignages-globalong\/periode-benvole-globalong-afrique-kenya-humanitaire-aide-soutien-enfants-annee-sabbatique-apres-ecole-voyage-autrement-parenthese-utile-mission-volontaire\/#primaryimage\",\"url\":\"https:\/\/www.globalong.com\/blog\/wp-content\/uploads\/2020\/11\/PHOTO-2020-11-17-10-37-44-2.jpg\",\"contentUrl\":\"https:\/\/www.globalong.com\/blog\/wp-content\/uploads\/2020\/11\/PHOTO-2020-11-17-10-37-44-2.jpg\",\"width\":1600,\"height\":1200,\"caption\":\"Volontaire participant \u00e0 une mission humanitaire de courte dur\u00e9e en 2024, enseignant des enfants dans une \u00e9cole\"},{\"@type\":\"BreadcrumbList\",\"@id\":\"https:\/\/www.globalong.com\/blog\/avis-temoignages-globalong\/periode-benvole-globalong-afrique-kenya-humanitaire-aide-soutien-enfants-annee-sabbatique-apres-ecole-voyage-autrement-parenthese-utile-mission-volontaire\/#breadcrumb\",\"itemListElement\":[{\"@type\":\"ListItem\",\"position\":1,\"name\":\"Accueil\",\"item\":\"https:\/\/www.globalong.com\/blog\/\"},{\"@type\":\"ListItem\",\"position\":2,\"name\":\"T\u00e9moignages et avis de volontaires Globalong\",\"item\":\"https:\/\/www.globalong.com\/blog\/avis-temoignages-globalong\/\"},{\"@type\":\"ListItem\",\"position\":3,\"name\":\"Kenya &#8211; Marianne\"}]},{\"@type\":\"WebSite\",\"@id\":\"https:\/\/www.globalong.com\/blog\/#website\",\"url\":\"https:\/\/www.globalong.com\/blog\/\",\"name\":\"https:\/\/www.globalong.com\/\",\"description\":\"Mission humanitaire, stage \u00e9tudiant et voyage linguistique\",\"publisher\":{\"@id\":\"https:\/\/www.globalong.com\/blog\/#organization\"},\"potentialAction\":[{\"@type\":\"SearchAction\",\"target\":{\"@type\":\"EntryPoint\",\"urlTemplate\":\"https:\/\/www.globalong.com\/blog\/?s={search_term_string}\"},\"query-input\":{\"@type\":\"PropertyValueSpecification\",\"valueRequired\":true,\"valueName\":\"search_term_string\"}}],\"inLanguage\":\"fr-FR\"},{\"@type\":\"Organization\",\"@id\":\"https:\/\/www.globalong.com\/blog\/#organization\",\"name\":\"Association Globalong\",\"url\":\"https:\/\/www.globalong.com\/blog\/\",\"logo\":{\"@type\":\"ImageObject\",\"inLanguage\":\"fr-FR\",\"@id\":\"https:\/\/www.globalong.com\/blog\/#\/schema\/logo\/image\/\",\"url\":\"https:\/\/www.globalong.com\/blog\/wp-content\/uploads\/2014\/11\/cropped-cropped-Logo-et-Afrique-Globalong-petite-taille-2.jpg\",\"contentUrl\":\"https:\/\/www.globalong.com\/blog\/wp-content\/uploads\/2014\/11\/cropped-cropped-Logo-et-Afrique-Globalong-petite-taille-2.jpg\",\"width\":512,\"height\":512,\"caption\":\"Association Globalong\"},\"image\":{\"@id\":\"https:\/\/www.globalong.com\/blog\/#\/schema\/logo\/image\/\"},\"sameAs\":[\"https:\/\/www.facebook.com\/globalong\"]}]}<\/script>\n<!-- \/ Yoast SEO Premium plugin. -->","yoast_head_json":{"title":"Kenya - Marianne - Association Globalong","robots":{"index":"index","follow":"follow","max-snippet":"max-snippet:-1","max-image-preview":"max-image-preview:large","max-video-preview":"max-video-preview:-1"},"canonical":"https:\/\/www.globalong.com\/blog\/avis-temoignages-globalong\/periode-benvole-globalong-afrique-kenya-humanitaire-aide-soutien-enfants-annee-sabbatique-apres-ecole-voyage-autrement-parenthese-utile-mission-volontaire\/","og_locale":"fr_FR","og_type":"article","og_title":"Kenya - Marianne","og_description":"T\u00e9moignage de Marianne, b\u00e9n\u00e9vole\u00a0avec Globalong au Kenya C&rsquo;est avec regret et beaucoup de peine que j&rsquo;ai d\u00fb quitter Nairobi hier soir pour retourner au Canada&#8230; D\u00e9finitivement, 5 semaines c&rsquo;est beaucoup trop court ! Je suis all\u00e9e une derni\u00e8re fois \u00e0 l&rsquo;orphelinat hier pour dire au revoir aux enfants ainsi qu&rsquo;\u00e0 toutes les personnes que j&rsquo;ai [&hellip;]","og_url":"https:\/\/www.globalong.com\/blog\/avis-temoignages-globalong\/periode-benvole-globalong-afrique-kenya-humanitaire-aide-soutien-enfants-annee-sabbatique-apres-ecole-voyage-autrement-parenthese-utile-mission-volontaire\/","og_site_name":"Association Globalong","article_publisher":"https:\/\/www.facebook.com\/globalong","article_modified_time":"2022-05-06T08:06:26+00:00","og_image":[{"width":1600,"height":1200,"url":"https:\/\/www.globalong.com\/blog\/wp-content\/uploads\/2020\/11\/PHOTO-2020-11-17-10-37-44-2.jpg","type":"image\/jpeg"}],"twitter_card":"summary_large_image","twitter_misc":{"Dur\u00e9e de lecture estim\u00e9e":"1 minute"},"schema":{"@context":"https:\/\/schema.org","@graph":[{"@type":"WebPage","@id":"https:\/\/www.globalong.com\/blog\/avis-temoignages-globalong\/periode-benvole-globalong-afrique-kenya-humanitaire-aide-soutien-enfants-annee-sabbatique-apres-ecole-voyage-autrement-parenthese-utile-mission-volontaire\/","url":"https:\/\/www.globalong.com\/blog\/avis-temoignages-globalong\/periode-benvole-globalong-afrique-kenya-humanitaire-aide-soutien-enfants-annee-sabbatique-apres-ecole-voyage-autrement-parenthese-utile-mission-volontaire\/","name":"Kenya - Marianne - Association Globalong","isPartOf":{"@id":"https:\/\/www.globalong.com\/blog\/#website"},"primaryImageOfPage":{"@id":"https:\/\/www.globalong.com\/blog\/avis-temoignages-globalong\/periode-benvole-globalong-afrique-kenya-humanitaire-aide-soutien-enfants-annee-sabbatique-apres-ecole-voyage-autrement-parenthese-utile-mission-volontaire\/#primaryimage"},"image":{"@id":"https:\/\/www.globalong.com\/blog\/avis-temoignages-globalong\/periode-benvole-globalong-afrique-kenya-humanitaire-aide-soutien-enfants-annee-sabbatique-apres-ecole-voyage-autrement-parenthese-utile-mission-volontaire\/#primaryimage"},"thumbnailUrl":"https:\/\/www.globalong.com\/blog\/wp-content\/uploads\/2020\/11\/PHOTO-2020-11-17-10-37-44-2.jpg","datePublished":"2016-06-21T12:59:35+00:00","dateModified":"2022-05-06T08:06:26+00:00","breadcrumb":{"@id":"https:\/\/www.globalong.com\/blog\/avis-temoignages-globalong\/periode-benvole-globalong-afrique-kenya-humanitaire-aide-soutien-enfants-annee-sabbatique-apres-ecole-voyage-autrement-parenthese-utile-mission-volontaire\/#breadcrumb"},"inLanguage":"fr-FR","potentialAction":[{"@type":"ReadAction","target":["https:\/\/www.globalong.com\/blog\/avis-temoignages-globalong\/periode-benvole-globalong-afrique-kenya-humanitaire-aide-soutien-enfants-annee-sabbatique-apres-ecole-voyage-autrement-parenthese-utile-mission-volontaire\/"]}]},{"@type":"ImageObject","inLanguage":"fr-FR","@id":"https:\/\/www.globalong.com\/blog\/avis-temoignages-globalong\/periode-benvole-globalong-afrique-kenya-humanitaire-aide-soutien-enfants-annee-sabbatique-apres-ecole-voyage-autrement-parenthese-utile-mission-volontaire\/#primaryimage","url":"https:\/\/www.globalong.com\/blog\/wp-content\/uploads\/2020\/11\/PHOTO-2020-11-17-10-37-44-2.jpg","contentUrl":"https:\/\/www.globalong.com\/blog\/wp-content\/uploads\/2020\/11\/PHOTO-2020-11-17-10-37-44-2.jpg","width":1600,"height":1200,"caption":"Volontaire participant \u00e0 une mission humanitaire de courte dur\u00e9e en 2024, enseignant des enfants dans une \u00e9cole"},{"@type":"BreadcrumbList","@id":"https:\/\/www.globalong.com\/blog\/avis-temoignages-globalong\/periode-benvole-globalong-afrique-kenya-humanitaire-aide-soutien-enfants-annee-sabbatique-apres-ecole-voyage-autrement-parenthese-utile-mission-volontaire\/#breadcrumb","itemListElement":[{"@type":"ListItem","position":1,"name":"Accueil","item":"https:\/\/www.globalong.com\/blog\/"},{"@type":"ListItem","position":2,"name":"T\u00e9moignages et avis de volontaires Globalong","item":"https:\/\/www.globalong.com\/blog\/avis-temoignages-globalong\/"},{"@type":"ListItem","position":3,"name":"Kenya &#8211; Marianne"}]},{"@type":"WebSite","@id":"https:\/\/www.globalong.com\/blog\/#website","url":"https:\/\/www.globalong.com\/blog\/","name":"https:\/\/www.globalong.com\/","description":"Mission humanitaire, stage \u00e9tudiant et voyage linguistique","publisher":{"@id":"https:\/\/www.globalong.com\/blog\/#organization"},"potentialAction":[{"@type":"SearchAction","target":{"@type":"EntryPoint","urlTemplate":"https:\/\/www.globalong.com\/blog\/?s={search_term_string}"},"query-input":{"@type":"PropertyValueSpecification","valueRequired":true,"valueName":"search_term_string"}}],"inLanguage":"fr-FR"},{"@type":"Organization","@id":"https:\/\/www.globalong.com\/blog\/#organization","name":"Association Globalong","url":"https:\/\/www.globalong.com\/blog\/","logo":{"@type":"ImageObject","inLanguage":"fr-FR","@id":"https:\/\/www.globalong.com\/blog\/#\/schema\/logo\/image\/","url":"https:\/\/www.globalong.com\/blog\/wp-content\/uploads\/2014\/11\/cropped-cropped-Logo-et-Afrique-Globalong-petite-taille-2.jpg","contentUrl":"https:\/\/www.globalong.com\/blog\/wp-content\/uploads\/2014\/11\/cropped-cropped-Logo-et-Afrique-Globalong-petite-taille-2.jpg","width":512,"height":512,"caption":"Association Globalong"},"image":{"@id":"https:\/\/www.globalong.com\/blog\/#\/schema\/logo\/image\/"},"sameAs":["https:\/\/www.facebook.com\/globalong"]}]}},"_links":{"self":[{"href":"https:\/\/www.globalong.com\/blog\/wp-json\/wp\/v2\/pages\/4734"}],"collection":[{"href":"https:\/\/www.globalong.com\/blog\/wp-json\/wp\/v2\/pages"}],"about":[{"href":"https:\/\/www.globalong.com\/blog\/wp-json\/wp\/v2\/types\/page"}],"author":[{"embeddable":true,"href":"https:\/\/www.globalong.com\/blog\/wp-json\/wp\/v2\/users\/3"}],"replies":[{"embeddable":true,"href":"https:\/\/www.globalong.com\/blog\/wp-json\/wp\/v2\/comments?post=4734"}],"version-history":[{"count":12,"href":"https:\/\/www.globalong.com\/blog\/wp-json\/wp\/v2\/pages\/4734\/revisions"}],"predecessor-version":[{"id":14502,"href":"https:\/\/www.globalong.com\/blog\/wp-json\/wp\/v2\/pages\/4734\/revisions\/14502"}],"up":[{"embeddable":true,"href":"https:\/\/www.globalong.com\/blog\/wp-json\/wp\/v2\/pages\/883"}],"wp:featuredmedia":[{"embeddable":true,"href":"https:\/\/www.globalong.com\/blog\/wp-json\/wp\/v2\/media\/13692"}],"wp:attachment":[{"href":"https:\/\/www.globalong.com\/blog\/wp-json\/wp\/v2\/media?parent=4734"}],"curies":[{"name":"wp","href":"https:\/\/api.w.org\/{rel}","templated":true}]}}