{"id":4757,"date":"2016-06-21T16:24:08","date_gmt":"2016-06-21T14:24:08","guid":{"rendered":"https:\/\/www.globalong.com\/blog\/?page_id=4757"},"modified":"2022-05-08T16:29:41","modified_gmt":"2022-05-08T14:29:41","slug":"vietnam-sud-ho-chi-minh-globalong-benevoles-participants-international-asie-aide-stage-enfants-du-monde-annee-sabbatique-cultures-vietnamiens-voyage","status":"publish","type":"page","link":"https:\/\/www.globalong.com\/blog\/avis-temoignages-globalong\/vietnam-sud-ho-chi-minh-globalong-benevoles-participants-international-asie-aide-stage-enfants-du-monde-annee-sabbatique-cultures-vietnamiens-voyage\/","title":{"rendered":"Vietnam &#8211; Thien Co"},"content":{"rendered":"<h4 style=\"text-align: center;\"><span style=\"color: #b81657;\">T\u00e9moignage de Thi\u00ean-Co, b\u00e9n\u00e9vole avec Gloablong au Vietnam<\/span><\/h4>\n<p style=\"text-align: justify;\"><a href=\"https:\/\/www.globalong.com\/blog\/wp-content\/uploads\/2016\/06\/amusement-au-Vietnam-Globalong.jpg\" rel=\"attachment wp-att-4759\"><img loading=\"lazy\" decoding=\"async\" class=\"size-medium wp-image-4759 aligncenter\" src=\"https:\/\/www.globalong.com\/blog\/wp-content\/uploads\/2016\/06\/amusement-au-Vietnam-Globalong-300x169.jpg\" alt=\"B\u00e9n\u00e9volat \u00e0 Ho Chi Minh Globalong\" width=\"300\" height=\"169\" srcset=\"https:\/\/www.globalong.com\/blog\/wp-content\/uploads\/2016\/06\/amusement-au-Vietnam-Globalong-300x169.jpg 300w, https:\/\/www.globalong.com\/blog\/wp-content\/uploads\/2016\/06\/amusement-au-Vietnam-Globalong-768x432.jpg 768w, https:\/\/www.globalong.com\/blog\/wp-content\/uploads\/2016\/06\/amusement-au-Vietnam-Globalong-150x84.jpg 150w, https:\/\/www.globalong.com\/blog\/wp-content\/uploads\/2016\/06\/amusement-au-Vietnam-Globalong.jpg 960w\" sizes=\"(max-width: 300px) 100vw, 300px\" \/><\/a>Bonjour je m\u2019appelle Thi\u00ean-Co et je suis parti au <span style=\"text-decoration: underline;\"><a href=\"https:\/\/www.globalong.com\/sejour-benevolat\/benevolat-vietnam-humanitaire.html\" target=\"_blank\" rel=\"noopener\">Vietnam \u00e0 Ho Chi Minh<\/a><\/span> pour participer \u00e0 une p\u00e9riode de b\u00e9n\u00e9volat.<\/p>\n<p style=\"text-align: justify;\">Partir \u00e0 l&rsquo;\u00e9tranger faire du b\u00e9n\u00e9volat \u00e9tait une id\u00e9e qui m&rsquo;\u00e9tait venu depuis de longs mois, mais je n&rsquo;avais pas vraiment pris le temps d&rsquo;\u00e9tudier ce projet. Puis un jour, j&rsquo;ai d\u00e9cid\u00e9 de me lancer une bonne fois pour toute, d\u00e9laissant boulot et maison.<\/p>\n<p style=\"text-align: justify;\"><a href=\"https:\/\/www.globalong.com\/blog\/wp-content\/uploads\/2016\/06\/B\u00e9n\u00e9vole-au-Vietnam-Globalong.jpg\" rel=\"attachment wp-att-4762\"><img loading=\"lazy\" decoding=\"async\" class=\"size-medium wp-image-4762 aligncenter\" src=\"https:\/\/www.globalong.com\/blog\/wp-content\/uploads\/2016\/06\/B\u00e9n\u00e9vole-au-Vietnam-Globalong-300x300.jpg\" alt=\"Programme de b\u00e9n\u00e9volat \u00e0 l'\u00e9tranger Globalong \" width=\"300\" height=\"300\" srcset=\"https:\/\/www.globalong.com\/blog\/wp-content\/uploads\/2016\/06\/B\u00e9n\u00e9vole-au-Vietnam-Globalong-300x300.jpg 300w, https:\/\/www.globalong.com\/blog\/wp-content\/uploads\/2016\/06\/B\u00e9n\u00e9vole-au-Vietnam-Globalong-150x150.jpg 150w, https:\/\/www.globalong.com\/blog\/wp-content\/uploads\/2016\/06\/B\u00e9n\u00e9vole-au-Vietnam-Globalong-768x768.jpg 768w, https:\/\/www.globalong.com\/blog\/wp-content\/uploads\/2016\/06\/B\u00e9n\u00e9vole-au-Vietnam-Globalong-1024x1024.jpg 1024w, https:\/\/www.globalong.com\/blog\/wp-content\/uploads\/2016\/06\/B\u00e9n\u00e9vole-au-Vietnam-Globalong.jpg 1080w\" sizes=\"(max-width: 300px) 100vw, 300px\" \/><\/a>J&rsquo;ai voulu me lancer dans cette aventure pour d\u00e9couvrir une nouvelle exp\u00e9rience et bien s\u00fbr dans l&rsquo;optique d&rsquo;aider les gens et me rendre utile. J&rsquo;ai choisi Ho Chi Minh Ville car c&rsquo;est la ville o\u00f9 je suis n\u00e9 et que je n&rsquo;avais jamais visit\u00e9 depuis mon d\u00e9part \u00e9tant b\u00e9b\u00e9.<\/p>\n<p style=\"text-align: justify;\">Que ce soit au t\u00e9l\u00e9phone ou par mail tous les \u00e9changes avec Globalong \u00e9taient super et je vous conseille vivement cet organisme social pour la vari\u00e9t\u00e9 des programmes et des destinations.<\/p>\n<p style=\"text-align: justify;\">D\u00e8s mon arriv\u00e9e, tous s\u2019est tr\u00e8s bien pass\u00e9 et j\u2019ai tr\u00e8s bien \u00e9t\u00e9 pris en charge \u00e0 l\u2019a\u00e9roport et au logement.Il y a eu une bonne pr\u00e9sentation de la culture locale et de ce qu&rsquo;on doit faire ou ne pas faire sur place pendant la p\u00e9riode d\u2019introduction et la p\u00e9riode de b\u00e9n\u00e9volat s&rsquo;est tr\u00e8s bien d\u00e9roul\u00e9, ce fut une tr\u00e8s belle exp\u00e9rience, riches en rire, et en amiti\u00e9.<\/p>\n<p style=\"text-align: justify;\"><a href=\"https:\/\/www.globalong.com\/blog\/wp-content\/uploads\/2016\/06\/CEntre-daccueil-Vietnam-Globalong.jpg\" rel=\"attachment wp-att-4766\"><img loading=\"lazy\" decoding=\"async\" class=\"size-medium wp-image-4766 aligncenter\" src=\"https:\/\/www.globalong.com\/blog\/wp-content\/uploads\/2016\/06\/CEntre-daccueil-Vietnam-Globalong-300x226.jpg\" alt=\"Globalong b\u00e9n\u00e9voles internationaux Vietnam du Sud Asie\" width=\"300\" height=\"226\" srcset=\"https:\/\/www.globalong.com\/blog\/wp-content\/uploads\/2016\/06\/CEntre-daccueil-Vietnam-Globalong-300x226.jpg 300w, https:\/\/www.globalong.com\/blog\/wp-content\/uploads\/2016\/06\/CEntre-daccueil-Vietnam-Globalong-768x579.jpg 768w, https:\/\/www.globalong.com\/blog\/wp-content\/uploads\/2016\/06\/CEntre-daccueil-Vietnam-Globalong-150x113.jpg 150w, https:\/\/www.globalong.com\/blog\/wp-content\/uploads\/2016\/06\/CEntre-daccueil-Vietnam-Globalong.jpg 960w\" sizes=\"(max-width: 300px) 100vw, 300px\" \/><\/a>J\u2019ai eu le temps de visiter : Mui Ne, pour la plage, les h\u00f4tels pas cher et les dunes de sable blanc \u00e0 tester en quad ! Dragon Beach pour les soir\u00e9es, en bord de plage avec lits et canap\u00e9s ainsi que de la bonne musique. Cu Chi tunnels, pour voir comment se d\u00e9brouillaient les vietnamiens pendant la guerre. La tour Bitexco \u00e0 Sa\u00efgon pour la vue imprenable sur toute la ville. La rue Bui Vien, pour faire la f\u00eate avec les occidentaux lors du pub-crawl.<br \/>\nJ\u2019ai aussi fais de tr\u00e8s belle rencontre, Ayant un style europ\u00e9en avec une barbe fourni pour un asiatique, les gens ont eu \u00e0 chaque fois une agr\u00e9able impression quand je commen\u00e7ais \u00e0 leur parler vietnamien.<\/p>\n<p style=\"text-align: justify;\"><a href=\"https:\/\/www.globalong.com\/blog\/wp-content\/uploads\/2016\/06\/Selfie-du-Vietnam-Sud-Globalong.jpg\" rel=\"attachment wp-att-4768\"><img loading=\"lazy\" decoding=\"async\" class=\"wp-image-4768 aligncenter\" src=\"https:\/\/www.globalong.com\/blog\/wp-content\/uploads\/2016\/06\/Selfie-du-Vietnam-Sud-Globalong-205x300.jpg\" alt=\"Globalong sourrires asie Vietnam participants\" width=\"300\" height=\"438\" srcset=\"https:\/\/www.globalong.com\/blog\/wp-content\/uploads\/2016\/06\/Selfie-du-Vietnam-Sud-Globalong-205x300.jpg 205w, https:\/\/www.globalong.com\/blog\/wp-content\/uploads\/2016\/06\/Selfie-du-Vietnam-Sud-Globalong-103x150.jpg 103w, https:\/\/www.globalong.com\/blog\/wp-content\/uploads\/2016\/06\/Selfie-du-Vietnam-Sud-Globalong.jpg 657w\" sizes=\"(max-width: 300px) 100vw, 300px\" \/><\/a>Ce qui fait que j&rsquo;ai eu pas mal d&rsquo;\u00e9changes avec la majorit\u00e9 des gens que j&rsquo;ai crois\u00e9, ils \u00e9taient vraiment content de pouvoir discuter et raconter leur histoire avec une personne comprenant la langue. J&rsquo;ai appris pas mal de choses sur leur fa\u00e7on d&rsquo;appr\u00e9hender la vie au Vietnam.<\/p>\n<p style=\"text-align: justify;\">La derni\u00e8re nuit \u00e0 l&rsquo;h\u00f4tel fut difficile \u00e0 vivre, avec un gros vide par rapport \u00e0 tous ce que j&rsquo;ai v\u00e9cu durant le s\u00e9jour. Mais j&rsquo;enchaine un voyage \u00e0 Lisbonne avec des amis pour avoir une transition en douceur avant la reprise du travail sur Paris.<\/p>\n<p style=\"text-align: justify;\">La richesse humaine n&rsquo;a pas d&rsquo;\u00e9quivalent dans une vie et l&rsquo;humain prendra beaucoup plus de place dans ma vie \u00e0 l&rsquo;avenir.<\/p>\n<p style=\"text-align: justify;\">Je recommande \u00e0 tous les prochains participants d\u2019\u00eatre ouverts d&rsquo;esprit, de prendre la vie du bon c\u00f4t\u00e9, m\u00eame des choses parfois rebutantes ou d\u00e9sagr\u00e9ables en premier abord peuvent vous apporter \u00e9norm\u00e9ment par la suite.<\/p>\n<p style=\"text-align: justify;\">Une petite anecdote pour la fin \uf04a Ce qui est dr\u00f4le au Vietnam, c&rsquo;est que quasiment toutes les femmes sont \u00e0 la recherche d&rsquo;un mari.\u00a0L&rsquo;effet du touriste revenant dans son pays natal joue quelque peu, la plupart de ces dames <a href=\"https:\/\/www.globalong.com\/blog\/wp-content\/uploads\/2016\/06\/Sourrires-Vietnam-Globalong.jpg\" rel=\"attachment wp-att-4770\"><img loading=\"lazy\" decoding=\"async\" class=\"size-medium wp-image-4770 aligncenter\" src=\"https:\/\/www.globalong.com\/blog\/wp-content\/uploads\/2016\/06\/Sourrires-Vietnam-Globalong-300x225.jpg\" alt=\"Globalong asie b\u00e9n\u00e9volat \u00e0 l'\u00e9tranger \" width=\"300\" height=\"225\" srcset=\"https:\/\/www.globalong.com\/blog\/wp-content\/uploads\/2016\/06\/Sourrires-Vietnam-Globalong-300x225.jpg 300w, https:\/\/www.globalong.com\/blog\/wp-content\/uploads\/2016\/06\/Sourrires-Vietnam-Globalong-768x576.jpg 768w, https:\/\/www.globalong.com\/blog\/wp-content\/uploads\/2016\/06\/Sourrires-Vietnam-Globalong-1024x768.jpg 1024w, https:\/\/www.globalong.com\/blog\/wp-content\/uploads\/2016\/06\/Sourrires-Vietnam-Globalong-150x113.jpg 150w, https:\/\/www.globalong.com\/blog\/wp-content\/uploads\/2016\/06\/Sourrires-Vietnam-Globalong.jpg 1440w\" sizes=\"(max-width: 300px) 100vw, 300px\" \/><\/a>ne se g\u00eanent pas de demander si je suis c\u00e9libataire, ni m\u00eame de draguer ouvertement.<\/p>\n<p style=\"text-align: justify;\">Que ce soit des jeunes dames dans la rue, ou bien les vendeuses de sandwich, voir m\u00eame sur son lieu de travail&#8230; C&rsquo;est une bonne exp\u00e9rience tout de m\u00eame d&rsquo;\u00eatre pour une fois \u00e0 la place de la femme, et de devoir user de toutes strat\u00e9gies pour refuser poliment la plupart des avances, qui au fur et \u00e0 mesure, deviennent de plus en plus lourd \u00e0 supporter (encore plus si cela vient d&rsquo;un homme) \ud83d\ude42<\/p>\n<p style=\"text-align: justify;\">Pour plus d&rsquo;informations, n&rsquo;h\u00e9sitez pas \u00e0 nous contacter \u00e0 <span style=\"text-decoration: underline;\"><span style=\"color: #b81657;\"><a style=\"color: #b81657; text-decoration: underline;\" href=\"mailto:info@globalong.com\">info@globalong.com\u00a0<\/a><\/span><\/span><\/p>\n<p style=\"text-align: justify;\">D\u00e9couvrez tous les <span style=\"text-decoration: underline; color: #b81657;\"><a style=\"color: #b81657;\" href=\"https:\/\/www.globalong.com\/sejour-benevolat\/humanitaire-vietnam-benevolat.html\" target=\"_blank\" rel=\"noopener\">programmes de b\u00e9n\u00e9volat \u00e0 Ho Chi Minh<\/a>\u00a0<\/span><\/p>\n<p style=\"text-align: justify;\"><span style=\"text-decoration: underline;\"><span style=\"color: #b81657;\"><a style=\"color: #b81657; text-decoration: underline;\" href=\"https:\/\/www.flickr.com\/photos\/globalong\/albums\/72157639806172666\/page2\" target=\"_blank\" rel=\"noopener\">Plus de photos<\/a><\/span><\/span> des b\u00e9n\u00e9voles partis en mission de b\u00e9n\u00e9volat par ici !<\/p>\n","protected":false},"excerpt":{"rendered":"<p>T\u00e9moignage de Thi\u00ean-Co, b\u00e9n\u00e9vole avec Gloablong au Vietnam Bonjour je m\u2019appelle Thi\u00ean-Co et je suis parti au Vietnam \u00e0 Ho Chi Minh pour participer \u00e0 une p\u00e9riode de b\u00e9n\u00e9volat. Partir \u00e0 l&rsquo;\u00e9tranger faire du b\u00e9n\u00e9volat \u00e9tait une id\u00e9e qui m&rsquo;\u00e9tait venu depuis de longs mois, mais je n&rsquo;avais pas vraiment pris le temps d&rsquo;\u00e9tudier ce [&hellip;]<\/p>\n","protected":false},"author":3,"featured_media":6114,"parent":883,"menu_order":0,"comment_status":"closed","ping_status":"closed","template":"","meta":{"footnotes":""},"yoast_head":"<!-- This site is optimized with the Yoast SEO Premium plugin v23.4 (Yoast SEO v23.4) - https:\/\/yoast.com\/wordpress\/plugins\/seo\/ -->\n<title>Vietnam - Thien Co - Association Globalong<\/title>\n<meta name=\"robots\" content=\"index, follow, max-snippet:-1, max-image-preview:large, max-video-preview:-1\" \/>\n<link rel=\"canonical\" href=\"https:\/\/www.globalong.com\/blog\/avis-temoignages-globalong\/vietnam-sud-ho-chi-minh-globalong-benevoles-participants-international-asie-aide-stage-enfants-du-monde-annee-sabbatique-cultures-vietnamiens-voyage\/\" \/>\n<meta property=\"og:locale\" content=\"fr_FR\" \/>\n<meta property=\"og:type\" content=\"article\" \/>\n<meta property=\"og:title\" content=\"Vietnam - Thien Co\" \/>\n<meta property=\"og:description\" content=\"T\u00e9moignage de Thi\u00ean-Co, b\u00e9n\u00e9vole avec Gloablong au Vietnam Bonjour je m\u2019appelle Thi\u00ean-Co et je suis parti au Vietnam \u00e0 Ho Chi Minh pour participer \u00e0 une p\u00e9riode de b\u00e9n\u00e9volat. Partir \u00e0 l&rsquo;\u00e9tranger faire du b\u00e9n\u00e9volat \u00e9tait une id\u00e9e qui m&rsquo;\u00e9tait venu depuis de longs mois, mais je n&rsquo;avais pas vraiment pris le temps d&rsquo;\u00e9tudier ce [&hellip;]\" \/>\n<meta property=\"og:url\" content=\"https:\/\/www.globalong.com\/blog\/avis-temoignages-globalong\/vietnam-sud-ho-chi-minh-globalong-benevoles-participants-international-asie-aide-stage-enfants-du-monde-annee-sabbatique-cultures-vietnamiens-voyage\/\" \/>\n<meta property=\"og:site_name\" content=\"Association Globalong\" \/>\n<meta property=\"article:publisher\" content=\"https:\/\/www.facebook.com\/globalong\" \/>\n<meta property=\"article:modified_time\" content=\"2022-05-08T14:29:41+00:00\" \/>\n<meta property=\"og:image\" content=\"https:\/\/www.globalong.com\/blog\/wp-content\/uploads\/2017\/01\/Eglantine-baie-dalong-globalong-vietnam-min.jpg\" \/>\n\t<meta property=\"og:image:width\" content=\"1820\" \/>\n\t<meta property=\"og:image:height\" content=\"1152\" \/>\n\t<meta property=\"og:image:type\" content=\"image\/jpeg\" \/>\n<meta name=\"twitter:card\" content=\"summary_large_image\" \/>\n<meta name=\"twitter:label1\" content=\"Dur\u00e9e de lecture estim\u00e9e\" \/>\n\t<meta name=\"twitter:data1\" content=\"4 minutes\" \/>\n<script type=\"application\/ld+json\" class=\"yoast-schema-graph\">{\"@context\":\"https:\/\/schema.org\",\"@graph\":[{\"@type\":\"WebPage\",\"@id\":\"https:\/\/www.globalong.com\/blog\/avis-temoignages-globalong\/vietnam-sud-ho-chi-minh-globalong-benevoles-participants-international-asie-aide-stage-enfants-du-monde-annee-sabbatique-cultures-vietnamiens-voyage\/\",\"url\":\"https:\/\/www.globalong.com\/blog\/avis-temoignages-globalong\/vietnam-sud-ho-chi-minh-globalong-benevoles-participants-international-asie-aide-stage-enfants-du-monde-annee-sabbatique-cultures-vietnamiens-voyage\/\",\"name\":\"Vietnam - Thien Co - Association Globalong\",\"isPartOf\":{\"@id\":\"https:\/\/www.globalong.com\/blog\/#website\"},\"primaryImageOfPage\":{\"@id\":\"https:\/\/www.globalong.com\/blog\/avis-temoignages-globalong\/vietnam-sud-ho-chi-minh-globalong-benevoles-participants-international-asie-aide-stage-enfants-du-monde-annee-sabbatique-cultures-vietnamiens-voyage\/#primaryimage\"},\"image\":{\"@id\":\"https:\/\/www.globalong.com\/blog\/avis-temoignages-globalong\/vietnam-sud-ho-chi-minh-globalong-benevoles-participants-international-asie-aide-stage-enfants-du-monde-annee-sabbatique-cultures-vietnamiens-voyage\/#primaryimage\"},\"thumbnailUrl\":\"https:\/\/www.globalong.com\/blog\/wp-content\/uploads\/2017\/01\/Eglantine-baie-dalong-globalong-vietnam-min.jpg\",\"datePublished\":\"2016-06-21T14:24:08+00:00\",\"dateModified\":\"2022-05-08T14:29:41+00:00\",\"breadcrumb\":{\"@id\":\"https:\/\/www.globalong.com\/blog\/avis-temoignages-globalong\/vietnam-sud-ho-chi-minh-globalong-benevoles-participants-international-asie-aide-stage-enfants-du-monde-annee-sabbatique-cultures-vietnamiens-voyage\/#breadcrumb\"},\"inLanguage\":\"fr-FR\",\"potentialAction\":[{\"@type\":\"ReadAction\",\"target\":[\"https:\/\/www.globalong.com\/blog\/avis-temoignages-globalong\/vietnam-sud-ho-chi-minh-globalong-benevoles-participants-international-asie-aide-stage-enfants-du-monde-annee-sabbatique-cultures-vietnamiens-voyage\/\"]}]},{\"@type\":\"ImageObject\",\"inLanguage\":\"fr-FR\",\"@id\":\"https:\/\/www.globalong.com\/blog\/avis-temoignages-globalong\/vietnam-sud-ho-chi-minh-globalong-benevoles-participants-international-asie-aide-stage-enfants-du-monde-annee-sabbatique-cultures-vietnamiens-voyage\/#primaryimage\",\"url\":\"https:\/\/www.globalong.com\/blog\/wp-content\/uploads\/2017\/01\/Eglantine-baie-dalong-globalong-vietnam-min.jpg\",\"contentUrl\":\"https:\/\/www.globalong.com\/blog\/wp-content\/uploads\/2017\/01\/Eglantine-baie-dalong-globalong-vietnam-min.jpg\",\"width\":1820,\"height\":1152,\"caption\":\"BAie d'Halong - b\u00e9n\u00e9volat - Vietnam - GlobAlong\"},{\"@type\":\"BreadcrumbList\",\"@id\":\"https:\/\/www.globalong.com\/blog\/avis-temoignages-globalong\/vietnam-sud-ho-chi-minh-globalong-benevoles-participants-international-asie-aide-stage-enfants-du-monde-annee-sabbatique-cultures-vietnamiens-voyage\/#breadcrumb\",\"itemListElement\":[{\"@type\":\"ListItem\",\"position\":1,\"name\":\"Accueil\",\"item\":\"https:\/\/www.globalong.com\/blog\/\"},{\"@type\":\"ListItem\",\"position\":2,\"name\":\"T\u00e9moignages et avis de volontaires Globalong\",\"item\":\"https:\/\/www.globalong.com\/blog\/avis-temoignages-globalong\/\"},{\"@type\":\"ListItem\",\"position\":3,\"name\":\"Vietnam &#8211; Thien Co\"}]},{\"@type\":\"WebSite\",\"@id\":\"https:\/\/www.globalong.com\/blog\/#website\",\"url\":\"https:\/\/www.globalong.com\/blog\/\",\"name\":\"https:\/\/www.globalong.com\/\",\"description\":\"Mission humanitaire, stage \u00e9tudiant et voyage linguistique\",\"publisher\":{\"@id\":\"https:\/\/www.globalong.com\/blog\/#organization\"},\"potentialAction\":[{\"@type\":\"SearchAction\",\"target\":{\"@type\":\"EntryPoint\",\"urlTemplate\":\"https:\/\/www.globalong.com\/blog\/?s={search_term_string}\"},\"query-input\":{\"@type\":\"PropertyValueSpecification\",\"valueRequired\":true,\"valueName\":\"search_term_string\"}}],\"inLanguage\":\"fr-FR\"},{\"@type\":\"Organization\",\"@id\":\"https:\/\/www.globalong.com\/blog\/#organization\",\"name\":\"Association Globalong\",\"url\":\"https:\/\/www.globalong.com\/blog\/\",\"logo\":{\"@type\":\"ImageObject\",\"inLanguage\":\"fr-FR\",\"@id\":\"https:\/\/www.globalong.com\/blog\/#\/schema\/logo\/image\/\",\"url\":\"https:\/\/www.globalong.com\/blog\/wp-content\/uploads\/2014\/11\/cropped-cropped-Logo-et-Afrique-Globalong-petite-taille-2.jpg\",\"contentUrl\":\"https:\/\/www.globalong.com\/blog\/wp-content\/uploads\/2014\/11\/cropped-cropped-Logo-et-Afrique-Globalong-petite-taille-2.jpg\",\"width\":512,\"height\":512,\"caption\":\"Association Globalong\"},\"image\":{\"@id\":\"https:\/\/www.globalong.com\/blog\/#\/schema\/logo\/image\/\"},\"sameAs\":[\"https:\/\/www.facebook.com\/globalong\"]}]}<\/script>\n<!-- \/ Yoast SEO Premium plugin. -->","yoast_head_json":{"title":"Vietnam - Thien Co - Association Globalong","robots":{"index":"index","follow":"follow","max-snippet":"max-snippet:-1","max-image-preview":"max-image-preview:large","max-video-preview":"max-video-preview:-1"},"canonical":"https:\/\/www.globalong.com\/blog\/avis-temoignages-globalong\/vietnam-sud-ho-chi-minh-globalong-benevoles-participants-international-asie-aide-stage-enfants-du-monde-annee-sabbatique-cultures-vietnamiens-voyage\/","og_locale":"fr_FR","og_type":"article","og_title":"Vietnam - Thien Co","og_description":"T\u00e9moignage de Thi\u00ean-Co, b\u00e9n\u00e9vole avec Gloablong au Vietnam Bonjour je m\u2019appelle Thi\u00ean-Co et je suis parti au Vietnam \u00e0 Ho Chi Minh pour participer \u00e0 une p\u00e9riode de b\u00e9n\u00e9volat. Partir \u00e0 l&rsquo;\u00e9tranger faire du b\u00e9n\u00e9volat \u00e9tait une id\u00e9e qui m&rsquo;\u00e9tait venu depuis de longs mois, mais je n&rsquo;avais pas vraiment pris le temps d&rsquo;\u00e9tudier ce [&hellip;]","og_url":"https:\/\/www.globalong.com\/blog\/avis-temoignages-globalong\/vietnam-sud-ho-chi-minh-globalong-benevoles-participants-international-asie-aide-stage-enfants-du-monde-annee-sabbatique-cultures-vietnamiens-voyage\/","og_site_name":"Association Globalong","article_publisher":"https:\/\/www.facebook.com\/globalong","article_modified_time":"2022-05-08T14:29:41+00:00","og_image":[{"width":1820,"height":1152,"url":"https:\/\/www.globalong.com\/blog\/wp-content\/uploads\/2017\/01\/Eglantine-baie-dalong-globalong-vietnam-min.jpg","type":"image\/jpeg"}],"twitter_card":"summary_large_image","twitter_misc":{"Dur\u00e9e de lecture estim\u00e9e":"4 minutes"},"schema":{"@context":"https:\/\/schema.org","@graph":[{"@type":"WebPage","@id":"https:\/\/www.globalong.com\/blog\/avis-temoignages-globalong\/vietnam-sud-ho-chi-minh-globalong-benevoles-participants-international-asie-aide-stage-enfants-du-monde-annee-sabbatique-cultures-vietnamiens-voyage\/","url":"https:\/\/www.globalong.com\/blog\/avis-temoignages-globalong\/vietnam-sud-ho-chi-minh-globalong-benevoles-participants-international-asie-aide-stage-enfants-du-monde-annee-sabbatique-cultures-vietnamiens-voyage\/","name":"Vietnam - Thien Co - Association Globalong","isPartOf":{"@id":"https:\/\/www.globalong.com\/blog\/#website"},"primaryImageOfPage":{"@id":"https:\/\/www.globalong.com\/blog\/avis-temoignages-globalong\/vietnam-sud-ho-chi-minh-globalong-benevoles-participants-international-asie-aide-stage-enfants-du-monde-annee-sabbatique-cultures-vietnamiens-voyage\/#primaryimage"},"image":{"@id":"https:\/\/www.globalong.com\/blog\/avis-temoignages-globalong\/vietnam-sud-ho-chi-minh-globalong-benevoles-participants-international-asie-aide-stage-enfants-du-monde-annee-sabbatique-cultures-vietnamiens-voyage\/#primaryimage"},"thumbnailUrl":"https:\/\/www.globalong.com\/blog\/wp-content\/uploads\/2017\/01\/Eglantine-baie-dalong-globalong-vietnam-min.jpg","datePublished":"2016-06-21T14:24:08+00:00","dateModified":"2022-05-08T14:29:41+00:00","breadcrumb":{"@id":"https:\/\/www.globalong.com\/blog\/avis-temoignages-globalong\/vietnam-sud-ho-chi-minh-globalong-benevoles-participants-international-asie-aide-stage-enfants-du-monde-annee-sabbatique-cultures-vietnamiens-voyage\/#breadcrumb"},"inLanguage":"fr-FR","potentialAction":[{"@type":"ReadAction","target":["https:\/\/www.globalong.com\/blog\/avis-temoignages-globalong\/vietnam-sud-ho-chi-minh-globalong-benevoles-participants-international-asie-aide-stage-enfants-du-monde-annee-sabbatique-cultures-vietnamiens-voyage\/"]}]},{"@type":"ImageObject","inLanguage":"fr-FR","@id":"https:\/\/www.globalong.com\/blog\/avis-temoignages-globalong\/vietnam-sud-ho-chi-minh-globalong-benevoles-participants-international-asie-aide-stage-enfants-du-monde-annee-sabbatique-cultures-vietnamiens-voyage\/#primaryimage","url":"https:\/\/www.globalong.com\/blog\/wp-content\/uploads\/2017\/01\/Eglantine-baie-dalong-globalong-vietnam-min.jpg","contentUrl":"https:\/\/www.globalong.com\/blog\/wp-content\/uploads\/2017\/01\/Eglantine-baie-dalong-globalong-vietnam-min.jpg","width":1820,"height":1152,"caption":"BAie d'Halong - b\u00e9n\u00e9volat - Vietnam - GlobAlong"},{"@type":"BreadcrumbList","@id":"https:\/\/www.globalong.com\/blog\/avis-temoignages-globalong\/vietnam-sud-ho-chi-minh-globalong-benevoles-participants-international-asie-aide-stage-enfants-du-monde-annee-sabbatique-cultures-vietnamiens-voyage\/#breadcrumb","itemListElement":[{"@type":"ListItem","position":1,"name":"Accueil","item":"https:\/\/www.globalong.com\/blog\/"},{"@type":"ListItem","position":2,"name":"T\u00e9moignages et avis de volontaires Globalong","item":"https:\/\/www.globalong.com\/blog\/avis-temoignages-globalong\/"},{"@type":"ListItem","position":3,"name":"Vietnam &#8211; Thien Co"}]},{"@type":"WebSite","@id":"https:\/\/www.globalong.com\/blog\/#website","url":"https:\/\/www.globalong.com\/blog\/","name":"https:\/\/www.globalong.com\/","description":"Mission humanitaire, stage \u00e9tudiant et voyage linguistique","publisher":{"@id":"https:\/\/www.globalong.com\/blog\/#organization"},"potentialAction":[{"@type":"SearchAction","target":{"@type":"EntryPoint","urlTemplate":"https:\/\/www.globalong.com\/blog\/?s={search_term_string}"},"query-input":{"@type":"PropertyValueSpecification","valueRequired":true,"valueName":"search_term_string"}}],"inLanguage":"fr-FR"},{"@type":"Organization","@id":"https:\/\/www.globalong.com\/blog\/#organization","name":"Association Globalong","url":"https:\/\/www.globalong.com\/blog\/","logo":{"@type":"ImageObject","inLanguage":"fr-FR","@id":"https:\/\/www.globalong.com\/blog\/#\/schema\/logo\/image\/","url":"https:\/\/www.globalong.com\/blog\/wp-content\/uploads\/2014\/11\/cropped-cropped-Logo-et-Afrique-Globalong-petite-taille-2.jpg","contentUrl":"https:\/\/www.globalong.com\/blog\/wp-content\/uploads\/2014\/11\/cropped-cropped-Logo-et-Afrique-Globalong-petite-taille-2.jpg","width":512,"height":512,"caption":"Association Globalong"},"image":{"@id":"https:\/\/www.globalong.com\/blog\/#\/schema\/logo\/image\/"},"sameAs":["https:\/\/www.facebook.com\/globalong"]}]}},"_links":{"self":[{"href":"https:\/\/www.globalong.com\/blog\/wp-json\/wp\/v2\/pages\/4757"}],"collection":[{"href":"https:\/\/www.globalong.com\/blog\/wp-json\/wp\/v2\/pages"}],"about":[{"href":"https:\/\/www.globalong.com\/blog\/wp-json\/wp\/v2\/types\/page"}],"author":[{"embeddable":true,"href":"https:\/\/www.globalong.com\/blog\/wp-json\/wp\/v2\/users\/3"}],"replies":[{"embeddable":true,"href":"https:\/\/www.globalong.com\/blog\/wp-json\/wp\/v2\/comments?post=4757"}],"version-history":[{"count":14,"href":"https:\/\/www.globalong.com\/blog\/wp-json\/wp\/v2\/pages\/4757\/revisions"}],"predecessor-version":[{"id":14633,"href":"https:\/\/www.globalong.com\/blog\/wp-json\/wp\/v2\/pages\/4757\/revisions\/14633"}],"up":[{"embeddable":true,"href":"https:\/\/www.globalong.com\/blog\/wp-json\/wp\/v2\/pages\/883"}],"wp:featuredmedia":[{"embeddable":true,"href":"https:\/\/www.globalong.com\/blog\/wp-json\/wp\/v2\/media\/6114"}],"wp:attachment":[{"href":"https:\/\/www.globalong.com\/blog\/wp-json\/wp\/v2\/media?parent=4757"}],"curies":[{"name":"wp","href":"https:\/\/api.w.org\/{rel}","templated":true}]}}