{"id":4819,"date":"2016-06-22T14:08:15","date_gmt":"2016-06-22T12:08:15","guid":{"rendered":"https:\/\/www.globalong.com\/blog\/?page_id=4819"},"modified":"2022-05-06T16:47:18","modified_gmt":"2022-05-06T14:47:18","slug":"temoignage-nepal-globalong-asie-voyage-culture-difference-profesionnel-introduction-benevolat-periode-humanitaire","status":"publish","type":"page","link":"https:\/\/www.globalong.com\/blog\/avis-temoignages-globalong\/temoignage-nepal-globalong-asie-voyage-culture-difference-profesionnel-introduction-benevolat-periode-humanitaire\/","title":{"rendered":"N\u00e9pal &#8211; Fr\u00e9d\u00e9rique"},"content":{"rendered":"<h4 style=\"text-align: center;\"><span style=\"color: #b81657;\">T\u00e9moignage de Fr\u00e9d\u00e9rique, b\u00e9n\u00e9vole au N\u00e9pal avec Globalong.\u00a0<\/span><\/h4>\n<p style=\"text-align: justify;\"><a href=\"https:\/\/www.globalong.com\/blog\/wp-content\/uploads\/2016\/06\/09_nepal.jpg\" rel=\"attachment wp-att-4821\"><img loading=\"lazy\" decoding=\"async\" class=\"wp-image-4821 aligncenter\" src=\"https:\/\/www.globalong.com\/blog\/wp-content\/uploads\/2016\/06\/09_nepal.jpg\" alt=\"Devenir b\u00e9n\u00e9vole au N\u00e9pal avec Globalong\" width=\"300\" height=\"300\" srcset=\"https:\/\/www.globalong.com\/blog\/wp-content\/uploads\/2016\/06\/09_nepal.jpg 190w, https:\/\/www.globalong.com\/blog\/wp-content\/uploads\/2016\/06\/09_nepal-150x150.jpg 150w\" sizes=\"(max-width: 300px) 100vw, 300px\" \/><\/a>Bonjour je suis Fr\u00e9d\u00e9rique\u00a0et je suis partie au <span style=\"text-decoration: underline;\"><a href=\"https:\/\/www.globalong.com\/sejour-benevolat\/benevolat-au-nepal-humanitaire.html\" target=\"_blank\" rel=\"noopener\">N\u00e9pal<\/a> <\/span>pendant quelques semaines.<\/p>\n<p style=\"text-align: justify;\">Je voulais partir pour d\u00e9couvrir une nouvelle culture. Je souhaitais \u00e9galement que cette exp\u00e9rience nourrisse mon parcours professionnel.<\/p>\n<p style=\"text-align: justify;\">Je conseillerai Globalong \u00e0 une personne qui n&rsquo;a jamais voyag\u00e9 car Globalong propose un cadre qui permet de mieux appr\u00e9hender le pays visit\u00e9.<\/p>\n<p style=\"text-align: justify;\">La p\u00e9riode d\u2019introduction s\u2019est tr\u00e8s bien pass\u00e9e mais ma pr\u00e9paration au b\u00e9n\u00e9volat (recueil d&rsquo;informations) n&rsquo;\u00e9tait peut-\u00eatre pas suffisante car il y a eu un d\u00e9calage entre les informations lues (et comprises) et la r\u00e9alit\u00e9 du terrain.<\/p>\n<p style=\"text-align: justify;\">Malgr\u00e9 un d\u00e9but confus (de mon fait), la p\u00e9riode de b\u00e9n\u00e9volat s&rsquo;est merveilleusement bien pass\u00e9e !!<\/p>\n<p style=\"text-align: justify;\"><a href=\"https:\/\/www.globalong.com\/blog\/wp-content\/uploads\/2016\/06\/nepal_05.jpg\" rel=\"attachment wp-att-4823\"><img loading=\"lazy\" decoding=\"async\" class=\"wp-image-4823 aligncenter\" src=\"https:\/\/www.globalong.com\/blog\/wp-content\/uploads\/2016\/06\/nepal_05.jpg\" alt=\"b\u00e9n\u00e9volat N\u00e9pal Globalong\" width=\"300\" height=\"300\" srcset=\"https:\/\/www.globalong.com\/blog\/wp-content\/uploads\/2016\/06\/nepal_05.jpg 190w, https:\/\/www.globalong.com\/blog\/wp-content\/uploads\/2016\/06\/nepal_05-150x150.jpg 150w\" sizes=\"(max-width: 300px) 100vw, 300px\" \/><\/a>J\u2019 ai eu le temps de faire des excursions et de visiter et j\u2019ai fait des rencontres tr\u00e8s int\u00e9ressantes. Les autres volontaires, le Staff et les N\u00e9palais \u00e9taient tr\u00e8s sympas.<\/p>\n<p style=\"text-align: justify;\">Le coordinateur local m\u2019a aid\u00e9 lorsque j\u2019avais quelques questions sur ma mission de b\u00e9n\u00e9volat.<\/p>\n<p style=\"text-align: justify;\">Cette exp\u00e9rience permet de garder l&rsquo;esprit ouvert, de rester attentif aux relations humaines et se rendre compte des probl\u00e9matiques ext\u00e9rieures. Cette exp\u00e9rience a permis de nourrir mon r\u00e9seau et d&rsquo;imaginer une nouvelle orientation professionnelle.<\/p>\n<p style=\"text-align: justify;\">Le retour s&rsquo;est relativement bien pass\u00e9 malgr\u00e9 un petit blues. Le but n&rsquo;est pas de retourner \u00e0 son quotidien mais d&rsquo;en vivre un nouveau car rien n&rsquo;est immuable.<\/p>\n<p style=\"text-align: justify;\"><a href=\"https:\/\/www.globalong.com\/blog\/wp-content\/uploads\/2016\/06\/nepal_07.jpg\" rel=\"attachment wp-att-4825\"><img loading=\"lazy\" decoding=\"async\" class=\"wp-image-4825 aligncenter\" src=\"https:\/\/www.globalong.com\/blog\/wp-content\/uploads\/2016\/06\/nepal_07.jpg\" alt=\"Mission de b\u00e9n\u00e9volat au N\u00e9pal avec Globalong\" width=\"300\" height=\"300\" srcset=\"https:\/\/www.globalong.com\/blog\/wp-content\/uploads\/2016\/06\/nepal_07.jpg 190w, https:\/\/www.globalong.com\/blog\/wp-content\/uploads\/2016\/06\/nepal_07-150x150.jpg 150w\" sizes=\"(max-width: 300px) 100vw, 300px\" \/><\/a>Par rapport au retour, j\u2019ai un petit conseil \u00e0 donner aux futurs participants, je crois qu&rsquo;il est int\u00e9ressant de le pr\u00e9parer, imaginer un projet (boulot, activit\u00e9, &#8230;) pour ne pas rester inactif et vivre un gros coup de blues.<\/p>\n<p style=\"text-align: justify;\">Fr\u00e9d\u00e9rique.<\/p>\n<p style=\"text-align: center;\">Pour plus d&rsquo;informations, n&rsquo;h\u00e9sitez pas \u00e0 nous contacter \u00e0 <span style=\"text-decoration: underline;\"><span style=\"color: #b81657;\"><a style=\"color: #b81657; text-decoration: underline;\" href=\"mailto:info@globalong.com\">info@globalong.com<\/a><\/span><\/span><\/p>\n<p style=\"text-align: center;\">D\u00e9couvrez <span style=\"text-decoration: underline; color: #b81657;\"><a style=\"color: #b81657; text-decoration: underline;\" href=\"https:\/\/www.globalong.com\/sejour-benevolat\/benevolat-au-nepal-humanitaire.html\" target=\"_blank\" rel=\"noopener\">plus de programmes<\/a><\/span> et partez au N\u00e9pal \u00e0 votre tour.<\/p>\n<p style=\"text-align: center;\">D\u00e9couvrez<span style=\"text-decoration: underline; color: #b81657;\"> <a style=\"color: #b81657;\" href=\"https:\/\/www.flickr.com\/photos\/globalong\/albums\/72157639471477014\" target=\"_blank\" rel=\"noopener\">plus de photos<\/a> <\/span>des b\u00e9n\u00e9voles de Globalong.<\/p>\n","protected":false},"excerpt":{"rendered":"<p>T\u00e9moignage de Fr\u00e9d\u00e9rique, b\u00e9n\u00e9vole au N\u00e9pal avec Globalong.\u00a0 Bonjour je suis Fr\u00e9d\u00e9rique\u00a0et je suis partie au N\u00e9pal pendant quelques semaines. Je voulais partir pour d\u00e9couvrir une nouvelle culture. Je souhaitais \u00e9galement que cette exp\u00e9rience nourrisse mon parcours professionnel. Je conseillerai Globalong \u00e0 une personne qui n&rsquo;a jamais voyag\u00e9 car Globalong propose un cadre qui permet [&hellip;]<\/p>\n","protected":false},"author":3,"featured_media":14322,"parent":883,"menu_order":0,"comment_status":"open","ping_status":"closed","template":"","meta":{"footnotes":""},"yoast_head":"<!-- This site is optimized with the Yoast SEO Premium plugin v23.4 (Yoast SEO v23.4) - https:\/\/yoast.com\/wordpress\/plugins\/seo\/ -->\n<title>N\u00e9pal - Fr\u00e9d\u00e9rique - Association Globalong<\/title>\n<meta name=\"robots\" content=\"index, follow, max-snippet:-1, max-image-preview:large, max-video-preview:-1\" \/>\n<link rel=\"canonical\" href=\"https:\/\/www.globalong.com\/blog\/avis-temoignages-globalong\/temoignage-nepal-globalong-asie-voyage-culture-difference-profesionnel-introduction-benevolat-periode-humanitaire\/\" \/>\n<meta property=\"og:locale\" content=\"fr_FR\" \/>\n<meta property=\"og:type\" content=\"article\" \/>\n<meta property=\"og:title\" content=\"N\u00e9pal - Fr\u00e9d\u00e9rique\" \/>\n<meta property=\"og:description\" content=\"T\u00e9moignage de Fr\u00e9d\u00e9rique, b\u00e9n\u00e9vole au N\u00e9pal avec Globalong.\u00a0 Bonjour je suis Fr\u00e9d\u00e9rique\u00a0et je suis partie au N\u00e9pal pendant quelques semaines. Je voulais partir pour d\u00e9couvrir une nouvelle culture. Je souhaitais \u00e9galement que cette exp\u00e9rience nourrisse mon parcours professionnel. Je conseillerai Globalong \u00e0 une personne qui n&rsquo;a jamais voyag\u00e9 car Globalong propose un cadre qui permet [&hellip;]\" \/>\n<meta property=\"og:url\" content=\"https:\/\/www.globalong.com\/blog\/avis-temoignages-globalong\/temoignage-nepal-globalong-asie-voyage-culture-difference-profesionnel-introduction-benevolat-periode-humanitaire\/\" \/>\n<meta property=\"og:site_name\" content=\"Association Globalong\" \/>\n<meta property=\"article:publisher\" content=\"https:\/\/www.facebook.com\/globalong\" \/>\n<meta property=\"article:modified_time\" content=\"2022-05-06T14:47:18+00:00\" \/>\n<meta property=\"og:image\" content=\"https:\/\/www.globalong.com\/blog\/wp-content\/uploads\/2022\/04\/Food-Nepal-min-2.jpg\" \/>\n\t<meta property=\"og:image:width\" content=\"884\" \/>\n\t<meta property=\"og:image:height\" content=\"632\" \/>\n\t<meta property=\"og:image:type\" content=\"image\/jpeg\" \/>\n<meta name=\"twitter:card\" content=\"summary_large_image\" \/>\n<meta name=\"twitter:label1\" content=\"Dur\u00e9e de lecture estim\u00e9e\" \/>\n\t<meta name=\"twitter:data1\" content=\"2 minutes\" \/>\n<script type=\"application\/ld+json\" class=\"yoast-schema-graph\">{\"@context\":\"https:\/\/schema.org\",\"@graph\":[{\"@type\":\"WebPage\",\"@id\":\"https:\/\/www.globalong.com\/blog\/avis-temoignages-globalong\/temoignage-nepal-globalong-asie-voyage-culture-difference-profesionnel-introduction-benevolat-periode-humanitaire\/\",\"url\":\"https:\/\/www.globalong.com\/blog\/avis-temoignages-globalong\/temoignage-nepal-globalong-asie-voyage-culture-difference-profesionnel-introduction-benevolat-periode-humanitaire\/\",\"name\":\"N\u00e9pal - Fr\u00e9d\u00e9rique - Association Globalong\",\"isPartOf\":{\"@id\":\"https:\/\/www.globalong.com\/blog\/#website\"},\"primaryImageOfPage\":{\"@id\":\"https:\/\/www.globalong.com\/blog\/avis-temoignages-globalong\/temoignage-nepal-globalong-asie-voyage-culture-difference-profesionnel-introduction-benevolat-periode-humanitaire\/#primaryimage\"},\"image\":{\"@id\":\"https:\/\/www.globalong.com\/blog\/avis-temoignages-globalong\/temoignage-nepal-globalong-asie-voyage-culture-difference-profesionnel-introduction-benevolat-periode-humanitaire\/#primaryimage\"},\"thumbnailUrl\":\"https:\/\/www.globalong.com\/blog\/wp-content\/uploads\/2022\/04\/Food-Nepal-min-2.jpg\",\"datePublished\":\"2016-06-22T12:08:15+00:00\",\"dateModified\":\"2022-05-06T14:47:18+00:00\",\"breadcrumb\":{\"@id\":\"https:\/\/www.globalong.com\/blog\/avis-temoignages-globalong\/temoignage-nepal-globalong-asie-voyage-culture-difference-profesionnel-introduction-benevolat-periode-humanitaire\/#breadcrumb\"},\"inLanguage\":\"fr-FR\",\"potentialAction\":[{\"@type\":\"ReadAction\",\"target\":[\"https:\/\/www.globalong.com\/blog\/avis-temoignages-globalong\/temoignage-nepal-globalong-asie-voyage-culture-difference-profesionnel-introduction-benevolat-periode-humanitaire\/\"]}]},{\"@type\":\"ImageObject\",\"inLanguage\":\"fr-FR\",\"@id\":\"https:\/\/www.globalong.com\/blog\/avis-temoignages-globalong\/temoignage-nepal-globalong-asie-voyage-culture-difference-profesionnel-introduction-benevolat-periode-humanitaire\/#primaryimage\",\"url\":\"https:\/\/www.globalong.com\/blog\/wp-content\/uploads\/2022\/04\/Food-Nepal-min-2.jpg\",\"contentUrl\":\"https:\/\/www.globalong.com\/blog\/wp-content\/uploads\/2022\/04\/Food-Nepal-min-2.jpg\",\"width\":884,\"height\":632},{\"@type\":\"BreadcrumbList\",\"@id\":\"https:\/\/www.globalong.com\/blog\/avis-temoignages-globalong\/temoignage-nepal-globalong-asie-voyage-culture-difference-profesionnel-introduction-benevolat-periode-humanitaire\/#breadcrumb\",\"itemListElement\":[{\"@type\":\"ListItem\",\"position\":1,\"name\":\"Accueil\",\"item\":\"https:\/\/www.globalong.com\/blog\/\"},{\"@type\":\"ListItem\",\"position\":2,\"name\":\"T\u00e9moignages et avis de volontaires Globalong\",\"item\":\"https:\/\/www.globalong.com\/blog\/avis-temoignages-globalong\/\"},{\"@type\":\"ListItem\",\"position\":3,\"name\":\"N\u00e9pal &#8211; Fr\u00e9d\u00e9rique\"}]},{\"@type\":\"WebSite\",\"@id\":\"https:\/\/www.globalong.com\/blog\/#website\",\"url\":\"https:\/\/www.globalong.com\/blog\/\",\"name\":\"https:\/\/www.globalong.com\/\",\"description\":\"Mission humanitaire, stage \u00e9tudiant et voyage linguistique\",\"publisher\":{\"@id\":\"https:\/\/www.globalong.com\/blog\/#organization\"},\"potentialAction\":[{\"@type\":\"SearchAction\",\"target\":{\"@type\":\"EntryPoint\",\"urlTemplate\":\"https:\/\/www.globalong.com\/blog\/?s={search_term_string}\"},\"query-input\":{\"@type\":\"PropertyValueSpecification\",\"valueRequired\":true,\"valueName\":\"search_term_string\"}}],\"inLanguage\":\"fr-FR\"},{\"@type\":\"Organization\",\"@id\":\"https:\/\/www.globalong.com\/blog\/#organization\",\"name\":\"Association Globalong\",\"url\":\"https:\/\/www.globalong.com\/blog\/\",\"logo\":{\"@type\":\"ImageObject\",\"inLanguage\":\"fr-FR\",\"@id\":\"https:\/\/www.globalong.com\/blog\/#\/schema\/logo\/image\/\",\"url\":\"https:\/\/www.globalong.com\/blog\/wp-content\/uploads\/2014\/11\/cropped-cropped-Logo-et-Afrique-Globalong-petite-taille-2.jpg\",\"contentUrl\":\"https:\/\/www.globalong.com\/blog\/wp-content\/uploads\/2014\/11\/cropped-cropped-Logo-et-Afrique-Globalong-petite-taille-2.jpg\",\"width\":512,\"height\":512,\"caption\":\"Association Globalong\"},\"image\":{\"@id\":\"https:\/\/www.globalong.com\/blog\/#\/schema\/logo\/image\/\"},\"sameAs\":[\"https:\/\/www.facebook.com\/globalong\"]}]}<\/script>\n<!-- \/ Yoast SEO Premium plugin. -->","yoast_head_json":{"title":"N\u00e9pal - Fr\u00e9d\u00e9rique - Association Globalong","robots":{"index":"index","follow":"follow","max-snippet":"max-snippet:-1","max-image-preview":"max-image-preview:large","max-video-preview":"max-video-preview:-1"},"canonical":"https:\/\/www.globalong.com\/blog\/avis-temoignages-globalong\/temoignage-nepal-globalong-asie-voyage-culture-difference-profesionnel-introduction-benevolat-periode-humanitaire\/","og_locale":"fr_FR","og_type":"article","og_title":"N\u00e9pal - Fr\u00e9d\u00e9rique","og_description":"T\u00e9moignage de Fr\u00e9d\u00e9rique, b\u00e9n\u00e9vole au N\u00e9pal avec Globalong.\u00a0 Bonjour je suis Fr\u00e9d\u00e9rique\u00a0et je suis partie au N\u00e9pal pendant quelques semaines. Je voulais partir pour d\u00e9couvrir une nouvelle culture. Je souhaitais \u00e9galement que cette exp\u00e9rience nourrisse mon parcours professionnel. Je conseillerai Globalong \u00e0 une personne qui n&rsquo;a jamais voyag\u00e9 car Globalong propose un cadre qui permet [&hellip;]","og_url":"https:\/\/www.globalong.com\/blog\/avis-temoignages-globalong\/temoignage-nepal-globalong-asie-voyage-culture-difference-profesionnel-introduction-benevolat-periode-humanitaire\/","og_site_name":"Association Globalong","article_publisher":"https:\/\/www.facebook.com\/globalong","article_modified_time":"2022-05-06T14:47:18+00:00","og_image":[{"width":884,"height":632,"url":"https:\/\/www.globalong.com\/blog\/wp-content\/uploads\/2022\/04\/Food-Nepal-min-2.jpg","type":"image\/jpeg"}],"twitter_card":"summary_large_image","twitter_misc":{"Dur\u00e9e de lecture estim\u00e9e":"2 minutes"},"schema":{"@context":"https:\/\/schema.org","@graph":[{"@type":"WebPage","@id":"https:\/\/www.globalong.com\/blog\/avis-temoignages-globalong\/temoignage-nepal-globalong-asie-voyage-culture-difference-profesionnel-introduction-benevolat-periode-humanitaire\/","url":"https:\/\/www.globalong.com\/blog\/avis-temoignages-globalong\/temoignage-nepal-globalong-asie-voyage-culture-difference-profesionnel-introduction-benevolat-periode-humanitaire\/","name":"N\u00e9pal - Fr\u00e9d\u00e9rique - Association Globalong","isPartOf":{"@id":"https:\/\/www.globalong.com\/blog\/#website"},"primaryImageOfPage":{"@id":"https:\/\/www.globalong.com\/blog\/avis-temoignages-globalong\/temoignage-nepal-globalong-asie-voyage-culture-difference-profesionnel-introduction-benevolat-periode-humanitaire\/#primaryimage"},"image":{"@id":"https:\/\/www.globalong.com\/blog\/avis-temoignages-globalong\/temoignage-nepal-globalong-asie-voyage-culture-difference-profesionnel-introduction-benevolat-periode-humanitaire\/#primaryimage"},"thumbnailUrl":"https:\/\/www.globalong.com\/blog\/wp-content\/uploads\/2022\/04\/Food-Nepal-min-2.jpg","datePublished":"2016-06-22T12:08:15+00:00","dateModified":"2022-05-06T14:47:18+00:00","breadcrumb":{"@id":"https:\/\/www.globalong.com\/blog\/avis-temoignages-globalong\/temoignage-nepal-globalong-asie-voyage-culture-difference-profesionnel-introduction-benevolat-periode-humanitaire\/#breadcrumb"},"inLanguage":"fr-FR","potentialAction":[{"@type":"ReadAction","target":["https:\/\/www.globalong.com\/blog\/avis-temoignages-globalong\/temoignage-nepal-globalong-asie-voyage-culture-difference-profesionnel-introduction-benevolat-periode-humanitaire\/"]}]},{"@type":"ImageObject","inLanguage":"fr-FR","@id":"https:\/\/www.globalong.com\/blog\/avis-temoignages-globalong\/temoignage-nepal-globalong-asie-voyage-culture-difference-profesionnel-introduction-benevolat-periode-humanitaire\/#primaryimage","url":"https:\/\/www.globalong.com\/blog\/wp-content\/uploads\/2022\/04\/Food-Nepal-min-2.jpg","contentUrl":"https:\/\/www.globalong.com\/blog\/wp-content\/uploads\/2022\/04\/Food-Nepal-min-2.jpg","width":884,"height":632},{"@type":"BreadcrumbList","@id":"https:\/\/www.globalong.com\/blog\/avis-temoignages-globalong\/temoignage-nepal-globalong-asie-voyage-culture-difference-profesionnel-introduction-benevolat-periode-humanitaire\/#breadcrumb","itemListElement":[{"@type":"ListItem","position":1,"name":"Accueil","item":"https:\/\/www.globalong.com\/blog\/"},{"@type":"ListItem","position":2,"name":"T\u00e9moignages et avis de volontaires Globalong","item":"https:\/\/www.globalong.com\/blog\/avis-temoignages-globalong\/"},{"@type":"ListItem","position":3,"name":"N\u00e9pal &#8211; Fr\u00e9d\u00e9rique"}]},{"@type":"WebSite","@id":"https:\/\/www.globalong.com\/blog\/#website","url":"https:\/\/www.globalong.com\/blog\/","name":"https:\/\/www.globalong.com\/","description":"Mission humanitaire, stage \u00e9tudiant et voyage linguistique","publisher":{"@id":"https:\/\/www.globalong.com\/blog\/#organization"},"potentialAction":[{"@type":"SearchAction","target":{"@type":"EntryPoint","urlTemplate":"https:\/\/www.globalong.com\/blog\/?s={search_term_string}"},"query-input":{"@type":"PropertyValueSpecification","valueRequired":true,"valueName":"search_term_string"}}],"inLanguage":"fr-FR"},{"@type":"Organization","@id":"https:\/\/www.globalong.com\/blog\/#organization","name":"Association Globalong","url":"https:\/\/www.globalong.com\/blog\/","logo":{"@type":"ImageObject","inLanguage":"fr-FR","@id":"https:\/\/www.globalong.com\/blog\/#\/schema\/logo\/image\/","url":"https:\/\/www.globalong.com\/blog\/wp-content\/uploads\/2014\/11\/cropped-cropped-Logo-et-Afrique-Globalong-petite-taille-2.jpg","contentUrl":"https:\/\/www.globalong.com\/blog\/wp-content\/uploads\/2014\/11\/cropped-cropped-Logo-et-Afrique-Globalong-petite-taille-2.jpg","width":512,"height":512,"caption":"Association Globalong"},"image":{"@id":"https:\/\/www.globalong.com\/blog\/#\/schema\/logo\/image\/"},"sameAs":["https:\/\/www.facebook.com\/globalong"]}]}},"_links":{"self":[{"href":"https:\/\/www.globalong.com\/blog\/wp-json\/wp\/v2\/pages\/4819"}],"collection":[{"href":"https:\/\/www.globalong.com\/blog\/wp-json\/wp\/v2\/pages"}],"about":[{"href":"https:\/\/www.globalong.com\/blog\/wp-json\/wp\/v2\/types\/page"}],"author":[{"embeddable":true,"href":"https:\/\/www.globalong.com\/blog\/wp-json\/wp\/v2\/users\/3"}],"replies":[{"embeddable":true,"href":"https:\/\/www.globalong.com\/blog\/wp-json\/wp\/v2\/comments?post=4819"}],"version-history":[{"count":12,"href":"https:\/\/www.globalong.com\/blog\/wp-json\/wp\/v2\/pages\/4819\/revisions"}],"predecessor-version":[{"id":14537,"href":"https:\/\/www.globalong.com\/blog\/wp-json\/wp\/v2\/pages\/4819\/revisions\/14537"}],"up":[{"embeddable":true,"href":"https:\/\/www.globalong.com\/blog\/wp-json\/wp\/v2\/pages\/883"}],"wp:featuredmedia":[{"embeddable":true,"href":"https:\/\/www.globalong.com\/blog\/wp-json\/wp\/v2\/media\/14322"}],"wp:attachment":[{"href":"https:\/\/www.globalong.com\/blog\/wp-json\/wp\/v2\/media?parent=4819"}],"curies":[{"name":"wp","href":"https:\/\/api.w.org\/{rel}","templated":true}]}}