{"id":5628,"date":"2016-10-14T11:24:49","date_gmt":"2016-10-14T09:24:49","guid":{"rendered":"https:\/\/www.globalong.com\/blog\/?page_id=5628"},"modified":"2022-01-10T14:08:26","modified_gmt":"2022-01-10T13:08:26","slug":"action-humanitaire-organisme-benevolat-madagascar-etranger","status":"publish","type":"page","link":"https:\/\/www.globalong.com\/blog\/avis-temoignages-globalong\/action-humanitaire-organisme-benevolat-madagascar-etranger\/","title":{"rendered":"Madagascar &#8211; L\u00e9a"},"content":{"rendered":"<h4 class=\"p1\" style=\"text-align: center;\"><strong><span style=\"color: #b81657;\">T\u00e9moignage de L\u00e9a, b\u00e9n\u00e9vole \u00e0 Madagascar avec Globalong.\u00a0<\/span><\/strong><\/h4>\n<p class=\"p1\" style=\"text-align: justify;\"><span class=\"s1\"><a href=\"https:\/\/www.globalong.com\/blog\/wp-content\/uploads\/2016\/10\/Programme-humanitaire-a\u0300-Madagascar-Globalong.jpg\" rel=\"attachment wp-att-5630\"><img loading=\"lazy\" decoding=\"async\" class=\"size-medium wp-image-5630 aligncenter\" src=\"https:\/\/www.globalong.com\/blog\/wp-content\/uploads\/2016\/10\/Programme-humanitaire-a\u0300-Madagascar-Globalong-300x169.jpg\" alt=\"B\u00e9n\u00e9volat international, Globalong\" width=\"300\" height=\"169\" srcset=\"https:\/\/www.globalong.com\/blog\/wp-content\/uploads\/2016\/10\/Programme-humanitaire-a\u0300-Madagascar-Globalong-300x169.jpg 300w, https:\/\/www.globalong.com\/blog\/wp-content\/uploads\/2016\/10\/Programme-humanitaire-a\u0300-Madagascar-Globalong-768x432.jpg 768w, https:\/\/www.globalong.com\/blog\/wp-content\/uploads\/2016\/10\/Programme-humanitaire-a\u0300-Madagascar-Globalong-1024x576.jpg 1024w, https:\/\/www.globalong.com\/blog\/wp-content\/uploads\/2016\/10\/Programme-humanitaire-a\u0300-Madagascar-Globalong-150x84.jpg 150w, https:\/\/www.globalong.com\/blog\/wp-content\/uploads\/2016\/10\/Programme-humanitaire-a\u0300-Madagascar-Globalong.jpg 1280w\" sizes=\"(max-width: 300px) 100vw, 300px\" \/><\/a>Bonjour ,<\/span><\/p>\n<p class=\"p1\" style=\"text-align: justify;\"><span class=\"s1\">Merci de venir aux nouvelles. <strong>Tout ce passe tr\u00e8s bien!<\/strong> J&rsquo;ai \u00e9t\u00e9 tr\u00e8s bien accueillie et tout se d\u00e9roule pour le mieux. Je n&rsquo;ai pas \u00e9t\u00e9 malade ce que je redoutais quand m\u00eame, mais je survie. <\/span><\/p>\n<p class=\"p1\" style=\"text-align: justify;\"><span class=\"s1\">Nous sommes accueillis comme des rois ici. Je ne me suis pas tromp\u00e9e sur la destination ni l&rsquo;endroit o\u00f9 je suis. <\/span><\/p>\n<p class=\"p1\" style=\"text-align: justify;\"><span class=\"s1\"><a href=\"https:\/\/www.globalong.com\/blog\/wp-content\/uploads\/2016\/10\/Le\u0301a-a\u0300-Madagascar-avec-Globalong.jpg\" rel=\"attachment wp-att-5632\"><img loading=\"lazy\" decoding=\"async\" class=\"size-medium wp-image-5632 aligncenter\" src=\"https:\/\/www.globalong.com\/blog\/wp-content\/uploads\/2016\/10\/Le\u0301a-a\u0300-Madagascar-avec-Globalong-300x224.jpg\" alt=\"Mission de b\u00e9n\u00e9volat international - Globalong\" width=\"300\" height=\"224\" srcset=\"https:\/\/www.globalong.com\/blog\/wp-content\/uploads\/2016\/10\/Le\u0301a-a\u0300-Madagascar-avec-Globalong-300x224.jpg 300w, https:\/\/www.globalong.com\/blog\/wp-content\/uploads\/2016\/10\/Le\u0301a-a\u0300-Madagascar-avec-Globalong-768x574.jpg 768w, https:\/\/www.globalong.com\/blog\/wp-content\/uploads\/2016\/10\/Le\u0301a-a\u0300-Madagascar-avec-Globalong-1024x765.jpg 1024w, https:\/\/www.globalong.com\/blog\/wp-content\/uploads\/2016\/10\/Le\u0301a-a\u0300-Madagascar-avec-Globalong-150x112.jpg 150w\" sizes=\"(max-width: 300px) 100vw, 300px\" \/><\/a>C&rsquo;est parfait!!! H\u00e2te d&rsquo;aller \u00e0 la campagne pour voir du paysage . Je vais donner des cours de fran\u00e7ais dans une \u00e9cole avec Nanou la semaine prochaine aussi. <\/span><\/p>\n<p class=\"p1\" style=\"text-align: justify;\"><span class=\"s1\">J&rsquo;ai aid\u00e9 un docteur qui est en collaboration avec le Centre pour faire des osculations etc&#8230;<\/span><\/p>\n<p class=\"p1\" style=\"text-align: justify;\"><span class=\"s1\">A peine quelques jours apr\u00e8s que je sois arriv\u00e9e, les enfants transmettent beaucoup d&rsquo;amour , de joie , de la bonne humeur. <\/span><\/p>\n<p class=\"p1\" style=\"text-align: justify;\"><span class=\"s1\">Ils s&rsquo;amusent avec si peu mais sont tellement heureux. On se transmet nos savoirs. <\/span><\/p>\n<p class=\"p1\" style=\"text-align: justify;\"><span class=\"s1\"><a href=\"https:\/\/www.globalong.com\/blog\/wp-content\/uploads\/2016\/10\/Globalong-a-Madagascar-1.jpg\" rel=\"attachment wp-att-5635\"><img loading=\"lazy\" decoding=\"async\" class=\"wp-image-5635 aligncenter\" src=\"https:\/\/www.globalong.com\/blog\/wp-content\/uploads\/2016\/10\/Globalong-a-Madagascar-1-224x300.jpg\" alt=\"B\u00e9n\u00e9voles Madagascar - Globalong\" width=\"300\" height=\"402\" srcset=\"https:\/\/www.globalong.com\/blog\/wp-content\/uploads\/2016\/10\/Globalong-a-Madagascar-1-224x300.jpg 224w, https:\/\/www.globalong.com\/blog\/wp-content\/uploads\/2016\/10\/Globalong-a-Madagascar-1-768x1028.jpg 768w, https:\/\/www.globalong.com\/blog\/wp-content\/uploads\/2016\/10\/Globalong-a-Madagascar-1-765x1024.jpg 765w, https:\/\/www.globalong.com\/blog\/wp-content\/uploads\/2016\/10\/Globalong-a-Madagascar-1-112x150.jpg 112w, https:\/\/www.globalong.com\/blog\/wp-content\/uploads\/2016\/10\/Globalong-a-Madagascar-1.jpg 1936w\" sizes=\"(max-width: 300px) 100vw, 300px\" \/><\/a>Ils m&rsquo;apprennent le Malgache car je suis quand m\u00eame aussi venue ici pour apprendre \u00e0 conna\u00eetre une nouvelle culture ,un nouveau rythme de vie.<\/span><\/p>\n<p class=\"p1\" style=\"text-align: justify;\"><span class=\"s1\">Je suis quand m\u00eame arriv\u00e9e en pleine apr\u00e8s-midi, ce qui est rare ici puisque beaucoup de vols ce font la nuit. <\/span><\/p>\n<p class=\"p1\" style=\"text-align: justify;\"><span class=\"s1\">J&rsquo;ai pu appr\u00e9cier le paysage vu d&rsquo;en haut mais aussi me rendre vraiment compte de la mis\u00e8re une fois en bas.\u00a0 Des enfants dans la rue, pieds nus marchent dans les ordures mais avec un sourire comme je n&rsquo;ai pas vu en France depuis longtemps.<\/span><\/p>\n<p class=\"p1\" style=\"text-align: justify;\"><span class=\"s1\">Accueil dans le quartier par l&rsquo;\u00e9quipe locale\u00a0mais aussi par les enfants du quartier. Tous me disaient \u00a0\u00bb bonjour , comment tu t&rsquo;appelles\u00a0\u00bb j&rsquo;ai su que j&rsquo;\u00e9tais tomb\u00e9e au bonne endroit . Que j&rsquo;allais trouver ce qui me manque en France: l&rsquo;Humanit\u00e9 !<\/span><\/p>\n<p class=\"p1\" style=\"text-align: justify;\"><span class=\"s1\">Bonne fin de journ\u00e9e !<\/span><\/p>\n<p class=\"p1\" style=\"text-align: justify;\"><span class=\"s1\">L\u00e9a \ud83d\ude42<\/span><\/p>\n<p class=\"p1\" style=\"text-align: center;\">Pour plus d\u2019informations, n\u2019h\u00e9sitez pas \u00e0 nous contacter \u00e0 <span style=\"text-decoration: underline;\"><a href=\"mailto:info@globalong.com\">info@globalong.com<\/a><\/span><\/p>\n<p class=\"p1\" style=\"text-align: center;\">D\u00e9couvrez plus de photos de nos volontaires \u00e0 Madagascar en <a href=\"https:\/\/www.flickr.com\/photos\/globalong\/albums\/72157668589897473\" target=\"_blank\" rel=\"noopener\"><span style=\"text-decoration: underline;\">cliquant ici<\/span> <\/a>!<\/p>\n<p class=\"p1\" style=\"text-align: center;\"><span style=\"text-decoration: underline;\"><a href=\"https:\/\/www.globalong.com\/sejour-benevolat\/madagascar-volontariat-humanitaire-et-stage.html\" target=\"_blank\" rel=\"noopener\">Consultez ici<\/a><\/span> les missions de b\u00e9n\u00e9volat \u00e0 Madagascar \u00a0!<\/p>\n","protected":false},"excerpt":{"rendered":"<p>T\u00e9moignage de L\u00e9a, b\u00e9n\u00e9vole \u00e0 Madagascar avec Globalong.\u00a0 Bonjour , Merci de venir aux nouvelles. Tout ce passe tr\u00e8s bien! J&rsquo;ai \u00e9t\u00e9 tr\u00e8s bien accueillie et tout se d\u00e9roule pour le mieux. Je n&rsquo;ai pas \u00e9t\u00e9 malade ce que je redoutais quand m\u00eame, mais je survie. Nous sommes accueillis comme des rois ici. Je ne [&hellip;]<\/p>\n","protected":false},"author":3,"featured_media":8946,"parent":883,"menu_order":0,"comment_status":"open","ping_status":"closed","template":"","meta":{"footnotes":""},"yoast_head":"<!-- This site is optimized with the Yoast SEO Premium plugin v23.4 (Yoast SEO v23.4) - https:\/\/yoast.com\/wordpress\/plugins\/seo\/ -->\n<title>Madagascar - L\u00e9a - Association Globalong<\/title>\n<meta name=\"robots\" content=\"index, follow, max-snippet:-1, max-image-preview:large, max-video-preview:-1\" \/>\n<link rel=\"canonical\" href=\"https:\/\/www.globalong.com\/blog\/avis-temoignages-globalong\/action-humanitaire-organisme-benevolat-madagascar-etranger\/\" \/>\n<meta property=\"og:locale\" content=\"fr_FR\" \/>\n<meta property=\"og:type\" content=\"article\" \/>\n<meta property=\"og:title\" content=\"Madagascar - L\u00e9a\" \/>\n<meta property=\"og:description\" content=\"T\u00e9moignage de L\u00e9a, b\u00e9n\u00e9vole \u00e0 Madagascar avec Globalong.\u00a0 Bonjour , Merci de venir aux nouvelles. Tout ce passe tr\u00e8s bien! J&rsquo;ai \u00e9t\u00e9 tr\u00e8s bien accueillie et tout se d\u00e9roule pour le mieux. Je n&rsquo;ai pas \u00e9t\u00e9 malade ce que je redoutais quand m\u00eame, mais je survie. Nous sommes accueillis comme des rois ici. Je ne [&hellip;]\" \/>\n<meta property=\"og:url\" content=\"https:\/\/www.globalong.com\/blog\/avis-temoignages-globalong\/action-humanitaire-organisme-benevolat-madagascar-etranger\/\" \/>\n<meta property=\"og:site_name\" content=\"Association Globalong\" \/>\n<meta property=\"article:publisher\" content=\"https:\/\/www.facebook.com\/globalong\" \/>\n<meta property=\"article:modified_time\" content=\"2022-01-10T13:08:26+00:00\" \/>\n<meta property=\"og:image\" content=\"https:\/\/www.globalong.com\/blog\/wp-content\/uploads\/2018\/01\/Logo-et-Afrique-Globalong2.jpg\" \/>\n\t<meta property=\"og:image:width\" content=\"250\" \/>\n\t<meta property=\"og:image:height\" content=\"172\" \/>\n\t<meta property=\"og:image:type\" content=\"image\/jpeg\" \/>\n<meta name=\"twitter:card\" content=\"summary_large_image\" \/>\n<meta name=\"twitter:label1\" content=\"Dur\u00e9e de lecture estim\u00e9e\" \/>\n\t<meta name=\"twitter:data1\" content=\"2 minutes\" \/>\n<script type=\"application\/ld+json\" class=\"yoast-schema-graph\">{\"@context\":\"https:\/\/schema.org\",\"@graph\":[{\"@type\":\"WebPage\",\"@id\":\"https:\/\/www.globalong.com\/blog\/avis-temoignages-globalong\/action-humanitaire-organisme-benevolat-madagascar-etranger\/\",\"url\":\"https:\/\/www.globalong.com\/blog\/avis-temoignages-globalong\/action-humanitaire-organisme-benevolat-madagascar-etranger\/\",\"name\":\"Madagascar - L\u00e9a - Association Globalong\",\"isPartOf\":{\"@id\":\"https:\/\/www.globalong.com\/blog\/#website\"},\"primaryImageOfPage\":{\"@id\":\"https:\/\/www.globalong.com\/blog\/avis-temoignages-globalong\/action-humanitaire-organisme-benevolat-madagascar-etranger\/#primaryimage\"},\"image\":{\"@id\":\"https:\/\/www.globalong.com\/blog\/avis-temoignages-globalong\/action-humanitaire-organisme-benevolat-madagascar-etranger\/#primaryimage\"},\"thumbnailUrl\":\"https:\/\/www.globalong.com\/blog\/wp-content\/uploads\/2018\/01\/Logo-et-Afrique-Globalong2.jpg\",\"datePublished\":\"2016-10-14T09:24:49+00:00\",\"dateModified\":\"2022-01-10T13:08:26+00:00\",\"breadcrumb\":{\"@id\":\"https:\/\/www.globalong.com\/blog\/avis-temoignages-globalong\/action-humanitaire-organisme-benevolat-madagascar-etranger\/#breadcrumb\"},\"inLanguage\":\"fr-FR\",\"potentialAction\":[{\"@type\":\"ReadAction\",\"target\":[\"https:\/\/www.globalong.com\/blog\/avis-temoignages-globalong\/action-humanitaire-organisme-benevolat-madagascar-etranger\/\"]}]},{\"@type\":\"ImageObject\",\"inLanguage\":\"fr-FR\",\"@id\":\"https:\/\/www.globalong.com\/blog\/avis-temoignages-globalong\/action-humanitaire-organisme-benevolat-madagascar-etranger\/#primaryimage\",\"url\":\"https:\/\/www.globalong.com\/blog\/wp-content\/uploads\/2018\/01\/Logo-et-Afrique-Globalong2.jpg\",\"contentUrl\":\"https:\/\/www.globalong.com\/blog\/wp-content\/uploads\/2018\/01\/Logo-et-Afrique-Globalong2.jpg\",\"width\":250,\"height\":172},{\"@type\":\"BreadcrumbList\",\"@id\":\"https:\/\/www.globalong.com\/blog\/avis-temoignages-globalong\/action-humanitaire-organisme-benevolat-madagascar-etranger\/#breadcrumb\",\"itemListElement\":[{\"@type\":\"ListItem\",\"position\":1,\"name\":\"Accueil\",\"item\":\"https:\/\/www.globalong.com\/blog\/\"},{\"@type\":\"ListItem\",\"position\":2,\"name\":\"T\u00e9moignages et avis de volontaires Globalong\",\"item\":\"https:\/\/www.globalong.com\/blog\/avis-temoignages-globalong\/\"},{\"@type\":\"ListItem\",\"position\":3,\"name\":\"Madagascar &#8211; L\u00e9a\"}]},{\"@type\":\"WebSite\",\"@id\":\"https:\/\/www.globalong.com\/blog\/#website\",\"url\":\"https:\/\/www.globalong.com\/blog\/\",\"name\":\"https:\/\/www.globalong.com\/\",\"description\":\"Mission humanitaire, stage \u00e9tudiant et voyage linguistique\",\"publisher\":{\"@id\":\"https:\/\/www.globalong.com\/blog\/#organization\"},\"potentialAction\":[{\"@type\":\"SearchAction\",\"target\":{\"@type\":\"EntryPoint\",\"urlTemplate\":\"https:\/\/www.globalong.com\/blog\/?s={search_term_string}\"},\"query-input\":{\"@type\":\"PropertyValueSpecification\",\"valueRequired\":true,\"valueName\":\"search_term_string\"}}],\"inLanguage\":\"fr-FR\"},{\"@type\":\"Organization\",\"@id\":\"https:\/\/www.globalong.com\/blog\/#organization\",\"name\":\"Association Globalong\",\"url\":\"https:\/\/www.globalong.com\/blog\/\",\"logo\":{\"@type\":\"ImageObject\",\"inLanguage\":\"fr-FR\",\"@id\":\"https:\/\/www.globalong.com\/blog\/#\/schema\/logo\/image\/\",\"url\":\"https:\/\/www.globalong.com\/blog\/wp-content\/uploads\/2014\/11\/cropped-cropped-Logo-et-Afrique-Globalong-petite-taille-2.jpg\",\"contentUrl\":\"https:\/\/www.globalong.com\/blog\/wp-content\/uploads\/2014\/11\/cropped-cropped-Logo-et-Afrique-Globalong-petite-taille-2.jpg\",\"width\":512,\"height\":512,\"caption\":\"Association Globalong\"},\"image\":{\"@id\":\"https:\/\/www.globalong.com\/blog\/#\/schema\/logo\/image\/\"},\"sameAs\":[\"https:\/\/www.facebook.com\/globalong\"]}]}<\/script>\n<!-- \/ Yoast SEO Premium plugin. -->","yoast_head_json":{"title":"Madagascar - L\u00e9a - Association Globalong","robots":{"index":"index","follow":"follow","max-snippet":"max-snippet:-1","max-image-preview":"max-image-preview:large","max-video-preview":"max-video-preview:-1"},"canonical":"https:\/\/www.globalong.com\/blog\/avis-temoignages-globalong\/action-humanitaire-organisme-benevolat-madagascar-etranger\/","og_locale":"fr_FR","og_type":"article","og_title":"Madagascar - L\u00e9a","og_description":"T\u00e9moignage de L\u00e9a, b\u00e9n\u00e9vole \u00e0 Madagascar avec Globalong.\u00a0 Bonjour , Merci de venir aux nouvelles. Tout ce passe tr\u00e8s bien! J&rsquo;ai \u00e9t\u00e9 tr\u00e8s bien accueillie et tout se d\u00e9roule pour le mieux. Je n&rsquo;ai pas \u00e9t\u00e9 malade ce que je redoutais quand m\u00eame, mais je survie. Nous sommes accueillis comme des rois ici. Je ne [&hellip;]","og_url":"https:\/\/www.globalong.com\/blog\/avis-temoignages-globalong\/action-humanitaire-organisme-benevolat-madagascar-etranger\/","og_site_name":"Association Globalong","article_publisher":"https:\/\/www.facebook.com\/globalong","article_modified_time":"2022-01-10T13:08:26+00:00","og_image":[{"width":250,"height":172,"url":"https:\/\/www.globalong.com\/blog\/wp-content\/uploads\/2018\/01\/Logo-et-Afrique-Globalong2.jpg","type":"image\/jpeg"}],"twitter_card":"summary_large_image","twitter_misc":{"Dur\u00e9e de lecture estim\u00e9e":"2 minutes"},"schema":{"@context":"https:\/\/schema.org","@graph":[{"@type":"WebPage","@id":"https:\/\/www.globalong.com\/blog\/avis-temoignages-globalong\/action-humanitaire-organisme-benevolat-madagascar-etranger\/","url":"https:\/\/www.globalong.com\/blog\/avis-temoignages-globalong\/action-humanitaire-organisme-benevolat-madagascar-etranger\/","name":"Madagascar - L\u00e9a - Association Globalong","isPartOf":{"@id":"https:\/\/www.globalong.com\/blog\/#website"},"primaryImageOfPage":{"@id":"https:\/\/www.globalong.com\/blog\/avis-temoignages-globalong\/action-humanitaire-organisme-benevolat-madagascar-etranger\/#primaryimage"},"image":{"@id":"https:\/\/www.globalong.com\/blog\/avis-temoignages-globalong\/action-humanitaire-organisme-benevolat-madagascar-etranger\/#primaryimage"},"thumbnailUrl":"https:\/\/www.globalong.com\/blog\/wp-content\/uploads\/2018\/01\/Logo-et-Afrique-Globalong2.jpg","datePublished":"2016-10-14T09:24:49+00:00","dateModified":"2022-01-10T13:08:26+00:00","breadcrumb":{"@id":"https:\/\/www.globalong.com\/blog\/avis-temoignages-globalong\/action-humanitaire-organisme-benevolat-madagascar-etranger\/#breadcrumb"},"inLanguage":"fr-FR","potentialAction":[{"@type":"ReadAction","target":["https:\/\/www.globalong.com\/blog\/avis-temoignages-globalong\/action-humanitaire-organisme-benevolat-madagascar-etranger\/"]}]},{"@type":"ImageObject","inLanguage":"fr-FR","@id":"https:\/\/www.globalong.com\/blog\/avis-temoignages-globalong\/action-humanitaire-organisme-benevolat-madagascar-etranger\/#primaryimage","url":"https:\/\/www.globalong.com\/blog\/wp-content\/uploads\/2018\/01\/Logo-et-Afrique-Globalong2.jpg","contentUrl":"https:\/\/www.globalong.com\/blog\/wp-content\/uploads\/2018\/01\/Logo-et-Afrique-Globalong2.jpg","width":250,"height":172},{"@type":"BreadcrumbList","@id":"https:\/\/www.globalong.com\/blog\/avis-temoignages-globalong\/action-humanitaire-organisme-benevolat-madagascar-etranger\/#breadcrumb","itemListElement":[{"@type":"ListItem","position":1,"name":"Accueil","item":"https:\/\/www.globalong.com\/blog\/"},{"@type":"ListItem","position":2,"name":"T\u00e9moignages et avis de volontaires Globalong","item":"https:\/\/www.globalong.com\/blog\/avis-temoignages-globalong\/"},{"@type":"ListItem","position":3,"name":"Madagascar &#8211; L\u00e9a"}]},{"@type":"WebSite","@id":"https:\/\/www.globalong.com\/blog\/#website","url":"https:\/\/www.globalong.com\/blog\/","name":"https:\/\/www.globalong.com\/","description":"Mission humanitaire, stage \u00e9tudiant et voyage linguistique","publisher":{"@id":"https:\/\/www.globalong.com\/blog\/#organization"},"potentialAction":[{"@type":"SearchAction","target":{"@type":"EntryPoint","urlTemplate":"https:\/\/www.globalong.com\/blog\/?s={search_term_string}"},"query-input":{"@type":"PropertyValueSpecification","valueRequired":true,"valueName":"search_term_string"}}],"inLanguage":"fr-FR"},{"@type":"Organization","@id":"https:\/\/www.globalong.com\/blog\/#organization","name":"Association Globalong","url":"https:\/\/www.globalong.com\/blog\/","logo":{"@type":"ImageObject","inLanguage":"fr-FR","@id":"https:\/\/www.globalong.com\/blog\/#\/schema\/logo\/image\/","url":"https:\/\/www.globalong.com\/blog\/wp-content\/uploads\/2014\/11\/cropped-cropped-Logo-et-Afrique-Globalong-petite-taille-2.jpg","contentUrl":"https:\/\/www.globalong.com\/blog\/wp-content\/uploads\/2014\/11\/cropped-cropped-Logo-et-Afrique-Globalong-petite-taille-2.jpg","width":512,"height":512,"caption":"Association Globalong"},"image":{"@id":"https:\/\/www.globalong.com\/blog\/#\/schema\/logo\/image\/"},"sameAs":["https:\/\/www.facebook.com\/globalong"]}]}},"_links":{"self":[{"href":"https:\/\/www.globalong.com\/blog\/wp-json\/wp\/v2\/pages\/5628"}],"collection":[{"href":"https:\/\/www.globalong.com\/blog\/wp-json\/wp\/v2\/pages"}],"about":[{"href":"https:\/\/www.globalong.com\/blog\/wp-json\/wp\/v2\/types\/page"}],"author":[{"embeddable":true,"href":"https:\/\/www.globalong.com\/blog\/wp-json\/wp\/v2\/users\/3"}],"replies":[{"embeddable":true,"href":"https:\/\/www.globalong.com\/blog\/wp-json\/wp\/v2\/comments?post=5628"}],"version-history":[{"count":7,"href":"https:\/\/www.globalong.com\/blog\/wp-json\/wp\/v2\/pages\/5628\/revisions"}],"predecessor-version":[{"id":14017,"href":"https:\/\/www.globalong.com\/blog\/wp-json\/wp\/v2\/pages\/5628\/revisions\/14017"}],"up":[{"embeddable":true,"href":"https:\/\/www.globalong.com\/blog\/wp-json\/wp\/v2\/pages\/883"}],"wp:featuredmedia":[{"embeddable":true,"href":"https:\/\/www.globalong.com\/blog\/wp-json\/wp\/v2\/media\/8946"}],"wp:attachment":[{"href":"https:\/\/www.globalong.com\/blog\/wp-json\/wp\/v2\/media?parent=5628"}],"curies":[{"name":"wp","href":"https:\/\/api.w.org\/{rel}","templated":true}]}}