{"id":5717,"date":"2016-11-03T17:32:02","date_gmt":"2016-11-03T16:32:02","guid":{"rendered":"https:\/\/www.globalong.com\/blog\/?page_id=5717"},"modified":"2022-05-08T16:03:15","modified_gmt":"2022-05-08T14:03:15","slug":"action-humanitaire-togo-benevolat-social-enfants","status":"publish","type":"page","link":"https:\/\/www.globalong.com\/blog\/avis-temoignages-globalong\/action-humanitaire-togo-benevolat-social-enfants\/","title":{"rendered":"Togo &#8211; Murielle"},"content":{"rendered":"<h4 style=\"text-align: center;\"><span style=\"color: #b81657;\">T\u00e9moignage de Murielle, b\u00e9n\u00e9vole avec GlobAlong au Togo.\u00a0<\/span><\/h4>\n<p style=\"text-align: justify;\"><a href=\"https:\/\/www.globalong.com\/blog\/wp-content\/uploads\/2016\/11\/Claire-globalong-togo-mueielle.jpg\" rel=\"attachment wp-att-5718\"><img loading=\"lazy\" decoding=\"async\" class=\"size-medium wp-image-5718 aligncenter\" src=\"https:\/\/www.globalong.com\/blog\/wp-content\/uploads\/2016\/11\/Claire-globalong-togo-mueielle-300x225.jpg\" alt=\"Programme de b\u00e9n\u00e9volat au Togo - Globalong \" width=\"300\" height=\"225\" srcset=\"https:\/\/www.globalong.com\/blog\/wp-content\/uploads\/2016\/11\/Claire-globalong-togo-mueielle-300x225.jpg 300w, https:\/\/www.globalong.com\/blog\/wp-content\/uploads\/2016\/11\/Claire-globalong-togo-mueielle-768x576.jpg 768w, https:\/\/www.globalong.com\/blog\/wp-content\/uploads\/2016\/11\/Claire-globalong-togo-mueielle-1024x768.jpg 1024w, https:\/\/www.globalong.com\/blog\/wp-content\/uploads\/2016\/11\/Claire-globalong-togo-mueielle-150x113.jpg 150w\" sizes=\"(max-width: 300px) 100vw, 300px\" \/><\/a>Bonjour, je m&rsquo;appelle Murielle, et je suis partie au <span style=\"text-decoration: underline;\"><a href=\"https:\/\/www.globalong.com\/sejour-benevolat\/togo-benevolat-humanitaire.html\" target=\"_blank\" rel=\"noopener\">Togo<\/a><\/span> pendant quelques semaines.<\/p>\n<p style=\"text-align: justify;\">Je n&rsquo;avais pas d&rsquo;attentes particuli\u00e8res quand je suis partie, je voulais juste vivre une aventure humaine.<br \/>\nLa p\u00e9riode de b\u00e9n\u00e9volat s&rsquo;est tr\u00e8s bien pass\u00e9e, mais autant vous avouer qu&rsquo;il y a des moments plus faciles que d&rsquo;autres.<\/p>\n<p style=\"text-align: justify;\">Je me suis rendue \u00e0 Kpalim\u00e9, la cascade d&rsquo;Akloa et j&rsquo;ai aussi fait le lac Togo en pirogue.<br \/>\nJ&rsquo;ai rencontr\u00e9 Le Maurice l\u00e0 bas, c&rsquo;est une personne formidable qui m&rsquo;a fait d\u00e9couvrir les mangroves avec sa pirogue.<\/p>\n<p style=\"text-align: justify;\"><a href=\"https:\/\/www.globalong.com\/blog\/wp-content\/uploads\/2016\/11\/Murielle-et-claire-au-togo-avec-globalong-2.jpg\" rel=\"attachment wp-att-5720\"><img loading=\"lazy\" decoding=\"async\" class=\"size-medium wp-image-5720 aligncenter\" src=\"https:\/\/www.globalong.com\/blog\/wp-content\/uploads\/2016\/11\/Murielle-et-claire-au-togo-avec-globalong-2-300x225.jpg\" alt=\"Programme humanitaire au Togo - Globalong \" width=\"300\" height=\"225\" srcset=\"https:\/\/www.globalong.com\/blog\/wp-content\/uploads\/2016\/11\/Murielle-et-claire-au-togo-avec-globalong-2-300x225.jpg 300w, https:\/\/www.globalong.com\/blog\/wp-content\/uploads\/2016\/11\/Murielle-et-claire-au-togo-avec-globalong-2-768x576.jpg 768w, https:\/\/www.globalong.com\/blog\/wp-content\/uploads\/2016\/11\/Murielle-et-claire-au-togo-avec-globalong-2-1024x768.jpg 1024w, https:\/\/www.globalong.com\/blog\/wp-content\/uploads\/2016\/11\/Murielle-et-claire-au-togo-avec-globalong-2-150x113.jpg 150w\" sizes=\"(max-width: 300px) 100vw, 300px\" \/><\/a>Le coordinateur m&rsquo;a \u00e9t\u00e9 d&rsquo;une grande aide quand il a fallu organiser nos sorties, les transports etc. Il nous a aussi beaucoup appris sur le respect des coutumes,traditions,la gastronomie, pour tout enfaite !<\/p>\n<p style=\"text-align: justify;\">Je dirais que c&rsquo;est une belle aventure pour un premier pas, on se rend vite compte de nos limites et de celles du pays. Dans l&rsquo;avenir je pense \u00e0 d&rsquo;autre projets mais cette fois avec une meilleure connaissance du terrain.<\/p>\n<p style=\"text-align: justify;\">Le retour a \u00e9t\u00e9 tr\u00e8s appr\u00e9ci\u00e9, il est tout m\u00eame difficile de s&rsquo;acclimat\u00e9 en si peu de temps mais nous n&rsquo;avons manqu\u00e9 de rien, mais nous n&rsquo;avons eu aucun mal \u00e0 se r\u00e9adapt\u00e9 chez nous.<a href=\"https:\/\/www.globalong.com\/blog\/wp-content\/uploads\/2016\/11\/murielle-et-claire-au-togo-avec-globalong.jpg\" rel=\"attachment wp-att-5722\"><img loading=\"lazy\" decoding=\"async\" class=\"size-medium wp-image-5722 aligncenter\" src=\"https:\/\/www.globalong.com\/blog\/wp-content\/uploads\/2016\/11\/murielle-et-claire-au-togo-avec-globalong-300x225.jpg\" alt=\"Programme de b\u00e9n\u00e9volat au Togo - GlobAlong \" width=\"300\" height=\"225\" srcset=\"https:\/\/www.globalong.com\/blog\/wp-content\/uploads\/2016\/11\/murielle-et-claire-au-togo-avec-globalong-300x225.jpg 300w, https:\/\/www.globalong.com\/blog\/wp-content\/uploads\/2016\/11\/murielle-et-claire-au-togo-avec-globalong-768x576.jpg 768w, https:\/\/www.globalong.com\/blog\/wp-content\/uploads\/2016\/11\/murielle-et-claire-au-togo-avec-globalong-1024x768.jpg 1024w, https:\/\/www.globalong.com\/blog\/wp-content\/uploads\/2016\/11\/murielle-et-claire-au-togo-avec-globalong-150x113.jpg 150w\" sizes=\"(max-width: 300px) 100vw, 300px\" \/><\/a><\/p>\n<p style=\"text-align: justify;\">Je conseille aux futurs b\u00e9n\u00e9voles de bien lire tous vos documents et bien suivre les divers conseils et recommandations pour ne manquer de rien, on se rend compte qu&rsquo;un petit rien (bobo, d\u00e9rangement, maladie) peu \u00eatre difficile \u00e0 vivre la b\u00e0s si on ne pr\u00e9voit pas d&rsquo;\u00eatre bien \u00e9quip\u00e9.<br \/>\nMa meilleure anecdote reste ce voyage en taxi-brousse \u00e0 9 dans ce qui reste d&rsquo;une voiture 5 places!<\/p>\n<p>Murielle.<\/p>\n<p style=\"text-align: center;\">Pour plus de renseignements, n&rsquo;h\u00e9sitez pas \u00e0 nous contacter \u00e0 <span style=\"text-decoration: underline;\"><a href=\"mailto:info@globalong.com\">info@globalong.com<\/a><\/span><\/p>\n<p style=\"text-align: center;\">D\u00e9couvrez les <a href=\"https:\/\/www.flickr.com\/photos\/globalong\/albums\/72157640040896094\" target=\"_blank\" rel=\"noopener\"><span style=\"text-decoration: underline;\">photos des b\u00e9n\u00e9voles d\u00e9j\u00e0 partis au Togo ici<\/span> <\/a>!<\/p>\n<p style=\"text-align: center;\">Plus d&rsquo;informations sur les <span style=\"text-decoration: underline;\"><a href=\"https:\/\/www.globalong.com\/sejour-benevolat\/togo-benevolat-humanitaire.html\" target=\"_blank\" rel=\"noopener\">programmes de b\u00e9n\u00e9volat humanitaire au Togo, cliquez ici !<\/a><\/span><\/p>\n","protected":false},"excerpt":{"rendered":"<p>T\u00e9moignage de Murielle, b\u00e9n\u00e9vole avec GlobAlong au Togo.\u00a0 Bonjour, je m&rsquo;appelle Murielle, et je suis partie au Togo pendant quelques semaines. Je n&rsquo;avais pas d&rsquo;attentes particuli\u00e8res quand je suis partie, je voulais juste vivre une aventure humaine. La p\u00e9riode de b\u00e9n\u00e9volat s&rsquo;est tr\u00e8s bien pass\u00e9e, mais autant vous avouer qu&rsquo;il y a des moments plus [&hellip;]<\/p>\n","protected":false},"author":3,"featured_media":8946,"parent":883,"menu_order":0,"comment_status":"closed","ping_status":"closed","template":"","meta":{"footnotes":""},"yoast_head":"<!-- This site is optimized with the Yoast SEO Premium plugin v23.4 (Yoast SEO v23.4) - https:\/\/yoast.com\/wordpress\/plugins\/seo\/ -->\n<title>Togo - Murielle - Association Globalong<\/title>\n<meta name=\"robots\" content=\"index, follow, max-snippet:-1, max-image-preview:large, max-video-preview:-1\" \/>\n<link rel=\"canonical\" href=\"https:\/\/www.globalong.com\/blog\/avis-temoignages-globalong\/action-humanitaire-togo-benevolat-social-enfants\/\" \/>\n<meta property=\"og:locale\" content=\"fr_FR\" \/>\n<meta property=\"og:type\" content=\"article\" \/>\n<meta property=\"og:title\" content=\"Togo - Murielle\" \/>\n<meta property=\"og:description\" content=\"T\u00e9moignage de Murielle, b\u00e9n\u00e9vole avec GlobAlong au Togo.\u00a0 Bonjour, je m&rsquo;appelle Murielle, et je suis partie au Togo pendant quelques semaines. Je n&rsquo;avais pas d&rsquo;attentes particuli\u00e8res quand je suis partie, je voulais juste vivre une aventure humaine. La p\u00e9riode de b\u00e9n\u00e9volat s&rsquo;est tr\u00e8s bien pass\u00e9e, mais autant vous avouer qu&rsquo;il y a des moments plus [&hellip;]\" \/>\n<meta property=\"og:url\" content=\"https:\/\/www.globalong.com\/blog\/avis-temoignages-globalong\/action-humanitaire-togo-benevolat-social-enfants\/\" \/>\n<meta property=\"og:site_name\" content=\"Association Globalong\" \/>\n<meta property=\"article:publisher\" content=\"https:\/\/www.facebook.com\/globalong\" \/>\n<meta property=\"article:modified_time\" content=\"2022-05-08T14:03:15+00:00\" \/>\n<meta property=\"og:image\" content=\"https:\/\/www.globalong.com\/blog\/wp-content\/uploads\/2018\/01\/Logo-et-Afrique-Globalong2.jpg\" \/>\n\t<meta property=\"og:image:width\" content=\"250\" \/>\n\t<meta property=\"og:image:height\" content=\"172\" \/>\n\t<meta property=\"og:image:type\" content=\"image\/jpeg\" \/>\n<meta name=\"twitter:card\" content=\"summary_large_image\" \/>\n<meta name=\"twitter:label1\" content=\"Dur\u00e9e de lecture estim\u00e9e\" \/>\n\t<meta name=\"twitter:data1\" content=\"2 minutes\" \/>\n<script type=\"application\/ld+json\" class=\"yoast-schema-graph\">{\"@context\":\"https:\/\/schema.org\",\"@graph\":[{\"@type\":\"WebPage\",\"@id\":\"https:\/\/www.globalong.com\/blog\/avis-temoignages-globalong\/action-humanitaire-togo-benevolat-social-enfants\/\",\"url\":\"https:\/\/www.globalong.com\/blog\/avis-temoignages-globalong\/action-humanitaire-togo-benevolat-social-enfants\/\",\"name\":\"Togo - Murielle - Association Globalong\",\"isPartOf\":{\"@id\":\"https:\/\/www.globalong.com\/blog\/#website\"},\"primaryImageOfPage\":{\"@id\":\"https:\/\/www.globalong.com\/blog\/avis-temoignages-globalong\/action-humanitaire-togo-benevolat-social-enfants\/#primaryimage\"},\"image\":{\"@id\":\"https:\/\/www.globalong.com\/blog\/avis-temoignages-globalong\/action-humanitaire-togo-benevolat-social-enfants\/#primaryimage\"},\"thumbnailUrl\":\"https:\/\/www.globalong.com\/blog\/wp-content\/uploads\/2018\/01\/Logo-et-Afrique-Globalong2.jpg\",\"datePublished\":\"2016-11-03T16:32:02+00:00\",\"dateModified\":\"2022-05-08T14:03:15+00:00\",\"breadcrumb\":{\"@id\":\"https:\/\/www.globalong.com\/blog\/avis-temoignages-globalong\/action-humanitaire-togo-benevolat-social-enfants\/#breadcrumb\"},\"inLanguage\":\"fr-FR\",\"potentialAction\":[{\"@type\":\"ReadAction\",\"target\":[\"https:\/\/www.globalong.com\/blog\/avis-temoignages-globalong\/action-humanitaire-togo-benevolat-social-enfants\/\"]}]},{\"@type\":\"ImageObject\",\"inLanguage\":\"fr-FR\",\"@id\":\"https:\/\/www.globalong.com\/blog\/avis-temoignages-globalong\/action-humanitaire-togo-benevolat-social-enfants\/#primaryimage\",\"url\":\"https:\/\/www.globalong.com\/blog\/wp-content\/uploads\/2018\/01\/Logo-et-Afrique-Globalong2.jpg\",\"contentUrl\":\"https:\/\/www.globalong.com\/blog\/wp-content\/uploads\/2018\/01\/Logo-et-Afrique-Globalong2.jpg\",\"width\":250,\"height\":172},{\"@type\":\"BreadcrumbList\",\"@id\":\"https:\/\/www.globalong.com\/blog\/avis-temoignages-globalong\/action-humanitaire-togo-benevolat-social-enfants\/#breadcrumb\",\"itemListElement\":[{\"@type\":\"ListItem\",\"position\":1,\"name\":\"Accueil\",\"item\":\"https:\/\/www.globalong.com\/blog\/\"},{\"@type\":\"ListItem\",\"position\":2,\"name\":\"T\u00e9moignages et avis de volontaires Globalong\",\"item\":\"https:\/\/www.globalong.com\/blog\/avis-temoignages-globalong\/\"},{\"@type\":\"ListItem\",\"position\":3,\"name\":\"Togo &#8211; Murielle\"}]},{\"@type\":\"WebSite\",\"@id\":\"https:\/\/www.globalong.com\/blog\/#website\",\"url\":\"https:\/\/www.globalong.com\/blog\/\",\"name\":\"https:\/\/www.globalong.com\/\",\"description\":\"Mission humanitaire, stage \u00e9tudiant et voyage linguistique\",\"publisher\":{\"@id\":\"https:\/\/www.globalong.com\/blog\/#organization\"},\"potentialAction\":[{\"@type\":\"SearchAction\",\"target\":{\"@type\":\"EntryPoint\",\"urlTemplate\":\"https:\/\/www.globalong.com\/blog\/?s={search_term_string}\"},\"query-input\":{\"@type\":\"PropertyValueSpecification\",\"valueRequired\":true,\"valueName\":\"search_term_string\"}}],\"inLanguage\":\"fr-FR\"},{\"@type\":\"Organization\",\"@id\":\"https:\/\/www.globalong.com\/blog\/#organization\",\"name\":\"Association Globalong\",\"url\":\"https:\/\/www.globalong.com\/blog\/\",\"logo\":{\"@type\":\"ImageObject\",\"inLanguage\":\"fr-FR\",\"@id\":\"https:\/\/www.globalong.com\/blog\/#\/schema\/logo\/image\/\",\"url\":\"https:\/\/www.globalong.com\/blog\/wp-content\/uploads\/2014\/11\/cropped-cropped-Logo-et-Afrique-Globalong-petite-taille-2.jpg\",\"contentUrl\":\"https:\/\/www.globalong.com\/blog\/wp-content\/uploads\/2014\/11\/cropped-cropped-Logo-et-Afrique-Globalong-petite-taille-2.jpg\",\"width\":512,\"height\":512,\"caption\":\"Association Globalong\"},\"image\":{\"@id\":\"https:\/\/www.globalong.com\/blog\/#\/schema\/logo\/image\/\"},\"sameAs\":[\"https:\/\/www.facebook.com\/globalong\"]}]}<\/script>\n<!-- \/ Yoast SEO Premium plugin. -->","yoast_head_json":{"title":"Togo - Murielle - Association Globalong","robots":{"index":"index","follow":"follow","max-snippet":"max-snippet:-1","max-image-preview":"max-image-preview:large","max-video-preview":"max-video-preview:-1"},"canonical":"https:\/\/www.globalong.com\/blog\/avis-temoignages-globalong\/action-humanitaire-togo-benevolat-social-enfants\/","og_locale":"fr_FR","og_type":"article","og_title":"Togo - Murielle","og_description":"T\u00e9moignage de Murielle, b\u00e9n\u00e9vole avec GlobAlong au Togo.\u00a0 Bonjour, je m&rsquo;appelle Murielle, et je suis partie au Togo pendant quelques semaines. Je n&rsquo;avais pas d&rsquo;attentes particuli\u00e8res quand je suis partie, je voulais juste vivre une aventure humaine. La p\u00e9riode de b\u00e9n\u00e9volat s&rsquo;est tr\u00e8s bien pass\u00e9e, mais autant vous avouer qu&rsquo;il y a des moments plus [&hellip;]","og_url":"https:\/\/www.globalong.com\/blog\/avis-temoignages-globalong\/action-humanitaire-togo-benevolat-social-enfants\/","og_site_name":"Association Globalong","article_publisher":"https:\/\/www.facebook.com\/globalong","article_modified_time":"2022-05-08T14:03:15+00:00","og_image":[{"width":250,"height":172,"url":"https:\/\/www.globalong.com\/blog\/wp-content\/uploads\/2018\/01\/Logo-et-Afrique-Globalong2.jpg","type":"image\/jpeg"}],"twitter_card":"summary_large_image","twitter_misc":{"Dur\u00e9e de lecture estim\u00e9e":"2 minutes"},"schema":{"@context":"https:\/\/schema.org","@graph":[{"@type":"WebPage","@id":"https:\/\/www.globalong.com\/blog\/avis-temoignages-globalong\/action-humanitaire-togo-benevolat-social-enfants\/","url":"https:\/\/www.globalong.com\/blog\/avis-temoignages-globalong\/action-humanitaire-togo-benevolat-social-enfants\/","name":"Togo - Murielle - Association Globalong","isPartOf":{"@id":"https:\/\/www.globalong.com\/blog\/#website"},"primaryImageOfPage":{"@id":"https:\/\/www.globalong.com\/blog\/avis-temoignages-globalong\/action-humanitaire-togo-benevolat-social-enfants\/#primaryimage"},"image":{"@id":"https:\/\/www.globalong.com\/blog\/avis-temoignages-globalong\/action-humanitaire-togo-benevolat-social-enfants\/#primaryimage"},"thumbnailUrl":"https:\/\/www.globalong.com\/blog\/wp-content\/uploads\/2018\/01\/Logo-et-Afrique-Globalong2.jpg","datePublished":"2016-11-03T16:32:02+00:00","dateModified":"2022-05-08T14:03:15+00:00","breadcrumb":{"@id":"https:\/\/www.globalong.com\/blog\/avis-temoignages-globalong\/action-humanitaire-togo-benevolat-social-enfants\/#breadcrumb"},"inLanguage":"fr-FR","potentialAction":[{"@type":"ReadAction","target":["https:\/\/www.globalong.com\/blog\/avis-temoignages-globalong\/action-humanitaire-togo-benevolat-social-enfants\/"]}]},{"@type":"ImageObject","inLanguage":"fr-FR","@id":"https:\/\/www.globalong.com\/blog\/avis-temoignages-globalong\/action-humanitaire-togo-benevolat-social-enfants\/#primaryimage","url":"https:\/\/www.globalong.com\/blog\/wp-content\/uploads\/2018\/01\/Logo-et-Afrique-Globalong2.jpg","contentUrl":"https:\/\/www.globalong.com\/blog\/wp-content\/uploads\/2018\/01\/Logo-et-Afrique-Globalong2.jpg","width":250,"height":172},{"@type":"BreadcrumbList","@id":"https:\/\/www.globalong.com\/blog\/avis-temoignages-globalong\/action-humanitaire-togo-benevolat-social-enfants\/#breadcrumb","itemListElement":[{"@type":"ListItem","position":1,"name":"Accueil","item":"https:\/\/www.globalong.com\/blog\/"},{"@type":"ListItem","position":2,"name":"T\u00e9moignages et avis de volontaires Globalong","item":"https:\/\/www.globalong.com\/blog\/avis-temoignages-globalong\/"},{"@type":"ListItem","position":3,"name":"Togo &#8211; Murielle"}]},{"@type":"WebSite","@id":"https:\/\/www.globalong.com\/blog\/#website","url":"https:\/\/www.globalong.com\/blog\/","name":"https:\/\/www.globalong.com\/","description":"Mission humanitaire, stage \u00e9tudiant et voyage linguistique","publisher":{"@id":"https:\/\/www.globalong.com\/blog\/#organization"},"potentialAction":[{"@type":"SearchAction","target":{"@type":"EntryPoint","urlTemplate":"https:\/\/www.globalong.com\/blog\/?s={search_term_string}"},"query-input":{"@type":"PropertyValueSpecification","valueRequired":true,"valueName":"search_term_string"}}],"inLanguage":"fr-FR"},{"@type":"Organization","@id":"https:\/\/www.globalong.com\/blog\/#organization","name":"Association Globalong","url":"https:\/\/www.globalong.com\/blog\/","logo":{"@type":"ImageObject","inLanguage":"fr-FR","@id":"https:\/\/www.globalong.com\/blog\/#\/schema\/logo\/image\/","url":"https:\/\/www.globalong.com\/blog\/wp-content\/uploads\/2014\/11\/cropped-cropped-Logo-et-Afrique-Globalong-petite-taille-2.jpg","contentUrl":"https:\/\/www.globalong.com\/blog\/wp-content\/uploads\/2014\/11\/cropped-cropped-Logo-et-Afrique-Globalong-petite-taille-2.jpg","width":512,"height":512,"caption":"Association Globalong"},"image":{"@id":"https:\/\/www.globalong.com\/blog\/#\/schema\/logo\/image\/"},"sameAs":["https:\/\/www.facebook.com\/globalong"]}]}},"_links":{"self":[{"href":"https:\/\/www.globalong.com\/blog\/wp-json\/wp\/v2\/pages\/5717"}],"collection":[{"href":"https:\/\/www.globalong.com\/blog\/wp-json\/wp\/v2\/pages"}],"about":[{"href":"https:\/\/www.globalong.com\/blog\/wp-json\/wp\/v2\/types\/page"}],"author":[{"embeddable":true,"href":"https:\/\/www.globalong.com\/blog\/wp-json\/wp\/v2\/users\/3"}],"replies":[{"embeddable":true,"href":"https:\/\/www.globalong.com\/blog\/wp-json\/wp\/v2\/comments?post=5717"}],"version-history":[{"count":10,"href":"https:\/\/www.globalong.com\/blog\/wp-json\/wp\/v2\/pages\/5717\/revisions"}],"predecessor-version":[{"id":14076,"href":"https:\/\/www.globalong.com\/blog\/wp-json\/wp\/v2\/pages\/5717\/revisions\/14076"}],"up":[{"embeddable":true,"href":"https:\/\/www.globalong.com\/blog\/wp-json\/wp\/v2\/pages\/883"}],"wp:featuredmedia":[{"embeddable":true,"href":"https:\/\/www.globalong.com\/blog\/wp-json\/wp\/v2\/media\/8946"}],"wp:attachment":[{"href":"https:\/\/www.globalong.com\/blog\/wp-json\/wp\/v2\/media?parent=5717"}],"curies":[{"name":"wp","href":"https:\/\/api.w.org\/{rel}","templated":true}]}}