{"id":5776,"date":"2016-11-10T16:58:41","date_gmt":"2016-11-10T15:58:41","guid":{"rendered":"https:\/\/www.globalong.com\/blog\/?page_id=5776"},"modified":"2022-05-06T16:48:43","modified_gmt":"2022-05-06T14:48:43","slug":"action-social-stage-etranger-projet-benevolat-nepal-asie","status":"publish","type":"page","link":"https:\/\/www.globalong.com\/blog\/avis-temoignages-globalong\/action-social-stage-etranger-projet-benevolat-nepal-asie\/","title":{"rendered":"N\u00e9pal &#8211; Jamila"},"content":{"rendered":"<h4 style=\"text-align: center;\"><span style=\"color: #b81657;\">T\u00e9moignage de Jamila, b\u00e9n\u00e9vole avec GlobAlong au N\u00e9pal.<\/span><\/h4>\n<p style=\"text-align: justify;\"><a href=\"https:\/\/www.globalong.com\/blog\/wp-content\/uploads\/2016\/11\/nepal_volunteer_03.jpg\" rel=\"attachment wp-att-5777\"><img loading=\"lazy\" decoding=\"async\" class=\"wp-image-5777 aligncenter\" src=\"https:\/\/www.globalong.com\/blog\/wp-content\/uploads\/2016\/11\/nepal_volunteer_03-150x150.jpg\" alt=\"Programme humanitaire dans un orphelinat au N\u00e9pal -Globalong \" width=\"300\" height=\"300\" srcset=\"https:\/\/www.globalong.com\/blog\/wp-content\/uploads\/2016\/11\/nepal_volunteer_03-150x150.jpg 150w, https:\/\/www.globalong.com\/blog\/wp-content\/uploads\/2016\/11\/nepal_volunteer_03.jpg 190w\" sizes=\"(max-width: 300px) 100vw, 300px\" \/><\/a>Bonjour, je m\u2019appelle Jamila, et je suis partie au <span style=\"text-decoration: underline;\"><a href=\"https:\/\/www.globalong.com\/sejour-benevolat\/benevolat-au-nepal-humanitaire.html\" target=\"_blank\" rel=\"noopener\">N\u00e9pal<\/a><\/span> pendant quelques semaines pour conna\u00eetre mes origines, aider les enfants de l&rsquo;orphelinat l\u00e0 o\u00f9 j&rsquo;ai failli vivre. Je voulais voir comment \u00e7a se passait.<\/p>\n<p style=\"text-align: justify;\">Je voulais apprendre quelques mots n\u00e9palais, apprendre leur culture, les origines, visiter des endroits connus et importants et ensuite travailler \u00e0 l\u2019orphelinat.<\/p>\n<p style=\"text-align: justify;\">La p\u00e9riode d\u2019intro \u00e9tait tr\u00e8s bien ! Nilesh c&rsquo;est tr\u00e8s bien occup\u00e9e de nous et nous a appris beaucoup de choses tr\u00e8s int\u00e9ressantes \ud83d\ude42<\/p>\n<p style=\"text-align: justify;\">Au d\u00e9but du b\u00e9n\u00e9volat cependant, je n\u2019\u00e9tais pas bien car c&rsquo;\u00e9tait dur pour moi de voir l\u00e0 o\u00f9 j&rsquo;aurais pu vivre mais quand je vois leurs conditions de vie, certaines choses sont tr\u00e8s bien, ils sont log\u00e9s,\u00a0nourris et ont des v\u00eatements mais d&rsquo;autres moins&#8230; \u00e7a \u00e9t\u00e9 dur de nous faire une place au d\u00e9but mais apr\u00e8s les enfants ont \u00e9t\u00e9 adorables et ils me manquent \ud83d\ude41<a href=\"https:\/\/www.globalong.com\/blog\/wp-content\/uploads\/2016\/11\/nepal_13.jpg\" rel=\"attachment wp-att-5780\"><img loading=\"lazy\" decoding=\"async\" class=\"wp-image-5780 aligncenter\" src=\"https:\/\/www.globalong.com\/blog\/wp-content\/uploads\/2016\/11\/nepal_13-150x150.jpg\" alt=\"Programme de b\u00e9n\u00e9volat en Asie - Globalong \" width=\"300\" height=\"300\" srcset=\"https:\/\/www.globalong.com\/blog\/wp-content\/uploads\/2016\/11\/nepal_13-150x150.jpg 150w, https:\/\/www.globalong.com\/blog\/wp-content\/uploads\/2016\/11\/nepal_13.jpg 190w\" sizes=\"(max-width: 300px) 100vw, 300px\" \/><\/a><\/p>\n<p style=\"text-align: justify;\">Pendant mon s\u00e9jour, j\u2019ai eu le temps de visiter Pasupatinah temple, bouddhas temple, Monkey temple, Kopan Monastery, nagarkhot, garden of dreams.<\/p>\n<p style=\"text-align: justify;\">Les 3 b\u00e9n\u00e9voles que j&rsquo;ai connu lors de cette exp\u00e9rience \u00e9taient g\u00e9niaux mais surtout deux en particulier : Lars et Natacha car je les ai plus c\u00f4toy\u00e9 et on a v\u00e9cu plus de choses ensemble ! Nous avons \u00e9t\u00e9 sur le toit d&rsquo;un bus&#8230;. Et j&rsquo;ai rencontr\u00e9 un gar\u00e7on !<\/p>\n<p style=\"text-align: justify;\">Le coordinateur local m\u2019a aid\u00e9 pour retrouver mes parents biologiques.<\/p>\n<p style=\"text-align: justify;\"><a href=\"https:\/\/www.globalong.com\/blog\/wp-content\/uploads\/2016\/11\/13_kathmandu.jpg\" rel=\"attachment wp-att-5782\"><img loading=\"lazy\" decoding=\"async\" class=\"wp-image-5782 aligncenter\" src=\"https:\/\/www.globalong.com\/blog\/wp-content\/uploads\/2016\/11\/13_kathmandu-150x150.jpg\" alt=\"Programme de b\u00e9n\u00e9volat - Cambodge - GlobAlong\" width=\"300\" height=\"300\" srcset=\"https:\/\/www.globalong.com\/blog\/wp-content\/uploads\/2016\/11\/13_kathmandu-150x150.jpg 150w, https:\/\/www.globalong.com\/blog\/wp-content\/uploads\/2016\/11\/13_kathmandu.jpg 190w\" sizes=\"(max-width: 300px) 100vw, 300px\" \/><\/a>Mon retour\u2026 difficile ! Je ne voulais pas rentrer du tout, les 2 derni\u00e8res semaines c&rsquo;est l\u00e0 que je commen\u00e7ais vraiment \u00e0 m&rsquo;adapter et o\u00f9 je me sentais chez moi&#8230;. \u00c7a a \u00e9t\u00e9 tr\u00e8s dur, j&rsquo;ai eu beaucoup de mal ! Restez le plus longtemps que vous pouvez l\u00e0-bas car on tombe vite amoureux de ce pays !<\/p>\n<p style=\"text-align: justify;\">Essayez de monter sur le toit d&rsquo;un bus vraiment c\u2019est une exp\u00e9rience vraiment g\u00e9niale \u00e0 essayer \ud83d\ude42 Ne restez pas seulement dans Kathmandu mais sortez en dehors \ud83d\ude42<\/p>\n<p style=\"text-align: justify;\">C&rsquo;est comme la phrase du film \u00ab\u00a0Bienvenue chez les Ch&#8217;tis\u00a0\u00bb, Dany Boon dit : \u00a0\u00bb quand on arrive chez nous on pleure deux fois, quand on arrive et quand on part\u00a0\u00bb pour le N\u00e9pal c&rsquo;est la m\u00eame chose pour moi j&rsquo;ai pleur\u00e9 2 fois&#8230;<\/p>\n<p style=\"text-align: center;\">Pour plus d&rsquo;informations, n&rsquo;h\u00e9sitez pas \u00e0 nous contacter \u00e0 <span style=\"text-decoration: underline;\"><span style=\"color: #b81657;\"><a style=\"color: #b81657; text-decoration: underline;\" href=\"mailto:info@globalong.com\">info@globalong.com<\/a><\/span><\/span><\/p>\n<p style=\"text-align: center;\"><span style=\"text-decoration: underline;\"><span style=\"color: #b81657; text-decoration: underline;\"><a style=\"color: #b81657; text-decoration: underline;\" href=\"https:\/\/www.globalong.com\/sejour-benevolat\/benevolat-au-nepal-humanitaire.html\" target=\"_blank\" rel=\"noopener\">D\u00e9couvrez les programmes au N\u00e9pal<\/a> <\/span><\/span>et vivez l&rsquo;exp\u00e9rience de votre vie !<\/p>\n<p style=\"text-align: center;\">Pour voir plus de photos du N\u00e9pal, <span style=\"color: #b81657;\"><span style=\"text-decoration: underline;\"><a style=\"color: #b81657; text-decoration: underline;\" href=\"https:\/\/www.flickr.com\/photos\/globalong\/albums\/72157639471477014\" target=\"_blank\" rel=\"noopener\">cliquez ici<\/a> <\/span>!<\/span><\/p>\n","protected":false},"excerpt":{"rendered":"<p>T\u00e9moignage de Jamila, b\u00e9n\u00e9vole avec GlobAlong au N\u00e9pal. Bonjour, je m\u2019appelle Jamila, et je suis partie au N\u00e9pal pendant quelques semaines pour conna\u00eetre mes origines, aider les enfants de l&rsquo;orphelinat l\u00e0 o\u00f9 j&rsquo;ai failli vivre. Je voulais voir comment \u00e7a se passait. Je voulais apprendre quelques mots n\u00e9palais, apprendre leur culture, les origines, visiter des [&hellip;]<\/p>\n","protected":false},"author":3,"featured_media":14321,"parent":883,"menu_order":0,"comment_status":"open","ping_status":"closed","template":"","meta":{"footnotes":""},"yoast_head":"<!-- This site is optimized with the Yoast SEO Premium plugin v23.4 (Yoast SEO v23.4) - https:\/\/yoast.com\/wordpress\/plugins\/seo\/ -->\n<title>N\u00e9pal - Jamila - Association Globalong<\/title>\n<meta name=\"robots\" content=\"index, follow, max-snippet:-1, max-image-preview:large, max-video-preview:-1\" \/>\n<link rel=\"canonical\" href=\"https:\/\/www.globalong.com\/blog\/avis-temoignages-globalong\/action-social-stage-etranger-projet-benevolat-nepal-asie\/\" \/>\n<meta property=\"og:locale\" content=\"fr_FR\" \/>\n<meta property=\"og:type\" content=\"article\" \/>\n<meta property=\"og:title\" content=\"N\u00e9pal - Jamila\" \/>\n<meta property=\"og:description\" content=\"T\u00e9moignage de Jamila, b\u00e9n\u00e9vole avec GlobAlong au N\u00e9pal. Bonjour, je m\u2019appelle Jamila, et je suis partie au N\u00e9pal pendant quelques semaines pour conna\u00eetre mes origines, aider les enfants de l&rsquo;orphelinat l\u00e0 o\u00f9 j&rsquo;ai failli vivre. Je voulais voir comment \u00e7a se passait. Je voulais apprendre quelques mots n\u00e9palais, apprendre leur culture, les origines, visiter des [&hellip;]\" \/>\n<meta property=\"og:url\" content=\"https:\/\/www.globalong.com\/blog\/avis-temoignages-globalong\/action-social-stage-etranger-projet-benevolat-nepal-asie\/\" \/>\n<meta property=\"og:site_name\" content=\"Association Globalong\" \/>\n<meta property=\"article:publisher\" content=\"https:\/\/www.facebook.com\/globalong\" \/>\n<meta property=\"article:modified_time\" content=\"2022-05-06T14:48:43+00:00\" \/>\n<meta property=\"og:image\" content=\"https:\/\/www.globalong.com\/blog\/wp-content\/uploads\/2022\/04\/Deaf-Nepal-min-2.jpg\" \/>\n\t<meta property=\"og:image:width\" content=\"634\" \/>\n\t<meta property=\"og:image:height\" content=\"455\" \/>\n\t<meta property=\"og:image:type\" content=\"image\/jpeg\" \/>\n<meta name=\"twitter:card\" content=\"summary_large_image\" \/>\n<meta name=\"twitter:label1\" content=\"Dur\u00e9e de lecture estim\u00e9e\" \/>\n\t<meta name=\"twitter:data1\" content=\"2 minutes\" \/>\n<script type=\"application\/ld+json\" class=\"yoast-schema-graph\">{\"@context\":\"https:\/\/schema.org\",\"@graph\":[{\"@type\":\"WebPage\",\"@id\":\"https:\/\/www.globalong.com\/blog\/avis-temoignages-globalong\/action-social-stage-etranger-projet-benevolat-nepal-asie\/\",\"url\":\"https:\/\/www.globalong.com\/blog\/avis-temoignages-globalong\/action-social-stage-etranger-projet-benevolat-nepal-asie\/\",\"name\":\"N\u00e9pal - Jamila - Association Globalong\",\"isPartOf\":{\"@id\":\"https:\/\/www.globalong.com\/blog\/#website\"},\"primaryImageOfPage\":{\"@id\":\"https:\/\/www.globalong.com\/blog\/avis-temoignages-globalong\/action-social-stage-etranger-projet-benevolat-nepal-asie\/#primaryimage\"},\"image\":{\"@id\":\"https:\/\/www.globalong.com\/blog\/avis-temoignages-globalong\/action-social-stage-etranger-projet-benevolat-nepal-asie\/#primaryimage\"},\"thumbnailUrl\":\"https:\/\/www.globalong.com\/blog\/wp-content\/uploads\/2022\/04\/Deaf-Nepal-min-2.jpg\",\"datePublished\":\"2016-11-10T15:58:41+00:00\",\"dateModified\":\"2022-05-06T14:48:43+00:00\",\"breadcrumb\":{\"@id\":\"https:\/\/www.globalong.com\/blog\/avis-temoignages-globalong\/action-social-stage-etranger-projet-benevolat-nepal-asie\/#breadcrumb\"},\"inLanguage\":\"fr-FR\",\"potentialAction\":[{\"@type\":\"ReadAction\",\"target\":[\"https:\/\/www.globalong.com\/blog\/avis-temoignages-globalong\/action-social-stage-etranger-projet-benevolat-nepal-asie\/\"]}]},{\"@type\":\"ImageObject\",\"inLanguage\":\"fr-FR\",\"@id\":\"https:\/\/www.globalong.com\/blog\/avis-temoignages-globalong\/action-social-stage-etranger-projet-benevolat-nepal-asie\/#primaryimage\",\"url\":\"https:\/\/www.globalong.com\/blog\/wp-content\/uploads\/2022\/04\/Deaf-Nepal-min-2.jpg\",\"contentUrl\":\"https:\/\/www.globalong.com\/blog\/wp-content\/uploads\/2022\/04\/Deaf-Nepal-min-2.jpg\",\"width\":634,\"height\":455},{\"@type\":\"BreadcrumbList\",\"@id\":\"https:\/\/www.globalong.com\/blog\/avis-temoignages-globalong\/action-social-stage-etranger-projet-benevolat-nepal-asie\/#breadcrumb\",\"itemListElement\":[{\"@type\":\"ListItem\",\"position\":1,\"name\":\"Accueil\",\"item\":\"https:\/\/www.globalong.com\/blog\/\"},{\"@type\":\"ListItem\",\"position\":2,\"name\":\"T\u00e9moignages et avis de volontaires Globalong\",\"item\":\"https:\/\/www.globalong.com\/blog\/avis-temoignages-globalong\/\"},{\"@type\":\"ListItem\",\"position\":3,\"name\":\"N\u00e9pal &#8211; Jamila\"}]},{\"@type\":\"WebSite\",\"@id\":\"https:\/\/www.globalong.com\/blog\/#website\",\"url\":\"https:\/\/www.globalong.com\/blog\/\",\"name\":\"https:\/\/www.globalong.com\/\",\"description\":\"Mission humanitaire, stage \u00e9tudiant et voyage linguistique\",\"publisher\":{\"@id\":\"https:\/\/www.globalong.com\/blog\/#organization\"},\"potentialAction\":[{\"@type\":\"SearchAction\",\"target\":{\"@type\":\"EntryPoint\",\"urlTemplate\":\"https:\/\/www.globalong.com\/blog\/?s={search_term_string}\"},\"query-input\":{\"@type\":\"PropertyValueSpecification\",\"valueRequired\":true,\"valueName\":\"search_term_string\"}}],\"inLanguage\":\"fr-FR\"},{\"@type\":\"Organization\",\"@id\":\"https:\/\/www.globalong.com\/blog\/#organization\",\"name\":\"Association Globalong\",\"url\":\"https:\/\/www.globalong.com\/blog\/\",\"logo\":{\"@type\":\"ImageObject\",\"inLanguage\":\"fr-FR\",\"@id\":\"https:\/\/www.globalong.com\/blog\/#\/schema\/logo\/image\/\",\"url\":\"https:\/\/www.globalong.com\/blog\/wp-content\/uploads\/2014\/11\/cropped-cropped-Logo-et-Afrique-Globalong-petite-taille-2.jpg\",\"contentUrl\":\"https:\/\/www.globalong.com\/blog\/wp-content\/uploads\/2014\/11\/cropped-cropped-Logo-et-Afrique-Globalong-petite-taille-2.jpg\",\"width\":512,\"height\":512,\"caption\":\"Association Globalong\"},\"image\":{\"@id\":\"https:\/\/www.globalong.com\/blog\/#\/schema\/logo\/image\/\"},\"sameAs\":[\"https:\/\/www.facebook.com\/globalong\"]}]}<\/script>\n<!-- \/ Yoast SEO Premium plugin. -->","yoast_head_json":{"title":"N\u00e9pal - Jamila - Association Globalong","robots":{"index":"index","follow":"follow","max-snippet":"max-snippet:-1","max-image-preview":"max-image-preview:large","max-video-preview":"max-video-preview:-1"},"canonical":"https:\/\/www.globalong.com\/blog\/avis-temoignages-globalong\/action-social-stage-etranger-projet-benevolat-nepal-asie\/","og_locale":"fr_FR","og_type":"article","og_title":"N\u00e9pal - Jamila","og_description":"T\u00e9moignage de Jamila, b\u00e9n\u00e9vole avec GlobAlong au N\u00e9pal. Bonjour, je m\u2019appelle Jamila, et je suis partie au N\u00e9pal pendant quelques semaines pour conna\u00eetre mes origines, aider les enfants de l&rsquo;orphelinat l\u00e0 o\u00f9 j&rsquo;ai failli vivre. Je voulais voir comment \u00e7a se passait. Je voulais apprendre quelques mots n\u00e9palais, apprendre leur culture, les origines, visiter des [&hellip;]","og_url":"https:\/\/www.globalong.com\/blog\/avis-temoignages-globalong\/action-social-stage-etranger-projet-benevolat-nepal-asie\/","og_site_name":"Association Globalong","article_publisher":"https:\/\/www.facebook.com\/globalong","article_modified_time":"2022-05-06T14:48:43+00:00","og_image":[{"width":634,"height":455,"url":"https:\/\/www.globalong.com\/blog\/wp-content\/uploads\/2022\/04\/Deaf-Nepal-min-2.jpg","type":"image\/jpeg"}],"twitter_card":"summary_large_image","twitter_misc":{"Dur\u00e9e de lecture estim\u00e9e":"2 minutes"},"schema":{"@context":"https:\/\/schema.org","@graph":[{"@type":"WebPage","@id":"https:\/\/www.globalong.com\/blog\/avis-temoignages-globalong\/action-social-stage-etranger-projet-benevolat-nepal-asie\/","url":"https:\/\/www.globalong.com\/blog\/avis-temoignages-globalong\/action-social-stage-etranger-projet-benevolat-nepal-asie\/","name":"N\u00e9pal - Jamila - Association Globalong","isPartOf":{"@id":"https:\/\/www.globalong.com\/blog\/#website"},"primaryImageOfPage":{"@id":"https:\/\/www.globalong.com\/blog\/avis-temoignages-globalong\/action-social-stage-etranger-projet-benevolat-nepal-asie\/#primaryimage"},"image":{"@id":"https:\/\/www.globalong.com\/blog\/avis-temoignages-globalong\/action-social-stage-etranger-projet-benevolat-nepal-asie\/#primaryimage"},"thumbnailUrl":"https:\/\/www.globalong.com\/blog\/wp-content\/uploads\/2022\/04\/Deaf-Nepal-min-2.jpg","datePublished":"2016-11-10T15:58:41+00:00","dateModified":"2022-05-06T14:48:43+00:00","breadcrumb":{"@id":"https:\/\/www.globalong.com\/blog\/avis-temoignages-globalong\/action-social-stage-etranger-projet-benevolat-nepal-asie\/#breadcrumb"},"inLanguage":"fr-FR","potentialAction":[{"@type":"ReadAction","target":["https:\/\/www.globalong.com\/blog\/avis-temoignages-globalong\/action-social-stage-etranger-projet-benevolat-nepal-asie\/"]}]},{"@type":"ImageObject","inLanguage":"fr-FR","@id":"https:\/\/www.globalong.com\/blog\/avis-temoignages-globalong\/action-social-stage-etranger-projet-benevolat-nepal-asie\/#primaryimage","url":"https:\/\/www.globalong.com\/blog\/wp-content\/uploads\/2022\/04\/Deaf-Nepal-min-2.jpg","contentUrl":"https:\/\/www.globalong.com\/blog\/wp-content\/uploads\/2022\/04\/Deaf-Nepal-min-2.jpg","width":634,"height":455},{"@type":"BreadcrumbList","@id":"https:\/\/www.globalong.com\/blog\/avis-temoignages-globalong\/action-social-stage-etranger-projet-benevolat-nepal-asie\/#breadcrumb","itemListElement":[{"@type":"ListItem","position":1,"name":"Accueil","item":"https:\/\/www.globalong.com\/blog\/"},{"@type":"ListItem","position":2,"name":"T\u00e9moignages et avis de volontaires Globalong","item":"https:\/\/www.globalong.com\/blog\/avis-temoignages-globalong\/"},{"@type":"ListItem","position":3,"name":"N\u00e9pal &#8211; Jamila"}]},{"@type":"WebSite","@id":"https:\/\/www.globalong.com\/blog\/#website","url":"https:\/\/www.globalong.com\/blog\/","name":"https:\/\/www.globalong.com\/","description":"Mission humanitaire, stage \u00e9tudiant et voyage linguistique","publisher":{"@id":"https:\/\/www.globalong.com\/blog\/#organization"},"potentialAction":[{"@type":"SearchAction","target":{"@type":"EntryPoint","urlTemplate":"https:\/\/www.globalong.com\/blog\/?s={search_term_string}"},"query-input":{"@type":"PropertyValueSpecification","valueRequired":true,"valueName":"search_term_string"}}],"inLanguage":"fr-FR"},{"@type":"Organization","@id":"https:\/\/www.globalong.com\/blog\/#organization","name":"Association Globalong","url":"https:\/\/www.globalong.com\/blog\/","logo":{"@type":"ImageObject","inLanguage":"fr-FR","@id":"https:\/\/www.globalong.com\/blog\/#\/schema\/logo\/image\/","url":"https:\/\/www.globalong.com\/blog\/wp-content\/uploads\/2014\/11\/cropped-cropped-Logo-et-Afrique-Globalong-petite-taille-2.jpg","contentUrl":"https:\/\/www.globalong.com\/blog\/wp-content\/uploads\/2014\/11\/cropped-cropped-Logo-et-Afrique-Globalong-petite-taille-2.jpg","width":512,"height":512,"caption":"Association Globalong"},"image":{"@id":"https:\/\/www.globalong.com\/blog\/#\/schema\/logo\/image\/"},"sameAs":["https:\/\/www.facebook.com\/globalong"]}]}},"_links":{"self":[{"href":"https:\/\/www.globalong.com\/blog\/wp-json\/wp\/v2\/pages\/5776"}],"collection":[{"href":"https:\/\/www.globalong.com\/blog\/wp-json\/wp\/v2\/pages"}],"about":[{"href":"https:\/\/www.globalong.com\/blog\/wp-json\/wp\/v2\/types\/page"}],"author":[{"embeddable":true,"href":"https:\/\/www.globalong.com\/blog\/wp-json\/wp\/v2\/users\/3"}],"replies":[{"embeddable":true,"href":"https:\/\/www.globalong.com\/blog\/wp-json\/wp\/v2\/comments?post=5776"}],"version-history":[{"count":6,"href":"https:\/\/www.globalong.com\/blog\/wp-json\/wp\/v2\/pages\/5776\/revisions"}],"predecessor-version":[{"id":14538,"href":"https:\/\/www.globalong.com\/blog\/wp-json\/wp\/v2\/pages\/5776\/revisions\/14538"}],"up":[{"embeddable":true,"href":"https:\/\/www.globalong.com\/blog\/wp-json\/wp\/v2\/pages\/883"}],"wp:featuredmedia":[{"embeddable":true,"href":"https:\/\/www.globalong.com\/blog\/wp-json\/wp\/v2\/media\/14321"}],"wp:attachment":[{"href":"https:\/\/www.globalong.com\/blog\/wp-json\/wp\/v2\/media?parent=5776"}],"curies":[{"name":"wp","href":"https:\/\/api.w.org\/{rel}","templated":true}]}}