{"id":5784,"date":"2016-11-10T17:40:17","date_gmt":"2016-11-10T16:40:17","guid":{"rendered":"https:\/\/www.globalong.com\/blog\/?page_id=5784"},"modified":"2022-05-07T11:14:32","modified_gmt":"2022-05-07T09:14:32","slug":"humanitaire-orphelinat-srilanka-globalong-stage-asie-benevole","status":"publish","type":"page","link":"https:\/\/www.globalong.com\/blog\/avis-temoignages-globalong\/humanitaire-orphelinat-srilanka-globalong-stage-asie-benevole\/","title":{"rendered":"Sri Lanka &#8211; Ingrid"},"content":{"rendered":"<h4 style=\"text-align: center;\"><span style=\"color: #b81657;\">T\u00e9moignage d&rsquo;Ingrid, b\u00e9n\u00e9vole avec GlobAlong au Sri Lanka<\/span><\/h4>\n<p style=\"text-align: justify;\"><a href=\"https:\/\/www.globalong.com\/blog\/wp-content\/uploads\/2016\/11\/Ingrid-be\u0301ne\u0301vole-avec-Globalong.jpg\" rel=\"attachment wp-att-5785\"><img loading=\"lazy\" decoding=\"async\" class=\"wp-image-5785 size-medium aligncenter\" src=\"https:\/\/www.globalong.com\/blog\/wp-content\/uploads\/2016\/11\/Ingrid-be\u0301ne\u0301vole-avec-Globalong-300x188.jpg\" alt=\"Humanitariat au Sri Lanka - GlobAllong\" width=\"300\" height=\"188\" srcset=\"https:\/\/www.globalong.com\/blog\/wp-content\/uploads\/2016\/11\/Ingrid-be\u0301ne\u0301vole-avec-Globalong-300x188.jpg 300w, https:\/\/www.globalong.com\/blog\/wp-content\/uploads\/2016\/11\/Ingrid-be\u0301ne\u0301vole-avec-Globalong-768x482.jpg 768w, https:\/\/www.globalong.com\/blog\/wp-content\/uploads\/2016\/11\/Ingrid-be\u0301ne\u0301vole-avec-Globalong-1024x643.jpg 1024w, https:\/\/www.globalong.com\/blog\/wp-content\/uploads\/2016\/11\/Ingrid-be\u0301ne\u0301vole-avec-Globalong-150x94.jpg 150w, https:\/\/www.globalong.com\/blog\/wp-content\/uploads\/2016\/11\/Ingrid-be\u0301ne\u0301vole-avec-Globalong.jpg 2011w\" sizes=\"(max-width: 300px) 100vw, 300px\" \/><\/a>Bonjour je m\u2019appelle Ingrid et je suis partie au <span style=\"text-decoration: underline;\"><a href=\"https:\/\/www.globalong.com\/sejour-benevolat\/sri-lanka.html\" target=\"_blank\" rel=\"noopener\">Sri Lanka<\/a><\/span> pendant un mois en humanitaire. J&rsquo;ai toujours voulu partir en humanitaire, pour pouvoir voyager diff\u00e9remment. J\u2019esp\u00e9rais d\u00e9couvrir une nouvelle culture, \u00eatre au plus proche des gens, vivre une exp\u00e9rience unique.<\/p>\n<p style=\"text-align: justify;\">Je n&rsquo;ai aucune remarque \u00e0 faire sur l&rsquo;aide de GlobAlong quant \u00e0 la pr\u00e9paration du s\u00e9jour, j&rsquo;ai trouv\u00e9 que tout \u00e9tait parfait. Apr\u00e8s durant le s\u00e9jour, j&rsquo;ai trouv\u00e9 que la semaine d&rsquo;int\u00e9gration \u00e9tait peut-\u00eatre un peu trop longue, ce serait parfait si elle ne durait que 3 jours par exemple.<\/p>\n<p style=\"text-align: justify;\"><a href=\"https:\/\/www.globalong.com\/blog\/wp-content\/uploads\/2016\/11\/Action-sociale-dans-un-orphelinat-GlobAlong.jpeg\" rel=\"attachment wp-att-5787\"><img loading=\"lazy\" decoding=\"async\" class=\"wp-image-5787 aligncenter\" src=\"https:\/\/www.globalong.com\/blog\/wp-content\/uploads\/2016\/11\/Action-sociale-dans-un-orphelinat-GlobAlong-150x150.jpeg\" alt=\"B\u00e9n\u00e9volat avec GlobAlong au Sri Lanka - visites\" width=\"300\" height=\"533\" srcset=\"https:\/\/www.globalong.com\/blog\/wp-content\/uploads\/2016\/11\/Action-sociale-dans-un-orphelinat-GlobAlong-169x300.jpeg 169w, https:\/\/www.globalong.com\/blog\/wp-content\/uploads\/2016\/11\/Action-sociale-dans-un-orphelinat-GlobAlong-768x1365.jpeg 768w, https:\/\/www.globalong.com\/blog\/wp-content\/uploads\/2016\/11\/Action-sociale-dans-un-orphelinat-GlobAlong-576x1024.jpeg 576w, https:\/\/www.globalong.com\/blog\/wp-content\/uploads\/2016\/11\/Action-sociale-dans-un-orphelinat-GlobAlong-84x150.jpeg 84w, https:\/\/www.globalong.com\/blog\/wp-content\/uploads\/2016\/11\/Action-sociale-dans-un-orphelinat-GlobAlong.jpeg 1152w\" sizes=\"(max-width: 300px) 100vw, 300px\" \/><\/a>Je n&rsquo;avais encore jamais entrepris un tel voyage et j&rsquo;ai trouv\u00e9 que Globalong a \u00e9t\u00e9 d&rsquo;une tr\u00e8s grande aide dans nos d\u00e9marches et que les programmes sont tr\u00e8s complets et facilitent notre int\u00e9gration.<\/p>\n<p style=\"text-align: justify;\">La p\u00e9riode de b\u00e9n\u00e9volat \u00e0 l&rsquo;orphelinat \u00e9tait parfaite, tout s&rsquo;est tr\u00e8s bien pass\u00e9.<\/p>\n<p style=\"text-align: justify;\">Le coordinateur organise des tours touristiques, ainsi avec son aide nous avons pu faire un safari \u00e0 Yala, puis nous avons fait un tour de 3 jours vers le centre de l&rsquo;\u00eele en visitant le Lion&rsquo;s Rock, un orphelinat d&rsquo;\u00e9l\u00e9phant, des cultures de th\u00e9, un jardin d&rsquo;\u00e9pices etc.<\/p>\n<p style=\"text-align: justify;\">Je suis rest\u00e9e un mois au Sri Lanka et tous les jours j&rsquo;ai eu le m\u00eame chauffeur de tuktuk qui \u00e9tait tr\u00e8s gentil et avec qui j&rsquo;ai eu l&rsquo;occasion de beaucoup \u00e9changer sur la culture Sri Lankaise et sur la culture Fran\u00e7aise.<\/p>\n<p style=\"text-align: justify;\">Gr\u00e2ce \u00e0 lui j&rsquo;ai pu visiter des endroits vraiment magnifiques autour de la ville de Galle, il m&rsquo;a pr\u00e9sent\u00e9 \u00e0 sa famille et nous sommes toujours en contacte aujourd&rsquo;hui.<\/p>\n<p style=\"text-align: justify;\">Lors de ma mission j&rsquo;ai eu une journ\u00e9e extr\u00eamement difficile \u00e9motionnellement \u00e0 l&rsquo;orphelinat lorsqu&rsquo;une m\u00e8re est venue rendre visite \u00e0 sa fille.\u00a0Ce jour-l\u00e0 m&rsquo;a marqu\u00e9 car j&rsquo;ai vu une m\u00e8re qui se bat pour r\u00e9cup\u00e9rer sa fille depuis des mois mais son combat est tr\u00e8s dur car elle n&rsquo;a pas d&rsquo;argent pour \u00e9lever sa fille.<\/p>\n<p style=\"text-align: justify;\"><a href=\"https:\/\/www.globalong.com\/blog\/wp-content\/uploads\/2016\/11\/Be\u0301ne\u0301volat-en-Asie-GlobAlong.jpeg\" rel=\"attachment wp-att-5788\"><img loading=\"lazy\" decoding=\"async\" class=\"wp-image-5788 size-medium aligncenter\" src=\"https:\/\/www.globalong.com\/blog\/wp-content\/uploads\/2016\/11\/Be\u0301ne\u0301volat-en-Asie-GlobAlong-300x169.jpeg\" alt=\"Programme b\u00e9n\u00e9vole en Asie - GlobAlong\" width=\"300\" height=\"169\" srcset=\"https:\/\/www.globalong.com\/blog\/wp-content\/uploads\/2016\/11\/Be\u0301ne\u0301volat-en-Asie-GlobAlong-300x169.jpeg 300w, https:\/\/www.globalong.com\/blog\/wp-content\/uploads\/2016\/11\/Be\u0301ne\u0301volat-en-Asie-GlobAlong-768x432.jpeg 768w, https:\/\/www.globalong.com\/blog\/wp-content\/uploads\/2016\/11\/Be\u0301ne\u0301volat-en-Asie-GlobAlong-1024x576.jpeg 1024w, https:\/\/www.globalong.com\/blog\/wp-content\/uploads\/2016\/11\/Be\u0301ne\u0301volat-en-Asie-GlobAlong-150x84.jpeg 150w, https:\/\/www.globalong.com\/blog\/wp-content\/uploads\/2016\/11\/Be\u0301ne\u0301volat-en-Asie-GlobAlong.jpeg 2048w\" sizes=\"(max-width: 300px) 100vw, 300px\" \/><\/a>Ce moment m&rsquo;a marqu\u00e9 et j&rsquo;y pense encore presque tous les jours. L&rsquo;exp\u00e9rience que j&rsquo;ai donc v\u00e9cu l\u00e0-bas nous change et nous fait relativiser sur beaucoup de chose.<\/p>\n<p style=\"text-align: justify;\">Le retour s&rsquo;est tr\u00e8s bien pass\u00e9, mais au retour j&rsquo;ai ressenti comme un vide, je m&rsquo;\u00e9tais beaucoup attach\u00e9e aux enfants et c&rsquo;\u00e9tait dur de ne plus les voir et de revenir \u00e0 ma routine ici. Mon conseil aux futurs participants ? pour s&rsquo;adapter au mieux en arrivant il est important de beaucoup s&rsquo;informer avant sur la culture et le pays.<\/p>\n<p style=\"text-align: justify;\"><a href=\"https:\/\/www.globalong.com\/blog\/wp-content\/uploads\/2016\/11\/Visites-et-excursions-Globalong-.jpg\" rel=\"attachment wp-att-5792\"><img loading=\"lazy\" decoding=\"async\" class=\"wp-image-5792 size-medium aligncenter\" src=\"https:\/\/www.globalong.com\/blog\/wp-content\/uploads\/2016\/11\/Visites-et-excursions-Globalong--300x169.jpg\" alt=\"Excursions et visites au Sri Lanka - GlobAlong\" width=\"300\" height=\"169\" srcset=\"https:\/\/www.globalong.com\/blog\/wp-content\/uploads\/2016\/11\/Visites-et-excursions-Globalong--300x169.jpg 300w, https:\/\/www.globalong.com\/blog\/wp-content\/uploads\/2016\/11\/Visites-et-excursions-Globalong--768x432.jpg 768w, https:\/\/www.globalong.com\/blog\/wp-content\/uploads\/2016\/11\/Visites-et-excursions-Globalong--1024x576.jpg 1024w, https:\/\/www.globalong.com\/blog\/wp-content\/uploads\/2016\/11\/Visites-et-excursions-Globalong--150x84.jpg 150w\" sizes=\"(max-width: 300px) 100vw, 300px\" \/><\/a>Pour anecdote j&rsquo;ai toujours ador\u00e9 manger \u00e9pic\u00e9 en France donc je pensais que je n&rsquo;aurais pas de probl\u00e8me avec la nourriture l\u00e0-bas, mais tout faux! Je ne pensais pas qu&rsquo;un plat pouvait \u00eatre autant \u00e9pic\u00e9. Une fois j&rsquo;ai pris un gros morceau de piment pour un poivron, je l&rsquo;ai mang\u00e9 entier et me suis \u00e9touff\u00e9e avec tellement \u00e7a m&rsquo;a br\u00fbl\u00e9 la bouche !<\/p>\n<p style=\"text-align: justify;\"><span style=\"text-decoration: underline;\"><a href=\"https:\/\/www.flickr.com\/photos\/globalong\/albums\/72157641528910795\" target=\"_blank\" rel=\"noopener\">D\u00e9couvrez toutes nos photos du Sri Lanka !<\/a><\/span><\/p>\n<p style=\"text-align: justify;\">D\u00e9couvrez les <span style=\"text-decoration: underline;\"><a href=\"https:\/\/www.globalong.com\/sejour-benevolat\/sri-lanka.html\" target=\"_blank\" rel=\"noopener\">programmes au Sri Lanka<\/a> <a href=\"https:\/\/www.globalong.com\/sejour-benevolat\/elephants-sri-lanka.html\" target=\"_blank\" rel=\"noopener\">!<\/a><\/span><\/p>\n<p style=\"text-align: justify;\">N\u2019h\u00e9sitez pas \u00e0 nous contacter pour plus d\u2019informations \u00e0 l\u2019adresse <span style=\"text-decoration: underline;\"><a href=\"mailto:info@globalong.com\">info@globalong.com<\/a><\/span><\/p>\n","protected":false},"excerpt":{"rendered":"<p>T\u00e9moignage d&rsquo;Ingrid, b\u00e9n\u00e9vole avec GlobAlong au Sri Lanka Bonjour je m\u2019appelle Ingrid et je suis partie au Sri Lanka pendant un mois en humanitaire. J&rsquo;ai toujours voulu partir en humanitaire, pour pouvoir voyager diff\u00e9remment. J\u2019esp\u00e9rais d\u00e9couvrir une nouvelle culture, \u00eatre au plus proche des gens, vivre une exp\u00e9rience unique. Je n&rsquo;ai aucune remarque \u00e0 faire [&hellip;]<\/p>\n","protected":false},"author":3,"featured_media":4957,"parent":883,"menu_order":0,"comment_status":"closed","ping_status":"closed","template":"","meta":{"footnotes":""},"yoast_head":"<!-- This site is optimized with the Yoast SEO Premium plugin v23.4 (Yoast SEO v23.4) - https:\/\/yoast.com\/wordpress\/plugins\/seo\/ -->\n<title>Sri Lanka - Ingrid - Association Globalong<\/title>\n<meta name=\"robots\" content=\"index, follow, max-snippet:-1, max-image-preview:large, max-video-preview:-1\" \/>\n<link rel=\"canonical\" href=\"https:\/\/www.globalong.com\/blog\/avis-temoignages-globalong\/humanitaire-orphelinat-srilanka-globalong-stage-asie-benevole\/\" \/>\n<meta property=\"og:locale\" content=\"fr_FR\" \/>\n<meta property=\"og:type\" content=\"article\" \/>\n<meta property=\"og:title\" content=\"Sri Lanka - Ingrid\" \/>\n<meta property=\"og:description\" content=\"T\u00e9moignage d&rsquo;Ingrid, b\u00e9n\u00e9vole avec GlobAlong au Sri Lanka Bonjour je m\u2019appelle Ingrid et je suis partie au Sri Lanka pendant un mois en humanitaire. J&rsquo;ai toujours voulu partir en humanitaire, pour pouvoir voyager diff\u00e9remment. J\u2019esp\u00e9rais d\u00e9couvrir une nouvelle culture, \u00eatre au plus proche des gens, vivre une exp\u00e9rience unique. Je n&rsquo;ai aucune remarque \u00e0 faire [&hellip;]\" \/>\n<meta property=\"og:url\" content=\"https:\/\/www.globalong.com\/blog\/avis-temoignages-globalong\/humanitaire-orphelinat-srilanka-globalong-stage-asie-benevole\/\" \/>\n<meta property=\"og:site_name\" content=\"Association Globalong\" \/>\n<meta property=\"article:publisher\" content=\"https:\/\/www.facebook.com\/globalong\" \/>\n<meta property=\"article:modified_time\" content=\"2022-05-07T09:14:32+00:00\" \/>\n<meta property=\"og:image\" content=\"https:\/\/www.globalong.com\/blog\/wp-content\/uploads\/2016\/05\/Globalong-Sri-Lanka-1024x768.jpg\" \/>\n\t<meta property=\"og:image:width\" content=\"1024\" \/>\n\t<meta property=\"og:image:height\" content=\"768\" \/>\n\t<meta property=\"og:image:type\" content=\"image\/jpeg\" \/>\n<meta name=\"twitter:card\" content=\"summary_large_image\" \/>\n<meta name=\"twitter:label1\" content=\"Dur\u00e9e de lecture estim\u00e9e\" \/>\n\t<meta name=\"twitter:data1\" content=\"3 minutes\" \/>\n<script type=\"application\/ld+json\" class=\"yoast-schema-graph\">{\"@context\":\"https:\/\/schema.org\",\"@graph\":[{\"@type\":\"WebPage\",\"@id\":\"https:\/\/www.globalong.com\/blog\/avis-temoignages-globalong\/humanitaire-orphelinat-srilanka-globalong-stage-asie-benevole\/\",\"url\":\"https:\/\/www.globalong.com\/blog\/avis-temoignages-globalong\/humanitaire-orphelinat-srilanka-globalong-stage-asie-benevole\/\",\"name\":\"Sri Lanka - Ingrid - Association Globalong\",\"isPartOf\":{\"@id\":\"https:\/\/www.globalong.com\/blog\/#website\"},\"primaryImageOfPage\":{\"@id\":\"https:\/\/www.globalong.com\/blog\/avis-temoignages-globalong\/humanitaire-orphelinat-srilanka-globalong-stage-asie-benevole\/#primaryimage\"},\"image\":{\"@id\":\"https:\/\/www.globalong.com\/blog\/avis-temoignages-globalong\/humanitaire-orphelinat-srilanka-globalong-stage-asie-benevole\/#primaryimage\"},\"thumbnailUrl\":\"https:\/\/www.globalong.com\/blog\/wp-content\/uploads\/2016\/05\/Globalong-Sri-Lanka.jpg\",\"datePublished\":\"2016-11-10T16:40:17+00:00\",\"dateModified\":\"2022-05-07T09:14:32+00:00\",\"breadcrumb\":{\"@id\":\"https:\/\/www.globalong.com\/blog\/avis-temoignages-globalong\/humanitaire-orphelinat-srilanka-globalong-stage-asie-benevole\/#breadcrumb\"},\"inLanguage\":\"fr-FR\",\"potentialAction\":[{\"@type\":\"ReadAction\",\"target\":[\"https:\/\/www.globalong.com\/blog\/avis-temoignages-globalong\/humanitaire-orphelinat-srilanka-globalong-stage-asie-benevole\/\"]}]},{\"@type\":\"ImageObject\",\"inLanguage\":\"fr-FR\",\"@id\":\"https:\/\/www.globalong.com\/blog\/avis-temoignages-globalong\/humanitaire-orphelinat-srilanka-globalong-stage-asie-benevole\/#primaryimage\",\"url\":\"https:\/\/www.globalong.com\/blog\/wp-content\/uploads\/2016\/05\/Globalong-Sri-Lanka.jpg\",\"contentUrl\":\"https:\/\/www.globalong.com\/blog\/wp-content\/uploads\/2016\/05\/Globalong-Sri-Lanka.jpg\",\"width\":4320,\"height\":3240,\"caption\":\"visite des temples bouddhistes au Sri Lanka avec Globalong\"},{\"@type\":\"BreadcrumbList\",\"@id\":\"https:\/\/www.globalong.com\/blog\/avis-temoignages-globalong\/humanitaire-orphelinat-srilanka-globalong-stage-asie-benevole\/#breadcrumb\",\"itemListElement\":[{\"@type\":\"ListItem\",\"position\":1,\"name\":\"Accueil\",\"item\":\"https:\/\/www.globalong.com\/blog\/\"},{\"@type\":\"ListItem\",\"position\":2,\"name\":\"T\u00e9moignages et avis de volontaires Globalong\",\"item\":\"https:\/\/www.globalong.com\/blog\/avis-temoignages-globalong\/\"},{\"@type\":\"ListItem\",\"position\":3,\"name\":\"Sri Lanka &#8211; Ingrid\"}]},{\"@type\":\"WebSite\",\"@id\":\"https:\/\/www.globalong.com\/blog\/#website\",\"url\":\"https:\/\/www.globalong.com\/blog\/\",\"name\":\"https:\/\/www.globalong.com\/\",\"description\":\"Mission humanitaire, stage \u00e9tudiant et voyage linguistique\",\"publisher\":{\"@id\":\"https:\/\/www.globalong.com\/blog\/#organization\"},\"potentialAction\":[{\"@type\":\"SearchAction\",\"target\":{\"@type\":\"EntryPoint\",\"urlTemplate\":\"https:\/\/www.globalong.com\/blog\/?s={search_term_string}\"},\"query-input\":{\"@type\":\"PropertyValueSpecification\",\"valueRequired\":true,\"valueName\":\"search_term_string\"}}],\"inLanguage\":\"fr-FR\"},{\"@type\":\"Organization\",\"@id\":\"https:\/\/www.globalong.com\/blog\/#organization\",\"name\":\"Association Globalong\",\"url\":\"https:\/\/www.globalong.com\/blog\/\",\"logo\":{\"@type\":\"ImageObject\",\"inLanguage\":\"fr-FR\",\"@id\":\"https:\/\/www.globalong.com\/blog\/#\/schema\/logo\/image\/\",\"url\":\"https:\/\/www.globalong.com\/blog\/wp-content\/uploads\/2014\/11\/cropped-cropped-Logo-et-Afrique-Globalong-petite-taille-2.jpg\",\"contentUrl\":\"https:\/\/www.globalong.com\/blog\/wp-content\/uploads\/2014\/11\/cropped-cropped-Logo-et-Afrique-Globalong-petite-taille-2.jpg\",\"width\":512,\"height\":512,\"caption\":\"Association Globalong\"},\"image\":{\"@id\":\"https:\/\/www.globalong.com\/blog\/#\/schema\/logo\/image\/\"},\"sameAs\":[\"https:\/\/www.facebook.com\/globalong\"]}]}<\/script>\n<!-- \/ Yoast SEO Premium plugin. -->","yoast_head_json":{"title":"Sri Lanka - Ingrid - Association Globalong","robots":{"index":"index","follow":"follow","max-snippet":"max-snippet:-1","max-image-preview":"max-image-preview:large","max-video-preview":"max-video-preview:-1"},"canonical":"https:\/\/www.globalong.com\/blog\/avis-temoignages-globalong\/humanitaire-orphelinat-srilanka-globalong-stage-asie-benevole\/","og_locale":"fr_FR","og_type":"article","og_title":"Sri Lanka - Ingrid","og_description":"T\u00e9moignage d&rsquo;Ingrid, b\u00e9n\u00e9vole avec GlobAlong au Sri Lanka Bonjour je m\u2019appelle Ingrid et je suis partie au Sri Lanka pendant un mois en humanitaire. J&rsquo;ai toujours voulu partir en humanitaire, pour pouvoir voyager diff\u00e9remment. J\u2019esp\u00e9rais d\u00e9couvrir une nouvelle culture, \u00eatre au plus proche des gens, vivre une exp\u00e9rience unique. Je n&rsquo;ai aucune remarque \u00e0 faire [&hellip;]","og_url":"https:\/\/www.globalong.com\/blog\/avis-temoignages-globalong\/humanitaire-orphelinat-srilanka-globalong-stage-asie-benevole\/","og_site_name":"Association Globalong","article_publisher":"https:\/\/www.facebook.com\/globalong","article_modified_time":"2022-05-07T09:14:32+00:00","og_image":[{"width":1024,"height":768,"url":"https:\/\/www.globalong.com\/blog\/wp-content\/uploads\/2016\/05\/Globalong-Sri-Lanka-1024x768.jpg","type":"image\/jpeg"}],"twitter_card":"summary_large_image","twitter_misc":{"Dur\u00e9e de lecture estim\u00e9e":"3 minutes"},"schema":{"@context":"https:\/\/schema.org","@graph":[{"@type":"WebPage","@id":"https:\/\/www.globalong.com\/blog\/avis-temoignages-globalong\/humanitaire-orphelinat-srilanka-globalong-stage-asie-benevole\/","url":"https:\/\/www.globalong.com\/blog\/avis-temoignages-globalong\/humanitaire-orphelinat-srilanka-globalong-stage-asie-benevole\/","name":"Sri Lanka - Ingrid - Association Globalong","isPartOf":{"@id":"https:\/\/www.globalong.com\/blog\/#website"},"primaryImageOfPage":{"@id":"https:\/\/www.globalong.com\/blog\/avis-temoignages-globalong\/humanitaire-orphelinat-srilanka-globalong-stage-asie-benevole\/#primaryimage"},"image":{"@id":"https:\/\/www.globalong.com\/blog\/avis-temoignages-globalong\/humanitaire-orphelinat-srilanka-globalong-stage-asie-benevole\/#primaryimage"},"thumbnailUrl":"https:\/\/www.globalong.com\/blog\/wp-content\/uploads\/2016\/05\/Globalong-Sri-Lanka.jpg","datePublished":"2016-11-10T16:40:17+00:00","dateModified":"2022-05-07T09:14:32+00:00","breadcrumb":{"@id":"https:\/\/www.globalong.com\/blog\/avis-temoignages-globalong\/humanitaire-orphelinat-srilanka-globalong-stage-asie-benevole\/#breadcrumb"},"inLanguage":"fr-FR","potentialAction":[{"@type":"ReadAction","target":["https:\/\/www.globalong.com\/blog\/avis-temoignages-globalong\/humanitaire-orphelinat-srilanka-globalong-stage-asie-benevole\/"]}]},{"@type":"ImageObject","inLanguage":"fr-FR","@id":"https:\/\/www.globalong.com\/blog\/avis-temoignages-globalong\/humanitaire-orphelinat-srilanka-globalong-stage-asie-benevole\/#primaryimage","url":"https:\/\/www.globalong.com\/blog\/wp-content\/uploads\/2016\/05\/Globalong-Sri-Lanka.jpg","contentUrl":"https:\/\/www.globalong.com\/blog\/wp-content\/uploads\/2016\/05\/Globalong-Sri-Lanka.jpg","width":4320,"height":3240,"caption":"visite des temples bouddhistes au Sri Lanka avec Globalong"},{"@type":"BreadcrumbList","@id":"https:\/\/www.globalong.com\/blog\/avis-temoignages-globalong\/humanitaire-orphelinat-srilanka-globalong-stage-asie-benevole\/#breadcrumb","itemListElement":[{"@type":"ListItem","position":1,"name":"Accueil","item":"https:\/\/www.globalong.com\/blog\/"},{"@type":"ListItem","position":2,"name":"T\u00e9moignages et avis de volontaires Globalong","item":"https:\/\/www.globalong.com\/blog\/avis-temoignages-globalong\/"},{"@type":"ListItem","position":3,"name":"Sri Lanka &#8211; Ingrid"}]},{"@type":"WebSite","@id":"https:\/\/www.globalong.com\/blog\/#website","url":"https:\/\/www.globalong.com\/blog\/","name":"https:\/\/www.globalong.com\/","description":"Mission humanitaire, stage \u00e9tudiant et voyage linguistique","publisher":{"@id":"https:\/\/www.globalong.com\/blog\/#organization"},"potentialAction":[{"@type":"SearchAction","target":{"@type":"EntryPoint","urlTemplate":"https:\/\/www.globalong.com\/blog\/?s={search_term_string}"},"query-input":{"@type":"PropertyValueSpecification","valueRequired":true,"valueName":"search_term_string"}}],"inLanguage":"fr-FR"},{"@type":"Organization","@id":"https:\/\/www.globalong.com\/blog\/#organization","name":"Association Globalong","url":"https:\/\/www.globalong.com\/blog\/","logo":{"@type":"ImageObject","inLanguage":"fr-FR","@id":"https:\/\/www.globalong.com\/blog\/#\/schema\/logo\/image\/","url":"https:\/\/www.globalong.com\/blog\/wp-content\/uploads\/2014\/11\/cropped-cropped-Logo-et-Afrique-Globalong-petite-taille-2.jpg","contentUrl":"https:\/\/www.globalong.com\/blog\/wp-content\/uploads\/2014\/11\/cropped-cropped-Logo-et-Afrique-Globalong-petite-taille-2.jpg","width":512,"height":512,"caption":"Association Globalong"},"image":{"@id":"https:\/\/www.globalong.com\/blog\/#\/schema\/logo\/image\/"},"sameAs":["https:\/\/www.facebook.com\/globalong"]}]}},"_links":{"self":[{"href":"https:\/\/www.globalong.com\/blog\/wp-json\/wp\/v2\/pages\/5784"}],"collection":[{"href":"https:\/\/www.globalong.com\/blog\/wp-json\/wp\/v2\/pages"}],"about":[{"href":"https:\/\/www.globalong.com\/blog\/wp-json\/wp\/v2\/types\/page"}],"author":[{"embeddable":true,"href":"https:\/\/www.globalong.com\/blog\/wp-json\/wp\/v2\/users\/3"}],"replies":[{"embeddable":true,"href":"https:\/\/www.globalong.com\/blog\/wp-json\/wp\/v2\/comments?post=5784"}],"version-history":[{"count":9,"href":"https:\/\/www.globalong.com\/blog\/wp-json\/wp\/v2\/pages\/5784\/revisions"}],"predecessor-version":[{"id":14571,"href":"https:\/\/www.globalong.com\/blog\/wp-json\/wp\/v2\/pages\/5784\/revisions\/14571"}],"up":[{"embeddable":true,"href":"https:\/\/www.globalong.com\/blog\/wp-json\/wp\/v2\/pages\/883"}],"wp:featuredmedia":[{"embeddable":true,"href":"https:\/\/www.globalong.com\/blog\/wp-json\/wp\/v2\/media\/4957"}],"wp:attachment":[{"href":"https:\/\/www.globalong.com\/blog\/wp-json\/wp\/v2\/media?parent=5784"}],"curies":[{"name":"wp","href":"https:\/\/api.w.org\/{rel}","templated":true}]}}