{"id":5893,"date":"2016-11-15T11:39:04","date_gmt":"2016-11-15T10:39:04","guid":{"rendered":"https:\/\/www.globalong.com\/blog\/?page_id=5893"},"modified":"2022-04-28T18:44:39","modified_gmt":"2022-04-28T16:44:39","slug":"benevole-cambodge-globalong-mission-humanitaire-social-stage-enfants-orphelins","status":"publish","type":"page","link":"https:\/\/www.globalong.com\/blog\/avis-temoignages-globalong\/benevole-cambodge-globalong-mission-humanitaire-social-stage-enfants-orphelins\/","title":{"rendered":"Cambodge &#8211; Brian"},"content":{"rendered":"<h4 style=\"text-align: center;\"><span style=\"color: #b81657;\">T\u00e9moignage de Brian, b\u00e9n\u00e9vole au Cambodge avec GlobAlong.<\/span><\/h4>\n<p style=\"text-align: justify;\"><a href=\"https:\/\/www.globalong.com\/blog\/wp-content\/uploads\/2016\/11\/IMG_1761.jpg\" rel=\"attachment wp-att-5894\"><img loading=\"lazy\" decoding=\"async\" class=\"wp-image-5894 aligncenter\" src=\"https:\/\/www.globalong.com\/blog\/wp-content\/uploads\/2016\/11\/IMG_1761-225x300.jpg\" alt=\"Aide aux enfants d\u00e9munis - GlobAlong \" width=\"300\" height=\"400\" srcset=\"https:\/\/www.globalong.com\/blog\/wp-content\/uploads\/2016\/11\/IMG_1761-225x300.jpg 225w, https:\/\/www.globalong.com\/blog\/wp-content\/uploads\/2016\/11\/IMG_1761-113x150.jpg 113w, https:\/\/www.globalong.com\/blog\/wp-content\/uploads\/2016\/11\/IMG_1761.jpg 240w\" sizes=\"(max-width: 300px) 100vw, 300px\" \/><\/a>Bonjour, je m\u2019appelle Brian, je suis parti en b\u00e9n\u00e9volat au Cambodge car je souhaitais donner un peu de mon temps \u00e0 une cause qui en valait la peine, ainsi que d\u00e9couvrir une culture et un pays diff\u00e9rent.<\/p>\n<p style=\"text-align: justify;\">On a b\u00e9n\u00e9fici\u00e9 d&rsquo;un suivi personnel et tr\u00e8s attentif \u00e0 nos interrogations et \u00e0 nos besoins, on a pu partir en confiance gr\u00e2ce \u00e0 GlobAlong.<\/p>\n<p style=\"text-align: justify;\">L&rsquo;organisation avec laquelle on travaillait nous a organis\u00e9 une premi\u00e8re journ\u00e9e d&rsquo;introduction \u00e0 la culture cambodgienne, aux us et coutumes, puis nous a expliqu\u00e9 ce \u00e0 quoi nous devions nous attendre dans nos projets respectifs par des powerpoints et des pr\u00e9sentations orales claires et assez utiles, avec quelques rudiments de khmer.<\/p>\n<p style=\"text-align: justify;\">Nous \u00e9tions avec la plupart des autres volontaires dans une auberge et nous nous rendions tous les jours \u00e0 l&rsquo;orphelinat, o\u00f9 nous donnions 2h de cours le matin (\u00e0 des orphelins et des enfants du quartier, entre 7 et 8 ans) puis 2h de cours l&rsquo;apr\u00e8s-midi (seulement aux orphelins, d&rsquo;\u00e2ges diff\u00e9rents).<\/p>\n<p style=\"text-align: justify;\"><a href=\"https:\/\/www.globalong.com\/blog\/wp-content\/uploads\/2016\/11\/Minimoto.jpg\" rel=\"attachment wp-att-5896\"><img loading=\"lazy\" decoding=\"async\" class=\"wp-image-5896 aligncenter\" src=\"https:\/\/www.globalong.com\/blog\/wp-content\/uploads\/2016\/11\/Minimoto-225x300.jpg\" alt=\"B\u00e9n\u00e9volat international dans des orphelinats au Cambodge- GlobAlong \" width=\"300\" height=\"400\" srcset=\"https:\/\/www.globalong.com\/blog\/wp-content\/uploads\/2016\/11\/Minimoto-225x300.jpg 225w, https:\/\/www.globalong.com\/blog\/wp-content\/uploads\/2016\/11\/Minimoto-113x150.jpg 113w, https:\/\/www.globalong.com\/blog\/wp-content\/uploads\/2016\/11\/Minimoto.jpg 720w\" sizes=\"(max-width: 300px) 100vw, 300px\" \/><\/a>Nous \u00e9tions plac\u00e9s dans un des orphelinats les plus d\u00e9munis de la capitale, l&rsquo;organisation \u00e9tait assez libre et nous avions rarement les m\u00eames groupes.<\/p>\n<p style=\"text-align: justify;\">Je vous conseillerais de visiter Posh Nosh (20A, St.123 \u00e0 Phnom penh), \u00e0 ne pas louper, une boulangerie\/patisserie\/sandwicherie qui vend des produits comme \u00e0 la maison ! Le Grand Sihaounkville Hotel est tr\u00e8s sympa pour un week-end sur la c\u00f4te.<\/p>\n<p style=\"text-align: justify;\">Vivre \u00e0 la maison des volontaires nous a permis de nous faire un vrai groupe d&rsquo;ami avec qui on partait en week-end, un des meilleurs aspect du s\u00e9jour !<\/p>\n<p style=\"text-align: justify;\">En plus d&rsquo;une exp\u00e9rience pratique avec des enfants et d&rsquo;une immersion dans une culture et l&rsquo;apprentissage d&rsquo;une langue diff\u00e9rente, cette exp\u00e9rience m&rsquo;a surtout offert une perspective nouvelle sur le monde, de comprendre un peu mieux plus ce que c&rsquo;est de vivre sans les commodit\u00e9s auxquelles on est habitu\u00e9s.<\/p>\n<p style=\"text-align: justify;\">Je n\u2019ai pas eu trop de mal \u00e0 rentrer chez moi, partag\u00e9 entre nostalgie et joie de retrouver son petit confort.<a href=\"https:\/\/www.globalong.com\/blog\/wp-content\/uploads\/2016\/11\/mission-humanitaire-globalong.jpg\" rel=\"attachment wp-att-5898\"><img loading=\"lazy\" decoding=\"async\" class=\"size-medium wp-image-5898 aligncenter\" src=\"https:\/\/www.globalong.com\/blog\/wp-content\/uploads\/2016\/11\/mission-humanitaire-globalong-300x169.jpg\" alt=\"Mission humanitaire au Cambodge avec GlobAlong \" width=\"300\" height=\"169\" srcset=\"https:\/\/www.globalong.com\/blog\/wp-content\/uploads\/2016\/11\/mission-humanitaire-globalong-300x169.jpg 300w, https:\/\/www.globalong.com\/blog\/wp-content\/uploads\/2016\/11\/mission-humanitaire-globalong-768x432.jpg 768w, https:\/\/www.globalong.com\/blog\/wp-content\/uploads\/2016\/11\/mission-humanitaire-globalong-1024x576.jpg 1024w, https:\/\/www.globalong.com\/blog\/wp-content\/uploads\/2016\/11\/mission-humanitaire-globalong-150x84.jpg 150w, https:\/\/www.globalong.com\/blog\/wp-content\/uploads\/2016\/11\/mission-humanitaire-globalong.jpg 2048w\" sizes=\"(max-width: 300px) 100vw, 300px\" \/><\/a><\/p>\n<p style=\"text-align: justify;\">Pour le m\u00eame type de projet que nous, l\u2019enseignement \u00e0 des enfants jeunes sans bases d&rsquo;anglais, il nous aurait \u00e9t\u00e9 utile de r\u00e9fl\u00e9chir \u00e0 l&rsquo;avance \u00e0 la forme de nos cours. Nous \u00e9tions dans un contexte assez particulier avec peu d&rsquo;assistance, mais je pense tout de m\u00eame que r\u00e9fl\u00e9chir \u00e0 la forme et au contenu des cours \u00e0 l&rsquo;avance serait d&rsquo;une grande aide.<\/p>\n<p style=\"text-align: justify;\">Brian.<\/p>\n<p class=\"p1\" style=\"text-align: center;\">Pour d\u00e9couvrir plus de photos du Cambodge,<span style=\"text-decoration: underline;\"><a href=\"https:\/\/www.flickr.com\/photos\/globalong\/albums\/72157639827967953\" target=\"_blank\" rel=\"noopener\">cliquez ici<\/a> !<\/span><\/p>\n<p class=\"p1\" style=\"text-align: center;\">Pour d\u00e9couvrir les programmes au Cambodge\u00a0<span style=\"text-decoration: underline;\"><a href=\"https:\/\/www.globalong.com\/sejour-benevolat\/benevolat-cambodge-enfants.html\" target=\"_blank\" rel=\"noopener\">cliquez ici<\/a> !<\/span><\/p>\n<p class=\"p1\" style=\"text-align: center;\">N\u2019h\u00e9sitez pas \u00e0 nous contacter pour plus d\u2019informations \u00e0 <span style=\"text-decoration: underline;\"><a href=\"mailto:info@globalong.com\">info@globalong.com<\/a><\/span><\/p>\n","protected":false},"excerpt":{"rendered":"<p>T\u00e9moignage de Brian, b\u00e9n\u00e9vole au Cambodge avec GlobAlong. Bonjour, je m\u2019appelle Brian, je suis parti en b\u00e9n\u00e9volat au Cambodge car je souhaitais donner un peu de mon temps \u00e0 une cause qui en valait la peine, ainsi que d\u00e9couvrir une culture et un pays diff\u00e9rent. On a b\u00e9n\u00e9fici\u00e9 d&rsquo;un suivi personnel et tr\u00e8s attentif \u00e0 [&hellip;]<\/p>\n","protected":false},"author":3,"featured_media":8946,"parent":883,"menu_order":0,"comment_status":"open","ping_status":"closed","template":"","meta":{"footnotes":""},"yoast_head":"<!-- This site is optimized with the Yoast SEO Premium plugin v23.4 (Yoast SEO v23.4) - https:\/\/yoast.com\/wordpress\/plugins\/seo\/ -->\n<title>Cambodge - Brian - Association Globalong<\/title>\n<meta name=\"robots\" content=\"index, follow, max-snippet:-1, max-image-preview:large, max-video-preview:-1\" \/>\n<link rel=\"canonical\" href=\"https:\/\/www.globalong.com\/blog\/avis-temoignages-globalong\/benevole-cambodge-globalong-mission-humanitaire-social-stage-enfants-orphelins\/\" \/>\n<meta property=\"og:locale\" content=\"fr_FR\" \/>\n<meta property=\"og:type\" content=\"article\" \/>\n<meta property=\"og:title\" content=\"Cambodge - Brian\" \/>\n<meta property=\"og:description\" content=\"T\u00e9moignage de Brian, b\u00e9n\u00e9vole au Cambodge avec GlobAlong. Bonjour, je m\u2019appelle Brian, je suis parti en b\u00e9n\u00e9volat au Cambodge car je souhaitais donner un peu de mon temps \u00e0 une cause qui en valait la peine, ainsi que d\u00e9couvrir une culture et un pays diff\u00e9rent. On a b\u00e9n\u00e9fici\u00e9 d&rsquo;un suivi personnel et tr\u00e8s attentif \u00e0 [&hellip;]\" \/>\n<meta property=\"og:url\" content=\"https:\/\/www.globalong.com\/blog\/avis-temoignages-globalong\/benevole-cambodge-globalong-mission-humanitaire-social-stage-enfants-orphelins\/\" \/>\n<meta property=\"og:site_name\" content=\"Association Globalong\" \/>\n<meta property=\"article:publisher\" content=\"https:\/\/www.facebook.com\/globalong\" \/>\n<meta property=\"article:modified_time\" content=\"2022-04-28T16:44:39+00:00\" \/>\n<meta property=\"og:image\" content=\"https:\/\/www.globalong.com\/blog\/wp-content\/uploads\/2018\/01\/Logo-et-Afrique-Globalong2.jpg\" \/>\n\t<meta property=\"og:image:width\" content=\"250\" \/>\n\t<meta property=\"og:image:height\" content=\"172\" \/>\n\t<meta property=\"og:image:type\" content=\"image\/jpeg\" \/>\n<meta name=\"twitter:card\" content=\"summary_large_image\" \/>\n<meta name=\"twitter:label1\" content=\"Dur\u00e9e de lecture estim\u00e9e\" \/>\n\t<meta name=\"twitter:data1\" content=\"2 minutes\" \/>\n<script type=\"application\/ld+json\" class=\"yoast-schema-graph\">{\"@context\":\"https:\/\/schema.org\",\"@graph\":[{\"@type\":\"WebPage\",\"@id\":\"https:\/\/www.globalong.com\/blog\/avis-temoignages-globalong\/benevole-cambodge-globalong-mission-humanitaire-social-stage-enfants-orphelins\/\",\"url\":\"https:\/\/www.globalong.com\/blog\/avis-temoignages-globalong\/benevole-cambodge-globalong-mission-humanitaire-social-stage-enfants-orphelins\/\",\"name\":\"Cambodge - Brian - Association Globalong\",\"isPartOf\":{\"@id\":\"https:\/\/www.globalong.com\/blog\/#website\"},\"primaryImageOfPage\":{\"@id\":\"https:\/\/www.globalong.com\/blog\/avis-temoignages-globalong\/benevole-cambodge-globalong-mission-humanitaire-social-stage-enfants-orphelins\/#primaryimage\"},\"image\":{\"@id\":\"https:\/\/www.globalong.com\/blog\/avis-temoignages-globalong\/benevole-cambodge-globalong-mission-humanitaire-social-stage-enfants-orphelins\/#primaryimage\"},\"thumbnailUrl\":\"https:\/\/www.globalong.com\/blog\/wp-content\/uploads\/2018\/01\/Logo-et-Afrique-Globalong2.jpg\",\"datePublished\":\"2016-11-15T10:39:04+00:00\",\"dateModified\":\"2022-04-28T16:44:39+00:00\",\"breadcrumb\":{\"@id\":\"https:\/\/www.globalong.com\/blog\/avis-temoignages-globalong\/benevole-cambodge-globalong-mission-humanitaire-social-stage-enfants-orphelins\/#breadcrumb\"},\"inLanguage\":\"fr-FR\",\"potentialAction\":[{\"@type\":\"ReadAction\",\"target\":[\"https:\/\/www.globalong.com\/blog\/avis-temoignages-globalong\/benevole-cambodge-globalong-mission-humanitaire-social-stage-enfants-orphelins\/\"]}]},{\"@type\":\"ImageObject\",\"inLanguage\":\"fr-FR\",\"@id\":\"https:\/\/www.globalong.com\/blog\/avis-temoignages-globalong\/benevole-cambodge-globalong-mission-humanitaire-social-stage-enfants-orphelins\/#primaryimage\",\"url\":\"https:\/\/www.globalong.com\/blog\/wp-content\/uploads\/2018\/01\/Logo-et-Afrique-Globalong2.jpg\",\"contentUrl\":\"https:\/\/www.globalong.com\/blog\/wp-content\/uploads\/2018\/01\/Logo-et-Afrique-Globalong2.jpg\",\"width\":250,\"height\":172},{\"@type\":\"BreadcrumbList\",\"@id\":\"https:\/\/www.globalong.com\/blog\/avis-temoignages-globalong\/benevole-cambodge-globalong-mission-humanitaire-social-stage-enfants-orphelins\/#breadcrumb\",\"itemListElement\":[{\"@type\":\"ListItem\",\"position\":1,\"name\":\"Accueil\",\"item\":\"https:\/\/www.globalong.com\/blog\/\"},{\"@type\":\"ListItem\",\"position\":2,\"name\":\"T\u00e9moignages et avis de volontaires Globalong\",\"item\":\"https:\/\/www.globalong.com\/blog\/avis-temoignages-globalong\/\"},{\"@type\":\"ListItem\",\"position\":3,\"name\":\"Cambodge &#8211; Brian\"}]},{\"@type\":\"WebSite\",\"@id\":\"https:\/\/www.globalong.com\/blog\/#website\",\"url\":\"https:\/\/www.globalong.com\/blog\/\",\"name\":\"https:\/\/www.globalong.com\/\",\"description\":\"Mission humanitaire, stage \u00e9tudiant et voyage linguistique\",\"publisher\":{\"@id\":\"https:\/\/www.globalong.com\/blog\/#organization\"},\"potentialAction\":[{\"@type\":\"SearchAction\",\"target\":{\"@type\":\"EntryPoint\",\"urlTemplate\":\"https:\/\/www.globalong.com\/blog\/?s={search_term_string}\"},\"query-input\":{\"@type\":\"PropertyValueSpecification\",\"valueRequired\":true,\"valueName\":\"search_term_string\"}}],\"inLanguage\":\"fr-FR\"},{\"@type\":\"Organization\",\"@id\":\"https:\/\/www.globalong.com\/blog\/#organization\",\"name\":\"Association Globalong\",\"url\":\"https:\/\/www.globalong.com\/blog\/\",\"logo\":{\"@type\":\"ImageObject\",\"inLanguage\":\"fr-FR\",\"@id\":\"https:\/\/www.globalong.com\/blog\/#\/schema\/logo\/image\/\",\"url\":\"https:\/\/www.globalong.com\/blog\/wp-content\/uploads\/2014\/11\/cropped-cropped-Logo-et-Afrique-Globalong-petite-taille-2.jpg\",\"contentUrl\":\"https:\/\/www.globalong.com\/blog\/wp-content\/uploads\/2014\/11\/cropped-cropped-Logo-et-Afrique-Globalong-petite-taille-2.jpg\",\"width\":512,\"height\":512,\"caption\":\"Association Globalong\"},\"image\":{\"@id\":\"https:\/\/www.globalong.com\/blog\/#\/schema\/logo\/image\/\"},\"sameAs\":[\"https:\/\/www.facebook.com\/globalong\"]}]}<\/script>\n<!-- \/ Yoast SEO Premium plugin. -->","yoast_head_json":{"title":"Cambodge - Brian - Association Globalong","robots":{"index":"index","follow":"follow","max-snippet":"max-snippet:-1","max-image-preview":"max-image-preview:large","max-video-preview":"max-video-preview:-1"},"canonical":"https:\/\/www.globalong.com\/blog\/avis-temoignages-globalong\/benevole-cambodge-globalong-mission-humanitaire-social-stage-enfants-orphelins\/","og_locale":"fr_FR","og_type":"article","og_title":"Cambodge - Brian","og_description":"T\u00e9moignage de Brian, b\u00e9n\u00e9vole au Cambodge avec GlobAlong. Bonjour, je m\u2019appelle Brian, je suis parti en b\u00e9n\u00e9volat au Cambodge car je souhaitais donner un peu de mon temps \u00e0 une cause qui en valait la peine, ainsi que d\u00e9couvrir une culture et un pays diff\u00e9rent. On a b\u00e9n\u00e9fici\u00e9 d&rsquo;un suivi personnel et tr\u00e8s attentif \u00e0 [&hellip;]","og_url":"https:\/\/www.globalong.com\/blog\/avis-temoignages-globalong\/benevole-cambodge-globalong-mission-humanitaire-social-stage-enfants-orphelins\/","og_site_name":"Association Globalong","article_publisher":"https:\/\/www.facebook.com\/globalong","article_modified_time":"2022-04-28T16:44:39+00:00","og_image":[{"width":250,"height":172,"url":"https:\/\/www.globalong.com\/blog\/wp-content\/uploads\/2018\/01\/Logo-et-Afrique-Globalong2.jpg","type":"image\/jpeg"}],"twitter_card":"summary_large_image","twitter_misc":{"Dur\u00e9e de lecture estim\u00e9e":"2 minutes"},"schema":{"@context":"https:\/\/schema.org","@graph":[{"@type":"WebPage","@id":"https:\/\/www.globalong.com\/blog\/avis-temoignages-globalong\/benevole-cambodge-globalong-mission-humanitaire-social-stage-enfants-orphelins\/","url":"https:\/\/www.globalong.com\/blog\/avis-temoignages-globalong\/benevole-cambodge-globalong-mission-humanitaire-social-stage-enfants-orphelins\/","name":"Cambodge - Brian - Association Globalong","isPartOf":{"@id":"https:\/\/www.globalong.com\/blog\/#website"},"primaryImageOfPage":{"@id":"https:\/\/www.globalong.com\/blog\/avis-temoignages-globalong\/benevole-cambodge-globalong-mission-humanitaire-social-stage-enfants-orphelins\/#primaryimage"},"image":{"@id":"https:\/\/www.globalong.com\/blog\/avis-temoignages-globalong\/benevole-cambodge-globalong-mission-humanitaire-social-stage-enfants-orphelins\/#primaryimage"},"thumbnailUrl":"https:\/\/www.globalong.com\/blog\/wp-content\/uploads\/2018\/01\/Logo-et-Afrique-Globalong2.jpg","datePublished":"2016-11-15T10:39:04+00:00","dateModified":"2022-04-28T16:44:39+00:00","breadcrumb":{"@id":"https:\/\/www.globalong.com\/blog\/avis-temoignages-globalong\/benevole-cambodge-globalong-mission-humanitaire-social-stage-enfants-orphelins\/#breadcrumb"},"inLanguage":"fr-FR","potentialAction":[{"@type":"ReadAction","target":["https:\/\/www.globalong.com\/blog\/avis-temoignages-globalong\/benevole-cambodge-globalong-mission-humanitaire-social-stage-enfants-orphelins\/"]}]},{"@type":"ImageObject","inLanguage":"fr-FR","@id":"https:\/\/www.globalong.com\/blog\/avis-temoignages-globalong\/benevole-cambodge-globalong-mission-humanitaire-social-stage-enfants-orphelins\/#primaryimage","url":"https:\/\/www.globalong.com\/blog\/wp-content\/uploads\/2018\/01\/Logo-et-Afrique-Globalong2.jpg","contentUrl":"https:\/\/www.globalong.com\/blog\/wp-content\/uploads\/2018\/01\/Logo-et-Afrique-Globalong2.jpg","width":250,"height":172},{"@type":"BreadcrumbList","@id":"https:\/\/www.globalong.com\/blog\/avis-temoignages-globalong\/benevole-cambodge-globalong-mission-humanitaire-social-stage-enfants-orphelins\/#breadcrumb","itemListElement":[{"@type":"ListItem","position":1,"name":"Accueil","item":"https:\/\/www.globalong.com\/blog\/"},{"@type":"ListItem","position":2,"name":"T\u00e9moignages et avis de volontaires Globalong","item":"https:\/\/www.globalong.com\/blog\/avis-temoignages-globalong\/"},{"@type":"ListItem","position":3,"name":"Cambodge &#8211; Brian"}]},{"@type":"WebSite","@id":"https:\/\/www.globalong.com\/blog\/#website","url":"https:\/\/www.globalong.com\/blog\/","name":"https:\/\/www.globalong.com\/","description":"Mission humanitaire, stage \u00e9tudiant et voyage linguistique","publisher":{"@id":"https:\/\/www.globalong.com\/blog\/#organization"},"potentialAction":[{"@type":"SearchAction","target":{"@type":"EntryPoint","urlTemplate":"https:\/\/www.globalong.com\/blog\/?s={search_term_string}"},"query-input":{"@type":"PropertyValueSpecification","valueRequired":true,"valueName":"search_term_string"}}],"inLanguage":"fr-FR"},{"@type":"Organization","@id":"https:\/\/www.globalong.com\/blog\/#organization","name":"Association Globalong","url":"https:\/\/www.globalong.com\/blog\/","logo":{"@type":"ImageObject","inLanguage":"fr-FR","@id":"https:\/\/www.globalong.com\/blog\/#\/schema\/logo\/image\/","url":"https:\/\/www.globalong.com\/blog\/wp-content\/uploads\/2014\/11\/cropped-cropped-Logo-et-Afrique-Globalong-petite-taille-2.jpg","contentUrl":"https:\/\/www.globalong.com\/blog\/wp-content\/uploads\/2014\/11\/cropped-cropped-Logo-et-Afrique-Globalong-petite-taille-2.jpg","width":512,"height":512,"caption":"Association Globalong"},"image":{"@id":"https:\/\/www.globalong.com\/blog\/#\/schema\/logo\/image\/"},"sameAs":["https:\/\/www.facebook.com\/globalong"]}]}},"_links":{"self":[{"href":"https:\/\/www.globalong.com\/blog\/wp-json\/wp\/v2\/pages\/5893"}],"collection":[{"href":"https:\/\/www.globalong.com\/blog\/wp-json\/wp\/v2\/pages"}],"about":[{"href":"https:\/\/www.globalong.com\/blog\/wp-json\/wp\/v2\/types\/page"}],"author":[{"embeddable":true,"href":"https:\/\/www.globalong.com\/blog\/wp-json\/wp\/v2\/users\/3"}],"replies":[{"embeddable":true,"href":"https:\/\/www.globalong.com\/blog\/wp-json\/wp\/v2\/comments?post=5893"}],"version-history":[{"count":11,"href":"https:\/\/www.globalong.com\/blog\/wp-json\/wp\/v2\/pages\/5893\/revisions"}],"predecessor-version":[{"id":14429,"href":"https:\/\/www.globalong.com\/blog\/wp-json\/wp\/v2\/pages\/5893\/revisions\/14429"}],"up":[{"embeddable":true,"href":"https:\/\/www.globalong.com\/blog\/wp-json\/wp\/v2\/pages\/883"}],"wp:featuredmedia":[{"embeddable":true,"href":"https:\/\/www.globalong.com\/blog\/wp-json\/wp\/v2\/media\/8946"}],"wp:attachment":[{"href":"https:\/\/www.globalong.com\/blog\/wp-json\/wp\/v2\/media?parent=5893"}],"curies":[{"name":"wp","href":"https:\/\/api.w.org\/{rel}","templated":true}]}}