{"id":599,"date":"2015-09-17T10:51:07","date_gmt":"2015-09-17T08:51:07","guid":{"rendered":"https:\/\/www.globalong.com\/blog\/?page_id=599"},"modified":"2022-05-08T16:32:05","modified_gmt":"2022-05-08T14:32:05","slug":"recit-de-benevolat-au-vietnam","status":"publish","type":"page","link":"https:\/\/www.globalong.com\/blog\/avis-temoignages-globalong\/recit-de-benevolat-au-vietnam\/","title":{"rendered":"Vietnam &#8211; Victor"},"content":{"rendered":"<p style=\"text-align: center;\"><span style=\"color: #b81657;\"><strong>T\u00e9moignage de Victor, b\u00e9n\u00e9vole avec Globalong au Vietnam<\/strong><\/span><\/p>\n<p style=\"text-align: justify;\"><img loading=\"lazy\" decoding=\"async\" class=\"size-medium wp-image-600 aligncenter\" src=\"https:\/\/www.globalong.com\/blog\/wp-content\/uploads\/2015\/09\/15-300x225.jpg\" alt=\"15\" width=\"300\" height=\"225\" srcset=\"https:\/\/www.globalong.com\/blog\/wp-content\/uploads\/2015\/09\/15-300x225.jpg 300w, https:\/\/www.globalong.com\/blog\/wp-content\/uploads\/2015\/09\/15-150x113.jpg 150w, https:\/\/www.globalong.com\/blog\/wp-content\/uploads\/2015\/09\/15.jpg 724w\" sizes=\"(max-width: 300px) 100vw, 300px\" \/>Cela faisait d\u00e9j\u00e0 un certain temps que je voulais partir en volontariat humanitaire.<\/p>\n<p style=\"text-align: justify;\">Certains vivent pour l&rsquo;argent, le pouvoir, ou les filles, mais moi (m\u00eame si je ne cracherais pas dessus) je vis pour aider ceux qui en ont besoin.<\/p>\n<p style=\"text-align: justify;\">De mon point de vue, chaque individu devrait pouvoir avoir acc\u00e8s \u00e0 l&rsquo;\u00e9ducation, de quoi se nourrir, le tout en paix et en libert\u00e9.<\/p>\n<p style=\"text-align: justify;\">Aussi d\u00e9cidais-je de franchir le pas en m&rsquo;attaquant \u00e0 l&rsquo;\u00e9ducation, en choisissant un <span style=\"text-decoration: underline;\"><a href=\"https:\/\/www.globalong.com\/sejour-benevolat\/benevolat-vietnam-humanitaire.html\" target=\"_blank\" rel=\"noopener\">programme d&rsquo;enseignement d&rsquo;anglais au Vietnam.<\/a><\/span><\/p>\n<p style=\"text-align: justify;\"><img loading=\"lazy\" decoding=\"async\" class=\"size-medium wp-image-601 aligncenter\" src=\"https:\/\/www.globalong.com\/blog\/wp-content\/uploads\/2015\/09\/9-300x225.jpg\" alt=\"9\" width=\"300\" height=\"225\" srcset=\"https:\/\/www.globalong.com\/blog\/wp-content\/uploads\/2015\/09\/9-300x225.jpg 300w, https:\/\/www.globalong.com\/blog\/wp-content\/uploads\/2015\/09\/9-150x113.jpg 150w, https:\/\/www.globalong.com\/blog\/wp-content\/uploads\/2015\/09\/9.jpg 724w\" sizes=\"(max-width: 300px) 100vw, 300px\" \/>Je savais que mon aide ne serait pas immense, mais si par les cours je pouvais ne serait-ce que contribuer \u00e0 offrir un avenir \u00e0 une personne, je n&rsquo;aurais pas perdu mon temps.<\/p>\n<p style=\"text-align: justify;\">Ainsi, apr\u00e8s deux semaines de vacances en Tha\u00eflande en compagnie de mon meilleur ami, avec lequel je voyage tous les \u00e9t\u00e9s, je fis ce que les Am\u00e9ricains furent incapable d\u2019accomplir en dix ans : d\u00e9barquer \u00e0 Hano\u00ef.<\/p>\n<p style=\"text-align: justify;\">A l&rsquo;a\u00e9roport, un chauffeur me r\u00e9cup\u00e9ra avec une autre volontaire, australienne, qui \u00e9tait arriv\u00e9e par le m\u00eame vol que moi ; ce apr\u00e8s quoi nous part\u00eemes vers la maison o\u00f9 <a href=\"https:\/\/www.globalong.com\/blog\/wp-content\/uploads\/2015\/09\/21916835354_1f6cf4d13d_z.jpg\"><img loading=\"lazy\" decoding=\"async\" class=\"wp-image-1140 aligncenter\" src=\"https:\/\/www.globalong.com\/blog\/wp-content\/uploads\/2015\/09\/21916835354_1f6cf4d13d_z-300x169.jpg\" alt=\"21916835354_1f6cf4d13d_z\" width=\"300\" height=\"169\" srcset=\"https:\/\/www.globalong.com\/blog\/wp-content\/uploads\/2015\/09\/21916835354_1f6cf4d13d_z-300x169.jpg 300w, https:\/\/www.globalong.com\/blog\/wp-content\/uploads\/2015\/09\/21916835354_1f6cf4d13d_z-150x84.jpg 150w, https:\/\/www.globalong.com\/blog\/wp-content\/uploads\/2015\/09\/21916835354_1f6cf4d13d_z.jpg 640w\" sizes=\"(max-width: 300px) 100vw, 300px\" \/><\/a>nous logerions durant la majeure partie de nos trois semaines au Vietnam.<\/p>\n<p style=\"text-align: justify;\">Une fois rendus, les volontaires locaux, principalement des vietnamiennes, et un sujet\u00a0britannique expatri\u00e9 nous accueillirent.<\/p>\n<p style=\"text-align: justify;\">Tous \u00e9taient tr\u00e8s amicaux, agr\u00e9ables.<\/p>\n<p style=\"text-align: justify;\">Nous rencontr\u00e2mes \u00e9galement les autres volontaires d\u00e9j\u00e0 sur place, surtout <a href=\"https:\/\/www.globalong.com\/blog\/wp-content\/uploads\/2015\/09\/22550756431_3bd1aa3606_z.jpg\" rel=\"attachment wp-att-2666\"><img loading=\"lazy\" decoding=\"async\" class=\"size-medium wp-image-2666 aligncenter\" src=\"https:\/\/www.globalong.com\/blog\/wp-content\/uploads\/2015\/09\/22550756431_3bd1aa3606_z-300x184.jpg\" alt=\"22550756431_3bd1aa3606_z\" width=\"300\" height=\"184\" srcset=\"https:\/\/www.globalong.com\/blog\/wp-content\/uploads\/2015\/09\/22550756431_3bd1aa3606_z-300x184.jpg 300w, https:\/\/www.globalong.com\/blog\/wp-content\/uploads\/2015\/09\/22550756431_3bd1aa3606_z-150x92.jpg 150w, https:\/\/www.globalong.com\/blog\/wp-content\/uploads\/2015\/09\/22550756431_3bd1aa3606_z.jpg 640w\" sizes=\"(max-width: 300px) 100vw, 300px\" \/><\/a>originaire d&rsquo;Europe, mais aussi de contr\u00e9es plus lointaines.<\/p>\n<p style=\"text-align: justify;\">Certains venaient d&rsquo;arriver, d&rsquo;autre \u00e9taient l\u00e0 depuis d\u00e9j\u00e0 plusieurs mois.<\/p>\n<p style=\"text-align: justify;\">Les premiers jours furent consacr\u00e9s \u00e0 la d\u00e9couverte de la ville, du quartier et de la vie \u00e0 la vietnamienne, ainsi qu&rsquo;aux briefings pour nous pr\u00e9parer \u00e0 nos travaux respectifs.<\/p>\n<p style=\"text-align: justify;\">Le matin, je travaillais dans une ONG dont le but \u00e9tait de former des jeunes entre 18 et 25 ans<a href=\"https:\/\/www.globalong.com\/blog\/wp-content\/uploads\/2015\/09\/22351871868_f0df7929b2_z.jpg\" rel=\"attachment wp-att-2674\"><img loading=\"lazy\" decoding=\"async\" class=\"size-medium wp-image-2674 aligncenter\" src=\"https:\/\/www.globalong.com\/blog\/wp-content\/uploads\/2015\/09\/22351871868_f0df7929b2_z-300x225.jpg\" alt=\"22351871868_f0df7929b2_z\" width=\"300\" height=\"225\" srcset=\"https:\/\/www.globalong.com\/blog\/wp-content\/uploads\/2015\/09\/22351871868_f0df7929b2_z-300x225.jpg 300w, https:\/\/www.globalong.com\/blog\/wp-content\/uploads\/2015\/09\/22351871868_f0df7929b2_z-150x113.jpg 150w, https:\/\/www.globalong.com\/blog\/wp-content\/uploads\/2015\/09\/22351871868_f0df7929b2_z.jpg 640w\" sizes=\"(max-width: 300px) 100vw, 300px\" \/><\/a> issus de milieu tr\u00e8s d\u00e9favoris\u00e9s, principalement aux m\u00e9tiers de l\u2019h\u00f4tellerie et de la restauration.<\/p>\n<p style=\"text-align: justify;\">Je m&rsquo;occupai successivement de trois classes, en assistant deux professeures d&rsquo;anglais locales (l&rsquo;une ou l&rsquo;autre, suivant la classe).<\/p>\n<p style=\"text-align: justify;\">Le niveau des \u00e9tudiants \u00e9tant tr\u00e8s bas, les le\u00e7ons \u00e9taient tr\u00e8s simples\u00a0pour ne pas dire basiques.<\/p>\n<p style=\"text-align: justify;\">En revanche, tous \u00e9taient tr\u00e8s amicaux.<\/p>\n<p style=\"text-align: justify;\">De mani\u00e8re g\u00e9n\u00e9rale, les vietnamiens le sont plus ou moins toujours, surtout avec les visages p\u00e2les.<\/p>\n<p style=\"text-align: justify;\"><a href=\"https:\/\/www.globalong.com\/blog\/wp-content\/uploads\/2015\/09\/22539576635_b822c2edd9_z.jpg\" rel=\"attachment wp-att-2668\"><img loading=\"lazy\" decoding=\"async\" class=\"size-medium wp-image-2668 aligncenter\" src=\"https:\/\/www.globalong.com\/blog\/wp-content\/uploads\/2015\/09\/22539576635_b822c2edd9_z-300x225.jpg\" alt=\"22539576635_b822c2edd9_z\" width=\"300\" height=\"225\" srcset=\"https:\/\/www.globalong.com\/blog\/wp-content\/uploads\/2015\/09\/22539576635_b822c2edd9_z-300x225.jpg 300w, https:\/\/www.globalong.com\/blog\/wp-content\/uploads\/2015\/09\/22539576635_b822c2edd9_z-150x113.jpg 150w, https:\/\/www.globalong.com\/blog\/wp-content\/uploads\/2015\/09\/22539576635_b822c2edd9_z.jpg 640w\" sizes=\"(max-width: 300px) 100vw, 300px\" \/><\/a>Quant \u00e0 l&rsquo;apr\u00e8s midi, j\u2019enseignai dans une \u00e9cole avec des enfants entre 10 et 12 ans environ. Leur niveau \u00e9tait bon voir excellent. C&rsquo;est l\u00e0 bas que je pr\u00e9f\u00e9rais enseigner car malgr\u00e9 le fait qu&rsquo;ils \u00e9taient parfois turbulents, je pouvais choisir et pr\u00e9parer moi-m\u00eame mes cours.<\/p>\n<p style=\"text-align: justify;\">En dehors du travail, et ayant rapidement sympathis\u00e9 avec les autres volontaires, nous organis\u00e2mes plusieurs sorties, dont une croisi\u00e8re sur la baie d&rsquo;Along, le temps d&rsquo;un week-end.<\/p>\n<p style=\"text-align: justify;\">Je crois pouvoir avancer que je n&rsquo;ai connu que de bonnes exp\u00e9riences au Vietnam.<\/p>\n<p style=\"text-align: justify;\"><a href=\"https:\/\/www.globalong.com\/blog\/wp-content\/uploads\/2015\/09\/21918378143_aca6f9b570_z.jpg\" rel=\"attachment wp-att-2681\"><img loading=\"lazy\" decoding=\"async\" class=\"size-medium wp-image-2681 aligncenter\" src=\"https:\/\/www.globalong.com\/blog\/wp-content\/uploads\/2015\/09\/21918378143_aca6f9b570_z-300x225.jpg\" alt=\"21918378143_aca6f9b570_z\" width=\"300\" height=\"225\" srcset=\"https:\/\/www.globalong.com\/blog\/wp-content\/uploads\/2015\/09\/21918378143_aca6f9b570_z-300x225.jpg 300w, https:\/\/www.globalong.com\/blog\/wp-content\/uploads\/2015\/09\/21918378143_aca6f9b570_z-150x113.jpg 150w, https:\/\/www.globalong.com\/blog\/wp-content\/uploads\/2015\/09\/21918378143_aca6f9b570_z.jpg 640w\" sizes=\"(max-width: 300px) 100vw, 300px\" \/><\/a>J&rsquo;ai gard\u00e9 plusieurs contacts avec d&rsquo;autres volontaires, lesquels je ne manquerais pas de revoir au cours de mes prochains voyages, ou quand ils viendront au pays.<\/p>\n<p style=\"text-align: justify;\">La seule ombre au tableau vient du fait qu&rsquo;en tant que farouche anti-communiste, j&rsquo;ai d\u00fb supporter la propagande que le &lsquo;gouvernement&rsquo; d\u00e9verse en masse dans les rues, et surtout les \u00e9videntes contradictions que cela implique d\u00e8s que l&rsquo;on met un pied dans la rue. Mais je pr\u00e9f\u00e8re ne pas m&rsquo;attarder sur le sujet car je vais m&rsquo;\u00e9nerver tout seul derri\u00e8re mon clavier et c&rsquo;est mauvais pour ma tension.<\/p>\n<p style=\"text-align: justify;\">Pour finir, je voudrais remercier encore une fois Sophie et Globalong pour m&rsquo;avoir permis de vivre ce volontariat &#8211; qui ne seras assur\u00e9ment pas le dernier &#8211; et si je devais donner un seul conseil aux futurs volontaires, cela serait de choisir un s\u00e9jour plus long que pr\u00e9vu initialement ! Cela passe si vite !<\/p>\n<p style=\"text-align: justify;\">Post Scriptum: Si besoin est, je peux conseiller de futurs volontaires. Et pour ce qui est des propositions d&rsquo;am\u00e9lioration, peut \u00eatre faudrait il proposer aux volontaires une voiture pour aller \u00e0 l&rsquo;a\u00e9roport \u00e0 la fin du s\u00e9jour, pour ceux qui ne voyagent pas \u00e0 travers le pays au terme de leur travail.\u00a0\u00bb<\/p>\n<p style=\"text-align: center;\">Pour d\u00e9couvrir plus de photos du Vietnam, <span style=\"text-decoration: underline;\"><a href=\"https:\/\/www.flickr.com\/photos\/globalong\/albums\/72157639806172666\/with\/21918378143\/\" target=\"_blank\" rel=\"noopener\">cliquez ici<\/a><\/span> !<\/p>\n<p style=\"text-align: center;\">Pour d\u00e9couvrir les programmes de b\u00e9n\u00e9volat au Vietnam <span style=\"text-decoration: underline;\"><a href=\"https:\/\/www.globalong.com\/sejour-benevolat\/benevolat-vietnam-humanitaire.html\" target=\"_blank\" rel=\"noopener\">cliquez ici<\/a><\/span> !<\/p>\n<p style=\"text-align: center;\">N&rsquo;h\u00e9sitez pas \u00e0 nous contacter pour plus d&rsquo;informations \u00e0 <span style=\"text-decoration: underline; color: #b81657;\"><a style=\"color: #b81657; text-decoration: underline;\" href=\"mailto:info@globalong.com\">info@globalong.com<\/a><\/span><\/p>\n<p>&nbsp;<\/p>\n","protected":false},"excerpt":{"rendered":"<p>T\u00e9moignage de Victor, b\u00e9n\u00e9vole avec Globalong au Vietnam Cela faisait d\u00e9j\u00e0 un certain temps que je voulais partir en volontariat humanitaire. Certains vivent pour l&rsquo;argent, le pouvoir, ou les filles, mais moi (m\u00eame si je ne cracherais pas dessus) je vis pour aider ceux qui en ont besoin. De mon point de vue, chaque individu [&hellip;]<\/p>\n","protected":false},"author":3,"featured_media":11742,"parent":883,"menu_order":0,"comment_status":"closed","ping_status":"closed","template":"","meta":{"footnotes":""},"yoast_head":"<!-- This site is optimized with the Yoast SEO Premium plugin v23.4 (Yoast SEO v23.4) - https:\/\/yoast.com\/wordpress\/plugins\/seo\/ -->\n<title>Vietnam - Victor - Association Globalong<\/title>\n<meta name=\"robots\" content=\"index, follow, max-snippet:-1, max-image-preview:large, max-video-preview:-1\" \/>\n<link rel=\"canonical\" href=\"https:\/\/www.globalong.com\/blog\/avis-temoignages-globalong\/recit-de-benevolat-au-vietnam\/\" \/>\n<meta property=\"og:locale\" content=\"fr_FR\" \/>\n<meta property=\"og:type\" content=\"article\" \/>\n<meta property=\"og:title\" content=\"Vietnam - Victor\" \/>\n<meta property=\"og:description\" content=\"T\u00e9moignage de Victor, b\u00e9n\u00e9vole avec Globalong au Vietnam Cela faisait d\u00e9j\u00e0 un certain temps que je voulais partir en volontariat humanitaire. Certains vivent pour l&rsquo;argent, le pouvoir, ou les filles, mais moi (m\u00eame si je ne cracherais pas dessus) je vis pour aider ceux qui en ont besoin. De mon point de vue, chaque individu [&hellip;]\" \/>\n<meta property=\"og:url\" content=\"https:\/\/www.globalong.com\/blog\/avis-temoignages-globalong\/recit-de-benevolat-au-vietnam\/\" \/>\n<meta property=\"og:site_name\" content=\"Association Globalong\" \/>\n<meta property=\"article:publisher\" content=\"https:\/\/www.facebook.com\/globalong\" \/>\n<meta property=\"article:modified_time\" content=\"2022-05-08T14:32:05+00:00\" \/>\n<meta property=\"og:image\" content=\"https:\/\/www.globalong.com\/blog\/wp-content\/uploads\/2018\/10\/IMG-20180909-WA0033-min.jpg\" \/>\n\t<meta property=\"og:image:width\" content=\"1600\" \/>\n\t<meta property=\"og:image:height\" content=\"1200\" \/>\n\t<meta property=\"og:image:type\" content=\"image\/jpeg\" \/>\n<meta name=\"twitter:card\" content=\"summary_large_image\" \/>\n<meta name=\"twitter:label1\" content=\"Dur\u00e9e de lecture estim\u00e9e\" \/>\n\t<meta name=\"twitter:data1\" content=\"4 minutes\" \/>\n<script type=\"application\/ld+json\" class=\"yoast-schema-graph\">{\"@context\":\"https:\/\/schema.org\",\"@graph\":[{\"@type\":\"WebPage\",\"@id\":\"https:\/\/www.globalong.com\/blog\/avis-temoignages-globalong\/recit-de-benevolat-au-vietnam\/\",\"url\":\"https:\/\/www.globalong.com\/blog\/avis-temoignages-globalong\/recit-de-benevolat-au-vietnam\/\",\"name\":\"Vietnam - Victor - Association Globalong\",\"isPartOf\":{\"@id\":\"https:\/\/www.globalong.com\/blog\/#website\"},\"primaryImageOfPage\":{\"@id\":\"https:\/\/www.globalong.com\/blog\/avis-temoignages-globalong\/recit-de-benevolat-au-vietnam\/#primaryimage\"},\"image\":{\"@id\":\"https:\/\/www.globalong.com\/blog\/avis-temoignages-globalong\/recit-de-benevolat-au-vietnam\/#primaryimage\"},\"thumbnailUrl\":\"https:\/\/www.globalong.com\/blog\/wp-content\/uploads\/2018\/10\/IMG-20180909-WA0033-min.jpg\",\"datePublished\":\"2015-09-17T08:51:07+00:00\",\"dateModified\":\"2022-05-08T14:32:05+00:00\",\"breadcrumb\":{\"@id\":\"https:\/\/www.globalong.com\/blog\/avis-temoignages-globalong\/recit-de-benevolat-au-vietnam\/#breadcrumb\"},\"inLanguage\":\"fr-FR\",\"potentialAction\":[{\"@type\":\"ReadAction\",\"target\":[\"https:\/\/www.globalong.com\/blog\/avis-temoignages-globalong\/recit-de-benevolat-au-vietnam\/\"]}]},{\"@type\":\"ImageObject\",\"inLanguage\":\"fr-FR\",\"@id\":\"https:\/\/www.globalong.com\/blog\/avis-temoignages-globalong\/recit-de-benevolat-au-vietnam\/#primaryimage\",\"url\":\"https:\/\/www.globalong.com\/blog\/wp-content\/uploads\/2018\/10\/IMG-20180909-WA0033-min.jpg\",\"contentUrl\":\"https:\/\/www.globalong.com\/blog\/wp-content\/uploads\/2018\/10\/IMG-20180909-WA0033-min.jpg\",\"width\":1600,\"height\":1200,\"caption\":\"les entreprises qu\u00e9b\u00e9coises et le RSE\"},{\"@type\":\"BreadcrumbList\",\"@id\":\"https:\/\/www.globalong.com\/blog\/avis-temoignages-globalong\/recit-de-benevolat-au-vietnam\/#breadcrumb\",\"itemListElement\":[{\"@type\":\"ListItem\",\"position\":1,\"name\":\"Accueil\",\"item\":\"https:\/\/www.globalong.com\/blog\/\"},{\"@type\":\"ListItem\",\"position\":2,\"name\":\"T\u00e9moignages et avis de volontaires Globalong\",\"item\":\"https:\/\/www.globalong.com\/blog\/avis-temoignages-globalong\/\"},{\"@type\":\"ListItem\",\"position\":3,\"name\":\"Vietnam &#8211; Victor\"}]},{\"@type\":\"WebSite\",\"@id\":\"https:\/\/www.globalong.com\/blog\/#website\",\"url\":\"https:\/\/www.globalong.com\/blog\/\",\"name\":\"https:\/\/www.globalong.com\/\",\"description\":\"Mission humanitaire, stage \u00e9tudiant et voyage linguistique\",\"publisher\":{\"@id\":\"https:\/\/www.globalong.com\/blog\/#organization\"},\"potentialAction\":[{\"@type\":\"SearchAction\",\"target\":{\"@type\":\"EntryPoint\",\"urlTemplate\":\"https:\/\/www.globalong.com\/blog\/?s={search_term_string}\"},\"query-input\":{\"@type\":\"PropertyValueSpecification\",\"valueRequired\":true,\"valueName\":\"search_term_string\"}}],\"inLanguage\":\"fr-FR\"},{\"@type\":\"Organization\",\"@id\":\"https:\/\/www.globalong.com\/blog\/#organization\",\"name\":\"Association Globalong\",\"url\":\"https:\/\/www.globalong.com\/blog\/\",\"logo\":{\"@type\":\"ImageObject\",\"inLanguage\":\"fr-FR\",\"@id\":\"https:\/\/www.globalong.com\/blog\/#\/schema\/logo\/image\/\",\"url\":\"https:\/\/www.globalong.com\/blog\/wp-content\/uploads\/2014\/11\/cropped-cropped-Logo-et-Afrique-Globalong-petite-taille-2.jpg\",\"contentUrl\":\"https:\/\/www.globalong.com\/blog\/wp-content\/uploads\/2014\/11\/cropped-cropped-Logo-et-Afrique-Globalong-petite-taille-2.jpg\",\"width\":512,\"height\":512,\"caption\":\"Association Globalong\"},\"image\":{\"@id\":\"https:\/\/www.globalong.com\/blog\/#\/schema\/logo\/image\/\"},\"sameAs\":[\"https:\/\/www.facebook.com\/globalong\"]}]}<\/script>\n<!-- \/ Yoast SEO Premium plugin. -->","yoast_head_json":{"title":"Vietnam - Victor - Association Globalong","robots":{"index":"index","follow":"follow","max-snippet":"max-snippet:-1","max-image-preview":"max-image-preview:large","max-video-preview":"max-video-preview:-1"},"canonical":"https:\/\/www.globalong.com\/blog\/avis-temoignages-globalong\/recit-de-benevolat-au-vietnam\/","og_locale":"fr_FR","og_type":"article","og_title":"Vietnam - Victor","og_description":"T\u00e9moignage de Victor, b\u00e9n\u00e9vole avec Globalong au Vietnam Cela faisait d\u00e9j\u00e0 un certain temps que je voulais partir en volontariat humanitaire. Certains vivent pour l&rsquo;argent, le pouvoir, ou les filles, mais moi (m\u00eame si je ne cracherais pas dessus) je vis pour aider ceux qui en ont besoin. De mon point de vue, chaque individu [&hellip;]","og_url":"https:\/\/www.globalong.com\/blog\/avis-temoignages-globalong\/recit-de-benevolat-au-vietnam\/","og_site_name":"Association Globalong","article_publisher":"https:\/\/www.facebook.com\/globalong","article_modified_time":"2022-05-08T14:32:05+00:00","og_image":[{"width":1600,"height":1200,"url":"https:\/\/www.globalong.com\/blog\/wp-content\/uploads\/2018\/10\/IMG-20180909-WA0033-min.jpg","type":"image\/jpeg"}],"twitter_card":"summary_large_image","twitter_misc":{"Dur\u00e9e de lecture estim\u00e9e":"4 minutes"},"schema":{"@context":"https:\/\/schema.org","@graph":[{"@type":"WebPage","@id":"https:\/\/www.globalong.com\/blog\/avis-temoignages-globalong\/recit-de-benevolat-au-vietnam\/","url":"https:\/\/www.globalong.com\/blog\/avis-temoignages-globalong\/recit-de-benevolat-au-vietnam\/","name":"Vietnam - Victor - Association Globalong","isPartOf":{"@id":"https:\/\/www.globalong.com\/blog\/#website"},"primaryImageOfPage":{"@id":"https:\/\/www.globalong.com\/blog\/avis-temoignages-globalong\/recit-de-benevolat-au-vietnam\/#primaryimage"},"image":{"@id":"https:\/\/www.globalong.com\/blog\/avis-temoignages-globalong\/recit-de-benevolat-au-vietnam\/#primaryimage"},"thumbnailUrl":"https:\/\/www.globalong.com\/blog\/wp-content\/uploads\/2018\/10\/IMG-20180909-WA0033-min.jpg","datePublished":"2015-09-17T08:51:07+00:00","dateModified":"2022-05-08T14:32:05+00:00","breadcrumb":{"@id":"https:\/\/www.globalong.com\/blog\/avis-temoignages-globalong\/recit-de-benevolat-au-vietnam\/#breadcrumb"},"inLanguage":"fr-FR","potentialAction":[{"@type":"ReadAction","target":["https:\/\/www.globalong.com\/blog\/avis-temoignages-globalong\/recit-de-benevolat-au-vietnam\/"]}]},{"@type":"ImageObject","inLanguage":"fr-FR","@id":"https:\/\/www.globalong.com\/blog\/avis-temoignages-globalong\/recit-de-benevolat-au-vietnam\/#primaryimage","url":"https:\/\/www.globalong.com\/blog\/wp-content\/uploads\/2018\/10\/IMG-20180909-WA0033-min.jpg","contentUrl":"https:\/\/www.globalong.com\/blog\/wp-content\/uploads\/2018\/10\/IMG-20180909-WA0033-min.jpg","width":1600,"height":1200,"caption":"les entreprises qu\u00e9b\u00e9coises et le RSE"},{"@type":"BreadcrumbList","@id":"https:\/\/www.globalong.com\/blog\/avis-temoignages-globalong\/recit-de-benevolat-au-vietnam\/#breadcrumb","itemListElement":[{"@type":"ListItem","position":1,"name":"Accueil","item":"https:\/\/www.globalong.com\/blog\/"},{"@type":"ListItem","position":2,"name":"T\u00e9moignages et avis de volontaires Globalong","item":"https:\/\/www.globalong.com\/blog\/avis-temoignages-globalong\/"},{"@type":"ListItem","position":3,"name":"Vietnam &#8211; Victor"}]},{"@type":"WebSite","@id":"https:\/\/www.globalong.com\/blog\/#website","url":"https:\/\/www.globalong.com\/blog\/","name":"https:\/\/www.globalong.com\/","description":"Mission humanitaire, stage \u00e9tudiant et voyage linguistique","publisher":{"@id":"https:\/\/www.globalong.com\/blog\/#organization"},"potentialAction":[{"@type":"SearchAction","target":{"@type":"EntryPoint","urlTemplate":"https:\/\/www.globalong.com\/blog\/?s={search_term_string}"},"query-input":{"@type":"PropertyValueSpecification","valueRequired":true,"valueName":"search_term_string"}}],"inLanguage":"fr-FR"},{"@type":"Organization","@id":"https:\/\/www.globalong.com\/blog\/#organization","name":"Association Globalong","url":"https:\/\/www.globalong.com\/blog\/","logo":{"@type":"ImageObject","inLanguage":"fr-FR","@id":"https:\/\/www.globalong.com\/blog\/#\/schema\/logo\/image\/","url":"https:\/\/www.globalong.com\/blog\/wp-content\/uploads\/2014\/11\/cropped-cropped-Logo-et-Afrique-Globalong-petite-taille-2.jpg","contentUrl":"https:\/\/www.globalong.com\/blog\/wp-content\/uploads\/2014\/11\/cropped-cropped-Logo-et-Afrique-Globalong-petite-taille-2.jpg","width":512,"height":512,"caption":"Association Globalong"},"image":{"@id":"https:\/\/www.globalong.com\/blog\/#\/schema\/logo\/image\/"},"sameAs":["https:\/\/www.facebook.com\/globalong"]}]}},"_links":{"self":[{"href":"https:\/\/www.globalong.com\/blog\/wp-json\/wp\/v2\/pages\/599"}],"collection":[{"href":"https:\/\/www.globalong.com\/blog\/wp-json\/wp\/v2\/pages"}],"about":[{"href":"https:\/\/www.globalong.com\/blog\/wp-json\/wp\/v2\/types\/page"}],"author":[{"embeddable":true,"href":"https:\/\/www.globalong.com\/blog\/wp-json\/wp\/v2\/users\/3"}],"replies":[{"embeddable":true,"href":"https:\/\/www.globalong.com\/blog\/wp-json\/wp\/v2\/comments?post=599"}],"version-history":[{"count":35,"href":"https:\/\/www.globalong.com\/blog\/wp-json\/wp\/v2\/pages\/599\/revisions"}],"predecessor-version":[{"id":14635,"href":"https:\/\/www.globalong.com\/blog\/wp-json\/wp\/v2\/pages\/599\/revisions\/14635"}],"up":[{"embeddable":true,"href":"https:\/\/www.globalong.com\/blog\/wp-json\/wp\/v2\/pages\/883"}],"wp:featuredmedia":[{"embeddable":true,"href":"https:\/\/www.globalong.com\/blog\/wp-json\/wp\/v2\/media\/11742"}],"wp:attachment":[{"href":"https:\/\/www.globalong.com\/blog\/wp-json\/wp\/v2\/media?parent=599"}],"curies":[{"name":"wp","href":"https:\/\/api.w.org\/{rel}","templated":true}]}}