{"id":5992,"date":"2016-12-30T14:27:17","date_gmt":"2016-12-30T13:27:17","guid":{"rendered":"https:\/\/www.globalong.com\/blog\/?page_id=5992"},"modified":"2022-04-28T18:52:38","modified_gmt":"2022-04-28T16:52:38","slug":"cambodge-benevolat-action-sociale-stage-enseignement-medical-experience-etranger-projet-volontaire-voyage","status":"publish","type":"page","link":"https:\/\/www.globalong.com\/blog\/avis-temoignages-globalong\/cambodge-benevolat-action-sociale-stage-enseignement-medical-experience-etranger-projet-volontaire-voyage\/","title":{"rendered":"Cambodge &#8211; Florence"},"content":{"rendered":"<h4 style=\"text-align: center;\"><span style=\"color: #b81657;\">T\u00e9moignage de Florence, b\u00e9n\u00e9vole avec Globalong au Cambodge<\/span><\/h4>\n<p style=\"text-align: justify;\"><a href=\"https:\/\/www.globalong.com\/blog\/wp-content\/uploads\/2016\/12\/Flo-et-globalong-au-cambodge.jpg\" rel=\"attachment wp-att-5993\"><img loading=\"lazy\" decoding=\"async\" class=\"wp-image-5993 size-medium aligncenter\" src=\"https:\/\/www.globalong.com\/blog\/wp-content\/uploads\/2016\/12\/Flo-et-globalong-au-cambodge-300x275.jpg\" alt=\"Programme de b\u00e9n\u00e9volat avec Globalong \" width=\"300\" height=\"275\" srcset=\"https:\/\/www.globalong.com\/blog\/wp-content\/uploads\/2016\/12\/Flo-et-globalong-au-cambodge-300x275.jpg 300w, https:\/\/www.globalong.com\/blog\/wp-content\/uploads\/2016\/12\/Flo-et-globalong-au-cambodge-768x705.jpg 768w, https:\/\/www.globalong.com\/blog\/wp-content\/uploads\/2016\/12\/Flo-et-globalong-au-cambodge-150x138.jpg 150w, https:\/\/www.globalong.com\/blog\/wp-content\/uploads\/2016\/12\/Flo-et-globalong-au-cambodge.jpg 960w\" sizes=\"(max-width: 300px) 100vw, 300px\" \/><\/a>Bonjour,<\/p>\n<p style=\"text-align: justify;\">Je m\u2019appelle Florence et je suis partie au Cambodge car j&rsquo;avais le besoin de me sentir utile et l&rsquo;envie de d\u00e9couvrir une nouvelle culture.<br \/>\nLa p\u00e9riode d\u2019intro s\u2019est tr\u00e8s bien pass\u00e9e, \u00e7a m&rsquo;a permis d&rsquo;atterrir gentiment et de comprendre o\u00f9 j&rsquo;\u00e9tais quant \u00e0 ma p\u00e9riode de b\u00e9n\u00e9volat, \u00e7a a \u00e9t\u00e9 difficile au d\u00e9but parce que je ne pensais pas devoir enseigner seule, mais accompagner des professeurs, ce qui n&rsquo;\u00e9tait pas le cas. Les deux autres b\u00e9n\u00e9voles pr\u00e9sents sont ensuite partis et le manque de personnel s&rsquo;est beaucoup fait ressentir.<\/p>\n<p style=\"text-align: justify;\">J\u2019ai pu visiter et d\u00e9couvrir pendant mon temps libre au Cambodge, voici les bonnes adresses :<\/p>\n<p style=\"text-align: justify;\"><a href=\"https:\/\/www.globalong.com\/blog\/wp-content\/uploads\/2016\/12\/Paysage-du-cambodge-avec-globalong.jpg\" rel=\"attachment wp-att-5995\"><img loading=\"lazy\" decoding=\"async\" class=\"size-medium wp-image-5995 aligncenter\" src=\"https:\/\/www.globalong.com\/blog\/wp-content\/uploads\/2016\/12\/Paysage-du-cambodge-avec-globalong-300x169.jpg\" alt=\"Volontariat international au Cambodge - Globalong\" width=\"300\" height=\"169\" srcset=\"https:\/\/www.globalong.com\/blog\/wp-content\/uploads\/2016\/12\/Paysage-du-cambodge-avec-globalong-300x169.jpg 300w, https:\/\/www.globalong.com\/blog\/wp-content\/uploads\/2016\/12\/Paysage-du-cambodge-avec-globalong-768x432.jpg 768w, https:\/\/www.globalong.com\/blog\/wp-content\/uploads\/2016\/12\/Paysage-du-cambodge-avec-globalong-1024x576.jpg 1024w, https:\/\/www.globalong.com\/blog\/wp-content\/uploads\/2016\/12\/Paysage-du-cambodge-avec-globalong-150x84.jpg 150w, https:\/\/www.globalong.com\/blog\/wp-content\/uploads\/2016\/12\/Paysage-du-cambodge-avec-globalong.jpg 2048w\" sizes=\"(max-width: 300px) 100vw, 300px\" \/><\/a>Kampot est le plus bel endroit que j&rsquo;ai vu tout comme la station de Bokor qui offre une bouff\u00e9e de fra\u00eecheur et une des plus belles vues du monde.<br \/>\nJ\u2019ai r\u00e9alis\u00e9 un trekking dans la for\u00eat de Mondulkiri pour rencontrer des \u00e9l\u00e9phants retrait\u00e9s et sauv\u00e9s de la maltraitance.<br \/>\nJe me suis rendue \u00e0 Kho Rong Samloem (au Mad Monkey Hostel) isol\u00e9 de tout sur une \u00eele peu touristique (1 seul h\u00f4tel et pas de wifi), et j\u2019ai aussi pu nager \u00e0 minuit avec des planctons <a href=\"https:\/\/www.globalong.com\/blog\/wp-content\/uploads\/2016\/12\/Globalong-et-florence-au-cambodge.jpg\" rel=\"attachment wp-att-5997\"><img loading=\"lazy\" decoding=\"async\" class=\"size-medium wp-image-5997 aligncenter\" src=\"https:\/\/www.globalong.com\/blog\/wp-content\/uploads\/2016\/12\/Globalong-et-florence-au-cambodge-300x300.jpg\" alt=\"Volontariat et enseignement au Cambodge - Globalong\" width=\"300\" height=\"300\" srcset=\"https:\/\/www.globalong.com\/blog\/wp-content\/uploads\/2016\/12\/Globalong-et-florence-au-cambodge-300x300.jpg 300w, https:\/\/www.globalong.com\/blog\/wp-content\/uploads\/2016\/12\/Globalong-et-florence-au-cambodge-150x150.jpg 150w, https:\/\/www.globalong.com\/blog\/wp-content\/uploads\/2016\/12\/Globalong-et-florence-au-cambodge-768x768.jpg 768w, https:\/\/www.globalong.com\/blog\/wp-content\/uploads\/2016\/12\/Globalong-et-florence-au-cambodge.jpg 960w\" sizes=\"(max-width: 300px) 100vw, 300px\" \/><\/a>phosphorescent &#8230;<\/p>\n<p style=\"text-align: justify;\">Tous les b\u00e9n\u00e9voles qui ont habit\u00e9 avec moi \u00e9taient incroyables ! Je me suis fait des amis pour la vie aux quatre coins du monde et des souvenirs pleins la t\u00eate ! Je me suis m\u00eame fait tatouer le m\u00eame tatouage avec l&rsquo;un d\u2019eux ! \ud83d\ude42<\/p>\n<p style=\"text-align: justify;\">Pour les r\u00e9servations des transports, les traductions, changer les grosses coupures d&rsquo;argent, avoir des bonnes adresses, le coordinateur m\u2019a \u00e9t\u00e9 d\u2019une grande aide.<\/p>\n<p style=\"text-align: justify;\">Cette exp\u00e9rience me servira dans l&rsquo;avenir pour tout. J&rsquo;y pense tout le temps mais \u00e7a m&rsquo;a \u00e9galement donn\u00e9 de la maturit\u00e9, \u00e7a m&rsquo;a permis d&rsquo;ouvrir les yeux sur la beaut\u00e9 de nos diff\u00e9rences.<\/p>\n<p><img loading=\"lazy\" decoding=\"async\" class=\"size-medium wp-image-5999 aligncenter\" src=\"https:\/\/www.globalong.com\/blog\/wp-content\/uploads\/2016\/12\/be\u0301ne\u0301volat-humanitaire-au-cambodge-avec-globalong-300x169.jpg\" alt=\"Volontaires internationaux au cambodge - Globalong\" width=\"300\" height=\"169\" srcset=\"https:\/\/www.globalong.com\/blog\/wp-content\/uploads\/2016\/12\/be\u0301ne\u0301volat-humanitaire-au-cambodge-avec-globalong-300x169.jpg 300w, https:\/\/www.globalong.com\/blog\/wp-content\/uploads\/2016\/12\/be\u0301ne\u0301volat-humanitaire-au-cambodge-avec-globalong-768x432.jpg 768w, https:\/\/www.globalong.com\/blog\/wp-content\/uploads\/2016\/12\/be\u0301ne\u0301volat-humanitaire-au-cambodge-avec-globalong-1024x576.jpg 1024w, https:\/\/www.globalong.com\/blog\/wp-content\/uploads\/2016\/12\/be\u0301ne\u0301volat-humanitaire-au-cambodge-avec-globalong-150x84.jpg 150w, https:\/\/www.globalong.com\/blog\/wp-content\/uploads\/2016\/12\/be\u0301ne\u0301volat-humanitaire-au-cambodge-avec-globalong.jpg 2048w\" sizes=\"(max-width: 300px) 100vw, 300px\" \/><\/p>\n<p style=\"text-align: justify;\">Faisant en ce moment des \u00e9tudes d&rsquo;infirmi\u00e8re, \u00e7a m&rsquo;a donn\u00e9 envie de faire encore beaucoup de voyages humanitaires !<\/p>\n<p style=\"text-align: justify;\">Me r\u00e9adapter au quotidien a \u00e9t\u00e9 tr\u00e8s dur. En fait, \u00e7a a \u00e9t\u00e9 bien plus dur de m&rsquo;adapter \u00e0 mon propre pays en rentrant, qu\u2019au Cambodge en arrivant. Les choses qui avaient du sens n&rsquo;en n&rsquo;ont plus forc\u00e9ment, et les personnes nous semblent parfois tr\u00e8s diff\u00e9rentes de nos souvenirs.<\/p>\n<p style=\"text-align: justify;\"><a href=\"https:\/\/www.globalong.com\/blog\/wp-content\/uploads\/2016\/12\/programme-humanitaire-globalong.jpg\" rel=\"attachment wp-att-6001\"><img loading=\"lazy\" decoding=\"async\" class=\"size-medium wp-image-6001 aligncenter\" src=\"https:\/\/www.globalong.com\/blog\/wp-content\/uploads\/2016\/12\/programme-humanitaire-globalong-300x225.jpg\" alt=\"Programme de b\u00e9n\u00e9volat au Cambodge avec Globalong \" width=\"300\" height=\"225\" srcset=\"https:\/\/www.globalong.com\/blog\/wp-content\/uploads\/2016\/12\/programme-humanitaire-globalong-300x225.jpg 300w, https:\/\/www.globalong.com\/blog\/wp-content\/uploads\/2016\/12\/programme-humanitaire-globalong-768x576.jpg 768w, https:\/\/www.globalong.com\/blog\/wp-content\/uploads\/2016\/12\/programme-humanitaire-globalong-1024x768.jpg 1024w, https:\/\/www.globalong.com\/blog\/wp-content\/uploads\/2016\/12\/programme-humanitaire-globalong-150x113.jpg 150w, https:\/\/www.globalong.com\/blog\/wp-content\/uploads\/2016\/12\/programme-humanitaire-globalong.jpg 2048w\" sizes=\"(max-width: 300px) 100vw, 300px\" \/><\/a>Mon conseil aux futurs participants : Foncez ! J&rsquo;attends qu&rsquo;une chose c&rsquo;est de repartir. Plongez-vous dans la culture du pays que vous visiterez et allez \u00e0 chaque endroit que vous pouvez !<\/p>\n<p style=\"text-align: justify;\">Honn\u00eatement, l&rsquo;organisation de mon voyage \u00e9tait tr\u00e8s bien, Globalong nous met en contact avec des gens locaux et lors d&rsquo;un voyage, c&rsquo;est tr\u00e8s pr\u00e9cieux !<\/p>\n<p style=\"text-align: justify;\">Pour plus de renseignements, n&rsquo;h\u00e9sitez pas \u00e0 nous contacter \u00e0 <span style=\"text-decoration: underline;\"><span style=\"color: #b81657;\"><a style=\"color: #b81657; text-decoration: underline;\" href=\"mailto:info@globalong.com\">info@globalong.com<\/a><\/span><\/span><\/p>\n<p style=\"text-align: justify;\"><span style=\"text-decoration: underline;\"><span style=\"color: #b81657;\"><a style=\"color: #b81657; text-decoration: underline;\" href=\"https:\/\/www.globalong.com\/sejour-benevolat\/benevolat-cambodge-enfants.html\" target=\"_blank\" rel=\"noopener\">D\u00e9couvrez les programmes de b\u00e9n\u00e9volat humanitaire au Cambodge !<\/a><\/span><\/span><\/p>\n<p style=\"text-align: justify;\"><span style=\"text-decoration: underline;\"><a href=\"https:\/\/www.flickr.com\/photos\/globalong\/albums\/72157639827967953\" target=\"_blank\" rel=\"noopener\"><span style=\"color: #b81657; text-decoration: underline;\">Cliquez ici<\/span> <\/a><\/span>pour voir toutes les photos des b\u00e9n\u00e9voles au Cambodge !<\/p>\n","protected":false},"excerpt":{"rendered":"<p>T\u00e9moignage de Florence, b\u00e9n\u00e9vole avec Globalong au Cambodge Bonjour, Je m\u2019appelle Florence et je suis partie au Cambodge car j&rsquo;avais le besoin de me sentir utile et l&rsquo;envie de d\u00e9couvrir une nouvelle culture. La p\u00e9riode d\u2019intro s\u2019est tr\u00e8s bien pass\u00e9e, \u00e7a m&rsquo;a permis d&rsquo;atterrir gentiment et de comprendre o\u00f9 j&rsquo;\u00e9tais quant \u00e0 ma p\u00e9riode de [&hellip;]<\/p>\n","protected":false},"author":3,"featured_media":5999,"parent":883,"menu_order":0,"comment_status":"open","ping_status":"closed","template":"","meta":{"footnotes":""},"yoast_head":"<!-- This site is optimized with the Yoast SEO Premium plugin v23.4 (Yoast SEO v23.4) - https:\/\/yoast.com\/wordpress\/plugins\/seo\/ -->\n<title>Cambodge - Florence - Association Globalong<\/title>\n<meta name=\"robots\" content=\"index, follow, max-snippet:-1, max-image-preview:large, max-video-preview:-1\" \/>\n<link rel=\"canonical\" href=\"https:\/\/www.globalong.com\/blog\/avis-temoignages-globalong\/cambodge-benevolat-action-sociale-stage-enseignement-medical-experience-etranger-projet-volontaire-voyage\/\" \/>\n<meta property=\"og:locale\" content=\"fr_FR\" \/>\n<meta property=\"og:type\" content=\"article\" \/>\n<meta property=\"og:title\" content=\"Cambodge - Florence\" \/>\n<meta property=\"og:description\" content=\"T\u00e9moignage de Florence, b\u00e9n\u00e9vole avec Globalong au Cambodge Bonjour, Je m\u2019appelle Florence et je suis partie au Cambodge car j&rsquo;avais le besoin de me sentir utile et l&rsquo;envie de d\u00e9couvrir une nouvelle culture. La p\u00e9riode d\u2019intro s\u2019est tr\u00e8s bien pass\u00e9e, \u00e7a m&rsquo;a permis d&rsquo;atterrir gentiment et de comprendre o\u00f9 j&rsquo;\u00e9tais quant \u00e0 ma p\u00e9riode de [&hellip;]\" \/>\n<meta property=\"og:url\" content=\"https:\/\/www.globalong.com\/blog\/avis-temoignages-globalong\/cambodge-benevolat-action-sociale-stage-enseignement-medical-experience-etranger-projet-volontaire-voyage\/\" \/>\n<meta property=\"og:site_name\" content=\"Association Globalong\" \/>\n<meta property=\"article:publisher\" content=\"https:\/\/www.facebook.com\/globalong\" \/>\n<meta property=\"article:modified_time\" content=\"2022-04-28T16:52:38+00:00\" \/>\n<meta property=\"og:image\" content=\"https:\/\/www.globalong.com\/blog\/wp-content\/uploads\/2016\/12\/be\u0301ne\u0301volat-humanitaire-au-cambodge-avec-globalong.jpg\" \/>\n\t<meta property=\"og:image:width\" content=\"2048\" \/>\n\t<meta property=\"og:image:height\" content=\"1152\" \/>\n\t<meta property=\"og:image:type\" content=\"image\/jpeg\" \/>\n<meta name=\"twitter:card\" content=\"summary_large_image\" \/>\n<meta name=\"twitter:label1\" content=\"Dur\u00e9e de lecture estim\u00e9e\" \/>\n\t<meta name=\"twitter:data1\" content=\"3 minutes\" \/>\n<script type=\"application\/ld+json\" class=\"yoast-schema-graph\">{\"@context\":\"https:\/\/schema.org\",\"@graph\":[{\"@type\":\"WebPage\",\"@id\":\"https:\/\/www.globalong.com\/blog\/avis-temoignages-globalong\/cambodge-benevolat-action-sociale-stage-enseignement-medical-experience-etranger-projet-volontaire-voyage\/\",\"url\":\"https:\/\/www.globalong.com\/blog\/avis-temoignages-globalong\/cambodge-benevolat-action-sociale-stage-enseignement-medical-experience-etranger-projet-volontaire-voyage\/\",\"name\":\"Cambodge - Florence - Association Globalong\",\"isPartOf\":{\"@id\":\"https:\/\/www.globalong.com\/blog\/#website\"},\"primaryImageOfPage\":{\"@id\":\"https:\/\/www.globalong.com\/blog\/avis-temoignages-globalong\/cambodge-benevolat-action-sociale-stage-enseignement-medical-experience-etranger-projet-volontaire-voyage\/#primaryimage\"},\"image\":{\"@id\":\"https:\/\/www.globalong.com\/blog\/avis-temoignages-globalong\/cambodge-benevolat-action-sociale-stage-enseignement-medical-experience-etranger-projet-volontaire-voyage\/#primaryimage\"},\"thumbnailUrl\":\"https:\/\/www.globalong.com\/blog\/wp-content\/uploads\/2016\/12\/be\u0301ne\u0301volat-humanitaire-au-cambodge-avec-globalong.jpg\",\"datePublished\":\"2016-12-30T13:27:17+00:00\",\"dateModified\":\"2022-04-28T16:52:38+00:00\",\"breadcrumb\":{\"@id\":\"https:\/\/www.globalong.com\/blog\/avis-temoignages-globalong\/cambodge-benevolat-action-sociale-stage-enseignement-medical-experience-etranger-projet-volontaire-voyage\/#breadcrumb\"},\"inLanguage\":\"fr-FR\",\"potentialAction\":[{\"@type\":\"ReadAction\",\"target\":[\"https:\/\/www.globalong.com\/blog\/avis-temoignages-globalong\/cambodge-benevolat-action-sociale-stage-enseignement-medical-experience-etranger-projet-volontaire-voyage\/\"]}]},{\"@type\":\"ImageObject\",\"inLanguage\":\"fr-FR\",\"@id\":\"https:\/\/www.globalong.com\/blog\/avis-temoignages-globalong\/cambodge-benevolat-action-sociale-stage-enseignement-medical-experience-etranger-projet-volontaire-voyage\/#primaryimage\",\"url\":\"https:\/\/www.globalong.com\/blog\/wp-content\/uploads\/2016\/12\/be\u0301ne\u0301volat-humanitaire-au-cambodge-avec-globalong.jpg\",\"contentUrl\":\"https:\/\/www.globalong.com\/blog\/wp-content\/uploads\/2016\/12\/be\u0301ne\u0301volat-humanitaire-au-cambodge-avec-globalong.jpg\",\"width\":2048,\"height\":1152,\"caption\":\"Volontaires internationaux au cambodge - Globalong\"},{\"@type\":\"BreadcrumbList\",\"@id\":\"https:\/\/www.globalong.com\/blog\/avis-temoignages-globalong\/cambodge-benevolat-action-sociale-stage-enseignement-medical-experience-etranger-projet-volontaire-voyage\/#breadcrumb\",\"itemListElement\":[{\"@type\":\"ListItem\",\"position\":1,\"name\":\"Accueil\",\"item\":\"https:\/\/www.globalong.com\/blog\/\"},{\"@type\":\"ListItem\",\"position\":2,\"name\":\"T\u00e9moignages et avis de volontaires Globalong\",\"item\":\"https:\/\/www.globalong.com\/blog\/avis-temoignages-globalong\/\"},{\"@type\":\"ListItem\",\"position\":3,\"name\":\"Cambodge &#8211; Florence\"}]},{\"@type\":\"WebSite\",\"@id\":\"https:\/\/www.globalong.com\/blog\/#website\",\"url\":\"https:\/\/www.globalong.com\/blog\/\",\"name\":\"https:\/\/www.globalong.com\/\",\"description\":\"Mission humanitaire, stage \u00e9tudiant et voyage linguistique\",\"publisher\":{\"@id\":\"https:\/\/www.globalong.com\/blog\/#organization\"},\"potentialAction\":[{\"@type\":\"SearchAction\",\"target\":{\"@type\":\"EntryPoint\",\"urlTemplate\":\"https:\/\/www.globalong.com\/blog\/?s={search_term_string}\"},\"query-input\":{\"@type\":\"PropertyValueSpecification\",\"valueRequired\":true,\"valueName\":\"search_term_string\"}}],\"inLanguage\":\"fr-FR\"},{\"@type\":\"Organization\",\"@id\":\"https:\/\/www.globalong.com\/blog\/#organization\",\"name\":\"Association Globalong\",\"url\":\"https:\/\/www.globalong.com\/blog\/\",\"logo\":{\"@type\":\"ImageObject\",\"inLanguage\":\"fr-FR\",\"@id\":\"https:\/\/www.globalong.com\/blog\/#\/schema\/logo\/image\/\",\"url\":\"https:\/\/www.globalong.com\/blog\/wp-content\/uploads\/2014\/11\/cropped-cropped-Logo-et-Afrique-Globalong-petite-taille-2.jpg\",\"contentUrl\":\"https:\/\/www.globalong.com\/blog\/wp-content\/uploads\/2014\/11\/cropped-cropped-Logo-et-Afrique-Globalong-petite-taille-2.jpg\",\"width\":512,\"height\":512,\"caption\":\"Association Globalong\"},\"image\":{\"@id\":\"https:\/\/www.globalong.com\/blog\/#\/schema\/logo\/image\/\"},\"sameAs\":[\"https:\/\/www.facebook.com\/globalong\"]}]}<\/script>\n<!-- \/ Yoast SEO Premium plugin. -->","yoast_head_json":{"title":"Cambodge - Florence - Association Globalong","robots":{"index":"index","follow":"follow","max-snippet":"max-snippet:-1","max-image-preview":"max-image-preview:large","max-video-preview":"max-video-preview:-1"},"canonical":"https:\/\/www.globalong.com\/blog\/avis-temoignages-globalong\/cambodge-benevolat-action-sociale-stage-enseignement-medical-experience-etranger-projet-volontaire-voyage\/","og_locale":"fr_FR","og_type":"article","og_title":"Cambodge - Florence","og_description":"T\u00e9moignage de Florence, b\u00e9n\u00e9vole avec Globalong au Cambodge Bonjour, Je m\u2019appelle Florence et je suis partie au Cambodge car j&rsquo;avais le besoin de me sentir utile et l&rsquo;envie de d\u00e9couvrir une nouvelle culture. La p\u00e9riode d\u2019intro s\u2019est tr\u00e8s bien pass\u00e9e, \u00e7a m&rsquo;a permis d&rsquo;atterrir gentiment et de comprendre o\u00f9 j&rsquo;\u00e9tais quant \u00e0 ma p\u00e9riode de [&hellip;]","og_url":"https:\/\/www.globalong.com\/blog\/avis-temoignages-globalong\/cambodge-benevolat-action-sociale-stage-enseignement-medical-experience-etranger-projet-volontaire-voyage\/","og_site_name":"Association Globalong","article_publisher":"https:\/\/www.facebook.com\/globalong","article_modified_time":"2022-04-28T16:52:38+00:00","og_image":[{"width":2048,"height":1152,"url":"https:\/\/www.globalong.com\/blog\/wp-content\/uploads\/2016\/12\/be\u0301ne\u0301volat-humanitaire-au-cambodge-avec-globalong.jpg","type":"image\/jpeg"}],"twitter_card":"summary_large_image","twitter_misc":{"Dur\u00e9e de lecture estim\u00e9e":"3 minutes"},"schema":{"@context":"https:\/\/schema.org","@graph":[{"@type":"WebPage","@id":"https:\/\/www.globalong.com\/blog\/avis-temoignages-globalong\/cambodge-benevolat-action-sociale-stage-enseignement-medical-experience-etranger-projet-volontaire-voyage\/","url":"https:\/\/www.globalong.com\/blog\/avis-temoignages-globalong\/cambodge-benevolat-action-sociale-stage-enseignement-medical-experience-etranger-projet-volontaire-voyage\/","name":"Cambodge - Florence - Association Globalong","isPartOf":{"@id":"https:\/\/www.globalong.com\/blog\/#website"},"primaryImageOfPage":{"@id":"https:\/\/www.globalong.com\/blog\/avis-temoignages-globalong\/cambodge-benevolat-action-sociale-stage-enseignement-medical-experience-etranger-projet-volontaire-voyage\/#primaryimage"},"image":{"@id":"https:\/\/www.globalong.com\/blog\/avis-temoignages-globalong\/cambodge-benevolat-action-sociale-stage-enseignement-medical-experience-etranger-projet-volontaire-voyage\/#primaryimage"},"thumbnailUrl":"https:\/\/www.globalong.com\/blog\/wp-content\/uploads\/2016\/12\/be\u0301ne\u0301volat-humanitaire-au-cambodge-avec-globalong.jpg","datePublished":"2016-12-30T13:27:17+00:00","dateModified":"2022-04-28T16:52:38+00:00","breadcrumb":{"@id":"https:\/\/www.globalong.com\/blog\/avis-temoignages-globalong\/cambodge-benevolat-action-sociale-stage-enseignement-medical-experience-etranger-projet-volontaire-voyage\/#breadcrumb"},"inLanguage":"fr-FR","potentialAction":[{"@type":"ReadAction","target":["https:\/\/www.globalong.com\/blog\/avis-temoignages-globalong\/cambodge-benevolat-action-sociale-stage-enseignement-medical-experience-etranger-projet-volontaire-voyage\/"]}]},{"@type":"ImageObject","inLanguage":"fr-FR","@id":"https:\/\/www.globalong.com\/blog\/avis-temoignages-globalong\/cambodge-benevolat-action-sociale-stage-enseignement-medical-experience-etranger-projet-volontaire-voyage\/#primaryimage","url":"https:\/\/www.globalong.com\/blog\/wp-content\/uploads\/2016\/12\/be\u0301ne\u0301volat-humanitaire-au-cambodge-avec-globalong.jpg","contentUrl":"https:\/\/www.globalong.com\/blog\/wp-content\/uploads\/2016\/12\/be\u0301ne\u0301volat-humanitaire-au-cambodge-avec-globalong.jpg","width":2048,"height":1152,"caption":"Volontaires internationaux au cambodge - Globalong"},{"@type":"BreadcrumbList","@id":"https:\/\/www.globalong.com\/blog\/avis-temoignages-globalong\/cambodge-benevolat-action-sociale-stage-enseignement-medical-experience-etranger-projet-volontaire-voyage\/#breadcrumb","itemListElement":[{"@type":"ListItem","position":1,"name":"Accueil","item":"https:\/\/www.globalong.com\/blog\/"},{"@type":"ListItem","position":2,"name":"T\u00e9moignages et avis de volontaires Globalong","item":"https:\/\/www.globalong.com\/blog\/avis-temoignages-globalong\/"},{"@type":"ListItem","position":3,"name":"Cambodge &#8211; Florence"}]},{"@type":"WebSite","@id":"https:\/\/www.globalong.com\/blog\/#website","url":"https:\/\/www.globalong.com\/blog\/","name":"https:\/\/www.globalong.com\/","description":"Mission humanitaire, stage \u00e9tudiant et voyage linguistique","publisher":{"@id":"https:\/\/www.globalong.com\/blog\/#organization"},"potentialAction":[{"@type":"SearchAction","target":{"@type":"EntryPoint","urlTemplate":"https:\/\/www.globalong.com\/blog\/?s={search_term_string}"},"query-input":{"@type":"PropertyValueSpecification","valueRequired":true,"valueName":"search_term_string"}}],"inLanguage":"fr-FR"},{"@type":"Organization","@id":"https:\/\/www.globalong.com\/blog\/#organization","name":"Association Globalong","url":"https:\/\/www.globalong.com\/blog\/","logo":{"@type":"ImageObject","inLanguage":"fr-FR","@id":"https:\/\/www.globalong.com\/blog\/#\/schema\/logo\/image\/","url":"https:\/\/www.globalong.com\/blog\/wp-content\/uploads\/2014\/11\/cropped-cropped-Logo-et-Afrique-Globalong-petite-taille-2.jpg","contentUrl":"https:\/\/www.globalong.com\/blog\/wp-content\/uploads\/2014\/11\/cropped-cropped-Logo-et-Afrique-Globalong-petite-taille-2.jpg","width":512,"height":512,"caption":"Association Globalong"},"image":{"@id":"https:\/\/www.globalong.com\/blog\/#\/schema\/logo\/image\/"},"sameAs":["https:\/\/www.facebook.com\/globalong"]}]}},"_links":{"self":[{"href":"https:\/\/www.globalong.com\/blog\/wp-json\/wp\/v2\/pages\/5992"}],"collection":[{"href":"https:\/\/www.globalong.com\/blog\/wp-json\/wp\/v2\/pages"}],"about":[{"href":"https:\/\/www.globalong.com\/blog\/wp-json\/wp\/v2\/types\/page"}],"author":[{"embeddable":true,"href":"https:\/\/www.globalong.com\/blog\/wp-json\/wp\/v2\/users\/3"}],"replies":[{"embeddable":true,"href":"https:\/\/www.globalong.com\/blog\/wp-json\/wp\/v2\/comments?post=5992"}],"version-history":[{"count":13,"href":"https:\/\/www.globalong.com\/blog\/wp-json\/wp\/v2\/pages\/5992\/revisions"}],"predecessor-version":[{"id":14443,"href":"https:\/\/www.globalong.com\/blog\/wp-json\/wp\/v2\/pages\/5992\/revisions\/14443"}],"up":[{"embeddable":true,"href":"https:\/\/www.globalong.com\/blog\/wp-json\/wp\/v2\/pages\/883"}],"wp:featuredmedia":[{"embeddable":true,"href":"https:\/\/www.globalong.com\/blog\/wp-json\/wp\/v2\/media\/5999"}],"wp:attachment":[{"href":"https:\/\/www.globalong.com\/blog\/wp-json\/wp\/v2\/media?parent=5992"}],"curies":[{"name":"wp","href":"https:\/\/api.w.org\/{rel}","templated":true}]}}