{"id":6069,"date":"2017-01-12T15:41:36","date_gmt":"2017-01-12T14:41:36","guid":{"rendered":"https:\/\/www.globalong.com\/blog\/?page_id=6069"},"modified":"2022-04-20T17:13:18","modified_gmt":"2022-04-20T15:13:18","slug":"volontaire-afrique-du-sud-globalong-enfants-action-sociale-benevolat-activites-enseignement-volontaire-humanitaire-anglais","status":"publish","type":"page","link":"https:\/\/www.globalong.com\/blog\/avis-temoignages-globalong\/volontaire-afrique-du-sud-globalong-enfants-action-sociale-benevolat-activites-enseignement-volontaire-humanitaire-anglais\/","title":{"rendered":"Afrique du Sud &#8211; Kalyn"},"content":{"rendered":"<h4 style=\"text-align: center;\"><span style=\"color: #b81657;\"><img loading=\"lazy\" decoding=\"async\" class=\"size-medium wp-image-6070 aligncenter\" src=\"https:\/\/www.globalong.com\/blog\/wp-content\/uploads\/2017\/01\/Be\u0301ne\u0301volat-dans-les-e\u0301coles-sud-africaines-GlobAlong--300x225.jpg\" alt=\"Volontaires en Afrique du Sud - GlobAlong \" width=\"300\" height=\"225\" srcset=\"https:\/\/www.globalong.com\/blog\/wp-content\/uploads\/2017\/01\/Be\u0301ne\u0301volat-dans-les-e\u0301coles-sud-africaines-GlobAlong--300x225.jpg 300w, https:\/\/www.globalong.com\/blog\/wp-content\/uploads\/2017\/01\/Be\u0301ne\u0301volat-dans-les-e\u0301coles-sud-africaines-GlobAlong--768x576.jpg 768w, https:\/\/www.globalong.com\/blog\/wp-content\/uploads\/2017\/01\/Be\u0301ne\u0301volat-dans-les-e\u0301coles-sud-africaines-GlobAlong--1024x768.jpg 1024w, https:\/\/www.globalong.com\/blog\/wp-content\/uploads\/2017\/01\/Be\u0301ne\u0301volat-dans-les-e\u0301coles-sud-africaines-GlobAlong--150x113.jpg 150w, https:\/\/www.globalong.com\/blog\/wp-content\/uploads\/2017\/01\/Be\u0301ne\u0301volat-dans-les-e\u0301coles-sud-africaines-GlobAlong-.jpg 1600w\" sizes=\"(max-width: 300px) 100vw, 300px\" \/>T\u00e9moignage de Kalyn, b\u00e9n\u00e9vole avec GlobAlong en Afrique du Sud.\u00a0<\/span><\/h4>\n<p style=\"text-align: justify;\">Bonjour, je m\u2019appelle Kalyn, j\u2019ai pass\u00e9 5 semaines en Afrique du Sud avec GlobAlong.<br \/>\nJe voulais partir car j&rsquo;ai toujours voulu faire du b\u00e9n\u00e9volat. Je voulais me sentir utile. De plus, cela me permettrait de d\u00e9couvrir un nouveau pays, une nouvelle culture.<\/p>\n<p style=\"text-align: justify;\">Globalong a \u00e9t\u00e9 d&rsquo;une grande aide gr\u00e2ce \u00e0 la r\u00e9activit\u00e9 des r\u00e9ponses qu\u2019ils m\u2019ont donn\u00e9, les programmes qui ne sont pas chers et qui sont complets, mais aussi gr\u00e2ce \u00e0 la d\u00e9couverte de la ville et une bonne prise en charge sur place.<\/p>\n<p style=\"text-align: justify;\"><img loading=\"lazy\" decoding=\"async\" class=\"size-medium wp-image-6074 aligncenter\" src=\"https:\/\/www.globalong.com\/blog\/wp-content\/uploads\/2017\/01\/Be\u0301ne\u0301volat-humanitaire-et-social-en-Afrique-du-Sud-GlobAlong--300x225.jpg\" alt=\"Volontariat en Afrique du Sud - GlobAlong \" width=\"300\" height=\"225\" srcset=\"https:\/\/www.globalong.com\/blog\/wp-content\/uploads\/2017\/01\/Be\u0301ne\u0301volat-humanitaire-et-social-en-Afrique-du-Sud-GlobAlong--300x225.jpg 300w, https:\/\/www.globalong.com\/blog\/wp-content\/uploads\/2017\/01\/Be\u0301ne\u0301volat-humanitaire-et-social-en-Afrique-du-Sud-GlobAlong--768x576.jpg 768w, https:\/\/www.globalong.com\/blog\/wp-content\/uploads\/2017\/01\/Be\u0301ne\u0301volat-humanitaire-et-social-en-Afrique-du-Sud-GlobAlong--1024x768.jpg 1024w, https:\/\/www.globalong.com\/blog\/wp-content\/uploads\/2017\/01\/Be\u0301ne\u0301volat-humanitaire-et-social-en-Afrique-du-Sud-GlobAlong--150x113.jpg 150w, https:\/\/www.globalong.com\/blog\/wp-content\/uploads\/2017\/01\/Be\u0301ne\u0301volat-humanitaire-et-social-en-Afrique-du-Sud-GlobAlong-.jpg 1600w\" sizes=\"(max-width: 300px) 100vw, 300px\" \/>Le professeur \u00e9tait \u00e0 l&rsquo;\u00e9coute et les cours \u00e9taient ludiques. J\u2019ai re\u00e7u un tr\u00e8s bon accueil du personnel enseignant, et nous avons eu la possibilit\u00e9 de proposer certaines activit\u00e9s.<\/p>\n<p style=\"text-align: justify;\">J\u2019ai pu me rendre sur Robben Island, Waterfront, j\u2019ai aussi fait du parapente et mang\u00e9 au restaurant Mama Mia. Pendant mon s\u00e9jour en Afrique du Sud j\u2019ai pu\u00a0assister \u00e0 un concert \u00e0 Kirstenboch, visiter Table Mountain et Boulders Beach. Lors de ma mission de b\u00e9n\u00e9volat, il s&rsquo;av\u00e8re qu&rsquo;il y&rsquo; avait diff\u00e9rents b\u00e9n\u00e9voles venant d&rsquo;Europe et certaines qui parlaient fran\u00e7ais donc on a pu sympathiser et faire des sorties ensembles.<\/p>\n<p style=\"text-align: justify;\"><img loading=\"lazy\" decoding=\"async\" class=\"size-medium wp-image-6076 aligncenter\" src=\"https:\/\/www.globalong.com\/blog\/wp-content\/uploads\/2017\/01\/Action-sociale-projet-de-volontariat-a\u0300-le\u0301tranger-GlobAlong--300x225.jpg\" alt=\"B\u00e9n\u00e9vole en afrique du sud - Globalong \" width=\"300\" height=\"225\" srcset=\"https:\/\/www.globalong.com\/blog\/wp-content\/uploads\/2017\/01\/Action-sociale-projet-de-volontariat-a\u0300-le\u0301tranger-GlobAlong--300x225.jpg 300w, https:\/\/www.globalong.com\/blog\/wp-content\/uploads\/2017\/01\/Action-sociale-projet-de-volontariat-a\u0300-le\u0301tranger-GlobAlong--768x576.jpg 768w, https:\/\/www.globalong.com\/blog\/wp-content\/uploads\/2017\/01\/Action-sociale-projet-de-volontariat-a\u0300-le\u0301tranger-GlobAlong--1024x768.jpg 1024w, https:\/\/www.globalong.com\/blog\/wp-content\/uploads\/2017\/01\/Action-sociale-projet-de-volontariat-a\u0300-le\u0301tranger-GlobAlong--150x113.jpg 150w, https:\/\/www.globalong.com\/blog\/wp-content\/uploads\/2017\/01\/Action-sociale-projet-de-volontariat-a\u0300-le\u0301tranger-GlobAlong-.jpg 1600w\" sizes=\"(max-width: 300px) 100vw, 300px\" \/>Cette exp\u00e9rience permet d&rsquo;ouvrir les yeux sur la chance que l&rsquo;on a mais aussi de d\u00e9couvrir une nouvelle culture et d&rsquo;apprendre comment s&rsquo;adapter \u00e0 nouvel environnement.<\/p>\n<p style=\"text-align: justify;\">En rentrant d\u2019Afrique du Sud, j&rsquo;ai repris mes habitudes, tout en gardant fortement en t\u00eate mon exp\u00e9rience qui pour moi \u00e9tait une chance.<\/p>\n<p style=\"text-align: justify;\">Mon conseil aux futurs volontaires: \u00ab\u00a0Ne laissez pas la peur ou vos appr\u00e9hensions vous bloquer, mais profitez \u00e0 100% de cette aventure unique\u00a0\u00bb.<\/p>\n<p style=\"text-align: justify;\"><img loading=\"lazy\" decoding=\"async\" class=\"size-medium wp-image-6078 aligncenter\" src=\"https:\/\/www.globalong.com\/blog\/wp-content\/uploads\/2017\/01\/Port-de-Cape-Town-GlobAlong-Afrique-du-Sud-300x169.jpg\" alt=\"Volontaire participant \u00e0 un programme de b\u00e9n\u00e9volat en Afrique - GlobAlong\" width=\"300\" height=\"169\" srcset=\"https:\/\/www.globalong.com\/blog\/wp-content\/uploads\/2017\/01\/Port-de-Cape-Town-GlobAlong-Afrique-du-Sud-300x169.jpg 300w, https:\/\/www.globalong.com\/blog\/wp-content\/uploads\/2017\/01\/Port-de-Cape-Town-GlobAlong-Afrique-du-Sud-768x432.jpg 768w, https:\/\/www.globalong.com\/blog\/wp-content\/uploads\/2017\/01\/Port-de-Cape-Town-GlobAlong-Afrique-du-Sud-1024x576.jpg 1024w, https:\/\/www.globalong.com\/blog\/wp-content\/uploads\/2017\/01\/Port-de-Cape-Town-GlobAlong-Afrique-du-Sud-150x84.jpg 150w\" sizes=\"(max-width: 300px) 100vw, 300px\" \/>Une anecdote toute particuli\u00e8re: Certains avaient des pr\u00e9noms demandant une prononciation particuli\u00e8re car ils \u00e9taient en langue Xhosa.<\/p>\n<p style=\"text-align: justify;\">Il y avait un pr\u00e9nom que je n&rsquo;arrivais pas \u00e0 prononcer car cela n\u00e9cessitait de claquer la langue tout en pronon\u00e7ant la premi\u00e8re syllabe du pr\u00e9nom. Les enfants me demandaient donc de le dire souvent, et riaient car je n&rsquo;arrivais pas \u00e0 le prononcer.<\/p>\n<p style=\"text-align: center;\">Pour plus de renseignements, n&rsquo;h\u00e9sitez pas \u00e0 nous contacter \u00e0 l&rsquo;adresse <span style=\"text-decoration: underline;\"><a href=\"mailto:info@globalong.com\">info@globalong.com<\/a><\/span><\/p>\n<p style=\"text-align: center;\"><span style=\"text-decoration: underline;\"><a href=\"https:\/\/www.globalong.com\/sejour-benevolat\/benevolat-afrique-du-sud.html\" target=\"_blank\" rel=\"noopener\">D\u00e9couvrez les programmes de b\u00e9n\u00e9volat en Afrique du Sud\u00a0<\/a><\/span><\/p>\n<p style=\"text-align: center;\"><span style=\"text-decoration: underline;\"><a href=\"https:\/\/www.flickr.com\/photos\/globalong\/albums\/72157640876582423\" target=\"_blank\" rel=\"noopener\">Voir plus de photos des volontaires partis en Afrique du Sud\u00a0<\/a><\/span><\/p>\n","protected":false},"excerpt":{"rendered":"<p>T\u00e9moignage de Kalyn, b\u00e9n\u00e9vole avec GlobAlong en Afrique du Sud.\u00a0 Bonjour, je m\u2019appelle Kalyn, j\u2019ai pass\u00e9 5 semaines en Afrique du Sud avec GlobAlong. Je voulais partir car j&rsquo;ai toujours voulu faire du b\u00e9n\u00e9volat. Je voulais me sentir utile. De plus, cela me permettrait de d\u00e9couvrir un nouveau pays, une nouvelle culture. Globalong a \u00e9t\u00e9 [&hellip;]<\/p>\n","protected":false},"author":3,"featured_media":6847,"parent":883,"menu_order":0,"comment_status":"open","ping_status":"closed","template":"","meta":{"footnotes":""},"yoast_head":"<!-- This site is optimized with the Yoast SEO Premium plugin v23.4 (Yoast SEO v23.4) - https:\/\/yoast.com\/wordpress\/plugins\/seo\/ -->\n<title>Afrique du Sud - Kalyn - Association Globalong<\/title>\n<meta name=\"robots\" content=\"index, follow, max-snippet:-1, max-image-preview:large, max-video-preview:-1\" \/>\n<link rel=\"canonical\" href=\"https:\/\/www.globalong.com\/blog\/avis-temoignages-globalong\/volontaire-afrique-du-sud-globalong-enfants-action-sociale-benevolat-activites-enseignement-volontaire-humanitaire-anglais\/\" \/>\n<meta property=\"og:locale\" content=\"fr_FR\" \/>\n<meta property=\"og:type\" content=\"article\" \/>\n<meta property=\"og:title\" content=\"Afrique du Sud - Kalyn\" \/>\n<meta property=\"og:description\" content=\"T\u00e9moignage de Kalyn, b\u00e9n\u00e9vole avec GlobAlong en Afrique du Sud.\u00a0 Bonjour, je m\u2019appelle Kalyn, j\u2019ai pass\u00e9 5 semaines en Afrique du Sud avec GlobAlong. Je voulais partir car j&rsquo;ai toujours voulu faire du b\u00e9n\u00e9volat. Je voulais me sentir utile. De plus, cela me permettrait de d\u00e9couvrir un nouveau pays, une nouvelle culture. Globalong a \u00e9t\u00e9 [&hellip;]\" \/>\n<meta property=\"og:url\" content=\"https:\/\/www.globalong.com\/blog\/avis-temoignages-globalong\/volontaire-afrique-du-sud-globalong-enfants-action-sociale-benevolat-activites-enseignement-volontaire-humanitaire-anglais\/\" \/>\n<meta property=\"og:site_name\" content=\"Association Globalong\" \/>\n<meta property=\"article:publisher\" content=\"https:\/\/www.facebook.com\/globalong\" \/>\n<meta property=\"article:modified_time\" content=\"2022-04-20T15:13:18+00:00\" \/>\n<meta property=\"og:image\" content=\"https:\/\/www.globalong.com\/blog\/wp-content\/uploads\/2017\/09\/magnifiques-paysages-en-Afrique-Du-Sud-GlobAlong-min.jpg\" \/>\n\t<meta property=\"og:image:width\" content=\"2304\" \/>\n\t<meta property=\"og:image:height\" content=\"4096\" \/>\n\t<meta property=\"og:image:type\" content=\"image\/jpeg\" \/>\n<meta name=\"twitter:card\" content=\"summary_large_image\" \/>\n<meta name=\"twitter:label1\" content=\"Dur\u00e9e de lecture estim\u00e9e\" \/>\n\t<meta name=\"twitter:data1\" content=\"2 minutes\" \/>\n<script type=\"application\/ld+json\" class=\"yoast-schema-graph\">{\"@context\":\"https:\/\/schema.org\",\"@graph\":[{\"@type\":\"WebPage\",\"@id\":\"https:\/\/www.globalong.com\/blog\/avis-temoignages-globalong\/volontaire-afrique-du-sud-globalong-enfants-action-sociale-benevolat-activites-enseignement-volontaire-humanitaire-anglais\/\",\"url\":\"https:\/\/www.globalong.com\/blog\/avis-temoignages-globalong\/volontaire-afrique-du-sud-globalong-enfants-action-sociale-benevolat-activites-enseignement-volontaire-humanitaire-anglais\/\",\"name\":\"Afrique du Sud - Kalyn - Association Globalong\",\"isPartOf\":{\"@id\":\"https:\/\/www.globalong.com\/blog\/#website\"},\"primaryImageOfPage\":{\"@id\":\"https:\/\/www.globalong.com\/blog\/avis-temoignages-globalong\/volontaire-afrique-du-sud-globalong-enfants-action-sociale-benevolat-activites-enseignement-volontaire-humanitaire-anglais\/#primaryimage\"},\"image\":{\"@id\":\"https:\/\/www.globalong.com\/blog\/avis-temoignages-globalong\/volontaire-afrique-du-sud-globalong-enfants-action-sociale-benevolat-activites-enseignement-volontaire-humanitaire-anglais\/#primaryimage\"},\"thumbnailUrl\":\"https:\/\/www.globalong.com\/blog\/wp-content\/uploads\/2017\/09\/magnifiques-paysages-en-Afrique-Du-Sud-GlobAlong-min.jpg\",\"datePublished\":\"2017-01-12T14:41:36+00:00\",\"dateModified\":\"2022-04-20T15:13:18+00:00\",\"breadcrumb\":{\"@id\":\"https:\/\/www.globalong.com\/blog\/avis-temoignages-globalong\/volontaire-afrique-du-sud-globalong-enfants-action-sociale-benevolat-activites-enseignement-volontaire-humanitaire-anglais\/#breadcrumb\"},\"inLanguage\":\"fr-FR\",\"potentialAction\":[{\"@type\":\"ReadAction\",\"target\":[\"https:\/\/www.globalong.com\/blog\/avis-temoignages-globalong\/volontaire-afrique-du-sud-globalong-enfants-action-sociale-benevolat-activites-enseignement-volontaire-humanitaire-anglais\/\"]}]},{\"@type\":\"ImageObject\",\"inLanguage\":\"fr-FR\",\"@id\":\"https:\/\/www.globalong.com\/blog\/avis-temoignages-globalong\/volontaire-afrique-du-sud-globalong-enfants-action-sociale-benevolat-activites-enseignement-volontaire-humanitaire-anglais\/#primaryimage\",\"url\":\"https:\/\/www.globalong.com\/blog\/wp-content\/uploads\/2017\/09\/magnifiques-paysages-en-Afrique-Du-Sud-GlobAlong-min.jpg\",\"contentUrl\":\"https:\/\/www.globalong.com\/blog\/wp-content\/uploads\/2017\/09\/magnifiques-paysages-en-Afrique-Du-Sud-GlobAlong-min.jpg\",\"width\":2304,\"height\":4096,\"caption\":\"volontariat en afrique du sud - GlobAlong\"},{\"@type\":\"BreadcrumbList\",\"@id\":\"https:\/\/www.globalong.com\/blog\/avis-temoignages-globalong\/volontaire-afrique-du-sud-globalong-enfants-action-sociale-benevolat-activites-enseignement-volontaire-humanitaire-anglais\/#breadcrumb\",\"itemListElement\":[{\"@type\":\"ListItem\",\"position\":1,\"name\":\"Accueil\",\"item\":\"https:\/\/www.globalong.com\/blog\/\"},{\"@type\":\"ListItem\",\"position\":2,\"name\":\"T\u00e9moignages et avis de volontaires Globalong\",\"item\":\"https:\/\/www.globalong.com\/blog\/avis-temoignages-globalong\/\"},{\"@type\":\"ListItem\",\"position\":3,\"name\":\"Afrique du Sud &#8211; Kalyn\"}]},{\"@type\":\"WebSite\",\"@id\":\"https:\/\/www.globalong.com\/blog\/#website\",\"url\":\"https:\/\/www.globalong.com\/blog\/\",\"name\":\"https:\/\/www.globalong.com\/\",\"description\":\"Mission humanitaire, stage \u00e9tudiant et voyage linguistique\",\"publisher\":{\"@id\":\"https:\/\/www.globalong.com\/blog\/#organization\"},\"potentialAction\":[{\"@type\":\"SearchAction\",\"target\":{\"@type\":\"EntryPoint\",\"urlTemplate\":\"https:\/\/www.globalong.com\/blog\/?s={search_term_string}\"},\"query-input\":{\"@type\":\"PropertyValueSpecification\",\"valueRequired\":true,\"valueName\":\"search_term_string\"}}],\"inLanguage\":\"fr-FR\"},{\"@type\":\"Organization\",\"@id\":\"https:\/\/www.globalong.com\/blog\/#organization\",\"name\":\"Association Globalong\",\"url\":\"https:\/\/www.globalong.com\/blog\/\",\"logo\":{\"@type\":\"ImageObject\",\"inLanguage\":\"fr-FR\",\"@id\":\"https:\/\/www.globalong.com\/blog\/#\/schema\/logo\/image\/\",\"url\":\"https:\/\/www.globalong.com\/blog\/wp-content\/uploads\/2014\/11\/cropped-cropped-Logo-et-Afrique-Globalong-petite-taille-2.jpg\",\"contentUrl\":\"https:\/\/www.globalong.com\/blog\/wp-content\/uploads\/2014\/11\/cropped-cropped-Logo-et-Afrique-Globalong-petite-taille-2.jpg\",\"width\":512,\"height\":512,\"caption\":\"Association Globalong\"},\"image\":{\"@id\":\"https:\/\/www.globalong.com\/blog\/#\/schema\/logo\/image\/\"},\"sameAs\":[\"https:\/\/www.facebook.com\/globalong\"]}]}<\/script>\n<!-- \/ Yoast SEO Premium plugin. -->","yoast_head_json":{"title":"Afrique du Sud - Kalyn - Association Globalong","robots":{"index":"index","follow":"follow","max-snippet":"max-snippet:-1","max-image-preview":"max-image-preview:large","max-video-preview":"max-video-preview:-1"},"canonical":"https:\/\/www.globalong.com\/blog\/avis-temoignages-globalong\/volontaire-afrique-du-sud-globalong-enfants-action-sociale-benevolat-activites-enseignement-volontaire-humanitaire-anglais\/","og_locale":"fr_FR","og_type":"article","og_title":"Afrique du Sud - Kalyn","og_description":"T\u00e9moignage de Kalyn, b\u00e9n\u00e9vole avec GlobAlong en Afrique du Sud.\u00a0 Bonjour, je m\u2019appelle Kalyn, j\u2019ai pass\u00e9 5 semaines en Afrique du Sud avec GlobAlong. Je voulais partir car j&rsquo;ai toujours voulu faire du b\u00e9n\u00e9volat. Je voulais me sentir utile. De plus, cela me permettrait de d\u00e9couvrir un nouveau pays, une nouvelle culture. Globalong a \u00e9t\u00e9 [&hellip;]","og_url":"https:\/\/www.globalong.com\/blog\/avis-temoignages-globalong\/volontaire-afrique-du-sud-globalong-enfants-action-sociale-benevolat-activites-enseignement-volontaire-humanitaire-anglais\/","og_site_name":"Association Globalong","article_publisher":"https:\/\/www.facebook.com\/globalong","article_modified_time":"2022-04-20T15:13:18+00:00","og_image":[{"width":2304,"height":4096,"url":"https:\/\/www.globalong.com\/blog\/wp-content\/uploads\/2017\/09\/magnifiques-paysages-en-Afrique-Du-Sud-GlobAlong-min.jpg","type":"image\/jpeg"}],"twitter_card":"summary_large_image","twitter_misc":{"Dur\u00e9e de lecture estim\u00e9e":"2 minutes"},"schema":{"@context":"https:\/\/schema.org","@graph":[{"@type":"WebPage","@id":"https:\/\/www.globalong.com\/blog\/avis-temoignages-globalong\/volontaire-afrique-du-sud-globalong-enfants-action-sociale-benevolat-activites-enseignement-volontaire-humanitaire-anglais\/","url":"https:\/\/www.globalong.com\/blog\/avis-temoignages-globalong\/volontaire-afrique-du-sud-globalong-enfants-action-sociale-benevolat-activites-enseignement-volontaire-humanitaire-anglais\/","name":"Afrique du Sud - Kalyn - Association Globalong","isPartOf":{"@id":"https:\/\/www.globalong.com\/blog\/#website"},"primaryImageOfPage":{"@id":"https:\/\/www.globalong.com\/blog\/avis-temoignages-globalong\/volontaire-afrique-du-sud-globalong-enfants-action-sociale-benevolat-activites-enseignement-volontaire-humanitaire-anglais\/#primaryimage"},"image":{"@id":"https:\/\/www.globalong.com\/blog\/avis-temoignages-globalong\/volontaire-afrique-du-sud-globalong-enfants-action-sociale-benevolat-activites-enseignement-volontaire-humanitaire-anglais\/#primaryimage"},"thumbnailUrl":"https:\/\/www.globalong.com\/blog\/wp-content\/uploads\/2017\/09\/magnifiques-paysages-en-Afrique-Du-Sud-GlobAlong-min.jpg","datePublished":"2017-01-12T14:41:36+00:00","dateModified":"2022-04-20T15:13:18+00:00","breadcrumb":{"@id":"https:\/\/www.globalong.com\/blog\/avis-temoignages-globalong\/volontaire-afrique-du-sud-globalong-enfants-action-sociale-benevolat-activites-enseignement-volontaire-humanitaire-anglais\/#breadcrumb"},"inLanguage":"fr-FR","potentialAction":[{"@type":"ReadAction","target":["https:\/\/www.globalong.com\/blog\/avis-temoignages-globalong\/volontaire-afrique-du-sud-globalong-enfants-action-sociale-benevolat-activites-enseignement-volontaire-humanitaire-anglais\/"]}]},{"@type":"ImageObject","inLanguage":"fr-FR","@id":"https:\/\/www.globalong.com\/blog\/avis-temoignages-globalong\/volontaire-afrique-du-sud-globalong-enfants-action-sociale-benevolat-activites-enseignement-volontaire-humanitaire-anglais\/#primaryimage","url":"https:\/\/www.globalong.com\/blog\/wp-content\/uploads\/2017\/09\/magnifiques-paysages-en-Afrique-Du-Sud-GlobAlong-min.jpg","contentUrl":"https:\/\/www.globalong.com\/blog\/wp-content\/uploads\/2017\/09\/magnifiques-paysages-en-Afrique-Du-Sud-GlobAlong-min.jpg","width":2304,"height":4096,"caption":"volontariat en afrique du sud - GlobAlong"},{"@type":"BreadcrumbList","@id":"https:\/\/www.globalong.com\/blog\/avis-temoignages-globalong\/volontaire-afrique-du-sud-globalong-enfants-action-sociale-benevolat-activites-enseignement-volontaire-humanitaire-anglais\/#breadcrumb","itemListElement":[{"@type":"ListItem","position":1,"name":"Accueil","item":"https:\/\/www.globalong.com\/blog\/"},{"@type":"ListItem","position":2,"name":"T\u00e9moignages et avis de volontaires Globalong","item":"https:\/\/www.globalong.com\/blog\/avis-temoignages-globalong\/"},{"@type":"ListItem","position":3,"name":"Afrique du Sud &#8211; Kalyn"}]},{"@type":"WebSite","@id":"https:\/\/www.globalong.com\/blog\/#website","url":"https:\/\/www.globalong.com\/blog\/","name":"https:\/\/www.globalong.com\/","description":"Mission humanitaire, stage \u00e9tudiant et voyage linguistique","publisher":{"@id":"https:\/\/www.globalong.com\/blog\/#organization"},"potentialAction":[{"@type":"SearchAction","target":{"@type":"EntryPoint","urlTemplate":"https:\/\/www.globalong.com\/blog\/?s={search_term_string}"},"query-input":{"@type":"PropertyValueSpecification","valueRequired":true,"valueName":"search_term_string"}}],"inLanguage":"fr-FR"},{"@type":"Organization","@id":"https:\/\/www.globalong.com\/blog\/#organization","name":"Association Globalong","url":"https:\/\/www.globalong.com\/blog\/","logo":{"@type":"ImageObject","inLanguage":"fr-FR","@id":"https:\/\/www.globalong.com\/blog\/#\/schema\/logo\/image\/","url":"https:\/\/www.globalong.com\/blog\/wp-content\/uploads\/2014\/11\/cropped-cropped-Logo-et-Afrique-Globalong-petite-taille-2.jpg","contentUrl":"https:\/\/www.globalong.com\/blog\/wp-content\/uploads\/2014\/11\/cropped-cropped-Logo-et-Afrique-Globalong-petite-taille-2.jpg","width":512,"height":512,"caption":"Association Globalong"},"image":{"@id":"https:\/\/www.globalong.com\/blog\/#\/schema\/logo\/image\/"},"sameAs":["https:\/\/www.facebook.com\/globalong"]}]}},"_links":{"self":[{"href":"https:\/\/www.globalong.com\/blog\/wp-json\/wp\/v2\/pages\/6069"}],"collection":[{"href":"https:\/\/www.globalong.com\/blog\/wp-json\/wp\/v2\/pages"}],"about":[{"href":"https:\/\/www.globalong.com\/blog\/wp-json\/wp\/v2\/types\/page"}],"author":[{"embeddable":true,"href":"https:\/\/www.globalong.com\/blog\/wp-json\/wp\/v2\/users\/3"}],"replies":[{"embeddable":true,"href":"https:\/\/www.globalong.com\/blog\/wp-json\/wp\/v2\/comments?post=6069"}],"version-history":[{"count":8,"href":"https:\/\/www.globalong.com\/blog\/wp-json\/wp\/v2\/pages\/6069\/revisions"}],"predecessor-version":[{"id":14388,"href":"https:\/\/www.globalong.com\/blog\/wp-json\/wp\/v2\/pages\/6069\/revisions\/14388"}],"up":[{"embeddable":true,"href":"https:\/\/www.globalong.com\/blog\/wp-json\/wp\/v2\/pages\/883"}],"wp:featuredmedia":[{"embeddable":true,"href":"https:\/\/www.globalong.com\/blog\/wp-json\/wp\/v2\/media\/6847"}],"wp:attachment":[{"href":"https:\/\/www.globalong.com\/blog\/wp-json\/wp\/v2\/media?parent=6069"}],"curies":[{"name":"wp","href":"https:\/\/api.w.org\/{rel}","templated":true}]}}