{"id":6253,"date":"2017-03-14T16:33:28","date_gmt":"2017-03-14T15:33:28","guid":{"rendered":"https:\/\/www.globalong.com\/blog\/?page_id=6253"},"modified":"2022-04-20T17:06:53","modified_gmt":"2022-04-20T15:06:53","slug":"apprendre-anglais-ecole-langue-afrique-du-sud-sejour-linguistique-benevolat-handicap-autisme-cape-town-famille-accueil","status":"publish","type":"page","link":"https:\/\/www.globalong.com\/blog\/avis-temoignages-globalong\/apprendre-anglais-ecole-langue-afrique-du-sud-sejour-linguistique-benevolat-handicap-autisme-cape-town-famille-accueil\/","title":{"rendered":"Afrique du Sud &#8211; Elodie T"},"content":{"rendered":"<p style=\"text-align: center;\"><strong><span style=\"color: #b81657;\">T\u00e9moignage d&rsquo;Elodie, b\u00e9n\u00e9vole avec GlobAlong en Afrique du Sud.\u00a0<\/span><\/strong><\/p>\n<p style=\"text-align: justify;\"><img loading=\"lazy\" decoding=\"async\" class=\"wp-image-6254 size-medium aligncenter\" src=\"https:\/\/www.globalong.com\/blog\/wp-content\/uploads\/2017\/03\/plages-afrique-du-Sud-GlobAlong--300x169.jpg\" alt=\"Programme de b\u00e9n\u00e9volat - Afrique \" width=\"300\" height=\"169\" srcset=\"https:\/\/www.globalong.com\/blog\/wp-content\/uploads\/2017\/03\/plages-afrique-du-Sud-GlobAlong--300x169.jpg 300w, https:\/\/www.globalong.com\/blog\/wp-content\/uploads\/2017\/03\/plages-afrique-du-Sud-GlobAlong--768x432.jpg 768w, https:\/\/www.globalong.com\/blog\/wp-content\/uploads\/2017\/03\/plages-afrique-du-Sud-GlobAlong--1024x576.jpg 1024w, https:\/\/www.globalong.com\/blog\/wp-content\/uploads\/2017\/03\/plages-afrique-du-Sud-GlobAlong--150x84.jpg 150w\" sizes=\"(max-width: 300px) 100vw, 300px\" \/>Bonjour,<\/p>\n<p style=\"text-align: justify;\">Me voil\u00e0 \u00e0 Cap town effectivement depuis une semaine&#8230; d\u00e9j\u00e0!<\/p>\n<p style=\"text-align: justify;\">Je vis une exp\u00e9rience tr\u00e8s enrichissante, qui correspond tout \u00e0 fait \u00e0 mes attentes. Les premiers jours ont \u00e9t\u00e9 soutenus car j&rsquo;avais beaucoup \u00e0 int\u00e9grer.<\/p>\n<p style=\"text-align: justify;\">Dimanche, j\u2019ai \u00e9t\u00e9 accueillie par Gina, qui est ma \u00ab\u00a0m\u00e8re d&rsquo;accueil\u00a0\u00bb.<\/p>\n<p style=\"text-align: justify;\"><img loading=\"lazy\" decoding=\"async\" class=\"size-medium wp-image-6257 aligncenter\" src=\"https:\/\/www.globalong.com\/blog\/wp-content\/uploads\/2017\/03\/point-de-vue-sud-africain-GlobAlong--300x169.jpg\" alt=\"B\u00e9n\u00e9volat et cours d'anglais en Afrique du sud - GlobAlong \" width=\"300\" height=\"169\" srcset=\"https:\/\/www.globalong.com\/blog\/wp-content\/uploads\/2017\/03\/point-de-vue-sud-africain-GlobAlong--300x169.jpg 300w, https:\/\/www.globalong.com\/blog\/wp-content\/uploads\/2017\/03\/point-de-vue-sud-africain-GlobAlong--768x432.jpg 768w, https:\/\/www.globalong.com\/blog\/wp-content\/uploads\/2017\/03\/point-de-vue-sud-africain-GlobAlong--1024x576.jpg 1024w, https:\/\/www.globalong.com\/blog\/wp-content\/uploads\/2017\/03\/point-de-vue-sud-africain-GlobAlong--150x84.jpg 150w\" sizes=\"(max-width: 300px) 100vw, 300px\" \/>C\u2019est une dame tr\u00e8s avenante, qui a pris le temps de m\u2019expliquer les r\u00e8gles de vie des locaux et qui a tout fait pour que je sois correctement install\u00e9e dans sa maison. J\u2019ai \u00e9galement fait la connaissance de Florian, un \u00e9tudiant qui partage avec moi le logement .<\/p>\n<p style=\"text-align: justify;\">Lundi j\u2019ai int\u00e9gr\u00e9 l&rsquo;\u00e9cole dans la classe de niveau interm\u00e9diaire. C&rsquo;est un groupe tr\u00e8s \u00ab\u00a0funny\u00a0\u00bb et les cours sont agr\u00e9ables. J\u2019ai \u00e9galement fait la connaissance de Carmelita, qui est ma prof d&rsquo;anglais en cours particuliers.<\/p>\n<p style=\"text-align: justify;\"><img loading=\"lazy\" decoding=\"async\" class=\"wp-image-6259 aligncenter\" src=\"https:\/\/www.globalong.com\/blog\/wp-content\/uploads\/2017\/03\/Musique-en-Afrique-du-Sud-GlobAlong--225x300.png\" alt=\"Programme de langue et b\u00e9n\u00e9volat en Afrique du Sud - GlobAlong \" width=\"300\" height=\"401\" srcset=\"https:\/\/www.globalong.com\/blog\/wp-content\/uploads\/2017\/03\/Musique-en-Afrique-du-Sud-GlobAlong--225x300.png 225w, https:\/\/www.globalong.com\/blog\/wp-content\/uploads\/2017\/03\/Musique-en-Afrique-du-Sud-GlobAlong--112x150.png 112w, https:\/\/www.globalong.com\/blog\/wp-content\/uploads\/2017\/03\/Musique-en-Afrique-du-Sud-GlobAlong-.png 720w\" sizes=\"(max-width: 300px) 100vw, 300px\" \/>Aussi, Manya m\u2019a fait visiter l&rsquo;\u00e9cole pour enfants autistes que j\u2019int\u00e9grerais la semaine prochaine pour mon b\u00e9n\u00e9volat&#8230;. Bref, une semaine tr\u00e8s riche en rencontre, en exp\u00e9rience et la bonne nouvelle : je constate d\u00e9j\u00e0 des progr\u00e8s dans mon anglais ! \ud83d\ude42 Cette aventure passe \u00e0 une vitesse folle&#8230;<br \/>\nCe week-end a \u00e9t\u00e9 l\u2019occasion pour moi de faire quelques visites &#8230; le cap est une ville singuli\u00e8re, pleine de diversit\u00e9s naturelles, culturelles, sociales&#8230; que je suis heureuse d&rsquo;apprendre \u00e0 conna\u00eetre !<\/p>\n<p style=\"text-align: justify;\">Merci \u00e0 vous de m\u2019accompagner dans cette exp\u00e9rience !<\/p>\n<p style=\"text-align: justify;\">Elodie<\/p>\n<p style=\"text-align: justify;\">Pour d\u00e9couvrir plus de photos de l\u2019Afrique du Sud, cliquez <span style=\"text-decoration: underline; color: #b81657;\"><a style=\"color: #b81657; text-decoration: underline;\" href=\"https:\/\/www.flickr.com\/photos\/globalong\/albums\/72157640876582423\/with\/22883133392\/\" target=\"_blank\" rel=\"noopener\">ici<\/a><\/span> !<\/p>\n<p style=\"text-align: justify;\">Pour en savoir plus sur le programme de b\u00e9n\u00e9volat en Afrique du Sud, <span style=\"text-decoration: underline;\"><span style=\"color: #b81657;\"><a style=\"color: #b81657; text-decoration: underline;\" href=\"https:\/\/www.globalong.com\/sejour-benevolat\/benevolat-afrique-du-sud.html\">cliquez ici<\/a><\/span><\/span>\u00a0!<\/p>\n<p style=\"text-align: justify;\">N\u2019h\u00e9sitez pas \u00e0 nous contacter pour plus d\u2019informations \u00e0 <span style=\"text-decoration: underline; color: #b81657;\"><a style=\"color: #b81657; text-decoration: underline;\" href=\"mailto:info@globalong.com\">info@globalong.com<\/a><\/span><\/p>\n","protected":false},"excerpt":{"rendered":"<p>T\u00e9moignage d&rsquo;Elodie, b\u00e9n\u00e9vole avec GlobAlong en Afrique du Sud.\u00a0 Bonjour, Me voil\u00e0 \u00e0 Cap town effectivement depuis une semaine&#8230; d\u00e9j\u00e0! Je vis une exp\u00e9rience tr\u00e8s enrichissante, qui correspond tout \u00e0 fait \u00e0 mes attentes. Les premiers jours ont \u00e9t\u00e9 soutenus car j&rsquo;avais beaucoup \u00e0 int\u00e9grer. Dimanche, j\u2019ai \u00e9t\u00e9 accueillie par Gina, qui est ma \u00ab\u00a0m\u00e8re [&hellip;]<\/p>\n","protected":false},"author":3,"featured_media":5135,"parent":883,"menu_order":0,"comment_status":"open","ping_status":"closed","template":"","meta":{"footnotes":""},"yoast_head":"<!-- This site is optimized with the Yoast SEO Premium plugin v23.4 (Yoast SEO v23.4) - https:\/\/yoast.com\/wordpress\/plugins\/seo\/ -->\n<title>Afrique du Sud - Elodie T - Association Globalong<\/title>\n<meta name=\"robots\" content=\"index, follow, max-snippet:-1, max-image-preview:large, max-video-preview:-1\" \/>\n<link rel=\"canonical\" href=\"https:\/\/www.globalong.com\/blog\/avis-temoignages-globalong\/apprendre-anglais-ecole-langue-afrique-du-sud-sejour-linguistique-benevolat-handicap-autisme-cape-town-famille-accueil\/\" \/>\n<meta property=\"og:locale\" content=\"fr_FR\" \/>\n<meta property=\"og:type\" content=\"article\" \/>\n<meta property=\"og:title\" content=\"Afrique du Sud - Elodie T\" \/>\n<meta property=\"og:description\" content=\"T\u00e9moignage d&rsquo;Elodie, b\u00e9n\u00e9vole avec GlobAlong en Afrique du Sud.\u00a0 Bonjour, Me voil\u00e0 \u00e0 Cap town effectivement depuis une semaine&#8230; d\u00e9j\u00e0! Je vis une exp\u00e9rience tr\u00e8s enrichissante, qui correspond tout \u00e0 fait \u00e0 mes attentes. Les premiers jours ont \u00e9t\u00e9 soutenus car j&rsquo;avais beaucoup \u00e0 int\u00e9grer. Dimanche, j\u2019ai \u00e9t\u00e9 accueillie par Gina, qui est ma \u00ab\u00a0m\u00e8re [&hellip;]\" \/>\n<meta property=\"og:url\" content=\"https:\/\/www.globalong.com\/blog\/avis-temoignages-globalong\/apprendre-anglais-ecole-langue-afrique-du-sud-sejour-linguistique-benevolat-handicap-autisme-cape-town-famille-accueil\/\" \/>\n<meta property=\"og:site_name\" content=\"Association Globalong\" \/>\n<meta property=\"article:publisher\" content=\"https:\/\/www.facebook.com\/globalong\" \/>\n<meta property=\"article:modified_time\" content=\"2022-04-20T15:06:53+00:00\" \/>\n<meta property=\"og:image\" content=\"https:\/\/www.globalong.com\/blog\/wp-content\/uploads\/2016\/01\/Elodie-AFS.jpeg\" \/>\n\t<meta property=\"og:image:width\" content=\"425\" \/>\n\t<meta property=\"og:image:height\" content=\"423\" \/>\n\t<meta property=\"og:image:type\" content=\"image\/jpeg\" \/>\n<meta name=\"twitter:card\" content=\"summary_large_image\" \/>\n<meta name=\"twitter:label1\" content=\"Dur\u00e9e de lecture estim\u00e9e\" \/>\n\t<meta name=\"twitter:data1\" content=\"1 minute\" \/>\n<script type=\"application\/ld+json\" class=\"yoast-schema-graph\">{\"@context\":\"https:\/\/schema.org\",\"@graph\":[{\"@type\":\"WebPage\",\"@id\":\"https:\/\/www.globalong.com\/blog\/avis-temoignages-globalong\/apprendre-anglais-ecole-langue-afrique-du-sud-sejour-linguistique-benevolat-handicap-autisme-cape-town-famille-accueil\/\",\"url\":\"https:\/\/www.globalong.com\/blog\/avis-temoignages-globalong\/apprendre-anglais-ecole-langue-afrique-du-sud-sejour-linguistique-benevolat-handicap-autisme-cape-town-famille-accueil\/\",\"name\":\"Afrique du Sud - Elodie T - Association Globalong\",\"isPartOf\":{\"@id\":\"https:\/\/www.globalong.com\/blog\/#website\"},\"primaryImageOfPage\":{\"@id\":\"https:\/\/www.globalong.com\/blog\/avis-temoignages-globalong\/apprendre-anglais-ecole-langue-afrique-du-sud-sejour-linguistique-benevolat-handicap-autisme-cape-town-famille-accueil\/#primaryimage\"},\"image\":{\"@id\":\"https:\/\/www.globalong.com\/blog\/avis-temoignages-globalong\/apprendre-anglais-ecole-langue-afrique-du-sud-sejour-linguistique-benevolat-handicap-autisme-cape-town-famille-accueil\/#primaryimage\"},\"thumbnailUrl\":\"https:\/\/www.globalong.com\/blog\/wp-content\/uploads\/2016\/01\/Elodie-AFS.jpeg\",\"datePublished\":\"2017-03-14T15:33:28+00:00\",\"dateModified\":\"2022-04-20T15:06:53+00:00\",\"breadcrumb\":{\"@id\":\"https:\/\/www.globalong.com\/blog\/avis-temoignages-globalong\/apprendre-anglais-ecole-langue-afrique-du-sud-sejour-linguistique-benevolat-handicap-autisme-cape-town-famille-accueil\/#breadcrumb\"},\"inLanguage\":\"fr-FR\",\"potentialAction\":[{\"@type\":\"ReadAction\",\"target\":[\"https:\/\/www.globalong.com\/blog\/avis-temoignages-globalong\/apprendre-anglais-ecole-langue-afrique-du-sud-sejour-linguistique-benevolat-handicap-autisme-cape-town-famille-accueil\/\"]}]},{\"@type\":\"ImageObject\",\"inLanguage\":\"fr-FR\",\"@id\":\"https:\/\/www.globalong.com\/blog\/avis-temoignages-globalong\/apprendre-anglais-ecole-langue-afrique-du-sud-sejour-linguistique-benevolat-handicap-autisme-cape-town-famille-accueil\/#primaryimage\",\"url\":\"https:\/\/www.globalong.com\/blog\/wp-content\/uploads\/2016\/01\/Elodie-AFS.jpeg\",\"contentUrl\":\"https:\/\/www.globalong.com\/blog\/wp-content\/uploads\/2016\/01\/Elodie-AFS.jpeg\",\"width\":425,\"height\":423,\"caption\":\"Globalong t\u00e9moignage\"},{\"@type\":\"BreadcrumbList\",\"@id\":\"https:\/\/www.globalong.com\/blog\/avis-temoignages-globalong\/apprendre-anglais-ecole-langue-afrique-du-sud-sejour-linguistique-benevolat-handicap-autisme-cape-town-famille-accueil\/#breadcrumb\",\"itemListElement\":[{\"@type\":\"ListItem\",\"position\":1,\"name\":\"Accueil\",\"item\":\"https:\/\/www.globalong.com\/blog\/\"},{\"@type\":\"ListItem\",\"position\":2,\"name\":\"T\u00e9moignages et avis de volontaires Globalong\",\"item\":\"https:\/\/www.globalong.com\/blog\/avis-temoignages-globalong\/\"},{\"@type\":\"ListItem\",\"position\":3,\"name\":\"Afrique du Sud &#8211; Elodie T\"}]},{\"@type\":\"WebSite\",\"@id\":\"https:\/\/www.globalong.com\/blog\/#website\",\"url\":\"https:\/\/www.globalong.com\/blog\/\",\"name\":\"https:\/\/www.globalong.com\/\",\"description\":\"Mission humanitaire, stage \u00e9tudiant et voyage linguistique\",\"publisher\":{\"@id\":\"https:\/\/www.globalong.com\/blog\/#organization\"},\"potentialAction\":[{\"@type\":\"SearchAction\",\"target\":{\"@type\":\"EntryPoint\",\"urlTemplate\":\"https:\/\/www.globalong.com\/blog\/?s={search_term_string}\"},\"query-input\":{\"@type\":\"PropertyValueSpecification\",\"valueRequired\":true,\"valueName\":\"search_term_string\"}}],\"inLanguage\":\"fr-FR\"},{\"@type\":\"Organization\",\"@id\":\"https:\/\/www.globalong.com\/blog\/#organization\",\"name\":\"Association Globalong\",\"url\":\"https:\/\/www.globalong.com\/blog\/\",\"logo\":{\"@type\":\"ImageObject\",\"inLanguage\":\"fr-FR\",\"@id\":\"https:\/\/www.globalong.com\/blog\/#\/schema\/logo\/image\/\",\"url\":\"https:\/\/www.globalong.com\/blog\/wp-content\/uploads\/2014\/11\/cropped-cropped-Logo-et-Afrique-Globalong-petite-taille-2.jpg\",\"contentUrl\":\"https:\/\/www.globalong.com\/blog\/wp-content\/uploads\/2014\/11\/cropped-cropped-Logo-et-Afrique-Globalong-petite-taille-2.jpg\",\"width\":512,\"height\":512,\"caption\":\"Association Globalong\"},\"image\":{\"@id\":\"https:\/\/www.globalong.com\/blog\/#\/schema\/logo\/image\/\"},\"sameAs\":[\"https:\/\/www.facebook.com\/globalong\"]}]}<\/script>\n<!-- \/ Yoast SEO Premium plugin. -->","yoast_head_json":{"title":"Afrique du Sud - Elodie T - Association Globalong","robots":{"index":"index","follow":"follow","max-snippet":"max-snippet:-1","max-image-preview":"max-image-preview:large","max-video-preview":"max-video-preview:-1"},"canonical":"https:\/\/www.globalong.com\/blog\/avis-temoignages-globalong\/apprendre-anglais-ecole-langue-afrique-du-sud-sejour-linguistique-benevolat-handicap-autisme-cape-town-famille-accueil\/","og_locale":"fr_FR","og_type":"article","og_title":"Afrique du Sud - Elodie T","og_description":"T\u00e9moignage d&rsquo;Elodie, b\u00e9n\u00e9vole avec GlobAlong en Afrique du Sud.\u00a0 Bonjour, Me voil\u00e0 \u00e0 Cap town effectivement depuis une semaine&#8230; d\u00e9j\u00e0! Je vis une exp\u00e9rience tr\u00e8s enrichissante, qui correspond tout \u00e0 fait \u00e0 mes attentes. Les premiers jours ont \u00e9t\u00e9 soutenus car j&rsquo;avais beaucoup \u00e0 int\u00e9grer. Dimanche, j\u2019ai \u00e9t\u00e9 accueillie par Gina, qui est ma \u00ab\u00a0m\u00e8re [&hellip;]","og_url":"https:\/\/www.globalong.com\/blog\/avis-temoignages-globalong\/apprendre-anglais-ecole-langue-afrique-du-sud-sejour-linguistique-benevolat-handicap-autisme-cape-town-famille-accueil\/","og_site_name":"Association Globalong","article_publisher":"https:\/\/www.facebook.com\/globalong","article_modified_time":"2022-04-20T15:06:53+00:00","og_image":[{"width":425,"height":423,"url":"https:\/\/www.globalong.com\/blog\/wp-content\/uploads\/2016\/01\/Elodie-AFS.jpeg","type":"image\/jpeg"}],"twitter_card":"summary_large_image","twitter_misc":{"Dur\u00e9e de lecture estim\u00e9e":"1 minute"},"schema":{"@context":"https:\/\/schema.org","@graph":[{"@type":"WebPage","@id":"https:\/\/www.globalong.com\/blog\/avis-temoignages-globalong\/apprendre-anglais-ecole-langue-afrique-du-sud-sejour-linguistique-benevolat-handicap-autisme-cape-town-famille-accueil\/","url":"https:\/\/www.globalong.com\/blog\/avis-temoignages-globalong\/apprendre-anglais-ecole-langue-afrique-du-sud-sejour-linguistique-benevolat-handicap-autisme-cape-town-famille-accueil\/","name":"Afrique du Sud - Elodie T - Association Globalong","isPartOf":{"@id":"https:\/\/www.globalong.com\/blog\/#website"},"primaryImageOfPage":{"@id":"https:\/\/www.globalong.com\/blog\/avis-temoignages-globalong\/apprendre-anglais-ecole-langue-afrique-du-sud-sejour-linguistique-benevolat-handicap-autisme-cape-town-famille-accueil\/#primaryimage"},"image":{"@id":"https:\/\/www.globalong.com\/blog\/avis-temoignages-globalong\/apprendre-anglais-ecole-langue-afrique-du-sud-sejour-linguistique-benevolat-handicap-autisme-cape-town-famille-accueil\/#primaryimage"},"thumbnailUrl":"https:\/\/www.globalong.com\/blog\/wp-content\/uploads\/2016\/01\/Elodie-AFS.jpeg","datePublished":"2017-03-14T15:33:28+00:00","dateModified":"2022-04-20T15:06:53+00:00","breadcrumb":{"@id":"https:\/\/www.globalong.com\/blog\/avis-temoignages-globalong\/apprendre-anglais-ecole-langue-afrique-du-sud-sejour-linguistique-benevolat-handicap-autisme-cape-town-famille-accueil\/#breadcrumb"},"inLanguage":"fr-FR","potentialAction":[{"@type":"ReadAction","target":["https:\/\/www.globalong.com\/blog\/avis-temoignages-globalong\/apprendre-anglais-ecole-langue-afrique-du-sud-sejour-linguistique-benevolat-handicap-autisme-cape-town-famille-accueil\/"]}]},{"@type":"ImageObject","inLanguage":"fr-FR","@id":"https:\/\/www.globalong.com\/blog\/avis-temoignages-globalong\/apprendre-anglais-ecole-langue-afrique-du-sud-sejour-linguistique-benevolat-handicap-autisme-cape-town-famille-accueil\/#primaryimage","url":"https:\/\/www.globalong.com\/blog\/wp-content\/uploads\/2016\/01\/Elodie-AFS.jpeg","contentUrl":"https:\/\/www.globalong.com\/blog\/wp-content\/uploads\/2016\/01\/Elodie-AFS.jpeg","width":425,"height":423,"caption":"Globalong t\u00e9moignage"},{"@type":"BreadcrumbList","@id":"https:\/\/www.globalong.com\/blog\/avis-temoignages-globalong\/apprendre-anglais-ecole-langue-afrique-du-sud-sejour-linguistique-benevolat-handicap-autisme-cape-town-famille-accueil\/#breadcrumb","itemListElement":[{"@type":"ListItem","position":1,"name":"Accueil","item":"https:\/\/www.globalong.com\/blog\/"},{"@type":"ListItem","position":2,"name":"T\u00e9moignages et avis de volontaires Globalong","item":"https:\/\/www.globalong.com\/blog\/avis-temoignages-globalong\/"},{"@type":"ListItem","position":3,"name":"Afrique du Sud &#8211; Elodie T"}]},{"@type":"WebSite","@id":"https:\/\/www.globalong.com\/blog\/#website","url":"https:\/\/www.globalong.com\/blog\/","name":"https:\/\/www.globalong.com\/","description":"Mission humanitaire, stage \u00e9tudiant et voyage linguistique","publisher":{"@id":"https:\/\/www.globalong.com\/blog\/#organization"},"potentialAction":[{"@type":"SearchAction","target":{"@type":"EntryPoint","urlTemplate":"https:\/\/www.globalong.com\/blog\/?s={search_term_string}"},"query-input":{"@type":"PropertyValueSpecification","valueRequired":true,"valueName":"search_term_string"}}],"inLanguage":"fr-FR"},{"@type":"Organization","@id":"https:\/\/www.globalong.com\/blog\/#organization","name":"Association Globalong","url":"https:\/\/www.globalong.com\/blog\/","logo":{"@type":"ImageObject","inLanguage":"fr-FR","@id":"https:\/\/www.globalong.com\/blog\/#\/schema\/logo\/image\/","url":"https:\/\/www.globalong.com\/blog\/wp-content\/uploads\/2014\/11\/cropped-cropped-Logo-et-Afrique-Globalong-petite-taille-2.jpg","contentUrl":"https:\/\/www.globalong.com\/blog\/wp-content\/uploads\/2014\/11\/cropped-cropped-Logo-et-Afrique-Globalong-petite-taille-2.jpg","width":512,"height":512,"caption":"Association Globalong"},"image":{"@id":"https:\/\/www.globalong.com\/blog\/#\/schema\/logo\/image\/"},"sameAs":["https:\/\/www.facebook.com\/globalong"]}]}},"_links":{"self":[{"href":"https:\/\/www.globalong.com\/blog\/wp-json\/wp\/v2\/pages\/6253"}],"collection":[{"href":"https:\/\/www.globalong.com\/blog\/wp-json\/wp\/v2\/pages"}],"about":[{"href":"https:\/\/www.globalong.com\/blog\/wp-json\/wp\/v2\/types\/page"}],"author":[{"embeddable":true,"href":"https:\/\/www.globalong.com\/blog\/wp-json\/wp\/v2\/users\/3"}],"replies":[{"embeddable":true,"href":"https:\/\/www.globalong.com\/blog\/wp-json\/wp\/v2\/comments?post=6253"}],"version-history":[{"count":10,"href":"https:\/\/www.globalong.com\/blog\/wp-json\/wp\/v2\/pages\/6253\/revisions"}],"predecessor-version":[{"id":14382,"href":"https:\/\/www.globalong.com\/blog\/wp-json\/wp\/v2\/pages\/6253\/revisions\/14382"}],"up":[{"embeddable":true,"href":"https:\/\/www.globalong.com\/blog\/wp-json\/wp\/v2\/pages\/883"}],"wp:featuredmedia":[{"embeddable":true,"href":"https:\/\/www.globalong.com\/blog\/wp-json\/wp\/v2\/media\/5135"}],"wp:attachment":[{"href":"https:\/\/www.globalong.com\/blog\/wp-json\/wp\/v2\/media?parent=6253"}],"curies":[{"name":"wp","href":"https:\/\/api.w.org\/{rel}","templated":true}]}}