{"id":627,"date":"2015-10-06T09:52:57","date_gmt":"2015-10-06T07:52:57","guid":{"rendered":"https:\/\/www.globalong.com\/blog\/?page_id=627"},"modified":"2024-11-08T17:22:22","modified_gmt":"2024-11-08T16:22:22","slug":"treks-safaris-et-excursions","status":"publish","type":"page","link":"https:\/\/www.globalong.com\/blog\/treks-safaris-et-excursions\/","title":{"rendered":"Treks, safaris et excursions"},"content":{"rendered":"<p style=\"text-align: center;\"><span style=\"color: #b81657;\"><strong>Lors de votre inscription \u00e0 une mission de b\u00e9n\u00e9volat ou \u00e0 un s\u00e9jour linguistique, vous avez la possibilit\u00e9 d&rsquo;ajouter un trek, un safari ou une excursion dans certains pays.<\/strong><\/span><\/p>\n<p><span style=\"color: #b81657;\"><strong>Au N\u00e9pal :<\/strong><\/span><\/p>\n<table>\n<tbody>\n<tr>\n<td width=\"113\"><a href=\"https:\/\/www.globalong.com\/blog\/treks-safaris-et-excursions\/excursion-a-chitwan\/\" target=\"_blank\" rel=\"attachment noopener wp-att-5231\"><img loading=\"lazy\" decoding=\"async\" class=\"alignnone wp-image-5231\" src=\"https:\/\/www.globalong.com\/blog\/wp-content\/uploads\/2015\/10\/Chitwan-150x150.png\" alt=\"globalong excursion\" width=\"200\" height=\"200\" srcset=\"https:\/\/www.globalong.com\/blog\/wp-content\/uploads\/2015\/10\/Chitwan-150x150.png 150w, https:\/\/www.globalong.com\/blog\/wp-content\/uploads\/2015\/10\/Chitwan-300x300.png 300w, https:\/\/www.globalong.com\/blog\/wp-content\/uploads\/2015\/10\/Chitwan.png 422w\" sizes=\"(max-width: 200px) 100vw, 200px\" \/><\/a><\/td>\n<td width=\"113\"><a href=\"https:\/\/www.globalong.com\/blog\/treks-safaris-et-excursions\/randonnee-7-jours-et-6-nuits-a-annapurna-au-nepal\/\" target=\"_blank\" rel=\"attachment noopener wp-att-5232\"><img loading=\"lazy\" decoding=\"async\" class=\"alignnone wp-image-5232\" src=\"https:\/\/www.globalong.com\/blog\/wp-content\/uploads\/2015\/10\/Annapurna-150x150.jpg\" alt=\"globalong\" width=\"200\" height=\"200\" srcset=\"https:\/\/www.globalong.com\/blog\/wp-content\/uploads\/2015\/10\/Annapurna-150x150.jpg 150w, https:\/\/www.globalong.com\/blog\/wp-content\/uploads\/2015\/10\/Annapurna-300x300.jpg 300w, https:\/\/www.globalong.com\/blog\/wp-content\/uploads\/2015\/10\/Annapurna.jpg 424w\" sizes=\"(max-width: 200px) 100vw, 200px\" \/><\/a><\/td>\n<td width=\"113\"><a href=\"https:\/\/www.globalong.com\/blog\/treks-safaris-et-excursions\/4-jours-dexcursion-a-pokhara\/\" target=\"_blank\" rel=\"attachment noopener wp-att-5234\"><img loading=\"lazy\" decoding=\"async\" class=\"alignnone wp-image-5234\" src=\"https:\/\/www.globalong.com\/blog\/wp-content\/uploads\/2015\/10\/Pokhara-150x150.png\" alt=\"globalong\" width=\"200\" height=\"200\" srcset=\"https:\/\/www.globalong.com\/blog\/wp-content\/uploads\/2015\/10\/Pokhara-150x150.png 150w, https:\/\/www.globalong.com\/blog\/wp-content\/uploads\/2015\/10\/Pokhara-300x300.png 300w, https:\/\/www.globalong.com\/blog\/wp-content\/uploads\/2015\/10\/Pokhara.png 423w\" sizes=\"(max-width: 200px) 100vw, 200px\" \/><\/a><\/td>\n<td width=\"113\"><\/td>\n<\/tr>\n<tr>\n<td width=\"113\"><\/td>\n<td width=\"113\"><\/td>\n<td width=\"113\"><\/td>\n<td width=\"113\"><\/td>\n<\/tr>\n<\/tbody>\n<\/table>\n<p><strong><span style=\"color: #b81657;\">En Afrique :<\/span><\/strong><\/p>\n<table>\n<tbody>\n<tr>\n<td width=\"113\"><a href=\"https:\/\/www.globalong.com\/blog\/treks-safaris-et-excursions\/14-jours-de-safari-au-kenya\/\" target=\"_blank\" rel=\"attachment noopener wp-att-5224\"><img loading=\"lazy\" decoding=\"async\" class=\"alignnone wp-image-5224\" src=\"https:\/\/www.globalong.com\/blog\/wp-content\/uploads\/2015\/10\/safari-14jrs-Kenya-150x150.jpeg\" alt=\"globalong\" width=\"200\" height=\"200\" srcset=\"https:\/\/www.globalong.com\/blog\/wp-content\/uploads\/2015\/10\/safari-14jrs-Kenya-150x150.jpeg 150w, https:\/\/www.globalong.com\/blog\/wp-content\/uploads\/2015\/10\/safari-14jrs-Kenya-300x300.jpeg 300w, https:\/\/www.globalong.com\/blog\/wp-content\/uploads\/2015\/10\/safari-14jrs-Kenya.jpeg 422w\" sizes=\"(max-width: 200px) 100vw, 200px\" \/><\/a><\/td>\n<td width=\"113\"><a href=\"https:\/\/www.globalong.com\/blog\/treks-safaris-et-excursions\/safari-de-12-jours-du-cap-en-namibie\/\" target=\"_blank\" rel=\"attachment noopener wp-att-5227\"><img loading=\"lazy\" decoding=\"async\" class=\"alignnone wp-image-5240\" src=\"https:\/\/www.globalong.com\/blog\/wp-content\/uploads\/2015\/10\/saf-12jrs-cap-namibie-150x150.jpeg\" alt=\"globalong\" width=\"200\" height=\"200\" srcset=\"https:\/\/www.globalong.com\/blog\/wp-content\/uploads\/2015\/10\/saf-12jrs-cap-namibie-150x150.jpeg 150w, https:\/\/www.globalong.com\/blog\/wp-content\/uploads\/2015\/10\/saf-12jrs-cap-namibie-300x300.jpeg 300w, https:\/\/www.globalong.com\/blog\/wp-content\/uploads\/2015\/10\/saf-12jrs-cap-namibie.jpeg 424w\" sizes=\"(max-width: 200px) 100vw, 200px\" \/><\/a><\/td>\n<td width=\"113\"><a href=\"https:\/\/www.globalong.com\/blog\/treks-safaris-et-excursions\/safari-les-big-5-du-parc-kruger\/\" target=\"_blank\" rel=\"attachment noopener wp-att-5222\"><img loading=\"lazy\" decoding=\"async\" class=\"alignnone wp-image-5222\" src=\"https:\/\/www.globalong.com\/blog\/wp-content\/uploads\/2015\/10\/Saf-4-jours-parc-Kruger-150x150.jpeg\" alt=\"globalong\" width=\"200\" height=\"200\" srcset=\"https:\/\/www.globalong.com\/blog\/wp-content\/uploads\/2015\/10\/Saf-4-jours-parc-Kruger-150x150.jpeg 150w, https:\/\/www.globalong.com\/blog\/wp-content\/uploads\/2015\/10\/Saf-4-jours-parc-Kruger-300x300.jpeg 300w, https:\/\/www.globalong.com\/blog\/wp-content\/uploads\/2015\/10\/Saf-4-jours-parc-Kruger.jpeg 421w\" sizes=\"(max-width: 200px) 100vw, 200px\" \/><\/a><\/td>\n<td width=\"113\"><\/td>\n<\/tr>\n<tr>\n<td width=\"113\"><a href=\"https:\/\/www.globalong.com\/blog\/treks-safaris-et-excursions\/safari-de-20-jours-du-cap-aux-chutes-victoria\/\" target=\"_blank\" rel=\"attachment noopener wp-att-5226\"><img loading=\"lazy\" decoding=\"async\" class=\"alignnone wp-image-5226\" src=\"https:\/\/www.globalong.com\/blog\/wp-content\/uploads\/2015\/10\/safaris-20-jours-du-Cap-aux-chutes-victoria-150x150.png\" alt=\"globalong\" width=\"200\" height=\"200\" srcset=\"https:\/\/www.globalong.com\/blog\/wp-content\/uploads\/2015\/10\/safaris-20-jours-du-Cap-aux-chutes-victoria-150x150.png 150w, https:\/\/www.globalong.com\/blog\/wp-content\/uploads\/2015\/10\/safaris-20-jours-du-Cap-aux-chutes-victoria-300x300.png 300w, https:\/\/www.globalong.com\/blog\/wp-content\/uploads\/2015\/10\/safaris-20-jours-du-Cap-aux-chutes-victoria.png 422w\" sizes=\"(max-width: 200px) 100vw, 200px\" \/><\/a><\/td>\n<td width=\"113\"><a href=\"https:\/\/www.globalong.com\/blog\/treks-safaris-et-excursions\/safari-5j-dans-les-parcs-nationaux-en-tanzanie\/\" target=\"_blank\" rel=\"attachment noopener wp-att-5225\"><img loading=\"lazy\" decoding=\"async\" class=\"alignnone wp-image-5225\" src=\"https:\/\/www.globalong.com\/blog\/wp-content\/uploads\/2015\/10\/Safaris-5-jours-dans-le-PN-Tanzanie-150x150.jpeg\" alt=\"globalong\" width=\"200\" height=\"200\" srcset=\"https:\/\/www.globalong.com\/blog\/wp-content\/uploads\/2015\/10\/Safaris-5-jours-dans-le-PN-Tanzanie-150x150.jpeg 150w, https:\/\/www.globalong.com\/blog\/wp-content\/uploads\/2015\/10\/Safaris-5-jours-dans-le-PN-Tanzanie-300x300.jpeg 300w, https:\/\/www.globalong.com\/blog\/wp-content\/uploads\/2015\/10\/Safaris-5-jours-dans-le-PN-Tanzanie.jpeg 422w\" sizes=\"(max-width: 200px) 100vw, 200px\" \/><\/a><\/td>\n<td width=\"113\"><a href=\"https:\/\/www.globalong.com\/blog\/treks-safaris-et-excursions\/kilimandjaro-trek\/\" target=\"_blank\" rel=\"attachment noopener wp-att-5235\"><img loading=\"lazy\" decoding=\"async\" class=\"alignnone wp-image-5235\" src=\"https:\/\/www.globalong.com\/blog\/wp-content\/uploads\/2015\/10\/kilimanjaro_tanzania-150x150.jpg\" alt=\"globalong\" width=\"200\" height=\"200\" srcset=\"https:\/\/www.globalong.com\/blog\/wp-content\/uploads\/2015\/10\/kilimanjaro_tanzania-150x150.jpg 150w, https:\/\/www.globalong.com\/blog\/wp-content\/uploads\/2015\/10\/kilimanjaro_tanzania-300x300.jpg 300w, https:\/\/www.globalong.com\/blog\/wp-content\/uploads\/2015\/10\/kilimanjaro_tanzania.jpg 422w\" sizes=\"(max-width: 200px) 100vw, 200px\" \/><\/a><\/td>\n<td width=\"113\"><\/td>\n<\/tr>\n<tr>\n<td width=\"113\"><a href=\"https:\/\/www.globalong.com\/blog\/treks-safaris-et-excursions\/stage-photo-afrique-du-sud-globalong-benevolat-shooting-cliches\/\" target=\"_blank\" rel=\"noopener\"><img loading=\"lazy\" decoding=\"async\" class=\"alignnone wp-image-6604\" src=\"https:\/\/www.globalong.com\/blog\/wp-content\/uploads\/2015\/10\/Stage-de-photographie-en-Afrique-du-Sud-avec-GlobAlong-copie-150x150.jpg\" alt=\"Stage de photographie en Afrique du Sud avec GlobAlong - copie\" width=\"200\" height=\"201\" srcset=\"https:\/\/www.globalong.com\/blog\/wp-content\/uploads\/2015\/10\/Stage-de-photographie-en-Afrique-du-Sud-avec-GlobAlong-copie-150x150.jpg 150w, https:\/\/www.globalong.com\/blog\/wp-content\/uploads\/2015\/10\/Stage-de-photographie-en-Afrique-du-Sud-avec-GlobAlong-copie-300x300.jpg 300w, https:\/\/www.globalong.com\/blog\/wp-content\/uploads\/2015\/10\/Stage-de-photographie-en-Afrique-du-Sud-avec-GlobAlong-copie-768x771.jpg 768w, https:\/\/www.globalong.com\/blog\/wp-content\/uploads\/2015\/10\/Stage-de-photographie-en-Afrique-du-Sud-avec-GlobAlong-copie-1020x1024.jpg 1020w, https:\/\/www.globalong.com\/blog\/wp-content\/uploads\/2015\/10\/Stage-de-photographie-en-Afrique-du-Sud-avec-GlobAlong-copie.jpg 1649w\" sizes=\"(max-width: 200px) 100vw, 200px\" \/><\/a><\/td>\n<td width=\"113\"><a href=\"https:\/\/www.globalong.com\/blog\/treks-safaris-et-excursions\/safari-visites-excursions-maroc-activites-decouverte-humanitaire-benevolat-paysages\/\" target=\"_blank\" rel=\"noopener\"><img loading=\"lazy\" decoding=\"async\" class=\"wp-image-6613 alignnone\" src=\"https:\/\/www.globalong.com\/blog\/wp-content\/uploads\/2015\/10\/Dunes-marocaines-GlobAlong-copie-4-150x150.png\" alt=\"Dunes marocaines - GlobAlong - copie\" width=\"200\" height=\"200\" srcset=\"https:\/\/www.globalong.com\/blog\/wp-content\/uploads\/2015\/10\/Dunes-marocaines-GlobAlong-copie-4-150x150.png 150w, https:\/\/www.globalong.com\/blog\/wp-content\/uploads\/2015\/10\/Dunes-marocaines-GlobAlong-copie-4-300x300.png 300w, https:\/\/www.globalong.com\/blog\/wp-content\/uploads\/2015\/10\/Dunes-marocaines-GlobAlong-copie-4.png 590w\" sizes=\"(max-width: 200px) 100vw, 200px\" \/><\/a><\/td>\n<td width=\"113\"><\/td>\n<td width=\"113\"><\/td>\n<\/tr>\n<\/tbody>\n<\/table>\n<p style=\"text-align: center;\">Contactez nous pour plus d&rsquo;options ou d&rsquo;informations: <span style=\"text-decoration: underline; color: #b81657;\"><a style=\"color: #b81657; text-decoration: underline;\" href=\"mailto:info@globalong.com\">info@globalong.com<\/a><\/span> !<\/p>\n<p style=\"text-align: center;\"><span style=\"text-decoration: underline;\"><span style=\"color: #b81657;\"><a style=\"color: #b81657; text-decoration: underline;\" href=\"https:\/\/www.flickr.com\/photos\/globalong\/albums\" target=\"_blank\" rel=\"noopener\">D\u00e9couvrez encore plus de photos<\/a><\/span><\/span><\/p>\n","protected":false},"excerpt":{"rendered":"<p>Lors de votre inscription \u00e0 une mission de b\u00e9n\u00e9volat ou \u00e0 un s\u00e9jour linguistique, vous avez la possibilit\u00e9 d&rsquo;ajouter un trek, un safari ou une excursion dans certains pays. Au N\u00e9pal : En Afrique : Contactez nous pour plus d&rsquo;options ou d&rsquo;informations: info@globalong.com ! D\u00e9couvrez encore plus de photos<\/p>\n","protected":false},"author":1,"featured_media":16910,"parent":0,"menu_order":0,"comment_status":"closed","ping_status":"closed","template":"","meta":{"footnotes":""},"yoast_head":"<!-- This site is optimized with the Yoast SEO Premium plugin v23.4 (Yoast SEO v23.4) - https:\/\/yoast.com\/wordpress\/plugins\/seo\/ -->\n<title>Treks, safaris et excursions - Association Globalong<\/title>\n<meta name=\"robots\" content=\"index, follow, max-snippet:-1, max-image-preview:large, max-video-preview:-1\" \/>\n<link rel=\"canonical\" href=\"https:\/\/www.globalong.com\/blog\/treks-safaris-et-excursions\/\" \/>\n<meta property=\"og:locale\" content=\"fr_FR\" \/>\n<meta property=\"og:type\" content=\"article\" \/>\n<meta property=\"og:title\" content=\"Treks, safaris et excursions\" \/>\n<meta property=\"og:description\" content=\"Lors de votre inscription \u00e0 une mission de b\u00e9n\u00e9volat ou \u00e0 un s\u00e9jour linguistique, vous avez la possibilit\u00e9 d&rsquo;ajouter un trek, un safari ou une excursion dans certains pays. Au N\u00e9pal : En Afrique : Contactez nous pour plus d&rsquo;options ou d&rsquo;informations: info@globalong.com ! D\u00e9couvrez encore plus de photos\" \/>\n<meta property=\"og:url\" content=\"https:\/\/www.globalong.com\/blog\/treks-safaris-et-excursions\/\" \/>\n<meta property=\"og:site_name\" content=\"Association Globalong\" \/>\n<meta property=\"article:publisher\" content=\"https:\/\/www.facebook.com\/globalong\" \/>\n<meta property=\"article:modified_time\" content=\"2024-11-08T16:22:22+00:00\" \/>\n<meta property=\"og:image\" content=\"https:\/\/www.globalong.com\/blog\/wp-content\/uploads\/2024\/06\/Capture-decran-2024-06-14-a-10.08.29-1.png\" \/>\n\t<meta property=\"og:image:width\" content=\"608\" \/>\n\t<meta property=\"og:image:height\" content=\"274\" \/>\n\t<meta property=\"og:image:type\" content=\"image\/png\" \/>\n<meta name=\"twitter:card\" content=\"summary_large_image\" \/>\n<meta name=\"twitter:label1\" content=\"Dur\u00e9e de lecture estim\u00e9e\" \/>\n\t<meta name=\"twitter:data1\" content=\"3 minutes\" \/>\n<script type=\"application\/ld+json\" class=\"yoast-schema-graph\">{\"@context\":\"https:\/\/schema.org\",\"@graph\":[{\"@type\":\"WebPage\",\"@id\":\"https:\/\/www.globalong.com\/blog\/treks-safaris-et-excursions\/\",\"url\":\"https:\/\/www.globalong.com\/blog\/treks-safaris-et-excursions\/\",\"name\":\"Treks, safaris et excursions - Association Globalong\",\"isPartOf\":{\"@id\":\"https:\/\/www.globalong.com\/blog\/#website\"},\"primaryImageOfPage\":{\"@id\":\"https:\/\/www.globalong.com\/blog\/treks-safaris-et-excursions\/#primaryimage\"},\"image\":{\"@id\":\"https:\/\/www.globalong.com\/blog\/treks-safaris-et-excursions\/#primaryimage\"},\"thumbnailUrl\":\"https:\/\/www.globalong.com\/blog\/wp-content\/uploads\/2024\/06\/Capture-decran-2024-06-14-a-10.08.29-1.png\",\"datePublished\":\"2015-10-06T07:52:57+00:00\",\"dateModified\":\"2024-11-08T16:22:22+00:00\",\"breadcrumb\":{\"@id\":\"https:\/\/www.globalong.com\/blog\/treks-safaris-et-excursions\/#breadcrumb\"},\"inLanguage\":\"fr-FR\",\"potentialAction\":[{\"@type\":\"ReadAction\",\"target\":[\"https:\/\/www.globalong.com\/blog\/treks-safaris-et-excursions\/\"]}]},{\"@type\":\"ImageObject\",\"inLanguage\":\"fr-FR\",\"@id\":\"https:\/\/www.globalong.com\/blog\/treks-safaris-et-excursions\/#primaryimage\",\"url\":\"https:\/\/www.globalong.com\/blog\/wp-content\/uploads\/2024\/06\/Capture-decran-2024-06-14-a-10.08.29-1.png\",\"contentUrl\":\"https:\/\/www.globalong.com\/blog\/wp-content\/uploads\/2024\/06\/Capture-decran-2024-06-14-a-10.08.29-1.png\",\"width\":608,\"height\":274,\"caption\":\"safari camping\"},{\"@type\":\"BreadcrumbList\",\"@id\":\"https:\/\/www.globalong.com\/blog\/treks-safaris-et-excursions\/#breadcrumb\",\"itemListElement\":[{\"@type\":\"ListItem\",\"position\":1,\"name\":\"Accueil\",\"item\":\"https:\/\/www.globalong.com\/blog\/\"},{\"@type\":\"ListItem\",\"position\":2,\"name\":\"Treks, safaris et excursions\"}]},{\"@type\":\"WebSite\",\"@id\":\"https:\/\/www.globalong.com\/blog\/#website\",\"url\":\"https:\/\/www.globalong.com\/blog\/\",\"name\":\"https:\/\/www.globalong.com\/\",\"description\":\"Mission humanitaire, stage \u00e9tudiant et voyage linguistique\",\"publisher\":{\"@id\":\"https:\/\/www.globalong.com\/blog\/#organization\"},\"potentialAction\":[{\"@type\":\"SearchAction\",\"target\":{\"@type\":\"EntryPoint\",\"urlTemplate\":\"https:\/\/www.globalong.com\/blog\/?s={search_term_string}\"},\"query-input\":{\"@type\":\"PropertyValueSpecification\",\"valueRequired\":true,\"valueName\":\"search_term_string\"}}],\"inLanguage\":\"fr-FR\"},{\"@type\":\"Organization\",\"@id\":\"https:\/\/www.globalong.com\/blog\/#organization\",\"name\":\"Association Globalong\",\"url\":\"https:\/\/www.globalong.com\/blog\/\",\"logo\":{\"@type\":\"ImageObject\",\"inLanguage\":\"fr-FR\",\"@id\":\"https:\/\/www.globalong.com\/blog\/#\/schema\/logo\/image\/\",\"url\":\"https:\/\/www.globalong.com\/blog\/wp-content\/uploads\/2014\/11\/cropped-cropped-Logo-et-Afrique-Globalong-petite-taille-2.jpg\",\"contentUrl\":\"https:\/\/www.globalong.com\/blog\/wp-content\/uploads\/2014\/11\/cropped-cropped-Logo-et-Afrique-Globalong-petite-taille-2.jpg\",\"width\":512,\"height\":512,\"caption\":\"Association Globalong\"},\"image\":{\"@id\":\"https:\/\/www.globalong.com\/blog\/#\/schema\/logo\/image\/\"},\"sameAs\":[\"https:\/\/www.facebook.com\/globalong\"]}]}<\/script>\n<!-- \/ Yoast SEO Premium plugin. -->","yoast_head_json":{"title":"Treks, safaris et excursions - Association Globalong","robots":{"index":"index","follow":"follow","max-snippet":"max-snippet:-1","max-image-preview":"max-image-preview:large","max-video-preview":"max-video-preview:-1"},"canonical":"https:\/\/www.globalong.com\/blog\/treks-safaris-et-excursions\/","og_locale":"fr_FR","og_type":"article","og_title":"Treks, safaris et excursions","og_description":"Lors de votre inscription \u00e0 une mission de b\u00e9n\u00e9volat ou \u00e0 un s\u00e9jour linguistique, vous avez la possibilit\u00e9 d&rsquo;ajouter un trek, un safari ou une excursion dans certains pays. Au N\u00e9pal : En Afrique : Contactez nous pour plus d&rsquo;options ou d&rsquo;informations: info@globalong.com ! D\u00e9couvrez encore plus de photos","og_url":"https:\/\/www.globalong.com\/blog\/treks-safaris-et-excursions\/","og_site_name":"Association Globalong","article_publisher":"https:\/\/www.facebook.com\/globalong","article_modified_time":"2024-11-08T16:22:22+00:00","og_image":[{"width":608,"height":274,"url":"https:\/\/www.globalong.com\/blog\/wp-content\/uploads\/2024\/06\/Capture-decran-2024-06-14-a-10.08.29-1.png","type":"image\/png"}],"twitter_card":"summary_large_image","twitter_misc":{"Dur\u00e9e de lecture estim\u00e9e":"3 minutes"},"schema":{"@context":"https:\/\/schema.org","@graph":[{"@type":"WebPage","@id":"https:\/\/www.globalong.com\/blog\/treks-safaris-et-excursions\/","url":"https:\/\/www.globalong.com\/blog\/treks-safaris-et-excursions\/","name":"Treks, safaris et excursions - Association Globalong","isPartOf":{"@id":"https:\/\/www.globalong.com\/blog\/#website"},"primaryImageOfPage":{"@id":"https:\/\/www.globalong.com\/blog\/treks-safaris-et-excursions\/#primaryimage"},"image":{"@id":"https:\/\/www.globalong.com\/blog\/treks-safaris-et-excursions\/#primaryimage"},"thumbnailUrl":"https:\/\/www.globalong.com\/blog\/wp-content\/uploads\/2024\/06\/Capture-decran-2024-06-14-a-10.08.29-1.png","datePublished":"2015-10-06T07:52:57+00:00","dateModified":"2024-11-08T16:22:22+00:00","breadcrumb":{"@id":"https:\/\/www.globalong.com\/blog\/treks-safaris-et-excursions\/#breadcrumb"},"inLanguage":"fr-FR","potentialAction":[{"@type":"ReadAction","target":["https:\/\/www.globalong.com\/blog\/treks-safaris-et-excursions\/"]}]},{"@type":"ImageObject","inLanguage":"fr-FR","@id":"https:\/\/www.globalong.com\/blog\/treks-safaris-et-excursions\/#primaryimage","url":"https:\/\/www.globalong.com\/blog\/wp-content\/uploads\/2024\/06\/Capture-decran-2024-06-14-a-10.08.29-1.png","contentUrl":"https:\/\/www.globalong.com\/blog\/wp-content\/uploads\/2024\/06\/Capture-decran-2024-06-14-a-10.08.29-1.png","width":608,"height":274,"caption":"safari camping"},{"@type":"BreadcrumbList","@id":"https:\/\/www.globalong.com\/blog\/treks-safaris-et-excursions\/#breadcrumb","itemListElement":[{"@type":"ListItem","position":1,"name":"Accueil","item":"https:\/\/www.globalong.com\/blog\/"},{"@type":"ListItem","position":2,"name":"Treks, safaris et excursions"}]},{"@type":"WebSite","@id":"https:\/\/www.globalong.com\/blog\/#website","url":"https:\/\/www.globalong.com\/blog\/","name":"https:\/\/www.globalong.com\/","description":"Mission humanitaire, stage \u00e9tudiant et voyage linguistique","publisher":{"@id":"https:\/\/www.globalong.com\/blog\/#organization"},"potentialAction":[{"@type":"SearchAction","target":{"@type":"EntryPoint","urlTemplate":"https:\/\/www.globalong.com\/blog\/?s={search_term_string}"},"query-input":{"@type":"PropertyValueSpecification","valueRequired":true,"valueName":"search_term_string"}}],"inLanguage":"fr-FR"},{"@type":"Organization","@id":"https:\/\/www.globalong.com\/blog\/#organization","name":"Association Globalong","url":"https:\/\/www.globalong.com\/blog\/","logo":{"@type":"ImageObject","inLanguage":"fr-FR","@id":"https:\/\/www.globalong.com\/blog\/#\/schema\/logo\/image\/","url":"https:\/\/www.globalong.com\/blog\/wp-content\/uploads\/2014\/11\/cropped-cropped-Logo-et-Afrique-Globalong-petite-taille-2.jpg","contentUrl":"https:\/\/www.globalong.com\/blog\/wp-content\/uploads\/2014\/11\/cropped-cropped-Logo-et-Afrique-Globalong-petite-taille-2.jpg","width":512,"height":512,"caption":"Association Globalong"},"image":{"@id":"https:\/\/www.globalong.com\/blog\/#\/schema\/logo\/image\/"},"sameAs":["https:\/\/www.facebook.com\/globalong"]}]}},"_links":{"self":[{"href":"https:\/\/www.globalong.com\/blog\/wp-json\/wp\/v2\/pages\/627"}],"collection":[{"href":"https:\/\/www.globalong.com\/blog\/wp-json\/wp\/v2\/pages"}],"about":[{"href":"https:\/\/www.globalong.com\/blog\/wp-json\/wp\/v2\/types\/page"}],"author":[{"embeddable":true,"href":"https:\/\/www.globalong.com\/blog\/wp-json\/wp\/v2\/users\/1"}],"replies":[{"embeddable":true,"href":"https:\/\/www.globalong.com\/blog\/wp-json\/wp\/v2\/comments?post=627"}],"version-history":[{"count":42,"href":"https:\/\/www.globalong.com\/blog\/wp-json\/wp\/v2\/pages\/627\/revisions"}],"predecessor-version":[{"id":18706,"href":"https:\/\/www.globalong.com\/blog\/wp-json\/wp\/v2\/pages\/627\/revisions\/18706"}],"wp:featuredmedia":[{"embeddable":true,"href":"https:\/\/www.globalong.com\/blog\/wp-json\/wp\/v2\/media\/16910"}],"wp:attachment":[{"href":"https:\/\/www.globalong.com\/blog\/wp-json\/wp\/v2\/media?parent=627"}],"curies":[{"name":"wp","href":"https:\/\/api.w.org\/{rel}","templated":true}]}}