{"id":6507,"date":"2017-06-20T11:12:06","date_gmt":"2017-06-20T09:12:06","guid":{"rendered":"https:\/\/www.globalong.com\/blog\/?page_id=6507"},"modified":"2022-04-20T17:09:46","modified_gmt":"2022-04-20T15:09:46","slug":"programme-langues-benevolat-afrique-du-sud-anglais-volontaires-sejour-international","status":"publish","type":"page","link":"https:\/\/www.globalong.com\/blog\/avis-temoignages-globalong\/programme-langues-benevolat-afrique-du-sud-anglais-volontaires-sejour-international\/","title":{"rendered":"Afrique du Sud &#8211; Florian"},"content":{"rendered":"<p style=\"text-align: center;\"><strong><span style=\"color: #b81657;\">T\u00e9moignage de Florian, b\u00e9n\u00e9vole avec GlobAlong en Afrique du Sud<\/span><\/strong><\/p>\n<p style=\"text-align: justify;\"><img loading=\"lazy\" decoding=\"async\" class=\"size-medium wp-image-6508 aligncenter\" src=\"https:\/\/www.globalong.com\/blog\/wp-content\/uploads\/2017\/06\/Paysages-sud-africain-GlobAlong--300x300.jpg\" alt=\"B\u00e9n\u00e9volat en Afrique du Sud \" width=\"300\" height=\"300\" srcset=\"https:\/\/www.globalong.com\/blog\/wp-content\/uploads\/2017\/06\/Paysages-sud-africain-GlobAlong--300x300.jpg 300w, https:\/\/www.globalong.com\/blog\/wp-content\/uploads\/2017\/06\/Paysages-sud-africain-GlobAlong--150x150.jpg 150w, https:\/\/www.globalong.com\/blog\/wp-content\/uploads\/2017\/06\/Paysages-sud-africain-GlobAlong-.jpg 750w\" sizes=\"(max-width: 300px) 100vw, 300px\" \/>Bonjour je m\u2019appelle Florian et j\u2019ai rejoint un programme de langue et b\u00e9n\u00e9volat social en Afrique du Sud pendant 9 semaines.<\/p>\n<p style=\"text-align: justify;\">Ma p\u00e9riode de cours de langue \u00e9tait tr\u00e8s bien, c&rsquo;\u00e9tait tr\u00e8s fluide avec les autres \u00e9tudiants, la professeure \u00e9tait tr\u00e8s bien, j&rsquo;ai appris beaucoup de chose.<\/p>\n<p style=\"text-align: justify;\">Ma p\u00e9riode de b\u00e9n\u00e9volat \u00e9tait elle aussi, super; j\u2019ai tiss\u00e9 une tr\u00e8s bonne relation avec les autres volontaires, avec les professeurs et les enfants.<\/p>\n<p style=\"text-align: justify;\">J&rsquo;ai visit\u00e9 le pays pendant mon temps libre, je vous conseillerai de ne pas manquer les visites de Table Mountain, Lion&rsquo;s Head, Camps Bay, Hout Bay, Waterfront et surtout, de partir le plus longtemps possible !<\/p>\n<p style=\"text-align: justify;\"><img loading=\"lazy\" decoding=\"async\" class=\"size-medium wp-image-6510 aligncenter\" src=\"https:\/\/www.globalong.com\/blog\/wp-content\/uploads\/2017\/06\/Programme-de-be\u0301ne\u0301volat-en-Afrique-du-Sud-GlobAlong--300x300.jpg\" alt=\"vue sur la mer Afrique du Sud - GlobAlong\" width=\"300\" height=\"300\" srcset=\"https:\/\/www.globalong.com\/blog\/wp-content\/uploads\/2017\/06\/Programme-de-be\u0301ne\u0301volat-en-Afrique-du-Sud-GlobAlong--300x300.jpg 300w, https:\/\/www.globalong.com\/blog\/wp-content\/uploads\/2017\/06\/Programme-de-be\u0301ne\u0301volat-en-Afrique-du-Sud-GlobAlong--150x150.jpg 150w, https:\/\/www.globalong.com\/blog\/wp-content\/uploads\/2017\/06\/Programme-de-be\u0301ne\u0301volat-en-Afrique-du-Sud-GlobAlong-.jpg 750w\" sizes=\"(max-width: 300px) 100vw, 300px\" \/>J&rsquo;ai fait beaucoup de rencontres locales avec qui j&rsquo;ai pass\u00e9 \u00e9norm\u00e9ment de temps, fait des soir\u00e9es dans des appartements (barbecue), dans des bars, dans des bo\u00eetes de nuits ! Ils sont devenus de supers amis avec qui je garderai contact.<\/p>\n<p style=\"text-align: justify;\">Premi\u00e8rement quand je suis arriv\u00e9, je ne savais vraiment pas \u00e0 quoi ressemblait ma famille d&rsquo;accueil et en arrivant \u00e0 l&rsquo;a\u00e9roport j&rsquo;ai vu une dame avec une affiche portant mon nom, je suis all\u00e9 voir cette dame qui \u00e9tait ma m\u00e8re de famille d&rsquo;accueil, on a discut\u00e9 et fort sympathis\u00e9 d\u00e8s le d\u00e9but, elle m&rsquo;a fait visit\u00e9 l&rsquo;\u00e9cole o\u00f9 je devais aller puis emmen\u00e9 \u00e0 la maison.<\/p>\n<p style=\"text-align: justify;\">Le lendemain je suis all\u00e9 \u00e0 l&rsquo;\u00e9cole rencontrer la coordinatrice locale qui nous a fait visit\u00e9 nos places de volontariat. Ensuite l&rsquo;exp\u00e9rience s&rsquo;est d\u00e9roul\u00e9 parfaitement, j&rsquo;ai fait des rencontres <img loading=\"lazy\" decoding=\"async\" class=\"size-medium wp-image-6509 aligncenter\" src=\"https:\/\/www.globalong.com\/blog\/wp-content\/uploads\/2017\/06\/plages-sud-africaines-GlobAlong--300x300.jpg\" alt=\"plage sud-africaine - GlobAlong\" width=\"300\" height=\"300\" srcset=\"https:\/\/www.globalong.com\/blog\/wp-content\/uploads\/2017\/06\/plages-sud-africaines-GlobAlong--300x300.jpg 300w, https:\/\/www.globalong.com\/blog\/wp-content\/uploads\/2017\/06\/plages-sud-africaines-GlobAlong--150x150.jpg 150w, https:\/\/www.globalong.com\/blog\/wp-content\/uploads\/2017\/06\/plages-sud-africaines-GlobAlong-.jpg 750w\" sizes=\"(max-width: 300px) 100vw, 300px\" \/>\u00e0 l&rsquo;\u00e9cole, avec qui on \u00e0 fait des excursions dans Cape Town.<\/p>\n<p style=\"text-align: justify;\">Peu de temps apr\u00e8s j&rsquo;ai rencontr\u00e9 un groupe de personnes qui \u00e9taient Sud-Africain dans un bar, on a vraiment sympathis\u00e9 et gard\u00e9 contact jusqu&rsquo;\u00e0 la fin du s\u00e9jour.<\/p>\n<p style=\"text-align: justify;\">Chaque semaine on sortait dans des bars, dans des bo\u00eetes, dans des appartements de leur connaissance pour faire des barbecues, regarder des matchs de football.<\/p>\n<p style=\"text-align: justify;\">C&rsquo;\u00e9tait g\u00e9nial, ils m&rsquo;ont super bien int\u00e9gr\u00e9 \u00e0 la vie Sud-Africaine.<\/p>\n<p style=\"text-align: justify;\">Voil\u00e0 mon exp\u00e9rience en quelques mots !<\/p>\n<p style=\"text-align: center;\">N&rsquo;h\u00e9sitez pas \u00e0 nous contacter pour des renseignements suppl\u00e9mentaires \u00e0 l&rsquo;adresse <span style=\"text-decoration: underline;\"><span style=\"color: #b81657;\"><a style=\"color: #b81657; text-decoration: underline;\" href=\"mailto:info@globalong.com\">info@globalong.com<\/a><\/span><\/span><\/p>\n<p style=\"text-align: center;\">D\u00e9couvrez <span style=\"text-decoration: underline;\"><span style=\"color: #b81657; text-decoration: underline;\">l<a style=\"color: #b81657; text-decoration: underline;\" href=\"https:\/\/www.globalong.com\/sejour-langues-et-benevolat\/A-sud-anglais-benevolat.html\" target=\"_blank\" rel=\"noopener\">e programme de langue et b\u00e9n\u00e9volat en Afrique du Sud<\/a><\/span><\/span> !<\/p>\n<p style=\"text-align: center;\">Envie de voir plus de photos ? <span style=\"text-decoration: underline;\"><a href=\"https:\/\/www.flickr.com\/photos\/globalong\/albums\" target=\"_blank\" rel=\"noopener\"><span style=\"color: #b81657; text-decoration: underline;\">C&rsquo;est par l\u00e0 !<\/span> <\/a><\/span><\/p>\n","protected":false},"excerpt":{"rendered":"<p>T\u00e9moignage de Florian, b\u00e9n\u00e9vole avec GlobAlong en Afrique du Sud Bonjour je m\u2019appelle Florian et j\u2019ai rejoint un programme de langue et b\u00e9n\u00e9volat social en Afrique du Sud pendant 9 semaines. Ma p\u00e9riode de cours de langue \u00e9tait tr\u00e8s bien, c&rsquo;\u00e9tait tr\u00e8s fluide avec les autres \u00e9tudiants, la professeure \u00e9tait tr\u00e8s bien, j&rsquo;ai appris beaucoup [&hellip;]<\/p>\n","protected":false},"author":3,"featured_media":6508,"parent":883,"menu_order":0,"comment_status":"open","ping_status":"closed","template":"","meta":{"footnotes":""},"yoast_head":"<!-- This site is optimized with the Yoast SEO Premium plugin v23.4 (Yoast SEO v23.4) - https:\/\/yoast.com\/wordpress\/plugins\/seo\/ -->\n<title>Afrique du Sud - Florian - Association Globalong<\/title>\n<meta name=\"robots\" content=\"index, follow, max-snippet:-1, max-image-preview:large, max-video-preview:-1\" \/>\n<link rel=\"canonical\" href=\"https:\/\/www.globalong.com\/blog\/avis-temoignages-globalong\/programme-langues-benevolat-afrique-du-sud-anglais-volontaires-sejour-international\/\" \/>\n<meta property=\"og:locale\" content=\"fr_FR\" \/>\n<meta property=\"og:type\" content=\"article\" \/>\n<meta property=\"og:title\" content=\"Afrique du Sud - Florian\" \/>\n<meta property=\"og:description\" content=\"T\u00e9moignage de Florian, b\u00e9n\u00e9vole avec GlobAlong en Afrique du Sud Bonjour je m\u2019appelle Florian et j\u2019ai rejoint un programme de langue et b\u00e9n\u00e9volat social en Afrique du Sud pendant 9 semaines. Ma p\u00e9riode de cours de langue \u00e9tait tr\u00e8s bien, c&rsquo;\u00e9tait tr\u00e8s fluide avec les autres \u00e9tudiants, la professeure \u00e9tait tr\u00e8s bien, j&rsquo;ai appris beaucoup [&hellip;]\" \/>\n<meta property=\"og:url\" content=\"https:\/\/www.globalong.com\/blog\/avis-temoignages-globalong\/programme-langues-benevolat-afrique-du-sud-anglais-volontaires-sejour-international\/\" \/>\n<meta property=\"og:site_name\" content=\"Association Globalong\" \/>\n<meta property=\"article:publisher\" content=\"https:\/\/www.facebook.com\/globalong\" \/>\n<meta property=\"article:modified_time\" content=\"2022-04-20T15:09:46+00:00\" \/>\n<meta property=\"og:image\" content=\"https:\/\/www.globalong.com\/blog\/wp-content\/uploads\/2017\/06\/Paysages-sud-africain-GlobAlong-.jpg\" \/>\n\t<meta property=\"og:image:width\" content=\"750\" \/>\n\t<meta property=\"og:image:height\" content=\"750\" \/>\n\t<meta property=\"og:image:type\" content=\"image\/jpeg\" \/>\n<meta name=\"twitter:card\" content=\"summary_large_image\" \/>\n<meta name=\"twitter:label1\" content=\"Dur\u00e9e de lecture estim\u00e9e\" \/>\n\t<meta name=\"twitter:data1\" content=\"2 minutes\" \/>\n<script type=\"application\/ld+json\" class=\"yoast-schema-graph\">{\"@context\":\"https:\/\/schema.org\",\"@graph\":[{\"@type\":\"WebPage\",\"@id\":\"https:\/\/www.globalong.com\/blog\/avis-temoignages-globalong\/programme-langues-benevolat-afrique-du-sud-anglais-volontaires-sejour-international\/\",\"url\":\"https:\/\/www.globalong.com\/blog\/avis-temoignages-globalong\/programme-langues-benevolat-afrique-du-sud-anglais-volontaires-sejour-international\/\",\"name\":\"Afrique du Sud - Florian - Association Globalong\",\"isPartOf\":{\"@id\":\"https:\/\/www.globalong.com\/blog\/#website\"},\"primaryImageOfPage\":{\"@id\":\"https:\/\/www.globalong.com\/blog\/avis-temoignages-globalong\/programme-langues-benevolat-afrique-du-sud-anglais-volontaires-sejour-international\/#primaryimage\"},\"image\":{\"@id\":\"https:\/\/www.globalong.com\/blog\/avis-temoignages-globalong\/programme-langues-benevolat-afrique-du-sud-anglais-volontaires-sejour-international\/#primaryimage\"},\"thumbnailUrl\":\"https:\/\/www.globalong.com\/blog\/wp-content\/uploads\/2017\/06\/Paysages-sud-africain-GlobAlong-.jpg\",\"datePublished\":\"2017-06-20T09:12:06+00:00\",\"dateModified\":\"2022-04-20T15:09:46+00:00\",\"breadcrumb\":{\"@id\":\"https:\/\/www.globalong.com\/blog\/avis-temoignages-globalong\/programme-langues-benevolat-afrique-du-sud-anglais-volontaires-sejour-international\/#breadcrumb\"},\"inLanguage\":\"fr-FR\",\"potentialAction\":[{\"@type\":\"ReadAction\",\"target\":[\"https:\/\/www.globalong.com\/blog\/avis-temoignages-globalong\/programme-langues-benevolat-afrique-du-sud-anglais-volontaires-sejour-international\/\"]}]},{\"@type\":\"ImageObject\",\"inLanguage\":\"fr-FR\",\"@id\":\"https:\/\/www.globalong.com\/blog\/avis-temoignages-globalong\/programme-langues-benevolat-afrique-du-sud-anglais-volontaires-sejour-international\/#primaryimage\",\"url\":\"https:\/\/www.globalong.com\/blog\/wp-content\/uploads\/2017\/06\/Paysages-sud-africain-GlobAlong-.jpg\",\"contentUrl\":\"https:\/\/www.globalong.com\/blog\/wp-content\/uploads\/2017\/06\/Paysages-sud-africain-GlobAlong-.jpg\",\"width\":750,\"height\":750,\"caption\":\"B\u00e9n\u00e9volat en Afrique du Sud\"},{\"@type\":\"BreadcrumbList\",\"@id\":\"https:\/\/www.globalong.com\/blog\/avis-temoignages-globalong\/programme-langues-benevolat-afrique-du-sud-anglais-volontaires-sejour-international\/#breadcrumb\",\"itemListElement\":[{\"@type\":\"ListItem\",\"position\":1,\"name\":\"Accueil\",\"item\":\"https:\/\/www.globalong.com\/blog\/\"},{\"@type\":\"ListItem\",\"position\":2,\"name\":\"T\u00e9moignages et avis de volontaires Globalong\",\"item\":\"https:\/\/www.globalong.com\/blog\/avis-temoignages-globalong\/\"},{\"@type\":\"ListItem\",\"position\":3,\"name\":\"Afrique du Sud &#8211; Florian\"}]},{\"@type\":\"WebSite\",\"@id\":\"https:\/\/www.globalong.com\/blog\/#website\",\"url\":\"https:\/\/www.globalong.com\/blog\/\",\"name\":\"https:\/\/www.globalong.com\/\",\"description\":\"Mission humanitaire, stage \u00e9tudiant et voyage linguistique\",\"publisher\":{\"@id\":\"https:\/\/www.globalong.com\/blog\/#organization\"},\"potentialAction\":[{\"@type\":\"SearchAction\",\"target\":{\"@type\":\"EntryPoint\",\"urlTemplate\":\"https:\/\/www.globalong.com\/blog\/?s={search_term_string}\"},\"query-input\":{\"@type\":\"PropertyValueSpecification\",\"valueRequired\":true,\"valueName\":\"search_term_string\"}}],\"inLanguage\":\"fr-FR\"},{\"@type\":\"Organization\",\"@id\":\"https:\/\/www.globalong.com\/blog\/#organization\",\"name\":\"Association Globalong\",\"url\":\"https:\/\/www.globalong.com\/blog\/\",\"logo\":{\"@type\":\"ImageObject\",\"inLanguage\":\"fr-FR\",\"@id\":\"https:\/\/www.globalong.com\/blog\/#\/schema\/logo\/image\/\",\"url\":\"https:\/\/www.globalong.com\/blog\/wp-content\/uploads\/2014\/11\/cropped-cropped-Logo-et-Afrique-Globalong-petite-taille-2.jpg\",\"contentUrl\":\"https:\/\/www.globalong.com\/blog\/wp-content\/uploads\/2014\/11\/cropped-cropped-Logo-et-Afrique-Globalong-petite-taille-2.jpg\",\"width\":512,\"height\":512,\"caption\":\"Association Globalong\"},\"image\":{\"@id\":\"https:\/\/www.globalong.com\/blog\/#\/schema\/logo\/image\/\"},\"sameAs\":[\"https:\/\/www.facebook.com\/globalong\"]}]}<\/script>\n<!-- \/ Yoast SEO Premium plugin. -->","yoast_head_json":{"title":"Afrique du Sud - Florian - Association Globalong","robots":{"index":"index","follow":"follow","max-snippet":"max-snippet:-1","max-image-preview":"max-image-preview:large","max-video-preview":"max-video-preview:-1"},"canonical":"https:\/\/www.globalong.com\/blog\/avis-temoignages-globalong\/programme-langues-benevolat-afrique-du-sud-anglais-volontaires-sejour-international\/","og_locale":"fr_FR","og_type":"article","og_title":"Afrique du Sud - Florian","og_description":"T\u00e9moignage de Florian, b\u00e9n\u00e9vole avec GlobAlong en Afrique du Sud Bonjour je m\u2019appelle Florian et j\u2019ai rejoint un programme de langue et b\u00e9n\u00e9volat social en Afrique du Sud pendant 9 semaines. Ma p\u00e9riode de cours de langue \u00e9tait tr\u00e8s bien, c&rsquo;\u00e9tait tr\u00e8s fluide avec les autres \u00e9tudiants, la professeure \u00e9tait tr\u00e8s bien, j&rsquo;ai appris beaucoup [&hellip;]","og_url":"https:\/\/www.globalong.com\/blog\/avis-temoignages-globalong\/programme-langues-benevolat-afrique-du-sud-anglais-volontaires-sejour-international\/","og_site_name":"Association Globalong","article_publisher":"https:\/\/www.facebook.com\/globalong","article_modified_time":"2022-04-20T15:09:46+00:00","og_image":[{"width":750,"height":750,"url":"https:\/\/www.globalong.com\/blog\/wp-content\/uploads\/2017\/06\/Paysages-sud-africain-GlobAlong-.jpg","type":"image\/jpeg"}],"twitter_card":"summary_large_image","twitter_misc":{"Dur\u00e9e de lecture estim\u00e9e":"2 minutes"},"schema":{"@context":"https:\/\/schema.org","@graph":[{"@type":"WebPage","@id":"https:\/\/www.globalong.com\/blog\/avis-temoignages-globalong\/programme-langues-benevolat-afrique-du-sud-anglais-volontaires-sejour-international\/","url":"https:\/\/www.globalong.com\/blog\/avis-temoignages-globalong\/programme-langues-benevolat-afrique-du-sud-anglais-volontaires-sejour-international\/","name":"Afrique du Sud - Florian - Association Globalong","isPartOf":{"@id":"https:\/\/www.globalong.com\/blog\/#website"},"primaryImageOfPage":{"@id":"https:\/\/www.globalong.com\/blog\/avis-temoignages-globalong\/programme-langues-benevolat-afrique-du-sud-anglais-volontaires-sejour-international\/#primaryimage"},"image":{"@id":"https:\/\/www.globalong.com\/blog\/avis-temoignages-globalong\/programme-langues-benevolat-afrique-du-sud-anglais-volontaires-sejour-international\/#primaryimage"},"thumbnailUrl":"https:\/\/www.globalong.com\/blog\/wp-content\/uploads\/2017\/06\/Paysages-sud-africain-GlobAlong-.jpg","datePublished":"2017-06-20T09:12:06+00:00","dateModified":"2022-04-20T15:09:46+00:00","breadcrumb":{"@id":"https:\/\/www.globalong.com\/blog\/avis-temoignages-globalong\/programme-langues-benevolat-afrique-du-sud-anglais-volontaires-sejour-international\/#breadcrumb"},"inLanguage":"fr-FR","potentialAction":[{"@type":"ReadAction","target":["https:\/\/www.globalong.com\/blog\/avis-temoignages-globalong\/programme-langues-benevolat-afrique-du-sud-anglais-volontaires-sejour-international\/"]}]},{"@type":"ImageObject","inLanguage":"fr-FR","@id":"https:\/\/www.globalong.com\/blog\/avis-temoignages-globalong\/programme-langues-benevolat-afrique-du-sud-anglais-volontaires-sejour-international\/#primaryimage","url":"https:\/\/www.globalong.com\/blog\/wp-content\/uploads\/2017\/06\/Paysages-sud-africain-GlobAlong-.jpg","contentUrl":"https:\/\/www.globalong.com\/blog\/wp-content\/uploads\/2017\/06\/Paysages-sud-africain-GlobAlong-.jpg","width":750,"height":750,"caption":"B\u00e9n\u00e9volat en Afrique du Sud"},{"@type":"BreadcrumbList","@id":"https:\/\/www.globalong.com\/blog\/avis-temoignages-globalong\/programme-langues-benevolat-afrique-du-sud-anglais-volontaires-sejour-international\/#breadcrumb","itemListElement":[{"@type":"ListItem","position":1,"name":"Accueil","item":"https:\/\/www.globalong.com\/blog\/"},{"@type":"ListItem","position":2,"name":"T\u00e9moignages et avis de volontaires Globalong","item":"https:\/\/www.globalong.com\/blog\/avis-temoignages-globalong\/"},{"@type":"ListItem","position":3,"name":"Afrique du Sud &#8211; Florian"}]},{"@type":"WebSite","@id":"https:\/\/www.globalong.com\/blog\/#website","url":"https:\/\/www.globalong.com\/blog\/","name":"https:\/\/www.globalong.com\/","description":"Mission humanitaire, stage \u00e9tudiant et voyage linguistique","publisher":{"@id":"https:\/\/www.globalong.com\/blog\/#organization"},"potentialAction":[{"@type":"SearchAction","target":{"@type":"EntryPoint","urlTemplate":"https:\/\/www.globalong.com\/blog\/?s={search_term_string}"},"query-input":{"@type":"PropertyValueSpecification","valueRequired":true,"valueName":"search_term_string"}}],"inLanguage":"fr-FR"},{"@type":"Organization","@id":"https:\/\/www.globalong.com\/blog\/#organization","name":"Association Globalong","url":"https:\/\/www.globalong.com\/blog\/","logo":{"@type":"ImageObject","inLanguage":"fr-FR","@id":"https:\/\/www.globalong.com\/blog\/#\/schema\/logo\/image\/","url":"https:\/\/www.globalong.com\/blog\/wp-content\/uploads\/2014\/11\/cropped-cropped-Logo-et-Afrique-Globalong-petite-taille-2.jpg","contentUrl":"https:\/\/www.globalong.com\/blog\/wp-content\/uploads\/2014\/11\/cropped-cropped-Logo-et-Afrique-Globalong-petite-taille-2.jpg","width":512,"height":512,"caption":"Association Globalong"},"image":{"@id":"https:\/\/www.globalong.com\/blog\/#\/schema\/logo\/image\/"},"sameAs":["https:\/\/www.facebook.com\/globalong"]}]}},"_links":{"self":[{"href":"https:\/\/www.globalong.com\/blog\/wp-json\/wp\/v2\/pages\/6507"}],"collection":[{"href":"https:\/\/www.globalong.com\/blog\/wp-json\/wp\/v2\/pages"}],"about":[{"href":"https:\/\/www.globalong.com\/blog\/wp-json\/wp\/v2\/types\/page"}],"author":[{"embeddable":true,"href":"https:\/\/www.globalong.com\/blog\/wp-json\/wp\/v2\/users\/3"}],"replies":[{"embeddable":true,"href":"https:\/\/www.globalong.com\/blog\/wp-json\/wp\/v2\/comments?post=6507"}],"version-history":[{"count":10,"href":"https:\/\/www.globalong.com\/blog\/wp-json\/wp\/v2\/pages\/6507\/revisions"}],"predecessor-version":[{"id":14385,"href":"https:\/\/www.globalong.com\/blog\/wp-json\/wp\/v2\/pages\/6507\/revisions\/14385"}],"up":[{"embeddable":true,"href":"https:\/\/www.globalong.com\/blog\/wp-json\/wp\/v2\/pages\/883"}],"wp:featuredmedia":[{"embeddable":true,"href":"https:\/\/www.globalong.com\/blog\/wp-json\/wp\/v2\/media\/6508"}],"wp:attachment":[{"href":"https:\/\/www.globalong.com\/blog\/wp-json\/wp\/v2\/media?parent=6507"}],"curies":[{"name":"wp","href":"https:\/\/api.w.org\/{rel}","templated":true}]}}