{"id":6673,"date":"2017-08-07T14:47:17","date_gmt":"2017-08-07T12:47:17","guid":{"rendered":"https:\/\/www.globalong.com\/blog\/?page_id=6673"},"modified":"2022-05-06T10:24:45","modified_gmt":"2022-05-06T08:24:45","slug":"volontariat-alphabetisation-francais-enfants-ecole-cours-volontaires-benevoles-profs","status":"publish","type":"page","link":"https:\/\/www.globalong.com\/blog\/avis-temoignages-globalong\/volontariat-alphabetisation-francais-enfants-ecole-cours-volontaires-benevoles-profs\/","title":{"rendered":"Madagascar &#8211; Estelle"},"content":{"rendered":"<p style=\"text-align: center;\"><span style=\"font-family: verdana, geneva, sans-serif; font-size: 10pt;\"><strong><span style=\"color: #b81657;\">T\u00e9moignage d&rsquo;Estelle, b\u00e9n\u00e9vole avec GlobAlong \u00e0 Madagascar.<\/span><\/strong><\/span><\/p>\n<p style=\"text-align: justify;\"><span style=\"font-family: verdana, geneva, sans-serif; font-size: 10pt;\"><img loading=\"lazy\" decoding=\"async\" class=\"size-medium wp-image-6675 aligncenter\" src=\"https:\/\/www.globalong.com\/blog\/wp-content\/uploads\/2017\/08\/programme-de-be\u0301ne\u0301volat-a\u0300-Madagascar-GlobAlong-300x225.jpg\" alt=\"Volontariat en Afrique - GlobAlong \" width=\"300\" height=\"225\" srcset=\"https:\/\/www.globalong.com\/blog\/wp-content\/uploads\/2017\/08\/programme-de-be\u0301ne\u0301volat-a\u0300-Madagascar-GlobAlong-300x225.jpg 300w, https:\/\/www.globalong.com\/blog\/wp-content\/uploads\/2017\/08\/programme-de-be\u0301ne\u0301volat-a\u0300-Madagascar-GlobAlong-150x113.jpg 150w, https:\/\/www.globalong.com\/blog\/wp-content\/uploads\/2017\/08\/programme-de-be\u0301ne\u0301volat-a\u0300-Madagascar-GlobAlong.jpg 640w\" sizes=\"(max-width: 300px) 100vw, 300px\" \/><\/span><\/p>\n<p style=\"text-align: justify;\">Bonjour je m&rsquo;appelle Estelle, je suis partie \u00e0 <span style=\"text-decoration: underline;\"><a href=\"https:\/\/www.globalong.com\/sejour-benevolat\/madagascar-volontariat-humanitaire-et-stage.html\" target=\"_blank\" rel=\"noopener\">Madagascar<\/a><\/span> avec GlobAlong. Je suis partie faire du b\u00e9n\u00e9volat car je voulais partager un peu de moi et apprendre des autres. Je conseillerai GlobAlong car le personnel \u00e9tait r\u00e9actif et organis\u00e9. J&rsquo;\u00e9tais un peu stress\u00e9e au d\u00e9but mais tout s&rsquo;est tr\u00e8s bien pass\u00e9, mieux que je l&rsquo;imaginais! Pendant mon temps libre, j&rsquo;ai particip\u00e9 \u00e0 la messe du P\u00e8re Pedro, j&rsquo;ai visit\u00e9 le Palais de la Reine, le glacier Blanche-Neige.<\/p>\n<p style=\"text-align: justify;\"><img loading=\"lazy\" decoding=\"async\" class=\"size-medium wp-image-6677 aligncenter\" src=\"https:\/\/www.globalong.com\/blog\/wp-content\/uploads\/2017\/08\/Sorties-et-activite\u0301s-entre-be\u0301ne\u0301voles-et-malgaches-GlobAlong-300x225.jpg\" alt=\"\" width=\"300\" height=\"225\" srcset=\"https:\/\/www.globalong.com\/blog\/wp-content\/uploads\/2017\/08\/Sorties-et-activite\u0301s-entre-be\u0301ne\u0301voles-et-malgaches-GlobAlong-300x225.jpg 300w, https:\/\/www.globalong.com\/blog\/wp-content\/uploads\/2017\/08\/Sorties-et-activite\u0301s-entre-be\u0301ne\u0301voles-et-malgaches-GlobAlong-768x576.jpg 768w, https:\/\/www.globalong.com\/blog\/wp-content\/uploads\/2017\/08\/Sorties-et-activite\u0301s-entre-be\u0301ne\u0301voles-et-malgaches-GlobAlong-1024x768.jpg 1024w, https:\/\/www.globalong.com\/blog\/wp-content\/uploads\/2017\/08\/Sorties-et-activite\u0301s-entre-be\u0301ne\u0301voles-et-malgaches-GlobAlong-150x112.jpg 150w, https:\/\/www.globalong.com\/blog\/wp-content\/uploads\/2017\/08\/Sorties-et-activite\u0301s-entre-be\u0301ne\u0301voles-et-malgaches-GlobAlong.jpg 1334w\" sizes=\"(max-width: 300px) 100vw, 300px\" \/>On trouve de bonnes sp\u00e9cialit\u00e9s dans les petits commerces! Ma famille d&rsquo;accueil \u00e9tait adorable et toujours pr\u00e9sente, je ne me suis jamais sentie seule. La coordinatrice m&rsquo;a aid\u00e9 et donn\u00e9 des conseils au niveau de cours etc. Cette exp\u00e9rience m&rsquo;apprendre s\u00fbrement \u00e0 \u00eatre encore plus g\u00e9n\u00e9reuse, plus ind\u00e9pendante et \u00e0 savoir profiter pleinement des belles choses que la vie nous offre. Je n&rsquo;ai pas eu de mal en rentrant chez moi, mais j&rsquo;\u00e9tais tout de m\u00eame un peu nostalgique.<\/p>\n<p style=\"text-align: justify;\"><img loading=\"lazy\" decoding=\"async\" class=\"size-medium wp-image-6679 aligncenter\" src=\"https:\/\/www.globalong.com\/blog\/wp-content\/uploads\/2017\/08\/Eleves-malgaches-studieux-GlobAlong-300x225.jpg\" alt=\"\" width=\"300\" height=\"225\" srcset=\"https:\/\/www.globalong.com\/blog\/wp-content\/uploads\/2017\/08\/Eleves-malgaches-studieux-GlobAlong-300x225.jpg 300w, https:\/\/www.globalong.com\/blog\/wp-content\/uploads\/2017\/08\/Eleves-malgaches-studieux-GlobAlong-768x576.jpg 768w, https:\/\/www.globalong.com\/blog\/wp-content\/uploads\/2017\/08\/Eleves-malgaches-studieux-GlobAlong-1024x768.jpg 1024w, https:\/\/www.globalong.com\/blog\/wp-content\/uploads\/2017\/08\/Eleves-malgaches-studieux-GlobAlong-150x112.jpg 150w, https:\/\/www.globalong.com\/blog\/wp-content\/uploads\/2017\/08\/Eleves-malgaches-studieux-GlobAlong.jpg 1334w\" sizes=\"(max-width: 300px) 100vw, 300px\" \/>Je conseillerai au futurs participants de se donner \u00e0 fond et de profiter de cette belle exp\u00e9rience, pour pouvoir ensuite la faire partager \u00e0 d&rsquo;autres! On en apprend sur soi et sur les autres. On a essay\u00e9 de partager un maximum de choses avec Mathilde qui \u00e9tait l&rsquo;autre b\u00e9n\u00e9vole, en donnant des cours de fran\u00e7ais, des fois sous forme de jeux de r\u00f4les, de d\u00e9bats ou de chansons, mais aussi en organisant une journ\u00e9e sportive ou encore des petits ateliers, tout en participant avec eux. Les enfants \u00e9taient vraiment accueillants, volontaires et curieux d&rsquo;apprendre!<\/p>\n<p><img loading=\"lazy\" decoding=\"async\" class=\"size-medium wp-image-6690 aligncenter\" src=\"https:\/\/www.globalong.com\/blog\/wp-content\/uploads\/2017\/08\/jeux-et-activite\u0301s-avec-les-enfants-a\u0300-Madagascar-GlobAlong-300x225.jpg\" alt=\"\" width=\"300\" height=\"225\" srcset=\"https:\/\/www.globalong.com\/blog\/wp-content\/uploads\/2017\/08\/jeux-et-activite\u0301s-avec-les-enfants-a\u0300-Madagascar-GlobAlong-300x225.jpg 300w, https:\/\/www.globalong.com\/blog\/wp-content\/uploads\/2017\/08\/jeux-et-activite\u0301s-avec-les-enfants-a\u0300-Madagascar-GlobAlong-768x576.jpg 768w, https:\/\/www.globalong.com\/blog\/wp-content\/uploads\/2017\/08\/jeux-et-activite\u0301s-avec-les-enfants-a\u0300-Madagascar-GlobAlong-1024x768.jpg 1024w, https:\/\/www.globalong.com\/blog\/wp-content\/uploads\/2017\/08\/jeux-et-activite\u0301s-avec-les-enfants-a\u0300-Madagascar-GlobAlong-150x112.jpg 150w, https:\/\/www.globalong.com\/blog\/wp-content\/uploads\/2017\/08\/jeux-et-activite\u0301s-avec-les-enfants-a\u0300-Madagascar-GlobAlong.jpg 1334w\" sizes=\"(max-width: 300px) 100vw, 300px\" \/><\/p>\n<p style=\"text-align: justify;\">Gr\u00e2ce \u00e0 eux on en a appris \u00e9norm\u00e9ment aussi&#8230; On a aussi eu le sentiment d&rsquo;avoir servi \u00e0 quelque chose car on a eu beaucoup de retours positifs! La derni\u00e8re chose \u00e0 ajouter est de vous conseiller d&rsquo;y aller !<\/p>\n<p style=\"text-align: justify;\">Pour d\u00e9couvrir plus de photos de Madagascar, <span style=\"text-decoration: underline;\"><a href=\"https:\/\/www.flickr.com\/photos\/globalong\/albums\/72157668589897473\">cliquez ici !<\/a><\/span><\/p>\n<p style=\"text-align: justify;\">Pour en savoir plus sur le programme de b\u00e9n\u00e9volat \u00e0 Madagascar, <span style=\"text-decoration: underline;\"><a href=\"https:\/\/www.globalong.com\/sejour-benevolat\/madagascar-volontariat-humanitaire-et-stage.html\">cliquez ici\u00a0!<\/a><\/span><\/p>\n<p style=\"text-align: justify;\">N\u2019h\u00e9sitez pas \u00e0 nous contacter pour plus d\u2019informations \u00e0 <span style=\"text-decoration: underline;\"><a href=\"mailto:info@globalong.com\">info@globalong.com<\/a><\/span><\/p>\n<p style=\"text-align: justify;\"><span style=\"font-family: verdana, geneva, sans-serif; font-size: 10pt;\">\u00a0<\/span><\/p>\n<p style=\"text-align: justify;\">\n","protected":false},"excerpt":{"rendered":"<p>T\u00e9moignage d&rsquo;Estelle, b\u00e9n\u00e9vole avec GlobAlong \u00e0 Madagascar. Bonjour je m&rsquo;appelle Estelle, je suis partie \u00e0 Madagascar avec GlobAlong. Je suis partie faire du b\u00e9n\u00e9volat car je voulais partager un peu de moi et apprendre des autres. Je conseillerai GlobAlong car le personnel \u00e9tait r\u00e9actif et organis\u00e9. J&rsquo;\u00e9tais un peu stress\u00e9e au d\u00e9but mais tout s&rsquo;est [&hellip;]<\/p>\n","protected":false},"author":3,"featured_media":6675,"parent":883,"menu_order":0,"comment_status":"open","ping_status":"closed","template":"","meta":{"footnotes":""},"yoast_head":"<!-- This site is optimized with the Yoast SEO Premium plugin v23.4 (Yoast SEO v23.4) - https:\/\/yoast.com\/wordpress\/plugins\/seo\/ -->\n<title>Madagascar - Estelle - Association Globalong<\/title>\n<meta name=\"robots\" content=\"index, follow, max-snippet:-1, max-image-preview:large, max-video-preview:-1\" \/>\n<link rel=\"canonical\" href=\"https:\/\/www.globalong.com\/blog\/avis-temoignages-globalong\/volontariat-alphabetisation-francais-enfants-ecole-cours-volontaires-benevoles-profs\/\" \/>\n<meta property=\"og:locale\" content=\"fr_FR\" \/>\n<meta property=\"og:type\" content=\"article\" \/>\n<meta property=\"og:title\" content=\"Madagascar - Estelle\" \/>\n<meta property=\"og:description\" content=\"T\u00e9moignage d&rsquo;Estelle, b\u00e9n\u00e9vole avec GlobAlong \u00e0 Madagascar. Bonjour je m&rsquo;appelle Estelle, je suis partie \u00e0 Madagascar avec GlobAlong. Je suis partie faire du b\u00e9n\u00e9volat car je voulais partager un peu de moi et apprendre des autres. Je conseillerai GlobAlong car le personnel \u00e9tait r\u00e9actif et organis\u00e9. J&rsquo;\u00e9tais un peu stress\u00e9e au d\u00e9but mais tout s&rsquo;est [&hellip;]\" \/>\n<meta property=\"og:url\" content=\"https:\/\/www.globalong.com\/blog\/avis-temoignages-globalong\/volontariat-alphabetisation-francais-enfants-ecole-cours-volontaires-benevoles-profs\/\" \/>\n<meta property=\"og:site_name\" content=\"Association Globalong\" \/>\n<meta property=\"article:publisher\" content=\"https:\/\/www.facebook.com\/globalong\" \/>\n<meta property=\"article:modified_time\" content=\"2022-05-06T08:24:45+00:00\" \/>\n<meta property=\"og:image\" content=\"https:\/\/www.globalong.com\/blog\/wp-content\/uploads\/2017\/08\/programme-de-be\u0301ne\u0301volat-a\u0300-Madagascar-GlobAlong.jpg\" \/>\n\t<meta property=\"og:image:width\" content=\"640\" \/>\n\t<meta property=\"og:image:height\" content=\"480\" \/>\n\t<meta property=\"og:image:type\" content=\"image\/jpeg\" \/>\n<meta name=\"twitter:card\" content=\"summary_large_image\" \/>\n<meta name=\"twitter:label1\" content=\"Dur\u00e9e de lecture estim\u00e9e\" \/>\n\t<meta name=\"twitter:data1\" content=\"2 minutes\" \/>\n<script type=\"application\/ld+json\" class=\"yoast-schema-graph\">{\"@context\":\"https:\/\/schema.org\",\"@graph\":[{\"@type\":\"WebPage\",\"@id\":\"https:\/\/www.globalong.com\/blog\/avis-temoignages-globalong\/volontariat-alphabetisation-francais-enfants-ecole-cours-volontaires-benevoles-profs\/\",\"url\":\"https:\/\/www.globalong.com\/blog\/avis-temoignages-globalong\/volontariat-alphabetisation-francais-enfants-ecole-cours-volontaires-benevoles-profs\/\",\"name\":\"Madagascar - Estelle - Association Globalong\",\"isPartOf\":{\"@id\":\"https:\/\/www.globalong.com\/blog\/#website\"},\"primaryImageOfPage\":{\"@id\":\"https:\/\/www.globalong.com\/blog\/avis-temoignages-globalong\/volontariat-alphabetisation-francais-enfants-ecole-cours-volontaires-benevoles-profs\/#primaryimage\"},\"image\":{\"@id\":\"https:\/\/www.globalong.com\/blog\/avis-temoignages-globalong\/volontariat-alphabetisation-francais-enfants-ecole-cours-volontaires-benevoles-profs\/#primaryimage\"},\"thumbnailUrl\":\"https:\/\/www.globalong.com\/blog\/wp-content\/uploads\/2017\/08\/programme-de-be\u0301ne\u0301volat-a\u0300-Madagascar-GlobAlong.jpg\",\"datePublished\":\"2017-08-07T12:47:17+00:00\",\"dateModified\":\"2022-05-06T08:24:45+00:00\",\"breadcrumb\":{\"@id\":\"https:\/\/www.globalong.com\/blog\/avis-temoignages-globalong\/volontariat-alphabetisation-francais-enfants-ecole-cours-volontaires-benevoles-profs\/#breadcrumb\"},\"inLanguage\":\"fr-FR\",\"potentialAction\":[{\"@type\":\"ReadAction\",\"target\":[\"https:\/\/www.globalong.com\/blog\/avis-temoignages-globalong\/volontariat-alphabetisation-francais-enfants-ecole-cours-volontaires-benevoles-profs\/\"]}]},{\"@type\":\"ImageObject\",\"inLanguage\":\"fr-FR\",\"@id\":\"https:\/\/www.globalong.com\/blog\/avis-temoignages-globalong\/volontariat-alphabetisation-francais-enfants-ecole-cours-volontaires-benevoles-profs\/#primaryimage\",\"url\":\"https:\/\/www.globalong.com\/blog\/wp-content\/uploads\/2017\/08\/programme-de-be\u0301ne\u0301volat-a\u0300-Madagascar-GlobAlong.jpg\",\"contentUrl\":\"https:\/\/www.globalong.com\/blog\/wp-content\/uploads\/2017\/08\/programme-de-be\u0301ne\u0301volat-a\u0300-Madagascar-GlobAlong.jpg\",\"width\":640,\"height\":480,\"caption\":\"Volontariat en Afrique - GlobAlong\"},{\"@type\":\"BreadcrumbList\",\"@id\":\"https:\/\/www.globalong.com\/blog\/avis-temoignages-globalong\/volontariat-alphabetisation-francais-enfants-ecole-cours-volontaires-benevoles-profs\/#breadcrumb\",\"itemListElement\":[{\"@type\":\"ListItem\",\"position\":1,\"name\":\"Accueil\",\"item\":\"https:\/\/www.globalong.com\/blog\/\"},{\"@type\":\"ListItem\",\"position\":2,\"name\":\"T\u00e9moignages et avis de volontaires Globalong\",\"item\":\"https:\/\/www.globalong.com\/blog\/avis-temoignages-globalong\/\"},{\"@type\":\"ListItem\",\"position\":3,\"name\":\"Madagascar &#8211; Estelle\"}]},{\"@type\":\"WebSite\",\"@id\":\"https:\/\/www.globalong.com\/blog\/#website\",\"url\":\"https:\/\/www.globalong.com\/blog\/\",\"name\":\"https:\/\/www.globalong.com\/\",\"description\":\"Mission humanitaire, stage \u00e9tudiant et voyage linguistique\",\"publisher\":{\"@id\":\"https:\/\/www.globalong.com\/blog\/#organization\"},\"potentialAction\":[{\"@type\":\"SearchAction\",\"target\":{\"@type\":\"EntryPoint\",\"urlTemplate\":\"https:\/\/www.globalong.com\/blog\/?s={search_term_string}\"},\"query-input\":{\"@type\":\"PropertyValueSpecification\",\"valueRequired\":true,\"valueName\":\"search_term_string\"}}],\"inLanguage\":\"fr-FR\"},{\"@type\":\"Organization\",\"@id\":\"https:\/\/www.globalong.com\/blog\/#organization\",\"name\":\"Association Globalong\",\"url\":\"https:\/\/www.globalong.com\/blog\/\",\"logo\":{\"@type\":\"ImageObject\",\"inLanguage\":\"fr-FR\",\"@id\":\"https:\/\/www.globalong.com\/blog\/#\/schema\/logo\/image\/\",\"url\":\"https:\/\/www.globalong.com\/blog\/wp-content\/uploads\/2014\/11\/cropped-cropped-Logo-et-Afrique-Globalong-petite-taille-2.jpg\",\"contentUrl\":\"https:\/\/www.globalong.com\/blog\/wp-content\/uploads\/2014\/11\/cropped-cropped-Logo-et-Afrique-Globalong-petite-taille-2.jpg\",\"width\":512,\"height\":512,\"caption\":\"Association Globalong\"},\"image\":{\"@id\":\"https:\/\/www.globalong.com\/blog\/#\/schema\/logo\/image\/\"},\"sameAs\":[\"https:\/\/www.facebook.com\/globalong\"]}]}<\/script>\n<!-- \/ Yoast SEO Premium plugin. -->","yoast_head_json":{"title":"Madagascar - Estelle - Association Globalong","robots":{"index":"index","follow":"follow","max-snippet":"max-snippet:-1","max-image-preview":"max-image-preview:large","max-video-preview":"max-video-preview:-1"},"canonical":"https:\/\/www.globalong.com\/blog\/avis-temoignages-globalong\/volontariat-alphabetisation-francais-enfants-ecole-cours-volontaires-benevoles-profs\/","og_locale":"fr_FR","og_type":"article","og_title":"Madagascar - Estelle","og_description":"T\u00e9moignage d&rsquo;Estelle, b\u00e9n\u00e9vole avec GlobAlong \u00e0 Madagascar. Bonjour je m&rsquo;appelle Estelle, je suis partie \u00e0 Madagascar avec GlobAlong. Je suis partie faire du b\u00e9n\u00e9volat car je voulais partager un peu de moi et apprendre des autres. Je conseillerai GlobAlong car le personnel \u00e9tait r\u00e9actif et organis\u00e9. J&rsquo;\u00e9tais un peu stress\u00e9e au d\u00e9but mais tout s&rsquo;est [&hellip;]","og_url":"https:\/\/www.globalong.com\/blog\/avis-temoignages-globalong\/volontariat-alphabetisation-francais-enfants-ecole-cours-volontaires-benevoles-profs\/","og_site_name":"Association Globalong","article_publisher":"https:\/\/www.facebook.com\/globalong","article_modified_time":"2022-05-06T08:24:45+00:00","og_image":[{"width":640,"height":480,"url":"https:\/\/www.globalong.com\/blog\/wp-content\/uploads\/2017\/08\/programme-de-be\u0301ne\u0301volat-a\u0300-Madagascar-GlobAlong.jpg","type":"image\/jpeg"}],"twitter_card":"summary_large_image","twitter_misc":{"Dur\u00e9e de lecture estim\u00e9e":"2 minutes"},"schema":{"@context":"https:\/\/schema.org","@graph":[{"@type":"WebPage","@id":"https:\/\/www.globalong.com\/blog\/avis-temoignages-globalong\/volontariat-alphabetisation-francais-enfants-ecole-cours-volontaires-benevoles-profs\/","url":"https:\/\/www.globalong.com\/blog\/avis-temoignages-globalong\/volontariat-alphabetisation-francais-enfants-ecole-cours-volontaires-benevoles-profs\/","name":"Madagascar - Estelle - Association Globalong","isPartOf":{"@id":"https:\/\/www.globalong.com\/blog\/#website"},"primaryImageOfPage":{"@id":"https:\/\/www.globalong.com\/blog\/avis-temoignages-globalong\/volontariat-alphabetisation-francais-enfants-ecole-cours-volontaires-benevoles-profs\/#primaryimage"},"image":{"@id":"https:\/\/www.globalong.com\/blog\/avis-temoignages-globalong\/volontariat-alphabetisation-francais-enfants-ecole-cours-volontaires-benevoles-profs\/#primaryimage"},"thumbnailUrl":"https:\/\/www.globalong.com\/blog\/wp-content\/uploads\/2017\/08\/programme-de-be\u0301ne\u0301volat-a\u0300-Madagascar-GlobAlong.jpg","datePublished":"2017-08-07T12:47:17+00:00","dateModified":"2022-05-06T08:24:45+00:00","breadcrumb":{"@id":"https:\/\/www.globalong.com\/blog\/avis-temoignages-globalong\/volontariat-alphabetisation-francais-enfants-ecole-cours-volontaires-benevoles-profs\/#breadcrumb"},"inLanguage":"fr-FR","potentialAction":[{"@type":"ReadAction","target":["https:\/\/www.globalong.com\/blog\/avis-temoignages-globalong\/volontariat-alphabetisation-francais-enfants-ecole-cours-volontaires-benevoles-profs\/"]}]},{"@type":"ImageObject","inLanguage":"fr-FR","@id":"https:\/\/www.globalong.com\/blog\/avis-temoignages-globalong\/volontariat-alphabetisation-francais-enfants-ecole-cours-volontaires-benevoles-profs\/#primaryimage","url":"https:\/\/www.globalong.com\/blog\/wp-content\/uploads\/2017\/08\/programme-de-be\u0301ne\u0301volat-a\u0300-Madagascar-GlobAlong.jpg","contentUrl":"https:\/\/www.globalong.com\/blog\/wp-content\/uploads\/2017\/08\/programme-de-be\u0301ne\u0301volat-a\u0300-Madagascar-GlobAlong.jpg","width":640,"height":480,"caption":"Volontariat en Afrique - GlobAlong"},{"@type":"BreadcrumbList","@id":"https:\/\/www.globalong.com\/blog\/avis-temoignages-globalong\/volontariat-alphabetisation-francais-enfants-ecole-cours-volontaires-benevoles-profs\/#breadcrumb","itemListElement":[{"@type":"ListItem","position":1,"name":"Accueil","item":"https:\/\/www.globalong.com\/blog\/"},{"@type":"ListItem","position":2,"name":"T\u00e9moignages et avis de volontaires Globalong","item":"https:\/\/www.globalong.com\/blog\/avis-temoignages-globalong\/"},{"@type":"ListItem","position":3,"name":"Madagascar &#8211; Estelle"}]},{"@type":"WebSite","@id":"https:\/\/www.globalong.com\/blog\/#website","url":"https:\/\/www.globalong.com\/blog\/","name":"https:\/\/www.globalong.com\/","description":"Mission humanitaire, stage \u00e9tudiant et voyage linguistique","publisher":{"@id":"https:\/\/www.globalong.com\/blog\/#organization"},"potentialAction":[{"@type":"SearchAction","target":{"@type":"EntryPoint","urlTemplate":"https:\/\/www.globalong.com\/blog\/?s={search_term_string}"},"query-input":{"@type":"PropertyValueSpecification","valueRequired":true,"valueName":"search_term_string"}}],"inLanguage":"fr-FR"},{"@type":"Organization","@id":"https:\/\/www.globalong.com\/blog\/#organization","name":"Association Globalong","url":"https:\/\/www.globalong.com\/blog\/","logo":{"@type":"ImageObject","inLanguage":"fr-FR","@id":"https:\/\/www.globalong.com\/blog\/#\/schema\/logo\/image\/","url":"https:\/\/www.globalong.com\/blog\/wp-content\/uploads\/2014\/11\/cropped-cropped-Logo-et-Afrique-Globalong-petite-taille-2.jpg","contentUrl":"https:\/\/www.globalong.com\/blog\/wp-content\/uploads\/2014\/11\/cropped-cropped-Logo-et-Afrique-Globalong-petite-taille-2.jpg","width":512,"height":512,"caption":"Association Globalong"},"image":{"@id":"https:\/\/www.globalong.com\/blog\/#\/schema\/logo\/image\/"},"sameAs":["https:\/\/www.facebook.com\/globalong"]}]}},"_links":{"self":[{"href":"https:\/\/www.globalong.com\/blog\/wp-json\/wp\/v2\/pages\/6673"}],"collection":[{"href":"https:\/\/www.globalong.com\/blog\/wp-json\/wp\/v2\/pages"}],"about":[{"href":"https:\/\/www.globalong.com\/blog\/wp-json\/wp\/v2\/types\/page"}],"author":[{"embeddable":true,"href":"https:\/\/www.globalong.com\/blog\/wp-json\/wp\/v2\/users\/3"}],"replies":[{"embeddable":true,"href":"https:\/\/www.globalong.com\/blog\/wp-json\/wp\/v2\/comments?post=6673"}],"version-history":[{"count":24,"href":"https:\/\/www.globalong.com\/blog\/wp-json\/wp\/v2\/pages\/6673\/revisions"}],"predecessor-version":[{"id":14511,"href":"https:\/\/www.globalong.com\/blog\/wp-json\/wp\/v2\/pages\/6673\/revisions\/14511"}],"up":[{"embeddable":true,"href":"https:\/\/www.globalong.com\/blog\/wp-json\/wp\/v2\/pages\/883"}],"wp:featuredmedia":[{"embeddable":true,"href":"https:\/\/www.globalong.com\/blog\/wp-json\/wp\/v2\/media\/6675"}],"wp:attachment":[{"href":"https:\/\/www.globalong.com\/blog\/wp-json\/wp\/v2\/media?parent=6673"}],"curies":[{"name":"wp","href":"https:\/\/api.w.org\/{rel}","templated":true}]}}