{"id":6823,"date":"2017-09-25T16:02:35","date_gmt":"2017-09-25T14:02:35","guid":{"rendered":"https:\/\/www.globalong.com\/blog\/?page_id=6823"},"modified":"2022-05-06T10:36:22","modified_gmt":"2022-05-06T08:36:22","slug":"benevolat-maroc-humanitaire-social-construction-enseignement-village-immersion-afrique","status":"publish","type":"page","link":"https:\/\/www.globalong.com\/blog\/avis-temoignages-globalong\/benevolat-maroc-humanitaire-social-construction-enseignement-village-immersion-afrique\/","title":{"rendered":"Maroc &#8211; Coraline"},"content":{"rendered":"<p style=\"text-align: center;\"><span style=\"color: #b81657;\"><strong>T\u00e9moignage de Coraline, b\u00e9n\u00e9vole avec GlobAlong au Maroc.<\/strong><\/span><\/p>\n<p style=\"text-align: justify;\"><img loading=\"lazy\" decoding=\"async\" class=\"size-medium wp-image-6828 aligncenter\" src=\"https:\/\/www.globalong.com\/blog\/wp-content\/uploads\/2017\/09\/Mission-de-be\u0301ne\u0301volat-dans-le-haut-Atlas-GlobAlong-min-300x225.jpg\" alt=\"b\u00e9n\u00e9volat dans un village berb\u00e8re - GlobAlong\" width=\"300\" height=\"225\" srcset=\"https:\/\/www.globalong.com\/blog\/wp-content\/uploads\/2017\/09\/Mission-de-be\u0301ne\u0301volat-dans-le-haut-Atlas-GlobAlong-min-300x225.jpg 300w, https:\/\/www.globalong.com\/blog\/wp-content\/uploads\/2017\/09\/Mission-de-be\u0301ne\u0301volat-dans-le-haut-Atlas-GlobAlong-min-768x576.jpg 768w, https:\/\/www.globalong.com\/blog\/wp-content\/uploads\/2017\/09\/Mission-de-be\u0301ne\u0301volat-dans-le-haut-Atlas-GlobAlong-min-1024x768.jpg 1024w, https:\/\/www.globalong.com\/blog\/wp-content\/uploads\/2017\/09\/Mission-de-be\u0301ne\u0301volat-dans-le-haut-Atlas-GlobAlong-min-150x113.jpg 150w\" sizes=\"(max-width: 300px) 100vw, 300px\" \/>Je voulais partir pour <span style=\"text-decoration: underline;\"><a href=\"https:\/\/www.globalong.com\/sejour-benevolat\/maroc-mission-humanitaire-stage-etranger-afrique.html\" target=\"_blank\" rel=\"noopener\">d\u00e9couvrir une culture diff\u00e9rente<\/a><\/span> de la mienne et partager un moment unique avec la population locale. Je conseillerai Globalong car leurs r\u00e9ponses par mail sont rapides, l\u2019\u00e9quipe est \u00e0 l&rsquo;\u00e9coute et sympa, l\u2019accueil dans le pays de mission bien organis\u00e9 et la famille d&rsquo;accueil tr\u00e8s bien. Quand je suis arriv\u00e9e, j\u2019ai \u00e9t\u00e9 pr\u00e9sent\u00e9e \u00e0 ma famille d\u2019accueil et l\u2019on m\u2019a dit les t\u00e2ches que je devais faire.<\/p>\n<p>&nbsp;<\/p>\n<p style=\"text-align: justify;\"><img loading=\"lazy\" decoding=\"async\" class=\"size-medium wp-image-6834 aligncenter\" src=\"https:\/\/www.globalong.com\/blog\/wp-content\/uploads\/2017\/09\/Volontariat-avec-les-enfants-GlobAlong-min-300x225.jpg\" alt=\"b\u00e9n\u00e9volat humanitaire au Maroc - GlobAlong\" width=\"300\" height=\"225\" srcset=\"https:\/\/www.globalong.com\/blog\/wp-content\/uploads\/2017\/09\/Volontariat-avec-les-enfants-GlobAlong-min-300x225.jpg 300w, https:\/\/www.globalong.com\/blog\/wp-content\/uploads\/2017\/09\/Volontariat-avec-les-enfants-GlobAlong-min-768x576.jpg 768w, https:\/\/www.globalong.com\/blog\/wp-content\/uploads\/2017\/09\/Volontariat-avec-les-enfants-GlobAlong-min-1024x768.jpg 1024w, https:\/\/www.globalong.com\/blog\/wp-content\/uploads\/2017\/09\/Volontariat-avec-les-enfants-GlobAlong-min-150x113.jpg 150w\" sizes=\"(max-width: 300px) 100vw, 300px\" \/>La p\u00e9riode de b\u00e9n\u00e9volat \u00e9tait tr\u00e8s bien, je me suis organis\u00e9e avec un groupe de jeunes d\u00e9j\u00e0 sur place pour faire les diff\u00e9rentes t\u00e2ches ! La population est tr\u00e8s ouverte \u00e0 l&rsquo;accueil des \u00e9trangers. Le coordinateur \u00e9tait disponible et m\u2019a aid\u00e9 pour le ravitaillement en eau, l\u2019organisation d&rsquo;une \u00e9ventuelle excursion et l\u2019organisation du retour vers l&rsquo;a\u00e9roport. Cette exp\u00e9rience m\u2019a servi car elle m\u2019a je pense, donn\u00e9 go\u00fbt \u00e0 faire des voyages de ce type. Mon retour \u00e0 la maison \u00e9tait difficile car mon s\u00e9jour a \u00e9t\u00e9 trop court (seulement 2 semaines).<\/p>\n<p style=\"text-align: justify;\"><img loading=\"lazy\" decoding=\"async\" class=\"size-medium wp-image-6830 aligncenter\" src=\"https:\/\/www.globalong.com\/blog\/wp-content\/uploads\/2017\/09\/Repas-entre-be\u0301ne\u0301voles-GlobAlong-min-300x169.jpg\" alt=\"repas entre b\u00e9n\u00e9voles - GlobAlong\" width=\"300\" height=\"169\" srcset=\"https:\/\/www.globalong.com\/blog\/wp-content\/uploads\/2017\/09\/Repas-entre-be\u0301ne\u0301voles-GlobAlong-min-300x169.jpg 300w, https:\/\/www.globalong.com\/blog\/wp-content\/uploads\/2017\/09\/Repas-entre-be\u0301ne\u0301voles-GlobAlong-min-768x432.jpg 768w, https:\/\/www.globalong.com\/blog\/wp-content\/uploads\/2017\/09\/Repas-entre-be\u0301ne\u0301voles-GlobAlong-min-1024x576.jpg 1024w, https:\/\/www.globalong.com\/blog\/wp-content\/uploads\/2017\/09\/Repas-entre-be\u0301ne\u0301voles-GlobAlong-min-150x84.jpg 150w\" sizes=\"(max-width: 300px) 100vw, 300px\" \/>J&rsquo;ai v\u00e9cu une exp\u00e9rience extraordinaire, surtout le soir lorsque l\u2019on se fait inviter \u00e0 une petite f\u00eate traditionnelle entre jeunes avec des chants et danses locales sous le ciel \u00e9toil\u00e9.<\/p>\n<p style=\"text-align: justify;\">Ce sont de simples choses qui nous font sentir encore plus proche de la population et nous laissent des souvenirs grav\u00e9s \u00e0 jamais!<\/p>\n<p>&nbsp;<\/p>\n<p style=\"text-align: center;\">Pour plus de renseignements, n&rsquo;h\u00e9sitez pas \u00e0 nous contacter \u00e0 l&rsquo;adresse <span style=\"text-decoration: underline; color: #b81657;\"><a href=\"mailto:info@globalong.com\">info@globalong.com<\/a><\/span><\/p>\n<p style=\"text-align: center;\">D\u00e9couvrez le programme de b\u00e9n\u00e9volat au Maroc <span style=\"text-decoration: underline; color: #b81657;\"><a href=\"https:\/\/www.globalong.com\/sejour-benevolat\/maroc-mission-humanitaire-stage-etranger-afrique.html\">en cliquant ici.<\/a><\/span><\/p>\n<p style=\"text-align: center;\">Pour voir plus de photos du Maroc, <span style=\"text-decoration: underline; color: #b81657;\"><a href=\"https:\/\/www.flickr.com\/photos\/globalong\/albums\/72157671283279754\">cliquez ici.<\/a><\/span><\/p>\n<p>&nbsp;<\/p>\n","protected":false},"excerpt":{"rendered":"<p>T\u00e9moignage de Coraline, b\u00e9n\u00e9vole avec GlobAlong au Maroc. Je voulais partir pour d\u00e9couvrir une culture diff\u00e9rente de la mienne et partager un moment unique avec la population locale. Je conseillerai Globalong car leurs r\u00e9ponses par mail sont rapides, l\u2019\u00e9quipe est \u00e0 l&rsquo;\u00e9coute et sympa, l\u2019accueil dans le pays de mission bien organis\u00e9 et la famille [&hellip;]<\/p>\n","protected":false},"author":3,"featured_media":12171,"parent":883,"menu_order":0,"comment_status":"open","ping_status":"closed","template":"","meta":{"footnotes":""},"yoast_head":"<!-- This site is optimized with the Yoast SEO Premium plugin v23.4 (Yoast SEO v23.4) - https:\/\/yoast.com\/wordpress\/plugins\/seo\/ -->\n<title>Maroc - Coraline - Association Globalong<\/title>\n<meta name=\"robots\" content=\"index, follow, max-snippet:-1, max-image-preview:large, max-video-preview:-1\" \/>\n<link rel=\"canonical\" href=\"https:\/\/www.globalong.com\/blog\/avis-temoignages-globalong\/benevolat-maroc-humanitaire-social-construction-enseignement-village-immersion-afrique\/\" \/>\n<meta property=\"og:locale\" content=\"fr_FR\" \/>\n<meta property=\"og:type\" content=\"article\" \/>\n<meta property=\"og:title\" content=\"Maroc - Coraline\" \/>\n<meta property=\"og:description\" content=\"T\u00e9moignage de Coraline, b\u00e9n\u00e9vole avec GlobAlong au Maroc. Je voulais partir pour d\u00e9couvrir une culture diff\u00e9rente de la mienne et partager un moment unique avec la population locale. Je conseillerai Globalong car leurs r\u00e9ponses par mail sont rapides, l\u2019\u00e9quipe est \u00e0 l&rsquo;\u00e9coute et sympa, l\u2019accueil dans le pays de mission bien organis\u00e9 et la famille [&hellip;]\" \/>\n<meta property=\"og:url\" content=\"https:\/\/www.globalong.com\/blog\/avis-temoignages-globalong\/benevolat-maroc-humanitaire-social-construction-enseignement-village-immersion-afrique\/\" \/>\n<meta property=\"og:site_name\" content=\"Association Globalong\" \/>\n<meta property=\"article:publisher\" content=\"https:\/\/www.facebook.com\/globalong\" \/>\n<meta property=\"article:modified_time\" content=\"2022-05-06T08:36:22+00:00\" \/>\n<meta property=\"og:image\" content=\"https:\/\/www.globalong.com\/blog\/wp-content\/uploads\/2018\/12\/20180803_164937-min.jpg\" \/>\n\t<meta property=\"og:image:width\" content=\"4032\" \/>\n\t<meta property=\"og:image:height\" content=\"3024\" \/>\n\t<meta property=\"og:image:type\" content=\"image\/jpeg\" \/>\n<meta name=\"twitter:card\" content=\"summary_large_image\" \/>\n<meta name=\"twitter:label1\" content=\"Dur\u00e9e de lecture estim\u00e9e\" \/>\n\t<meta name=\"twitter:data1\" content=\"1 minute\" \/>\n<script type=\"application\/ld+json\" class=\"yoast-schema-graph\">{\"@context\":\"https:\/\/schema.org\",\"@graph\":[{\"@type\":\"WebPage\",\"@id\":\"https:\/\/www.globalong.com\/blog\/avis-temoignages-globalong\/benevolat-maroc-humanitaire-social-construction-enseignement-village-immersion-afrique\/\",\"url\":\"https:\/\/www.globalong.com\/blog\/avis-temoignages-globalong\/benevolat-maroc-humanitaire-social-construction-enseignement-village-immersion-afrique\/\",\"name\":\"Maroc - Coraline - Association Globalong\",\"isPartOf\":{\"@id\":\"https:\/\/www.globalong.com\/blog\/#website\"},\"primaryImageOfPage\":{\"@id\":\"https:\/\/www.globalong.com\/blog\/avis-temoignages-globalong\/benevolat-maroc-humanitaire-social-construction-enseignement-village-immersion-afrique\/#primaryimage\"},\"image\":{\"@id\":\"https:\/\/www.globalong.com\/blog\/avis-temoignages-globalong\/benevolat-maroc-humanitaire-social-construction-enseignement-village-immersion-afrique\/#primaryimage\"},\"thumbnailUrl\":\"https:\/\/www.globalong.com\/blog\/wp-content\/uploads\/2018\/12\/20180803_164937-min.jpg\",\"datePublished\":\"2017-09-25T14:02:35+00:00\",\"dateModified\":\"2022-05-06T08:36:22+00:00\",\"breadcrumb\":{\"@id\":\"https:\/\/www.globalong.com\/blog\/avis-temoignages-globalong\/benevolat-maroc-humanitaire-social-construction-enseignement-village-immersion-afrique\/#breadcrumb\"},\"inLanguage\":\"fr-FR\",\"potentialAction\":[{\"@type\":\"ReadAction\",\"target\":[\"https:\/\/www.globalong.com\/blog\/avis-temoignages-globalong\/benevolat-maroc-humanitaire-social-construction-enseignement-village-immersion-afrique\/\"]}]},{\"@type\":\"ImageObject\",\"inLanguage\":\"fr-FR\",\"@id\":\"https:\/\/www.globalong.com\/blog\/avis-temoignages-globalong\/benevolat-maroc-humanitaire-social-construction-enseignement-village-immersion-afrique\/#primaryimage\",\"url\":\"https:\/\/www.globalong.com\/blog\/wp-content\/uploads\/2018\/12\/20180803_164937-min.jpg\",\"contentUrl\":\"https:\/\/www.globalong.com\/blog\/wp-content\/uploads\/2018\/12\/20180803_164937-min.jpg\",\"width\":4032,\"height\":3024,\"caption\":\"B\u00e9n\u00e9volat humanitaire \u00e0 l'\u00e9tranger\"},{\"@type\":\"BreadcrumbList\",\"@id\":\"https:\/\/www.globalong.com\/blog\/avis-temoignages-globalong\/benevolat-maroc-humanitaire-social-construction-enseignement-village-immersion-afrique\/#breadcrumb\",\"itemListElement\":[{\"@type\":\"ListItem\",\"position\":1,\"name\":\"Accueil\",\"item\":\"https:\/\/www.globalong.com\/blog\/\"},{\"@type\":\"ListItem\",\"position\":2,\"name\":\"T\u00e9moignages et avis de volontaires Globalong\",\"item\":\"https:\/\/www.globalong.com\/blog\/avis-temoignages-globalong\/\"},{\"@type\":\"ListItem\",\"position\":3,\"name\":\"Maroc &#8211; Coraline\"}]},{\"@type\":\"WebSite\",\"@id\":\"https:\/\/www.globalong.com\/blog\/#website\",\"url\":\"https:\/\/www.globalong.com\/blog\/\",\"name\":\"https:\/\/www.globalong.com\/\",\"description\":\"Mission humanitaire, stage \u00e9tudiant et voyage linguistique\",\"publisher\":{\"@id\":\"https:\/\/www.globalong.com\/blog\/#organization\"},\"potentialAction\":[{\"@type\":\"SearchAction\",\"target\":{\"@type\":\"EntryPoint\",\"urlTemplate\":\"https:\/\/www.globalong.com\/blog\/?s={search_term_string}\"},\"query-input\":{\"@type\":\"PropertyValueSpecification\",\"valueRequired\":true,\"valueName\":\"search_term_string\"}}],\"inLanguage\":\"fr-FR\"},{\"@type\":\"Organization\",\"@id\":\"https:\/\/www.globalong.com\/blog\/#organization\",\"name\":\"Association Globalong\",\"url\":\"https:\/\/www.globalong.com\/blog\/\",\"logo\":{\"@type\":\"ImageObject\",\"inLanguage\":\"fr-FR\",\"@id\":\"https:\/\/www.globalong.com\/blog\/#\/schema\/logo\/image\/\",\"url\":\"https:\/\/www.globalong.com\/blog\/wp-content\/uploads\/2014\/11\/cropped-cropped-Logo-et-Afrique-Globalong-petite-taille-2.jpg\",\"contentUrl\":\"https:\/\/www.globalong.com\/blog\/wp-content\/uploads\/2014\/11\/cropped-cropped-Logo-et-Afrique-Globalong-petite-taille-2.jpg\",\"width\":512,\"height\":512,\"caption\":\"Association Globalong\"},\"image\":{\"@id\":\"https:\/\/www.globalong.com\/blog\/#\/schema\/logo\/image\/\"},\"sameAs\":[\"https:\/\/www.facebook.com\/globalong\"]}]}<\/script>\n<!-- \/ Yoast SEO Premium plugin. -->","yoast_head_json":{"title":"Maroc - Coraline - Association Globalong","robots":{"index":"index","follow":"follow","max-snippet":"max-snippet:-1","max-image-preview":"max-image-preview:large","max-video-preview":"max-video-preview:-1"},"canonical":"https:\/\/www.globalong.com\/blog\/avis-temoignages-globalong\/benevolat-maroc-humanitaire-social-construction-enseignement-village-immersion-afrique\/","og_locale":"fr_FR","og_type":"article","og_title":"Maroc - Coraline","og_description":"T\u00e9moignage de Coraline, b\u00e9n\u00e9vole avec GlobAlong au Maroc. Je voulais partir pour d\u00e9couvrir une culture diff\u00e9rente de la mienne et partager un moment unique avec la population locale. Je conseillerai Globalong car leurs r\u00e9ponses par mail sont rapides, l\u2019\u00e9quipe est \u00e0 l&rsquo;\u00e9coute et sympa, l\u2019accueil dans le pays de mission bien organis\u00e9 et la famille [&hellip;]","og_url":"https:\/\/www.globalong.com\/blog\/avis-temoignages-globalong\/benevolat-maroc-humanitaire-social-construction-enseignement-village-immersion-afrique\/","og_site_name":"Association Globalong","article_publisher":"https:\/\/www.facebook.com\/globalong","article_modified_time":"2022-05-06T08:36:22+00:00","og_image":[{"width":4032,"height":3024,"url":"https:\/\/www.globalong.com\/blog\/wp-content\/uploads\/2018\/12\/20180803_164937-min.jpg","type":"image\/jpeg"}],"twitter_card":"summary_large_image","twitter_misc":{"Dur\u00e9e de lecture estim\u00e9e":"1 minute"},"schema":{"@context":"https:\/\/schema.org","@graph":[{"@type":"WebPage","@id":"https:\/\/www.globalong.com\/blog\/avis-temoignages-globalong\/benevolat-maroc-humanitaire-social-construction-enseignement-village-immersion-afrique\/","url":"https:\/\/www.globalong.com\/blog\/avis-temoignages-globalong\/benevolat-maroc-humanitaire-social-construction-enseignement-village-immersion-afrique\/","name":"Maroc - Coraline - Association Globalong","isPartOf":{"@id":"https:\/\/www.globalong.com\/blog\/#website"},"primaryImageOfPage":{"@id":"https:\/\/www.globalong.com\/blog\/avis-temoignages-globalong\/benevolat-maroc-humanitaire-social-construction-enseignement-village-immersion-afrique\/#primaryimage"},"image":{"@id":"https:\/\/www.globalong.com\/blog\/avis-temoignages-globalong\/benevolat-maroc-humanitaire-social-construction-enseignement-village-immersion-afrique\/#primaryimage"},"thumbnailUrl":"https:\/\/www.globalong.com\/blog\/wp-content\/uploads\/2018\/12\/20180803_164937-min.jpg","datePublished":"2017-09-25T14:02:35+00:00","dateModified":"2022-05-06T08:36:22+00:00","breadcrumb":{"@id":"https:\/\/www.globalong.com\/blog\/avis-temoignages-globalong\/benevolat-maroc-humanitaire-social-construction-enseignement-village-immersion-afrique\/#breadcrumb"},"inLanguage":"fr-FR","potentialAction":[{"@type":"ReadAction","target":["https:\/\/www.globalong.com\/blog\/avis-temoignages-globalong\/benevolat-maroc-humanitaire-social-construction-enseignement-village-immersion-afrique\/"]}]},{"@type":"ImageObject","inLanguage":"fr-FR","@id":"https:\/\/www.globalong.com\/blog\/avis-temoignages-globalong\/benevolat-maroc-humanitaire-social-construction-enseignement-village-immersion-afrique\/#primaryimage","url":"https:\/\/www.globalong.com\/blog\/wp-content\/uploads\/2018\/12\/20180803_164937-min.jpg","contentUrl":"https:\/\/www.globalong.com\/blog\/wp-content\/uploads\/2018\/12\/20180803_164937-min.jpg","width":4032,"height":3024,"caption":"B\u00e9n\u00e9volat humanitaire \u00e0 l'\u00e9tranger"},{"@type":"BreadcrumbList","@id":"https:\/\/www.globalong.com\/blog\/avis-temoignages-globalong\/benevolat-maroc-humanitaire-social-construction-enseignement-village-immersion-afrique\/#breadcrumb","itemListElement":[{"@type":"ListItem","position":1,"name":"Accueil","item":"https:\/\/www.globalong.com\/blog\/"},{"@type":"ListItem","position":2,"name":"T\u00e9moignages et avis de volontaires Globalong","item":"https:\/\/www.globalong.com\/blog\/avis-temoignages-globalong\/"},{"@type":"ListItem","position":3,"name":"Maroc &#8211; Coraline"}]},{"@type":"WebSite","@id":"https:\/\/www.globalong.com\/blog\/#website","url":"https:\/\/www.globalong.com\/blog\/","name":"https:\/\/www.globalong.com\/","description":"Mission humanitaire, stage \u00e9tudiant et voyage linguistique","publisher":{"@id":"https:\/\/www.globalong.com\/blog\/#organization"},"potentialAction":[{"@type":"SearchAction","target":{"@type":"EntryPoint","urlTemplate":"https:\/\/www.globalong.com\/blog\/?s={search_term_string}"},"query-input":{"@type":"PropertyValueSpecification","valueRequired":true,"valueName":"search_term_string"}}],"inLanguage":"fr-FR"},{"@type":"Organization","@id":"https:\/\/www.globalong.com\/blog\/#organization","name":"Association Globalong","url":"https:\/\/www.globalong.com\/blog\/","logo":{"@type":"ImageObject","inLanguage":"fr-FR","@id":"https:\/\/www.globalong.com\/blog\/#\/schema\/logo\/image\/","url":"https:\/\/www.globalong.com\/blog\/wp-content\/uploads\/2014\/11\/cropped-cropped-Logo-et-Afrique-Globalong-petite-taille-2.jpg","contentUrl":"https:\/\/www.globalong.com\/blog\/wp-content\/uploads\/2014\/11\/cropped-cropped-Logo-et-Afrique-Globalong-petite-taille-2.jpg","width":512,"height":512,"caption":"Association Globalong"},"image":{"@id":"https:\/\/www.globalong.com\/blog\/#\/schema\/logo\/image\/"},"sameAs":["https:\/\/www.facebook.com\/globalong"]}]}},"_links":{"self":[{"href":"https:\/\/www.globalong.com\/blog\/wp-json\/wp\/v2\/pages\/6823"}],"collection":[{"href":"https:\/\/www.globalong.com\/blog\/wp-json\/wp\/v2\/pages"}],"about":[{"href":"https:\/\/www.globalong.com\/blog\/wp-json\/wp\/v2\/types\/page"}],"author":[{"embeddable":true,"href":"https:\/\/www.globalong.com\/blog\/wp-json\/wp\/v2\/users\/3"}],"replies":[{"embeddable":true,"href":"https:\/\/www.globalong.com\/blog\/wp-json\/wp\/v2\/comments?post=6823"}],"version-history":[{"count":9,"href":"https:\/\/www.globalong.com\/blog\/wp-json\/wp\/v2\/pages\/6823\/revisions"}],"predecessor-version":[{"id":14521,"href":"https:\/\/www.globalong.com\/blog\/wp-json\/wp\/v2\/pages\/6823\/revisions\/14521"}],"up":[{"embeddable":true,"href":"https:\/\/www.globalong.com\/blog\/wp-json\/wp\/v2\/pages\/883"}],"wp:featuredmedia":[{"embeddable":true,"href":"https:\/\/www.globalong.com\/blog\/wp-json\/wp\/v2\/media\/12171"}],"wp:attachment":[{"href":"https:\/\/www.globalong.com\/blog\/wp-json\/wp\/v2\/media?parent=6823"}],"curies":[{"name":"wp","href":"https:\/\/api.w.org\/{rel}","templated":true}]}}