{"id":6842,"date":"2017-09-25T17:01:15","date_gmt":"2017-09-25T15:01:15","guid":{"rendered":"https:\/\/www.globalong.com\/blog\/?page_id=6842"},"modified":"2022-04-20T17:09:07","modified_gmt":"2022-04-20T15:09:07","slug":"benevolat-social-ecole-afrique-sud-capetown-enfants-apprendre-stage-international","status":"publish","type":"page","link":"https:\/\/www.globalong.com\/blog\/avis-temoignages-globalong\/benevolat-social-ecole-afrique-sud-capetown-enfants-apprendre-stage-international\/","title":{"rendered":"Afrique du Sud &#8211; Eva"},"content":{"rendered":"<p style=\"text-align: center;\"><strong><span style=\"color: #b81657;\">T\u00e9moignage d\u2019Eva, b\u00e9n\u00e9vole avec GlobAlong en Afrique du Sud.<\/span><\/strong><\/p>\n<p style=\"text-align: justify;\"><img loading=\"lazy\" decoding=\"async\" class=\"size-medium wp-image-6849 aligncenter\" src=\"https:\/\/www.globalong.com\/blog\/wp-content\/uploads\/2017\/09\/Mission-de-be\u0301ne\u0301volat-social-GlobAlong-min-300x169.jpeg\" alt=\"volontaire en Afrique - GlobAlong\" width=\"300\" height=\"169\" srcset=\"https:\/\/www.globalong.com\/blog\/wp-content\/uploads\/2017\/09\/Mission-de-be\u0301ne\u0301volat-social-GlobAlong-min-300x169.jpeg 300w, https:\/\/www.globalong.com\/blog\/wp-content\/uploads\/2017\/09\/Mission-de-be\u0301ne\u0301volat-social-GlobAlong-min-768x432.jpeg 768w, https:\/\/www.globalong.com\/blog\/wp-content\/uploads\/2017\/09\/Mission-de-be\u0301ne\u0301volat-social-GlobAlong-min-1024x576.jpeg 1024w, https:\/\/www.globalong.com\/blog\/wp-content\/uploads\/2017\/09\/Mission-de-be\u0301ne\u0301volat-social-GlobAlong-min-150x84.jpeg 150w\" sizes=\"(max-width: 300px) 100vw, 300px\" \/>Bonjour,<\/p>\n<p style=\"text-align: justify;\">Je suis partie en Afrique du Sud pendant 4 semaines car j&rsquo;ai toujours voulu faire du volontariat.<\/p>\n<p style=\"text-align: justify;\">J&rsquo;ai trouv\u00e9 que c&rsquo;\u00e9tait une bonne id\u00e9e d&rsquo;aller en Afrique du sud afin de pouvoir apporter ma contribution et en m\u00eame temps am\u00e9liorer mon anglais. J\u2019ai donc pris 2 semaines de cours de langue et 2 semaines de b\u00e9n\u00e9volat.<\/p>\n<p style=\"text-align: justify;\"><img loading=\"lazy\" decoding=\"async\" class=\"wp-image-6843 aligncenter\" src=\"https:\/\/www.globalong.com\/blog\/wp-content\/uploads\/2017\/09\/Eva-be\u0301ne\u0301vole-avec-GlobAlong-min-169x300.jpg\" alt=\"paysages sudafricains - globAlong\" width=\"300\" height=\"533\" srcset=\"https:\/\/www.globalong.com\/blog\/wp-content\/uploads\/2017\/09\/Eva-be\u0301ne\u0301vole-avec-GlobAlong-min-169x300.jpg 169w, https:\/\/www.globalong.com\/blog\/wp-content\/uploads\/2017\/09\/Eva-be\u0301ne\u0301vole-avec-GlobAlong-min-768x1365.jpg 768w, https:\/\/www.globalong.com\/blog\/wp-content\/uploads\/2017\/09\/Eva-be\u0301ne\u0301vole-avec-GlobAlong-min-576x1024.jpg 576w, https:\/\/www.globalong.com\/blog\/wp-content\/uploads\/2017\/09\/Eva-be\u0301ne\u0301vole-avec-GlobAlong-min-84x150.jpg 84w\" sizes=\"(max-width: 300px) 100vw, 300px\" \/>Je suis satisfaite de GlobAlong, c&rsquo;est une tr\u00e8s bonne organisation, les voyages sont bien pr\u00e9par\u00e9s et l&rsquo;on voit que c&rsquo;est s\u00e9rieux.<\/p>\n<p style=\"text-align: justify;\">Le s\u00e9jour linguistique \u00e9tait tr\u00e8s bien, j&rsquo;ai pass\u00e9 le premier jour un examen pour d\u00e9terminer mon niveau.<\/p>\n<p style=\"text-align: justify;\">A la suite j&rsquo;ai tout de m\u00eame pu rejoindre un niveau sup\u00e9rieur qui me correspondait plus. Les professeurs sont tr\u00e8s sympas, les cours sont tr\u00e8s interactifs.<\/p>\n<p style=\"text-align: justify;\">Dans l&rsquo;\u00e9cole, tous les \u00e9l\u00e8ves se connaissent. L&rsquo;ambiance est tr\u00e8s agr\u00e9able.<\/p>\n<p style=\"text-align: justify;\">La p\u00e9riode de b\u00e9n\u00e9volat s&rsquo;est bien pass\u00e9e. Ma coordinatrice en Afrique m&rsquo;a fait visiter le lieu en amont. Le personnel m&rsquo;a accueilli \u00e0 bras ouverts. Je me suis fortement attach\u00e9e aux enfants.<\/p>\n<p style=\"text-align: justify;\">Pendant mon s\u00e9jour j&rsquo;ai eu le temps de visiter enti\u00e8rement Cape Town.<\/p>\n<p style=\"text-align: justify;\">Je suis all\u00e9e \u00e0 Robben Island, Kirtenbosch,Table Mountain visiter un township, faire du v\u00e9lo d&rsquo;une plage \u00e0 une autre, karting, bowling , cin\u00e9ma quand le temps \u00e9tait mauvais ainsi que les mus\u00e9es, Bo-kaap et bien d&rsquo;autres\u2026<\/p>\n<p style=\"text-align: justify;\">A l&rsquo;\u00e9cole j&rsquo;ai rencontr\u00e9 de nombreux amis avec qui j&rsquo;ai pass\u00e9 l&rsquo;ensemble de mon s\u00e9jour. Certains \u00e9taient Fran\u00e7ais, d&rsquo;autres Gabonais, Congolais, Angolais&#8230;<\/p>\n<p style=\"text-align: justify;\"><img loading=\"lazy\" decoding=\"async\" class=\"wp-image-6847 aligncenter\" src=\"https:\/\/www.globalong.com\/blog\/wp-content\/uploads\/2017\/09\/magnifiques-paysages-en-Afrique-Du-Sud-GlobAlong-min-169x300.jpg\" alt=\"volontariat en afrique du sud - GlobAlong\" width=\"300\" height=\"533\" srcset=\"https:\/\/www.globalong.com\/blog\/wp-content\/uploads\/2017\/09\/magnifiques-paysages-en-Afrique-Du-Sud-GlobAlong-min-169x300.jpg 169w, https:\/\/www.globalong.com\/blog\/wp-content\/uploads\/2017\/09\/magnifiques-paysages-en-Afrique-Du-Sud-GlobAlong-min-768x1365.jpg 768w, https:\/\/www.globalong.com\/blog\/wp-content\/uploads\/2017\/09\/magnifiques-paysages-en-Afrique-Du-Sud-GlobAlong-min-576x1024.jpg 576w, https:\/\/www.globalong.com\/blog\/wp-content\/uploads\/2017\/09\/magnifiques-paysages-en-Afrique-Du-Sud-GlobAlong-min-84x150.jpg 84w\" sizes=\"(max-width: 300px) 100vw, 300px\" \/>Ce sont vraiment de tr\u00e8s bons amis que j&rsquo;ai eu la chance de rencontrer.<\/p>\n<p style=\"text-align: justify;\">Je suis quelqu&rsquo;un qui est assez timide. Je pense que ce voyage m&rsquo;a permis de m&rsquo;ouvrir, de mettre de c\u00f4t\u00e9 cette timidit\u00e9 et rencontrer de nouvelles personnes.<\/p>\n<p style=\"text-align: justify;\">Je me suis rendue compte de ce que je pouvais faire seule sans l&rsquo;aide de mes parents ou de mes amis comme par exemple prendre l&rsquo;avion toute seule.<\/p>\n<p style=\"text-align: justify;\">Le retour \u00e0 la maison s&rsquo;est bien pass\u00e9 m\u00eame si j&rsquo;\u00e9tais assez triste d&rsquo;avoir quitt\u00e9 Cape Town et ma m\u00e8re d&rsquo;accueil. C&rsquo;est sur que le sentiment d&rsquo;aventuri\u00e8re me manque un peu, retour \u00e0 la banalit\u00e9.<\/p>\n<p style=\"text-align: justify;\">Je vous laisse une petite anecdote pour la route\u00a0: Lorsque je me maquille, j&rsquo;utilise un mascara bleu chose qui doit \u00eatre peu r\u00e9pandue en Afrique puisque partout o\u00f9 j&rsquo;allais les gens me demandaient pourquoi mes cils \u00e9taient bleu.<\/p>\n<p style=\"text-align: justify;\">Les caissi\u00e8res, les taxistes, les vendeurs m\u00eame les enfants du volontariat. Ils s&rsquo;amusaient \u00e0 me toucher les cils en me demandant sans cesse pourquoi c&rsquo;\u00e9tait bleu.<\/p>\n<p style=\"text-align: center;\">Pour plus de renseignements, n&rsquo;h\u00e9sitez pas \u00e0 nous contacter \u00e0 l&rsquo;adresse <a href=\"mailto:info@globalong.com\"><span style=\"text-decoration: underline;\"><span style=\"color: #b81657; text-decoration: underline;\">info@globalong.com<\/span><\/span><\/a><\/p>\n<p><img loading=\"lazy\" decoding=\"async\" class=\"size-medium wp-image-6848 aligncenter\" src=\"https:\/\/www.globalong.com\/blog\/wp-content\/uploads\/2017\/09\/Mission-de-be\u0301ne\u0301volat-en-Afrique-du-Sud-GlobAlong-min-300x169.jpg\" alt=\"maison en afrique du Sud - GlobAlong\" width=\"300\" height=\"169\" srcset=\"https:\/\/www.globalong.com\/blog\/wp-content\/uploads\/2017\/09\/Mission-de-be\u0301ne\u0301volat-en-Afrique-du-Sud-GlobAlong-min-300x169.jpg 300w, https:\/\/www.globalong.com\/blog\/wp-content\/uploads\/2017\/09\/Mission-de-be\u0301ne\u0301volat-en-Afrique-du-Sud-GlobAlong-min-768x432.jpg 768w, https:\/\/www.globalong.com\/blog\/wp-content\/uploads\/2017\/09\/Mission-de-be\u0301ne\u0301volat-en-Afrique-du-Sud-GlobAlong-min-1024x576.jpg 1024w, https:\/\/www.globalong.com\/blog\/wp-content\/uploads\/2017\/09\/Mission-de-be\u0301ne\u0301volat-en-Afrique-du-Sud-GlobAlong-min-150x84.jpg 150w\" sizes=\"(max-width: 300px) 100vw, 300px\" \/><\/p>\n<p style=\"text-align: center;\">D\u00e9couvrez le programme de langue et b\u00e9n\u00e9volat en <span style=\"text-decoration: underline;\"><span style=\"color: #b81657;\"><a href=\"https:\/\/www.globalong.com\/sejour-langues-et-benevolat\/A-sud-anglais-benevolat.html\">Afrique du Sud ici !<\/a><\/span><\/span><\/p>\n<p style=\"text-align: center;\">Plus de photos de l&rsquo;Afrique du Sud ? <span style=\"text-decoration: underline; color: #b81657;\"><a href=\"https:\/\/www.flickr.com\/photos\/globalong\/albums\/72157640876582423\">C&rsquo;est par l\u00e0 !<\/a><\/span><\/p>\n<p>&nbsp;<\/p>\n","protected":false},"excerpt":{"rendered":"<p>T\u00e9moignage d\u2019Eva, b\u00e9n\u00e9vole avec GlobAlong en Afrique du Sud. Bonjour, Je suis partie en Afrique du Sud pendant 4 semaines car j&rsquo;ai toujours voulu faire du volontariat. J&rsquo;ai trouv\u00e9 que c&rsquo;\u00e9tait une bonne id\u00e9e d&rsquo;aller en Afrique du sud afin de pouvoir apporter ma contribution et en m\u00eame temps am\u00e9liorer mon anglais. J\u2019ai donc pris [&hellip;]<\/p>\n","protected":false},"author":3,"featured_media":8946,"parent":883,"menu_order":0,"comment_status":"open","ping_status":"closed","template":"","meta":{"footnotes":""},"yoast_head":"<!-- This site is optimized with the Yoast SEO Premium plugin v23.4 (Yoast SEO v23.4) - https:\/\/yoast.com\/wordpress\/plugins\/seo\/ -->\n<title>Afrique du Sud - Eva - Association Globalong<\/title>\n<meta name=\"robots\" content=\"index, follow, max-snippet:-1, max-image-preview:large, max-video-preview:-1\" \/>\n<link rel=\"canonical\" href=\"https:\/\/www.globalong.com\/blog\/avis-temoignages-globalong\/benevolat-social-ecole-afrique-sud-capetown-enfants-apprendre-stage-international\/\" \/>\n<meta property=\"og:locale\" content=\"fr_FR\" \/>\n<meta property=\"og:type\" content=\"article\" \/>\n<meta property=\"og:title\" content=\"Afrique du Sud - Eva\" \/>\n<meta property=\"og:description\" content=\"T\u00e9moignage d\u2019Eva, b\u00e9n\u00e9vole avec GlobAlong en Afrique du Sud. Bonjour, Je suis partie en Afrique du Sud pendant 4 semaines car j&rsquo;ai toujours voulu faire du volontariat. J&rsquo;ai trouv\u00e9 que c&rsquo;\u00e9tait une bonne id\u00e9e d&rsquo;aller en Afrique du sud afin de pouvoir apporter ma contribution et en m\u00eame temps am\u00e9liorer mon anglais. J\u2019ai donc pris [&hellip;]\" \/>\n<meta property=\"og:url\" content=\"https:\/\/www.globalong.com\/blog\/avis-temoignages-globalong\/benevolat-social-ecole-afrique-sud-capetown-enfants-apprendre-stage-international\/\" \/>\n<meta property=\"og:site_name\" content=\"Association Globalong\" \/>\n<meta property=\"article:publisher\" content=\"https:\/\/www.facebook.com\/globalong\" \/>\n<meta property=\"article:modified_time\" content=\"2022-04-20T15:09:07+00:00\" \/>\n<meta property=\"og:image\" content=\"https:\/\/www.globalong.com\/blog\/wp-content\/uploads\/2018\/01\/Logo-et-Afrique-Globalong2.jpg\" \/>\n\t<meta property=\"og:image:width\" content=\"250\" \/>\n\t<meta property=\"og:image:height\" content=\"172\" \/>\n\t<meta property=\"og:image:type\" content=\"image\/jpeg\" \/>\n<meta name=\"twitter:card\" content=\"summary_large_image\" \/>\n<meta name=\"twitter:label1\" content=\"Dur\u00e9e de lecture estim\u00e9e\" \/>\n\t<meta name=\"twitter:data1\" content=\"2 minutes\" \/>\n<script type=\"application\/ld+json\" class=\"yoast-schema-graph\">{\"@context\":\"https:\/\/schema.org\",\"@graph\":[{\"@type\":\"WebPage\",\"@id\":\"https:\/\/www.globalong.com\/blog\/avis-temoignages-globalong\/benevolat-social-ecole-afrique-sud-capetown-enfants-apprendre-stage-international\/\",\"url\":\"https:\/\/www.globalong.com\/blog\/avis-temoignages-globalong\/benevolat-social-ecole-afrique-sud-capetown-enfants-apprendre-stage-international\/\",\"name\":\"Afrique du Sud - Eva - Association Globalong\",\"isPartOf\":{\"@id\":\"https:\/\/www.globalong.com\/blog\/#website\"},\"primaryImageOfPage\":{\"@id\":\"https:\/\/www.globalong.com\/blog\/avis-temoignages-globalong\/benevolat-social-ecole-afrique-sud-capetown-enfants-apprendre-stage-international\/#primaryimage\"},\"image\":{\"@id\":\"https:\/\/www.globalong.com\/blog\/avis-temoignages-globalong\/benevolat-social-ecole-afrique-sud-capetown-enfants-apprendre-stage-international\/#primaryimage\"},\"thumbnailUrl\":\"https:\/\/www.globalong.com\/blog\/wp-content\/uploads\/2018\/01\/Logo-et-Afrique-Globalong2.jpg\",\"datePublished\":\"2017-09-25T15:01:15+00:00\",\"dateModified\":\"2022-04-20T15:09:07+00:00\",\"breadcrumb\":{\"@id\":\"https:\/\/www.globalong.com\/blog\/avis-temoignages-globalong\/benevolat-social-ecole-afrique-sud-capetown-enfants-apprendre-stage-international\/#breadcrumb\"},\"inLanguage\":\"fr-FR\",\"potentialAction\":[{\"@type\":\"ReadAction\",\"target\":[\"https:\/\/www.globalong.com\/blog\/avis-temoignages-globalong\/benevolat-social-ecole-afrique-sud-capetown-enfants-apprendre-stage-international\/\"]}]},{\"@type\":\"ImageObject\",\"inLanguage\":\"fr-FR\",\"@id\":\"https:\/\/www.globalong.com\/blog\/avis-temoignages-globalong\/benevolat-social-ecole-afrique-sud-capetown-enfants-apprendre-stage-international\/#primaryimage\",\"url\":\"https:\/\/www.globalong.com\/blog\/wp-content\/uploads\/2018\/01\/Logo-et-Afrique-Globalong2.jpg\",\"contentUrl\":\"https:\/\/www.globalong.com\/blog\/wp-content\/uploads\/2018\/01\/Logo-et-Afrique-Globalong2.jpg\",\"width\":250,\"height\":172},{\"@type\":\"BreadcrumbList\",\"@id\":\"https:\/\/www.globalong.com\/blog\/avis-temoignages-globalong\/benevolat-social-ecole-afrique-sud-capetown-enfants-apprendre-stage-international\/#breadcrumb\",\"itemListElement\":[{\"@type\":\"ListItem\",\"position\":1,\"name\":\"Accueil\",\"item\":\"https:\/\/www.globalong.com\/blog\/\"},{\"@type\":\"ListItem\",\"position\":2,\"name\":\"T\u00e9moignages et avis de volontaires Globalong\",\"item\":\"https:\/\/www.globalong.com\/blog\/avis-temoignages-globalong\/\"},{\"@type\":\"ListItem\",\"position\":3,\"name\":\"Afrique du Sud &#8211; Eva\"}]},{\"@type\":\"WebSite\",\"@id\":\"https:\/\/www.globalong.com\/blog\/#website\",\"url\":\"https:\/\/www.globalong.com\/blog\/\",\"name\":\"https:\/\/www.globalong.com\/\",\"description\":\"Mission humanitaire, stage \u00e9tudiant et voyage linguistique\",\"publisher\":{\"@id\":\"https:\/\/www.globalong.com\/blog\/#organization\"},\"potentialAction\":[{\"@type\":\"SearchAction\",\"target\":{\"@type\":\"EntryPoint\",\"urlTemplate\":\"https:\/\/www.globalong.com\/blog\/?s={search_term_string}\"},\"query-input\":{\"@type\":\"PropertyValueSpecification\",\"valueRequired\":true,\"valueName\":\"search_term_string\"}}],\"inLanguage\":\"fr-FR\"},{\"@type\":\"Organization\",\"@id\":\"https:\/\/www.globalong.com\/blog\/#organization\",\"name\":\"Association Globalong\",\"url\":\"https:\/\/www.globalong.com\/blog\/\",\"logo\":{\"@type\":\"ImageObject\",\"inLanguage\":\"fr-FR\",\"@id\":\"https:\/\/www.globalong.com\/blog\/#\/schema\/logo\/image\/\",\"url\":\"https:\/\/www.globalong.com\/blog\/wp-content\/uploads\/2014\/11\/cropped-cropped-Logo-et-Afrique-Globalong-petite-taille-2.jpg\",\"contentUrl\":\"https:\/\/www.globalong.com\/blog\/wp-content\/uploads\/2014\/11\/cropped-cropped-Logo-et-Afrique-Globalong-petite-taille-2.jpg\",\"width\":512,\"height\":512,\"caption\":\"Association Globalong\"},\"image\":{\"@id\":\"https:\/\/www.globalong.com\/blog\/#\/schema\/logo\/image\/\"},\"sameAs\":[\"https:\/\/www.facebook.com\/globalong\"]}]}<\/script>\n<!-- \/ Yoast SEO Premium plugin. -->","yoast_head_json":{"title":"Afrique du Sud - Eva - Association Globalong","robots":{"index":"index","follow":"follow","max-snippet":"max-snippet:-1","max-image-preview":"max-image-preview:large","max-video-preview":"max-video-preview:-1"},"canonical":"https:\/\/www.globalong.com\/blog\/avis-temoignages-globalong\/benevolat-social-ecole-afrique-sud-capetown-enfants-apprendre-stage-international\/","og_locale":"fr_FR","og_type":"article","og_title":"Afrique du Sud - Eva","og_description":"T\u00e9moignage d\u2019Eva, b\u00e9n\u00e9vole avec GlobAlong en Afrique du Sud. Bonjour, Je suis partie en Afrique du Sud pendant 4 semaines car j&rsquo;ai toujours voulu faire du volontariat. J&rsquo;ai trouv\u00e9 que c&rsquo;\u00e9tait une bonne id\u00e9e d&rsquo;aller en Afrique du sud afin de pouvoir apporter ma contribution et en m\u00eame temps am\u00e9liorer mon anglais. J\u2019ai donc pris [&hellip;]","og_url":"https:\/\/www.globalong.com\/blog\/avis-temoignages-globalong\/benevolat-social-ecole-afrique-sud-capetown-enfants-apprendre-stage-international\/","og_site_name":"Association Globalong","article_publisher":"https:\/\/www.facebook.com\/globalong","article_modified_time":"2022-04-20T15:09:07+00:00","og_image":[{"width":250,"height":172,"url":"https:\/\/www.globalong.com\/blog\/wp-content\/uploads\/2018\/01\/Logo-et-Afrique-Globalong2.jpg","type":"image\/jpeg"}],"twitter_card":"summary_large_image","twitter_misc":{"Dur\u00e9e de lecture estim\u00e9e":"2 minutes"},"schema":{"@context":"https:\/\/schema.org","@graph":[{"@type":"WebPage","@id":"https:\/\/www.globalong.com\/blog\/avis-temoignages-globalong\/benevolat-social-ecole-afrique-sud-capetown-enfants-apprendre-stage-international\/","url":"https:\/\/www.globalong.com\/blog\/avis-temoignages-globalong\/benevolat-social-ecole-afrique-sud-capetown-enfants-apprendre-stage-international\/","name":"Afrique du Sud - Eva - Association Globalong","isPartOf":{"@id":"https:\/\/www.globalong.com\/blog\/#website"},"primaryImageOfPage":{"@id":"https:\/\/www.globalong.com\/blog\/avis-temoignages-globalong\/benevolat-social-ecole-afrique-sud-capetown-enfants-apprendre-stage-international\/#primaryimage"},"image":{"@id":"https:\/\/www.globalong.com\/blog\/avis-temoignages-globalong\/benevolat-social-ecole-afrique-sud-capetown-enfants-apprendre-stage-international\/#primaryimage"},"thumbnailUrl":"https:\/\/www.globalong.com\/blog\/wp-content\/uploads\/2018\/01\/Logo-et-Afrique-Globalong2.jpg","datePublished":"2017-09-25T15:01:15+00:00","dateModified":"2022-04-20T15:09:07+00:00","breadcrumb":{"@id":"https:\/\/www.globalong.com\/blog\/avis-temoignages-globalong\/benevolat-social-ecole-afrique-sud-capetown-enfants-apprendre-stage-international\/#breadcrumb"},"inLanguage":"fr-FR","potentialAction":[{"@type":"ReadAction","target":["https:\/\/www.globalong.com\/blog\/avis-temoignages-globalong\/benevolat-social-ecole-afrique-sud-capetown-enfants-apprendre-stage-international\/"]}]},{"@type":"ImageObject","inLanguage":"fr-FR","@id":"https:\/\/www.globalong.com\/blog\/avis-temoignages-globalong\/benevolat-social-ecole-afrique-sud-capetown-enfants-apprendre-stage-international\/#primaryimage","url":"https:\/\/www.globalong.com\/blog\/wp-content\/uploads\/2018\/01\/Logo-et-Afrique-Globalong2.jpg","contentUrl":"https:\/\/www.globalong.com\/blog\/wp-content\/uploads\/2018\/01\/Logo-et-Afrique-Globalong2.jpg","width":250,"height":172},{"@type":"BreadcrumbList","@id":"https:\/\/www.globalong.com\/blog\/avis-temoignages-globalong\/benevolat-social-ecole-afrique-sud-capetown-enfants-apprendre-stage-international\/#breadcrumb","itemListElement":[{"@type":"ListItem","position":1,"name":"Accueil","item":"https:\/\/www.globalong.com\/blog\/"},{"@type":"ListItem","position":2,"name":"T\u00e9moignages et avis de volontaires Globalong","item":"https:\/\/www.globalong.com\/blog\/avis-temoignages-globalong\/"},{"@type":"ListItem","position":3,"name":"Afrique du Sud &#8211; Eva"}]},{"@type":"WebSite","@id":"https:\/\/www.globalong.com\/blog\/#website","url":"https:\/\/www.globalong.com\/blog\/","name":"https:\/\/www.globalong.com\/","description":"Mission humanitaire, stage \u00e9tudiant et voyage linguistique","publisher":{"@id":"https:\/\/www.globalong.com\/blog\/#organization"},"potentialAction":[{"@type":"SearchAction","target":{"@type":"EntryPoint","urlTemplate":"https:\/\/www.globalong.com\/blog\/?s={search_term_string}"},"query-input":{"@type":"PropertyValueSpecification","valueRequired":true,"valueName":"search_term_string"}}],"inLanguage":"fr-FR"},{"@type":"Organization","@id":"https:\/\/www.globalong.com\/blog\/#organization","name":"Association Globalong","url":"https:\/\/www.globalong.com\/blog\/","logo":{"@type":"ImageObject","inLanguage":"fr-FR","@id":"https:\/\/www.globalong.com\/blog\/#\/schema\/logo\/image\/","url":"https:\/\/www.globalong.com\/blog\/wp-content\/uploads\/2014\/11\/cropped-cropped-Logo-et-Afrique-Globalong-petite-taille-2.jpg","contentUrl":"https:\/\/www.globalong.com\/blog\/wp-content\/uploads\/2014\/11\/cropped-cropped-Logo-et-Afrique-Globalong-petite-taille-2.jpg","width":512,"height":512,"caption":"Association Globalong"},"image":{"@id":"https:\/\/www.globalong.com\/blog\/#\/schema\/logo\/image\/"},"sameAs":["https:\/\/www.facebook.com\/globalong"]}]}},"_links":{"self":[{"href":"https:\/\/www.globalong.com\/blog\/wp-json\/wp\/v2\/pages\/6842"}],"collection":[{"href":"https:\/\/www.globalong.com\/blog\/wp-json\/wp\/v2\/pages"}],"about":[{"href":"https:\/\/www.globalong.com\/blog\/wp-json\/wp\/v2\/types\/page"}],"author":[{"embeddable":true,"href":"https:\/\/www.globalong.com\/blog\/wp-json\/wp\/v2\/users\/3"}],"replies":[{"embeddable":true,"href":"https:\/\/www.globalong.com\/blog\/wp-json\/wp\/v2\/comments?post=6842"}],"version-history":[{"count":12,"href":"https:\/\/www.globalong.com\/blog\/wp-json\/wp\/v2\/pages\/6842\/revisions"}],"predecessor-version":[{"id":14384,"href":"https:\/\/www.globalong.com\/blog\/wp-json\/wp\/v2\/pages\/6842\/revisions\/14384"}],"up":[{"embeddable":true,"href":"https:\/\/www.globalong.com\/blog\/wp-json\/wp\/v2\/pages\/883"}],"wp:featuredmedia":[{"embeddable":true,"href":"https:\/\/www.globalong.com\/blog\/wp-json\/wp\/v2\/media\/8946"}],"wp:attachment":[{"href":"https:\/\/www.globalong.com\/blog\/wp-json\/wp\/v2\/media?parent=6842"}],"curies":[{"name":"wp","href":"https:\/\/api.w.org\/{rel}","templated":true}]}}