{"id":6889,"date":"2017-09-26T14:28:56","date_gmt":"2017-09-26T12:28:56","guid":{"rendered":"https:\/\/www.globalong.com\/blog\/?page_id=6889"},"modified":"2022-05-06T10:43:00","modified_gmt":"2022-05-06T08:43:00","slug":"benevolat-asie-globalong-social-orphelins-camps-volontaires-stage","status":"publish","type":"page","link":"https:\/\/www.globalong.com\/blog\/avis-temoignages-globalong\/benevolat-asie-globalong-social-orphelins-camps-volontaires-stage\/","title":{"rendered":"Mongolie &#8211; Octanse, Nolwenn &#038; Lucie"},"content":{"rendered":"<p style=\"text-align: center;\"><strong><span style=\"color: #b81657;\">Nolwenn, Octanse et Lucie se sont engag\u00e9es ensemble sur un programme de b\u00e9n\u00e9volat en Mongolie. Voici leur t\u00e9moignage\u00a0:<\/span><\/strong><\/p>\n<p style=\"text-align: justify;\"><img loading=\"lazy\" decoding=\"async\" class=\"size-medium wp-image-6892 aligncenter\" src=\"https:\/\/www.globalong.com\/blog\/wp-content\/uploads\/2017\/09\/de\u0301part-ae\u0301roport-GlobAlong-min-300x169.jpg\" alt=\"b\u00e9n\u00e9volat en Mongolie - GlobAlong \" width=\"300\" height=\"169\" srcset=\"https:\/\/www.globalong.com\/blog\/wp-content\/uploads\/2017\/09\/de\u0301part-ae\u0301roport-GlobAlong-min-300x169.jpg 300w, https:\/\/www.globalong.com\/blog\/wp-content\/uploads\/2017\/09\/de\u0301part-ae\u0301roport-GlobAlong-min-768x431.jpg 768w, https:\/\/www.globalong.com\/blog\/wp-content\/uploads\/2017\/09\/de\u0301part-ae\u0301roport-GlobAlong-min-1024x575.jpg 1024w, https:\/\/www.globalong.com\/blog\/wp-content\/uploads\/2017\/09\/de\u0301part-ae\u0301roport-GlobAlong-min-150x84.jpg 150w, https:\/\/www.globalong.com\/blog\/wp-content\/uploads\/2017\/09\/de\u0301part-ae\u0301roport-GlobAlong-min.jpg 1440w\" sizes=\"(max-width: 300px) 100vw, 300px\" \/>Bonjour,<\/p>\n<p style=\"text-align: justify;\">Nous sommes rentr\u00e9es la semaine derni\u00e8re de notre <span style=\"text-decoration: underline;\"><a href=\"https:\/\/www.globalong.com\/sejour-benevolat\/mongolie-volontariat-humanitaire.html\" target=\"_blank\" rel=\"noopener\">mission solidaire en Mongolie.<\/a><\/span><\/p>\n<p style=\"text-align: justify;\">Un tr\u00e8s beau voyage rempli d&rsquo;\u00e9motions et de souvenirs. Des enfants accueillants et souriants malgr\u00e9 leur vie difficile. Nous en revenons grandies et avec l&rsquo;envie de continuer dans cette voie.<\/p>\n<p style=\"text-align: justify;\"><img loading=\"lazy\" decoding=\"async\" class=\"size-medium wp-image-6893 aligncenter\" src=\"https:\/\/www.globalong.com\/blog\/wp-content\/uploads\/2017\/09\/Groupe-denfants-en-camp-GlobAlong-min-300x144.jpg\" alt=\"volontaires internationales en Asie - GlobAlong \" width=\"300\" height=\"144\" srcset=\"https:\/\/www.globalong.com\/blog\/wp-content\/uploads\/2017\/09\/Groupe-denfants-en-camp-GlobAlong-min-300x144.jpg 300w, https:\/\/www.globalong.com\/blog\/wp-content\/uploads\/2017\/09\/Groupe-denfants-en-camp-GlobAlong-min-768x369.jpg 768w, https:\/\/www.globalong.com\/blog\/wp-content\/uploads\/2017\/09\/Groupe-denfants-en-camp-GlobAlong-min-1024x492.jpg 1024w, https:\/\/www.globalong.com\/blog\/wp-content\/uploads\/2017\/09\/Groupe-denfants-en-camp-GlobAlong-min-150x72.jpg 150w\" sizes=\"(max-width: 300px) 100vw, 300px\" \/>Nous tenions \u00e0 vous remercier particuli\u00e8rement pour votre aide et votre soutien.<\/p>\n<p style=\"text-align: justify;\">Nous sommes 3 \u00e9tudiantes en STAPS. \u00c2g\u00e9es de 20 ans nous revenons de 2 semaines de mission solidaire en Mongolie.<\/p>\n<p style=\"text-align: justify;\">Sur place, nous \u00e9tions dans un camp d&rsquo;\u00e9t\u00e9 pour enfants orphelins.<\/p>\n<p style=\"text-align: justify;\"><img loading=\"lazy\" decoding=\"async\" class=\"size-medium wp-image-6896 aligncenter\" src=\"https:\/\/www.globalong.com\/blog\/wp-content\/uploads\/2017\/09\/Volontariat-avec-les-enfants-en-Mongolie-GlobAlong-min-300x200.jpg\" alt=\"b\u00e9n\u00e9volat international en Asie - GlobAlong \" width=\"300\" height=\"200\" srcset=\"https:\/\/www.globalong.com\/blog\/wp-content\/uploads\/2017\/09\/Volontariat-avec-les-enfants-en-Mongolie-GlobAlong-min-300x200.jpg 300w, https:\/\/www.globalong.com\/blog\/wp-content\/uploads\/2017\/09\/Volontariat-avec-les-enfants-en-Mongolie-GlobAlong-min-768x512.jpg 768w, https:\/\/www.globalong.com\/blog\/wp-content\/uploads\/2017\/09\/Volontariat-avec-les-enfants-en-Mongolie-GlobAlong-min-1024x683.jpg 1024w, https:\/\/www.globalong.com\/blog\/wp-content\/uploads\/2017\/09\/Volontariat-avec-les-enfants-en-Mongolie-GlobAlong-min-150x100.jpg 150w\" sizes=\"(max-width: 300px) 100vw, 300px\" \/>Le matin, les volontaires \u00e9taient divis\u00e9s en 3 groupes : \u00ab\u00a0teaching\u00a0\u00bb (cours d&rsquo;anglais pour les plus grands), \u00ab\u00a0cleanning\u00a0\u00bb (nettoyage du camp, jeux avec les 2-6ans, premi\u00e8res notions d&rsquo;anglais), et \u00ab\u00a0cooking\u00a0\u00bb (cuisiner pour les repas des volontaires).<\/p>\n<p style=\"text-align: justify;\">La communication avec les enfants se faisaient uniquement par les gestes, les dessins, la communication verbale \u00e9tait compliqu\u00e9e. De 14h \u00e0 16h nous avions un temps libre. Ensuite, les activit\u00e9s variaient : ballade dans la for\u00eat, aller chercher du bois, peinture&#8230;<\/p>\n<p style=\"text-align: justify;\"><img loading=\"lazy\" decoding=\"async\" class=\"size-medium wp-image-6891 aligncenter\" src=\"https:\/\/www.globalong.com\/blog\/wp-content\/uploads\/2017\/09\/Be\u0301ne\u0301volat-international-en-Mongolie-GlobAlong-min-300x173.jpg\" alt=\"mission solidaire en Mongolie - GlobAlong \" width=\"300\" height=\"173\" srcset=\"https:\/\/www.globalong.com\/blog\/wp-content\/uploads\/2017\/09\/Be\u0301ne\u0301volat-international-en-Mongolie-GlobAlong-min-300x173.jpg 300w, https:\/\/www.globalong.com\/blog\/wp-content\/uploads\/2017\/09\/Be\u0301ne\u0301volat-international-en-Mongolie-GlobAlong-min-768x443.jpg 768w, https:\/\/www.globalong.com\/blog\/wp-content\/uploads\/2017\/09\/Be\u0301ne\u0301volat-international-en-Mongolie-GlobAlong-min-1024x590.jpg 1024w, https:\/\/www.globalong.com\/blog\/wp-content\/uploads\/2017\/09\/Be\u0301ne\u0301volat-international-en-Mongolie-GlobAlong-min-150x86.jpg 150w\" sizes=\"(max-width: 300px) 100vw, 300px\" \/>L&rsquo;avant dernier jour, nous avons fait un grand jeu : une olympiade qui r\u00e9unissait tous les enfants et une petite boum de d\u00e9part.<\/p>\n<p style=\"text-align: justify;\">Nous ressortons grandies de cette exp\u00e9rience enrichissante et inoubliable. Le contact avec une nouvelle culture et le lien avec des enfants attachants restent un bon souvenir.<\/p>\n<p style=\"text-align: justify;\">Nolwenn, Octanse et Lucie.<\/p>\n<p style=\"text-align: center;\">N&rsquo;h\u00e9sitez pas \u00e0 nous contacter par mail \u00e0 l&rsquo;adresse <span style=\"text-decoration: underline;\"><span style=\"color: #b81657; text-decoration: underline;\"><a href=\"mailto:info@globalong.com\">info@globalong.com<\/a> <\/span><\/span>pour plus de renseignements sur le programme de b\u00e9n\u00e9volat en Mongolie.<\/p>\n<p style=\"text-align: center;\">D\u00e9couvrez le programme en Mongolie <span style=\"text-decoration: underline;\"><span style=\"color: #b81657;\"><a href=\"https:\/\/www.globalong.com\/sejour-benevolat\/mongolie-volontariat-humanitaire.html\">en cliquant ici.<\/a><\/span><\/span><\/p>\n<p style=\"text-align: center;\">Visionnez <span style=\"text-decoration: underline; color: #b81657;\"><a href=\"https:\/\/www.flickr.com\/photos\/globalong\/albums\/72157661617352185\">plus de photos de la Mongolie ici.\u00a0<\/a><\/span><\/p>\n<p>&nbsp;<\/p>\n","protected":false},"excerpt":{"rendered":"<p>Nolwenn, Octanse et Lucie se sont engag\u00e9es ensemble sur un programme de b\u00e9n\u00e9volat en Mongolie. Voici leur t\u00e9moignage\u00a0: Bonjour, Nous sommes rentr\u00e9es la semaine derni\u00e8re de notre mission solidaire en Mongolie. Un tr\u00e8s beau voyage rempli d&rsquo;\u00e9motions et de souvenirs. Des enfants accueillants et souriants malgr\u00e9 leur vie difficile. Nous en revenons grandies et avec [&hellip;]<\/p>\n","protected":false},"author":3,"featured_media":6892,"parent":883,"menu_order":0,"comment_status":"open","ping_status":"closed","template":"","meta":{"footnotes":""},"yoast_head":"<!-- This site is optimized with the Yoast SEO Premium plugin v23.4 (Yoast SEO v23.4) - https:\/\/yoast.com\/wordpress\/plugins\/seo\/ -->\n<title>Mongolie - Octanse, Nolwenn &amp; Lucie - Association Globalong<\/title>\n<meta name=\"robots\" content=\"index, follow, max-snippet:-1, max-image-preview:large, max-video-preview:-1\" \/>\n<link rel=\"canonical\" href=\"https:\/\/www.globalong.com\/blog\/avis-temoignages-globalong\/benevolat-asie-globalong-social-orphelins-camps-volontaires-stage\/\" \/>\n<meta property=\"og:locale\" content=\"fr_FR\" \/>\n<meta property=\"og:type\" content=\"article\" \/>\n<meta property=\"og:title\" content=\"Mongolie - Octanse, Nolwenn &amp; Lucie\" \/>\n<meta property=\"og:description\" content=\"Nolwenn, Octanse et Lucie se sont engag\u00e9es ensemble sur un programme de b\u00e9n\u00e9volat en Mongolie. Voici leur t\u00e9moignage\u00a0: Bonjour, Nous sommes rentr\u00e9es la semaine derni\u00e8re de notre mission solidaire en Mongolie. Un tr\u00e8s beau voyage rempli d&rsquo;\u00e9motions et de souvenirs. Des enfants accueillants et souriants malgr\u00e9 leur vie difficile. Nous en revenons grandies et avec [&hellip;]\" \/>\n<meta property=\"og:url\" content=\"https:\/\/www.globalong.com\/blog\/avis-temoignages-globalong\/benevolat-asie-globalong-social-orphelins-camps-volontaires-stage\/\" \/>\n<meta property=\"og:site_name\" content=\"Association Globalong\" \/>\n<meta property=\"article:publisher\" content=\"https:\/\/www.facebook.com\/globalong\" \/>\n<meta property=\"article:modified_time\" content=\"2022-05-06T08:43:00+00:00\" \/>\n<meta property=\"og:image\" content=\"https:\/\/www.globalong.com\/blog\/wp-content\/uploads\/2017\/09\/de\u0301part-ae\u0301roport-GlobAlong-min.jpg\" \/>\n\t<meta property=\"og:image:width\" content=\"1440\" \/>\n\t<meta property=\"og:image:height\" content=\"809\" \/>\n\t<meta property=\"og:image:type\" content=\"image\/jpeg\" \/>\n<meta name=\"twitter:card\" content=\"summary_large_image\" \/>\n<meta name=\"twitter:label1\" content=\"Dur\u00e9e de lecture estim\u00e9e\" \/>\n\t<meta name=\"twitter:data1\" content=\"1 minute\" \/>\n<script type=\"application\/ld+json\" class=\"yoast-schema-graph\">{\"@context\":\"https:\/\/schema.org\",\"@graph\":[{\"@type\":\"WebPage\",\"@id\":\"https:\/\/www.globalong.com\/blog\/avis-temoignages-globalong\/benevolat-asie-globalong-social-orphelins-camps-volontaires-stage\/\",\"url\":\"https:\/\/www.globalong.com\/blog\/avis-temoignages-globalong\/benevolat-asie-globalong-social-orphelins-camps-volontaires-stage\/\",\"name\":\"Mongolie - Octanse, Nolwenn & Lucie - Association Globalong\",\"isPartOf\":{\"@id\":\"https:\/\/www.globalong.com\/blog\/#website\"},\"primaryImageOfPage\":{\"@id\":\"https:\/\/www.globalong.com\/blog\/avis-temoignages-globalong\/benevolat-asie-globalong-social-orphelins-camps-volontaires-stage\/#primaryimage\"},\"image\":{\"@id\":\"https:\/\/www.globalong.com\/blog\/avis-temoignages-globalong\/benevolat-asie-globalong-social-orphelins-camps-volontaires-stage\/#primaryimage\"},\"thumbnailUrl\":\"https:\/\/www.globalong.com\/blog\/wp-content\/uploads\/2017\/09\/de\u0301part-ae\u0301roport-GlobAlong-min.jpg\",\"datePublished\":\"2017-09-26T12:28:56+00:00\",\"dateModified\":\"2022-05-06T08:43:00+00:00\",\"breadcrumb\":{\"@id\":\"https:\/\/www.globalong.com\/blog\/avis-temoignages-globalong\/benevolat-asie-globalong-social-orphelins-camps-volontaires-stage\/#breadcrumb\"},\"inLanguage\":\"fr-FR\",\"potentialAction\":[{\"@type\":\"ReadAction\",\"target\":[\"https:\/\/www.globalong.com\/blog\/avis-temoignages-globalong\/benevolat-asie-globalong-social-orphelins-camps-volontaires-stage\/\"]}]},{\"@type\":\"ImageObject\",\"inLanguage\":\"fr-FR\",\"@id\":\"https:\/\/www.globalong.com\/blog\/avis-temoignages-globalong\/benevolat-asie-globalong-social-orphelins-camps-volontaires-stage\/#primaryimage\",\"url\":\"https:\/\/www.globalong.com\/blog\/wp-content\/uploads\/2017\/09\/de\u0301part-ae\u0301roport-GlobAlong-min.jpg\",\"contentUrl\":\"https:\/\/www.globalong.com\/blog\/wp-content\/uploads\/2017\/09\/de\u0301part-ae\u0301roport-GlobAlong-min.jpg\",\"width\":1440,\"height\":809,\"caption\":\"b\u00e9n\u00e9volat en Mongolie - GlobAlong\"},{\"@type\":\"BreadcrumbList\",\"@id\":\"https:\/\/www.globalong.com\/blog\/avis-temoignages-globalong\/benevolat-asie-globalong-social-orphelins-camps-volontaires-stage\/#breadcrumb\",\"itemListElement\":[{\"@type\":\"ListItem\",\"position\":1,\"name\":\"Accueil\",\"item\":\"https:\/\/www.globalong.com\/blog\/\"},{\"@type\":\"ListItem\",\"position\":2,\"name\":\"T\u00e9moignages et avis de volontaires Globalong\",\"item\":\"https:\/\/www.globalong.com\/blog\/avis-temoignages-globalong\/\"},{\"@type\":\"ListItem\",\"position\":3,\"name\":\"Mongolie &#8211; Octanse, Nolwenn &#038; Lucie\"}]},{\"@type\":\"WebSite\",\"@id\":\"https:\/\/www.globalong.com\/blog\/#website\",\"url\":\"https:\/\/www.globalong.com\/blog\/\",\"name\":\"https:\/\/www.globalong.com\/\",\"description\":\"Mission humanitaire, stage \u00e9tudiant et voyage linguistique\",\"publisher\":{\"@id\":\"https:\/\/www.globalong.com\/blog\/#organization\"},\"potentialAction\":[{\"@type\":\"SearchAction\",\"target\":{\"@type\":\"EntryPoint\",\"urlTemplate\":\"https:\/\/www.globalong.com\/blog\/?s={search_term_string}\"},\"query-input\":{\"@type\":\"PropertyValueSpecification\",\"valueRequired\":true,\"valueName\":\"search_term_string\"}}],\"inLanguage\":\"fr-FR\"},{\"@type\":\"Organization\",\"@id\":\"https:\/\/www.globalong.com\/blog\/#organization\",\"name\":\"Association Globalong\",\"url\":\"https:\/\/www.globalong.com\/blog\/\",\"logo\":{\"@type\":\"ImageObject\",\"inLanguage\":\"fr-FR\",\"@id\":\"https:\/\/www.globalong.com\/blog\/#\/schema\/logo\/image\/\",\"url\":\"https:\/\/www.globalong.com\/blog\/wp-content\/uploads\/2014\/11\/cropped-cropped-Logo-et-Afrique-Globalong-petite-taille-2.jpg\",\"contentUrl\":\"https:\/\/www.globalong.com\/blog\/wp-content\/uploads\/2014\/11\/cropped-cropped-Logo-et-Afrique-Globalong-petite-taille-2.jpg\",\"width\":512,\"height\":512,\"caption\":\"Association Globalong\"},\"image\":{\"@id\":\"https:\/\/www.globalong.com\/blog\/#\/schema\/logo\/image\/\"},\"sameAs\":[\"https:\/\/www.facebook.com\/globalong\"]}]}<\/script>\n<!-- \/ Yoast SEO Premium plugin. -->","yoast_head_json":{"title":"Mongolie - Octanse, Nolwenn & Lucie - Association Globalong","robots":{"index":"index","follow":"follow","max-snippet":"max-snippet:-1","max-image-preview":"max-image-preview:large","max-video-preview":"max-video-preview:-1"},"canonical":"https:\/\/www.globalong.com\/blog\/avis-temoignages-globalong\/benevolat-asie-globalong-social-orphelins-camps-volontaires-stage\/","og_locale":"fr_FR","og_type":"article","og_title":"Mongolie - Octanse, Nolwenn & Lucie","og_description":"Nolwenn, Octanse et Lucie se sont engag\u00e9es ensemble sur un programme de b\u00e9n\u00e9volat en Mongolie. Voici leur t\u00e9moignage\u00a0: Bonjour, Nous sommes rentr\u00e9es la semaine derni\u00e8re de notre mission solidaire en Mongolie. Un tr\u00e8s beau voyage rempli d&rsquo;\u00e9motions et de souvenirs. Des enfants accueillants et souriants malgr\u00e9 leur vie difficile. Nous en revenons grandies et avec [&hellip;]","og_url":"https:\/\/www.globalong.com\/blog\/avis-temoignages-globalong\/benevolat-asie-globalong-social-orphelins-camps-volontaires-stage\/","og_site_name":"Association Globalong","article_publisher":"https:\/\/www.facebook.com\/globalong","article_modified_time":"2022-05-06T08:43:00+00:00","og_image":[{"width":1440,"height":809,"url":"https:\/\/www.globalong.com\/blog\/wp-content\/uploads\/2017\/09\/de\u0301part-ae\u0301roport-GlobAlong-min.jpg","type":"image\/jpeg"}],"twitter_card":"summary_large_image","twitter_misc":{"Dur\u00e9e de lecture estim\u00e9e":"1 minute"},"schema":{"@context":"https:\/\/schema.org","@graph":[{"@type":"WebPage","@id":"https:\/\/www.globalong.com\/blog\/avis-temoignages-globalong\/benevolat-asie-globalong-social-orphelins-camps-volontaires-stage\/","url":"https:\/\/www.globalong.com\/blog\/avis-temoignages-globalong\/benevolat-asie-globalong-social-orphelins-camps-volontaires-stage\/","name":"Mongolie - Octanse, Nolwenn & Lucie - Association Globalong","isPartOf":{"@id":"https:\/\/www.globalong.com\/blog\/#website"},"primaryImageOfPage":{"@id":"https:\/\/www.globalong.com\/blog\/avis-temoignages-globalong\/benevolat-asie-globalong-social-orphelins-camps-volontaires-stage\/#primaryimage"},"image":{"@id":"https:\/\/www.globalong.com\/blog\/avis-temoignages-globalong\/benevolat-asie-globalong-social-orphelins-camps-volontaires-stage\/#primaryimage"},"thumbnailUrl":"https:\/\/www.globalong.com\/blog\/wp-content\/uploads\/2017\/09\/de\u0301part-ae\u0301roport-GlobAlong-min.jpg","datePublished":"2017-09-26T12:28:56+00:00","dateModified":"2022-05-06T08:43:00+00:00","breadcrumb":{"@id":"https:\/\/www.globalong.com\/blog\/avis-temoignages-globalong\/benevolat-asie-globalong-social-orphelins-camps-volontaires-stage\/#breadcrumb"},"inLanguage":"fr-FR","potentialAction":[{"@type":"ReadAction","target":["https:\/\/www.globalong.com\/blog\/avis-temoignages-globalong\/benevolat-asie-globalong-social-orphelins-camps-volontaires-stage\/"]}]},{"@type":"ImageObject","inLanguage":"fr-FR","@id":"https:\/\/www.globalong.com\/blog\/avis-temoignages-globalong\/benevolat-asie-globalong-social-orphelins-camps-volontaires-stage\/#primaryimage","url":"https:\/\/www.globalong.com\/blog\/wp-content\/uploads\/2017\/09\/de\u0301part-ae\u0301roport-GlobAlong-min.jpg","contentUrl":"https:\/\/www.globalong.com\/blog\/wp-content\/uploads\/2017\/09\/de\u0301part-ae\u0301roport-GlobAlong-min.jpg","width":1440,"height":809,"caption":"b\u00e9n\u00e9volat en Mongolie - GlobAlong"},{"@type":"BreadcrumbList","@id":"https:\/\/www.globalong.com\/blog\/avis-temoignages-globalong\/benevolat-asie-globalong-social-orphelins-camps-volontaires-stage\/#breadcrumb","itemListElement":[{"@type":"ListItem","position":1,"name":"Accueil","item":"https:\/\/www.globalong.com\/blog\/"},{"@type":"ListItem","position":2,"name":"T\u00e9moignages et avis de volontaires Globalong","item":"https:\/\/www.globalong.com\/blog\/avis-temoignages-globalong\/"},{"@type":"ListItem","position":3,"name":"Mongolie &#8211; Octanse, Nolwenn &#038; Lucie"}]},{"@type":"WebSite","@id":"https:\/\/www.globalong.com\/blog\/#website","url":"https:\/\/www.globalong.com\/blog\/","name":"https:\/\/www.globalong.com\/","description":"Mission humanitaire, stage \u00e9tudiant et voyage linguistique","publisher":{"@id":"https:\/\/www.globalong.com\/blog\/#organization"},"potentialAction":[{"@type":"SearchAction","target":{"@type":"EntryPoint","urlTemplate":"https:\/\/www.globalong.com\/blog\/?s={search_term_string}"},"query-input":{"@type":"PropertyValueSpecification","valueRequired":true,"valueName":"search_term_string"}}],"inLanguage":"fr-FR"},{"@type":"Organization","@id":"https:\/\/www.globalong.com\/blog\/#organization","name":"Association Globalong","url":"https:\/\/www.globalong.com\/blog\/","logo":{"@type":"ImageObject","inLanguage":"fr-FR","@id":"https:\/\/www.globalong.com\/blog\/#\/schema\/logo\/image\/","url":"https:\/\/www.globalong.com\/blog\/wp-content\/uploads\/2014\/11\/cropped-cropped-Logo-et-Afrique-Globalong-petite-taille-2.jpg","contentUrl":"https:\/\/www.globalong.com\/blog\/wp-content\/uploads\/2014\/11\/cropped-cropped-Logo-et-Afrique-Globalong-petite-taille-2.jpg","width":512,"height":512,"caption":"Association Globalong"},"image":{"@id":"https:\/\/www.globalong.com\/blog\/#\/schema\/logo\/image\/"},"sameAs":["https:\/\/www.facebook.com\/globalong"]}]}},"_links":{"self":[{"href":"https:\/\/www.globalong.com\/blog\/wp-json\/wp\/v2\/pages\/6889"}],"collection":[{"href":"https:\/\/www.globalong.com\/blog\/wp-json\/wp\/v2\/pages"}],"about":[{"href":"https:\/\/www.globalong.com\/blog\/wp-json\/wp\/v2\/types\/page"}],"author":[{"embeddable":true,"href":"https:\/\/www.globalong.com\/blog\/wp-json\/wp\/v2\/users\/3"}],"replies":[{"embeddable":true,"href":"https:\/\/www.globalong.com\/blog\/wp-json\/wp\/v2\/comments?post=6889"}],"version-history":[{"count":7,"href":"https:\/\/www.globalong.com\/blog\/wp-json\/wp\/v2\/pages\/6889\/revisions"}],"predecessor-version":[{"id":14532,"href":"https:\/\/www.globalong.com\/blog\/wp-json\/wp\/v2\/pages\/6889\/revisions\/14532"}],"up":[{"embeddable":true,"href":"https:\/\/www.globalong.com\/blog\/wp-json\/wp\/v2\/pages\/883"}],"wp:featuredmedia":[{"embeddable":true,"href":"https:\/\/www.globalong.com\/blog\/wp-json\/wp\/v2\/media\/6892"}],"wp:attachment":[{"href":"https:\/\/www.globalong.com\/blog\/wp-json\/wp\/v2\/media?parent=6889"}],"curies":[{"name":"wp","href":"https:\/\/api.w.org\/{rel}","templated":true}]}}