{"id":6928,"date":"2017-10-03T15:54:05","date_gmt":"2017-10-03T13:54:05","guid":{"rendered":"https:\/\/www.globalong.com\/blog\/?page_id=6928"},"modified":"2025-09-07T15:08:43","modified_gmt":"2025-09-07T13:08:43","slug":"temoignages-mongolie-asie-ecovolontariat-environnement-gers-gobi","status":"publish","type":"page","link":"https:\/\/www.globalong.com\/blog\/avis-temoignages-globalong\/temoignages-mongolie-asie-ecovolontariat-environnement-gers-gobi\/","title":{"rendered":"Mongolie &#8211; Quentin"},"content":{"rendered":"<p style=\"text-align: center;\"><strong><span style=\"color: #b81657;\">T\u00e9moignage de Quentin, b\u00e9n\u00e9vole avec GlobAlong en Mongolie<\/span><\/strong><\/p>\n<p style=\"text-align: justify;\"><img loading=\"lazy\" decoding=\"async\" class=\"size-medium wp-image-6943 aligncenter\" src=\"https:\/\/www.globalong.com\/blog\/wp-content\/uploads\/2017\/10\/Ciel-nocturne-et-be\u0301ne\u0301voles-en-Mongolie-GlobAlong-300x225.jpg\" alt=\"Programme de b\u00e9n\u00e9volat international en Mongolie - GlobAlong\" width=\"300\" height=\"225\" srcset=\"https:\/\/www.globalong.com\/blog\/wp-content\/uploads\/2017\/10\/Ciel-nocturne-et-be\u0301ne\u0301voles-en-Mongolie-GlobAlong-300x225.jpg 300w, https:\/\/www.globalong.com\/blog\/wp-content\/uploads\/2017\/10\/Ciel-nocturne-et-be\u0301ne\u0301voles-en-Mongolie-GlobAlong-768x577.jpg 768w, https:\/\/www.globalong.com\/blog\/wp-content\/uploads\/2017\/10\/Ciel-nocturne-et-be\u0301ne\u0301voles-en-Mongolie-GlobAlong-150x113.jpg 150w, https:\/\/www.globalong.com\/blog\/wp-content\/uploads\/2017\/10\/Ciel-nocturne-et-be\u0301ne\u0301voles-en-Mongolie-GlobAlong.jpg 1023w\" sizes=\"(max-width: 300px) 100vw, 300px\" \/>Bonjour je m\u2019appelle Quentin je suis parti pendant 2 semaines en <span style=\"text-decoration: underline;\"><a href=\"https:\/\/www.globalong.com\/sejour-benevolat\/mongolie-volontariat-humanitaire.html\" target=\"_blank\" rel=\"noopener\">Mongolie.<\/a><\/span><\/p>\n<p style=\"text-align: justify;\">Je voulais avoir une premi\u00e8re exp\u00e9rience dans le domaine du volontariat, apporter mon aide l\u00e0 o\u00f9 je pouvais \u00eatre utile. Je voulais aussi voyager autrement, afin de me m\u00ealer davantage \u00e0 la culture du pays.<\/p>\n<p style=\"text-align: justify;\">Pendant la p\u00e9riode d\u2019immersion, nous avons pu nous familiariser avec le workcamp apr\u00e8s un briefing d&rsquo;une trentaine de minutes. Le coordinateur sur place \u00e9tait excellent.<\/p>\n<p style=\"text-align: justify;\"><img loading=\"lazy\" decoding=\"async\" class=\"size-medium wp-image-6946 aligncenter\" src=\"https:\/\/www.globalong.com\/blog\/wp-content\/uploads\/2017\/10\/De\u0301couverte-de-la-culture-mongole-lors-dune-mission-de\u0301co-volontariat-GlobAlong-300x200.jpg\" alt=\"volontariat international en Mongolie - GlobAlong \" width=\"300\" height=\"200\" srcset=\"https:\/\/www.globalong.com\/blog\/wp-content\/uploads\/2017\/10\/De\u0301couverte-de-la-culture-mongole-lors-dune-mission-de\u0301co-volontariat-GlobAlong-300x200.jpg 300w, https:\/\/www.globalong.com\/blog\/wp-content\/uploads\/2017\/10\/De\u0301couverte-de-la-culture-mongole-lors-dune-mission-de\u0301co-volontariat-GlobAlong-768x512.jpg 768w, https:\/\/www.globalong.com\/blog\/wp-content\/uploads\/2017\/10\/De\u0301couverte-de-la-culture-mongole-lors-dune-mission-de\u0301co-volontariat-GlobAlong-1024x683.jpg 1024w, https:\/\/www.globalong.com\/blog\/wp-content\/uploads\/2017\/10\/De\u0301couverte-de-la-culture-mongole-lors-dune-mission-de\u0301co-volontariat-GlobAlong-150x100.jpg 150w, https:\/\/www.globalong.com\/blog\/wp-content\/uploads\/2017\/10\/De\u0301couverte-de-la-culture-mongole-lors-dune-mission-de\u0301co-volontariat-GlobAlong.jpg 1500w\" sizes=\"(max-width: 300px) 100vw, 300px\" \/>Le workcamp en soi \u00e9tait g\u00e9nial, j&rsquo;en garderai un excellent souvenir et j&rsquo;ai rencontr\u00e9 des gens exceptionnels. Au niveau du travail, c&rsquo;\u00e9tait tr\u00e8s l\u00e9ger (1 \u00e0 2h par jour en moyenne) mais suffisant car r\u00e9p\u00e9titif (d\u00e9sherbage de champs de pomme de terre \u00e0 la main\/ arrosage des arbres, c&rsquo;est tout). Heureusement, le coordinateur \u00e9tait tr\u00e8s ouvert \u00e0 de nouveaux projets et nous nous sommes d\u00e9brouill\u00e9s pour construire un nouveau compost plus intelligent, ainsi que pour am\u00e9liorer certains aspects du camp.<\/p>\n<p style=\"text-align: justify;\"><img loading=\"lazy\" decoding=\"async\" class=\"size-medium wp-image-6948 aligncenter\" src=\"https:\/\/www.globalong.com\/blog\/wp-content\/uploads\/2017\/10\/Quentin-jeune-be\u0301ne\u0301vole-lors-dune-excursion-en-Mongolie-GlobAlong-300x200.jpg\" alt=\"Mission humanitaire - GlobAlong \" width=\"300\" height=\"200\" srcset=\"https:\/\/www.globalong.com\/blog\/wp-content\/uploads\/2017\/10\/Quentin-jeune-be\u0301ne\u0301vole-lors-dune-excursion-en-Mongolie-GlobAlong-300x200.jpg 300w, https:\/\/www.globalong.com\/blog\/wp-content\/uploads\/2017\/10\/Quentin-jeune-be\u0301ne\u0301vole-lors-dune-excursion-en-Mongolie-GlobAlong-768x512.jpg 768w, https:\/\/www.globalong.com\/blog\/wp-content\/uploads\/2017\/10\/Quentin-jeune-be\u0301ne\u0301vole-lors-dune-excursion-en-Mongolie-GlobAlong-1024x683.jpg 1024w, https:\/\/www.globalong.com\/blog\/wp-content\/uploads\/2017\/10\/Quentin-jeune-be\u0301ne\u0301vole-lors-dune-excursion-en-Mongolie-GlobAlong-150x100.jpg 150w, https:\/\/www.globalong.com\/blog\/wp-content\/uploads\/2017\/10\/Quentin-jeune-be\u0301ne\u0301vole-lors-dune-excursion-en-Mongolie-GlobAlong.jpg 1500w\" sizes=\"(max-width: 300px) 100vw, 300px\" \/>Pendant mon temps libre, j\u2019ai pu me rendre au Naadam festival \u00e0 Oulan-Bator, la c\u00e9r\u00e9monie est tr\u00e8s belle mais aussi faire une petite excursion dans le d\u00e9sert de Gobi : visite de l&rsquo;ancienne capitale, 30 min de chameau, 30 min de cheval et logement dans un camp de nomade au milieu du little Gobi. Agr\u00e9able mais tr\u00e8s touristique. Une seule famille poss\u00e8de 6-7 yourtes afin d&rsquo;accueillir des touristes de partout.<\/p>\n<p style=\"text-align: justify;\">J\u2019ai fait des rencontres int\u00e9ressantes, le coordinateur du workcamp tr\u00e8s inspirant, je garderai contact avec lui.<\/p>\n<p style=\"text-align: justify;\"><img loading=\"lazy\" decoding=\"async\" class=\"size-medium wp-image-6950 aligncenter\" src=\"https:\/\/www.globalong.com\/blog\/wp-content\/uploads\/2017\/10\/Les-be\u0301ne\u0301voles-du-programme-humanitaire-en-Mongolie-GlobAlong-300x169.jpg\" alt=\"Mission humanitaire et \u00e9change culture - GlobAlong \" width=\"300\" height=\"169\" srcset=\"https:\/\/www.globalong.com\/blog\/wp-content\/uploads\/2017\/10\/Les-be\u0301ne\u0301voles-du-programme-humanitaire-en-Mongolie-GlobAlong-300x169.jpg 300w, https:\/\/www.globalong.com\/blog\/wp-content\/uploads\/2017\/10\/Les-be\u0301ne\u0301voles-du-programme-humanitaire-en-Mongolie-GlobAlong-768x434.jpg 768w, https:\/\/www.globalong.com\/blog\/wp-content\/uploads\/2017\/10\/Les-be\u0301ne\u0301voles-du-programme-humanitaire-en-Mongolie-GlobAlong.jpg 1024w, https:\/\/www.globalong.com\/blog\/wp-content\/uploads\/2017\/10\/Les-be\u0301ne\u0301voles-du-programme-humanitaire-en-Mongolie-GlobAlong-150x85.jpg 150w\" sizes=\"(max-width: 300px) 100vw, 300px\" \/>Parfait lien entre la <a href=\"https:\/\/www.globalong.com\/blog\/mission-humanitaire-en-mongolie\/\" target=\"_blank\" rel=\"noopener\">culture mongole<\/a> et l&rsquo;ouverture \u00e0 l&rsquo;international. Nous avons aussi eu l&rsquo;occasion de partager notre culture et de go\u00fbter \u00e0 des plats typiques de Cor\u00e9e du sud, Taiwan, Hongkong et Macao gr\u00e2ce aux autres volontaires du camp qui faisaient souvent la cuisine.<\/p>\n<p style=\"text-align: justify;\">Cette exp\u00e9rience marque une bonne introduction aux diff\u00e9rents voyages que je compte faire au cours de ma vie. Le fait que cela soit encadr\u00e9 permet de garder une s\u00e9curit\u00e9 dont je souhaite me d\u00e9barrasser lors de mes prochains p\u00e9riples.<\/p>\n<p style=\"text-align: justify;\"><img loading=\"lazy\" decoding=\"async\" class=\"size-medium wp-image-6952 aligncenter\" src=\"https:\/\/www.globalong.com\/blog\/wp-content\/uploads\/2017\/10\/Voyage-humanitaire-en-Asie-GlobAlong-300x225.jpg\" alt=\"Volontaire en excursion - GlobAlong \" width=\"300\" height=\"225\" srcset=\"https:\/\/www.globalong.com\/blog\/wp-content\/uploads\/2017\/10\/Voyage-humanitaire-en-Asie-GlobAlong-300x225.jpg 300w, https:\/\/www.globalong.com\/blog\/wp-content\/uploads\/2017\/10\/Voyage-humanitaire-en-Asie-GlobAlong-768x576.jpg 768w, https:\/\/www.globalong.com\/blog\/wp-content\/uploads\/2017\/10\/Voyage-humanitaire-en-Asie-GlobAlong-150x113.jpg 150w, https:\/\/www.globalong.com\/blog\/wp-content\/uploads\/2017\/10\/Voyage-humanitaire-en-Asie-GlobAlong.jpg 960w\" sizes=\"(max-width: 300px) 100vw, 300px\" \/>Au niveau humanitaire, j&rsquo;envisage d\u00e9sormais ma future carri\u00e8re d&rsquo;ing\u00e9nieur en lien avec cela.<\/p>\n<p style=\"text-align: justify;\">Mon retour \u00e0 la maison ne s\u2019est pas trop mal pass\u00e9, la nourriture de la maison m&rsquo;avait manqu\u00e9, m\u00eame si j&rsquo;ai ador\u00e9 la nourriture mongole et asiatique en g\u00e9n\u00e9ral.<\/p>\n<p style=\"text-align: justify;\">De plus, j&rsquo;ai d&rsquo;autres projets pressants, donc pas le temps de ressasser cette exp\u00e9rience de fa\u00e7on nostalgique. Je prends plut\u00f4t celle-ci comme un tremplin pour passer \u00e0 la suite.<\/p>\n<p style=\"text-align: justify;\">Mon conseil pour les futurs participants\u00a0?<\/p>\n<p><img loading=\"lazy\" decoding=\"async\" class=\"size-medium wp-image-6956 aligncenter\" src=\"https:\/\/www.globalong.com\/blog\/wp-content\/uploads\/2017\/10\/Les-be\u0301ne\u0301voles-de-la-ferme-e\u0301cologique-en-Mongolie-GlobAlong-300x200.jpg\" alt=\"Volontaire en temps libre - GlobAlong \" width=\"300\" height=\"200\" srcset=\"https:\/\/www.globalong.com\/blog\/wp-content\/uploads\/2017\/10\/Les-be\u0301ne\u0301voles-de-la-ferme-e\u0301cologique-en-Mongolie-GlobAlong-300x200.jpg 300w, https:\/\/www.globalong.com\/blog\/wp-content\/uploads\/2017\/10\/Les-be\u0301ne\u0301voles-de-la-ferme-e\u0301cologique-en-Mongolie-GlobAlong-768x512.jpg 768w, https:\/\/www.globalong.com\/blog\/wp-content\/uploads\/2017\/10\/Les-be\u0301ne\u0301voles-de-la-ferme-e\u0301cologique-en-Mongolie-GlobAlong-1024x683.jpg 1024w, https:\/\/www.globalong.com\/blog\/wp-content\/uploads\/2017\/10\/Les-be\u0301ne\u0301voles-de-la-ferme-e\u0301cologique-en-Mongolie-GlobAlong-150x100.jpg 150w, https:\/\/www.globalong.com\/blog\/wp-content\/uploads\/2017\/10\/Les-be\u0301ne\u0301voles-de-la-ferme-e\u0301cologique-en-Mongolie-GlobAlong.jpg 1500w\" sizes=\"(max-width: 300px) 100vw, 300px\" \/><\/p>\n<p style=\"text-align: justify;\">\u00catre ouvert d&rsquo;esprit, ne pas \u00eatre d\u00e9gout\u00e9 par des m\u0153urs diff\u00e9rentes des n\u00f4tres, se rendre compte que nous sommes l&rsquo;\u00e9tranger dans le pays. Aussi: avoir des standards en termes d&rsquo;hygi\u00e8ne qui soient tr\u00e8s bas.<\/p>\n<p style=\"text-align: center;\">Pour plus de renseignements, n&rsquo;h\u00e9sitez pas \u00e0 nous contacter \u00e0 l&rsquo;adresse <span style=\"text-decoration: underline;\"><span style=\"color: #b81657;\"><a href=\"mailto:info@globalong.com\">info@globalong.com<\/a><\/span><\/span><\/p>\n<p style=\"text-align: center;\">D\u00e9couvrez le programme de b\u00e9n\u00e9volat en Mongolie <span style=\"text-decoration: underline; color: #b81657;\"><a href=\"https:\/\/www.globalong.com\/sejour-benevolat\/mongolie-volontariat-humanitaire.html\">en cliquant ici.<\/a><\/span><\/p>\n<p style=\"text-align: center;\">Plus de photos de la Mongolie ?\u00a0<span style=\"text-decoration: underline;\"><span style=\"color: #b81657;\"><a href=\"https:\/\/www.flickr.com\/photos\/globalong\/albums\/72157661617352185\" target=\"_blank\" rel=\"noopener\">Cliquez-ici !<\/a><\/span><\/span><\/p>\n<p>&nbsp;<\/p>\n","protected":false},"excerpt":{"rendered":"<p>T\u00e9moignage de Quentin, b\u00e9n\u00e9vole avec GlobAlong en Mongolie Bonjour je m\u2019appelle Quentin je suis parti pendant 2 semaines en Mongolie. Je voulais avoir une premi\u00e8re exp\u00e9rience dans le domaine du volontariat, apporter mon aide l\u00e0 o\u00f9 je pouvais \u00eatre utile. Je voulais aussi voyager autrement, afin de me m\u00ealer davantage \u00e0 la culture du pays. [&hellip;]<\/p>\n","protected":false},"author":3,"featured_media":6948,"parent":883,"menu_order":0,"comment_status":"open","ping_status":"closed","template":"","meta":{"footnotes":""},"yoast_head":"<!-- This site is optimized with the Yoast SEO Premium plugin v23.4 (Yoast SEO v23.4) - https:\/\/yoast.com\/wordpress\/plugins\/seo\/ -->\n<title>Mongolie - Quentin - Association Globalong<\/title>\n<meta name=\"robots\" content=\"index, follow, max-snippet:-1, max-image-preview:large, max-video-preview:-1\" \/>\n<link rel=\"canonical\" href=\"https:\/\/www.globalong.com\/blog\/avis-temoignages-globalong\/temoignages-mongolie-asie-ecovolontariat-environnement-gers-gobi\/\" \/>\n<meta property=\"og:locale\" content=\"fr_FR\" \/>\n<meta property=\"og:type\" content=\"article\" \/>\n<meta property=\"og:title\" content=\"Mongolie - Quentin\" \/>\n<meta property=\"og:description\" content=\"T\u00e9moignage de Quentin, b\u00e9n\u00e9vole avec GlobAlong en Mongolie Bonjour je m\u2019appelle Quentin je suis parti pendant 2 semaines en Mongolie. Je voulais avoir une premi\u00e8re exp\u00e9rience dans le domaine du volontariat, apporter mon aide l\u00e0 o\u00f9 je pouvais \u00eatre utile. Je voulais aussi voyager autrement, afin de me m\u00ealer davantage \u00e0 la culture du pays. [&hellip;]\" \/>\n<meta property=\"og:url\" content=\"https:\/\/www.globalong.com\/blog\/avis-temoignages-globalong\/temoignages-mongolie-asie-ecovolontariat-environnement-gers-gobi\/\" \/>\n<meta property=\"og:site_name\" content=\"Association Globalong\" \/>\n<meta property=\"article:publisher\" content=\"https:\/\/www.facebook.com\/globalong\" \/>\n<meta property=\"article:modified_time\" content=\"2025-09-07T13:08:43+00:00\" \/>\n<meta property=\"og:image\" content=\"https:\/\/www.globalong.com\/blog\/wp-content\/uploads\/2017\/10\/Quentin-jeune-be\u0301ne\u0301vole-lors-dune-excursion-en-Mongolie-GlobAlong.jpg\" \/>\n\t<meta property=\"og:image:width\" content=\"1500\" \/>\n\t<meta property=\"og:image:height\" content=\"1000\" \/>\n\t<meta property=\"og:image:type\" content=\"image\/jpeg\" \/>\n<meta name=\"twitter:card\" content=\"summary_large_image\" \/>\n<meta name=\"twitter:label1\" content=\"Dur\u00e9e de lecture estim\u00e9e\" \/>\n\t<meta name=\"twitter:data1\" content=\"4 minutes\" \/>\n<script type=\"application\/ld+json\" class=\"yoast-schema-graph\">{\"@context\":\"https:\/\/schema.org\",\"@graph\":[{\"@type\":\"WebPage\",\"@id\":\"https:\/\/www.globalong.com\/blog\/avis-temoignages-globalong\/temoignages-mongolie-asie-ecovolontariat-environnement-gers-gobi\/\",\"url\":\"https:\/\/www.globalong.com\/blog\/avis-temoignages-globalong\/temoignages-mongolie-asie-ecovolontariat-environnement-gers-gobi\/\",\"name\":\"Mongolie - Quentin - Association Globalong\",\"isPartOf\":{\"@id\":\"https:\/\/www.globalong.com\/blog\/#website\"},\"primaryImageOfPage\":{\"@id\":\"https:\/\/www.globalong.com\/blog\/avis-temoignages-globalong\/temoignages-mongolie-asie-ecovolontariat-environnement-gers-gobi\/#primaryimage\"},\"image\":{\"@id\":\"https:\/\/www.globalong.com\/blog\/avis-temoignages-globalong\/temoignages-mongolie-asie-ecovolontariat-environnement-gers-gobi\/#primaryimage\"},\"thumbnailUrl\":\"https:\/\/www.globalong.com\/blog\/wp-content\/uploads\/2017\/10\/Quentin-jeune-be\u0301ne\u0301vole-lors-dune-excursion-en-Mongolie-GlobAlong.jpg\",\"datePublished\":\"2017-10-03T13:54:05+00:00\",\"dateModified\":\"2025-09-07T13:08:43+00:00\",\"breadcrumb\":{\"@id\":\"https:\/\/www.globalong.com\/blog\/avis-temoignages-globalong\/temoignages-mongolie-asie-ecovolontariat-environnement-gers-gobi\/#breadcrumb\"},\"inLanguage\":\"fr-FR\",\"potentialAction\":[{\"@type\":\"ReadAction\",\"target\":[\"https:\/\/www.globalong.com\/blog\/avis-temoignages-globalong\/temoignages-mongolie-asie-ecovolontariat-environnement-gers-gobi\/\"]}]},{\"@type\":\"ImageObject\",\"inLanguage\":\"fr-FR\",\"@id\":\"https:\/\/www.globalong.com\/blog\/avis-temoignages-globalong\/temoignages-mongolie-asie-ecovolontariat-environnement-gers-gobi\/#primaryimage\",\"url\":\"https:\/\/www.globalong.com\/blog\/wp-content\/uploads\/2017\/10\/Quentin-jeune-be\u0301ne\u0301vole-lors-dune-excursion-en-Mongolie-GlobAlong.jpg\",\"contentUrl\":\"https:\/\/www.globalong.com\/blog\/wp-content\/uploads\/2017\/10\/Quentin-jeune-be\u0301ne\u0301vole-lors-dune-excursion-en-Mongolie-GlobAlong.jpg\",\"width\":1500,\"height\":1000,\"caption\":\"Mission humanitaire pour les jeunes\"},{\"@type\":\"BreadcrumbList\",\"@id\":\"https:\/\/www.globalong.com\/blog\/avis-temoignages-globalong\/temoignages-mongolie-asie-ecovolontariat-environnement-gers-gobi\/#breadcrumb\",\"itemListElement\":[{\"@type\":\"ListItem\",\"position\":1,\"name\":\"Accueil\",\"item\":\"https:\/\/www.globalong.com\/blog\/\"},{\"@type\":\"ListItem\",\"position\":2,\"name\":\"T\u00e9moignages et avis de volontaires Globalong\",\"item\":\"https:\/\/www.globalong.com\/blog\/avis-temoignages-globalong\/\"},{\"@type\":\"ListItem\",\"position\":3,\"name\":\"Mongolie &#8211; Quentin\"}]},{\"@type\":\"WebSite\",\"@id\":\"https:\/\/www.globalong.com\/blog\/#website\",\"url\":\"https:\/\/www.globalong.com\/blog\/\",\"name\":\"https:\/\/www.globalong.com\/\",\"description\":\"Mission humanitaire, stage \u00e9tudiant et voyage linguistique\",\"publisher\":{\"@id\":\"https:\/\/www.globalong.com\/blog\/#organization\"},\"potentialAction\":[{\"@type\":\"SearchAction\",\"target\":{\"@type\":\"EntryPoint\",\"urlTemplate\":\"https:\/\/www.globalong.com\/blog\/?s={search_term_string}\"},\"query-input\":{\"@type\":\"PropertyValueSpecification\",\"valueRequired\":true,\"valueName\":\"search_term_string\"}}],\"inLanguage\":\"fr-FR\"},{\"@type\":\"Organization\",\"@id\":\"https:\/\/www.globalong.com\/blog\/#organization\",\"name\":\"Association Globalong\",\"url\":\"https:\/\/www.globalong.com\/blog\/\",\"logo\":{\"@type\":\"ImageObject\",\"inLanguage\":\"fr-FR\",\"@id\":\"https:\/\/www.globalong.com\/blog\/#\/schema\/logo\/image\/\",\"url\":\"https:\/\/www.globalong.com\/blog\/wp-content\/uploads\/2014\/11\/cropped-cropped-Logo-et-Afrique-Globalong-petite-taille-2.jpg\",\"contentUrl\":\"https:\/\/www.globalong.com\/blog\/wp-content\/uploads\/2014\/11\/cropped-cropped-Logo-et-Afrique-Globalong-petite-taille-2.jpg\",\"width\":512,\"height\":512,\"caption\":\"Association Globalong\"},\"image\":{\"@id\":\"https:\/\/www.globalong.com\/blog\/#\/schema\/logo\/image\/\"},\"sameAs\":[\"https:\/\/www.facebook.com\/globalong\"]}]}<\/script>\n<!-- \/ Yoast SEO Premium plugin. -->","yoast_head_json":{"title":"Mongolie - Quentin - Association Globalong","robots":{"index":"index","follow":"follow","max-snippet":"max-snippet:-1","max-image-preview":"max-image-preview:large","max-video-preview":"max-video-preview:-1"},"canonical":"https:\/\/www.globalong.com\/blog\/avis-temoignages-globalong\/temoignages-mongolie-asie-ecovolontariat-environnement-gers-gobi\/","og_locale":"fr_FR","og_type":"article","og_title":"Mongolie - Quentin","og_description":"T\u00e9moignage de Quentin, b\u00e9n\u00e9vole avec GlobAlong en Mongolie Bonjour je m\u2019appelle Quentin je suis parti pendant 2 semaines en Mongolie. Je voulais avoir une premi\u00e8re exp\u00e9rience dans le domaine du volontariat, apporter mon aide l\u00e0 o\u00f9 je pouvais \u00eatre utile. Je voulais aussi voyager autrement, afin de me m\u00ealer davantage \u00e0 la culture du pays. [&hellip;]","og_url":"https:\/\/www.globalong.com\/blog\/avis-temoignages-globalong\/temoignages-mongolie-asie-ecovolontariat-environnement-gers-gobi\/","og_site_name":"Association Globalong","article_publisher":"https:\/\/www.facebook.com\/globalong","article_modified_time":"2025-09-07T13:08:43+00:00","og_image":[{"width":1500,"height":1000,"url":"https:\/\/www.globalong.com\/blog\/wp-content\/uploads\/2017\/10\/Quentin-jeune-be\u0301ne\u0301vole-lors-dune-excursion-en-Mongolie-GlobAlong.jpg","type":"image\/jpeg"}],"twitter_card":"summary_large_image","twitter_misc":{"Dur\u00e9e de lecture estim\u00e9e":"4 minutes"},"schema":{"@context":"https:\/\/schema.org","@graph":[{"@type":"WebPage","@id":"https:\/\/www.globalong.com\/blog\/avis-temoignages-globalong\/temoignages-mongolie-asie-ecovolontariat-environnement-gers-gobi\/","url":"https:\/\/www.globalong.com\/blog\/avis-temoignages-globalong\/temoignages-mongolie-asie-ecovolontariat-environnement-gers-gobi\/","name":"Mongolie - Quentin - Association Globalong","isPartOf":{"@id":"https:\/\/www.globalong.com\/blog\/#website"},"primaryImageOfPage":{"@id":"https:\/\/www.globalong.com\/blog\/avis-temoignages-globalong\/temoignages-mongolie-asie-ecovolontariat-environnement-gers-gobi\/#primaryimage"},"image":{"@id":"https:\/\/www.globalong.com\/blog\/avis-temoignages-globalong\/temoignages-mongolie-asie-ecovolontariat-environnement-gers-gobi\/#primaryimage"},"thumbnailUrl":"https:\/\/www.globalong.com\/blog\/wp-content\/uploads\/2017\/10\/Quentin-jeune-be\u0301ne\u0301vole-lors-dune-excursion-en-Mongolie-GlobAlong.jpg","datePublished":"2017-10-03T13:54:05+00:00","dateModified":"2025-09-07T13:08:43+00:00","breadcrumb":{"@id":"https:\/\/www.globalong.com\/blog\/avis-temoignages-globalong\/temoignages-mongolie-asie-ecovolontariat-environnement-gers-gobi\/#breadcrumb"},"inLanguage":"fr-FR","potentialAction":[{"@type":"ReadAction","target":["https:\/\/www.globalong.com\/blog\/avis-temoignages-globalong\/temoignages-mongolie-asie-ecovolontariat-environnement-gers-gobi\/"]}]},{"@type":"ImageObject","inLanguage":"fr-FR","@id":"https:\/\/www.globalong.com\/blog\/avis-temoignages-globalong\/temoignages-mongolie-asie-ecovolontariat-environnement-gers-gobi\/#primaryimage","url":"https:\/\/www.globalong.com\/blog\/wp-content\/uploads\/2017\/10\/Quentin-jeune-be\u0301ne\u0301vole-lors-dune-excursion-en-Mongolie-GlobAlong.jpg","contentUrl":"https:\/\/www.globalong.com\/blog\/wp-content\/uploads\/2017\/10\/Quentin-jeune-be\u0301ne\u0301vole-lors-dune-excursion-en-Mongolie-GlobAlong.jpg","width":1500,"height":1000,"caption":"Mission humanitaire pour les jeunes"},{"@type":"BreadcrumbList","@id":"https:\/\/www.globalong.com\/blog\/avis-temoignages-globalong\/temoignages-mongolie-asie-ecovolontariat-environnement-gers-gobi\/#breadcrumb","itemListElement":[{"@type":"ListItem","position":1,"name":"Accueil","item":"https:\/\/www.globalong.com\/blog\/"},{"@type":"ListItem","position":2,"name":"T\u00e9moignages et avis de volontaires Globalong","item":"https:\/\/www.globalong.com\/blog\/avis-temoignages-globalong\/"},{"@type":"ListItem","position":3,"name":"Mongolie &#8211; Quentin"}]},{"@type":"WebSite","@id":"https:\/\/www.globalong.com\/blog\/#website","url":"https:\/\/www.globalong.com\/blog\/","name":"https:\/\/www.globalong.com\/","description":"Mission humanitaire, stage \u00e9tudiant et voyage linguistique","publisher":{"@id":"https:\/\/www.globalong.com\/blog\/#organization"},"potentialAction":[{"@type":"SearchAction","target":{"@type":"EntryPoint","urlTemplate":"https:\/\/www.globalong.com\/blog\/?s={search_term_string}"},"query-input":{"@type":"PropertyValueSpecification","valueRequired":true,"valueName":"search_term_string"}}],"inLanguage":"fr-FR"},{"@type":"Organization","@id":"https:\/\/www.globalong.com\/blog\/#organization","name":"Association Globalong","url":"https:\/\/www.globalong.com\/blog\/","logo":{"@type":"ImageObject","inLanguage":"fr-FR","@id":"https:\/\/www.globalong.com\/blog\/#\/schema\/logo\/image\/","url":"https:\/\/www.globalong.com\/blog\/wp-content\/uploads\/2014\/11\/cropped-cropped-Logo-et-Afrique-Globalong-petite-taille-2.jpg","contentUrl":"https:\/\/www.globalong.com\/blog\/wp-content\/uploads\/2014\/11\/cropped-cropped-Logo-et-Afrique-Globalong-petite-taille-2.jpg","width":512,"height":512,"caption":"Association Globalong"},"image":{"@id":"https:\/\/www.globalong.com\/blog\/#\/schema\/logo\/image\/"},"sameAs":["https:\/\/www.facebook.com\/globalong"]}]}},"_links":{"self":[{"href":"https:\/\/www.globalong.com\/blog\/wp-json\/wp\/v2\/pages\/6928"}],"collection":[{"href":"https:\/\/www.globalong.com\/blog\/wp-json\/wp\/v2\/pages"}],"about":[{"href":"https:\/\/www.globalong.com\/blog\/wp-json\/wp\/v2\/types\/page"}],"author":[{"embeddable":true,"href":"https:\/\/www.globalong.com\/blog\/wp-json\/wp\/v2\/users\/3"}],"replies":[{"embeddable":true,"href":"https:\/\/www.globalong.com\/blog\/wp-json\/wp\/v2\/comments?post=6928"}],"version-history":[{"count":19,"href":"https:\/\/www.globalong.com\/blog\/wp-json\/wp\/v2\/pages\/6928\/revisions"}],"predecessor-version":[{"id":21553,"href":"https:\/\/www.globalong.com\/blog\/wp-json\/wp\/v2\/pages\/6928\/revisions\/21553"}],"up":[{"embeddable":true,"href":"https:\/\/www.globalong.com\/blog\/wp-json\/wp\/v2\/pages\/883"}],"wp:featuredmedia":[{"embeddable":true,"href":"https:\/\/www.globalong.com\/blog\/wp-json\/wp\/v2\/media\/6948"}],"wp:attachment":[{"href":"https:\/\/www.globalong.com\/blog\/wp-json\/wp\/v2\/media?parent=6928"}],"curies":[{"name":"wp","href":"https:\/\/api.w.org\/{rel}","templated":true}]}}