{"id":7293,"date":"2017-11-29T16:22:08","date_gmt":"2017-11-29T15:22:08","guid":{"rendered":"https:\/\/www.globalong.com\/blog\/?page_id=7293"},"modified":"2022-05-08T15:57:01","modified_gmt":"2022-05-08T13:57:01","slug":"togo-aurelie-mission-humanitaire-orphelinat-enfants-afrique","status":"publish","type":"page","link":"https:\/\/www.globalong.com\/blog\/avis-temoignages-globalong\/togo-aurelie-mission-humanitaire-orphelinat-enfants-afrique\/","title":{"rendered":"Togo &#8211; Aur\u00e9lie"},"content":{"rendered":"<blockquote>\n<p style=\"text-align: center;\"><span style=\"text-decoration: underline; font-size: 12pt;\"><strong><span style=\"font-family: georgia, palatino, serif; color: #b81657; text-decoration: underline;\">T\u00e9moignage d\u2019Aur\u00e9lie, b\u00e9n\u00e9vole au Togo avec GlobAlong :<\/span><\/strong><\/span><\/p>\n<p style=\"text-align: justify;\"><span style=\"font-family: georgia, palatino, serif;\">Bonjour,<\/span><\/p>\n<p style=\"text-align: justify;\"><span style=\"font-family: georgia, palatino, serif;\"><a href=\"https:\/\/www.globalong.com\/blog\/wp-content\/uploads\/2017\/10\/IMG_8406.jpeg\"><img loading=\"lazy\" decoding=\"async\" class=\"aligncenter\" src=\"https:\/\/www.globalong.com\/blog\/wp-content\/uploads\/2017\/10\/IMG_8406-225x300.jpeg\" alt=\"\" width=\"227\" height=\"302\" \/><\/a><span style=\"font-size: 12pt;\">Je m\u2019appelle Aur\u00e9lie. Je suis partie pendant quelques semaines au <span style=\"text-decoration: underline;\"><a href=\"https:\/\/www.globalong.com\/sejour-benevolat\/togo-benevolat-humanitaire.html\" target=\"_blank\" rel=\"noopener\">Togo.<\/a><\/span> J&rsquo;ai toujours voulu partir dans un orphelinat et le fait que le Togo parle fran\u00e7ais, c&rsquo;est ce qui m&rsquo;a motiv\u00e9 \u00e0 partir dans ce pays. Les services en soit ne sont plut\u00f4t pas mal. Les personnes qui y travaillent sont r\u00e9actives et tr\u00e8s gentilles. La famille d&rsquo;accueil est au top du top, vraiment rien \u00e0 redire l\u00e0-dessus. Pendant votre temps libre, il faut aller \u00e0 Kara dans le nord du Togo et visiter les maison Tata, faire le safari avec les \u00e9l\u00e9phants. Un guide m&rsquo;a prise en charge sur place et a tout organis\u00e9 pour les 3 jours sur place. Le guide de Kara, Nazif, est une rencontre que jamais je n&rsquo;oublierai, une personne vraie et sinc\u00e8re qui m&rsquo;a fait voir des choses de fou. Cette exp\u00e9rience m\u2019a permis de voir la vie diff\u00e9remment.<\/span><\/span><\/p>\n<p style=\"text-align: justify;\"><span style=\"font-family: georgia, palatino, serif; font-size: 12pt;\">On grandit automatiquement en allant dans ce pays et on n\u2019en ressort que plus fort. Le retour \u00e9tait tr\u00e8s tr\u00e8s dur, des moments de blues et une envie de repartir \u00e9norme !<\/span><\/p>\n<p><img loading=\"lazy\" decoding=\"async\" class=\"aligncenter\" style=\"font-family: georgia, palatino, serif; text-align: justify;\" src=\"https:\/\/www.globalong.com\/blog\/wp-content\/uploads\/2017\/11\/IMG_8466-225x300.jpeg\" alt=\"\" width=\"225\" height=\"300\" \/><\/p>\n<p style=\"text-align: justify;\"><span style=\"font-family: georgia, palatino, serif;\">Mon conseil pour les futurs participants : de vivre pleinement l\u2019instant pr\u00e9sent et de profiter de la vie sur place. Mon voyage au Togo est un voyage que jamais je n\u2019oublierai !<\/span><\/p>\n<p style=\"text-align: justify;\"><span style=\"font-family: georgia, palatino, serif;\">C&rsquo;est le premier voyage de ma vie que je fais toute seule, sans personne \u00e0 mes c\u00f4t\u00e9s, mais j&rsquo;ai rencontr\u00e9 des personnes formidables, j&rsquo;ai eu un accueil de fou, que ce soit la famille d&rsquo;accueil ou les gens en g\u00e9n\u00e9ral. Tout le monde est g\u00e9n\u00e9reux&#8230;\u00a0<\/span><\/p>\n<p style=\"text-align: justify;\"><span style=\"font-family: georgia, palatino, serif;\">Alors oui, forc\u00e9ment, on est des \u00ab\u00a0yovo\u00a0\u00bb*comme ils disent et certains ont essay\u00e9 de faire des demandes en mariage (ce qui \u00e9tait assez dr\u00f4le quand m\u00eame) et on est vu comme des personnes riches mais ce sont des personnes vraies et sinc\u00e8res et tr\u00e8s accueillantes et touchantes. J&rsquo;ai \u00e9galement visit\u00e9 la capitale,<\/span><\/p>\n<p style=\"text-align: justify;\"><span style=\"font-family: georgia, palatino, serif;\">Lom\u00e9, avec la maison des esclaves et le march\u00e9\u00a0des f\u00e9tiches. C&rsquo;\u00e9tait tr\u00e8s touchant de voir et comprendre leur\u00a0<\/span><\/p>\n<p><img loading=\"lazy\" decoding=\"async\" class=\"aligncenter\" src=\"https:\/\/www.globalong.com\/blog\/wp-content\/uploads\/2017\/11\/IMG_8429-225x300.jpeg\" alt=\"\" width=\"225\" height=\"300\" \/><\/p>\n<p style=\"text-align: justify;\"><span style=\"font-family: georgia, palatino, serif;\">croyance sur la m\u00e9decine.<\/span><\/p>\n<p style=\"text-align: justify;\"><span style=\"font-family: georgia, palatino, serif;\">Aur\u00e9lie<\/span><\/p>\n<p style=\"text-align: justify;\"><span style=\"font-family: georgia, palatino, serif;\">*NB : On appelle \u00ab\u00a0 yovo\u00a0 \u00bb le touriste blanc ou la touriste\u00a0blanche qui vient visiter un pays d&rsquo;Afrique de l&rsquo;Ouest.<\/span><\/p>\n<table>\n<tbody>\n<tr>\n<td>\n<p style=\"text-align: center;\"><span style=\"font-family: georgia, palatino, serif;\">Pour d\u00e9couvrir plus de photos du Togo, <a href=\"https:\/\/www.flickr.com\/photos\/globalong\/sets\/72157640040896094\/\" target=\"_blank\" rel=\"noopener\">cliquez\u00a0ici\u00a0<\/a>!<\/span><\/p>\n<p style=\"text-align: center;\"><span style=\"font-family: georgia, palatino, serif;\">Pour en savoir plus sur le programme de b\u00e9n\u00e9volat au Togo,\u00a0<a href=\"https:\/\/www.globalong.com\/sejour-benevolat\/togo-benevolat-humanitaire.html\" target=\"_blank\" rel=\"noopener\">cliquez ici<\/a>\u00a0!<\/span><\/p>\n<p style=\"text-align: center;\"><span style=\"font-family: georgia, palatino, serif;\">N\u2019h\u00e9sitez pas \u00e0 nous contacter pour plus d\u2019informations \u00e0\u00a0<a href=\"mailto:info@globalong.com\" target=\"_blank\" rel=\"noopener\">info@globalong.com<\/a><\/span><\/p>\n<p style=\"text-align: center;\"><span style=\"font-family: georgia, palatino, serif;\"><a href=\"https:\/\/www.globalong.com\/que-penser-de-globalong.html\" target=\"_blank\" rel=\"noopener\">Que penser de GlobAlong ?<\/a><\/span><\/p>\n<p style=\"text-align: center;\"><span style=\"font-family: georgia, palatino, serif;\"><a href=\"https:\/\/www.globalong.com\/services-volontariat-international.html\" target=\"_blank\" rel=\"noopener\">Volontariat international <\/a><\/span><\/p>\n<p style=\"text-align: center;\"><span style=\"font-family: georgia, palatino, serif;\"><a href=\"https:\/\/www.globalong.com\/blog\/videos-de-nos-destinations-humanitaire-benevolat-international-volunteer-humanitarian-programme\/\" target=\"_blank\" rel=\"noopener\">GlobAlong en vid\u00e9os <\/a><\/span><\/p>\n<\/td>\n<\/tr>\n<\/tbody>\n<\/table>\n<\/blockquote>\n","protected":false},"excerpt":{"rendered":"<p>T\u00e9moignage d\u2019Aur\u00e9lie, b\u00e9n\u00e9vole au Togo avec GlobAlong : Bonjour, Je m\u2019appelle Aur\u00e9lie. Je suis partie pendant quelques semaines au Togo. J&rsquo;ai toujours voulu partir dans un orphelinat et le fait que le Togo parle fran\u00e7ais, c&rsquo;est ce qui m&rsquo;a motiv\u00e9 \u00e0 partir dans ce pays. Les services en soit ne sont plut\u00f4t pas mal. Les [&hellip;]<\/p>\n","protected":false},"author":3,"featured_media":5720,"parent":883,"menu_order":0,"comment_status":"closed","ping_status":"closed","template":"","meta":{"footnotes":""},"yoast_head":"<!-- This site is optimized with the Yoast SEO Premium plugin v23.4 (Yoast SEO v23.4) - https:\/\/yoast.com\/wordpress\/plugins\/seo\/ -->\n<title>Togo - Aur\u00e9lie - Association Globalong<\/title>\n<meta name=\"robots\" content=\"index, follow, max-snippet:-1, max-image-preview:large, max-video-preview:-1\" \/>\n<link rel=\"canonical\" href=\"https:\/\/www.globalong.com\/blog\/avis-temoignages-globalong\/togo-aurelie-mission-humanitaire-orphelinat-enfants-afrique\/\" \/>\n<meta property=\"og:locale\" content=\"fr_FR\" \/>\n<meta property=\"og:type\" content=\"article\" \/>\n<meta property=\"og:title\" content=\"Togo - Aur\u00e9lie\" \/>\n<meta property=\"og:description\" content=\"T\u00e9moignage d\u2019Aur\u00e9lie, b\u00e9n\u00e9vole au Togo avec GlobAlong : Bonjour, Je m\u2019appelle Aur\u00e9lie. Je suis partie pendant quelques semaines au Togo. J&rsquo;ai toujours voulu partir dans un orphelinat et le fait que le Togo parle fran\u00e7ais, c&rsquo;est ce qui m&rsquo;a motiv\u00e9 \u00e0 partir dans ce pays. Les services en soit ne sont plut\u00f4t pas mal. Les [&hellip;]\" \/>\n<meta property=\"og:url\" content=\"https:\/\/www.globalong.com\/blog\/avis-temoignages-globalong\/togo-aurelie-mission-humanitaire-orphelinat-enfants-afrique\/\" \/>\n<meta property=\"og:site_name\" content=\"Association Globalong\" \/>\n<meta property=\"article:publisher\" content=\"https:\/\/www.facebook.com\/globalong\" \/>\n<meta property=\"article:modified_time\" content=\"2022-05-08T13:57:01+00:00\" \/>\n<meta property=\"og:image\" content=\"https:\/\/www.globalong.com\/blog\/wp-content\/uploads\/2016\/11\/Murielle-et-claire-au-togo-avec-globalong-2-1024x768.jpg\" \/>\n\t<meta property=\"og:image:width\" content=\"1024\" \/>\n\t<meta property=\"og:image:height\" content=\"768\" \/>\n\t<meta property=\"og:image:type\" content=\"image\/jpeg\" \/>\n<meta name=\"twitter:card\" content=\"summary_large_image\" \/>\n<meta name=\"twitter:label1\" content=\"Dur\u00e9e de lecture estim\u00e9e\" \/>\n\t<meta name=\"twitter:data1\" content=\"2 minutes\" \/>\n<script type=\"application\/ld+json\" class=\"yoast-schema-graph\">{\"@context\":\"https:\/\/schema.org\",\"@graph\":[{\"@type\":\"WebPage\",\"@id\":\"https:\/\/www.globalong.com\/blog\/avis-temoignages-globalong\/togo-aurelie-mission-humanitaire-orphelinat-enfants-afrique\/\",\"url\":\"https:\/\/www.globalong.com\/blog\/avis-temoignages-globalong\/togo-aurelie-mission-humanitaire-orphelinat-enfants-afrique\/\",\"name\":\"Togo - Aur\u00e9lie - Association Globalong\",\"isPartOf\":{\"@id\":\"https:\/\/www.globalong.com\/blog\/#website\"},\"primaryImageOfPage\":{\"@id\":\"https:\/\/www.globalong.com\/blog\/avis-temoignages-globalong\/togo-aurelie-mission-humanitaire-orphelinat-enfants-afrique\/#primaryimage\"},\"image\":{\"@id\":\"https:\/\/www.globalong.com\/blog\/avis-temoignages-globalong\/togo-aurelie-mission-humanitaire-orphelinat-enfants-afrique\/#primaryimage\"},\"thumbnailUrl\":\"https:\/\/www.globalong.com\/blog\/wp-content\/uploads\/2016\/11\/Murielle-et-claire-au-togo-avec-globalong-2.jpg\",\"datePublished\":\"2017-11-29T15:22:08+00:00\",\"dateModified\":\"2022-05-08T13:57:01+00:00\",\"breadcrumb\":{\"@id\":\"https:\/\/www.globalong.com\/blog\/avis-temoignages-globalong\/togo-aurelie-mission-humanitaire-orphelinat-enfants-afrique\/#breadcrumb\"},\"inLanguage\":\"fr-FR\",\"potentialAction\":[{\"@type\":\"ReadAction\",\"target\":[\"https:\/\/www.globalong.com\/blog\/avis-temoignages-globalong\/togo-aurelie-mission-humanitaire-orphelinat-enfants-afrique\/\"]}]},{\"@type\":\"ImageObject\",\"inLanguage\":\"fr-FR\",\"@id\":\"https:\/\/www.globalong.com\/blog\/avis-temoignages-globalong\/togo-aurelie-mission-humanitaire-orphelinat-enfants-afrique\/#primaryimage\",\"url\":\"https:\/\/www.globalong.com\/blog\/wp-content\/uploads\/2016\/11\/Murielle-et-claire-au-togo-avec-globalong-2.jpg\",\"contentUrl\":\"https:\/\/www.globalong.com\/blog\/wp-content\/uploads\/2016\/11\/Murielle-et-claire-au-togo-avec-globalong-2.jpg\",\"width\":4608,\"height\":3456,\"caption\":\"Programme humanitaire au Togo - Globalong\"},{\"@type\":\"BreadcrumbList\",\"@id\":\"https:\/\/www.globalong.com\/blog\/avis-temoignages-globalong\/togo-aurelie-mission-humanitaire-orphelinat-enfants-afrique\/#breadcrumb\",\"itemListElement\":[{\"@type\":\"ListItem\",\"position\":1,\"name\":\"Accueil\",\"item\":\"https:\/\/www.globalong.com\/blog\/\"},{\"@type\":\"ListItem\",\"position\":2,\"name\":\"T\u00e9moignages et avis de volontaires Globalong\",\"item\":\"https:\/\/www.globalong.com\/blog\/avis-temoignages-globalong\/\"},{\"@type\":\"ListItem\",\"position\":3,\"name\":\"Togo &#8211; Aur\u00e9lie\"}]},{\"@type\":\"WebSite\",\"@id\":\"https:\/\/www.globalong.com\/blog\/#website\",\"url\":\"https:\/\/www.globalong.com\/blog\/\",\"name\":\"https:\/\/www.globalong.com\/\",\"description\":\"Mission humanitaire, stage \u00e9tudiant et voyage linguistique\",\"publisher\":{\"@id\":\"https:\/\/www.globalong.com\/blog\/#organization\"},\"potentialAction\":[{\"@type\":\"SearchAction\",\"target\":{\"@type\":\"EntryPoint\",\"urlTemplate\":\"https:\/\/www.globalong.com\/blog\/?s={search_term_string}\"},\"query-input\":{\"@type\":\"PropertyValueSpecification\",\"valueRequired\":true,\"valueName\":\"search_term_string\"}}],\"inLanguage\":\"fr-FR\"},{\"@type\":\"Organization\",\"@id\":\"https:\/\/www.globalong.com\/blog\/#organization\",\"name\":\"Association Globalong\",\"url\":\"https:\/\/www.globalong.com\/blog\/\",\"logo\":{\"@type\":\"ImageObject\",\"inLanguage\":\"fr-FR\",\"@id\":\"https:\/\/www.globalong.com\/blog\/#\/schema\/logo\/image\/\",\"url\":\"https:\/\/www.globalong.com\/blog\/wp-content\/uploads\/2014\/11\/cropped-cropped-Logo-et-Afrique-Globalong-petite-taille-2.jpg\",\"contentUrl\":\"https:\/\/www.globalong.com\/blog\/wp-content\/uploads\/2014\/11\/cropped-cropped-Logo-et-Afrique-Globalong-petite-taille-2.jpg\",\"width\":512,\"height\":512,\"caption\":\"Association Globalong\"},\"image\":{\"@id\":\"https:\/\/www.globalong.com\/blog\/#\/schema\/logo\/image\/\"},\"sameAs\":[\"https:\/\/www.facebook.com\/globalong\"]}]}<\/script>\n<!-- \/ Yoast SEO Premium plugin. -->","yoast_head_json":{"title":"Togo - Aur\u00e9lie - Association Globalong","robots":{"index":"index","follow":"follow","max-snippet":"max-snippet:-1","max-image-preview":"max-image-preview:large","max-video-preview":"max-video-preview:-1"},"canonical":"https:\/\/www.globalong.com\/blog\/avis-temoignages-globalong\/togo-aurelie-mission-humanitaire-orphelinat-enfants-afrique\/","og_locale":"fr_FR","og_type":"article","og_title":"Togo - Aur\u00e9lie","og_description":"T\u00e9moignage d\u2019Aur\u00e9lie, b\u00e9n\u00e9vole au Togo avec GlobAlong : Bonjour, Je m\u2019appelle Aur\u00e9lie. Je suis partie pendant quelques semaines au Togo. J&rsquo;ai toujours voulu partir dans un orphelinat et le fait que le Togo parle fran\u00e7ais, c&rsquo;est ce qui m&rsquo;a motiv\u00e9 \u00e0 partir dans ce pays. Les services en soit ne sont plut\u00f4t pas mal. Les [&hellip;]","og_url":"https:\/\/www.globalong.com\/blog\/avis-temoignages-globalong\/togo-aurelie-mission-humanitaire-orphelinat-enfants-afrique\/","og_site_name":"Association Globalong","article_publisher":"https:\/\/www.facebook.com\/globalong","article_modified_time":"2022-05-08T13:57:01+00:00","og_image":[{"width":1024,"height":768,"url":"https:\/\/www.globalong.com\/blog\/wp-content\/uploads\/2016\/11\/Murielle-et-claire-au-togo-avec-globalong-2-1024x768.jpg","type":"image\/jpeg"}],"twitter_card":"summary_large_image","twitter_misc":{"Dur\u00e9e de lecture estim\u00e9e":"2 minutes"},"schema":{"@context":"https:\/\/schema.org","@graph":[{"@type":"WebPage","@id":"https:\/\/www.globalong.com\/blog\/avis-temoignages-globalong\/togo-aurelie-mission-humanitaire-orphelinat-enfants-afrique\/","url":"https:\/\/www.globalong.com\/blog\/avis-temoignages-globalong\/togo-aurelie-mission-humanitaire-orphelinat-enfants-afrique\/","name":"Togo - Aur\u00e9lie - Association Globalong","isPartOf":{"@id":"https:\/\/www.globalong.com\/blog\/#website"},"primaryImageOfPage":{"@id":"https:\/\/www.globalong.com\/blog\/avis-temoignages-globalong\/togo-aurelie-mission-humanitaire-orphelinat-enfants-afrique\/#primaryimage"},"image":{"@id":"https:\/\/www.globalong.com\/blog\/avis-temoignages-globalong\/togo-aurelie-mission-humanitaire-orphelinat-enfants-afrique\/#primaryimage"},"thumbnailUrl":"https:\/\/www.globalong.com\/blog\/wp-content\/uploads\/2016\/11\/Murielle-et-claire-au-togo-avec-globalong-2.jpg","datePublished":"2017-11-29T15:22:08+00:00","dateModified":"2022-05-08T13:57:01+00:00","breadcrumb":{"@id":"https:\/\/www.globalong.com\/blog\/avis-temoignages-globalong\/togo-aurelie-mission-humanitaire-orphelinat-enfants-afrique\/#breadcrumb"},"inLanguage":"fr-FR","potentialAction":[{"@type":"ReadAction","target":["https:\/\/www.globalong.com\/blog\/avis-temoignages-globalong\/togo-aurelie-mission-humanitaire-orphelinat-enfants-afrique\/"]}]},{"@type":"ImageObject","inLanguage":"fr-FR","@id":"https:\/\/www.globalong.com\/blog\/avis-temoignages-globalong\/togo-aurelie-mission-humanitaire-orphelinat-enfants-afrique\/#primaryimage","url":"https:\/\/www.globalong.com\/blog\/wp-content\/uploads\/2016\/11\/Murielle-et-claire-au-togo-avec-globalong-2.jpg","contentUrl":"https:\/\/www.globalong.com\/blog\/wp-content\/uploads\/2016\/11\/Murielle-et-claire-au-togo-avec-globalong-2.jpg","width":4608,"height":3456,"caption":"Programme humanitaire au Togo - Globalong"},{"@type":"BreadcrumbList","@id":"https:\/\/www.globalong.com\/blog\/avis-temoignages-globalong\/togo-aurelie-mission-humanitaire-orphelinat-enfants-afrique\/#breadcrumb","itemListElement":[{"@type":"ListItem","position":1,"name":"Accueil","item":"https:\/\/www.globalong.com\/blog\/"},{"@type":"ListItem","position":2,"name":"T\u00e9moignages et avis de volontaires Globalong","item":"https:\/\/www.globalong.com\/blog\/avis-temoignages-globalong\/"},{"@type":"ListItem","position":3,"name":"Togo &#8211; Aur\u00e9lie"}]},{"@type":"WebSite","@id":"https:\/\/www.globalong.com\/blog\/#website","url":"https:\/\/www.globalong.com\/blog\/","name":"https:\/\/www.globalong.com\/","description":"Mission humanitaire, stage \u00e9tudiant et voyage linguistique","publisher":{"@id":"https:\/\/www.globalong.com\/blog\/#organization"},"potentialAction":[{"@type":"SearchAction","target":{"@type":"EntryPoint","urlTemplate":"https:\/\/www.globalong.com\/blog\/?s={search_term_string}"},"query-input":{"@type":"PropertyValueSpecification","valueRequired":true,"valueName":"search_term_string"}}],"inLanguage":"fr-FR"},{"@type":"Organization","@id":"https:\/\/www.globalong.com\/blog\/#organization","name":"Association Globalong","url":"https:\/\/www.globalong.com\/blog\/","logo":{"@type":"ImageObject","inLanguage":"fr-FR","@id":"https:\/\/www.globalong.com\/blog\/#\/schema\/logo\/image\/","url":"https:\/\/www.globalong.com\/blog\/wp-content\/uploads\/2014\/11\/cropped-cropped-Logo-et-Afrique-Globalong-petite-taille-2.jpg","contentUrl":"https:\/\/www.globalong.com\/blog\/wp-content\/uploads\/2014\/11\/cropped-cropped-Logo-et-Afrique-Globalong-petite-taille-2.jpg","width":512,"height":512,"caption":"Association Globalong"},"image":{"@id":"https:\/\/www.globalong.com\/blog\/#\/schema\/logo\/image\/"},"sameAs":["https:\/\/www.facebook.com\/globalong"]}]}},"_links":{"self":[{"href":"https:\/\/www.globalong.com\/blog\/wp-json\/wp\/v2\/pages\/7293"}],"collection":[{"href":"https:\/\/www.globalong.com\/blog\/wp-json\/wp\/v2\/pages"}],"about":[{"href":"https:\/\/www.globalong.com\/blog\/wp-json\/wp\/v2\/types\/page"}],"author":[{"embeddable":true,"href":"https:\/\/www.globalong.com\/blog\/wp-json\/wp\/v2\/users\/3"}],"replies":[{"embeddable":true,"href":"https:\/\/www.globalong.com\/blog\/wp-json\/wp\/v2\/comments?post=7293"}],"version-history":[{"count":86,"href":"https:\/\/www.globalong.com\/blog\/wp-json\/wp\/v2\/pages\/7293\/revisions"}],"predecessor-version":[{"id":14593,"href":"https:\/\/www.globalong.com\/blog\/wp-json\/wp\/v2\/pages\/7293\/revisions\/14593"}],"up":[{"embeddable":true,"href":"https:\/\/www.globalong.com\/blog\/wp-json\/wp\/v2\/pages\/883"}],"wp:featuredmedia":[{"embeddable":true,"href":"https:\/\/www.globalong.com\/blog\/wp-json\/wp\/v2\/media\/5720"}],"wp:attachment":[{"href":"https:\/\/www.globalong.com\/blog\/wp-json\/wp\/v2\/media?parent=7293"}],"curies":[{"name":"wp","href":"https:\/\/api.w.org\/{rel}","templated":true}]}}