{"id":7298,"date":"2017-10-31T15:47:20","date_gmt":"2017-10-31T14:47:20","guid":{"rendered":"https:\/\/www.globalong.com\/blog\/?page_id=7298"},"modified":"2022-05-06T10:11:49","modified_gmt":"2022-05-06T08:11:49","slug":"kenya-laurence-benevolat-animalier-veterinaire-animaux-sauvages-rehabilitation-afrique","status":"publish","type":"page","link":"https:\/\/www.globalong.com\/blog\/avis-temoignages-globalong\/kenya-laurence-benevolat-animalier-veterinaire-animaux-sauvages-rehabilitation-afrique\/","title":{"rendered":"Kenya \u2013 Laurence"},"content":{"rendered":"<p style=\"text-align: justify;\"><strong><span style=\"color: #b81657;\">T\u00e9moignage de Laurence, b\u00e9n\u00e9vole au Kenya avec GlobAlong<\/span><\/strong><\/p>\n<p style=\"text-align: justify;\"><a href=\"https:\/\/www.globalong.com\/blog\/wp-content\/uploads\/2017\/10\/Laurence-b\u00e9n\u00e9vole-dans-une-r\u00e9serve-animali\u00e8re-au-Kenya-GlobAlong.jpg\" target=\"_blank\" rel=\"noopener\"><img loading=\"lazy\" decoding=\"async\" class=\"wp-image-7706 aligncenter\" src=\"https:\/\/www.globalong.com\/blog\/wp-content\/uploads\/2017\/10\/Laurence-b\u00e9n\u00e9vole-dans-une-r\u00e9serve-animali\u00e8re-au-Kenya-GlobAlong-169x300.jpg\" alt=\"\" width=\"300\" height=\"531\" srcset=\"https:\/\/www.globalong.com\/blog\/wp-content\/uploads\/2017\/10\/Laurence-b\u00e9n\u00e9vole-dans-une-r\u00e9serve-animali\u00e8re-au-Kenya-GlobAlong-169x300.jpg 169w, https:\/\/www.globalong.com\/blog\/wp-content\/uploads\/2017\/10\/Laurence-b\u00e9n\u00e9vole-dans-une-r\u00e9serve-animali\u00e8re-au-Kenya-GlobAlong-768x1360.jpg 768w, https:\/\/www.globalong.com\/blog\/wp-content\/uploads\/2017\/10\/Laurence-b\u00e9n\u00e9vole-dans-une-r\u00e9serve-animali\u00e8re-au-Kenya-GlobAlong-578x1024.jpg 578w, https:\/\/www.globalong.com\/blog\/wp-content\/uploads\/2017\/10\/Laurence-b\u00e9n\u00e9vole-dans-une-r\u00e9serve-animali\u00e8re-au-Kenya-GlobAlong-85x150.jpg 85w\" sizes=\"(max-width: 300px) 100vw, 300px\" \/><\/a>Je suis partie au <span style=\"text-decoration: underline;\"><a href=\"https:\/\/www.globalong.com\/sejour-benevolat\/benevolat-kenya.html\" target=\"_blank\" rel=\"noopener\">Kenya<\/a><\/span> quelques semaines.<br \/>\nJ\u2019ai pour projet un changement de profession en rapport avec les animaux et donc je souhaitais avoir un contact direct avec eux.<\/p>\n<p style=\"text-align: justify;\">Durant ces quelques semaines, j&rsquo;ai pu prendre des initiatives, ce que je souhaitais, au regard de mon \u00e2ge. J&rsquo;ai pu assister, avec l&rsquo;\u00e9quipe v\u00e9t\u00e9rinaire, \u00e0 un marquage de rhinoc\u00e9ros et en outre, je me suis beaucoup investie \u00e0 la \u00ab\u00a0nursery\u00a0\u00bb. Le personnel de l&rsquo;orphelinat est tr\u00e8s sympa.<\/p>\n<p style=\"text-align: justify;\">J\u2019ai profit\u00e9 de mon temps libre pour partir seule \u00e0 Nakuru et j&rsquo;ai eu l\u2019occasion de faire des rencontres int\u00e9ressantes.<\/p>\n<p style=\"text-align: justify;\">Ce voyage fut tr\u00e8s enrichissant\u00a0humainement et j&rsquo;ai pu parler facilement avec les K\u00e9nyans,\u00a0qui sont des gens tr\u00e8s chaleureux.<\/p>\n<p style=\"text-align: justify;\">C\u00e9cilia, la coordinatrice de ce programme, est adorable. Elle conna\u00eet bien son pays et la ville. Elle est d&rsquo;une grande aide pour l&rsquo;organisation concr\u00e8te de sorties, d&rsquo;activit\u00e9s. Elle m\u2019accompagnait sur le lieu du stage et m\u2019a aussi aid\u00e9e pour le changement d\u2019argent.<\/p>\n<p>C&rsquo;est une belle personne.<\/p>\n<p style=\"text-align: justify;\">Conseil aux futurs participants : rester calme, ouvert d&rsquo;esprit et accepter une part d&rsquo;inconnu.<\/p>\n<p style=\"text-align: justify;\">Une petite anecdote (il y en a tellement) :<br \/>\n<img loading=\"lazy\" decoding=\"async\" class=\"wp-image-7703 aligncenter\" src=\"https:\/\/www.globalong.com\/blog\/wp-content\/uploads\/2017\/10\/Les-pensionnaires-dune-r\u00e9serve-animali\u00e8re-au-Kenya-GlobAlong-min-225x300.jpg\" alt=\"\" width=\"300\" height=\"400\" srcset=\"https:\/\/www.globalong.com\/blog\/wp-content\/uploads\/2017\/10\/Les-pensionnaires-dune-r\u00e9serve-animali\u00e8re-au-Kenya-GlobAlong-min-225x300.jpg 225w, https:\/\/www.globalong.com\/blog\/wp-content\/uploads\/2017\/10\/Les-pensionnaires-dune-r\u00e9serve-animali\u00e8re-au-Kenya-GlobAlong-min-768x1024.jpg 768w, https:\/\/www.globalong.com\/blog\/wp-content\/uploads\/2017\/10\/Les-pensionnaires-dune-r\u00e9serve-animali\u00e8re-au-Kenya-GlobAlong-min-113x150.jpg 113w\" sizes=\"(max-width: 300px) 100vw, 300px\" \/>Je nourrissais les singes Velvet. Je n&rsquo;ai pas eu le temps de dire ouf\u00a0qu&rsquo;un singe m&rsquo;a attrap\u00e9 les lunettes. Il a beaucoup jou\u00e9 avec, et se les est mises sur la t\u00eate. Heureusement, un soigneur a pu les r\u00e9cup\u00e9rer. Je me souviens des ronrons de certains gu\u00e9pards que j&rsquo;ai pu brosser et qui ronronnaient comme des gros matous !<\/p>\n<p style=\"text-align: justify;\">Je conseillerai GlobAlong, car c\u2019est un organisme s\u00e9rieux et r\u00e9actif.<\/p>\n<p style=\"text-align: justify;\">Laurence<\/p>\n<p style=\"text-align: justify;\">Pour d\u00e9couvrir plus de photos du Kenya, cliquez<a href=\"https:\/\/www.flickr.com\/photos\/globalong\/sets\/72157645976084208\/\" target=\"_blank\" rel=\"noopener\">\u00a0ici\u00a0<\/a>!<\/p>\n<p style=\"text-align: justify;\">Pour en savoir plus sur le programme de b\u00e9n\u00e9volat au Kenya,\u00a0cliquez<a href=\"https:\/\/www.globalong.com\/sejour-benevolat\/benevolat-kenya.html\" target=\"_blank\" rel=\"noopener\"> ici<\/a>\u00a0!<\/p>\n<p style=\"text-align: justify;\">N\u2019h\u00e9sitez pas \u00e0 nous contacter pour plus d\u2019informations \u00e0\u00a0<a href=\"mailto:info@globalong.com\" target=\"_blank\" rel=\"noopener\">info@globalong.com<\/a><\/p>\n","protected":false},"excerpt":{"rendered":"<p>T\u00e9moignage de Laurence, b\u00e9n\u00e9vole au Kenya avec GlobAlong Je suis partie au Kenya quelques semaines. J\u2019ai pour projet un changement de profession en rapport avec les animaux et donc je souhaitais avoir un contact direct avec eux. Durant ces quelques semaines, j&rsquo;ai pu prendre des initiatives, ce que je souhaitais, au regard de mon \u00e2ge. [&hellip;]<\/p>\n","protected":false},"author":7,"featured_media":13695,"parent":883,"menu_order":0,"comment_status":"open","ping_status":"closed","template":"","meta":{"footnotes":""},"yoast_head":"<!-- This site is optimized with the Yoast SEO Premium plugin v23.4 (Yoast SEO v23.4) - https:\/\/yoast.com\/wordpress\/plugins\/seo\/ -->\n<title>Kenya \u2013 Laurence - Association Globalong<\/title>\n<meta name=\"robots\" content=\"index, follow, max-snippet:-1, max-image-preview:large, max-video-preview:-1\" \/>\n<link rel=\"canonical\" href=\"https:\/\/www.globalong.com\/blog\/avis-temoignages-globalong\/kenya-laurence-benevolat-animalier-veterinaire-animaux-sauvages-rehabilitation-afrique\/\" \/>\n<meta property=\"og:locale\" content=\"fr_FR\" \/>\n<meta property=\"og:type\" content=\"article\" \/>\n<meta property=\"og:title\" content=\"Kenya \u2013 Laurence\" \/>\n<meta property=\"og:description\" content=\"T\u00e9moignage de Laurence, b\u00e9n\u00e9vole au Kenya avec GlobAlong Je suis partie au Kenya quelques semaines. J\u2019ai pour projet un changement de profession en rapport avec les animaux et donc je souhaitais avoir un contact direct avec eux. Durant ces quelques semaines, j&rsquo;ai pu prendre des initiatives, ce que je souhaitais, au regard de mon \u00e2ge. [&hellip;]\" \/>\n<meta property=\"og:url\" content=\"https:\/\/www.globalong.com\/blog\/avis-temoignages-globalong\/kenya-laurence-benevolat-animalier-veterinaire-animaux-sauvages-rehabilitation-afrique\/\" \/>\n<meta property=\"og:site_name\" content=\"Association Globalong\" \/>\n<meta property=\"article:publisher\" content=\"https:\/\/www.facebook.com\/globalong\" \/>\n<meta property=\"article:modified_time\" content=\"2022-05-06T08:11:49+00:00\" \/>\n<meta property=\"og:image\" content=\"https:\/\/www.globalong.com\/blog\/wp-content\/uploads\/2020\/11\/74107b9c-0c1d-4ac4-9985-d7c8adc62a7b-2.jpg\" \/>\n\t<meta property=\"og:image:width\" content=\"1600\" \/>\n\t<meta property=\"og:image:height\" content=\"1200\" \/>\n\t<meta property=\"og:image:type\" content=\"image\/jpeg\" \/>\n<meta name=\"twitter:card\" content=\"summary_large_image\" \/>\n<meta name=\"twitter:label1\" content=\"Dur\u00e9e de lecture estim\u00e9e\" \/>\n\t<meta name=\"twitter:data1\" content=\"2 minutes\" \/>\n<script type=\"application\/ld+json\" class=\"yoast-schema-graph\">{\"@context\":\"https:\/\/schema.org\",\"@graph\":[{\"@type\":\"WebPage\",\"@id\":\"https:\/\/www.globalong.com\/blog\/avis-temoignages-globalong\/kenya-laurence-benevolat-animalier-veterinaire-animaux-sauvages-rehabilitation-afrique\/\",\"url\":\"https:\/\/www.globalong.com\/blog\/avis-temoignages-globalong\/kenya-laurence-benevolat-animalier-veterinaire-animaux-sauvages-rehabilitation-afrique\/\",\"name\":\"Kenya \u2013 Laurence - Association Globalong\",\"isPartOf\":{\"@id\":\"https:\/\/www.globalong.com\/blog\/#website\"},\"primaryImageOfPage\":{\"@id\":\"https:\/\/www.globalong.com\/blog\/avis-temoignages-globalong\/kenya-laurence-benevolat-animalier-veterinaire-animaux-sauvages-rehabilitation-afrique\/#primaryimage\"},\"image\":{\"@id\":\"https:\/\/www.globalong.com\/blog\/avis-temoignages-globalong\/kenya-laurence-benevolat-animalier-veterinaire-animaux-sauvages-rehabilitation-afrique\/#primaryimage\"},\"thumbnailUrl\":\"https:\/\/www.globalong.com\/blog\/wp-content\/uploads\/2020\/11\/74107b9c-0c1d-4ac4-9985-d7c8adc62a7b-2.jpg\",\"datePublished\":\"2017-10-31T14:47:20+00:00\",\"dateModified\":\"2022-05-06T08:11:49+00:00\",\"breadcrumb\":{\"@id\":\"https:\/\/www.globalong.com\/blog\/avis-temoignages-globalong\/kenya-laurence-benevolat-animalier-veterinaire-animaux-sauvages-rehabilitation-afrique\/#breadcrumb\"},\"inLanguage\":\"fr-FR\",\"potentialAction\":[{\"@type\":\"ReadAction\",\"target\":[\"https:\/\/www.globalong.com\/blog\/avis-temoignages-globalong\/kenya-laurence-benevolat-animalier-veterinaire-animaux-sauvages-rehabilitation-afrique\/\"]}]},{\"@type\":\"ImageObject\",\"inLanguage\":\"fr-FR\",\"@id\":\"https:\/\/www.globalong.com\/blog\/avis-temoignages-globalong\/kenya-laurence-benevolat-animalier-veterinaire-animaux-sauvages-rehabilitation-afrique\/#primaryimage\",\"url\":\"https:\/\/www.globalong.com\/blog\/wp-content\/uploads\/2020\/11\/74107b9c-0c1d-4ac4-9985-d7c8adc62a7b-2.jpg\",\"contentUrl\":\"https:\/\/www.globalong.com\/blog\/wp-content\/uploads\/2020\/11\/74107b9c-0c1d-4ac4-9985-d7c8adc62a7b-2.jpg\",\"width\":1600,\"height\":1200,\"caption\":\"Digital nomad - volontariat international\"},{\"@type\":\"BreadcrumbList\",\"@id\":\"https:\/\/www.globalong.com\/blog\/avis-temoignages-globalong\/kenya-laurence-benevolat-animalier-veterinaire-animaux-sauvages-rehabilitation-afrique\/#breadcrumb\",\"itemListElement\":[{\"@type\":\"ListItem\",\"position\":1,\"name\":\"Accueil\",\"item\":\"https:\/\/www.globalong.com\/blog\/\"},{\"@type\":\"ListItem\",\"position\":2,\"name\":\"T\u00e9moignages et avis de volontaires Globalong\",\"item\":\"https:\/\/www.globalong.com\/blog\/avis-temoignages-globalong\/\"},{\"@type\":\"ListItem\",\"position\":3,\"name\":\"Kenya \u2013 Laurence\"}]},{\"@type\":\"WebSite\",\"@id\":\"https:\/\/www.globalong.com\/blog\/#website\",\"url\":\"https:\/\/www.globalong.com\/blog\/\",\"name\":\"https:\/\/www.globalong.com\/\",\"description\":\"Mission humanitaire, stage \u00e9tudiant et voyage linguistique\",\"publisher\":{\"@id\":\"https:\/\/www.globalong.com\/blog\/#organization\"},\"potentialAction\":[{\"@type\":\"SearchAction\",\"target\":{\"@type\":\"EntryPoint\",\"urlTemplate\":\"https:\/\/www.globalong.com\/blog\/?s={search_term_string}\"},\"query-input\":{\"@type\":\"PropertyValueSpecification\",\"valueRequired\":true,\"valueName\":\"search_term_string\"}}],\"inLanguage\":\"fr-FR\"},{\"@type\":\"Organization\",\"@id\":\"https:\/\/www.globalong.com\/blog\/#organization\",\"name\":\"Association Globalong\",\"url\":\"https:\/\/www.globalong.com\/blog\/\",\"logo\":{\"@type\":\"ImageObject\",\"inLanguage\":\"fr-FR\",\"@id\":\"https:\/\/www.globalong.com\/blog\/#\/schema\/logo\/image\/\",\"url\":\"https:\/\/www.globalong.com\/blog\/wp-content\/uploads\/2014\/11\/cropped-cropped-Logo-et-Afrique-Globalong-petite-taille-2.jpg\",\"contentUrl\":\"https:\/\/www.globalong.com\/blog\/wp-content\/uploads\/2014\/11\/cropped-cropped-Logo-et-Afrique-Globalong-petite-taille-2.jpg\",\"width\":512,\"height\":512,\"caption\":\"Association Globalong\"},\"image\":{\"@id\":\"https:\/\/www.globalong.com\/blog\/#\/schema\/logo\/image\/\"},\"sameAs\":[\"https:\/\/www.facebook.com\/globalong\"]}]}<\/script>\n<!-- \/ Yoast SEO Premium plugin. -->","yoast_head_json":{"title":"Kenya \u2013 Laurence - Association Globalong","robots":{"index":"index","follow":"follow","max-snippet":"max-snippet:-1","max-image-preview":"max-image-preview:large","max-video-preview":"max-video-preview:-1"},"canonical":"https:\/\/www.globalong.com\/blog\/avis-temoignages-globalong\/kenya-laurence-benevolat-animalier-veterinaire-animaux-sauvages-rehabilitation-afrique\/","og_locale":"fr_FR","og_type":"article","og_title":"Kenya \u2013 Laurence","og_description":"T\u00e9moignage de Laurence, b\u00e9n\u00e9vole au Kenya avec GlobAlong Je suis partie au Kenya quelques semaines. J\u2019ai pour projet un changement de profession en rapport avec les animaux et donc je souhaitais avoir un contact direct avec eux. Durant ces quelques semaines, j&rsquo;ai pu prendre des initiatives, ce que je souhaitais, au regard de mon \u00e2ge. [&hellip;]","og_url":"https:\/\/www.globalong.com\/blog\/avis-temoignages-globalong\/kenya-laurence-benevolat-animalier-veterinaire-animaux-sauvages-rehabilitation-afrique\/","og_site_name":"Association Globalong","article_publisher":"https:\/\/www.facebook.com\/globalong","article_modified_time":"2022-05-06T08:11:49+00:00","og_image":[{"width":1600,"height":1200,"url":"https:\/\/www.globalong.com\/blog\/wp-content\/uploads\/2020\/11\/74107b9c-0c1d-4ac4-9985-d7c8adc62a7b-2.jpg","type":"image\/jpeg"}],"twitter_card":"summary_large_image","twitter_misc":{"Dur\u00e9e de lecture estim\u00e9e":"2 minutes"},"schema":{"@context":"https:\/\/schema.org","@graph":[{"@type":"WebPage","@id":"https:\/\/www.globalong.com\/blog\/avis-temoignages-globalong\/kenya-laurence-benevolat-animalier-veterinaire-animaux-sauvages-rehabilitation-afrique\/","url":"https:\/\/www.globalong.com\/blog\/avis-temoignages-globalong\/kenya-laurence-benevolat-animalier-veterinaire-animaux-sauvages-rehabilitation-afrique\/","name":"Kenya \u2013 Laurence - Association Globalong","isPartOf":{"@id":"https:\/\/www.globalong.com\/blog\/#website"},"primaryImageOfPage":{"@id":"https:\/\/www.globalong.com\/blog\/avis-temoignages-globalong\/kenya-laurence-benevolat-animalier-veterinaire-animaux-sauvages-rehabilitation-afrique\/#primaryimage"},"image":{"@id":"https:\/\/www.globalong.com\/blog\/avis-temoignages-globalong\/kenya-laurence-benevolat-animalier-veterinaire-animaux-sauvages-rehabilitation-afrique\/#primaryimage"},"thumbnailUrl":"https:\/\/www.globalong.com\/blog\/wp-content\/uploads\/2020\/11\/74107b9c-0c1d-4ac4-9985-d7c8adc62a7b-2.jpg","datePublished":"2017-10-31T14:47:20+00:00","dateModified":"2022-05-06T08:11:49+00:00","breadcrumb":{"@id":"https:\/\/www.globalong.com\/blog\/avis-temoignages-globalong\/kenya-laurence-benevolat-animalier-veterinaire-animaux-sauvages-rehabilitation-afrique\/#breadcrumb"},"inLanguage":"fr-FR","potentialAction":[{"@type":"ReadAction","target":["https:\/\/www.globalong.com\/blog\/avis-temoignages-globalong\/kenya-laurence-benevolat-animalier-veterinaire-animaux-sauvages-rehabilitation-afrique\/"]}]},{"@type":"ImageObject","inLanguage":"fr-FR","@id":"https:\/\/www.globalong.com\/blog\/avis-temoignages-globalong\/kenya-laurence-benevolat-animalier-veterinaire-animaux-sauvages-rehabilitation-afrique\/#primaryimage","url":"https:\/\/www.globalong.com\/blog\/wp-content\/uploads\/2020\/11\/74107b9c-0c1d-4ac4-9985-d7c8adc62a7b-2.jpg","contentUrl":"https:\/\/www.globalong.com\/blog\/wp-content\/uploads\/2020\/11\/74107b9c-0c1d-4ac4-9985-d7c8adc62a7b-2.jpg","width":1600,"height":1200,"caption":"Digital nomad - volontariat international"},{"@type":"BreadcrumbList","@id":"https:\/\/www.globalong.com\/blog\/avis-temoignages-globalong\/kenya-laurence-benevolat-animalier-veterinaire-animaux-sauvages-rehabilitation-afrique\/#breadcrumb","itemListElement":[{"@type":"ListItem","position":1,"name":"Accueil","item":"https:\/\/www.globalong.com\/blog\/"},{"@type":"ListItem","position":2,"name":"T\u00e9moignages et avis de volontaires Globalong","item":"https:\/\/www.globalong.com\/blog\/avis-temoignages-globalong\/"},{"@type":"ListItem","position":3,"name":"Kenya \u2013 Laurence"}]},{"@type":"WebSite","@id":"https:\/\/www.globalong.com\/blog\/#website","url":"https:\/\/www.globalong.com\/blog\/","name":"https:\/\/www.globalong.com\/","description":"Mission humanitaire, stage \u00e9tudiant et voyage linguistique","publisher":{"@id":"https:\/\/www.globalong.com\/blog\/#organization"},"potentialAction":[{"@type":"SearchAction","target":{"@type":"EntryPoint","urlTemplate":"https:\/\/www.globalong.com\/blog\/?s={search_term_string}"},"query-input":{"@type":"PropertyValueSpecification","valueRequired":true,"valueName":"search_term_string"}}],"inLanguage":"fr-FR"},{"@type":"Organization","@id":"https:\/\/www.globalong.com\/blog\/#organization","name":"Association Globalong","url":"https:\/\/www.globalong.com\/blog\/","logo":{"@type":"ImageObject","inLanguage":"fr-FR","@id":"https:\/\/www.globalong.com\/blog\/#\/schema\/logo\/image\/","url":"https:\/\/www.globalong.com\/blog\/wp-content\/uploads\/2014\/11\/cropped-cropped-Logo-et-Afrique-Globalong-petite-taille-2.jpg","contentUrl":"https:\/\/www.globalong.com\/blog\/wp-content\/uploads\/2014\/11\/cropped-cropped-Logo-et-Afrique-Globalong-petite-taille-2.jpg","width":512,"height":512,"caption":"Association Globalong"},"image":{"@id":"https:\/\/www.globalong.com\/blog\/#\/schema\/logo\/image\/"},"sameAs":["https:\/\/www.facebook.com\/globalong"]}]}},"_links":{"self":[{"href":"https:\/\/www.globalong.com\/blog\/wp-json\/wp\/v2\/pages\/7298"}],"collection":[{"href":"https:\/\/www.globalong.com\/blog\/wp-json\/wp\/v2\/pages"}],"about":[{"href":"https:\/\/www.globalong.com\/blog\/wp-json\/wp\/v2\/types\/page"}],"author":[{"embeddable":true,"href":"https:\/\/www.globalong.com\/blog\/wp-json\/wp\/v2\/users\/7"}],"replies":[{"embeddable":true,"href":"https:\/\/www.globalong.com\/blog\/wp-json\/wp\/v2\/comments?post=7298"}],"version-history":[{"count":36,"href":"https:\/\/www.globalong.com\/blog\/wp-json\/wp\/v2\/pages\/7298\/revisions"}],"predecessor-version":[{"id":14506,"href":"https:\/\/www.globalong.com\/blog\/wp-json\/wp\/v2\/pages\/7298\/revisions\/14506"}],"up":[{"embeddable":true,"href":"https:\/\/www.globalong.com\/blog\/wp-json\/wp\/v2\/pages\/883"}],"wp:featuredmedia":[{"embeddable":true,"href":"https:\/\/www.globalong.com\/blog\/wp-json\/wp\/v2\/media\/13695"}],"wp:attachment":[{"href":"https:\/\/www.globalong.com\/blog\/wp-json\/wp\/v2\/media?parent=7298"}],"curies":[{"name":"wp","href":"https:\/\/api.w.org\/{rel}","templated":true}]}}