{"id":7397,"date":"2017-11-03T15:06:32","date_gmt":"2017-11-03T14:06:32","guid":{"rendered":"https:\/\/www.globalong.com\/blog\/?page_id=7397"},"modified":"2022-05-06T09:49:32","modified_gmt":"2022-05-06T07:49:32","slug":"inde-du-nord-marion-benevolat-orphelinat-asie-mission-humanitaire","status":"publish","type":"page","link":"https:\/\/www.globalong.com\/blog\/avis-temoignages-globalong\/inde-du-nord-marion-benevolat-orphelinat-asie-mission-humanitaire\/","title":{"rendered":"Inde du Nord &#8211; Marion"},"content":{"rendered":"<p style=\"text-align: justify;\"><span style=\"color: #b81657;\"><strong>T\u00e9moignage de Marion, b\u00e9n\u00e9vole en Inde du Nord avec GlobAlong<\/strong><\/span><\/p>\n<p style=\"text-align: justify;\"><a href=\"https:\/\/www.globalong.com\/blog\/wp-content\/uploads\/2017\/11\/22901561_10214477959000879_414827439_n.jpg\"><img loading=\"lazy\" decoding=\"async\" class=\"wp-image-7719 aligncenter\" src=\"https:\/\/www.globalong.com\/blog\/wp-content\/uploads\/2017\/11\/22901561_10214477959000879_414827439_n-225x300.jpg\" alt=\"\" width=\"300\" height=\"400\" srcset=\"https:\/\/www.globalong.com\/blog\/wp-content\/uploads\/2017\/11\/22901561_10214477959000879_414827439_n-225x300.jpg 225w, https:\/\/www.globalong.com\/blog\/wp-content\/uploads\/2017\/11\/22901561_10214477959000879_414827439_n-113x150.jpg 113w, https:\/\/www.globalong.com\/blog\/wp-content\/uploads\/2017\/11\/22901561_10214477959000879_414827439_n.jpg 280w\" sizes=\"(max-width: 300px) 100vw, 300px\" \/><\/a>Je vis actuellement une exp\u00e9rience incroyable, j\u2019adore me rendre le matin en tuk tuk \u00e0 l\u2019\u00e9cole pour enfants d\u00e9favoris\u00e9s de Faridabad. Les enfants sont tr\u00e8s enthousiastes \u00e0 l\u2019id\u00e9e de travailler et d\u2019apprendre de nouvelles choses.<\/p>\n<p style=\"text-align: justify;\">Les moments de jeux pendant les pauses sont supers et les sourires re\u00e7us et marques d\u2019affection inoubliables.<\/p>\n<p style=\"text-align: justify;\">Cette exp\u00e9rience m\u2019aura permis de mettre en application la devise de Gandhi:<\/p>\n<p style=\"text-align: justify;\">\u00ab Soyez le changement que vous voulez voir en ce monde \u00bb.<\/p>\n<p style=\"text-align: justify;\">J\u2019esp\u00e8re avoir apport\u00e9 pendant mon cours s\u00e9jour\u00a0autant d\u2019attention et d\u2019affection aux enfants que possible.<\/p>\n<p style=\"text-align: justify;\">C\u2019\u00e9tait une nouvelle vision de <span style=\"text-decoration: underline;\"><a href=\"https:\/\/www.globalong.com\/sejour-benevolat\/inde-du-nord-delhi-jaipur.html\" target=\"_blank\" rel=\"noopener\">l\u2019Inde<\/a><\/span> pour moi, compl\u00e8tement diff\u00e9rente de ma pr\u00e9c\u00e9dente, mais elle est formidable.<\/p>\n<p style=\"text-align: justify;\">La famille d\u2019accueil est adorable, j\u2019ai re\u00e7u un accueil super.<\/p>\n<p style=\"text-align: justify;\"><a href=\"https:\/\/www.globalong.com\/blog\/wp-content\/uploads\/2017\/11\/22883398_10214477958960878_368991070_n.jpg\"><img loading=\"lazy\" decoding=\"async\" class=\"wp-image-7718 aligncenter\" src=\"https:\/\/www.globalong.com\/blog\/wp-content\/uploads\/2017\/11\/22883398_10214477958960878_368991070_n-300x225.jpg\" alt=\"\" width=\"300\" height=\"225\" srcset=\"https:\/\/www.globalong.com\/blog\/wp-content\/uploads\/2017\/11\/22883398_10214477958960878_368991070_n-300x225.jpg 300w, https:\/\/www.globalong.com\/blog\/wp-content\/uploads\/2017\/11\/22883398_10214477958960878_368991070_n-150x113.jpg 150w, https:\/\/www.globalong.com\/blog\/wp-content\/uploads\/2017\/11\/22883398_10214477958960878_368991070_n.jpg 373w\" sizes=\"(max-width: 300px) 100vw, 300px\" \/><\/a><\/p>\n<p style=\"text-align: justify;\">J\u2019esp\u00e8re pouvoir refaire du b\u00e9n\u00e9volat via GlobAlong tr\u00e8s bient\u00f4t !<\/p>\n<p style=\"text-align: justify;\">Marion.<\/p>\n<p style=\"text-align: justify;\">Pour d\u00e9couvrir plus de photos de l\u2019Inde du Nord,\u00a0cliquez\u00a0<a href=\"http:\/\/www.flickr.com\/photos\/globalong\/sets\/72157639911593095\/\" target=\"_blank\" rel=\"noopener\">ici<\/a>\u00a0!<\/p>\n<p style=\"text-align: justify;\">Pour en savoir plus sur le programme de b\u00e9n\u00e9volat en Inde du Nord,\u00a0cliquez<a href=\"https:\/\/www.globalong.com\/sejour-benevolat\/inde-du-nord-delhi-jaipur.html\" target=\"_blank\" rel=\"noopener\"> ici<\/a>\u00a0!<\/p>\n<p style=\"text-align: justify;\">N\u2019h\u00e9sitez pas \u00e0 nous contacter pour plus d\u2019informations \u00e0\u00a0<a href=\"mailto:info@globalong.com\" target=\"_blank\" rel=\"noopener\">info@globalong.com<\/a><\/p>\n<p style=\"text-align: justify;\"><img loading=\"lazy\" decoding=\"async\" class=\"wp-image-7400\" src=\"https:\/\/www.globalong.com\/blog\/wp-content\/uploads\/2017\/11\/Marion-en-Inde-du-Nord-225x300.jpg\" alt=\"\" width=\"300\" height=\"400\" srcset=\"https:\/\/www.globalong.com\/blog\/wp-content\/uploads\/2017\/11\/Marion-en-Inde-du-Nord-225x300.jpg 225w, https:\/\/www.globalong.com\/blog\/wp-content\/uploads\/2017\/11\/Marion-en-Inde-du-Nord-113x150.jpg 113w, https:\/\/www.globalong.com\/blog\/wp-content\/uploads\/2017\/11\/Marion-en-Inde-du-Nord.jpg 280w\" sizes=\"(max-width: 300px) 100vw, 300px\" \/><\/p>\n","protected":false},"excerpt":{"rendered":"<p>T\u00e9moignage de Marion, b\u00e9n\u00e9vole en Inde du Nord avec GlobAlong Je vis actuellement une exp\u00e9rience incroyable, j\u2019adore me rendre le matin en tuk tuk \u00e0 l\u2019\u00e9cole pour enfants d\u00e9favoris\u00e9s de Faridabad. Les enfants sont tr\u00e8s enthousiastes \u00e0 l\u2019id\u00e9e de travailler et d\u2019apprendre de nouvelles choses. Les moments de jeux pendant les pauses sont supers et [&hellip;]<\/p>\n","protected":false},"author":7,"featured_media":12017,"parent":883,"menu_order":0,"comment_status":"open","ping_status":"closed","template":"","meta":{"footnotes":""},"yoast_head":"<!-- This site is optimized with the Yoast SEO Premium plugin v23.4 (Yoast SEO v23.4) - https:\/\/yoast.com\/wordpress\/plugins\/seo\/ -->\n<title>Inde du Nord - Marion - Association Globalong<\/title>\n<meta name=\"robots\" content=\"index, follow, max-snippet:-1, max-image-preview:large, max-video-preview:-1\" \/>\n<link rel=\"canonical\" href=\"https:\/\/www.globalong.com\/blog\/avis-temoignages-globalong\/inde-du-nord-marion-benevolat-orphelinat-asie-mission-humanitaire\/\" \/>\n<meta property=\"og:locale\" content=\"fr_FR\" \/>\n<meta property=\"og:type\" content=\"article\" \/>\n<meta property=\"og:title\" content=\"Inde du Nord - Marion\" \/>\n<meta property=\"og:description\" content=\"T\u00e9moignage de Marion, b\u00e9n\u00e9vole en Inde du Nord avec GlobAlong Je vis actuellement une exp\u00e9rience incroyable, j\u2019adore me rendre le matin en tuk tuk \u00e0 l\u2019\u00e9cole pour enfants d\u00e9favoris\u00e9s de Faridabad. Les enfants sont tr\u00e8s enthousiastes \u00e0 l\u2019id\u00e9e de travailler et d\u2019apprendre de nouvelles choses. Les moments de jeux pendant les pauses sont supers et [&hellip;]\" \/>\n<meta property=\"og:url\" content=\"https:\/\/www.globalong.com\/blog\/avis-temoignages-globalong\/inde-du-nord-marion-benevolat-orphelinat-asie-mission-humanitaire\/\" \/>\n<meta property=\"og:site_name\" content=\"Association Globalong\" \/>\n<meta property=\"article:publisher\" content=\"https:\/\/www.facebook.com\/globalong\" \/>\n<meta property=\"article:modified_time\" content=\"2022-05-06T07:49:32+00:00\" \/>\n<meta property=\"og:image\" content=\"https:\/\/www.globalong.com\/blog\/wp-content\/uploads\/2018\/12\/DSCN1591-min.jpg\" \/>\n\t<meta property=\"og:image:width\" content=\"640\" \/>\n\t<meta property=\"og:image:height\" content=\"480\" \/>\n\t<meta property=\"og:image:type\" content=\"image\/jpeg\" \/>\n<meta name=\"twitter:card\" content=\"summary_large_image\" \/>\n<meta name=\"twitter:label1\" content=\"Dur\u00e9e de lecture estim\u00e9e\" \/>\n\t<meta name=\"twitter:data1\" content=\"1 minute\" \/>\n<script type=\"application\/ld+json\" class=\"yoast-schema-graph\">{\"@context\":\"https:\/\/schema.org\",\"@graph\":[{\"@type\":\"WebPage\",\"@id\":\"https:\/\/www.globalong.com\/blog\/avis-temoignages-globalong\/inde-du-nord-marion-benevolat-orphelinat-asie-mission-humanitaire\/\",\"url\":\"https:\/\/www.globalong.com\/blog\/avis-temoignages-globalong\/inde-du-nord-marion-benevolat-orphelinat-asie-mission-humanitaire\/\",\"name\":\"Inde du Nord - Marion - Association Globalong\",\"isPartOf\":{\"@id\":\"https:\/\/www.globalong.com\/blog\/#website\"},\"primaryImageOfPage\":{\"@id\":\"https:\/\/www.globalong.com\/blog\/avis-temoignages-globalong\/inde-du-nord-marion-benevolat-orphelinat-asie-mission-humanitaire\/#primaryimage\"},\"image\":{\"@id\":\"https:\/\/www.globalong.com\/blog\/avis-temoignages-globalong\/inde-du-nord-marion-benevolat-orphelinat-asie-mission-humanitaire\/#primaryimage\"},\"thumbnailUrl\":\"https:\/\/www.globalong.com\/blog\/wp-content\/uploads\/2018\/12\/DSCN1591-min.jpg\",\"datePublished\":\"2017-11-03T14:06:32+00:00\",\"dateModified\":\"2022-05-06T07:49:32+00:00\",\"breadcrumb\":{\"@id\":\"https:\/\/www.globalong.com\/blog\/avis-temoignages-globalong\/inde-du-nord-marion-benevolat-orphelinat-asie-mission-humanitaire\/#breadcrumb\"},\"inLanguage\":\"fr-FR\",\"potentialAction\":[{\"@type\":\"ReadAction\",\"target\":[\"https:\/\/www.globalong.com\/blog\/avis-temoignages-globalong\/inde-du-nord-marion-benevolat-orphelinat-asie-mission-humanitaire\/\"]}]},{\"@type\":\"ImageObject\",\"inLanguage\":\"fr-FR\",\"@id\":\"https:\/\/www.globalong.com\/blog\/avis-temoignages-globalong\/inde-du-nord-marion-benevolat-orphelinat-asie-mission-humanitaire\/#primaryimage\",\"url\":\"https:\/\/www.globalong.com\/blog\/wp-content\/uploads\/2018\/12\/DSCN1591-min.jpg\",\"contentUrl\":\"https:\/\/www.globalong.com\/blog\/wp-content\/uploads\/2018\/12\/DSCN1591-min.jpg\",\"width\":640,\"height\":480,\"caption\":\"Stage humanitaire \u00e9tudiant\"},{\"@type\":\"BreadcrumbList\",\"@id\":\"https:\/\/www.globalong.com\/blog\/avis-temoignages-globalong\/inde-du-nord-marion-benevolat-orphelinat-asie-mission-humanitaire\/#breadcrumb\",\"itemListElement\":[{\"@type\":\"ListItem\",\"position\":1,\"name\":\"Accueil\",\"item\":\"https:\/\/www.globalong.com\/blog\/\"},{\"@type\":\"ListItem\",\"position\":2,\"name\":\"T\u00e9moignages et avis de volontaires Globalong\",\"item\":\"https:\/\/www.globalong.com\/blog\/avis-temoignages-globalong\/\"},{\"@type\":\"ListItem\",\"position\":3,\"name\":\"Inde du Nord &#8211; Marion\"}]},{\"@type\":\"WebSite\",\"@id\":\"https:\/\/www.globalong.com\/blog\/#website\",\"url\":\"https:\/\/www.globalong.com\/blog\/\",\"name\":\"https:\/\/www.globalong.com\/\",\"description\":\"Mission humanitaire, stage \u00e9tudiant et voyage linguistique\",\"publisher\":{\"@id\":\"https:\/\/www.globalong.com\/blog\/#organization\"},\"potentialAction\":[{\"@type\":\"SearchAction\",\"target\":{\"@type\":\"EntryPoint\",\"urlTemplate\":\"https:\/\/www.globalong.com\/blog\/?s={search_term_string}\"},\"query-input\":{\"@type\":\"PropertyValueSpecification\",\"valueRequired\":true,\"valueName\":\"search_term_string\"}}],\"inLanguage\":\"fr-FR\"},{\"@type\":\"Organization\",\"@id\":\"https:\/\/www.globalong.com\/blog\/#organization\",\"name\":\"Association Globalong\",\"url\":\"https:\/\/www.globalong.com\/blog\/\",\"logo\":{\"@type\":\"ImageObject\",\"inLanguage\":\"fr-FR\",\"@id\":\"https:\/\/www.globalong.com\/blog\/#\/schema\/logo\/image\/\",\"url\":\"https:\/\/www.globalong.com\/blog\/wp-content\/uploads\/2014\/11\/cropped-cropped-Logo-et-Afrique-Globalong-petite-taille-2.jpg\",\"contentUrl\":\"https:\/\/www.globalong.com\/blog\/wp-content\/uploads\/2014\/11\/cropped-cropped-Logo-et-Afrique-Globalong-petite-taille-2.jpg\",\"width\":512,\"height\":512,\"caption\":\"Association Globalong\"},\"image\":{\"@id\":\"https:\/\/www.globalong.com\/blog\/#\/schema\/logo\/image\/\"},\"sameAs\":[\"https:\/\/www.facebook.com\/globalong\"]}]}<\/script>\n<!-- \/ Yoast SEO Premium plugin. -->","yoast_head_json":{"title":"Inde du Nord - Marion - Association Globalong","robots":{"index":"index","follow":"follow","max-snippet":"max-snippet:-1","max-image-preview":"max-image-preview:large","max-video-preview":"max-video-preview:-1"},"canonical":"https:\/\/www.globalong.com\/blog\/avis-temoignages-globalong\/inde-du-nord-marion-benevolat-orphelinat-asie-mission-humanitaire\/","og_locale":"fr_FR","og_type":"article","og_title":"Inde du Nord - Marion","og_description":"T\u00e9moignage de Marion, b\u00e9n\u00e9vole en Inde du Nord avec GlobAlong Je vis actuellement une exp\u00e9rience incroyable, j\u2019adore me rendre le matin en tuk tuk \u00e0 l\u2019\u00e9cole pour enfants d\u00e9favoris\u00e9s de Faridabad. Les enfants sont tr\u00e8s enthousiastes \u00e0 l\u2019id\u00e9e de travailler et d\u2019apprendre de nouvelles choses. Les moments de jeux pendant les pauses sont supers et [&hellip;]","og_url":"https:\/\/www.globalong.com\/blog\/avis-temoignages-globalong\/inde-du-nord-marion-benevolat-orphelinat-asie-mission-humanitaire\/","og_site_name":"Association Globalong","article_publisher":"https:\/\/www.facebook.com\/globalong","article_modified_time":"2022-05-06T07:49:32+00:00","og_image":[{"width":640,"height":480,"url":"https:\/\/www.globalong.com\/blog\/wp-content\/uploads\/2018\/12\/DSCN1591-min.jpg","type":"image\/jpeg"}],"twitter_card":"summary_large_image","twitter_misc":{"Dur\u00e9e de lecture estim\u00e9e":"1 minute"},"schema":{"@context":"https:\/\/schema.org","@graph":[{"@type":"WebPage","@id":"https:\/\/www.globalong.com\/blog\/avis-temoignages-globalong\/inde-du-nord-marion-benevolat-orphelinat-asie-mission-humanitaire\/","url":"https:\/\/www.globalong.com\/blog\/avis-temoignages-globalong\/inde-du-nord-marion-benevolat-orphelinat-asie-mission-humanitaire\/","name":"Inde du Nord - Marion - Association Globalong","isPartOf":{"@id":"https:\/\/www.globalong.com\/blog\/#website"},"primaryImageOfPage":{"@id":"https:\/\/www.globalong.com\/blog\/avis-temoignages-globalong\/inde-du-nord-marion-benevolat-orphelinat-asie-mission-humanitaire\/#primaryimage"},"image":{"@id":"https:\/\/www.globalong.com\/blog\/avis-temoignages-globalong\/inde-du-nord-marion-benevolat-orphelinat-asie-mission-humanitaire\/#primaryimage"},"thumbnailUrl":"https:\/\/www.globalong.com\/blog\/wp-content\/uploads\/2018\/12\/DSCN1591-min.jpg","datePublished":"2017-11-03T14:06:32+00:00","dateModified":"2022-05-06T07:49:32+00:00","breadcrumb":{"@id":"https:\/\/www.globalong.com\/blog\/avis-temoignages-globalong\/inde-du-nord-marion-benevolat-orphelinat-asie-mission-humanitaire\/#breadcrumb"},"inLanguage":"fr-FR","potentialAction":[{"@type":"ReadAction","target":["https:\/\/www.globalong.com\/blog\/avis-temoignages-globalong\/inde-du-nord-marion-benevolat-orphelinat-asie-mission-humanitaire\/"]}]},{"@type":"ImageObject","inLanguage":"fr-FR","@id":"https:\/\/www.globalong.com\/blog\/avis-temoignages-globalong\/inde-du-nord-marion-benevolat-orphelinat-asie-mission-humanitaire\/#primaryimage","url":"https:\/\/www.globalong.com\/blog\/wp-content\/uploads\/2018\/12\/DSCN1591-min.jpg","contentUrl":"https:\/\/www.globalong.com\/blog\/wp-content\/uploads\/2018\/12\/DSCN1591-min.jpg","width":640,"height":480,"caption":"Stage humanitaire \u00e9tudiant"},{"@type":"BreadcrumbList","@id":"https:\/\/www.globalong.com\/blog\/avis-temoignages-globalong\/inde-du-nord-marion-benevolat-orphelinat-asie-mission-humanitaire\/#breadcrumb","itemListElement":[{"@type":"ListItem","position":1,"name":"Accueil","item":"https:\/\/www.globalong.com\/blog\/"},{"@type":"ListItem","position":2,"name":"T\u00e9moignages et avis de volontaires Globalong","item":"https:\/\/www.globalong.com\/blog\/avis-temoignages-globalong\/"},{"@type":"ListItem","position":3,"name":"Inde du Nord &#8211; Marion"}]},{"@type":"WebSite","@id":"https:\/\/www.globalong.com\/blog\/#website","url":"https:\/\/www.globalong.com\/blog\/","name":"https:\/\/www.globalong.com\/","description":"Mission humanitaire, stage \u00e9tudiant et voyage linguistique","publisher":{"@id":"https:\/\/www.globalong.com\/blog\/#organization"},"potentialAction":[{"@type":"SearchAction","target":{"@type":"EntryPoint","urlTemplate":"https:\/\/www.globalong.com\/blog\/?s={search_term_string}"},"query-input":{"@type":"PropertyValueSpecification","valueRequired":true,"valueName":"search_term_string"}}],"inLanguage":"fr-FR"},{"@type":"Organization","@id":"https:\/\/www.globalong.com\/blog\/#organization","name":"Association Globalong","url":"https:\/\/www.globalong.com\/blog\/","logo":{"@type":"ImageObject","inLanguage":"fr-FR","@id":"https:\/\/www.globalong.com\/blog\/#\/schema\/logo\/image\/","url":"https:\/\/www.globalong.com\/blog\/wp-content\/uploads\/2014\/11\/cropped-cropped-Logo-et-Afrique-Globalong-petite-taille-2.jpg","contentUrl":"https:\/\/www.globalong.com\/blog\/wp-content\/uploads\/2014\/11\/cropped-cropped-Logo-et-Afrique-Globalong-petite-taille-2.jpg","width":512,"height":512,"caption":"Association Globalong"},"image":{"@id":"https:\/\/www.globalong.com\/blog\/#\/schema\/logo\/image\/"},"sameAs":["https:\/\/www.facebook.com\/globalong"]}]}},"_links":{"self":[{"href":"https:\/\/www.globalong.com\/blog\/wp-json\/wp\/v2\/pages\/7397"}],"collection":[{"href":"https:\/\/www.globalong.com\/blog\/wp-json\/wp\/v2\/pages"}],"about":[{"href":"https:\/\/www.globalong.com\/blog\/wp-json\/wp\/v2\/types\/page"}],"author":[{"embeddable":true,"href":"https:\/\/www.globalong.com\/blog\/wp-json\/wp\/v2\/users\/7"}],"replies":[{"embeddable":true,"href":"https:\/\/www.globalong.com\/blog\/wp-json\/wp\/v2\/comments?post=7397"}],"version-history":[{"count":32,"href":"https:\/\/www.globalong.com\/blog\/wp-json\/wp\/v2\/pages\/7397\/revisions"}],"predecessor-version":[{"id":14487,"href":"https:\/\/www.globalong.com\/blog\/wp-json\/wp\/v2\/pages\/7397\/revisions\/14487"}],"up":[{"embeddable":true,"href":"https:\/\/www.globalong.com\/blog\/wp-json\/wp\/v2\/pages\/883"}],"wp:featuredmedia":[{"embeddable":true,"href":"https:\/\/www.globalong.com\/blog\/wp-json\/wp\/v2\/media\/12017"}],"wp:attachment":[{"href":"https:\/\/www.globalong.com\/blog\/wp-json\/wp\/v2\/media?parent=7397"}],"curies":[{"name":"wp","href":"https:\/\/api.w.org\/{rel}","templated":true}]}}