{"id":743,"date":"2015-10-27T14:18:54","date_gmt":"2015-10-27T13:18:54","guid":{"rendered":"https:\/\/www.globalong.com\/blog\/?page_id=743"},"modified":"2016-03-24T10:59:24","modified_gmt":"2016-03-24T09:59:24","slug":"excursion-a-chitwan","status":"publish","type":"page","link":"https:\/\/www.globalong.com\/blog\/treks-safaris-et-excursions\/excursion-a-chitwan\/","title":{"rendered":"Excursion \u00e0 Chitwan"},"content":{"rendered":"<p style=\"text-align: center;\"><span style=\"color: #b81657;\"><strong>Tous les b\u00e9n\u00e9voles peuvent participer \u00e0 cette excursion de 3 jours au d\u00e9part de Katmandou. Il y a un d\u00e9part quotidien et vous pourrez donc vous rendre \u00e0 Chitwan pendant la premi\u00e8re semaine \u00e0 Katmandou, ou r\u00e9server un de vos weekends durant votre b\u00e9n\u00e9volat.<\/strong><\/span><\/p>\n<p style=\"text-align: justify;\"><img loading=\"lazy\" decoding=\"async\" class=\"alignright wp-image-744\" src=\"https:\/\/www.globalong.com\/blog\/wp-content\/uploads\/2015\/10\/12-300x169.png\" alt=\"1\" width=\"300\" height=\"169\" srcset=\"https:\/\/www.globalong.com\/blog\/wp-content\/uploads\/2015\/10\/12-300x169.png 300w, https:\/\/www.globalong.com\/blog\/wp-content\/uploads\/2015\/10\/12-1024x577.png 1024w, https:\/\/www.globalong.com\/blog\/wp-content\/uploads\/2015\/10\/12-150x85.png 150w, https:\/\/www.globalong.com\/blog\/wp-content\/uploads\/2015\/10\/12.png 1368w\" sizes=\"(max-width: 300px) 100vw, 300px\" \/>L\u2019excursion dure 3 jours et 2 nuits.<\/p>\n<p style=\"text-align: justify;\">Le transport s\u2019effectue en bus touristique au d\u00e9part de Katmandou \u00e0 7h du matin, arriv\u00e9e au Parc \u00e0 14h30.<\/p>\n<p style=\"text-align: justify;\">Vous visiterez le mus\u00e9e et assisterez \u00e0 un spectacle de danse traditionnelle de Tharu dans la soir\u00e9e, suivi du d\u00eener.<br \/>\nVous passerez la nuit \u00e0 l\u2019h\u00f4tel \u201dClub Safari\u201d. Le lendemain matin il faudra se lever t\u00f4t car vous allez vous promener \u00e0 dos d\u2019\u00e9l\u00e9phant dans le parc !<\/p>\n<p style=\"text-align: justify;\"><a href=\"https:\/\/www.globalong.com\/blog\/wp-content\/uploads\/2015\/10\/22.png\"><img loading=\"lazy\" decoding=\"async\" class=\"alignright wp-image-745\" src=\"https:\/\/www.globalong.com\/blog\/wp-content\/uploads\/2015\/10\/22.png\" alt=\"2\" width=\"300\" height=\"149\" srcset=\"https:\/\/www.globalong.com\/blog\/wp-content\/uploads\/2015\/10\/22.png 466w, https:\/\/www.globalong.com\/blog\/wp-content\/uploads\/2015\/10\/22-300x149.png 300w, https:\/\/www.globalong.com\/blog\/wp-content\/uploads\/2015\/10\/22-150x74.png 150w\" sizes=\"(max-width: 300px) 100vw, 300px\" \/><\/a>D\u00e8s votre retour \u00e0 l\u2019h\u00f4tel, on vous servira le petit d\u00e9jeuner \u00e0 9h. Ensuite vous pourrez voir le bain des \u00e9l\u00e9phants, puis revenir d\u00e9jeuner \u00e0 midi. Pendant l\u2019apr\u00e8s-midi vous pourrez aller faire du canoe et visiter le centre d\u2019\u00e9levage des \u00e9l\u00e9phants, ou choisir d\u2019autres activit\u00e9s.<br \/>\nVous prendrez le d\u00eener \u00e0 l\u2019h\u00f4tel le soir.<\/p>\n<p style=\"text-align: justify;\">Le troisi\u00e8me jour, vous prendrez votre petit-d\u00e9jeuner \u00e0 8h, avant de repartir pour Katmandou \u00e0 9h.<\/p>\n<p style=\"text-align: justify;\"><span style=\"color: #b81657;\"><strong><a href=\"https:\/\/www.globalong.com\/blog\/wp-content\/uploads\/2015\/10\/nepal_vlaggetjes.jpg\" rel=\"attachment wp-att-2115\"><img loading=\"lazy\" decoding=\"async\" class=\"alignright wp-image-2115\" src=\"https:\/\/www.globalong.com\/blog\/wp-content\/uploads\/2015\/10\/nepal_vlaggetjes.jpg\" alt=\"N\u00e9pal Globalong\" width=\"300\" height=\"300\" srcset=\"https:\/\/www.globalong.com\/blog\/wp-content\/uploads\/2015\/10\/nepal_vlaggetjes.jpg 190w, https:\/\/www.globalong.com\/blog\/wp-content\/uploads\/2015\/10\/nepal_vlaggetjes-150x150.jpg 150w\" sizes=\"(max-width: 300px) 100vw, 300px\" \/><\/a>Tarif sp\u00e9cial pour les b\u00e9n\u00e9voles uniquement : 146 euros.<\/strong><\/span><\/p>\n<p style=\"text-align: justify;\"><span style=\"color: #b81657;\"><strong>La formule comprend:<\/strong><\/span><\/p>\n<ul style=\"text-align: justify;\">\n<li>Les transports aller-retour en bus touristique<\/li>\n<li>Le prix d\u2019entr\u00e9e au parc de Chitwan<\/li>\n<li>Les petit-d\u00e9jeuners, d\u00e9jeuners et d\u00eeners \u00e0 l\u2019h\u00f4tel Safari Club<\/li>\n<li>Le spectacle de danse Tharu<\/li>\n<li>La promenade en \u00e9l\u00e9phant<\/li>\n<li>Le canoe<\/li>\n<li>L\u2019h\u00e9bergement en chambres partag\u00e9es \u00e0 l\u2019h\u00f4tel, avec moustiquaires.<\/li>\n<li>La visite au centre d\u2019\u00e9levage des \u00e9l\u00e9phants et le bain des \u00e9l\u00e9phants.<\/li>\n<li>Le guide<\/li>\n<\/ul>\n<p style=\"text-align: justify;\"><span style=\"color: #b81657;\"><strong>La formule ne comprend pas:<\/strong><\/span><\/p>\n<ul style=\"text-align: justify;\">\n<li>Les repas pendant le voyage<a href=\"https:\/\/www.globalong.com\/blog\/wp-content\/uploads\/2015\/10\/nepal_02.jpg\" rel=\"attachment wp-att-2118\"><img loading=\"lazy\" decoding=\"async\" class=\"alignright wp-image-2118\" src=\"https:\/\/www.globalong.com\/blog\/wp-content\/uploads\/2015\/10\/nepal_02.jpg\" alt=\"Masque N\u00e9pal\" width=\"300\" height=\"300\" srcset=\"https:\/\/www.globalong.com\/blog\/wp-content\/uploads\/2015\/10\/nepal_02.jpg 190w, https:\/\/www.globalong.com\/blog\/wp-content\/uploads\/2015\/10\/nepal_02-150x150.jpg 150w\" sizes=\"(max-width: 300px) 100vw, 300px\" \/><\/a><\/li>\n<li>Les boissons (eau, coca, pepsi, bi\u00e8re&#8230;) ne sont pas incluses.<\/li>\n<li>Les activit\u00e9s de trek (ballade guid\u00e9e dans la jungle&#8230;) ne sont pas comprises.<\/li>\n<\/ul>\n<p style=\"text-align: justify;\"><strong><span style=\"color: #b81657;\">Informations sur la parc de Chitwan:<\/span><\/strong><\/p>\n<p style=\"text-align: justify;\">Le parc de Chitwan a \u00e9t\u00e9 cr\u00e9e en 1973 afin de pr\u00e9server un \u00e9cosyst\u00e8me unique, extr\u00eamement pr\u00e9cieux pour le monde entier.\u00a0 Le parc qui s\u2019\u00e9tend sur 932 km\u00b2, est situ\u00e9 dans la partie subtropicale des plaines int\u00e9rieures du Terai au centre-sud du N\u00e9pal. Depuis 1984, le parc fait partie du patrimoine mondial de l\u2019UNESCO.<\/p>\n<p style=\"text-align: justify;\">Environ 160km s\u00e9parent Kathmandu de Narayanghat, mais il faut bien compter 5 \u00e0 6 heures pour s\u2019y rendre.<\/p>\n<p style=\"text-align: justify;\"><img loading=\"lazy\" decoding=\"async\" class=\"alignright wp-image-746\" src=\"https:\/\/www.globalong.com\/blog\/wp-content\/uploads\/2015\/10\/32-300x214.png\" alt=\"3\" width=\"300\" height=\"214\" srcset=\"https:\/\/www.globalong.com\/blog\/wp-content\/uploads\/2015\/10\/32-300x214.png 300w, https:\/\/www.globalong.com\/blog\/wp-content\/uploads\/2015\/10\/32-150x107.png 150w, https:\/\/www.globalong.com\/blog\/wp-content\/uploads\/2015\/10\/32.png 469w\" sizes=\"(max-width: 300px) 100vw, 300px\" \/>Le parc comprend les collines Churia, les bras-mort et les plaines inondables des rivi\u00e8res Rapti, Reu et Narayani. Les collines Churia s\u2019\u00e9l\u00e8vent progressivement vers l\u2019est de 150 \u00e0 800 m\u00e8tres. Les collines Someshwor, plus basses mais aussi plus accident\u00e9es, occupent la majorit\u00e9 de la partie Ouest du parc. Les fronti\u00e8res du parc sont d\u00e9limit\u00e9es par les rivi\u00e8res Narayani et Rapti au Nord et \u00e0 l\u2019Ouest, et par la rivi\u00e8re Reu et les collines Someshwor au Sud et Sud-Ouest. Il partage sa fronti\u00e8re est avec la r\u00e9serve naturelle de Parsa.<\/p>\n<p style=\"text-align: justify;\">Il y a plus de 43 esp\u00e8ces de mammif\u00e8res dans <a href=\"https:\/\/www.globalong.com\/blog\/wp-content\/uploads\/2015\/10\/DSC00946.jpg\"><img loading=\"lazy\" decoding=\"async\" class=\"size-medium wp-image-1039 alignright\" src=\"https:\/\/www.globalong.com\/blog\/wp-content\/uploads\/2015\/10\/DSC00946-300x225.jpg\" alt=\"DSC00946\" width=\"300\" height=\"225\" srcset=\"https:\/\/www.globalong.com\/blog\/wp-content\/uploads\/2015\/10\/DSC00946-300x225.jpg 300w, https:\/\/www.globalong.com\/blog\/wp-content\/uploads\/2015\/10\/DSC00946-1024x768.jpg 1024w, https:\/\/www.globalong.com\/blog\/wp-content\/uploads\/2015\/10\/DSC00946-150x113.jpg 150w, https:\/\/www.globalong.com\/blog\/wp-content\/uploads\/2015\/10\/DSC00946.jpg 1600w\" sizes=\"(max-width: 300px) 100vw, 300px\" \/><\/a>le parc. Le parc est particuli\u00e8rement connu pour la protection d\u2019esp\u00e8ces menac\u00e9es comme le rhinoc\u00e9ros \u00e0 une corne, le tigre, le crocodile gavial, parmi de nombreuses autres esp\u00e8ces communes d\u2019animaux sauvages. On compte plus de 450 esp\u00e8ces d\u2019oiseaux. Mars et D\u00e9cembre sont les saisons id\u00e9ales pour les observer.<\/p>\n<p style=\"text-align: justify;\">Le parc a un taux d\u2019humidit\u00e9 relativement \u00e9lev\u00e9 du fait de son climat tropical et de la mousson qui l\u2019accompagne. L\u2019hiver, le printemps et la p\u00e9riode de mousson sont les trois principales saisons. La saison hivernale d\u00e9bute vers le mois d\u2019octobre jusqu\u2019en f\u00e9vrier. Le printemps commence en mars et est rapidement suivit par l\u2019\u00e9t\u00e9 qui se termine d\u00e9but juin. Les jours d\u2019\u00e9t\u00e9 sont typiquement chauds, avec une temp\u00e9rature de 30\u00b0C en moyenne dans la journ\u00e9e. La mousson commence habituellement fin juin et persiste jusqu\u2019\u00e0 septembre.<\/p>\n<p>Pour plus d&rsquo;informations n&rsquo;h\u00e9sitez pas \u00e0 nous contacter par mail \u00e0 l&rsquo;adresse <span style=\"text-decoration: underline;\"><span style=\"color: #b81657;\"><a style=\"color: #b81657; text-decoration: underline;\" href=\"mailto:info@globalong.com\">info@globalong.com<\/a><\/span><\/span><\/p>\n<p>Envie de partir en mission de b\u00e9n\u00e9volat au N\u00e9pal ?<span style=\"text-decoration: underline; color: #b81657;\"> <a style=\"color: #b81657; text-decoration: underline;\" href=\"https:\/\/www.globalong.com\/sejour-benevolat\/benevolat-au-nepal-humanitaire.html\" target=\"_blank\">Consultez les missions propos\u00e9es ici !<\/a><\/span><\/p>\n<p>D\u00e9couvrez plus de photo sur le N\u00e9pal en <span style=\"text-decoration: underline; color: #b81657;\"><span style=\"text-decoration: underline;\"><a style=\"color: #b81657; text-decoration: underline;\" href=\"https:\/\/www.flickr.com\/photos\/globalong\/albums\/72157639471477014\" target=\"_blank\">cliquant ici !<\/a><\/span><\/span><\/p>\n","protected":false},"excerpt":{"rendered":"<p>Tous les b\u00e9n\u00e9voles peuvent participer \u00e0 cette excursion de 3 jours au d\u00e9part de Katmandou. Il y a un d\u00e9part quotidien et vous pourrez donc vous rendre \u00e0 Chitwan pendant la premi\u00e8re semaine \u00e0 Katmandou, ou r\u00e9server un de vos weekends durant votre b\u00e9n\u00e9volat. L\u2019excursion dure 3 jours et 2 nuits. Le transport s\u2019effectue en [&hellip;]<\/p>\n","protected":false},"author":3,"featured_media":0,"parent":627,"menu_order":0,"comment_status":"closed","ping_status":"closed","template":"","meta":{"footnotes":""},"yoast_head":"<!-- This site is optimized with the Yoast SEO Premium plugin v23.4 (Yoast SEO v23.4) - https:\/\/yoast.com\/wordpress\/plugins\/seo\/ -->\n<title>Excursion \u00e0 Chitwan - Association Globalong<\/title>\n<meta name=\"robots\" content=\"index, follow, max-snippet:-1, max-image-preview:large, max-video-preview:-1\" \/>\n<link rel=\"canonical\" href=\"https:\/\/www.globalong.com\/blog\/treks-safaris-et-excursions\/excursion-a-chitwan\/\" \/>\n<meta property=\"og:locale\" content=\"fr_FR\" \/>\n<meta property=\"og:type\" content=\"article\" \/>\n<meta property=\"og:title\" content=\"Excursion \u00e0 Chitwan\" \/>\n<meta property=\"og:description\" content=\"Tous les b\u00e9n\u00e9voles peuvent participer \u00e0 cette excursion de 3 jours au d\u00e9part de Katmandou. Il y a un d\u00e9part quotidien et vous pourrez donc vous rendre \u00e0 Chitwan pendant la premi\u00e8re semaine \u00e0 Katmandou, ou r\u00e9server un de vos weekends durant votre b\u00e9n\u00e9volat. L\u2019excursion dure 3 jours et 2 nuits. Le transport s\u2019effectue en [&hellip;]\" \/>\n<meta property=\"og:url\" content=\"https:\/\/www.globalong.com\/blog\/treks-safaris-et-excursions\/excursion-a-chitwan\/\" \/>\n<meta property=\"og:site_name\" content=\"Association Globalong\" \/>\n<meta property=\"article:publisher\" content=\"https:\/\/www.facebook.com\/globalong\" \/>\n<meta property=\"article:modified_time\" content=\"2016-03-24T09:59:24+00:00\" \/>\n<meta property=\"og:image\" content=\"https:\/\/www.globalong.com\/blog\/wp-content\/uploads\/2015\/10\/12-300x169.png\" \/>\n<meta name=\"twitter:card\" content=\"summary_large_image\" \/>\n<meta name=\"twitter:label1\" content=\"Dur\u00e9e de lecture estim\u00e9e\" \/>\n\t<meta name=\"twitter:data1\" content=\"4 minutes\" \/>\n<script type=\"application\/ld+json\" class=\"yoast-schema-graph\">{\"@context\":\"https:\/\/schema.org\",\"@graph\":[{\"@type\":\"WebPage\",\"@id\":\"https:\/\/www.globalong.com\/blog\/treks-safaris-et-excursions\/excursion-a-chitwan\/\",\"url\":\"https:\/\/www.globalong.com\/blog\/treks-safaris-et-excursions\/excursion-a-chitwan\/\",\"name\":\"Excursion \u00e0 Chitwan - Association Globalong\",\"isPartOf\":{\"@id\":\"https:\/\/www.globalong.com\/blog\/#website\"},\"primaryImageOfPage\":{\"@id\":\"https:\/\/www.globalong.com\/blog\/treks-safaris-et-excursions\/excursion-a-chitwan\/#primaryimage\"},\"image\":{\"@id\":\"https:\/\/www.globalong.com\/blog\/treks-safaris-et-excursions\/excursion-a-chitwan\/#primaryimage\"},\"thumbnailUrl\":\"https:\/\/www.globalong.com\/blog\/wp-content\/uploads\/2015\/10\/12-300x169.png\",\"datePublished\":\"2015-10-27T13:18:54+00:00\",\"dateModified\":\"2016-03-24T09:59:24+00:00\",\"breadcrumb\":{\"@id\":\"https:\/\/www.globalong.com\/blog\/treks-safaris-et-excursions\/excursion-a-chitwan\/#breadcrumb\"},\"inLanguage\":\"fr-FR\",\"potentialAction\":[{\"@type\":\"ReadAction\",\"target\":[\"https:\/\/www.globalong.com\/blog\/treks-safaris-et-excursions\/excursion-a-chitwan\/\"]}]},{\"@type\":\"ImageObject\",\"inLanguage\":\"fr-FR\",\"@id\":\"https:\/\/www.globalong.com\/blog\/treks-safaris-et-excursions\/excursion-a-chitwan\/#primaryimage\",\"url\":\"https:\/\/www.globalong.com\/blog\/wp-content\/uploads\/2015\/10\/12.png\",\"contentUrl\":\"https:\/\/www.globalong.com\/blog\/wp-content\/uploads\/2015\/10\/12.png\",\"width\":1368,\"height\":771},{\"@type\":\"BreadcrumbList\",\"@id\":\"https:\/\/www.globalong.com\/blog\/treks-safaris-et-excursions\/excursion-a-chitwan\/#breadcrumb\",\"itemListElement\":[{\"@type\":\"ListItem\",\"position\":1,\"name\":\"Accueil\",\"item\":\"https:\/\/www.globalong.com\/blog\/\"},{\"@type\":\"ListItem\",\"position\":2,\"name\":\"Treks, safaris et excursions\",\"item\":\"https:\/\/www.globalong.com\/blog\/treks-safaris-et-excursions\/\"},{\"@type\":\"ListItem\",\"position\":3,\"name\":\"Excursion \u00e0 Chitwan\"}]},{\"@type\":\"WebSite\",\"@id\":\"https:\/\/www.globalong.com\/blog\/#website\",\"url\":\"https:\/\/www.globalong.com\/blog\/\",\"name\":\"https:\/\/www.globalong.com\/\",\"description\":\"Mission humanitaire, stage \u00e9tudiant et voyage linguistique\",\"publisher\":{\"@id\":\"https:\/\/www.globalong.com\/blog\/#organization\"},\"potentialAction\":[{\"@type\":\"SearchAction\",\"target\":{\"@type\":\"EntryPoint\",\"urlTemplate\":\"https:\/\/www.globalong.com\/blog\/?s={search_term_string}\"},\"query-input\":{\"@type\":\"PropertyValueSpecification\",\"valueRequired\":true,\"valueName\":\"search_term_string\"}}],\"inLanguage\":\"fr-FR\"},{\"@type\":\"Organization\",\"@id\":\"https:\/\/www.globalong.com\/blog\/#organization\",\"name\":\"Association Globalong\",\"url\":\"https:\/\/www.globalong.com\/blog\/\",\"logo\":{\"@type\":\"ImageObject\",\"inLanguage\":\"fr-FR\",\"@id\":\"https:\/\/www.globalong.com\/blog\/#\/schema\/logo\/image\/\",\"url\":\"https:\/\/www.globalong.com\/blog\/wp-content\/uploads\/2014\/11\/cropped-cropped-Logo-et-Afrique-Globalong-petite-taille-2.jpg\",\"contentUrl\":\"https:\/\/www.globalong.com\/blog\/wp-content\/uploads\/2014\/11\/cropped-cropped-Logo-et-Afrique-Globalong-petite-taille-2.jpg\",\"width\":512,\"height\":512,\"caption\":\"Association Globalong\"},\"image\":{\"@id\":\"https:\/\/www.globalong.com\/blog\/#\/schema\/logo\/image\/\"},\"sameAs\":[\"https:\/\/www.facebook.com\/globalong\"]}]}<\/script>\n<!-- \/ Yoast SEO Premium plugin. -->","yoast_head_json":{"title":"Excursion \u00e0 Chitwan - Association Globalong","robots":{"index":"index","follow":"follow","max-snippet":"max-snippet:-1","max-image-preview":"max-image-preview:large","max-video-preview":"max-video-preview:-1"},"canonical":"https:\/\/www.globalong.com\/blog\/treks-safaris-et-excursions\/excursion-a-chitwan\/","og_locale":"fr_FR","og_type":"article","og_title":"Excursion \u00e0 Chitwan","og_description":"Tous les b\u00e9n\u00e9voles peuvent participer \u00e0 cette excursion de 3 jours au d\u00e9part de Katmandou. Il y a un d\u00e9part quotidien et vous pourrez donc vous rendre \u00e0 Chitwan pendant la premi\u00e8re semaine \u00e0 Katmandou, ou r\u00e9server un de vos weekends durant votre b\u00e9n\u00e9volat. L\u2019excursion dure 3 jours et 2 nuits. Le transport s\u2019effectue en [&hellip;]","og_url":"https:\/\/www.globalong.com\/blog\/treks-safaris-et-excursions\/excursion-a-chitwan\/","og_site_name":"Association Globalong","article_publisher":"https:\/\/www.facebook.com\/globalong","article_modified_time":"2016-03-24T09:59:24+00:00","og_image":[{"url":"https:\/\/www.globalong.com\/blog\/wp-content\/uploads\/2015\/10\/12-300x169.png"}],"twitter_card":"summary_large_image","twitter_misc":{"Dur\u00e9e de lecture estim\u00e9e":"4 minutes"},"schema":{"@context":"https:\/\/schema.org","@graph":[{"@type":"WebPage","@id":"https:\/\/www.globalong.com\/blog\/treks-safaris-et-excursions\/excursion-a-chitwan\/","url":"https:\/\/www.globalong.com\/blog\/treks-safaris-et-excursions\/excursion-a-chitwan\/","name":"Excursion \u00e0 Chitwan - Association Globalong","isPartOf":{"@id":"https:\/\/www.globalong.com\/blog\/#website"},"primaryImageOfPage":{"@id":"https:\/\/www.globalong.com\/blog\/treks-safaris-et-excursions\/excursion-a-chitwan\/#primaryimage"},"image":{"@id":"https:\/\/www.globalong.com\/blog\/treks-safaris-et-excursions\/excursion-a-chitwan\/#primaryimage"},"thumbnailUrl":"https:\/\/www.globalong.com\/blog\/wp-content\/uploads\/2015\/10\/12-300x169.png","datePublished":"2015-10-27T13:18:54+00:00","dateModified":"2016-03-24T09:59:24+00:00","breadcrumb":{"@id":"https:\/\/www.globalong.com\/blog\/treks-safaris-et-excursions\/excursion-a-chitwan\/#breadcrumb"},"inLanguage":"fr-FR","potentialAction":[{"@type":"ReadAction","target":["https:\/\/www.globalong.com\/blog\/treks-safaris-et-excursions\/excursion-a-chitwan\/"]}]},{"@type":"ImageObject","inLanguage":"fr-FR","@id":"https:\/\/www.globalong.com\/blog\/treks-safaris-et-excursions\/excursion-a-chitwan\/#primaryimage","url":"https:\/\/www.globalong.com\/blog\/wp-content\/uploads\/2015\/10\/12.png","contentUrl":"https:\/\/www.globalong.com\/blog\/wp-content\/uploads\/2015\/10\/12.png","width":1368,"height":771},{"@type":"BreadcrumbList","@id":"https:\/\/www.globalong.com\/blog\/treks-safaris-et-excursions\/excursion-a-chitwan\/#breadcrumb","itemListElement":[{"@type":"ListItem","position":1,"name":"Accueil","item":"https:\/\/www.globalong.com\/blog\/"},{"@type":"ListItem","position":2,"name":"Treks, safaris et excursions","item":"https:\/\/www.globalong.com\/blog\/treks-safaris-et-excursions\/"},{"@type":"ListItem","position":3,"name":"Excursion \u00e0 Chitwan"}]},{"@type":"WebSite","@id":"https:\/\/www.globalong.com\/blog\/#website","url":"https:\/\/www.globalong.com\/blog\/","name":"https:\/\/www.globalong.com\/","description":"Mission humanitaire, stage \u00e9tudiant et voyage linguistique","publisher":{"@id":"https:\/\/www.globalong.com\/blog\/#organization"},"potentialAction":[{"@type":"SearchAction","target":{"@type":"EntryPoint","urlTemplate":"https:\/\/www.globalong.com\/blog\/?s={search_term_string}"},"query-input":{"@type":"PropertyValueSpecification","valueRequired":true,"valueName":"search_term_string"}}],"inLanguage":"fr-FR"},{"@type":"Organization","@id":"https:\/\/www.globalong.com\/blog\/#organization","name":"Association Globalong","url":"https:\/\/www.globalong.com\/blog\/","logo":{"@type":"ImageObject","inLanguage":"fr-FR","@id":"https:\/\/www.globalong.com\/blog\/#\/schema\/logo\/image\/","url":"https:\/\/www.globalong.com\/blog\/wp-content\/uploads\/2014\/11\/cropped-cropped-Logo-et-Afrique-Globalong-petite-taille-2.jpg","contentUrl":"https:\/\/www.globalong.com\/blog\/wp-content\/uploads\/2014\/11\/cropped-cropped-Logo-et-Afrique-Globalong-petite-taille-2.jpg","width":512,"height":512,"caption":"Association Globalong"},"image":{"@id":"https:\/\/www.globalong.com\/blog\/#\/schema\/logo\/image\/"},"sameAs":["https:\/\/www.facebook.com\/globalong"]}]}},"_links":{"self":[{"href":"https:\/\/www.globalong.com\/blog\/wp-json\/wp\/v2\/pages\/743"}],"collection":[{"href":"https:\/\/www.globalong.com\/blog\/wp-json\/wp\/v2\/pages"}],"about":[{"href":"https:\/\/www.globalong.com\/blog\/wp-json\/wp\/v2\/types\/page"}],"author":[{"embeddable":true,"href":"https:\/\/www.globalong.com\/blog\/wp-json\/wp\/v2\/users\/3"}],"replies":[{"embeddable":true,"href":"https:\/\/www.globalong.com\/blog\/wp-json\/wp\/v2\/comments?post=743"}],"version-history":[{"count":22,"href":"https:\/\/www.globalong.com\/blog\/wp-json\/wp\/v2\/pages\/743\/revisions"}],"predecessor-version":[{"id":2197,"href":"https:\/\/www.globalong.com\/blog\/wp-json\/wp\/v2\/pages\/743\/revisions\/2197"}],"up":[{"embeddable":true,"href":"https:\/\/www.globalong.com\/blog\/wp-json\/wp\/v2\/pages\/627"}],"wp:attachment":[{"href":"https:\/\/www.globalong.com\/blog\/wp-json\/wp\/v2\/media?parent=743"}],"curies":[{"name":"wp","href":"https:\/\/api.w.org\/{rel}","templated":true}]}}