{"id":7931,"date":"2017-11-29T11:34:34","date_gmt":"2017-11-29T10:34:34","guid":{"rendered":"https:\/\/www.globalong.com\/blog\/?page_id=7931"},"modified":"2022-05-08T16:02:17","modified_gmt":"2022-05-08T14:02:17","slug":"togo-michele-benevolat-volontariat-mission-humanitaire-afrique","status":"publish","type":"page","link":"https:\/\/www.globalong.com\/blog\/avis-temoignages-globalong\/togo-michele-benevolat-volontariat-mission-humanitaire-afrique\/","title":{"rendered":"Togo &#8211; Mich\u00e8le"},"content":{"rendered":"<p style=\"text-align: center;\"><strong><span style=\"color: #b81657;\">T\u00e9moignage de Mich\u00e8le, b\u00e9n\u00e9vole avec GlobAlong au Togo<\/span><\/strong><\/p>\n<p style=\"text-align: justify;\"><a href=\"https:\/\/www.globalong.com\/blog\/wp-content\/uploads\/2017\/11\/Michele-be\u0301ne\u0301vole-avec-GlobAlong-au-Togo-min.jpg\"><img loading=\"lazy\" decoding=\"async\" class=\"wp-image-7950 aligncenter\" src=\"https:\/\/www.globalong.com\/blog\/wp-content\/uploads\/2017\/11\/Michele-be\u0301ne\u0301vole-avec-GlobAlong-au-Togo-min-224x300.jpg\" alt=\"\" width=\"300\" height=\"401\" srcset=\"https:\/\/www.globalong.com\/blog\/wp-content\/uploads\/2017\/11\/Michele-be\u0301ne\u0301vole-avec-GlobAlong-au-Togo-min-224x300.jpg 224w, https:\/\/www.globalong.com\/blog\/wp-content\/uploads\/2017\/11\/Michele-be\u0301ne\u0301vole-avec-GlobAlong-au-Togo-min-768x1027.jpg 768w, https:\/\/www.globalong.com\/blog\/wp-content\/uploads\/2017\/11\/Michele-be\u0301ne\u0301vole-avec-GlobAlong-au-Togo-min-766x1024.jpg 766w, https:\/\/www.globalong.com\/blog\/wp-content\/uploads\/2017\/11\/Michele-be\u0301ne\u0301vole-avec-GlobAlong-au-Togo-min-112x150.jpg 112w\" sizes=\"(max-width: 300px) 100vw, 300px\" \/><\/a>Je suis partie <span style=\"text-decoration: underline;\"><a href=\"https:\/\/www.globalong.com\/sejour-benevolat\/togo-benevolat-humanitaire.html\" target=\"_blank\" rel=\"noopener\">un mois au Togo<\/a><\/span> chez une famille tr\u00e8s accueillante et \u00e0 l&rsquo;\u00e9coute lorsqu&rsquo;il y avait un petit probl\u00e8me, comme les communications t\u00e9l\u00e9phoniques par exemple.<\/p>\n<p style=\"text-align: justify;\">J&rsquo;ai travaill\u00e9 dans un h\u00f4pital \u00e0 Atakpam\u00e9. L&rsquo;accueil \u00e9tait excellent et j&rsquo;ai beaucoup appr\u00e9ci\u00e9 apprendre les techniques de la m\u00e9decine tropicale.<\/p>\n<p style=\"text-align: justify;\">Mon plus beau souvenir reste mon intervention aupr\u00e8s d&rsquo;un petit gar\u00e7on de 2 ans, en soins paliatif et avec peu de chance de s&rsquo;en sortir, faute d&rsquo;argent. Il fallait seulement 6500 CFA, somme d\u00e9risoire pour nous.<\/p>\n<p style=\"text-align: justify;\">J&rsquo;ai \u00e9galement fait la rencontre de Tchao-Gnao, le chef de sant\u00e9. Un homme tr\u00e8s comp\u00e9tent, toujours \u00e0 l&rsquo;\u00e9coute de ses patients et qui intervient en cas d&rsquo;urgence. Une tr\u00e8s belle personne pleine de qualit\u00e9s, que j&rsquo;admire.<\/p>\n<p>J&rsquo;ai \u00e9galement travaill\u00e9 au jardin catholique de la Cath\u00e9drale Atakpam\u00e9, d&rsquo;un effectif de 70 \u00e9l\u00e8ves.<\/p>\n<p><img loading=\"lazy\" decoding=\"async\" class=\"wp-image-7951 aligncenter\" src=\"https:\/\/www.globalong.com\/blog\/wp-content\/uploads\/2017\/11\/Miche\u0300le-sur-le-lieu-GlobAlong-min-225x300.jpg\" alt=\"\" width=\"300\" height=\"400\" srcset=\"https:\/\/www.globalong.com\/blog\/wp-content\/uploads\/2017\/11\/Miche\u0300le-sur-le-lieu-GlobAlong-min-225x300.jpg 225w, https:\/\/www.globalong.com\/blog\/wp-content\/uploads\/2017\/11\/Miche\u0300le-sur-le-lieu-GlobAlong-min-768x1024.jpg 768w, https:\/\/www.globalong.com\/blog\/wp-content\/uploads\/2017\/11\/Miche\u0300le-sur-le-lieu-GlobAlong-min-113x150.jpg 113w, https:\/\/www.globalong.com\/blog\/wp-content\/uploads\/2017\/11\/Miche\u0300le-sur-le-lieu-GlobAlong-min.jpg 1200w\" sizes=\"(max-width: 300px) 100vw, 300px\" \/><\/p>\n<p>Les enfants arrivent sans conna\u00eetre le fran\u00e7ais, langue pourtant indispensable pour l&rsquo;entr\u00e9e en premi\u00e8re primaire. L&rsquo;institutrice responsable, Dayd Afiwa S\u00e9nade Julienne est formidable, autant sur l&rsquo;enseignement que sur la d\u00e9votion. Elle est tr\u00e8s comp\u00e9tente.<\/p>\n<p style=\"text-align: justify;\">Durant 4 semaines et un horaire plus court qu&rsquo;\u00e0 l&rsquo;h\u00f4pital, j&rsquo;ai pu observer et constater les progr\u00e8s des enfants gr\u00e2ce \u00e0 des chansons, des po\u00e8mes&#8230; C&rsquo;est si beau de voir des enfants avec une telle soif d&rsquo;apprendre.<\/p>\n<p style=\"text-align: justify;\">J&rsquo;adresse un petit mot \u00e0 tous ceux qui prendront la suite, un toboggan, une balan\u00e7oire ou des ballons ou autres accessoires de divertissement serait un merveilleux cadeau pour ces enfants qui n&rsquo;ont pratiquement rien et leur permettrait de s&rsquo;amuser convenablement durant la\u00a0r\u00e9cr\u00e9ation.<\/p>\n<p style=\"text-align: justify;\">A l&rsquo;approche des f\u00eates de fin d&rsquo;ann\u00e9e, un petit geste pour l&rsquo;h\u00f4pital, qui\u00a0manque cruellement de bandages, de compresses et de m\u00e9dicaments serait une tr\u00e8s belle d\u00e9monstration de solidarit\u00e9.<\/p>\n<p><img loading=\"lazy\" decoding=\"async\" class=\"wp-image-7960 aligncenter\" src=\"https:\/\/www.globalong.com\/blog\/wp-content\/uploads\/2017\/11\/Volontariat-au-togo-GlobAlong-min-224x300.jpg\" alt=\"\" width=\"300\" height=\"401\" srcset=\"https:\/\/www.globalong.com\/blog\/wp-content\/uploads\/2017\/11\/Volontariat-au-togo-GlobAlong-min-224x300.jpg 224w, https:\/\/www.globalong.com\/blog\/wp-content\/uploads\/2017\/11\/Volontariat-au-togo-GlobAlong-min-768x1027.jpg 768w, https:\/\/www.globalong.com\/blog\/wp-content\/uploads\/2017\/11\/Volontariat-au-togo-GlobAlong-min-766x1024.jpg 766w, https:\/\/www.globalong.com\/blog\/wp-content\/uploads\/2017\/11\/Volontariat-au-togo-GlobAlong-min-112x150.jpg 112w\" sizes=\"(max-width: 300px) 100vw, 300px\" \/><\/p>\n<p style=\"text-align: justify;\">Le Togo est un pays magnifique dont je garderai d&rsquo;inoubliables souvenirs. Un pays tr\u00e8s pauvre mais riche d&rsquo;une splendide nature.<\/p>\n<p style=\"text-align: justify;\">Encore merci \u00e0 Sophie pour ce s\u00e9jour !<\/p>\n<p style=\"text-align: center;\">Pour d\u00e9couvrir plus de photos du Togo, <a href=\"https:\/\/www.flickr.com\/photos\/globalong\/sets\/72157640040896094\/\" target=\"_blank\" rel=\"noopener\">cliquez\u00a0ici\u00a0<\/a>!<\/p>\n<p style=\"text-align: center;\">Pour en savoir plus sur le programme de b\u00e9n\u00e9volat au Togo, <a href=\"https:\/\/www.globalong.com\/sejour-benevolat\/togo-benevolat-humanitaire.html\" target=\"_blank\" rel=\"noopener\">cliquez ici<\/a> !<\/p>\n<p style=\"text-align: center;\">N\u2019h\u00e9sitez pas \u00e0 nous contacter pour plus d\u2019informations \u00e0\u00a0<a href=\"mailto:info@globalong.com\" target=\"_blank\" rel=\"noopener\"><strong>info@globalong.com<\/strong><\/a><\/p>\n<p style=\"text-align: center;\"><span style=\"text-decoration: underline; color: #b81657;\"><a href=\"https:\/\/www.globalong.com\/que-penser-de-globalong.html\" target=\"_blank\" rel=\"noopener\"><strong>Que penser de GlobAlong?<br \/>\n<\/strong><\/a><\/span><\/p>\n<p style=\"text-align: center;\"><span style=\"text-decoration: underline; color: #b81657;\"><strong><a href=\"https:\/\/www.globalong.com\/services-volontariat-international.html\" target=\"_blank\" rel=\"noopener\">Volontariat international<\/a><\/strong><\/span><\/p>\n<p style=\"text-align: center;\"><strong><a href=\"https:\/\/www.globalong.com\/blog\/videos-de-nos-destinations-humanitaire-benevolat-international-volunteer-humanitarian-programme\/\" target=\"_blank\" rel=\"noopener\"><span style=\"text-decoration: underline;\"><span style=\"color: #b81657; text-decoration: underline;\">GlobAlong en vid\u00e9os<\/span><\/span><\/a><\/strong><\/p>\n","protected":false},"excerpt":{"rendered":"<p>T\u00e9moignage de Mich\u00e8le, b\u00e9n\u00e9vole avec GlobAlong au Togo Je suis partie un mois au Togo chez une famille tr\u00e8s accueillante et \u00e0 l&rsquo;\u00e9coute lorsqu&rsquo;il y avait un petit probl\u00e8me, comme les communications t\u00e9l\u00e9phoniques par exemple. J&rsquo;ai travaill\u00e9 dans un h\u00f4pital \u00e0 Atakpam\u00e9. L&rsquo;accueil \u00e9tait excellent et j&rsquo;ai beaucoup appr\u00e9ci\u00e9 apprendre les techniques de la m\u00e9decine [&hellip;]<\/p>\n","protected":false},"author":7,"featured_media":9412,"parent":883,"menu_order":0,"comment_status":"closed","ping_status":"closed","template":"","meta":{"footnotes":""},"yoast_head":"<!-- This site is optimized with the Yoast SEO Premium plugin v23.4 (Yoast SEO v23.4) - https:\/\/yoast.com\/wordpress\/plugins\/seo\/ -->\n<title>Togo - Mich\u00e8le - Association Globalong<\/title>\n<meta name=\"robots\" content=\"index, follow, max-snippet:-1, max-image-preview:large, max-video-preview:-1\" \/>\n<link rel=\"canonical\" href=\"https:\/\/www.globalong.com\/blog\/avis-temoignages-globalong\/togo-michele-benevolat-volontariat-mission-humanitaire-afrique\/\" \/>\n<meta property=\"og:locale\" content=\"fr_FR\" \/>\n<meta property=\"og:type\" content=\"article\" \/>\n<meta property=\"og:title\" content=\"Togo - Mich\u00e8le\" \/>\n<meta property=\"og:description\" content=\"T\u00e9moignage de Mich\u00e8le, b\u00e9n\u00e9vole avec GlobAlong au Togo Je suis partie un mois au Togo chez une famille tr\u00e8s accueillante et \u00e0 l&rsquo;\u00e9coute lorsqu&rsquo;il y avait un petit probl\u00e8me, comme les communications t\u00e9l\u00e9phoniques par exemple. J&rsquo;ai travaill\u00e9 dans un h\u00f4pital \u00e0 Atakpam\u00e9. L&rsquo;accueil \u00e9tait excellent et j&rsquo;ai beaucoup appr\u00e9ci\u00e9 apprendre les techniques de la m\u00e9decine [&hellip;]\" \/>\n<meta property=\"og:url\" content=\"https:\/\/www.globalong.com\/blog\/avis-temoignages-globalong\/togo-michele-benevolat-volontariat-mission-humanitaire-afrique\/\" \/>\n<meta property=\"og:site_name\" content=\"Association Globalong\" \/>\n<meta property=\"article:publisher\" content=\"https:\/\/www.facebook.com\/globalong\" \/>\n<meta property=\"article:modified_time\" content=\"2022-05-08T14:02:17+00:00\" \/>\n<meta property=\"og:image\" content=\"https:\/\/www.globalong.com\/blog\/wp-content\/uploads\/2018\/04\/Michele-be\u0301ne\u0301vole-avec-GlobAlong-au-Togo-min.jpg\" \/>\n\t<meta property=\"og:image:width\" content=\"3088\" \/>\n\t<meta property=\"og:image:height\" content=\"4128\" \/>\n\t<meta property=\"og:image:type\" content=\"image\/jpeg\" \/>\n<meta name=\"twitter:card\" content=\"summary_large_image\" \/>\n<meta name=\"twitter:label1\" content=\"Dur\u00e9e de lecture estim\u00e9e\" \/>\n\t<meta name=\"twitter:data1\" content=\"2 minutes\" \/>\n<script type=\"application\/ld+json\" class=\"yoast-schema-graph\">{\"@context\":\"https:\/\/schema.org\",\"@graph\":[{\"@type\":\"WebPage\",\"@id\":\"https:\/\/www.globalong.com\/blog\/avis-temoignages-globalong\/togo-michele-benevolat-volontariat-mission-humanitaire-afrique\/\",\"url\":\"https:\/\/www.globalong.com\/blog\/avis-temoignages-globalong\/togo-michele-benevolat-volontariat-mission-humanitaire-afrique\/\",\"name\":\"Togo - Mich\u00e8le - Association Globalong\",\"isPartOf\":{\"@id\":\"https:\/\/www.globalong.com\/blog\/#website\"},\"primaryImageOfPage\":{\"@id\":\"https:\/\/www.globalong.com\/blog\/avis-temoignages-globalong\/togo-michele-benevolat-volontariat-mission-humanitaire-afrique\/#primaryimage\"},\"image\":{\"@id\":\"https:\/\/www.globalong.com\/blog\/avis-temoignages-globalong\/togo-michele-benevolat-volontariat-mission-humanitaire-afrique\/#primaryimage\"},\"thumbnailUrl\":\"https:\/\/www.globalong.com\/blog\/wp-content\/uploads\/2018\/04\/Michele-be\u0301ne\u0301vole-avec-GlobAlong-au-Togo-min.jpg\",\"datePublished\":\"2017-11-29T10:34:34+00:00\",\"dateModified\":\"2022-05-08T14:02:17+00:00\",\"breadcrumb\":{\"@id\":\"https:\/\/www.globalong.com\/blog\/avis-temoignages-globalong\/togo-michele-benevolat-volontariat-mission-humanitaire-afrique\/#breadcrumb\"},\"inLanguage\":\"fr-FR\",\"potentialAction\":[{\"@type\":\"ReadAction\",\"target\":[\"https:\/\/www.globalong.com\/blog\/avis-temoignages-globalong\/togo-michele-benevolat-volontariat-mission-humanitaire-afrique\/\"]}]},{\"@type\":\"ImageObject\",\"inLanguage\":\"fr-FR\",\"@id\":\"https:\/\/www.globalong.com\/blog\/avis-temoignages-globalong\/togo-michele-benevolat-volontariat-mission-humanitaire-afrique\/#primaryimage\",\"url\":\"https:\/\/www.globalong.com\/blog\/wp-content\/uploads\/2018\/04\/Michele-be\u0301ne\u0301vole-avec-GlobAlong-au-Togo-min.jpg\",\"contentUrl\":\"https:\/\/www.globalong.com\/blog\/wp-content\/uploads\/2018\/04\/Michele-be\u0301ne\u0301vole-avec-GlobAlong-au-Togo-min.jpg\",\"width\":3088,\"height\":4128},{\"@type\":\"BreadcrumbList\",\"@id\":\"https:\/\/www.globalong.com\/blog\/avis-temoignages-globalong\/togo-michele-benevolat-volontariat-mission-humanitaire-afrique\/#breadcrumb\",\"itemListElement\":[{\"@type\":\"ListItem\",\"position\":1,\"name\":\"Accueil\",\"item\":\"https:\/\/www.globalong.com\/blog\/\"},{\"@type\":\"ListItem\",\"position\":2,\"name\":\"T\u00e9moignages et avis de volontaires Globalong\",\"item\":\"https:\/\/www.globalong.com\/blog\/avis-temoignages-globalong\/\"},{\"@type\":\"ListItem\",\"position\":3,\"name\":\"Togo &#8211; Mich\u00e8le\"}]},{\"@type\":\"WebSite\",\"@id\":\"https:\/\/www.globalong.com\/blog\/#website\",\"url\":\"https:\/\/www.globalong.com\/blog\/\",\"name\":\"https:\/\/www.globalong.com\/\",\"description\":\"Mission humanitaire, stage \u00e9tudiant et voyage linguistique\",\"publisher\":{\"@id\":\"https:\/\/www.globalong.com\/blog\/#organization\"},\"potentialAction\":[{\"@type\":\"SearchAction\",\"target\":{\"@type\":\"EntryPoint\",\"urlTemplate\":\"https:\/\/www.globalong.com\/blog\/?s={search_term_string}\"},\"query-input\":{\"@type\":\"PropertyValueSpecification\",\"valueRequired\":true,\"valueName\":\"search_term_string\"}}],\"inLanguage\":\"fr-FR\"},{\"@type\":\"Organization\",\"@id\":\"https:\/\/www.globalong.com\/blog\/#organization\",\"name\":\"Association Globalong\",\"url\":\"https:\/\/www.globalong.com\/blog\/\",\"logo\":{\"@type\":\"ImageObject\",\"inLanguage\":\"fr-FR\",\"@id\":\"https:\/\/www.globalong.com\/blog\/#\/schema\/logo\/image\/\",\"url\":\"https:\/\/www.globalong.com\/blog\/wp-content\/uploads\/2014\/11\/cropped-cropped-Logo-et-Afrique-Globalong-petite-taille-2.jpg\",\"contentUrl\":\"https:\/\/www.globalong.com\/blog\/wp-content\/uploads\/2014\/11\/cropped-cropped-Logo-et-Afrique-Globalong-petite-taille-2.jpg\",\"width\":512,\"height\":512,\"caption\":\"Association Globalong\"},\"image\":{\"@id\":\"https:\/\/www.globalong.com\/blog\/#\/schema\/logo\/image\/\"},\"sameAs\":[\"https:\/\/www.facebook.com\/globalong\"]}]}<\/script>\n<!-- \/ Yoast SEO Premium plugin. -->","yoast_head_json":{"title":"Togo - Mich\u00e8le - Association Globalong","robots":{"index":"index","follow":"follow","max-snippet":"max-snippet:-1","max-image-preview":"max-image-preview:large","max-video-preview":"max-video-preview:-1"},"canonical":"https:\/\/www.globalong.com\/blog\/avis-temoignages-globalong\/togo-michele-benevolat-volontariat-mission-humanitaire-afrique\/","og_locale":"fr_FR","og_type":"article","og_title":"Togo - Mich\u00e8le","og_description":"T\u00e9moignage de Mich\u00e8le, b\u00e9n\u00e9vole avec GlobAlong au Togo Je suis partie un mois au Togo chez une famille tr\u00e8s accueillante et \u00e0 l&rsquo;\u00e9coute lorsqu&rsquo;il y avait un petit probl\u00e8me, comme les communications t\u00e9l\u00e9phoniques par exemple. J&rsquo;ai travaill\u00e9 dans un h\u00f4pital \u00e0 Atakpam\u00e9. L&rsquo;accueil \u00e9tait excellent et j&rsquo;ai beaucoup appr\u00e9ci\u00e9 apprendre les techniques de la m\u00e9decine [&hellip;]","og_url":"https:\/\/www.globalong.com\/blog\/avis-temoignages-globalong\/togo-michele-benevolat-volontariat-mission-humanitaire-afrique\/","og_site_name":"Association Globalong","article_publisher":"https:\/\/www.facebook.com\/globalong","article_modified_time":"2022-05-08T14:02:17+00:00","og_image":[{"width":3088,"height":4128,"url":"https:\/\/www.globalong.com\/blog\/wp-content\/uploads\/2018\/04\/Michele-be\u0301ne\u0301vole-avec-GlobAlong-au-Togo-min.jpg","type":"image\/jpeg"}],"twitter_card":"summary_large_image","twitter_misc":{"Dur\u00e9e de lecture estim\u00e9e":"2 minutes"},"schema":{"@context":"https:\/\/schema.org","@graph":[{"@type":"WebPage","@id":"https:\/\/www.globalong.com\/blog\/avis-temoignages-globalong\/togo-michele-benevolat-volontariat-mission-humanitaire-afrique\/","url":"https:\/\/www.globalong.com\/blog\/avis-temoignages-globalong\/togo-michele-benevolat-volontariat-mission-humanitaire-afrique\/","name":"Togo - Mich\u00e8le - Association Globalong","isPartOf":{"@id":"https:\/\/www.globalong.com\/blog\/#website"},"primaryImageOfPage":{"@id":"https:\/\/www.globalong.com\/blog\/avis-temoignages-globalong\/togo-michele-benevolat-volontariat-mission-humanitaire-afrique\/#primaryimage"},"image":{"@id":"https:\/\/www.globalong.com\/blog\/avis-temoignages-globalong\/togo-michele-benevolat-volontariat-mission-humanitaire-afrique\/#primaryimage"},"thumbnailUrl":"https:\/\/www.globalong.com\/blog\/wp-content\/uploads\/2018\/04\/Michele-be\u0301ne\u0301vole-avec-GlobAlong-au-Togo-min.jpg","datePublished":"2017-11-29T10:34:34+00:00","dateModified":"2022-05-08T14:02:17+00:00","breadcrumb":{"@id":"https:\/\/www.globalong.com\/blog\/avis-temoignages-globalong\/togo-michele-benevolat-volontariat-mission-humanitaire-afrique\/#breadcrumb"},"inLanguage":"fr-FR","potentialAction":[{"@type":"ReadAction","target":["https:\/\/www.globalong.com\/blog\/avis-temoignages-globalong\/togo-michele-benevolat-volontariat-mission-humanitaire-afrique\/"]}]},{"@type":"ImageObject","inLanguage":"fr-FR","@id":"https:\/\/www.globalong.com\/blog\/avis-temoignages-globalong\/togo-michele-benevolat-volontariat-mission-humanitaire-afrique\/#primaryimage","url":"https:\/\/www.globalong.com\/blog\/wp-content\/uploads\/2018\/04\/Michele-be\u0301ne\u0301vole-avec-GlobAlong-au-Togo-min.jpg","contentUrl":"https:\/\/www.globalong.com\/blog\/wp-content\/uploads\/2018\/04\/Michele-be\u0301ne\u0301vole-avec-GlobAlong-au-Togo-min.jpg","width":3088,"height":4128},{"@type":"BreadcrumbList","@id":"https:\/\/www.globalong.com\/blog\/avis-temoignages-globalong\/togo-michele-benevolat-volontariat-mission-humanitaire-afrique\/#breadcrumb","itemListElement":[{"@type":"ListItem","position":1,"name":"Accueil","item":"https:\/\/www.globalong.com\/blog\/"},{"@type":"ListItem","position":2,"name":"T\u00e9moignages et avis de volontaires Globalong","item":"https:\/\/www.globalong.com\/blog\/avis-temoignages-globalong\/"},{"@type":"ListItem","position":3,"name":"Togo &#8211; Mich\u00e8le"}]},{"@type":"WebSite","@id":"https:\/\/www.globalong.com\/blog\/#website","url":"https:\/\/www.globalong.com\/blog\/","name":"https:\/\/www.globalong.com\/","description":"Mission humanitaire, stage \u00e9tudiant et voyage linguistique","publisher":{"@id":"https:\/\/www.globalong.com\/blog\/#organization"},"potentialAction":[{"@type":"SearchAction","target":{"@type":"EntryPoint","urlTemplate":"https:\/\/www.globalong.com\/blog\/?s={search_term_string}"},"query-input":{"@type":"PropertyValueSpecification","valueRequired":true,"valueName":"search_term_string"}}],"inLanguage":"fr-FR"},{"@type":"Organization","@id":"https:\/\/www.globalong.com\/blog\/#organization","name":"Association Globalong","url":"https:\/\/www.globalong.com\/blog\/","logo":{"@type":"ImageObject","inLanguage":"fr-FR","@id":"https:\/\/www.globalong.com\/blog\/#\/schema\/logo\/image\/","url":"https:\/\/www.globalong.com\/blog\/wp-content\/uploads\/2014\/11\/cropped-cropped-Logo-et-Afrique-Globalong-petite-taille-2.jpg","contentUrl":"https:\/\/www.globalong.com\/blog\/wp-content\/uploads\/2014\/11\/cropped-cropped-Logo-et-Afrique-Globalong-petite-taille-2.jpg","width":512,"height":512,"caption":"Association Globalong"},"image":{"@id":"https:\/\/www.globalong.com\/blog\/#\/schema\/logo\/image\/"},"sameAs":["https:\/\/www.facebook.com\/globalong"]}]}},"_links":{"self":[{"href":"https:\/\/www.globalong.com\/blog\/wp-json\/wp\/v2\/pages\/7931"}],"collection":[{"href":"https:\/\/www.globalong.com\/blog\/wp-json\/wp\/v2\/pages"}],"about":[{"href":"https:\/\/www.globalong.com\/blog\/wp-json\/wp\/v2\/types\/page"}],"author":[{"embeddable":true,"href":"https:\/\/www.globalong.com\/blog\/wp-json\/wp\/v2\/users\/7"}],"replies":[{"embeddable":true,"href":"https:\/\/www.globalong.com\/blog\/wp-json\/wp\/v2\/comments?post=7931"}],"version-history":[{"count":49,"href":"https:\/\/www.globalong.com\/blog\/wp-json\/wp\/v2\/pages\/7931\/revisions"}],"predecessor-version":[{"id":14074,"href":"https:\/\/www.globalong.com\/blog\/wp-json\/wp\/v2\/pages\/7931\/revisions\/14074"}],"up":[{"embeddable":true,"href":"https:\/\/www.globalong.com\/blog\/wp-json\/wp\/v2\/pages\/883"}],"wp:featuredmedia":[{"embeddable":true,"href":"https:\/\/www.globalong.com\/blog\/wp-json\/wp\/v2\/media\/9412"}],"wp:attachment":[{"href":"https:\/\/www.globalong.com\/blog\/wp-json\/wp\/v2\/media?parent=7931"}],"curies":[{"name":"wp","href":"https:\/\/api.w.org\/{rel}","templated":true}]}}