{"id":807,"date":"2015-12-02T11:12:09","date_gmt":"2015-12-02T10:12:09","guid":{"rendered":"https:\/\/www.globalong.com\/blog\/?page_id=807"},"modified":"2025-06-08T18:23:21","modified_gmt":"2025-06-08T16:23:21","slug":"safari-les-big-5-du-parc-kruger","status":"publish","type":"page","link":"https:\/\/www.globalong.com\/blog\/treks-safaris-et-excursions\/safari-les-big-5-du-parc-kruger\/","title":{"rendered":"Safari &#8211; Le Parc Kruger"},"content":{"rendered":"<div class=\"blog-post\">\n<h2 style=\"text-align: center; color: #b81657;\"><strong>Safari de 4 jours au Parc Kruger<br \/>\n<span style=\"color: #ff0000;\">NON DISPONIBLE<\/span><\/strong><\/h2>\n<p style=\"text-align: center;\"><em>Ce safari vous am\u00e8ne au c\u0153ur du parc Kruger, \u00e0 la rencontre des grands mammif\u00e8res africains, les \u00ab Big 5 \u00bb, pendant 4 jours et 3 nuits. Votre voyage commence \u00e0 Glen Austin Medrand, un quartier de Johannesburg.<\/em><\/p>\n<h3 style=\"color: #b81657;\"><strong>Itin\u00e9raire<\/strong><\/h3>\n<h4 style=\"color: #b81657;\"><strong>Jour 1 \u2013 En route vers le parc national Kruger :<\/strong><\/h4>\n<p style=\"text-align: justify;\"><img loading=\"lazy\" decoding=\"async\" class=\"aligncenter\" src=\"https:\/\/www.globalong.com\/blog\/wp-content\/uploads\/2015\/12\/Capture-d\u2019\u00e9cran-2015-12-02-\u00e0-10.30.16-300x177.png\" alt=\"L\u00e9opard Kruger\" width=\"300\" height=\"177\" \/><br \/>\nVous avez rendez-vous vers 6h30 pour un d\u00e9part matinal \u00e0 7h de Johannesburg. Sur la route, vous passerez devant les mines de charbon de la province de Mpumalanga pour vous rendre au parc national Kruger. Vous installerez les tentes sur votre lieu de campement, o\u00f9 vous passerez les trois prochaines nuits.<\/p>\n<p style=\"text-align: justify;\"><img loading=\"lazy\" decoding=\"async\" class=\"aligncenter\" src=\"https:\/\/www.globalong.com\/blog\/wp-content\/uploads\/2015\/12\/Capture-d\u2019\u00e9cran-2015-12-02-\u00e0-10.30.32-300x177.png\" alt=\"Parc Kruger\" width=\"300\" height=\"177\" \/><br \/>\nLe soir, vous ferez un tour en camion tout-terrain pour admirer le coucher du soleil, puis vous assisterez \u00e0 un spectacle de danse et d\u00eenerez autour d&rsquo;un feu de camp. N\u2019oubliez pas de recharger les batteries de votre appareil photo !<\/p>\n<p style=\"text-align: justify;\"><strong>Repas inclus :<\/strong> d\u00e9jeuner, d\u00eener<\/p>\n<p style=\"text-align: justify;\"><strong>Trajet :<\/strong> de Johannesburg au parc national Kruger \u2013 environ 480 km<\/p>\n<h4 style=\"color: #b81657;\"><strong>Jour 2 \u2013 Le parc national Kruger :<\/strong><\/h4>\n<p style=\"text-align: justify;\">Vous commencerez la journ\u00e9e par une randonn\u00e9e dans le bush avant de parcourir le parc \u00e0 bord d&rsquo;un v\u00e9hicule tout-terrain (de type 4 X 4 \u00e0 toit ouvert). Vous aurez s\u00fbrement l\u2019opportunit\u00e9 de prendre des photos, gardez donc l\u2019\u0153il ouvert pour rep\u00e9rer les \u00e9l\u00e9phants, les lions, les l\u00e9opards, les buffles ou les rhinoc\u00e9ros (connus sous le nom des \u00ab Big 5 \u00bb) mais \u00e9galement beaucoup d\u2019autres esp\u00e8ces de mammif\u00e8res et d&rsquo;oiseaux.<\/p>\n<p style=\"text-align: justify;\"><img loading=\"lazy\" decoding=\"async\" class=\"aligncenter\" src=\"https:\/\/www.globalong.com\/blog\/wp-content\/uploads\/2015\/12\/Capture-d\u2019\u00e9cran-2015-12-02-\u00e0-10.30.25-300x176.png\" alt=\"Lion Kruger\" width=\"300\" height=\"176\" \/><\/p>\n<p style=\"text-align: justify;\"><strong>Repas inclus :<\/strong> petit d\u00e9jeuner, d\u00e9jeuner, d\u00eener<\/p>\n<p style=\"text-align: justify;\"><strong>Trajet :<\/strong> au c\u0153ur du parc Kruger \u2013 environ 150 km<\/p>\n<h4 style=\"color: #b81657;\"><strong>Jour 3 \u2013 Le parc national Kruger &#8211; la route panoramique :<\/strong><\/h4>\n<p style=\"text-align: justify;\">\u00c0 bord d\u2019un v\u00e9hicule (de type 4 X 4 \u00e0 toit ouvert), vous observerez les animaux sauvages du parc. Ensuite, vous longerez la route panoramique avec plusieurs escales, notamment :<\/p>\n<ul style=\"text-align: justify;\">\n<li>God&rsquo;s Window (vue plongeante de 700 m sur le canyon de la rivi\u00e8re Blyde)<\/li>\n<li>Bourke\u2019s Luck Potholes (formations rocheuses impressionnantes au confluent des rivi\u00e8res Blyde et Treur)<\/li>\n<li>Les Trois Rondavels (montagnes en forme de huttes traditionnelles)<\/li>\n<\/ul>\n<p style=\"text-align: justify;\"><img loading=\"lazy\" decoding=\"async\" class=\"aligncenter\" src=\"https:\/\/www.globalong.com\/blog\/wp-content\/uploads\/2015\/12\/Capture-d\u2019\u00e9cran-2015-12-02-\u00e0-10.59.47-300x197.png\" alt=\"Blyde River Canyon\" width=\"300\" height=\"197\" \/><\/p>\n<p style=\"text-align: justify;\"><strong>Repas inclus :<\/strong> petit d\u00e9jeuner, d\u00e9jeuner, d\u00eener<\/p>\n<h4 style=\"color: #b81657;\"><strong>Jour 4 \u2013 Du parc national Kruger \u00e0 Johannesburg :<\/strong><\/h4>\n<p style=\"text-align: justify;\">Le matin, vous participerez \u00e0 une randonn\u00e9e guid\u00e9e dans le bush pour d\u00e9couvrir cet environnement sauvage de plus pr\u00e8s. Ensuite, vous quitterez le parc Kruger pour retourner \u00e0 Johannesburg en fin d&rsquo;apr\u00e8s-midi.<\/p>\n<p style=\"text-align: justify;\"><img loading=\"lazy\" decoding=\"async\" class=\"aligncenter\" src=\"https:\/\/www.globalong.com\/blog\/wp-content\/uploads\/2015\/12\/Capture-d\u2019\u00e9cran-2015-12-02-\u00e0-10.30.39-300x177.png\" alt=\"Vue Parc Kruger\" width=\"300\" height=\"177\" \/><\/p>\n<p style=\"text-align: justify;\"><strong>Repas inclus :<\/strong> petit d\u00e9jeuner, d\u00e9jeuner<\/p>\n<p style=\"text-align: justify;\"><strong>Trajet :<\/strong> du parc Kruger \u00e0 Johannesburg \u2013 environ 390 km<\/p>\n<p style=\"text-align: justify;\"><strong>En option :<\/strong> Vous pouvez ajouter une nuit suppl\u00e9mentaire \u00e0 Johannesburg apr\u00e8s le safari. Cette option, comprenant le d\u00eener et l&rsquo;h\u00e9bergement, doit \u00eatre r\u00e9serv\u00e9e \u00e0 l&rsquo;avance aupr\u00e8s de votre guide.<\/p>\n<h3 style=\"color: #b81657;\"><strong>Tarif et Informations suppl\u00e9mentaires<\/strong><\/h3>\n<p style=\"text-align: justify;\"><span style=\"color: #b81657;\"><strong>Tarif pour ce programme en 2025 :<\/strong> 1165\u20ac<\/span><\/p>\n<h4 style=\"color: #b81657;\"><strong>Inclus dans le forfait :<\/strong><\/h4>\n<ul style=\"text-align: justify;\">\n<li>3 nuits en tente pour 2 personnes avec tout l\u2019\u00e9quipement de base (tente individuelle disponible avec suppl\u00e9ment).<\/li>\n<li>Les repas (petit d\u00e9jeuner x 3, d\u00e9jeuner x 2, d\u00eener x 3).<\/li>\n<li>Guides qualifi\u00e9s.<\/li>\n<li>Pack d&rsquo;activit\u00e9s.<\/li>\n<li>Suppl\u00e9ment de 70 Rand pour un si\u00e8ge \u00ab vert \u00bb (destin\u00e9 \u00e0 la plantation d&rsquo;arbres).<\/li>\n<li>Droits d\u2019entr\u00e9e au parc national Kruger.<\/li>\n<\/ul>\n<p style=\"text-align: justify;\"><img loading=\"lazy\" decoding=\"async\" class=\"aligncenter\" src=\"https:\/\/www.globalong.com\/blog\/wp-content\/uploads\/2015\/12\/Bushmans_Cave_2-300x200.jpg\" alt=\"Bushmans Cave\" width=\"300\" height=\"200\" \/><\/p>\n<h4 style=\"color: #b81657;\"><strong>Non-inclus dans le forfait :<\/strong><\/h4>\n<ul style=\"text-align: justify;\">\n<li>Certains repas.<\/li>\n<li>Boissons, souvenirs, pourboires.<\/li>\n<li>Frais d\u2019entr\u00e9e pour les activit\u00e9s optionnelles.<\/li>\n<\/ul>\n<h3 style=\"color: #b81657;\"><strong>Informations g\u00e9n\u00e9rales<\/strong><\/h3>\n<p style=\"text-align: justify;\">Apr\u00e8s r\u00e9ception de votre acompte, nous vous informerons de la date exacte du d\u00e9part. Vous recevrez une facture ainsi qu\u2019une liste pour pr\u00e9parer votre voyage. Le solde du safari doit \u00eatre pay\u00e9 8 semaines avant le d\u00e9part.<\/p>\n<p style=\"text-align: justify;\"><strong>Annulation :<\/strong> L\u2019acompte est non remboursable en cas d\u2019annulation. Le solde est remboursable selon nos conditions de remboursement (disponibles sur demande).<\/p>\n<h4 style=\"color: #b81657;\"><strong>Climat<\/strong><\/h4>\n<p style=\"text-align: justify;\">Le soleil en Afrique est fort, pensez \u00e0 utiliser une cr\u00e8me solaire SPF 30 et \u00e0 boire beaucoup d&rsquo;eau.<\/p>\n<h4 style=\"color: #b81657;\"><strong>Assurance<\/strong><\/h4>\n<p style=\"text-align: justify;\">Une assurance voyage est obligatoire pour chaque participant.<\/p>\n<h4 style=\"color: #b81657;\"><strong>Sant\u00e9<\/strong><\/h4>\n<p style=\"text-align: justify;\">Merci de nous pr\u00e9venir d\u2019\u00e9ventuels handicaps ou allergies.<\/p>\n<h3 style=\"color: #b81657; text-align: center;\"><strong>Contact et Informations<\/strong><\/h3>\n<p style=\"text-align: center;\"><strong>N\u2019h\u00e9sitez pas \u00e0 nous contacter pour plus d\u2019informations : <a href=\"mailto:info@globalong.com\">info@globalong.com<\/a><\/strong><\/p>\n<p style=\"text-align: center;\">D\u00e9couvrez des missions de b\u00e9n\u00e9volat sur <a style=\"color: #b81657;\" href=\"https:\/\/www.globalong.com\" target=\"_blank\" rel=\"noopener\">www.globalong.com<\/a><\/p>\n<p style=\"text-align: center;\">Consultez \u00e9galement <a style=\"color: #b81657;\" href=\"https:\/\/www.flickr.com\/photos\/globalong\/albums\/72157663593094953\" target=\"_blank\" rel=\"noopener\">notre album photo sur l&rsquo;Afrique du Sud<\/a>.<\/p>\n<\/div>\n<div id=\"aircall-extension-app\"><\/div>\n","protected":false},"excerpt":{"rendered":"<p>Safari de 4 jours au Parc Kruger NON DISPONIBLE Ce safari vous am\u00e8ne au c\u0153ur du parc Kruger, \u00e0 la rencontre des grands mammif\u00e8res africains, les \u00ab Big 5 \u00bb, pendant 4 jours et 3 nuits. Votre voyage commence \u00e0 Glen Austin Medrand, un quartier de Johannesburg. Itin\u00e9raire Jour 1 \u2013 En route vers le [&hellip;]<\/p>\n","protected":false},"author":1,"featured_media":810,"parent":627,"menu_order":0,"comment_status":"closed","ping_status":"closed","template":"","meta":{"footnotes":""},"yoast_head":"<!-- This site is optimized with the Yoast SEO Premium plugin v23.4 (Yoast SEO v23.4) - https:\/\/yoast.com\/wordpress\/plugins\/seo\/ -->\n<title>Safari - Le Parc Kruger - Association Globalong<\/title>\n<meta name=\"robots\" content=\"index, follow, max-snippet:-1, max-image-preview:large, max-video-preview:-1\" \/>\n<link rel=\"canonical\" href=\"https:\/\/www.globalong.com\/blog\/treks-safaris-et-excursions\/safari-les-big-5-du-parc-kruger\/\" \/>\n<meta property=\"og:locale\" content=\"fr_FR\" \/>\n<meta property=\"og:type\" content=\"article\" \/>\n<meta property=\"og:title\" content=\"Safari - Le Parc Kruger\" \/>\n<meta property=\"og:description\" content=\"Safari de 4 jours au Parc Kruger NON DISPONIBLE Ce safari vous am\u00e8ne au c\u0153ur du parc Kruger, \u00e0 la rencontre des grands mammif\u00e8res africains, les \u00ab Big 5 \u00bb, pendant 4 jours et 3 nuits. Votre voyage commence \u00e0 Glen Austin Medrand, un quartier de Johannesburg. Itin\u00e9raire Jour 1 \u2013 En route vers le [&hellip;]\" \/>\n<meta property=\"og:url\" content=\"https:\/\/www.globalong.com\/blog\/treks-safaris-et-excursions\/safari-les-big-5-du-parc-kruger\/\" \/>\n<meta property=\"og:site_name\" content=\"Association Globalong\" \/>\n<meta property=\"article:publisher\" content=\"https:\/\/www.facebook.com\/globalong\" \/>\n<meta property=\"article:modified_time\" content=\"2025-06-08T16:23:21+00:00\" \/>\n<meta property=\"og:image\" content=\"https:\/\/www.globalong.com\/blog\/wp-content\/uploads\/2015\/12\/Capture-d\u2019\u00e9cran-2015-12-02-\u00e0-10.30.25.png\" \/>\n\t<meta property=\"og:image:width\" content=\"679\" \/>\n\t<meta property=\"og:image:height\" content=\"399\" \/>\n\t<meta property=\"og:image:type\" content=\"image\/png\" \/>\n<meta name=\"twitter:card\" content=\"summary_large_image\" \/>\n<meta name=\"twitter:label1\" content=\"Dur\u00e9e de lecture estim\u00e9e\" \/>\n\t<meta name=\"twitter:data1\" content=\"5 minutes\" \/>\n<script type=\"application\/ld+json\" class=\"yoast-schema-graph\">{\"@context\":\"https:\/\/schema.org\",\"@graph\":[{\"@type\":\"WebPage\",\"@id\":\"https:\/\/www.globalong.com\/blog\/treks-safaris-et-excursions\/safari-les-big-5-du-parc-kruger\/\",\"url\":\"https:\/\/www.globalong.com\/blog\/treks-safaris-et-excursions\/safari-les-big-5-du-parc-kruger\/\",\"name\":\"Safari - Le Parc Kruger - Association Globalong\",\"isPartOf\":{\"@id\":\"https:\/\/www.globalong.com\/blog\/#website\"},\"primaryImageOfPage\":{\"@id\":\"https:\/\/www.globalong.com\/blog\/treks-safaris-et-excursions\/safari-les-big-5-du-parc-kruger\/#primaryimage\"},\"image\":{\"@id\":\"https:\/\/www.globalong.com\/blog\/treks-safaris-et-excursions\/safari-les-big-5-du-parc-kruger\/#primaryimage\"},\"thumbnailUrl\":\"https:\/\/www.globalong.com\/blog\/wp-content\/uploads\/2015\/12\/Capture-d\u2019\u00e9cran-2015-12-02-\u00e0-10.30.25.png\",\"datePublished\":\"2015-12-02T10:12:09+00:00\",\"dateModified\":\"2025-06-08T16:23:21+00:00\",\"breadcrumb\":{\"@id\":\"https:\/\/www.globalong.com\/blog\/treks-safaris-et-excursions\/safari-les-big-5-du-parc-kruger\/#breadcrumb\"},\"inLanguage\":\"fr-FR\",\"potentialAction\":[{\"@type\":\"ReadAction\",\"target\":[\"https:\/\/www.globalong.com\/blog\/treks-safaris-et-excursions\/safari-les-big-5-du-parc-kruger\/\"]}]},{\"@type\":\"ImageObject\",\"inLanguage\":\"fr-FR\",\"@id\":\"https:\/\/www.globalong.com\/blog\/treks-safaris-et-excursions\/safari-les-big-5-du-parc-kruger\/#primaryimage\",\"url\":\"https:\/\/www.globalong.com\/blog\/wp-content\/uploads\/2015\/12\/Capture-d\u2019\u00e9cran-2015-12-02-\u00e0-10.30.25.png\",\"contentUrl\":\"https:\/\/www.globalong.com\/blog\/wp-content\/uploads\/2015\/12\/Capture-d\u2019\u00e9cran-2015-12-02-\u00e0-10.30.25.png\",\"width\":679,\"height\":399},{\"@type\":\"BreadcrumbList\",\"@id\":\"https:\/\/www.globalong.com\/blog\/treks-safaris-et-excursions\/safari-les-big-5-du-parc-kruger\/#breadcrumb\",\"itemListElement\":[{\"@type\":\"ListItem\",\"position\":1,\"name\":\"Accueil\",\"item\":\"https:\/\/www.globalong.com\/blog\/\"},{\"@type\":\"ListItem\",\"position\":2,\"name\":\"Treks, safaris et excursions\",\"item\":\"https:\/\/www.globalong.com\/blog\/treks-safaris-et-excursions\/\"},{\"@type\":\"ListItem\",\"position\":3,\"name\":\"Safari &#8211; Le Parc Kruger\"}]},{\"@type\":\"WebSite\",\"@id\":\"https:\/\/www.globalong.com\/blog\/#website\",\"url\":\"https:\/\/www.globalong.com\/blog\/\",\"name\":\"https:\/\/www.globalong.com\/\",\"description\":\"Mission humanitaire, stage \u00e9tudiant et voyage linguistique\",\"publisher\":{\"@id\":\"https:\/\/www.globalong.com\/blog\/#organization\"},\"potentialAction\":[{\"@type\":\"SearchAction\",\"target\":{\"@type\":\"EntryPoint\",\"urlTemplate\":\"https:\/\/www.globalong.com\/blog\/?s={search_term_string}\"},\"query-input\":{\"@type\":\"PropertyValueSpecification\",\"valueRequired\":true,\"valueName\":\"search_term_string\"}}],\"inLanguage\":\"fr-FR\"},{\"@type\":\"Organization\",\"@id\":\"https:\/\/www.globalong.com\/blog\/#organization\",\"name\":\"Association Globalong\",\"url\":\"https:\/\/www.globalong.com\/blog\/\",\"logo\":{\"@type\":\"ImageObject\",\"inLanguage\":\"fr-FR\",\"@id\":\"https:\/\/www.globalong.com\/blog\/#\/schema\/logo\/image\/\",\"url\":\"https:\/\/www.globalong.com\/blog\/wp-content\/uploads\/2014\/11\/cropped-cropped-Logo-et-Afrique-Globalong-petite-taille-2.jpg\",\"contentUrl\":\"https:\/\/www.globalong.com\/blog\/wp-content\/uploads\/2014\/11\/cropped-cropped-Logo-et-Afrique-Globalong-petite-taille-2.jpg\",\"width\":512,\"height\":512,\"caption\":\"Association Globalong\"},\"image\":{\"@id\":\"https:\/\/www.globalong.com\/blog\/#\/schema\/logo\/image\/\"},\"sameAs\":[\"https:\/\/www.facebook.com\/globalong\"]}]}<\/script>\n<!-- \/ Yoast SEO Premium plugin. -->","yoast_head_json":{"title":"Safari - Le Parc Kruger - Association Globalong","robots":{"index":"index","follow":"follow","max-snippet":"max-snippet:-1","max-image-preview":"max-image-preview:large","max-video-preview":"max-video-preview:-1"},"canonical":"https:\/\/www.globalong.com\/blog\/treks-safaris-et-excursions\/safari-les-big-5-du-parc-kruger\/","og_locale":"fr_FR","og_type":"article","og_title":"Safari - Le Parc Kruger","og_description":"Safari de 4 jours au Parc Kruger NON DISPONIBLE Ce safari vous am\u00e8ne au c\u0153ur du parc Kruger, \u00e0 la rencontre des grands mammif\u00e8res africains, les \u00ab Big 5 \u00bb, pendant 4 jours et 3 nuits. Votre voyage commence \u00e0 Glen Austin Medrand, un quartier de Johannesburg. Itin\u00e9raire Jour 1 \u2013 En route vers le [&hellip;]","og_url":"https:\/\/www.globalong.com\/blog\/treks-safaris-et-excursions\/safari-les-big-5-du-parc-kruger\/","og_site_name":"Association Globalong","article_publisher":"https:\/\/www.facebook.com\/globalong","article_modified_time":"2025-06-08T16:23:21+00:00","og_image":[{"width":679,"height":399,"url":"https:\/\/www.globalong.com\/blog\/wp-content\/uploads\/2015\/12\/Capture-d\u2019\u00e9cran-2015-12-02-\u00e0-10.30.25.png","type":"image\/png"}],"twitter_card":"summary_large_image","twitter_misc":{"Dur\u00e9e de lecture estim\u00e9e":"5 minutes"},"schema":{"@context":"https:\/\/schema.org","@graph":[{"@type":"WebPage","@id":"https:\/\/www.globalong.com\/blog\/treks-safaris-et-excursions\/safari-les-big-5-du-parc-kruger\/","url":"https:\/\/www.globalong.com\/blog\/treks-safaris-et-excursions\/safari-les-big-5-du-parc-kruger\/","name":"Safari - Le Parc Kruger - Association Globalong","isPartOf":{"@id":"https:\/\/www.globalong.com\/blog\/#website"},"primaryImageOfPage":{"@id":"https:\/\/www.globalong.com\/blog\/treks-safaris-et-excursions\/safari-les-big-5-du-parc-kruger\/#primaryimage"},"image":{"@id":"https:\/\/www.globalong.com\/blog\/treks-safaris-et-excursions\/safari-les-big-5-du-parc-kruger\/#primaryimage"},"thumbnailUrl":"https:\/\/www.globalong.com\/blog\/wp-content\/uploads\/2015\/12\/Capture-d\u2019\u00e9cran-2015-12-02-\u00e0-10.30.25.png","datePublished":"2015-12-02T10:12:09+00:00","dateModified":"2025-06-08T16:23:21+00:00","breadcrumb":{"@id":"https:\/\/www.globalong.com\/blog\/treks-safaris-et-excursions\/safari-les-big-5-du-parc-kruger\/#breadcrumb"},"inLanguage":"fr-FR","potentialAction":[{"@type":"ReadAction","target":["https:\/\/www.globalong.com\/blog\/treks-safaris-et-excursions\/safari-les-big-5-du-parc-kruger\/"]}]},{"@type":"ImageObject","inLanguage":"fr-FR","@id":"https:\/\/www.globalong.com\/blog\/treks-safaris-et-excursions\/safari-les-big-5-du-parc-kruger\/#primaryimage","url":"https:\/\/www.globalong.com\/blog\/wp-content\/uploads\/2015\/12\/Capture-d\u2019\u00e9cran-2015-12-02-\u00e0-10.30.25.png","contentUrl":"https:\/\/www.globalong.com\/blog\/wp-content\/uploads\/2015\/12\/Capture-d\u2019\u00e9cran-2015-12-02-\u00e0-10.30.25.png","width":679,"height":399},{"@type":"BreadcrumbList","@id":"https:\/\/www.globalong.com\/blog\/treks-safaris-et-excursions\/safari-les-big-5-du-parc-kruger\/#breadcrumb","itemListElement":[{"@type":"ListItem","position":1,"name":"Accueil","item":"https:\/\/www.globalong.com\/blog\/"},{"@type":"ListItem","position":2,"name":"Treks, safaris et excursions","item":"https:\/\/www.globalong.com\/blog\/treks-safaris-et-excursions\/"},{"@type":"ListItem","position":3,"name":"Safari &#8211; Le Parc Kruger"}]},{"@type":"WebSite","@id":"https:\/\/www.globalong.com\/blog\/#website","url":"https:\/\/www.globalong.com\/blog\/","name":"https:\/\/www.globalong.com\/","description":"Mission humanitaire, stage \u00e9tudiant et voyage linguistique","publisher":{"@id":"https:\/\/www.globalong.com\/blog\/#organization"},"potentialAction":[{"@type":"SearchAction","target":{"@type":"EntryPoint","urlTemplate":"https:\/\/www.globalong.com\/blog\/?s={search_term_string}"},"query-input":{"@type":"PropertyValueSpecification","valueRequired":true,"valueName":"search_term_string"}}],"inLanguage":"fr-FR"},{"@type":"Organization","@id":"https:\/\/www.globalong.com\/blog\/#organization","name":"Association Globalong","url":"https:\/\/www.globalong.com\/blog\/","logo":{"@type":"ImageObject","inLanguage":"fr-FR","@id":"https:\/\/www.globalong.com\/blog\/#\/schema\/logo\/image\/","url":"https:\/\/www.globalong.com\/blog\/wp-content\/uploads\/2014\/11\/cropped-cropped-Logo-et-Afrique-Globalong-petite-taille-2.jpg","contentUrl":"https:\/\/www.globalong.com\/blog\/wp-content\/uploads\/2014\/11\/cropped-cropped-Logo-et-Afrique-Globalong-petite-taille-2.jpg","width":512,"height":512,"caption":"Association Globalong"},"image":{"@id":"https:\/\/www.globalong.com\/blog\/#\/schema\/logo\/image\/"},"sameAs":["https:\/\/www.facebook.com\/globalong"]}]}},"_links":{"self":[{"href":"https:\/\/www.globalong.com\/blog\/wp-json\/wp\/v2\/pages\/807"}],"collection":[{"href":"https:\/\/www.globalong.com\/blog\/wp-json\/wp\/v2\/pages"}],"about":[{"href":"https:\/\/www.globalong.com\/blog\/wp-json\/wp\/v2\/types\/page"}],"author":[{"embeddable":true,"href":"https:\/\/www.globalong.com\/blog\/wp-json\/wp\/v2\/users\/1"}],"replies":[{"embeddable":true,"href":"https:\/\/www.globalong.com\/blog\/wp-json\/wp\/v2\/comments?post=807"}],"version-history":[{"count":101,"href":"https:\/\/www.globalong.com\/blog\/wp-json\/wp\/v2\/pages\/807\/revisions"}],"predecessor-version":[{"id":21279,"href":"https:\/\/www.globalong.com\/blog\/wp-json\/wp\/v2\/pages\/807\/revisions\/21279"}],"up":[{"embeddable":true,"href":"https:\/\/www.globalong.com\/blog\/wp-json\/wp\/v2\/pages\/627"}],"wp:featuredmedia":[{"embeddable":true,"href":"https:\/\/www.globalong.com\/blog\/wp-json\/wp\/v2\/media\/810"}],"wp:attachment":[{"href":"https:\/\/www.globalong.com\/blog\/wp-json\/wp\/v2\/media?parent=807"}],"curies":[{"name":"wp","href":"https:\/\/api.w.org\/{rel}","templated":true}]}}