{"id":8407,"date":"2017-12-19T17:17:48","date_gmt":"2017-12-19T16:17:48","guid":{"rendered":"https:\/\/www.globalong.com\/blog\/?page_id=8407"},"modified":"2022-05-08T16:24:11","modified_gmt":"2022-05-08T14:24:11","slug":"vietnam-samuel-benevolat-volontariat-mission-humanitaire-asie","status":"publish","type":"page","link":"https:\/\/www.globalong.com\/blog\/avis-temoignages-globalong\/vietnam-samuel-benevolat-volontariat-mission-humanitaire-asie\/","title":{"rendered":"Vietnam &#8211; Samuel"},"content":{"rendered":"<p style=\"text-align: justify;\"><span style=\"color: #b81657;\"><strong>T\u00e9moignage de Samuel, b\u00e9n\u00e9vole avec Globalong au Vietnam<\/strong><\/span><\/p>\n<p>&nbsp;<\/p>\n<p><a href=\"https:\/\/www.globalong.com\/blog\/wp-content\/uploads\/2017\/12\/Samuel-face-au-paysage-min.jpg\"><img loading=\"lazy\" decoding=\"async\" class=\"wp-image-8804 aligncenter\" src=\"https:\/\/www.globalong.com\/blog\/wp-content\/uploads\/2017\/12\/Samuel-face-au-paysage-min-225x300.jpg\" alt=\"\" width=\"300\" height=\"400\" srcset=\"https:\/\/www.globalong.com\/blog\/wp-content\/uploads\/2017\/12\/Samuel-face-au-paysage-min-225x300.jpg 225w, https:\/\/www.globalong.com\/blog\/wp-content\/uploads\/2017\/12\/Samuel-face-au-paysage-min-768x1024.jpg 768w, https:\/\/www.globalong.com\/blog\/wp-content\/uploads\/2017\/12\/Samuel-face-au-paysage-min-113x150.jpg 113w\" sizes=\"(max-width: 300px) 100vw, 300px\" \/><\/a>Je suis parti au <a href=\"https:\/\/www.globalong.com\/sejour-benevolat\/benevolat-vietnam-humanitaire.html\" target=\"_blank\" rel=\"noopener\">Vietnam,<\/a> <strong>dans la ville d\u2019Hano\u00ef pendant plusieurs semaines.<\/strong> Je souhaitais d\u00e9couvrir une autre culture et un autre mode de vie.<\/p>\n<p style=\"text-align: justify;\">L\u2019accueil au sein de ma famille \u00e9tait tr\u00e8s chaleureux. J\u2019ai trouv\u00e9 la p\u00e9riode d\u2019introduction et les cours utile et cela m\u2019a permis de rencontrer de nouveaux arrivants internationaux.<\/p>\n<p style=\"text-align: justify;\">La p\u00e9riode de b\u00e9n\u00e9volat s\u2019est vraiment bien d\u00e9roul\u00e9e, j\u2019ai \u00e9t\u00e9 tr\u00e8s bien accueilli par le professeur ainsi que les \u00e9l\u00e8ves.<\/p>\n<p style=\"text-align: justify;\">J&rsquo;ai\u00a0pu visiter le vieux quartier de Hano\u00ef ainsi que voyager \u00e0 Ninh Binh, Sapa, Halong et Ho\u00ef An. Chaque voyage a \u00e9t\u00e9 diff\u00e9rent au Vietnam, pas un seul endroit se ressemble et il est difficile de retenir un endroit pr\u00e9f\u00e9r\u00e9.<\/p>\n<p style=\"text-align: justify;\">Mon voyage \u00e0 Sapa a \u00e9t\u00e9 magnifique car nous avions une guide pour notre randonn\u00e9e dans les montagnes, elle nous a fait passer par des petits villages dans les montagnes ou l&rsquo;on a pu voir les conditions de vie assez difficiles des gens qui y habitent et surtout, c&rsquo;est un endroit o\u00f9 les paysages<br \/>\nchangent en permanence.<\/p>\n<p style=\"text-align: justify;\"><a href=\"https:\/\/www.globalong.com\/blog\/wp-content\/uploads\/2017\/12\/Statut-Vietnam-min.jpg\"><img loading=\"lazy\" decoding=\"async\" class=\"wp-image-8808 aligncenter\" src=\"https:\/\/www.globalong.com\/blog\/wp-content\/uploads\/2017\/12\/Statut-Vietnam-min-225x300.jpg\" alt=\"\" width=\"300\" height=\"400\" srcset=\"https:\/\/www.globalong.com\/blog\/wp-content\/uploads\/2017\/12\/Statut-Vietnam-min-225x300.jpg 225w, https:\/\/www.globalong.com\/blog\/wp-content\/uploads\/2017\/12\/Statut-Vietnam-min-768x1024.jpg 768w, https:\/\/www.globalong.com\/blog\/wp-content\/uploads\/2017\/12\/Statut-Vietnam-min-113x150.jpg 113w\" sizes=\"(max-width: 300px) 100vw, 300px\" \/><\/a>Nous avons log\u00e9 chez la guide qui nous avait pr\u00e9par\u00e9 de la nourriture pour une tribu enti\u00e8re. Chaque endroit o\u00f9 je suis all\u00e9 j&rsquo;ai pu faire des rencontres avec des\u00a0personnes du monde entier, mais je pense que l\u00e0 o\u00f9 j&rsquo;ai fait les meilleures rencontres sont \u00e0 Ho\u00ef An.<\/p>\n<p style=\"text-align: justify;\">Nous logions dans une auberge de jeunesse qui ressemblait beaucoup plus \u00e0 h\u00f4tel, et il n&rsquo;y avait que des gens qui voyageaient seuls ou entre amis, d&rsquo;ailleurs nous sommes beaucoup plus rest\u00e9s \u00e0 l&rsquo;auberge pour discuter avec eux plut\u00f4t que de visiter Ho\u00ef An,mais aucun regret car ce sont de super rencontres.<\/p>\n<p style=\"text-align: justify;\">Les personnes qui travaillent pour l&rsquo;association sur place sont toutes tr\u00e8s gentilles et attentionn\u00e9es envers chaque b\u00e9n\u00e9vole. J&rsquo;ai rencontr\u00e9 beaucoup de fran\u00e7ais (fran\u00e7aises surtout, j&rsquo;\u00e9tais le seul french boy de la maison) et j&rsquo;ai pu discuter avec quelques personnes d&rsquo;autres nationalit\u00e9, tel que 2 Italiens, une allemande, un cor\u00e9en, un australien et un \u00e9cossais. Tout cela m&rsquo;a aid\u00e9 a d\u00e9velopp\u00e9 mon \u00e9coute en anglais.<\/p>\n<p><img loading=\"lazy\" decoding=\"async\" class=\"wp-image-8805 aligncenter\" src=\"https:\/\/www.globalong.com\/blog\/wp-content\/uploads\/2017\/12\/Vietam-avec-Samuel-min-300x225.jpg\" alt=\"\" width=\"300\" height=\"225\" srcset=\"https:\/\/www.globalong.com\/blog\/wp-content\/uploads\/2017\/12\/Vietam-avec-Samuel-min-300x225.jpg 300w, https:\/\/www.globalong.com\/blog\/wp-content\/uploads\/2017\/12\/Vietam-avec-Samuel-min-768x576.jpg 768w, https:\/\/www.globalong.com\/blog\/wp-content\/uploads\/2017\/12\/Vietam-avec-Samuel-min-1024x768.jpg 1024w, https:\/\/www.globalong.com\/blog\/wp-content\/uploads\/2017\/12\/Vietam-avec-Samuel-min-150x113.jpg 150w\" sizes=\"(max-width: 300px) 100vw, 300px\" \/><\/p>\n<p style=\"text-align: justify;\">La coordinatrice a permis de faire la liaison entre moi et l&rsquo;\u00e9cole pour prendre une journ\u00e9e afin de profiter un peu plus de mon voyage. Elle m&rsquo;a permis aussi d&rsquo;avoir les bons plans dans Hano\u00ef.<\/p>\n<p style=\"text-align: justify;\">Je trouve que cela est n\u00e9cessaire car la coordinatrice nous rassure \u00e0 notre arriv\u00e9e, sans lui nous serions compl\u00e8tement perdus.<\/p>\n<p style=\"text-align: justify;\">Aujourd\u2019hui je suis beaucoup plus ouvert aux gens, plus r\u00e9fl\u00e9chi aussi et plus patient. Le retour s&rsquo;est tr\u00e8s bien pass\u00e9, bien qu&rsquo;il ait \u00e9t\u00e9 difficile pour moi de me s\u00e9parer des personnes avec qui j&rsquo;ai v\u00e9cu pendant 5 semaines.<\/p>\n<p style=\"text-align: justify;\"><a href=\"https:\/\/www.globalong.com\/blog\/wp-content\/uploads\/2017\/12\/Paysage-Vietnam-min.jpg\"><img loading=\"lazy\" decoding=\"async\" class=\"wp-image-8806 aligncenter\" src=\"https:\/\/www.globalong.com\/blog\/wp-content\/uploads\/2017\/12\/Paysage-Vietnam-min-300x225.jpg\" alt=\"\" width=\"300\" height=\"225\" srcset=\"https:\/\/www.globalong.com\/blog\/wp-content\/uploads\/2017\/12\/Paysage-Vietnam-min-300x225.jpg 300w, https:\/\/www.globalong.com\/blog\/wp-content\/uploads\/2017\/12\/Paysage-Vietnam-min-768x576.jpg 768w, https:\/\/www.globalong.com\/blog\/wp-content\/uploads\/2017\/12\/Paysage-Vietnam-min-1024x768.jpg 1024w, https:\/\/www.globalong.com\/blog\/wp-content\/uploads\/2017\/12\/Paysage-Vietnam-min-150x113.jpg 150w\" sizes=\"(max-width: 300px) 100vw, 300px\" \/><\/a>Le retour \u00e0 la vie quotidienne n&rsquo;a pas \u00e9t\u00e9 un souci, c&rsquo;est juste que maintenant je ne peux plus rester chez moi, j&rsquo;ai toujours besoin de bouger, de briser la routine.<\/p>\n<p style=\"text-align: justify;\">Une exp\u00e9rience \u00e0 faire si l&rsquo;on souhaite gagner en maturit\u00e9 et faire des rencontres incroyables. Surtout ne s&rsquo;attendre \u00e0 rien et se laisser surprendre ! L&rsquo;aventure n&rsquo;en sera que plus belle ! J\u2019ai connu Globalong par le biais d\u2019internet et j\u2019en suis tr\u00e8s satisfait. L\u2019\u00e9quipe \u00e9tait pr\u00e9sente et facilement joignable durant mon s\u00e9jour. Je recommanderai Globalong, l\u2019organisation et les r\u00e9ponses \u00e0 mes questions ont toujours \u00e9t\u00e9 tr\u00e8s bien. Je repartirai avec eux sans h\u00e9siter.<\/p>\n<p>&nbsp;<\/p>\n<p style=\"text-align: center;\">Pour d\u00e9couvrir plus de photos du Vietnam,\u00a0<span style=\"text-decoration: underline;\"><a href=\"https:\/\/www.flickr.com\/photos\/globalong\/albums\/72157639806172666\/with\/21918378143\/\" target=\"_blank\" rel=\"noopener\">cliquez ici<\/a><\/span>\u00a0!<\/p>\n<p style=\"text-align: center;\">Pour d\u00e9couvrir les programmes de b\u00e9n\u00e9volat au Vietnam\u00a0<span style=\"text-decoration: underline;\"><a href=\"https:\/\/www.globalong.com\/sejour-benevolat\/benevolat-vietnam-humanitaire.html\" target=\"_blank\" rel=\"noopener\">cliquez ici<\/a><\/span>\u00a0!<\/p>\n<p style=\"text-align: center;\">N\u2019h\u00e9sitez pas \u00e0 nous contacter pour plus d\u2019informations \u00e0\u00a0<span style=\"text-decoration: underline;\"><a href=\"mailto:info@globalong.com\">info@globalong.com<\/a><\/span><\/p>\n","protected":false},"excerpt":{"rendered":"<p>T\u00e9moignage de Samuel, b\u00e9n\u00e9vole avec Globalong au Vietnam &nbsp; Je suis parti au Vietnam, dans la ville d\u2019Hano\u00ef pendant plusieurs semaines. Je souhaitais d\u00e9couvrir une autre culture et un autre mode de vie. L\u2019accueil au sein de ma famille \u00e9tait tr\u00e8s chaleureux. J\u2019ai trouv\u00e9 la p\u00e9riode d\u2019introduction et les cours utile et cela m\u2019a permis [&hellip;]<\/p>\n","protected":false},"author":7,"featured_media":8783,"parent":883,"menu_order":0,"comment_status":"closed","ping_status":"closed","template":"","meta":{"footnotes":""},"yoast_head":"<!-- This site is optimized with the Yoast SEO Premium plugin v23.4 (Yoast SEO v23.4) - https:\/\/yoast.com\/wordpress\/plugins\/seo\/ -->\n<title>Vietnam - Samuel - Association Globalong<\/title>\n<meta name=\"robots\" content=\"index, follow, max-snippet:-1, max-image-preview:large, max-video-preview:-1\" \/>\n<link rel=\"canonical\" href=\"https:\/\/www.globalong.com\/blog\/avis-temoignages-globalong\/vietnam-samuel-benevolat-volontariat-mission-humanitaire-asie\/\" \/>\n<meta property=\"og:locale\" content=\"fr_FR\" \/>\n<meta property=\"og:type\" content=\"article\" \/>\n<meta property=\"og:title\" content=\"Vietnam - Samuel\" \/>\n<meta property=\"og:description\" content=\"T\u00e9moignage de Samuel, b\u00e9n\u00e9vole avec Globalong au Vietnam &nbsp; Je suis parti au Vietnam, dans la ville d\u2019Hano\u00ef pendant plusieurs semaines. Je souhaitais d\u00e9couvrir une autre culture et un autre mode de vie. L\u2019accueil au sein de ma famille \u00e9tait tr\u00e8s chaleureux. J\u2019ai trouv\u00e9 la p\u00e9riode d\u2019introduction et les cours utile et cela m\u2019a permis [&hellip;]\" \/>\n<meta property=\"og:url\" content=\"https:\/\/www.globalong.com\/blog\/avis-temoignages-globalong\/vietnam-samuel-benevolat-volontariat-mission-humanitaire-asie\/\" \/>\n<meta property=\"og:site_name\" content=\"Association Globalong\" \/>\n<meta property=\"article:publisher\" content=\"https:\/\/www.facebook.com\/globalong\" \/>\n<meta property=\"article:modified_time\" content=\"2022-05-08T14:24:11+00:00\" \/>\n<meta property=\"og:image\" content=\"https:\/\/www.globalong.com\/blog\/wp-content\/uploads\/2018\/02\/Paysage-Vietnam-min.jpg\" \/>\n\t<meta property=\"og:image:width\" content=\"4032\" \/>\n\t<meta property=\"og:image:height\" content=\"3024\" \/>\n\t<meta property=\"og:image:type\" content=\"image\/jpeg\" \/>\n<meta name=\"twitter:card\" content=\"summary_large_image\" \/>\n<meta name=\"twitter:label1\" content=\"Dur\u00e9e de lecture estim\u00e9e\" \/>\n\t<meta name=\"twitter:data1\" content=\"3 minutes\" \/>\n<script type=\"application\/ld+json\" class=\"yoast-schema-graph\">{\"@context\":\"https:\/\/schema.org\",\"@graph\":[{\"@type\":\"WebPage\",\"@id\":\"https:\/\/www.globalong.com\/blog\/avis-temoignages-globalong\/vietnam-samuel-benevolat-volontariat-mission-humanitaire-asie\/\",\"url\":\"https:\/\/www.globalong.com\/blog\/avis-temoignages-globalong\/vietnam-samuel-benevolat-volontariat-mission-humanitaire-asie\/\",\"name\":\"Vietnam - Samuel - Association Globalong\",\"isPartOf\":{\"@id\":\"https:\/\/www.globalong.com\/blog\/#website\"},\"primaryImageOfPage\":{\"@id\":\"https:\/\/www.globalong.com\/blog\/avis-temoignages-globalong\/vietnam-samuel-benevolat-volontariat-mission-humanitaire-asie\/#primaryimage\"},\"image\":{\"@id\":\"https:\/\/www.globalong.com\/blog\/avis-temoignages-globalong\/vietnam-samuel-benevolat-volontariat-mission-humanitaire-asie\/#primaryimage\"},\"thumbnailUrl\":\"https:\/\/www.globalong.com\/blog\/wp-content\/uploads\/2018\/02\/Paysage-Vietnam-min.jpg\",\"datePublished\":\"2017-12-19T16:17:48+00:00\",\"dateModified\":\"2022-05-08T14:24:11+00:00\",\"breadcrumb\":{\"@id\":\"https:\/\/www.globalong.com\/blog\/avis-temoignages-globalong\/vietnam-samuel-benevolat-volontariat-mission-humanitaire-asie\/#breadcrumb\"},\"inLanguage\":\"fr-FR\",\"potentialAction\":[{\"@type\":\"ReadAction\",\"target\":[\"https:\/\/www.globalong.com\/blog\/avis-temoignages-globalong\/vietnam-samuel-benevolat-volontariat-mission-humanitaire-asie\/\"]}]},{\"@type\":\"ImageObject\",\"inLanguage\":\"fr-FR\",\"@id\":\"https:\/\/www.globalong.com\/blog\/avis-temoignages-globalong\/vietnam-samuel-benevolat-volontariat-mission-humanitaire-asie\/#primaryimage\",\"url\":\"https:\/\/www.globalong.com\/blog\/wp-content\/uploads\/2018\/02\/Paysage-Vietnam-min.jpg\",\"contentUrl\":\"https:\/\/www.globalong.com\/blog\/wp-content\/uploads\/2018\/02\/Paysage-Vietnam-min.jpg\",\"width\":4032,\"height\":3024},{\"@type\":\"BreadcrumbList\",\"@id\":\"https:\/\/www.globalong.com\/blog\/avis-temoignages-globalong\/vietnam-samuel-benevolat-volontariat-mission-humanitaire-asie\/#breadcrumb\",\"itemListElement\":[{\"@type\":\"ListItem\",\"position\":1,\"name\":\"Accueil\",\"item\":\"https:\/\/www.globalong.com\/blog\/\"},{\"@type\":\"ListItem\",\"position\":2,\"name\":\"T\u00e9moignages et avis de volontaires Globalong\",\"item\":\"https:\/\/www.globalong.com\/blog\/avis-temoignages-globalong\/\"},{\"@type\":\"ListItem\",\"position\":3,\"name\":\"Vietnam &#8211; Samuel\"}]},{\"@type\":\"WebSite\",\"@id\":\"https:\/\/www.globalong.com\/blog\/#website\",\"url\":\"https:\/\/www.globalong.com\/blog\/\",\"name\":\"https:\/\/www.globalong.com\/\",\"description\":\"Mission humanitaire, stage \u00e9tudiant et voyage linguistique\",\"publisher\":{\"@id\":\"https:\/\/www.globalong.com\/blog\/#organization\"},\"potentialAction\":[{\"@type\":\"SearchAction\",\"target\":{\"@type\":\"EntryPoint\",\"urlTemplate\":\"https:\/\/www.globalong.com\/blog\/?s={search_term_string}\"},\"query-input\":{\"@type\":\"PropertyValueSpecification\",\"valueRequired\":true,\"valueName\":\"search_term_string\"}}],\"inLanguage\":\"fr-FR\"},{\"@type\":\"Organization\",\"@id\":\"https:\/\/www.globalong.com\/blog\/#organization\",\"name\":\"Association Globalong\",\"url\":\"https:\/\/www.globalong.com\/blog\/\",\"logo\":{\"@type\":\"ImageObject\",\"inLanguage\":\"fr-FR\",\"@id\":\"https:\/\/www.globalong.com\/blog\/#\/schema\/logo\/image\/\",\"url\":\"https:\/\/www.globalong.com\/blog\/wp-content\/uploads\/2014\/11\/cropped-cropped-Logo-et-Afrique-Globalong-petite-taille-2.jpg\",\"contentUrl\":\"https:\/\/www.globalong.com\/blog\/wp-content\/uploads\/2014\/11\/cropped-cropped-Logo-et-Afrique-Globalong-petite-taille-2.jpg\",\"width\":512,\"height\":512,\"caption\":\"Association Globalong\"},\"image\":{\"@id\":\"https:\/\/www.globalong.com\/blog\/#\/schema\/logo\/image\/\"},\"sameAs\":[\"https:\/\/www.facebook.com\/globalong\"]}]}<\/script>\n<!-- \/ Yoast SEO Premium plugin. -->","yoast_head_json":{"title":"Vietnam - Samuel - Association Globalong","robots":{"index":"index","follow":"follow","max-snippet":"max-snippet:-1","max-image-preview":"max-image-preview:large","max-video-preview":"max-video-preview:-1"},"canonical":"https:\/\/www.globalong.com\/blog\/avis-temoignages-globalong\/vietnam-samuel-benevolat-volontariat-mission-humanitaire-asie\/","og_locale":"fr_FR","og_type":"article","og_title":"Vietnam - Samuel","og_description":"T\u00e9moignage de Samuel, b\u00e9n\u00e9vole avec Globalong au Vietnam &nbsp; Je suis parti au Vietnam, dans la ville d\u2019Hano\u00ef pendant plusieurs semaines. Je souhaitais d\u00e9couvrir une autre culture et un autre mode de vie. L\u2019accueil au sein de ma famille \u00e9tait tr\u00e8s chaleureux. J\u2019ai trouv\u00e9 la p\u00e9riode d\u2019introduction et les cours utile et cela m\u2019a permis [&hellip;]","og_url":"https:\/\/www.globalong.com\/blog\/avis-temoignages-globalong\/vietnam-samuel-benevolat-volontariat-mission-humanitaire-asie\/","og_site_name":"Association Globalong","article_publisher":"https:\/\/www.facebook.com\/globalong","article_modified_time":"2022-05-08T14:24:11+00:00","og_image":[{"width":4032,"height":3024,"url":"https:\/\/www.globalong.com\/blog\/wp-content\/uploads\/2018\/02\/Paysage-Vietnam-min.jpg","type":"image\/jpeg"}],"twitter_card":"summary_large_image","twitter_misc":{"Dur\u00e9e de lecture estim\u00e9e":"3 minutes"},"schema":{"@context":"https:\/\/schema.org","@graph":[{"@type":"WebPage","@id":"https:\/\/www.globalong.com\/blog\/avis-temoignages-globalong\/vietnam-samuel-benevolat-volontariat-mission-humanitaire-asie\/","url":"https:\/\/www.globalong.com\/blog\/avis-temoignages-globalong\/vietnam-samuel-benevolat-volontariat-mission-humanitaire-asie\/","name":"Vietnam - Samuel - Association Globalong","isPartOf":{"@id":"https:\/\/www.globalong.com\/blog\/#website"},"primaryImageOfPage":{"@id":"https:\/\/www.globalong.com\/blog\/avis-temoignages-globalong\/vietnam-samuel-benevolat-volontariat-mission-humanitaire-asie\/#primaryimage"},"image":{"@id":"https:\/\/www.globalong.com\/blog\/avis-temoignages-globalong\/vietnam-samuel-benevolat-volontariat-mission-humanitaire-asie\/#primaryimage"},"thumbnailUrl":"https:\/\/www.globalong.com\/blog\/wp-content\/uploads\/2018\/02\/Paysage-Vietnam-min.jpg","datePublished":"2017-12-19T16:17:48+00:00","dateModified":"2022-05-08T14:24:11+00:00","breadcrumb":{"@id":"https:\/\/www.globalong.com\/blog\/avis-temoignages-globalong\/vietnam-samuel-benevolat-volontariat-mission-humanitaire-asie\/#breadcrumb"},"inLanguage":"fr-FR","potentialAction":[{"@type":"ReadAction","target":["https:\/\/www.globalong.com\/blog\/avis-temoignages-globalong\/vietnam-samuel-benevolat-volontariat-mission-humanitaire-asie\/"]}]},{"@type":"ImageObject","inLanguage":"fr-FR","@id":"https:\/\/www.globalong.com\/blog\/avis-temoignages-globalong\/vietnam-samuel-benevolat-volontariat-mission-humanitaire-asie\/#primaryimage","url":"https:\/\/www.globalong.com\/blog\/wp-content\/uploads\/2018\/02\/Paysage-Vietnam-min.jpg","contentUrl":"https:\/\/www.globalong.com\/blog\/wp-content\/uploads\/2018\/02\/Paysage-Vietnam-min.jpg","width":4032,"height":3024},{"@type":"BreadcrumbList","@id":"https:\/\/www.globalong.com\/blog\/avis-temoignages-globalong\/vietnam-samuel-benevolat-volontariat-mission-humanitaire-asie\/#breadcrumb","itemListElement":[{"@type":"ListItem","position":1,"name":"Accueil","item":"https:\/\/www.globalong.com\/blog\/"},{"@type":"ListItem","position":2,"name":"T\u00e9moignages et avis de volontaires Globalong","item":"https:\/\/www.globalong.com\/blog\/avis-temoignages-globalong\/"},{"@type":"ListItem","position":3,"name":"Vietnam &#8211; Samuel"}]},{"@type":"WebSite","@id":"https:\/\/www.globalong.com\/blog\/#website","url":"https:\/\/www.globalong.com\/blog\/","name":"https:\/\/www.globalong.com\/","description":"Mission humanitaire, stage \u00e9tudiant et voyage linguistique","publisher":{"@id":"https:\/\/www.globalong.com\/blog\/#organization"},"potentialAction":[{"@type":"SearchAction","target":{"@type":"EntryPoint","urlTemplate":"https:\/\/www.globalong.com\/blog\/?s={search_term_string}"},"query-input":{"@type":"PropertyValueSpecification","valueRequired":true,"valueName":"search_term_string"}}],"inLanguage":"fr-FR"},{"@type":"Organization","@id":"https:\/\/www.globalong.com\/blog\/#organization","name":"Association Globalong","url":"https:\/\/www.globalong.com\/blog\/","logo":{"@type":"ImageObject","inLanguage":"fr-FR","@id":"https:\/\/www.globalong.com\/blog\/#\/schema\/logo\/image\/","url":"https:\/\/www.globalong.com\/blog\/wp-content\/uploads\/2014\/11\/cropped-cropped-Logo-et-Afrique-Globalong-petite-taille-2.jpg","contentUrl":"https:\/\/www.globalong.com\/blog\/wp-content\/uploads\/2014\/11\/cropped-cropped-Logo-et-Afrique-Globalong-petite-taille-2.jpg","width":512,"height":512,"caption":"Association Globalong"},"image":{"@id":"https:\/\/www.globalong.com\/blog\/#\/schema\/logo\/image\/"},"sameAs":["https:\/\/www.facebook.com\/globalong"]}]}},"_links":{"self":[{"href":"https:\/\/www.globalong.com\/blog\/wp-json\/wp\/v2\/pages\/8407"}],"collection":[{"href":"https:\/\/www.globalong.com\/blog\/wp-json\/wp\/v2\/pages"}],"about":[{"href":"https:\/\/www.globalong.com\/blog\/wp-json\/wp\/v2\/types\/page"}],"author":[{"embeddable":true,"href":"https:\/\/www.globalong.com\/blog\/wp-json\/wp\/v2\/users\/7"}],"replies":[{"embeddable":true,"href":"https:\/\/www.globalong.com\/blog\/wp-json\/wp\/v2\/comments?post=8407"}],"version-history":[{"count":43,"href":"https:\/\/www.globalong.com\/blog\/wp-json\/wp\/v2\/pages\/8407\/revisions"}],"predecessor-version":[{"id":8803,"href":"https:\/\/www.globalong.com\/blog\/wp-json\/wp\/v2\/pages\/8407\/revisions\/8803"}],"up":[{"embeddable":true,"href":"https:\/\/www.globalong.com\/blog\/wp-json\/wp\/v2\/pages\/883"}],"wp:featuredmedia":[{"embeddable":true,"href":"https:\/\/www.globalong.com\/blog\/wp-json\/wp\/v2\/media\/8783"}],"wp:attachment":[{"href":"https:\/\/www.globalong.com\/blog\/wp-json\/wp\/v2\/media?parent=8407"}],"curies":[{"name":"wp","href":"https:\/\/api.w.org\/{rel}","templated":true}]}}