{"id":868,"date":"2016-01-22T12:29:38","date_gmt":"2016-01-22T11:29:38","guid":{"rendered":"https:\/\/www.globalong.com\/blog\/?page_id=868"},"modified":"2022-04-20T17:06:18","modified_gmt":"2022-04-20T15:06:18","slug":"temoignage-afrique-du-sud","status":"publish","type":"page","link":"https:\/\/www.globalong.com\/blog\/avis-temoignages-globalong\/temoignage-afrique-du-sud\/","title":{"rendered":"Afrique du Sud &#8211; Elodie G"},"content":{"rendered":"<p style=\"text-align: center;\"><span style=\"color: #b81657;\"><strong>T\u00e9moignage d&rsquo;Elodie, b\u00e9n\u00e9vole avec Globalong en Afrique du Sud<\/strong><\/span><\/p>\n<p style=\"text-align: justify;\"><a href=\"https:\/\/www.globalong.com\/blog\/wp-content\/uploads\/2016\/01\/DSCN8133.jpg\"><img loading=\"lazy\" decoding=\"async\" class=\"size-medium wp-image-871 aligncenter\" src=\"https:\/\/www.globalong.com\/blog\/wp-content\/uploads\/2016\/01\/DSCN8133-225x300.jpg\" alt=\"B\u00e9n\u00e9volat en Afrique du Sud\" width=\"225\" height=\"300\" srcset=\"https:\/\/www.globalong.com\/blog\/wp-content\/uploads\/2016\/01\/DSCN8133-225x300.jpg 225w, https:\/\/www.globalong.com\/blog\/wp-content\/uploads\/2016\/01\/DSCN8133-768x1024.jpg 768w, https:\/\/www.globalong.com\/blog\/wp-content\/uploads\/2016\/01\/DSCN8133-113x150.jpg 113w\" sizes=\"(max-width: 225px) 100vw, 225px\" \/><\/a>J\u2019ai pu aller sur la table mountain, nager avec les phoques \u00e0 Seals Island, \u00eatre dans une cage avec les requins \u00e0 Gambsa\u00ef, faire un safari d&rsquo;une journ\u00e9e \u00e0 Flairy Glen, visiter Robben Island et la prison de Nelson Mandela, le mus\u00e9e District six museum, le quartier musulman Bo-Kaap, voir les pinguins \u00e0 Simons Towns ainsi que toute la visite du Centre ville du Cap.<\/p>\n<p style=\"text-align: justify;\">J&rsquo;ai rencontr\u00e9 une famille formidable avec laquelle je suis toujours en contact. J&rsquo;ai \u00e9galement rencontrer \u00e9norm\u00e9ment de sud africain et Pierre Alexandre et Camille avec qui j&rsquo;\u00e9tais en mission.<\/p>\n<p style=\"text-align: justify;\">Je voulais partir pour d\u00e9couvrir une nouvelle culture, apprendre \u00e0 me d\u00e9brouiller toute seul et pouvoir apporter un peu de soutien aux personnes dans le besoin.<\/p>\n<p style=\"text-align: justify;\">La p\u00e9riode de b\u00e9n\u00e9volat s\u2019est bien pass\u00e9, les enfants sont tr\u00e8s accueillants\u00a0!<\/p>\n<p style=\"text-align: justify;\"><a href=\"https:\/\/www.globalong.com\/blog\/wp-content\/uploads\/2016\/01\/DSCN7070.jpg\"><img loading=\"lazy\" decoding=\"async\" class=\"size-medium wp-image-872 aligncenter\" src=\"https:\/\/www.globalong.com\/blog\/wp-content\/uploads\/2016\/01\/DSCN7070-225x300.jpg\" alt=\"Maternelle en Afrique du Sud\" width=\"225\" height=\"300\" srcset=\"https:\/\/www.globalong.com\/blog\/wp-content\/uploads\/2016\/01\/DSCN7070-225x300.jpg 225w, https:\/\/www.globalong.com\/blog\/wp-content\/uploads\/2016\/01\/DSCN7070-768x1024.jpg 768w, https:\/\/www.globalong.com\/blog\/wp-content\/uploads\/2016\/01\/DSCN7070-113x150.jpg 113w\" sizes=\"(max-width: 225px) 100vw, 225px\" \/><\/a>Cette exp\u00e9rience va me servir dans l\u2019avenir, tout d&rsquo;abord pour l&rsquo;anglais, car j&rsquo;ai pu am\u00e9liorer la langue, puis c&rsquo;\u00e9tait une aventure humaine incroyable qui ouvre l&rsquo;esprit. On relativise plus facilement sur les choses de la vie une fois r\u00e9alis\u00e9 cette exp\u00e9rience.<\/p>\n<p style=\"text-align: justify;\">J&rsquo;ai aujourd&rsquo;hui qu&rsquo;une envie, celle de repartir en Afrique du Sud ainsi que d&rsquo;autres pays.<\/p>\n<p style=\"text-align: justify;\">Le voyage \u00e9tait tr\u00e8s bien organis\u00e9. La mission \u00e9tait juste pas assez plong\u00e9 dans l&rsquo;humanitaire \u00e0 mon go\u00fbt.<\/p>\n<p>&nbsp;<\/p>\n<p style=\"text-align: left;\">Pour d\u00e9couvrir plus de photos de l&rsquo;Afrique du Sud, cliquez <span style=\"text-decoration: underline;\"><a href=\"https:\/\/www.flickr.com\/photos\/globalong\/albums\/72157640876582423\/with\/12816697384\/\" target=\"_blank\" rel=\"noopener\">ici<\/a>!<\/span><\/p>\n<p style=\"text-align: left;\">Pour plus d&rsquo;informations sur le programme en Afrique du Sud, <span style=\"text-decoration: underline;\"><a href=\"https:\/\/www.globalong.com\/sejour-benevolat\/benevolat-afrique-du-sud.html\">cliquez ici<\/a><\/span>\u00a0!<\/p>\n<p style=\"text-align: left;\">N&rsquo;h\u00e9sitez pas \u00e0 nous contacter pour plus d&rsquo;informations \u00e0 <span style=\"text-decoration: underline; color: #b81657;\"><a style=\"color: #b81657; text-decoration: underline;\" href=\"mailto:info@globalong.com\">info@globalong.com<\/a><\/span><\/p>\n<p>&nbsp;<\/p>\n","protected":false},"excerpt":{"rendered":"<p>T\u00e9moignage d&rsquo;Elodie, b\u00e9n\u00e9vole avec Globalong en Afrique du Sud J\u2019ai pu aller sur la table mountain, nager avec les phoques \u00e0 Seals Island, \u00eatre dans une cage avec les requins \u00e0 Gambsa\u00ef, faire un safari d&rsquo;une journ\u00e9e \u00e0 Flairy Glen, visiter Robben Island et la prison de Nelson Mandela, le mus\u00e9e District six museum, le [&hellip;]<\/p>\n","protected":false},"author":1,"featured_media":871,"parent":883,"menu_order":0,"comment_status":"open","ping_status":"closed","template":"","meta":{"footnotes":""},"yoast_head":"<!-- This site is optimized with the Yoast SEO Premium plugin v23.4 (Yoast SEO v23.4) - https:\/\/yoast.com\/wordpress\/plugins\/seo\/ -->\n<title>Afrique du Sud - Elodie G - Association Globalong<\/title>\n<meta name=\"robots\" content=\"index, follow, max-snippet:-1, max-image-preview:large, max-video-preview:-1\" \/>\n<link rel=\"canonical\" href=\"https:\/\/www.globalong.com\/blog\/avis-temoignages-globalong\/temoignage-afrique-du-sud\/\" \/>\n<meta property=\"og:locale\" content=\"fr_FR\" \/>\n<meta property=\"og:type\" content=\"article\" \/>\n<meta property=\"og:title\" content=\"Afrique du Sud - Elodie G\" \/>\n<meta property=\"og:description\" content=\"T\u00e9moignage d&rsquo;Elodie, b\u00e9n\u00e9vole avec Globalong en Afrique du Sud J\u2019ai pu aller sur la table mountain, nager avec les phoques \u00e0 Seals Island, \u00eatre dans une cage avec les requins \u00e0 Gambsa\u00ef, faire un safari d&rsquo;une journ\u00e9e \u00e0 Flairy Glen, visiter Robben Island et la prison de Nelson Mandela, le mus\u00e9e District six museum, le [&hellip;]\" \/>\n<meta property=\"og:url\" content=\"https:\/\/www.globalong.com\/blog\/avis-temoignages-globalong\/temoignage-afrique-du-sud\/\" \/>\n<meta property=\"og:site_name\" content=\"Association Globalong\" \/>\n<meta property=\"article:publisher\" content=\"https:\/\/www.facebook.com\/globalong\" \/>\n<meta property=\"article:modified_time\" content=\"2022-04-20T15:06:18+00:00\" \/>\n<meta property=\"og:image\" content=\"https:\/\/www.globalong.com\/blog\/wp-content\/uploads\/2016\/01\/DSCN8133-768x1024.jpg\" \/>\n\t<meta property=\"og:image:width\" content=\"768\" \/>\n\t<meta property=\"og:image:height\" content=\"1024\" \/>\n\t<meta property=\"og:image:type\" content=\"image\/jpeg\" \/>\n<meta name=\"twitter:card\" content=\"summary_large_image\" \/>\n<meta name=\"twitter:label1\" content=\"Dur\u00e9e de lecture estim\u00e9e\" \/>\n\t<meta name=\"twitter:data1\" content=\"1 minute\" \/>\n<script type=\"application\/ld+json\" class=\"yoast-schema-graph\">{\"@context\":\"https:\/\/schema.org\",\"@graph\":[{\"@type\":\"WebPage\",\"@id\":\"https:\/\/www.globalong.com\/blog\/avis-temoignages-globalong\/temoignage-afrique-du-sud\/\",\"url\":\"https:\/\/www.globalong.com\/blog\/avis-temoignages-globalong\/temoignage-afrique-du-sud\/\",\"name\":\"Afrique du Sud - Elodie G - Association Globalong\",\"isPartOf\":{\"@id\":\"https:\/\/www.globalong.com\/blog\/#website\"},\"primaryImageOfPage\":{\"@id\":\"https:\/\/www.globalong.com\/blog\/avis-temoignages-globalong\/temoignage-afrique-du-sud\/#primaryimage\"},\"image\":{\"@id\":\"https:\/\/www.globalong.com\/blog\/avis-temoignages-globalong\/temoignage-afrique-du-sud\/#primaryimage\"},\"thumbnailUrl\":\"https:\/\/www.globalong.com\/blog\/wp-content\/uploads\/2016\/01\/DSCN8133.jpg\",\"datePublished\":\"2016-01-22T11:29:38+00:00\",\"dateModified\":\"2022-04-20T15:06:18+00:00\",\"breadcrumb\":{\"@id\":\"https:\/\/www.globalong.com\/blog\/avis-temoignages-globalong\/temoignage-afrique-du-sud\/#breadcrumb\"},\"inLanguage\":\"fr-FR\",\"potentialAction\":[{\"@type\":\"ReadAction\",\"target\":[\"https:\/\/www.globalong.com\/blog\/avis-temoignages-globalong\/temoignage-afrique-du-sud\/\"]}]},{\"@type\":\"ImageObject\",\"inLanguage\":\"fr-FR\",\"@id\":\"https:\/\/www.globalong.com\/blog\/avis-temoignages-globalong\/temoignage-afrique-du-sud\/#primaryimage\",\"url\":\"https:\/\/www.globalong.com\/blog\/wp-content\/uploads\/2016\/01\/DSCN8133.jpg\",\"contentUrl\":\"https:\/\/www.globalong.com\/blog\/wp-content\/uploads\/2016\/01\/DSCN8133.jpg\",\"width\":3456,\"height\":4608},{\"@type\":\"BreadcrumbList\",\"@id\":\"https:\/\/www.globalong.com\/blog\/avis-temoignages-globalong\/temoignage-afrique-du-sud\/#breadcrumb\",\"itemListElement\":[{\"@type\":\"ListItem\",\"position\":1,\"name\":\"Accueil\",\"item\":\"https:\/\/www.globalong.com\/blog\/\"},{\"@type\":\"ListItem\",\"position\":2,\"name\":\"T\u00e9moignages et avis de volontaires Globalong\",\"item\":\"https:\/\/www.globalong.com\/blog\/avis-temoignages-globalong\/\"},{\"@type\":\"ListItem\",\"position\":3,\"name\":\"Afrique du Sud &#8211; Elodie G\"}]},{\"@type\":\"WebSite\",\"@id\":\"https:\/\/www.globalong.com\/blog\/#website\",\"url\":\"https:\/\/www.globalong.com\/blog\/\",\"name\":\"https:\/\/www.globalong.com\/\",\"description\":\"Mission humanitaire, stage \u00e9tudiant et voyage linguistique\",\"publisher\":{\"@id\":\"https:\/\/www.globalong.com\/blog\/#organization\"},\"potentialAction\":[{\"@type\":\"SearchAction\",\"target\":{\"@type\":\"EntryPoint\",\"urlTemplate\":\"https:\/\/www.globalong.com\/blog\/?s={search_term_string}\"},\"query-input\":{\"@type\":\"PropertyValueSpecification\",\"valueRequired\":true,\"valueName\":\"search_term_string\"}}],\"inLanguage\":\"fr-FR\"},{\"@type\":\"Organization\",\"@id\":\"https:\/\/www.globalong.com\/blog\/#organization\",\"name\":\"Association Globalong\",\"url\":\"https:\/\/www.globalong.com\/blog\/\",\"logo\":{\"@type\":\"ImageObject\",\"inLanguage\":\"fr-FR\",\"@id\":\"https:\/\/www.globalong.com\/blog\/#\/schema\/logo\/image\/\",\"url\":\"https:\/\/www.globalong.com\/blog\/wp-content\/uploads\/2014\/11\/cropped-cropped-Logo-et-Afrique-Globalong-petite-taille-2.jpg\",\"contentUrl\":\"https:\/\/www.globalong.com\/blog\/wp-content\/uploads\/2014\/11\/cropped-cropped-Logo-et-Afrique-Globalong-petite-taille-2.jpg\",\"width\":512,\"height\":512,\"caption\":\"Association Globalong\"},\"image\":{\"@id\":\"https:\/\/www.globalong.com\/blog\/#\/schema\/logo\/image\/\"},\"sameAs\":[\"https:\/\/www.facebook.com\/globalong\"]}]}<\/script>\n<!-- \/ Yoast SEO Premium plugin. -->","yoast_head_json":{"title":"Afrique du Sud - Elodie G - Association Globalong","robots":{"index":"index","follow":"follow","max-snippet":"max-snippet:-1","max-image-preview":"max-image-preview:large","max-video-preview":"max-video-preview:-1"},"canonical":"https:\/\/www.globalong.com\/blog\/avis-temoignages-globalong\/temoignage-afrique-du-sud\/","og_locale":"fr_FR","og_type":"article","og_title":"Afrique du Sud - Elodie G","og_description":"T\u00e9moignage d&rsquo;Elodie, b\u00e9n\u00e9vole avec Globalong en Afrique du Sud J\u2019ai pu aller sur la table mountain, nager avec les phoques \u00e0 Seals Island, \u00eatre dans une cage avec les requins \u00e0 Gambsa\u00ef, faire un safari d&rsquo;une journ\u00e9e \u00e0 Flairy Glen, visiter Robben Island et la prison de Nelson Mandela, le mus\u00e9e District six museum, le [&hellip;]","og_url":"https:\/\/www.globalong.com\/blog\/avis-temoignages-globalong\/temoignage-afrique-du-sud\/","og_site_name":"Association Globalong","article_publisher":"https:\/\/www.facebook.com\/globalong","article_modified_time":"2022-04-20T15:06:18+00:00","og_image":[{"width":768,"height":1024,"url":"https:\/\/www.globalong.com\/blog\/wp-content\/uploads\/2016\/01\/DSCN8133-768x1024.jpg","type":"image\/jpeg"}],"twitter_card":"summary_large_image","twitter_misc":{"Dur\u00e9e de lecture estim\u00e9e":"1 minute"},"schema":{"@context":"https:\/\/schema.org","@graph":[{"@type":"WebPage","@id":"https:\/\/www.globalong.com\/blog\/avis-temoignages-globalong\/temoignage-afrique-du-sud\/","url":"https:\/\/www.globalong.com\/blog\/avis-temoignages-globalong\/temoignage-afrique-du-sud\/","name":"Afrique du Sud - Elodie G - Association Globalong","isPartOf":{"@id":"https:\/\/www.globalong.com\/blog\/#website"},"primaryImageOfPage":{"@id":"https:\/\/www.globalong.com\/blog\/avis-temoignages-globalong\/temoignage-afrique-du-sud\/#primaryimage"},"image":{"@id":"https:\/\/www.globalong.com\/blog\/avis-temoignages-globalong\/temoignage-afrique-du-sud\/#primaryimage"},"thumbnailUrl":"https:\/\/www.globalong.com\/blog\/wp-content\/uploads\/2016\/01\/DSCN8133.jpg","datePublished":"2016-01-22T11:29:38+00:00","dateModified":"2022-04-20T15:06:18+00:00","breadcrumb":{"@id":"https:\/\/www.globalong.com\/blog\/avis-temoignages-globalong\/temoignage-afrique-du-sud\/#breadcrumb"},"inLanguage":"fr-FR","potentialAction":[{"@type":"ReadAction","target":["https:\/\/www.globalong.com\/blog\/avis-temoignages-globalong\/temoignage-afrique-du-sud\/"]}]},{"@type":"ImageObject","inLanguage":"fr-FR","@id":"https:\/\/www.globalong.com\/blog\/avis-temoignages-globalong\/temoignage-afrique-du-sud\/#primaryimage","url":"https:\/\/www.globalong.com\/blog\/wp-content\/uploads\/2016\/01\/DSCN8133.jpg","contentUrl":"https:\/\/www.globalong.com\/blog\/wp-content\/uploads\/2016\/01\/DSCN8133.jpg","width":3456,"height":4608},{"@type":"BreadcrumbList","@id":"https:\/\/www.globalong.com\/blog\/avis-temoignages-globalong\/temoignage-afrique-du-sud\/#breadcrumb","itemListElement":[{"@type":"ListItem","position":1,"name":"Accueil","item":"https:\/\/www.globalong.com\/blog\/"},{"@type":"ListItem","position":2,"name":"T\u00e9moignages et avis de volontaires Globalong","item":"https:\/\/www.globalong.com\/blog\/avis-temoignages-globalong\/"},{"@type":"ListItem","position":3,"name":"Afrique du Sud &#8211; Elodie G"}]},{"@type":"WebSite","@id":"https:\/\/www.globalong.com\/blog\/#website","url":"https:\/\/www.globalong.com\/blog\/","name":"https:\/\/www.globalong.com\/","description":"Mission humanitaire, stage \u00e9tudiant et voyage linguistique","publisher":{"@id":"https:\/\/www.globalong.com\/blog\/#organization"},"potentialAction":[{"@type":"SearchAction","target":{"@type":"EntryPoint","urlTemplate":"https:\/\/www.globalong.com\/blog\/?s={search_term_string}"},"query-input":{"@type":"PropertyValueSpecification","valueRequired":true,"valueName":"search_term_string"}}],"inLanguage":"fr-FR"},{"@type":"Organization","@id":"https:\/\/www.globalong.com\/blog\/#organization","name":"Association Globalong","url":"https:\/\/www.globalong.com\/blog\/","logo":{"@type":"ImageObject","inLanguage":"fr-FR","@id":"https:\/\/www.globalong.com\/blog\/#\/schema\/logo\/image\/","url":"https:\/\/www.globalong.com\/blog\/wp-content\/uploads\/2014\/11\/cropped-cropped-Logo-et-Afrique-Globalong-petite-taille-2.jpg","contentUrl":"https:\/\/www.globalong.com\/blog\/wp-content\/uploads\/2014\/11\/cropped-cropped-Logo-et-Afrique-Globalong-petite-taille-2.jpg","width":512,"height":512,"caption":"Association Globalong"},"image":{"@id":"https:\/\/www.globalong.com\/blog\/#\/schema\/logo\/image\/"},"sameAs":["https:\/\/www.facebook.com\/globalong"]}]}},"_links":{"self":[{"href":"https:\/\/www.globalong.com\/blog\/wp-json\/wp\/v2\/pages\/868"}],"collection":[{"href":"https:\/\/www.globalong.com\/blog\/wp-json\/wp\/v2\/pages"}],"about":[{"href":"https:\/\/www.globalong.com\/blog\/wp-json\/wp\/v2\/types\/page"}],"author":[{"embeddable":true,"href":"https:\/\/www.globalong.com\/blog\/wp-json\/wp\/v2\/users\/1"}],"replies":[{"embeddable":true,"href":"https:\/\/www.globalong.com\/blog\/wp-json\/wp\/v2\/comments?post=868"}],"version-history":[{"count":17,"href":"https:\/\/www.globalong.com\/blog\/wp-json\/wp\/v2\/pages\/868\/revisions"}],"predecessor-version":[{"id":14381,"href":"https:\/\/www.globalong.com\/blog\/wp-json\/wp\/v2\/pages\/868\/revisions\/14381"}],"up":[{"embeddable":true,"href":"https:\/\/www.globalong.com\/blog\/wp-json\/wp\/v2\/pages\/883"}],"wp:featuredmedia":[{"embeddable":true,"href":"https:\/\/www.globalong.com\/blog\/wp-json\/wp\/v2\/media\/871"}],"wp:attachment":[{"href":"https:\/\/www.globalong.com\/blog\/wp-json\/wp\/v2\/media?parent=868"}],"curies":[{"name":"wp","href":"https:\/\/api.w.org\/{rel}","templated":true}]}}