{"id":8729,"date":"2018-01-30T16:31:57","date_gmt":"2018-01-30T15:31:57","guid":{"rendered":"https:\/\/www.globalong.com\/blog\/?page_id=8729"},"modified":"2022-04-28T19:20:56","modified_gmt":"2022-04-28T17:20:56","slug":"cambodge-nadege","status":"publish","type":"page","link":"https:\/\/www.globalong.com\/blog\/avis-temoignages-globalong\/cambodge-nadege\/","title":{"rendered":"Cambodge &#8211; Nad\u00e8ge"},"content":{"rendered":"<p><img loading=\"lazy\" decoding=\"async\" class=\"wp-image-8732 size-medium aligncenter\" src=\"https:\/\/www.globalong.com\/blog\/wp-content\/uploads\/2018\/01\/Photo-de-Nade\u0300ge-a\u0300-Phnom-Penh-min-300x225.jpg\" alt=\"B\u00e9n\u00e9volat au Cambodge avec GlobAlong\" width=\"300\" height=\"225\" srcset=\"https:\/\/www.globalong.com\/blog\/wp-content\/uploads\/2018\/01\/Photo-de-Nade\u0300ge-a\u0300-Phnom-Penh-min-300x225.jpg 300w, https:\/\/www.globalong.com\/blog\/wp-content\/uploads\/2018\/01\/Photo-de-Nade\u0300ge-a\u0300-Phnom-Penh-min-768x576.jpg 768w, https:\/\/www.globalong.com\/blog\/wp-content\/uploads\/2018\/01\/Photo-de-Nade\u0300ge-a\u0300-Phnom-Penh-min-1024x768.jpg 1024w, https:\/\/www.globalong.com\/blog\/wp-content\/uploads\/2018\/01\/Photo-de-Nade\u0300ge-a\u0300-Phnom-Penh-min-150x113.jpg 150w, https:\/\/www.globalong.com\/blog\/wp-content\/uploads\/2018\/01\/Photo-de-Nade\u0300ge-a\u0300-Phnom-Penh-min.jpg 2048w\" sizes=\"(max-width: 300px) 100vw, 300px\" \/><\/p>\n<p><strong>T\u00e9moignage de Nad\u00e8ge, b\u00e9n\u00e9vole avec Globalong au Cambodge<\/strong><\/p>\n<p style=\"text-align: justify;\">Je suis partie au Cambodge durant 2 semaines, \u00e0 Phnom Penh plus exactement.<\/p>\n<p style=\"text-align: justify;\">Tout s&rsquo;est tr\u00e8s bien d\u00e9roul\u00e9 pour ma part.<\/p>\n<p style=\"text-align: justify;\">L&rsquo;accueil par nos coordinateurs ici a \u00e9t\u00e9 super, ils sont toujours pr\u00e9sents pour la moindre questions ou autres et nous aident aussi pour organiser nos excursions personnelle le week-end.<\/p>\n<p>&nbsp;<\/p>\n<p><img loading=\"lazy\" decoding=\"async\" class=\"wp-image-8738 size-medium aligncenter\" src=\"https:\/\/www.globalong.com\/blog\/wp-content\/uploads\/2018\/01\/Nade\u0300ge-a\u0300-Phnom-Penh-min-300x225.jpg\" alt=\"B\u00e9n\u00e9volat au Cambodge avec GlobAlong\" width=\"300\" height=\"225\" srcset=\"https:\/\/www.globalong.com\/blog\/wp-content\/uploads\/2018\/01\/Nade\u0300ge-a\u0300-Phnom-Penh-min-300x225.jpg 300w, https:\/\/www.globalong.com\/blog\/wp-content\/uploads\/2018\/01\/Nade\u0300ge-a\u0300-Phnom-Penh-min-768x576.jpg 768w, https:\/\/www.globalong.com\/blog\/wp-content\/uploads\/2018\/01\/Nade\u0300ge-a\u0300-Phnom-Penh-min-1024x768.jpg 1024w, https:\/\/www.globalong.com\/blog\/wp-content\/uploads\/2018\/01\/Nade\u0300ge-a\u0300-Phnom-Penh-min-150x113.jpg 150w, https:\/\/www.globalong.com\/blog\/wp-content\/uploads\/2018\/01\/Nade\u0300ge-a\u0300-Phnom-Penh-min.jpg 2048w\" sizes=\"(max-width: 300px) 100vw, 300px\" \/><\/p>\n<p style=\"text-align: justify;\">Concernant ma mission, elle s&rsquo;est aussi tr\u00e8s bien pass\u00e9e,\u00a0malgr\u00e9 la barri\u00e8re de la langue avec les enfants (ag\u00e9s de quelques moi jusqu&rsquo;\u00e0 4 ans) et donc certains ne savent pas encore parler leur langue maternelle (cambodgien).<\/p>\n<p style=\"text-align: justify;\">Cependant, pouvoir jouer et s&rsquo;occuper d&rsquo;eux en leur donnant<\/p>\n<p style=\"text-align: justify;\">quelques sourires et en partageant de la bonne humeur, est d\u00e9j\u00e0 quelque chose de tr\u00e8s important et appr\u00e9ciable.<a href=\"https:\/\/www.globalong.com\/blog\/wp-content\/uploads\/2018\/01\/Nade\u0300ge-be\u0301ne\u0301vole-au-Cambodge-min.jpg\"><img loading=\"lazy\" decoding=\"async\" class=\"wp-image-8735 size-medium aligncenter\" src=\"https:\/\/www.globalong.com\/blog\/wp-content\/uploads\/2018\/01\/Nade\u0300ge-be\u0301ne\u0301vole-au-Cambodge-min-300x225.jpg\" alt=\"Nad\u00e8ge b\u00e9n\u00e9vole au Cambodge avec GlobAlong\" width=\"300\" height=\"225\" srcset=\"https:\/\/www.globalong.com\/blog\/wp-content\/uploads\/2018\/01\/Nade\u0300ge-be\u0301ne\u0301vole-au-Cambodge-min-300x225.jpg 300w, https:\/\/www.globalong.com\/blog\/wp-content\/uploads\/2018\/01\/Nade\u0300ge-be\u0301ne\u0301vole-au-Cambodge-min-768x576.jpg 768w, https:\/\/www.globalong.com\/blog\/wp-content\/uploads\/2018\/01\/Nade\u0300ge-be\u0301ne\u0301vole-au-Cambodge-min-1024x768.jpg 1024w, https:\/\/www.globalong.com\/blog\/wp-content\/uploads\/2018\/01\/Nade\u0300ge-be\u0301ne\u0301vole-au-Cambodge-min-150x113.jpg 150w, https:\/\/www.globalong.com\/blog\/wp-content\/uploads\/2018\/01\/Nade\u0300ge-be\u0301ne\u0301vole-au-Cambodge-min.jpg 2048w\" sizes=\"(max-width: 300px) 100vw, 300px\" \/><\/a><\/p>\n<p>&nbsp;<\/p>\n<p style=\"text-align: justify;\">Ensuite, par rapport \u00e0 la vie cambodgienne (qui est tr\u00e8s peu cher), je me suis assez bien adapt\u00e9e, m\u00eame si je ne suis pas grande fan de la capitale Phnom Penh (pollution, assez sale,etc), ce qui s&rsquo;explique cependant par la reconstruction du pays apr\u00e8s diverses guerres.<a href=\"https:\/\/www.globalong.com\/blog\/wp-content\/uploads\/2018\/01\/Nade\u0300ge-au-Cambodge-min.jpg\"><img loading=\"lazy\" decoding=\"async\" class=\"wp-image-8733 size-medium aligncenter\" src=\"https:\/\/www.globalong.com\/blog\/wp-content\/uploads\/2018\/01\/Nade\u0300ge-au-Cambodge-min-300x225.jpg\" alt=\"D\u00e9couvrez le Cambodge avec GlobAlong\" width=\"300\" height=\"225\" srcset=\"https:\/\/www.globalong.com\/blog\/wp-content\/uploads\/2018\/01\/Nade\u0300ge-au-Cambodge-min-300x225.jpg 300w, https:\/\/www.globalong.com\/blog\/wp-content\/uploads\/2018\/01\/Nade\u0300ge-au-Cambodge-min-768x576.jpg 768w, https:\/\/www.globalong.com\/blog\/wp-content\/uploads\/2018\/01\/Nade\u0300ge-au-Cambodge-min-1024x768.jpg 1024w, https:\/\/www.globalong.com\/blog\/wp-content\/uploads\/2018\/01\/Nade\u0300ge-au-Cambodge-min-150x113.jpg 150w, https:\/\/www.globalong.com\/blog\/wp-content\/uploads\/2018\/01\/Nade\u0300ge-au-Cambodge-min.jpg 2048w\" sizes=\"(max-width: 300px) 100vw, 300px\" \/><\/a><\/p>\n<p>Nous avons aussi visit\u00e9 Siem Reap (temple Angkor) et Koh Rong (ile).Les deux destinations \u00e9taient g\u00e9niales et tr\u00e8s belles. Elles valent le d\u00e9placement.<\/p>\n<p>Je profite maintenant de mes derniers instant \u00e0 Phnom Penh avant mon retour en France demain, pour vous partager mes quelques photos !<\/p>\n<p style=\"text-align: center;\">Pour d\u00e9couvrir plus de photos du Cambodge, cliquez <a href=\"https:\/\/www.flickr.com\/photos\/globalong\/albums\/72157639827967953\" target=\"_blank\" rel=\"noopener\">ici<\/a> !<\/p>\n<p style=\"text-align: center;\">Pour en savoir plus sur les programme de b\u00e9n\u00e9volat au Cambodge, <a href=\"https:\/\/www.globalong.com\/sejour-benevolat\/benevolat-cambodge-enfants.html\" target=\"_blank\" rel=\"noopener\">cliquez ici\u00a0<\/a>!<\/p>\n<p style=\"text-align: center;\">N\u2019h\u00e9sitez pas \u00e0 nous contacter pour plus d\u2019informations \u00e0 <a href=\"mailto:info@globalong.com\">info@globalong.com<\/a><\/p>\n","protected":false},"excerpt":{"rendered":"<p>T\u00e9moignage de Nad\u00e8ge, b\u00e9n\u00e9vole avec Globalong au Cambodge Je suis partie au Cambodge durant 2 semaines, \u00e0 Phnom Penh plus exactement. Tout s&rsquo;est tr\u00e8s bien d\u00e9roul\u00e9 pour ma part. L&rsquo;accueil par nos coordinateurs ici a \u00e9t\u00e9 super, ils sont toujours pr\u00e9sents pour la moindre questions ou autres et nous aident aussi pour organiser nos excursions [&hellip;]<\/p>\n","protected":false},"author":7,"featured_media":8946,"parent":883,"menu_order":0,"comment_status":"open","ping_status":"closed","template":"","meta":{"footnotes":""},"yoast_head":"<!-- This site is optimized with the Yoast SEO Premium plugin v23.4 (Yoast SEO v23.4) - https:\/\/yoast.com\/wordpress\/plugins\/seo\/ -->\n<title>Cambodge - Nad\u00e8ge - Association Globalong<\/title>\n<meta name=\"robots\" content=\"index, follow, max-snippet:-1, max-image-preview:large, max-video-preview:-1\" \/>\n<link rel=\"canonical\" href=\"https:\/\/www.globalong.com\/blog\/avis-temoignages-globalong\/cambodge-nadege\/\" \/>\n<meta property=\"og:locale\" content=\"fr_FR\" \/>\n<meta property=\"og:type\" content=\"article\" \/>\n<meta property=\"og:title\" content=\"Cambodge - Nad\u00e8ge\" \/>\n<meta property=\"og:description\" content=\"T\u00e9moignage de Nad\u00e8ge, b\u00e9n\u00e9vole avec Globalong au Cambodge Je suis partie au Cambodge durant 2 semaines, \u00e0 Phnom Penh plus exactement. Tout s&rsquo;est tr\u00e8s bien d\u00e9roul\u00e9 pour ma part. L&rsquo;accueil par nos coordinateurs ici a \u00e9t\u00e9 super, ils sont toujours pr\u00e9sents pour la moindre questions ou autres et nous aident aussi pour organiser nos excursions [&hellip;]\" \/>\n<meta property=\"og:url\" content=\"https:\/\/www.globalong.com\/blog\/avis-temoignages-globalong\/cambodge-nadege\/\" \/>\n<meta property=\"og:site_name\" content=\"Association Globalong\" \/>\n<meta property=\"article:publisher\" content=\"https:\/\/www.facebook.com\/globalong\" \/>\n<meta property=\"article:modified_time\" content=\"2022-04-28T17:20:56+00:00\" \/>\n<meta property=\"og:image\" content=\"https:\/\/www.globalong.com\/blog\/wp-content\/uploads\/2018\/01\/Logo-et-Afrique-Globalong2.jpg\" \/>\n\t<meta property=\"og:image:width\" content=\"250\" \/>\n\t<meta property=\"og:image:height\" content=\"172\" \/>\n\t<meta property=\"og:image:type\" content=\"image\/jpeg\" \/>\n<meta name=\"twitter:card\" content=\"summary_large_image\" \/>\n<meta name=\"twitter:label1\" content=\"Dur\u00e9e de lecture estim\u00e9e\" \/>\n\t<meta name=\"twitter:data1\" content=\"1 minute\" \/>\n<script type=\"application\/ld+json\" class=\"yoast-schema-graph\">{\"@context\":\"https:\/\/schema.org\",\"@graph\":[{\"@type\":\"WebPage\",\"@id\":\"https:\/\/www.globalong.com\/blog\/avis-temoignages-globalong\/cambodge-nadege\/\",\"url\":\"https:\/\/www.globalong.com\/blog\/avis-temoignages-globalong\/cambodge-nadege\/\",\"name\":\"Cambodge - Nad\u00e8ge - Association Globalong\",\"isPartOf\":{\"@id\":\"https:\/\/www.globalong.com\/blog\/#website\"},\"primaryImageOfPage\":{\"@id\":\"https:\/\/www.globalong.com\/blog\/avis-temoignages-globalong\/cambodge-nadege\/#primaryimage\"},\"image\":{\"@id\":\"https:\/\/www.globalong.com\/blog\/avis-temoignages-globalong\/cambodge-nadege\/#primaryimage\"},\"thumbnailUrl\":\"https:\/\/www.globalong.com\/blog\/wp-content\/uploads\/2018\/01\/Logo-et-Afrique-Globalong2.jpg\",\"datePublished\":\"2018-01-30T15:31:57+00:00\",\"dateModified\":\"2022-04-28T17:20:56+00:00\",\"breadcrumb\":{\"@id\":\"https:\/\/www.globalong.com\/blog\/avis-temoignages-globalong\/cambodge-nadege\/#breadcrumb\"},\"inLanguage\":\"fr-FR\",\"potentialAction\":[{\"@type\":\"ReadAction\",\"target\":[\"https:\/\/www.globalong.com\/blog\/avis-temoignages-globalong\/cambodge-nadege\/\"]}]},{\"@type\":\"ImageObject\",\"inLanguage\":\"fr-FR\",\"@id\":\"https:\/\/www.globalong.com\/blog\/avis-temoignages-globalong\/cambodge-nadege\/#primaryimage\",\"url\":\"https:\/\/www.globalong.com\/blog\/wp-content\/uploads\/2018\/01\/Logo-et-Afrique-Globalong2.jpg\",\"contentUrl\":\"https:\/\/www.globalong.com\/blog\/wp-content\/uploads\/2018\/01\/Logo-et-Afrique-Globalong2.jpg\",\"width\":250,\"height\":172},{\"@type\":\"BreadcrumbList\",\"@id\":\"https:\/\/www.globalong.com\/blog\/avis-temoignages-globalong\/cambodge-nadege\/#breadcrumb\",\"itemListElement\":[{\"@type\":\"ListItem\",\"position\":1,\"name\":\"Accueil\",\"item\":\"https:\/\/www.globalong.com\/blog\/\"},{\"@type\":\"ListItem\",\"position\":2,\"name\":\"T\u00e9moignages et avis de volontaires Globalong\",\"item\":\"https:\/\/www.globalong.com\/blog\/avis-temoignages-globalong\/\"},{\"@type\":\"ListItem\",\"position\":3,\"name\":\"Cambodge &#8211; Nad\u00e8ge\"}]},{\"@type\":\"WebSite\",\"@id\":\"https:\/\/www.globalong.com\/blog\/#website\",\"url\":\"https:\/\/www.globalong.com\/blog\/\",\"name\":\"https:\/\/www.globalong.com\/\",\"description\":\"Mission humanitaire, stage \u00e9tudiant et voyage linguistique\",\"publisher\":{\"@id\":\"https:\/\/www.globalong.com\/blog\/#organization\"},\"potentialAction\":[{\"@type\":\"SearchAction\",\"target\":{\"@type\":\"EntryPoint\",\"urlTemplate\":\"https:\/\/www.globalong.com\/blog\/?s={search_term_string}\"},\"query-input\":{\"@type\":\"PropertyValueSpecification\",\"valueRequired\":true,\"valueName\":\"search_term_string\"}}],\"inLanguage\":\"fr-FR\"},{\"@type\":\"Organization\",\"@id\":\"https:\/\/www.globalong.com\/blog\/#organization\",\"name\":\"Association Globalong\",\"url\":\"https:\/\/www.globalong.com\/blog\/\",\"logo\":{\"@type\":\"ImageObject\",\"inLanguage\":\"fr-FR\",\"@id\":\"https:\/\/www.globalong.com\/blog\/#\/schema\/logo\/image\/\",\"url\":\"https:\/\/www.globalong.com\/blog\/wp-content\/uploads\/2014\/11\/cropped-cropped-Logo-et-Afrique-Globalong-petite-taille-2.jpg\",\"contentUrl\":\"https:\/\/www.globalong.com\/blog\/wp-content\/uploads\/2014\/11\/cropped-cropped-Logo-et-Afrique-Globalong-petite-taille-2.jpg\",\"width\":512,\"height\":512,\"caption\":\"Association Globalong\"},\"image\":{\"@id\":\"https:\/\/www.globalong.com\/blog\/#\/schema\/logo\/image\/\"},\"sameAs\":[\"https:\/\/www.facebook.com\/globalong\"]}]}<\/script>\n<!-- \/ Yoast SEO Premium plugin. -->","yoast_head_json":{"title":"Cambodge - Nad\u00e8ge - Association Globalong","robots":{"index":"index","follow":"follow","max-snippet":"max-snippet:-1","max-image-preview":"max-image-preview:large","max-video-preview":"max-video-preview:-1"},"canonical":"https:\/\/www.globalong.com\/blog\/avis-temoignages-globalong\/cambodge-nadege\/","og_locale":"fr_FR","og_type":"article","og_title":"Cambodge - Nad\u00e8ge","og_description":"T\u00e9moignage de Nad\u00e8ge, b\u00e9n\u00e9vole avec Globalong au Cambodge Je suis partie au Cambodge durant 2 semaines, \u00e0 Phnom Penh plus exactement. Tout s&rsquo;est tr\u00e8s bien d\u00e9roul\u00e9 pour ma part. L&rsquo;accueil par nos coordinateurs ici a \u00e9t\u00e9 super, ils sont toujours pr\u00e9sents pour la moindre questions ou autres et nous aident aussi pour organiser nos excursions [&hellip;]","og_url":"https:\/\/www.globalong.com\/blog\/avis-temoignages-globalong\/cambodge-nadege\/","og_site_name":"Association Globalong","article_publisher":"https:\/\/www.facebook.com\/globalong","article_modified_time":"2022-04-28T17:20:56+00:00","og_image":[{"width":250,"height":172,"url":"https:\/\/www.globalong.com\/blog\/wp-content\/uploads\/2018\/01\/Logo-et-Afrique-Globalong2.jpg","type":"image\/jpeg"}],"twitter_card":"summary_large_image","twitter_misc":{"Dur\u00e9e de lecture estim\u00e9e":"1 minute"},"schema":{"@context":"https:\/\/schema.org","@graph":[{"@type":"WebPage","@id":"https:\/\/www.globalong.com\/blog\/avis-temoignages-globalong\/cambodge-nadege\/","url":"https:\/\/www.globalong.com\/blog\/avis-temoignages-globalong\/cambodge-nadege\/","name":"Cambodge - Nad\u00e8ge - Association Globalong","isPartOf":{"@id":"https:\/\/www.globalong.com\/blog\/#website"},"primaryImageOfPage":{"@id":"https:\/\/www.globalong.com\/blog\/avis-temoignages-globalong\/cambodge-nadege\/#primaryimage"},"image":{"@id":"https:\/\/www.globalong.com\/blog\/avis-temoignages-globalong\/cambodge-nadege\/#primaryimage"},"thumbnailUrl":"https:\/\/www.globalong.com\/blog\/wp-content\/uploads\/2018\/01\/Logo-et-Afrique-Globalong2.jpg","datePublished":"2018-01-30T15:31:57+00:00","dateModified":"2022-04-28T17:20:56+00:00","breadcrumb":{"@id":"https:\/\/www.globalong.com\/blog\/avis-temoignages-globalong\/cambodge-nadege\/#breadcrumb"},"inLanguage":"fr-FR","potentialAction":[{"@type":"ReadAction","target":["https:\/\/www.globalong.com\/blog\/avis-temoignages-globalong\/cambodge-nadege\/"]}]},{"@type":"ImageObject","inLanguage":"fr-FR","@id":"https:\/\/www.globalong.com\/blog\/avis-temoignages-globalong\/cambodge-nadege\/#primaryimage","url":"https:\/\/www.globalong.com\/blog\/wp-content\/uploads\/2018\/01\/Logo-et-Afrique-Globalong2.jpg","contentUrl":"https:\/\/www.globalong.com\/blog\/wp-content\/uploads\/2018\/01\/Logo-et-Afrique-Globalong2.jpg","width":250,"height":172},{"@type":"BreadcrumbList","@id":"https:\/\/www.globalong.com\/blog\/avis-temoignages-globalong\/cambodge-nadege\/#breadcrumb","itemListElement":[{"@type":"ListItem","position":1,"name":"Accueil","item":"https:\/\/www.globalong.com\/blog\/"},{"@type":"ListItem","position":2,"name":"T\u00e9moignages et avis de volontaires Globalong","item":"https:\/\/www.globalong.com\/blog\/avis-temoignages-globalong\/"},{"@type":"ListItem","position":3,"name":"Cambodge &#8211; Nad\u00e8ge"}]},{"@type":"WebSite","@id":"https:\/\/www.globalong.com\/blog\/#website","url":"https:\/\/www.globalong.com\/blog\/","name":"https:\/\/www.globalong.com\/","description":"Mission humanitaire, stage \u00e9tudiant et voyage linguistique","publisher":{"@id":"https:\/\/www.globalong.com\/blog\/#organization"},"potentialAction":[{"@type":"SearchAction","target":{"@type":"EntryPoint","urlTemplate":"https:\/\/www.globalong.com\/blog\/?s={search_term_string}"},"query-input":{"@type":"PropertyValueSpecification","valueRequired":true,"valueName":"search_term_string"}}],"inLanguage":"fr-FR"},{"@type":"Organization","@id":"https:\/\/www.globalong.com\/blog\/#organization","name":"Association Globalong","url":"https:\/\/www.globalong.com\/blog\/","logo":{"@type":"ImageObject","inLanguage":"fr-FR","@id":"https:\/\/www.globalong.com\/blog\/#\/schema\/logo\/image\/","url":"https:\/\/www.globalong.com\/blog\/wp-content\/uploads\/2014\/11\/cropped-cropped-Logo-et-Afrique-Globalong-petite-taille-2.jpg","contentUrl":"https:\/\/www.globalong.com\/blog\/wp-content\/uploads\/2014\/11\/cropped-cropped-Logo-et-Afrique-Globalong-petite-taille-2.jpg","width":512,"height":512,"caption":"Association Globalong"},"image":{"@id":"https:\/\/www.globalong.com\/blog\/#\/schema\/logo\/image\/"},"sameAs":["https:\/\/www.facebook.com\/globalong"]}]}},"_links":{"self":[{"href":"https:\/\/www.globalong.com\/blog\/wp-json\/wp\/v2\/pages\/8729"}],"collection":[{"href":"https:\/\/www.globalong.com\/blog\/wp-json\/wp\/v2\/pages"}],"about":[{"href":"https:\/\/www.globalong.com\/blog\/wp-json\/wp\/v2\/types\/page"}],"author":[{"embeddable":true,"href":"https:\/\/www.globalong.com\/blog\/wp-json\/wp\/v2\/users\/7"}],"replies":[{"embeddable":true,"href":"https:\/\/www.globalong.com\/blog\/wp-json\/wp\/v2\/comments?post=8729"}],"version-history":[{"count":28,"href":"https:\/\/www.globalong.com\/blog\/wp-json\/wp\/v2\/pages\/8729\/revisions"}],"predecessor-version":[{"id":14455,"href":"https:\/\/www.globalong.com\/blog\/wp-json\/wp\/v2\/pages\/8729\/revisions\/14455"}],"up":[{"embeddable":true,"href":"https:\/\/www.globalong.com\/blog\/wp-json\/wp\/v2\/pages\/883"}],"wp:featuredmedia":[{"embeddable":true,"href":"https:\/\/www.globalong.com\/blog\/wp-json\/wp\/v2\/media\/8946"}],"wp:attachment":[{"href":"https:\/\/www.globalong.com\/blog\/wp-json\/wp\/v2\/media?parent=8729"}],"curies":[{"name":"wp","href":"https:\/\/api.w.org\/{rel}","templated":true}]}}