{"id":8867,"date":"2018-02-08T14:00:39","date_gmt":"2018-02-08T13:00:39","guid":{"rendered":"https:\/\/www.globalong.com\/blog\/?page_id=8867"},"modified":"2022-05-06T16:54:23","modified_gmt":"2022-05-06T14:54:23","slug":"nepal-pierre-yves","status":"publish","type":"page","link":"https:\/\/www.globalong.com\/blog\/avis-temoignages-globalong\/nepal-pierre-yves\/","title":{"rendered":"N\u00e9pal &#8211; Pierre-Yves"},"content":{"rendered":"<p style=\"text-align: center;\"><span style=\"color: #b81657;\"><strong>T\u00e9moignage de Pierre-Yves, b\u00e9n\u00e9vole avec Globalong au N\u00e9pal<\/strong><\/span><\/p>\n<p style=\"text-align: justify;\"><a href=\"https:\/\/www.globalong.com\/blog\/wp-content\/uploads\/2018\/02\/img_1519-min.jpg\"><img loading=\"lazy\" decoding=\"async\" class=\"wp-image-8871 aligncenter\" src=\"https:\/\/www.globalong.com\/blog\/wp-content\/uploads\/2018\/02\/img_1519-min-225x300.jpg\" alt=\"\" width=\"300\" height=\"400\" srcset=\"https:\/\/www.globalong.com\/blog\/wp-content\/uploads\/2018\/02\/img_1519-min-225x300.jpg 225w, https:\/\/www.globalong.com\/blog\/wp-content\/uploads\/2018\/02\/img_1519-min-768x1024.jpg 768w, https:\/\/www.globalong.com\/blog\/wp-content\/uploads\/2018\/02\/img_1519-min-113x150.jpg 113w\" sizes=\"(max-width: 300px) 100vw, 300px\" \/><\/a>Je suis parti au <strong>N\u00e9pal<\/strong> sur un <strong><span style=\"text-decoration: underline;\"><a href=\"https:\/\/www.globalong.com\/sejour-benevolat\/benevolat-au-nepal-humanitaire\/enseigner-anglais-moines-bouddhistes-nepal.html\" target=\"_blank\" rel=\"noopener noreferrer\">programme d&rsquo;enseignement d&rsquo;anglais aux moines bouddhistes<\/a><\/span><\/strong>. J&rsquo;avais d\u00e9j\u00e0 voyag\u00e9 au <strong>N\u00e9pal<\/strong> il y a plus de 10 ans et je souhaitais y retourner par curiosit\u00e9 intellectuelle et de plus faire un s\u00e9jour utile.<\/p>\n<p style=\"text-align: justify;\"><strong>Les p\u00e9riodes d&rsquo;introduction et de b\u00e9n\u00e9volat se sont tr\u00e8s bien d\u00e9roul\u00e9es,<\/strong> j&rsquo;ai appr\u00e9ci\u00e9 l&rsquo;accueil chaleureux de tous. Le logement \u00e9tait spartiate mais c&rsquo;\u00e9tait pr\u00e9vu; la nourriture excellente et l&rsquo;ambiance saine et positive. J&rsquo;ai surtout aim\u00e9 le contact avec les <strong>25 jeunes moines<\/strong> \u00e0 qui je donnais quotidiennement des <span style=\"text-decoration: underline;\"><a href=\"https:\/\/www.globalong.com\/cour-de-langue\/angleterre-langue-sejour-personnalise.html\" target=\"_blank\" rel=\"noopener noreferrer\">cours d&rsquo;anglais:<\/a><\/span> leur enthousiasme, intelligence, courage et sourires m&rsquo;ont impressionn\u00e9s.<\/p>\n<p style=\"text-align: justify;\"><strong>L&rsquo;un des moment le plus singulier est le repas avec son rite immuable.<\/strong> Nous faisons tous la queue \u00e0 l&rsquo;ext\u00e9rieur d&rsquo;abord puis dans le r\u00e9fectoire. Apr\u00e8s avoir retirer ses chaussures et pris son assiette et cuill\u00e8re un jeune moine nous sert un par un puis et nous nous asseyons en tailleur derri\u00e8re des tables basses align\u00e9es tout autour de la grande pi\u00e8ce.<\/p>\n<p style=\"text-align: justify;\"><a href=\"https:\/\/www.globalong.com\/blog\/wp-content\/uploads\/2018\/02\/img_1473-1-min.jpg\"><img loading=\"lazy\" decoding=\"async\" class=\"wp-image-8874 size-medium aligncenter\" src=\"https:\/\/www.globalong.com\/blog\/wp-content\/uploads\/2018\/02\/img_1473-1-min-300x225.jpg\" alt=\"\" width=\"300\" height=\"225\" srcset=\"https:\/\/www.globalong.com\/blog\/wp-content\/uploads\/2018\/02\/img_1473-1-min-300x225.jpg 300w, https:\/\/www.globalong.com\/blog\/wp-content\/uploads\/2018\/02\/img_1473-1-min-768x576.jpg 768w, https:\/\/www.globalong.com\/blog\/wp-content\/uploads\/2018\/02\/img_1473-1-min-1024x768.jpg 1024w, https:\/\/www.globalong.com\/blog\/wp-content\/uploads\/2018\/02\/img_1473-1-min-150x113.jpg 150w\" sizes=\"(max-width: 300px) 100vw, 300px\" \/><\/a><strong>Le chief-monk<\/strong> assis \u00e0 une extr\u00e9mit\u00e9 lance la pri\u00e8re lorsque tout le monde est assis puis l&rsquo;ensemble des moines chantent les mains jointes toujours le m\u00eame cantique un peu m\u00e9lancolique puis nous d\u00e9marrons le repas en silence.<\/p>\n<p style=\"text-align: justify;\"><strong>La nourriture est excellente<\/strong> souvent \u00e0 base de riz, lentilles, p\u00e2tes et pommes de terre accompagn\u00e9s de sauces \u00e9pic\u00e9es pour relever l&rsquo;ensemble. En fin de repas un verre de lait et une part de pomme, cl\u00e9mentine, &#8230; La coutume veut que le monast\u00e8re recoive des h\u00f4tes pour assister aux d\u00e9jeuners puis manger.<\/p>\n<p style=\"text-align: justify;\"><a href=\"https:\/\/www.globalong.com\/blog\/wp-content\/uploads\/2018\/02\/36ED76468CC148E18F1359B7F0D9F4E6-min.jpg\"><img loading=\"lazy\" decoding=\"async\" class=\"wp-image-8876 size-medium aligncenter\" src=\"https:\/\/www.globalong.com\/blog\/wp-content\/uploads\/2018\/02\/36ED76468CC148E18F1359B7F0D9F4E6-min-300x225.jpg\" alt=\"\" width=\"300\" height=\"225\" srcset=\"https:\/\/www.globalong.com\/blog\/wp-content\/uploads\/2018\/02\/36ED76468CC148E18F1359B7F0D9F4E6-min-300x225.jpg 300w, https:\/\/www.globalong.com\/blog\/wp-content\/uploads\/2018\/02\/36ED76468CC148E18F1359B7F0D9F4E6-min-150x113.jpg 150w, https:\/\/www.globalong.com\/blog\/wp-content\/uploads\/2018\/02\/36ED76468CC148E18F1359B7F0D9F4E6-min.jpg 750w\" sizes=\"(max-width: 300px) 100vw, 300px\" \/><\/a>Ce sont en g\u00e9n\u00e9ral des groupes de <strong>3 \u00e0 7 n\u00e9palais<\/strong> qui viennent prier et se faire \u00ab\u00a0b\u00e9nir\u00a0\u00bb par les moines et font une offrande. Apr\u00e8s le repas ils d\u00e9posent en face de vous un billet de <strong>5 roupies<\/strong> destin\u00e9s \u00e0 la <strong>communaut\u00e9 boudhiste<\/strong> et une confiserie. Eux prennent leur repas s\u00e9par\u00e9ment et plus tard. Nous quittons un \u00e0 un le r\u00e9fectoire puis allons laver nos couverts.<\/p>\n<p style=\"text-align: justify;\">Durant ce programme j&rsquo;ai eu l&rsquo;occasion de visiter un peu la ville.\u00a0Je recommande de voir les grands classiques de <strong>Katmandhu<\/strong> avec en priorit\u00e9 le temple de <strong>Patshupatina<\/strong> et le quartier de <strong>Patan.<\/strong> Pour boire un verre dans le quartier touristique de <strong>Thamel<\/strong> vous trouverez de multiples<br \/>\nrestos avec roof tops.<\/p>\n<p style=\"text-align: justify;\"><a href=\"https:\/\/www.globalong.com\/blog\/wp-content\/uploads\/2018\/02\/img_1524-2-min.jpg\"><img loading=\"lazy\" decoding=\"async\" class=\"wp-image-8878 size-medium aligncenter\" src=\"https:\/\/www.globalong.com\/blog\/wp-content\/uploads\/2018\/02\/img_1524-2-min-300x225.jpg\" alt=\"\" width=\"300\" height=\"225\" srcset=\"https:\/\/www.globalong.com\/blog\/wp-content\/uploads\/2018\/02\/img_1524-2-min-300x225.jpg 300w, https:\/\/www.globalong.com\/blog\/wp-content\/uploads\/2018\/02\/img_1524-2-min-768x576.jpg 768w, https:\/\/www.globalong.com\/blog\/wp-content\/uploads\/2018\/02\/img_1524-2-min-1024x768.jpg 1024w, https:\/\/www.globalong.com\/blog\/wp-content\/uploads\/2018\/02\/img_1524-2-min-150x113.jpg 150w\" sizes=\"(max-width: 300px) 100vw, 300px\" \/><\/a>Ne pas h\u00e9siter \u00e0 se perdre dans tous les quartiers (la ville est s\u00fbre) et surtout de tester les <strong>\u00ab\u00a0gargottes\u00a0\u00bb<\/strong> pour manger des Mo-Mo <strong>(sachez que la nourriture est tr\u00e8s \u00e9pic\u00e9 au N\u00e9pal).<\/strong> Enfin je recommande le rasage chez les barbier pour 60 roupies.<\/p>\n<p style=\"text-align: justify;\">J&rsquo;ai fais des rencontres tr\u00e8s int\u00e9ressantes, notamment <strong>Bodhigyan (le chief-monk) du monast\u00e8re<\/strong> qui m&rsquo;a personnellement <strong>initi\u00e9 \u00e0 la m\u00e9ditation.<\/strong> Gr\u00e2ce \u00e0 ce <span style=\"text-decoration: underline;\"><strong><a href=\"https:\/\/www.globalong.com\/\" target=\"_blank\" rel=\"noopener noreferrer\">programme de b\u00e9n\u00e9volat,<\/a><\/strong><\/span> <strong>j&rsquo;ai appris \u00e0 relativiser les soucis du quotidien. Je me suis donner du temps pour moi.<\/strong> J&rsquo;ai \u00e9t\u00e9 s\u00e9duit par le r\u00f4le de b\u00e9n\u00e9vole et la position gratifiante de <strong>\u00ab\u00a0professeur\u00a0\u00bb d&rsquo;anglais.<\/strong><br \/>\nJ&rsquo;ai \u00ab\u00a0compris\u00a0\u00bb les \u00e9carts culturels et leurs raisons.<\/p>\n<p style=\"text-align: justify;\"><a href=\"https:\/\/www.globalong.com\/blog\/wp-content\/uploads\/2018\/02\/76D13D84428442DCA8352FC879698339-min.jpg\"><img loading=\"lazy\" decoding=\"async\" class=\"wp-image-8881 aligncenter\" src=\"https:\/\/www.globalong.com\/blog\/wp-content\/uploads\/2018\/02\/76D13D84428442DCA8352FC879698339-min-225x300.jpg\" alt=\"\" width=\"300\" height=\"399\" srcset=\"https:\/\/www.globalong.com\/blog\/wp-content\/uploads\/2018\/02\/76D13D84428442DCA8352FC879698339-min-225x300.jpg 225w, https:\/\/www.globalong.com\/blog\/wp-content\/uploads\/2018\/02\/76D13D84428442DCA8352FC879698339-min-113x150.jpg 113w, https:\/\/www.globalong.com\/blog\/wp-content\/uploads\/2018\/02\/76D13D84428442DCA8352FC879698339-min.jpg 564w\" sizes=\"(max-width: 300px) 100vw, 300px\" \/><\/a>Il est n\u00e9cessaire d&rsquo;\u00eatre tr\u00e8s respectueux des coutumes locales et de ne pas h\u00e9siter \u00e0 poser des questions. Enfin je recommande de bien lire TOUTE la documentation de Globalong avant le voyage.<\/p>\n<p style=\"text-align: justify;\"><strong>Je recommande vivement GlobAlong pour le s\u00e9rieux et le soutien \u00e0 la pr\u00e9paration du voyage.<\/strong><\/p>\n<p><strong>Pierre-Yves<\/strong><\/p>\n<p style=\"text-align: center;\"><span style=\"text-decoration: underline;\"><strong><a href=\"https:\/\/www.globalong.com\/sejour-benevolat\/benevolat-au-nepal-humanitaire.html\" target=\"_blank\" rel=\"noopener noreferrer\">Vous aussi partez en mission avec Globalong au N\u00e9pal\u00a0<\/a><\/strong><\/span><\/p>\n<p style=\"text-align: center;\"><strong>N\u2019h\u00e9sitez pas \u00e0 nous contacter pour plus d\u2019informations \u00e0 l\u2019adresse<\/strong>\u00a0<a href=\"mailto:info@globalong.com\" target=\"_blank\" rel=\"noopener noreferrer\">info@globalong.com<\/a><\/p>\n<p style=\"text-align: center;\"><a href=\"https:\/\/www.flickr.com\/photos\/globalong\/albums\/72157639827967953\/page1\" target=\"_blank\" rel=\"noopener noreferrer\">D\u00e9couvrez plus de photos du N\u00e9pal !<\/a><\/p>\n<p>&nbsp;<\/p>\n","protected":false},"excerpt":{"rendered":"<p>T\u00e9moignage de Pierre-Yves, b\u00e9n\u00e9vole avec Globalong au N\u00e9pal Je suis parti au N\u00e9pal sur un programme d&rsquo;enseignement d&rsquo;anglais aux moines bouddhistes. J&rsquo;avais d\u00e9j\u00e0 voyag\u00e9 au N\u00e9pal il y a plus de 10 ans et je souhaitais y retourner par curiosit\u00e9 intellectuelle et de plus faire un s\u00e9jour utile. Les p\u00e9riodes d&rsquo;introduction et de b\u00e9n\u00e9volat se [&hellip;]<\/p>\n","protected":false},"author":7,"featured_media":8876,"parent":883,"menu_order":0,"comment_status":"open","ping_status":"closed","template":"","meta":{"footnotes":""},"yoast_head":"<!-- This site is optimized with the Yoast SEO Premium plugin v23.4 (Yoast SEO v23.4) - https:\/\/yoast.com\/wordpress\/plugins\/seo\/ -->\n<title>N\u00e9pal - Pierre-Yves - Association Globalong<\/title>\n<meta name=\"robots\" content=\"index, follow, max-snippet:-1, max-image-preview:large, max-video-preview:-1\" \/>\n<link rel=\"canonical\" href=\"https:\/\/www.globalong.com\/blog\/avis-temoignages-globalong\/nepal-pierre-yves\/\" \/>\n<meta property=\"og:locale\" content=\"fr_FR\" \/>\n<meta property=\"og:type\" content=\"article\" \/>\n<meta property=\"og:title\" content=\"N\u00e9pal - Pierre-Yves\" \/>\n<meta property=\"og:description\" content=\"T\u00e9moignage de Pierre-Yves, b\u00e9n\u00e9vole avec Globalong au N\u00e9pal Je suis parti au N\u00e9pal sur un programme d&rsquo;enseignement d&rsquo;anglais aux moines bouddhistes. J&rsquo;avais d\u00e9j\u00e0 voyag\u00e9 au N\u00e9pal il y a plus de 10 ans et je souhaitais y retourner par curiosit\u00e9 intellectuelle et de plus faire un s\u00e9jour utile. Les p\u00e9riodes d&rsquo;introduction et de b\u00e9n\u00e9volat se [&hellip;]\" \/>\n<meta property=\"og:url\" content=\"https:\/\/www.globalong.com\/blog\/avis-temoignages-globalong\/nepal-pierre-yves\/\" \/>\n<meta property=\"og:site_name\" content=\"Association Globalong\" \/>\n<meta property=\"article:publisher\" content=\"https:\/\/www.facebook.com\/globalong\" \/>\n<meta property=\"article:modified_time\" content=\"2022-05-06T14:54:23+00:00\" \/>\n<meta property=\"og:image\" content=\"https:\/\/www.globalong.com\/blog\/wp-content\/uploads\/2018\/02\/36ED76468CC148E18F1359B7F0D9F4E6-min.jpg\" \/>\n\t<meta property=\"og:image:width\" content=\"750\" \/>\n\t<meta property=\"og:image:height\" content=\"563\" \/>\n\t<meta property=\"og:image:type\" content=\"image\/jpeg\" \/>\n<meta name=\"twitter:card\" content=\"summary_large_image\" \/>\n<meta name=\"twitter:label1\" content=\"Dur\u00e9e de lecture estim\u00e9e\" \/>\n\t<meta name=\"twitter:data1\" content=\"3 minutes\" \/>\n<script type=\"application\/ld+json\" class=\"yoast-schema-graph\">{\"@context\":\"https:\/\/schema.org\",\"@graph\":[{\"@type\":\"WebPage\",\"@id\":\"https:\/\/www.globalong.com\/blog\/avis-temoignages-globalong\/nepal-pierre-yves\/\",\"url\":\"https:\/\/www.globalong.com\/blog\/avis-temoignages-globalong\/nepal-pierre-yves\/\",\"name\":\"N\u00e9pal - Pierre-Yves - Association Globalong\",\"isPartOf\":{\"@id\":\"https:\/\/www.globalong.com\/blog\/#website\"},\"primaryImageOfPage\":{\"@id\":\"https:\/\/www.globalong.com\/blog\/avis-temoignages-globalong\/nepal-pierre-yves\/#primaryimage\"},\"image\":{\"@id\":\"https:\/\/www.globalong.com\/blog\/avis-temoignages-globalong\/nepal-pierre-yves\/#primaryimage\"},\"thumbnailUrl\":\"https:\/\/www.globalong.com\/blog\/wp-content\/uploads\/2018\/02\/36ED76468CC148E18F1359B7F0D9F4E6-min.jpg\",\"datePublished\":\"2018-02-08T13:00:39+00:00\",\"dateModified\":\"2022-05-06T14:54:23+00:00\",\"breadcrumb\":{\"@id\":\"https:\/\/www.globalong.com\/blog\/avis-temoignages-globalong\/nepal-pierre-yves\/#breadcrumb\"},\"inLanguage\":\"fr-FR\",\"potentialAction\":[{\"@type\":\"ReadAction\",\"target\":[\"https:\/\/www.globalong.com\/blog\/avis-temoignages-globalong\/nepal-pierre-yves\/\"]}]},{\"@type\":\"ImageObject\",\"inLanguage\":\"fr-FR\",\"@id\":\"https:\/\/www.globalong.com\/blog\/avis-temoignages-globalong\/nepal-pierre-yves\/#primaryimage\",\"url\":\"https:\/\/www.globalong.com\/blog\/wp-content\/uploads\/2018\/02\/36ED76468CC148E18F1359B7F0D9F4E6-min.jpg\",\"contentUrl\":\"https:\/\/www.globalong.com\/blog\/wp-content\/uploads\/2018\/02\/36ED76468CC148E18F1359B7F0D9F4E6-min.jpg\",\"width\":750,\"height\":563,\"caption\":\"Immersion interculturelle \u00e0 l'\u00e9tranger\"},{\"@type\":\"BreadcrumbList\",\"@id\":\"https:\/\/www.globalong.com\/blog\/avis-temoignages-globalong\/nepal-pierre-yves\/#breadcrumb\",\"itemListElement\":[{\"@type\":\"ListItem\",\"position\":1,\"name\":\"Accueil\",\"item\":\"https:\/\/www.globalong.com\/blog\/\"},{\"@type\":\"ListItem\",\"position\":2,\"name\":\"T\u00e9moignages et avis de volontaires Globalong\",\"item\":\"https:\/\/www.globalong.com\/blog\/avis-temoignages-globalong\/\"},{\"@type\":\"ListItem\",\"position\":3,\"name\":\"N\u00e9pal &#8211; Pierre-Yves\"}]},{\"@type\":\"WebSite\",\"@id\":\"https:\/\/www.globalong.com\/blog\/#website\",\"url\":\"https:\/\/www.globalong.com\/blog\/\",\"name\":\"https:\/\/www.globalong.com\/\",\"description\":\"Mission humanitaire, stage \u00e9tudiant et voyage linguistique\",\"publisher\":{\"@id\":\"https:\/\/www.globalong.com\/blog\/#organization\"},\"potentialAction\":[{\"@type\":\"SearchAction\",\"target\":{\"@type\":\"EntryPoint\",\"urlTemplate\":\"https:\/\/www.globalong.com\/blog\/?s={search_term_string}\"},\"query-input\":{\"@type\":\"PropertyValueSpecification\",\"valueRequired\":true,\"valueName\":\"search_term_string\"}}],\"inLanguage\":\"fr-FR\"},{\"@type\":\"Organization\",\"@id\":\"https:\/\/www.globalong.com\/blog\/#organization\",\"name\":\"Association Globalong\",\"url\":\"https:\/\/www.globalong.com\/blog\/\",\"logo\":{\"@type\":\"ImageObject\",\"inLanguage\":\"fr-FR\",\"@id\":\"https:\/\/www.globalong.com\/blog\/#\/schema\/logo\/image\/\",\"url\":\"https:\/\/www.globalong.com\/blog\/wp-content\/uploads\/2014\/11\/cropped-cropped-Logo-et-Afrique-Globalong-petite-taille-2.jpg\",\"contentUrl\":\"https:\/\/www.globalong.com\/blog\/wp-content\/uploads\/2014\/11\/cropped-cropped-Logo-et-Afrique-Globalong-petite-taille-2.jpg\",\"width\":512,\"height\":512,\"caption\":\"Association Globalong\"},\"image\":{\"@id\":\"https:\/\/www.globalong.com\/blog\/#\/schema\/logo\/image\/\"},\"sameAs\":[\"https:\/\/www.facebook.com\/globalong\"]}]}<\/script>\n<!-- \/ Yoast SEO Premium plugin. -->","yoast_head_json":{"title":"N\u00e9pal - Pierre-Yves - Association Globalong","robots":{"index":"index","follow":"follow","max-snippet":"max-snippet:-1","max-image-preview":"max-image-preview:large","max-video-preview":"max-video-preview:-1"},"canonical":"https:\/\/www.globalong.com\/blog\/avis-temoignages-globalong\/nepal-pierre-yves\/","og_locale":"fr_FR","og_type":"article","og_title":"N\u00e9pal - Pierre-Yves","og_description":"T\u00e9moignage de Pierre-Yves, b\u00e9n\u00e9vole avec Globalong au N\u00e9pal Je suis parti au N\u00e9pal sur un programme d&rsquo;enseignement d&rsquo;anglais aux moines bouddhistes. J&rsquo;avais d\u00e9j\u00e0 voyag\u00e9 au N\u00e9pal il y a plus de 10 ans et je souhaitais y retourner par curiosit\u00e9 intellectuelle et de plus faire un s\u00e9jour utile. Les p\u00e9riodes d&rsquo;introduction et de b\u00e9n\u00e9volat se [&hellip;]","og_url":"https:\/\/www.globalong.com\/blog\/avis-temoignages-globalong\/nepal-pierre-yves\/","og_site_name":"Association Globalong","article_publisher":"https:\/\/www.facebook.com\/globalong","article_modified_time":"2022-05-06T14:54:23+00:00","og_image":[{"width":750,"height":563,"url":"https:\/\/www.globalong.com\/blog\/wp-content\/uploads\/2018\/02\/36ED76468CC148E18F1359B7F0D9F4E6-min.jpg","type":"image\/jpeg"}],"twitter_card":"summary_large_image","twitter_misc":{"Dur\u00e9e de lecture estim\u00e9e":"3 minutes"},"schema":{"@context":"https:\/\/schema.org","@graph":[{"@type":"WebPage","@id":"https:\/\/www.globalong.com\/blog\/avis-temoignages-globalong\/nepal-pierre-yves\/","url":"https:\/\/www.globalong.com\/blog\/avis-temoignages-globalong\/nepal-pierre-yves\/","name":"N\u00e9pal - Pierre-Yves - Association Globalong","isPartOf":{"@id":"https:\/\/www.globalong.com\/blog\/#website"},"primaryImageOfPage":{"@id":"https:\/\/www.globalong.com\/blog\/avis-temoignages-globalong\/nepal-pierre-yves\/#primaryimage"},"image":{"@id":"https:\/\/www.globalong.com\/blog\/avis-temoignages-globalong\/nepal-pierre-yves\/#primaryimage"},"thumbnailUrl":"https:\/\/www.globalong.com\/blog\/wp-content\/uploads\/2018\/02\/36ED76468CC148E18F1359B7F0D9F4E6-min.jpg","datePublished":"2018-02-08T13:00:39+00:00","dateModified":"2022-05-06T14:54:23+00:00","breadcrumb":{"@id":"https:\/\/www.globalong.com\/blog\/avis-temoignages-globalong\/nepal-pierre-yves\/#breadcrumb"},"inLanguage":"fr-FR","potentialAction":[{"@type":"ReadAction","target":["https:\/\/www.globalong.com\/blog\/avis-temoignages-globalong\/nepal-pierre-yves\/"]}]},{"@type":"ImageObject","inLanguage":"fr-FR","@id":"https:\/\/www.globalong.com\/blog\/avis-temoignages-globalong\/nepal-pierre-yves\/#primaryimage","url":"https:\/\/www.globalong.com\/blog\/wp-content\/uploads\/2018\/02\/36ED76468CC148E18F1359B7F0D9F4E6-min.jpg","contentUrl":"https:\/\/www.globalong.com\/blog\/wp-content\/uploads\/2018\/02\/36ED76468CC148E18F1359B7F0D9F4E6-min.jpg","width":750,"height":563,"caption":"Immersion interculturelle \u00e0 l'\u00e9tranger"},{"@type":"BreadcrumbList","@id":"https:\/\/www.globalong.com\/blog\/avis-temoignages-globalong\/nepal-pierre-yves\/#breadcrumb","itemListElement":[{"@type":"ListItem","position":1,"name":"Accueil","item":"https:\/\/www.globalong.com\/blog\/"},{"@type":"ListItem","position":2,"name":"T\u00e9moignages et avis de volontaires Globalong","item":"https:\/\/www.globalong.com\/blog\/avis-temoignages-globalong\/"},{"@type":"ListItem","position":3,"name":"N\u00e9pal &#8211; Pierre-Yves"}]},{"@type":"WebSite","@id":"https:\/\/www.globalong.com\/blog\/#website","url":"https:\/\/www.globalong.com\/blog\/","name":"https:\/\/www.globalong.com\/","description":"Mission humanitaire, stage \u00e9tudiant et voyage linguistique","publisher":{"@id":"https:\/\/www.globalong.com\/blog\/#organization"},"potentialAction":[{"@type":"SearchAction","target":{"@type":"EntryPoint","urlTemplate":"https:\/\/www.globalong.com\/blog\/?s={search_term_string}"},"query-input":{"@type":"PropertyValueSpecification","valueRequired":true,"valueName":"search_term_string"}}],"inLanguage":"fr-FR"},{"@type":"Organization","@id":"https:\/\/www.globalong.com\/blog\/#organization","name":"Association Globalong","url":"https:\/\/www.globalong.com\/blog\/","logo":{"@type":"ImageObject","inLanguage":"fr-FR","@id":"https:\/\/www.globalong.com\/blog\/#\/schema\/logo\/image\/","url":"https:\/\/www.globalong.com\/blog\/wp-content\/uploads\/2014\/11\/cropped-cropped-Logo-et-Afrique-Globalong-petite-taille-2.jpg","contentUrl":"https:\/\/www.globalong.com\/blog\/wp-content\/uploads\/2014\/11\/cropped-cropped-Logo-et-Afrique-Globalong-petite-taille-2.jpg","width":512,"height":512,"caption":"Association Globalong"},"image":{"@id":"https:\/\/www.globalong.com\/blog\/#\/schema\/logo\/image\/"},"sameAs":["https:\/\/www.facebook.com\/globalong"]}]}},"_links":{"self":[{"href":"https:\/\/www.globalong.com\/blog\/wp-json\/wp\/v2\/pages\/8867"}],"collection":[{"href":"https:\/\/www.globalong.com\/blog\/wp-json\/wp\/v2\/pages"}],"about":[{"href":"https:\/\/www.globalong.com\/blog\/wp-json\/wp\/v2\/types\/page"}],"author":[{"embeddable":true,"href":"https:\/\/www.globalong.com\/blog\/wp-json\/wp\/v2\/users\/7"}],"replies":[{"embeddable":true,"href":"https:\/\/www.globalong.com\/blog\/wp-json\/wp\/v2\/comments?post=8867"}],"version-history":[{"count":20,"href":"https:\/\/www.globalong.com\/blog\/wp-json\/wp\/v2\/pages\/8867\/revisions"}],"predecessor-version":[{"id":14545,"href":"https:\/\/www.globalong.com\/blog\/wp-json\/wp\/v2\/pages\/8867\/revisions\/14545"}],"up":[{"embeddable":true,"href":"https:\/\/www.globalong.com\/blog\/wp-json\/wp\/v2\/pages\/883"}],"wp:featuredmedia":[{"embeddable":true,"href":"https:\/\/www.globalong.com\/blog\/wp-json\/wp\/v2\/media\/8876"}],"wp:attachment":[{"href":"https:\/\/www.globalong.com\/blog\/wp-json\/wp\/v2\/media?parent=8867"}],"curies":[{"name":"wp","href":"https:\/\/api.w.org\/{rel}","templated":true}]}}