{"id":888,"date":"2016-01-27T15:11:06","date_gmt":"2016-01-27T14:11:06","guid":{"rendered":"https:\/\/www.globalong.com\/blog\/?page_id=888"},"modified":"2022-01-03T21:45:17","modified_gmt":"2022-01-03T20:45:17","slug":"coralie-cambodge","status":"publish","type":"page","link":"https:\/\/www.globalong.com\/blog\/avis-temoignages-globalong\/coralie-cambodge\/","title":{"rendered":"Cambodge &#8211; Coralie"},"content":{"rendered":"<p style=\"text-align: center;\"><span style=\"color: #b81657;\"><strong>T\u00e9moignage de Coralie, b\u00e9n\u00e9vole avec Globalong au Cambodge<\/strong><\/span><\/p>\n<p style=\"text-align: justify;\"><a href=\"https:\/\/www.globalong.com\/blog\/wp-content\/uploads\/2015\/10\/IMG_2891.jpg\"><img loading=\"lazy\" decoding=\"async\" class=\"size-medium wp-image-778 aligncenter\" src=\"https:\/\/www.globalong.com\/blog\/wp-content\/uploads\/2015\/10\/IMG_2891-300x200.jpg\" alt=\"IMG_2891\" width=\"300\" height=\"200\" srcset=\"https:\/\/www.globalong.com\/blog\/wp-content\/uploads\/2015\/10\/IMG_2891-300x200.jpg 300w, https:\/\/www.globalong.com\/blog\/wp-content\/uploads\/2015\/10\/IMG_2891-1024x683.jpg 1024w, https:\/\/www.globalong.com\/blog\/wp-content\/uploads\/2015\/10\/IMG_2891-150x100.jpg 150w\" sizes=\"(max-width: 300px) 100vw, 300px\" \/><\/a>\u00ab\u00a0<strong>Je suis partie au Cambodge \u00e0 Phnom Penh pendant 1 mois avec Globalong.<\/strong><\/p>\n<p style=\"text-align: justify;\">J\u2019ai souhait\u00e9 effectuer cette mission pour <strong>vivre quelque chose de totalement diff\u00e9rent,<\/strong> d\u00e9paysant. J&rsquo;ai toujours eu ce r\u00eave de partir tr\u00e8s loin pour aider dans un pays pauvre, qui n&rsquo;a pas la chance et les moyens des pays occidentaux. Mes attentes \u00e9taient donc de <strong>me mettre au service des gens<\/strong>, <strong>d&rsquo;aider de mani\u00e8re totalement d\u00e9sint\u00e9ress\u00e9e.<\/strong><\/p>\n<p style=\"text-align: justify;\"><strong>La p\u00e9riode d&rsquo;introduction \u00e9tait tr\u00e8s int\u00e9ressante,<\/strong> elle permet de mieux cerner le pays et essayer au mieux de s&rsquo;int\u00e9grer dans la population locale. Les cours de langues \u00e9taient bien, on a beaucoup ri, mais je crois que le Khmer ne sera pas ma seconde langue vivante hahaa !<a href=\"https:\/\/www.globalong.com\/blog\/wp-content\/uploads\/2016\/01\/IMG_2769.jpg\" rel=\"attachment wp-att-2005\"><img loading=\"lazy\" decoding=\"async\" class=\"size-medium wp-image-2005 aligncenter\" src=\"https:\/\/www.globalong.com\/blog\/wp-content\/uploads\/2016\/01\/IMG_2769-300x200.jpg\" alt=\"IMG_2769\" width=\"300\" height=\"200\" srcset=\"https:\/\/www.globalong.com\/blog\/wp-content\/uploads\/2016\/01\/IMG_2769-300x200.jpg 300w, https:\/\/www.globalong.com\/blog\/wp-content\/uploads\/2016\/01\/IMG_2769-768x512.jpg 768w, https:\/\/www.globalong.com\/blog\/wp-content\/uploads\/2016\/01\/IMG_2769-1024x683.jpg 1024w, https:\/\/www.globalong.com\/blog\/wp-content\/uploads\/2016\/01\/IMG_2769-150x100.jpg 150w\" sizes=\"(max-width: 300px) 100vw, 300px\" \/><\/a><\/p>\n<p style=\"text-align: justify;\"><strong>La p\u00e9riode de b\u00e9n\u00e9volat fut la plus riche et la plus intense pour moi<\/strong>. Je garderai toujours en m\u00e9moire le moment o\u00f9 j&rsquo;ai ouvert cette porte et d\u00e9couvert toutes ces petites bouilles d&rsquo;enfants adorables. J&rsquo;ai fais beaucoup de rencontres int\u00e9ressantes notamment avec <strong>les volontaires venant du monde entier<\/strong> mais aussi avec des locaux tr\u00e8s souriants et accueillants.<\/p>\n<p style=\"text-align: justify;\">\n<img loading=\"lazy\" decoding=\"async\" class=\"size-medium wp-image-779 aligncenter\" src=\"https:\/\/www.globalong.com\/blog\/wp-content\/uploads\/2015\/10\/12106694_964824773577991_6442927377156750918_n-1-300x225.jpg\" alt=\"12106694_964824773577991_6442927377156750918_n 1\" width=\"300\" height=\"225\" srcset=\"https:\/\/www.globalong.com\/blog\/wp-content\/uploads\/2015\/10\/12106694_964824773577991_6442927377156750918_n-1-300x225.jpg 300w, https:\/\/www.globalong.com\/blog\/wp-content\/uploads\/2015\/10\/12106694_964824773577991_6442927377156750918_n-1-150x112.jpg 150w, https:\/\/www.globalong.com\/blog\/wp-content\/uploads\/2015\/10\/12106694_964824773577991_6442927377156750918_n-1.jpg 960w\" sizes=\"(max-width: 300px) 100vw, 300px\" \/><\/p>\n<p style=\"text-align: justify;\"><strong>J&rsquo;ai eu le temps de d\u00e9couvrir le pays, \u00e9tant parti \u00e0 une p\u00e9riode o\u00f9 il y avait des jours f\u00e9ri\u00e9s.<\/strong><\/p>\n<p style=\"text-align: justify;\">Cette exp\u00e9rience aura \u00e9t\u00e9 pour moi tr\u00e8s enrichissante, <strong>j&rsquo;ai appris beaucoup d&rsquo;une autre culture<\/strong>, et des probl\u00e8mes pr\u00e9sents dans ce pays. Voir une telle pauvret\u00e9 remet aussi les id\u00e9es en place et on se sent vraiment chanceux.\u00a0 Cela m&rsquo;a donn\u00e9 encore plus envie de <strong>m&rsquo;investir dans un projet associatif en France<\/strong>, et le fait d&rsquo;avoir pu aider dans un orphelinat m&rsquo;a confort\u00e9 dans le fait que plus tard j&rsquo;ai vraiment \u00e0 c\u0153ur d&rsquo;adopter<\/p>\n<p style=\"text-align: justify;\"><a href=\"https:\/\/www.globalong.com\/blog\/wp-content\/uploads\/2016\/01\/IMG_2847.jpg\" rel=\"attachment wp-att-2009\"><img loading=\"lazy\" decoding=\"async\" class=\"size-medium wp-image-2009 aligncenter\" src=\"https:\/\/www.globalong.com\/blog\/wp-content\/uploads\/2016\/01\/IMG_2847-300x200.jpg\" alt=\"IMG_2847\" width=\"300\" height=\"200\" srcset=\"https:\/\/www.globalong.com\/blog\/wp-content\/uploads\/2016\/01\/IMG_2847-300x200.jpg 300w, https:\/\/www.globalong.com\/blog\/wp-content\/uploads\/2016\/01\/IMG_2847-768x512.jpg 768w, https:\/\/www.globalong.com\/blog\/wp-content\/uploads\/2016\/01\/IMG_2847-1024x683.jpg 1024w, https:\/\/www.globalong.com\/blog\/wp-content\/uploads\/2016\/01\/IMG_2847-150x100.jpg 150w\" sizes=\"(max-width: 300px) 100vw, 300px\" \/><\/a>.<\/p>\n<p style=\"text-align: justify;\">Mon retour \u00e0 la maison s&rsquo;est bien pass\u00e9, les premiers jours, on est heureux de retrouver nos rep\u00e8res, nos amis, notre famille. M\u00eame si avec le d\u00e9calage horaire, les diff\u00e9rences de pays, cela est quelque peu d\u00e9concertant au d\u00e9but. Cependant, il faut se dire que la fin d&rsquo;une histoire marque le d\u00e9but d&rsquo;une autre aventure ! M\u00eame si par moments, je pense \u00e0 l&rsquo;heure qu&rsquo;il est dans le pays, \u00e0 ce que font les autres volontaires et \u00e0 mes petits bouts de chou qui vont me manquer \u00e9norm\u00e9ment !!!<a href=\"https:\/\/www.globalong.com\/blog\/wp-content\/uploads\/2016\/01\/12118967_970053829721752_5512604645117400771_n.jpg\" rel=\"attachment wp-att-2012\"><img loading=\"lazy\" decoding=\"async\" class=\"size-medium wp-image-2012 aligncenter\" src=\"https:\/\/www.globalong.com\/blog\/wp-content\/uploads\/2016\/01\/12118967_970053829721752_5512604645117400771_n-300x169.jpg\" alt=\"12118967_970053829721752_5512604645117400771_n\" width=\"300\" height=\"169\" srcset=\"https:\/\/www.globalong.com\/blog\/wp-content\/uploads\/2016\/01\/12118967_970053829721752_5512604645117400771_n-300x169.jpg 300w, https:\/\/www.globalong.com\/blog\/wp-content\/uploads\/2016\/01\/12118967_970053829721752_5512604645117400771_n-768x432.jpg 768w, https:\/\/www.globalong.com\/blog\/wp-content\/uploads\/2016\/01\/12118967_970053829721752_5512604645117400771_n-150x84.jpg 150w, https:\/\/www.globalong.com\/blog\/wp-content\/uploads\/2016\/01\/12118967_970053829721752_5512604645117400771_n.jpg 960w\" sizes=\"(max-width: 300px) 100vw, 300px\" \/><\/a><\/p>\n<p style=\"text-align: justify;\">Le seul point un peu n\u00e9gatif ou du moins d\u00e9rangeant serait peut-\u00eatre le fait de payer les transports quotidiennement pour aller \u00e0 notre lieu de mission, car pour certains les lieux sont \u00e9loign\u00e9s et donc en additionnant les trajets quotidiens, je trouve que cela fait un gros budget si l&rsquo;on reste un bon moment.<\/p>\n<p style=\"text-align: justify;\">\n<a href=\"https:\/\/www.globalong.com\/blog\/wp-content\/uploads\/2016\/01\/IMG_2851.jpg\" rel=\"attachment wp-att-2014\"><img loading=\"lazy\" decoding=\"async\" class=\"size-medium wp-image-2014 aligncenter\" src=\"https:\/\/www.globalong.com\/blog\/wp-content\/uploads\/2016\/01\/IMG_2851-300x200.jpg\" alt=\"IMG_2851\" width=\"300\" height=\"200\" srcset=\"https:\/\/www.globalong.com\/blog\/wp-content\/uploads\/2016\/01\/IMG_2851-300x200.jpg 300w, https:\/\/www.globalong.com\/blog\/wp-content\/uploads\/2016\/01\/IMG_2851-768x512.jpg 768w, https:\/\/www.globalong.com\/blog\/wp-content\/uploads\/2016\/01\/IMG_2851-1024x683.jpg 1024w, https:\/\/www.globalong.com\/blog\/wp-content\/uploads\/2016\/01\/IMG_2851-150x100.jpg 150w\" sizes=\"(max-width: 300px) 100vw, 300px\" \/><\/a>Je pense qu&rsquo;il faut partir en ne s&rsquo;attendant \u00e0 rien au moins on n\u2019est jamais d\u00e9\u00e7u. Et, aussi de s&rsquo;investir \u00e0 fond, de tout donner dans notre mission, mais de garder en t\u00eate qu&rsquo;on ne pourra pas r\u00e9soudre tous les probl\u00e8mes et la mis\u00e8re du monde, seulement apporter notre pierre \u00e0 l&rsquo;\u00e9difice et apr\u00e8s d&rsquo;autres prendront le relais.<\/p>\n<p style=\"text-align: justify;\"><strong>Je conseillerais Globalong car tout \u00e9tait tr\u00e8s bien organis\u00e9, il n&rsquo;y a donc pas eu de mauvaises surprises \u00e0 l&rsquo;arriv\u00e9e.\u00a0\u00bb<\/strong><\/p>\n<p>&nbsp;<\/p>\n<p style=\"text-align: center;\"><strong>Pour d\u00e9couvrir plus de photos du Cambodge, <span style=\"text-decoration: underline;\"><a href=\"https:\/\/www.flickr.com\/photos\/globalong\/albums\/72157639827967953\">cliquez ici<\/a><\/span> !<\/strong><\/p>\n<p style=\"text-align: center;\"><strong>Pour d\u00e9couvrir les programmes au Cambodge, <span style=\"text-decoration: underline;\"><a href=\"https:\/\/www.globalong.com\/sejour-benevolat\/benevolat-cambodge-enfants.html\" target=\"_blank\" rel=\"noopener\">cliquez ici<\/a><\/span>\u00a0!<\/strong><\/p>\n<p style=\"text-align: center;\"><strong>N&rsquo;h\u00e9sitez pas \u00e0 nous contacter pour plus d&rsquo;informations \u00e0 <span style=\"text-decoration: underline; color: #b81657;\"><a style=\"color: #b81657; text-decoration: underline;\" href=\"mailto:info@globalong.com\">info@globalong.com<\/a><\/span><\/strong><\/p>\n","protected":false},"excerpt":{"rendered":"<p>T\u00e9moignage de Coralie, b\u00e9n\u00e9vole avec Globalong au Cambodge \u00ab\u00a0Je suis partie au Cambodge \u00e0 Phnom Penh pendant 1 mois avec Globalong. J\u2019ai souhait\u00e9 effectuer cette mission pour vivre quelque chose de totalement diff\u00e9rent, d\u00e9paysant. J&rsquo;ai toujours eu ce r\u00eave de partir tr\u00e8s loin pour aider dans un pays pauvre, qui n&rsquo;a pas la chance et [&hellip;]<\/p>\n","protected":false},"author":1,"featured_media":781,"parent":883,"menu_order":0,"comment_status":"open","ping_status":"closed","template":"","meta":{"footnotes":""},"yoast_head":"<!-- This site is optimized with the Yoast SEO Premium plugin v23.4 (Yoast SEO v23.4) - https:\/\/yoast.com\/wordpress\/plugins\/seo\/ -->\n<title>Cambodge - Coralie - Association Globalong<\/title>\n<meta name=\"robots\" content=\"index, follow, max-snippet:-1, max-image-preview:large, max-video-preview:-1\" \/>\n<link rel=\"canonical\" href=\"https:\/\/www.globalong.com\/blog\/avis-temoignages-globalong\/coralie-cambodge\/\" \/>\n<meta property=\"og:locale\" content=\"fr_FR\" \/>\n<meta property=\"og:type\" content=\"article\" \/>\n<meta property=\"og:title\" content=\"Cambodge - Coralie\" \/>\n<meta property=\"og:description\" content=\"T\u00e9moignage de Coralie, b\u00e9n\u00e9vole avec Globalong au Cambodge \u00ab\u00a0Je suis partie au Cambodge \u00e0 Phnom Penh pendant 1 mois avec Globalong. J\u2019ai souhait\u00e9 effectuer cette mission pour vivre quelque chose de totalement diff\u00e9rent, d\u00e9paysant. J&rsquo;ai toujours eu ce r\u00eave de partir tr\u00e8s loin pour aider dans un pays pauvre, qui n&rsquo;a pas la chance et [&hellip;]\" \/>\n<meta property=\"og:url\" content=\"https:\/\/www.globalong.com\/blog\/avis-temoignages-globalong\/coralie-cambodge\/\" \/>\n<meta property=\"og:site_name\" content=\"Association Globalong\" \/>\n<meta property=\"article:publisher\" content=\"https:\/\/www.facebook.com\/globalong\" \/>\n<meta property=\"article:modified_time\" content=\"2022-01-03T20:45:17+00:00\" \/>\n<meta property=\"og:image\" content=\"https:\/\/www.globalong.com\/blog\/wp-content\/uploads\/2015\/10\/IMG_28091-683x1024.jpg\" \/>\n\t<meta property=\"og:image:width\" content=\"683\" \/>\n\t<meta property=\"og:image:height\" content=\"1024\" \/>\n\t<meta property=\"og:image:type\" content=\"image\/jpeg\" \/>\n<meta name=\"twitter:card\" content=\"summary_large_image\" \/>\n<meta name=\"twitter:label1\" content=\"Dur\u00e9e de lecture estim\u00e9e\" \/>\n\t<meta name=\"twitter:data1\" content=\"3 minutes\" \/>\n<script type=\"application\/ld+json\" class=\"yoast-schema-graph\">{\"@context\":\"https:\/\/schema.org\",\"@graph\":[{\"@type\":\"WebPage\",\"@id\":\"https:\/\/www.globalong.com\/blog\/avis-temoignages-globalong\/coralie-cambodge\/\",\"url\":\"https:\/\/www.globalong.com\/blog\/avis-temoignages-globalong\/coralie-cambodge\/\",\"name\":\"Cambodge - Coralie - Association Globalong\",\"isPartOf\":{\"@id\":\"https:\/\/www.globalong.com\/blog\/#website\"},\"primaryImageOfPage\":{\"@id\":\"https:\/\/www.globalong.com\/blog\/avis-temoignages-globalong\/coralie-cambodge\/#primaryimage\"},\"image\":{\"@id\":\"https:\/\/www.globalong.com\/blog\/avis-temoignages-globalong\/coralie-cambodge\/#primaryimage\"},\"thumbnailUrl\":\"https:\/\/www.globalong.com\/blog\/wp-content\/uploads\/2015\/10\/IMG_28091.jpg\",\"datePublished\":\"2016-01-27T14:11:06+00:00\",\"dateModified\":\"2022-01-03T20:45:17+00:00\",\"breadcrumb\":{\"@id\":\"https:\/\/www.globalong.com\/blog\/avis-temoignages-globalong\/coralie-cambodge\/#breadcrumb\"},\"inLanguage\":\"fr-FR\",\"potentialAction\":[{\"@type\":\"ReadAction\",\"target\":[\"https:\/\/www.globalong.com\/blog\/avis-temoignages-globalong\/coralie-cambodge\/\"]}]},{\"@type\":\"ImageObject\",\"inLanguage\":\"fr-FR\",\"@id\":\"https:\/\/www.globalong.com\/blog\/avis-temoignages-globalong\/coralie-cambodge\/#primaryimage\",\"url\":\"https:\/\/www.globalong.com\/blog\/wp-content\/uploads\/2015\/10\/IMG_28091.jpg\",\"contentUrl\":\"https:\/\/www.globalong.com\/blog\/wp-content\/uploads\/2015\/10\/IMG_28091.jpg\",\"width\":3456,\"height\":5184},{\"@type\":\"BreadcrumbList\",\"@id\":\"https:\/\/www.globalong.com\/blog\/avis-temoignages-globalong\/coralie-cambodge\/#breadcrumb\",\"itemListElement\":[{\"@type\":\"ListItem\",\"position\":1,\"name\":\"Accueil\",\"item\":\"https:\/\/www.globalong.com\/blog\/\"},{\"@type\":\"ListItem\",\"position\":2,\"name\":\"T\u00e9moignages et avis de volontaires Globalong\",\"item\":\"https:\/\/www.globalong.com\/blog\/avis-temoignages-globalong\/\"},{\"@type\":\"ListItem\",\"position\":3,\"name\":\"Cambodge &#8211; Coralie\"}]},{\"@type\":\"WebSite\",\"@id\":\"https:\/\/www.globalong.com\/blog\/#website\",\"url\":\"https:\/\/www.globalong.com\/blog\/\",\"name\":\"https:\/\/www.globalong.com\/\",\"description\":\"Mission humanitaire, stage \u00e9tudiant et voyage linguistique\",\"publisher\":{\"@id\":\"https:\/\/www.globalong.com\/blog\/#organization\"},\"potentialAction\":[{\"@type\":\"SearchAction\",\"target\":{\"@type\":\"EntryPoint\",\"urlTemplate\":\"https:\/\/www.globalong.com\/blog\/?s={search_term_string}\"},\"query-input\":{\"@type\":\"PropertyValueSpecification\",\"valueRequired\":true,\"valueName\":\"search_term_string\"}}],\"inLanguage\":\"fr-FR\"},{\"@type\":\"Organization\",\"@id\":\"https:\/\/www.globalong.com\/blog\/#organization\",\"name\":\"Association Globalong\",\"url\":\"https:\/\/www.globalong.com\/blog\/\",\"logo\":{\"@type\":\"ImageObject\",\"inLanguage\":\"fr-FR\",\"@id\":\"https:\/\/www.globalong.com\/blog\/#\/schema\/logo\/image\/\",\"url\":\"https:\/\/www.globalong.com\/blog\/wp-content\/uploads\/2014\/11\/cropped-cropped-Logo-et-Afrique-Globalong-petite-taille-2.jpg\",\"contentUrl\":\"https:\/\/www.globalong.com\/blog\/wp-content\/uploads\/2014\/11\/cropped-cropped-Logo-et-Afrique-Globalong-petite-taille-2.jpg\",\"width\":512,\"height\":512,\"caption\":\"Association Globalong\"},\"image\":{\"@id\":\"https:\/\/www.globalong.com\/blog\/#\/schema\/logo\/image\/\"},\"sameAs\":[\"https:\/\/www.facebook.com\/globalong\"]}]}<\/script>\n<!-- \/ Yoast SEO Premium plugin. -->","yoast_head_json":{"title":"Cambodge - Coralie - Association Globalong","robots":{"index":"index","follow":"follow","max-snippet":"max-snippet:-1","max-image-preview":"max-image-preview:large","max-video-preview":"max-video-preview:-1"},"canonical":"https:\/\/www.globalong.com\/blog\/avis-temoignages-globalong\/coralie-cambodge\/","og_locale":"fr_FR","og_type":"article","og_title":"Cambodge - Coralie","og_description":"T\u00e9moignage de Coralie, b\u00e9n\u00e9vole avec Globalong au Cambodge \u00ab\u00a0Je suis partie au Cambodge \u00e0 Phnom Penh pendant 1 mois avec Globalong. J\u2019ai souhait\u00e9 effectuer cette mission pour vivre quelque chose de totalement diff\u00e9rent, d\u00e9paysant. J&rsquo;ai toujours eu ce r\u00eave de partir tr\u00e8s loin pour aider dans un pays pauvre, qui n&rsquo;a pas la chance et [&hellip;]","og_url":"https:\/\/www.globalong.com\/blog\/avis-temoignages-globalong\/coralie-cambodge\/","og_site_name":"Association Globalong","article_publisher":"https:\/\/www.facebook.com\/globalong","article_modified_time":"2022-01-03T20:45:17+00:00","og_image":[{"width":683,"height":1024,"url":"https:\/\/www.globalong.com\/blog\/wp-content\/uploads\/2015\/10\/IMG_28091-683x1024.jpg","type":"image\/jpeg"}],"twitter_card":"summary_large_image","twitter_misc":{"Dur\u00e9e de lecture estim\u00e9e":"3 minutes"},"schema":{"@context":"https:\/\/schema.org","@graph":[{"@type":"WebPage","@id":"https:\/\/www.globalong.com\/blog\/avis-temoignages-globalong\/coralie-cambodge\/","url":"https:\/\/www.globalong.com\/blog\/avis-temoignages-globalong\/coralie-cambodge\/","name":"Cambodge - Coralie - Association Globalong","isPartOf":{"@id":"https:\/\/www.globalong.com\/blog\/#website"},"primaryImageOfPage":{"@id":"https:\/\/www.globalong.com\/blog\/avis-temoignages-globalong\/coralie-cambodge\/#primaryimage"},"image":{"@id":"https:\/\/www.globalong.com\/blog\/avis-temoignages-globalong\/coralie-cambodge\/#primaryimage"},"thumbnailUrl":"https:\/\/www.globalong.com\/blog\/wp-content\/uploads\/2015\/10\/IMG_28091.jpg","datePublished":"2016-01-27T14:11:06+00:00","dateModified":"2022-01-03T20:45:17+00:00","breadcrumb":{"@id":"https:\/\/www.globalong.com\/blog\/avis-temoignages-globalong\/coralie-cambodge\/#breadcrumb"},"inLanguage":"fr-FR","potentialAction":[{"@type":"ReadAction","target":["https:\/\/www.globalong.com\/blog\/avis-temoignages-globalong\/coralie-cambodge\/"]}]},{"@type":"ImageObject","inLanguage":"fr-FR","@id":"https:\/\/www.globalong.com\/blog\/avis-temoignages-globalong\/coralie-cambodge\/#primaryimage","url":"https:\/\/www.globalong.com\/blog\/wp-content\/uploads\/2015\/10\/IMG_28091.jpg","contentUrl":"https:\/\/www.globalong.com\/blog\/wp-content\/uploads\/2015\/10\/IMG_28091.jpg","width":3456,"height":5184},{"@type":"BreadcrumbList","@id":"https:\/\/www.globalong.com\/blog\/avis-temoignages-globalong\/coralie-cambodge\/#breadcrumb","itemListElement":[{"@type":"ListItem","position":1,"name":"Accueil","item":"https:\/\/www.globalong.com\/blog\/"},{"@type":"ListItem","position":2,"name":"T\u00e9moignages et avis de volontaires Globalong","item":"https:\/\/www.globalong.com\/blog\/avis-temoignages-globalong\/"},{"@type":"ListItem","position":3,"name":"Cambodge &#8211; Coralie"}]},{"@type":"WebSite","@id":"https:\/\/www.globalong.com\/blog\/#website","url":"https:\/\/www.globalong.com\/blog\/","name":"https:\/\/www.globalong.com\/","description":"Mission humanitaire, stage \u00e9tudiant et voyage linguistique","publisher":{"@id":"https:\/\/www.globalong.com\/blog\/#organization"},"potentialAction":[{"@type":"SearchAction","target":{"@type":"EntryPoint","urlTemplate":"https:\/\/www.globalong.com\/blog\/?s={search_term_string}"},"query-input":{"@type":"PropertyValueSpecification","valueRequired":true,"valueName":"search_term_string"}}],"inLanguage":"fr-FR"},{"@type":"Organization","@id":"https:\/\/www.globalong.com\/blog\/#organization","name":"Association Globalong","url":"https:\/\/www.globalong.com\/blog\/","logo":{"@type":"ImageObject","inLanguage":"fr-FR","@id":"https:\/\/www.globalong.com\/blog\/#\/schema\/logo\/image\/","url":"https:\/\/www.globalong.com\/blog\/wp-content\/uploads\/2014\/11\/cropped-cropped-Logo-et-Afrique-Globalong-petite-taille-2.jpg","contentUrl":"https:\/\/www.globalong.com\/blog\/wp-content\/uploads\/2014\/11\/cropped-cropped-Logo-et-Afrique-Globalong-petite-taille-2.jpg","width":512,"height":512,"caption":"Association Globalong"},"image":{"@id":"https:\/\/www.globalong.com\/blog\/#\/schema\/logo\/image\/"},"sameAs":["https:\/\/www.facebook.com\/globalong"]}]}},"_links":{"self":[{"href":"https:\/\/www.globalong.com\/blog\/wp-json\/wp\/v2\/pages\/888"}],"collection":[{"href":"https:\/\/www.globalong.com\/blog\/wp-json\/wp\/v2\/pages"}],"about":[{"href":"https:\/\/www.globalong.com\/blog\/wp-json\/wp\/v2\/types\/page"}],"author":[{"embeddable":true,"href":"https:\/\/www.globalong.com\/blog\/wp-json\/wp\/v2\/users\/1"}],"replies":[{"embeddable":true,"href":"https:\/\/www.globalong.com\/blog\/wp-json\/wp\/v2\/comments?post=888"}],"version-history":[{"count":29,"href":"https:\/\/www.globalong.com\/blog\/wp-json\/wp\/v2\/pages\/888\/revisions"}],"predecessor-version":[{"id":13954,"href":"https:\/\/www.globalong.com\/blog\/wp-json\/wp\/v2\/pages\/888\/revisions\/13954"}],"up":[{"embeddable":true,"href":"https:\/\/www.globalong.com\/blog\/wp-json\/wp\/v2\/pages\/883"}],"wp:featuredmedia":[{"embeddable":true,"href":"https:\/\/www.globalong.com\/blog\/wp-json\/wp\/v2\/media\/781"}],"wp:attachment":[{"href":"https:\/\/www.globalong.com\/blog\/wp-json\/wp\/v2\/media?parent=888"}],"curies":[{"name":"wp","href":"https:\/\/api.w.org\/{rel}","templated":true}]}}