{"id":915,"date":"2016-01-27T16:00:14","date_gmt":"2016-01-27T15:00:14","guid":{"rendered":"https:\/\/www.globalong.com\/blog\/?page_id=915"},"modified":"2022-04-28T18:51:16","modified_gmt":"2022-04-28T16:51:16","slug":"emilie-cambodge","status":"publish","type":"page","link":"https:\/\/www.globalong.com\/blog\/avis-temoignages-globalong\/emilie-cambodge\/","title":{"rendered":"Cambodge &#8211; Emilie"},"content":{"rendered":"<p class=\"p1\" style=\"text-align: center;\"><span style=\"color: #b81657;\"><strong><span class=\"s1\">T\u00e9moignage d&rsquo;Emilie, b\u00e9n\u00e9vole avec Globalong au Cambodge<\/span><\/strong><\/span><\/p>\n<p class=\"p1\" style=\"text-align: justify;\"><span class=\"s1\"><a href=\"https:\/\/www.globalong.com\/blog\/wp-content\/uploads\/2016\/01\/DSC_0136-1.jpg\" rel=\"attachment wp-att-2270\"><img loading=\"lazy\" decoding=\"async\" class=\"size-medium wp-image-2270 aligncenter\" src=\"https:\/\/www.globalong.com\/blog\/wp-content\/uploads\/2016\/01\/DSC_0136-1-300x200.jpg\" alt=\"DSC_0136\" width=\"300\" height=\"200\" srcset=\"https:\/\/www.globalong.com\/blog\/wp-content\/uploads\/2016\/01\/DSC_0136-1-300x200.jpg 300w, https:\/\/www.globalong.com\/blog\/wp-content\/uploads\/2016\/01\/DSC_0136-1-768x512.jpg 768w, https:\/\/www.globalong.com\/blog\/wp-content\/uploads\/2016\/01\/DSC_0136-1-1024x683.jpg 1024w, https:\/\/www.globalong.com\/blog\/wp-content\/uploads\/2016\/01\/DSC_0136-1-150x100.jpg 150w\" sizes=\"(max-width: 300px) 100vw, 300px\" \/><\/a>Je suis partie au Cambodge pendant 4 semaines avec Globalong. Je voulais concr\u00e9tiser mon envie d&rsquo;aider les autres, et me sentir vraiment utile. Je voulais \u00e9galement sortir de mon quotidien, de ce que j&rsquo;avais toujours connu, la vie \u00e0 l&rsquo;occidentale et le confort qu&rsquo;on lui associe. J&rsquo;avais \u00e9galement du mal \u00e0 r\u00e9aliser ce que pouvait \u00eatre la vie l\u00e0 bas, les conditions d&rsquo;hygi\u00e8ne car celui qui ne l&rsquo;a jamais v\u00e9cu ne peut qu&rsquo;imaginer et je voulais vraiment d\u00e9couvrir un nouvel aspect du monde par moi-m\u00eame.<a href=\"https:\/\/www.globalong.com\/blog\/wp-content\/uploads\/2016\/01\/DSC_0236.jpg\" rel=\"attachment wp-att-2272\"><img loading=\"lazy\" decoding=\"async\" class=\"size-medium wp-image-2272 aligncenter\" src=\"https:\/\/www.globalong.com\/blog\/wp-content\/uploads\/2016\/01\/DSC_0236-300x200.jpg\" alt=\"DSC_0236\" width=\"300\" height=\"200\" srcset=\"https:\/\/www.globalong.com\/blog\/wp-content\/uploads\/2016\/01\/DSC_0236-300x200.jpg 300w, https:\/\/www.globalong.com\/blog\/wp-content\/uploads\/2016\/01\/DSC_0236-768x512.jpg 768w, https:\/\/www.globalong.com\/blog\/wp-content\/uploads\/2016\/01\/DSC_0236-1024x683.jpg 1024w, https:\/\/www.globalong.com\/blog\/wp-content\/uploads\/2016\/01\/DSC_0236-150x100.jpg 150w\" sizes=\"(max-width: 300px) 100vw, 300px\" \/><\/a> <\/span><\/p>\n<p class=\"p1\" style=\"text-align: justify;\"><span class=\"s1\">La p\u00e9riode d&rsquo;introduction s&rsquo;est tr\u00e8s bien d\u00e9roul\u00e9e, les cours de langue ont \u00e9t\u00e9 tr\u00e8s rapides\u00a0mais n\u00e9anmoins efficace puisque nous savions dire l\u2019essentiel. Les visites propos\u00e9es ont permis de mieux comprendre l&rsquo;histoire du pays et cela m&rsquo;a vraiment plu. <\/span><\/p>\n<p class=\"p1\" style=\"text-align: justify;\"><span class=\"s1\"> La p\u00e9riode du b\u00e9n\u00e9volat s&rsquo;est \u00e9galement tr\u00e8s bien pass\u00e9e, et la pr\u00e9sence d&rsquo;une autre b\u00e9n\u00e9vole avant moi fut tr\u00e8s favorable.<a href=\"https:\/\/www.globalong.com\/blog\/wp-content\/uploads\/2016\/01\/DSC_0186.jpg\" rel=\"attachment wp-att-2275\"><img loading=\"lazy\" decoding=\"async\" class=\"size-medium wp-image-2275 aligncenter\" src=\"https:\/\/www.globalong.com\/blog\/wp-content\/uploads\/2016\/01\/DSC_0186-300x200.jpg\" alt=\"DSC_0186\" width=\"300\" height=\"200\" srcset=\"https:\/\/www.globalong.com\/blog\/wp-content\/uploads\/2016\/01\/DSC_0186-300x200.jpg 300w, https:\/\/www.globalong.com\/blog\/wp-content\/uploads\/2016\/01\/DSC_0186-768x512.jpg 768w, https:\/\/www.globalong.com\/blog\/wp-content\/uploads\/2016\/01\/DSC_0186-1024x683.jpg 1024w, https:\/\/www.globalong.com\/blog\/wp-content\/uploads\/2016\/01\/DSC_0186-150x100.jpg 150w\" sizes=\"(max-width: 300px) 100vw, 300px\" \/><\/a> <\/span><\/p>\n<p class=\"p1\" style=\"text-align: justify;\"><span class=\"s1\">Elle m&rsquo;a aid\u00e9e \u00e0 vite prendre mes marques pour ce qui \u00e9tait de la fa\u00e7on d&rsquo;appr\u00e9hender l\u2019enseignement et de mieux envisager les choses pour que notre action soit la plus utile possible. Ce fut vraiment un vrai travail de groupe, avec \u00e9galement une autre volontaire arriv\u00e9e en m\u00eame temps que moi, afin de dispenser un enseignement collectif mais \u00e9galement une aide au cas par cas pour ceux en difficult\u00e9. <\/span><\/p>\n<p class=\"p1\" style=\"text-align: justify;\"><span class=\"s1\">Tous les week-end nous sommes partis visiter un endroit diff\u00e9rent, ou nous sommes rest\u00e9s sur Phnom Penh afin de d\u00e9couvrir un peu plus la culture cambodgienne.<a href=\"https:\/\/www.globalong.com\/blog\/wp-content\/uploads\/2016\/01\/DSC_0886.jpg\"><img loading=\"lazy\" decoding=\"async\" class=\"size-medium wp-image-923 aligncenter\" src=\"https:\/\/www.globalong.com\/blog\/wp-content\/uploads\/2016\/01\/DSC_0886-300x200.jpg\" alt=\"Visit Cambodia\" width=\"300\" height=\"200\" srcset=\"https:\/\/www.globalong.com\/blog\/wp-content\/uploads\/2016\/01\/DSC_0886-300x200.jpg 300w, https:\/\/www.globalong.com\/blog\/wp-content\/uploads\/2016\/01\/DSC_0886-1024x683.jpg 1024w, https:\/\/www.globalong.com\/blog\/wp-content\/uploads\/2016\/01\/DSC_0886-150x100.jpg 150w\" sizes=\"(max-width: 300px) 100vw, 300px\" \/><\/a> <\/span><\/p>\n<p class=\"p1\" style=\"text-align: justify;\"><span class=\"s1\">J\u2019ai rencontr\u00e9 des personnes tr\u00e8s int\u00e9ressantes\u00a0tant pour\u00a0ce qui est des autres volontaires avec qui je continue \u00e0 garder contact qu&rsquo;avec les locaux et les professeurs toujours pr\u00eats \u00e0 nous aider dans notre t\u00e2che.<\/span><\/p>\n<p class=\"p1\" style=\"text-align: justify;\"><span class=\"s1\">J&rsquo;ai eu besoin du coordinateur local seulement le dernier jour, ou plut\u00f4t le dernier matin puisque le tuk tuk \u00e0 qui j&rsquo;avais demand\u00e9 de venir me chercher n&rsquo;est jamais venu, me laissant seule \u00e0 3h du matin.<a href=\"https:\/\/www.globalong.com\/blog\/wp-content\/uploads\/2016\/01\/1DSC_0907.jpg\" rel=\"attachment wp-att-2182\"><img loading=\"lazy\" decoding=\"async\" class=\"size-medium wp-image-2182 aligncenter\" src=\"https:\/\/www.globalong.com\/blog\/wp-content\/uploads\/2016\/01\/1DSC_0907-300x200.jpg\" alt=\"1DSC_0907\" width=\"300\" height=\"200\" srcset=\"https:\/\/www.globalong.com\/blog\/wp-content\/uploads\/2016\/01\/1DSC_0907-300x200.jpg 300w, https:\/\/www.globalong.com\/blog\/wp-content\/uploads\/2016\/01\/1DSC_0907-768x512.jpg 768w, https:\/\/www.globalong.com\/blog\/wp-content\/uploads\/2016\/01\/1DSC_0907-1024x683.jpg 1024w, https:\/\/www.globalong.com\/blog\/wp-content\/uploads\/2016\/01\/1DSC_0907-150x100.jpg 150w\" sizes=\"(max-width: 300px) 100vw, 300px\" \/><\/a> <\/span><\/p>\n<p class=\"p1\" style=\"text-align: justify;\"><span class=\"s1\">Le coordinateur a vraiment \u00e9t\u00e9 d&rsquo;une grande aide et tr\u00e8s r\u00e9actif puisqu&rsquo;il a appel\u00e9 un autre chauffeur qui a pu venir me chercher et je suis arriv\u00e9e \u00e0 temps \u00e0 l\u2019a\u00e9roport.<\/span><\/p>\n<p class=\"p1\" style=\"text-align: justify;\"><span class=\"s1\"> Cette exp\u00e9rience n&rsquo;a pas vraiment chang\u00e9 ma vision de voir les choses puisque mes \u00e9tudes me montraient d\u00e9j\u00e0 plus ou moins cet aspect du monde, elle l&rsquo;a n\u00e9anmoins enrichie et \u00ab\u00a0affin\u00e9e\u00a0\u00bb.<a href=\"https:\/\/www.globalong.com\/blog\/wp-content\/uploads\/2016\/01\/DSC_0114.jpg\" rel=\"attachment wp-att-2186\"><img loading=\"lazy\" decoding=\"async\" class=\"size-medium wp-image-2186 aligncenter\" src=\"https:\/\/www.globalong.com\/blog\/wp-content\/uploads\/2016\/01\/DSC_0114-300x200.jpg\" alt=\"DSC_0114\" width=\"300\" height=\"200\" srcset=\"https:\/\/www.globalong.com\/blog\/wp-content\/uploads\/2016\/01\/DSC_0114-300x200.jpg 300w, https:\/\/www.globalong.com\/blog\/wp-content\/uploads\/2016\/01\/DSC_0114-768x512.jpg 768w, https:\/\/www.globalong.com\/blog\/wp-content\/uploads\/2016\/01\/DSC_0114-1024x683.jpg 1024w, https:\/\/www.globalong.com\/blog\/wp-content\/uploads\/2016\/01\/DSC_0114-150x100.jpg 150w\" sizes=\"(max-width: 300px) 100vw, 300px\" \/><\/a> <\/span><\/p>\n<p class=\"p1\" style=\"text-align: justify;\"><span class=\"s1\">En effet, elle m&rsquo;a permis de me conforter dans l&rsquo;id\u00e9e que l&rsquo;action unique n&rsquo;est pas tr\u00e8s utile en soit, c&rsquo;est l&rsquo;avanc\u00e9e ensemble qui fait bouger les choses, ce n&rsquo;est pas l&rsquo;action d&rsquo;un volontaire qui va d\u00e9velopper ce pays mais cela se fait petit \u00e0 petit, par l&rsquo;\u00e9ducation des jeunes, les aides que l&rsquo;on peut apporter du point de vue social, ou juridique. <\/span><\/p>\n<p class=\"p1\" style=\"text-align: justify;\"><span class=\"s1\">On est tous responsable du monde qu&rsquo;on laissera donc autant se rendre utile \u00e0 notre mani\u00e8re, sans pr\u00e9tention ni jugement de valeur, les b\u00e9n\u00e9voles ne sont que des humains parmi leurs semblables qu&rsquo;ils ont d\u00e9cid\u00e9 d&rsquo;aider.<a href=\"https:\/\/www.globalong.com\/blog\/wp-content\/uploads\/2016\/01\/DSC_0131.jpg\" rel=\"attachment wp-att-2287\"><img loading=\"lazy\" decoding=\"async\" class=\"size-medium wp-image-2287 aligncenter\" src=\"https:\/\/www.globalong.com\/blog\/wp-content\/uploads\/2016\/01\/DSC_0131-300x200.jpg\" alt=\"DSC_0131\" width=\"300\" height=\"200\" srcset=\"https:\/\/www.globalong.com\/blog\/wp-content\/uploads\/2016\/01\/DSC_0131-300x200.jpg 300w, https:\/\/www.globalong.com\/blog\/wp-content\/uploads\/2016\/01\/DSC_0131-768x512.jpg 768w, https:\/\/www.globalong.com\/blog\/wp-content\/uploads\/2016\/01\/DSC_0131-1024x683.jpg 1024w, https:\/\/www.globalong.com\/blog\/wp-content\/uploads\/2016\/01\/DSC_0131-150x100.jpg 150w\" sizes=\"(max-width: 300px) 100vw, 300px\" \/><\/a> <\/span><\/p>\n<p class=\"p1\" style=\"text-align: justify;\"><span class=\"s1\">Le retour \u00e0 la maison et au quotidien s&rsquo;est fait sans grande difficult\u00e9 en apparence.<\/span><\/p>\n<p class=\"p1\" style=\"text-align: justify;\"><span class=\"s1\">Ce voyage semblait m\u00eame n&rsquo;\u00eatre qu&rsquo;une parenth\u00e8se enchant\u00e9e,\u00a0et je me retrouvai l\u00e0, au m\u00eame endroit que j&rsquo;avais quitt\u00e9 seulement un mois auparavant. <\/span><\/p>\n<p class=\"p1\" style=\"text-align: justify;\"><span class=\"s1\">Mais dans le fond, ce fut un peu plus compliqu\u00e9, ne pas se lever le matin pour aller travailler, ne plus dire bonjour \u00e0 des amis le matin \u2026 Et surtout, de se dire parfois que le matin nous nous levons un peu pour rien, ou seulement pour nous-m\u00eames. Un changement donc plus inconscient que conscient je pense. <\/span><\/p>\n<p class=\"p1\" style=\"text-align: justify;\"><span class=\"s1\"> Pour moi, Globalong n\u2019a pas d&rsquo;am\u00e9lioration \u00e0 apporter, une organisatrice toujours \u00e0 l\u2019\u00e9coute et pas\u00a0d&rsquo;informations manquantes. Je conseillerai Globalong \u00e0 tout mes amis voulant tenter cette incroyable aventure !<\/span><\/p>\n<p class=\"p1\" style=\"text-align: justify;\"><span class=\"s1\"> Mon conseil : Ne r\u00e9fl\u00e9chissez pas \u00e0 ce que votre voyage pourra \u00eatre, vivez l&rsquo;instant pr\u00e9sent et profitez de ce que vous pouvez offrir et recevoir !<\/span><\/p>\n<p class=\"p1\" style=\"text-align: center;\">Pour d\u00e9couvrir plus de photos du Cambodge, <span style=\"text-decoration: underline;\"><a href=\"https:\/\/www.flickr.com\/photos\/globalong\/albums\/72157639827967953\" target=\"_blank\" rel=\"noopener\">cliquez ici<\/a><\/span> !<\/p>\n<p class=\"p1\" style=\"text-align: center;\">Pour d\u00e9couvrir les programmes au Cambodge <span style=\"text-decoration: underline;\"><a href=\"https:\/\/www.globalong.com\/sejour-benevolat\/benevolat-cambodge-enfants.html\">cliquez ici<\/a><\/span> !<\/p>\n<p class=\"p1\" style=\"text-align: center;\">N&rsquo;h\u00e9sitez pas \u00e0 nous contacter pour plus d&rsquo;informations \u00e0 <span style=\"text-decoration: underline; color: #b81657;\"><a style=\"color: #b81657; text-decoration: underline;\" href=\"mailto:info@globalong.com\">info@globalong.com<\/a><\/span><\/p>\n","protected":false},"excerpt":{"rendered":"<p>T\u00e9moignage d&rsquo;Emilie, b\u00e9n\u00e9vole avec Globalong au Cambodge Je suis partie au Cambodge pendant 4 semaines avec Globalong. Je voulais concr\u00e9tiser mon envie d&rsquo;aider les autres, et me sentir vraiment utile. Je voulais \u00e9galement sortir de mon quotidien, de ce que j&rsquo;avais toujours connu, la vie \u00e0 l&rsquo;occidentale et le confort qu&rsquo;on lui associe. J&rsquo;avais \u00e9galement [&hellip;]<\/p>\n","protected":false},"author":1,"featured_media":919,"parent":883,"menu_order":0,"comment_status":"open","ping_status":"closed","template":"","meta":{"footnotes":""},"yoast_head":"<!-- This site is optimized with the Yoast SEO Premium plugin v23.4 (Yoast SEO v23.4) - https:\/\/yoast.com\/wordpress\/plugins\/seo\/ -->\n<title>Cambodge - Emilie - Association Globalong<\/title>\n<meta name=\"robots\" content=\"index, follow, max-snippet:-1, max-image-preview:large, max-video-preview:-1\" \/>\n<link rel=\"canonical\" href=\"https:\/\/www.globalong.com\/blog\/avis-temoignages-globalong\/emilie-cambodge\/\" \/>\n<meta property=\"og:locale\" content=\"fr_FR\" \/>\n<meta property=\"og:type\" content=\"article\" \/>\n<meta property=\"og:title\" content=\"Cambodge - Emilie\" \/>\n<meta property=\"og:description\" content=\"T\u00e9moignage d&rsquo;Emilie, b\u00e9n\u00e9vole avec Globalong au Cambodge Je suis partie au Cambodge pendant 4 semaines avec Globalong. Je voulais concr\u00e9tiser mon envie d&rsquo;aider les autres, et me sentir vraiment utile. Je voulais \u00e9galement sortir de mon quotidien, de ce que j&rsquo;avais toujours connu, la vie \u00e0 l&rsquo;occidentale et le confort qu&rsquo;on lui associe. J&rsquo;avais \u00e9galement [&hellip;]\" \/>\n<meta property=\"og:url\" content=\"https:\/\/www.globalong.com\/blog\/avis-temoignages-globalong\/emilie-cambodge\/\" \/>\n<meta property=\"og:site_name\" content=\"Association Globalong\" \/>\n<meta property=\"article:publisher\" content=\"https:\/\/www.facebook.com\/globalong\" \/>\n<meta property=\"article:modified_time\" content=\"2022-04-28T16:51:16+00:00\" \/>\n<meta property=\"og:image\" content=\"https:\/\/www.globalong.com\/blog\/wp-content\/uploads\/2016\/01\/DSC_0238-683x1024.jpg\" \/>\n\t<meta property=\"og:image:width\" content=\"683\" \/>\n\t<meta property=\"og:image:height\" content=\"1024\" \/>\n\t<meta property=\"og:image:type\" content=\"image\/jpeg\" \/>\n<meta name=\"twitter:card\" content=\"summary_large_image\" \/>\n<meta name=\"twitter:label1\" content=\"Dur\u00e9e de lecture estim\u00e9e\" \/>\n\t<meta name=\"twitter:data1\" content=\"4 minutes\" \/>\n<script type=\"application\/ld+json\" class=\"yoast-schema-graph\">{\"@context\":\"https:\/\/schema.org\",\"@graph\":[{\"@type\":\"WebPage\",\"@id\":\"https:\/\/www.globalong.com\/blog\/avis-temoignages-globalong\/emilie-cambodge\/\",\"url\":\"https:\/\/www.globalong.com\/blog\/avis-temoignages-globalong\/emilie-cambodge\/\",\"name\":\"Cambodge - Emilie - Association Globalong\",\"isPartOf\":{\"@id\":\"https:\/\/www.globalong.com\/blog\/#website\"},\"primaryImageOfPage\":{\"@id\":\"https:\/\/www.globalong.com\/blog\/avis-temoignages-globalong\/emilie-cambodge\/#primaryimage\"},\"image\":{\"@id\":\"https:\/\/www.globalong.com\/blog\/avis-temoignages-globalong\/emilie-cambodge\/#primaryimage\"},\"thumbnailUrl\":\"https:\/\/www.globalong.com\/blog\/wp-content\/uploads\/2016\/01\/DSC_0238.jpg\",\"datePublished\":\"2016-01-27T15:00:14+00:00\",\"dateModified\":\"2022-04-28T16:51:16+00:00\",\"breadcrumb\":{\"@id\":\"https:\/\/www.globalong.com\/blog\/avis-temoignages-globalong\/emilie-cambodge\/#breadcrumb\"},\"inLanguage\":\"fr-FR\",\"potentialAction\":[{\"@type\":\"ReadAction\",\"target\":[\"https:\/\/www.globalong.com\/blog\/avis-temoignages-globalong\/emilie-cambodge\/\"]}]},{\"@type\":\"ImageObject\",\"inLanguage\":\"fr-FR\",\"@id\":\"https:\/\/www.globalong.com\/blog\/avis-temoignages-globalong\/emilie-cambodge\/#primaryimage\",\"url\":\"https:\/\/www.globalong.com\/blog\/wp-content\/uploads\/2016\/01\/DSC_0238.jpg\",\"contentUrl\":\"https:\/\/www.globalong.com\/blog\/wp-content\/uploads\/2016\/01\/DSC_0238.jpg\",\"width\":3072,\"height\":4608,\"caption\":\"enfants cambodge\"},{\"@type\":\"BreadcrumbList\",\"@id\":\"https:\/\/www.globalong.com\/blog\/avis-temoignages-globalong\/emilie-cambodge\/#breadcrumb\",\"itemListElement\":[{\"@type\":\"ListItem\",\"position\":1,\"name\":\"Accueil\",\"item\":\"https:\/\/www.globalong.com\/blog\/\"},{\"@type\":\"ListItem\",\"position\":2,\"name\":\"T\u00e9moignages et avis de volontaires Globalong\",\"item\":\"https:\/\/www.globalong.com\/blog\/avis-temoignages-globalong\/\"},{\"@type\":\"ListItem\",\"position\":3,\"name\":\"Cambodge &#8211; Emilie\"}]},{\"@type\":\"WebSite\",\"@id\":\"https:\/\/www.globalong.com\/blog\/#website\",\"url\":\"https:\/\/www.globalong.com\/blog\/\",\"name\":\"https:\/\/www.globalong.com\/\",\"description\":\"Mission humanitaire, stage \u00e9tudiant et voyage linguistique\",\"publisher\":{\"@id\":\"https:\/\/www.globalong.com\/blog\/#organization\"},\"potentialAction\":[{\"@type\":\"SearchAction\",\"target\":{\"@type\":\"EntryPoint\",\"urlTemplate\":\"https:\/\/www.globalong.com\/blog\/?s={search_term_string}\"},\"query-input\":{\"@type\":\"PropertyValueSpecification\",\"valueRequired\":true,\"valueName\":\"search_term_string\"}}],\"inLanguage\":\"fr-FR\"},{\"@type\":\"Organization\",\"@id\":\"https:\/\/www.globalong.com\/blog\/#organization\",\"name\":\"Association Globalong\",\"url\":\"https:\/\/www.globalong.com\/blog\/\",\"logo\":{\"@type\":\"ImageObject\",\"inLanguage\":\"fr-FR\",\"@id\":\"https:\/\/www.globalong.com\/blog\/#\/schema\/logo\/image\/\",\"url\":\"https:\/\/www.globalong.com\/blog\/wp-content\/uploads\/2014\/11\/cropped-cropped-Logo-et-Afrique-Globalong-petite-taille-2.jpg\",\"contentUrl\":\"https:\/\/www.globalong.com\/blog\/wp-content\/uploads\/2014\/11\/cropped-cropped-Logo-et-Afrique-Globalong-petite-taille-2.jpg\",\"width\":512,\"height\":512,\"caption\":\"Association Globalong\"},\"image\":{\"@id\":\"https:\/\/www.globalong.com\/blog\/#\/schema\/logo\/image\/\"},\"sameAs\":[\"https:\/\/www.facebook.com\/globalong\"]}]}<\/script>\n<!-- \/ Yoast SEO Premium plugin. -->","yoast_head_json":{"title":"Cambodge - Emilie - Association Globalong","robots":{"index":"index","follow":"follow","max-snippet":"max-snippet:-1","max-image-preview":"max-image-preview:large","max-video-preview":"max-video-preview:-1"},"canonical":"https:\/\/www.globalong.com\/blog\/avis-temoignages-globalong\/emilie-cambodge\/","og_locale":"fr_FR","og_type":"article","og_title":"Cambodge - Emilie","og_description":"T\u00e9moignage d&rsquo;Emilie, b\u00e9n\u00e9vole avec Globalong au Cambodge Je suis partie au Cambodge pendant 4 semaines avec Globalong. Je voulais concr\u00e9tiser mon envie d&rsquo;aider les autres, et me sentir vraiment utile. Je voulais \u00e9galement sortir de mon quotidien, de ce que j&rsquo;avais toujours connu, la vie \u00e0 l&rsquo;occidentale et le confort qu&rsquo;on lui associe. J&rsquo;avais \u00e9galement [&hellip;]","og_url":"https:\/\/www.globalong.com\/blog\/avis-temoignages-globalong\/emilie-cambodge\/","og_site_name":"Association Globalong","article_publisher":"https:\/\/www.facebook.com\/globalong","article_modified_time":"2022-04-28T16:51:16+00:00","og_image":[{"width":683,"height":1024,"url":"https:\/\/www.globalong.com\/blog\/wp-content\/uploads\/2016\/01\/DSC_0238-683x1024.jpg","type":"image\/jpeg"}],"twitter_card":"summary_large_image","twitter_misc":{"Dur\u00e9e de lecture estim\u00e9e":"4 minutes"},"schema":{"@context":"https:\/\/schema.org","@graph":[{"@type":"WebPage","@id":"https:\/\/www.globalong.com\/blog\/avis-temoignages-globalong\/emilie-cambodge\/","url":"https:\/\/www.globalong.com\/blog\/avis-temoignages-globalong\/emilie-cambodge\/","name":"Cambodge - Emilie - Association Globalong","isPartOf":{"@id":"https:\/\/www.globalong.com\/blog\/#website"},"primaryImageOfPage":{"@id":"https:\/\/www.globalong.com\/blog\/avis-temoignages-globalong\/emilie-cambodge\/#primaryimage"},"image":{"@id":"https:\/\/www.globalong.com\/blog\/avis-temoignages-globalong\/emilie-cambodge\/#primaryimage"},"thumbnailUrl":"https:\/\/www.globalong.com\/blog\/wp-content\/uploads\/2016\/01\/DSC_0238.jpg","datePublished":"2016-01-27T15:00:14+00:00","dateModified":"2022-04-28T16:51:16+00:00","breadcrumb":{"@id":"https:\/\/www.globalong.com\/blog\/avis-temoignages-globalong\/emilie-cambodge\/#breadcrumb"},"inLanguage":"fr-FR","potentialAction":[{"@type":"ReadAction","target":["https:\/\/www.globalong.com\/blog\/avis-temoignages-globalong\/emilie-cambodge\/"]}]},{"@type":"ImageObject","inLanguage":"fr-FR","@id":"https:\/\/www.globalong.com\/blog\/avis-temoignages-globalong\/emilie-cambodge\/#primaryimage","url":"https:\/\/www.globalong.com\/blog\/wp-content\/uploads\/2016\/01\/DSC_0238.jpg","contentUrl":"https:\/\/www.globalong.com\/blog\/wp-content\/uploads\/2016\/01\/DSC_0238.jpg","width":3072,"height":4608,"caption":"enfants cambodge"},{"@type":"BreadcrumbList","@id":"https:\/\/www.globalong.com\/blog\/avis-temoignages-globalong\/emilie-cambodge\/#breadcrumb","itemListElement":[{"@type":"ListItem","position":1,"name":"Accueil","item":"https:\/\/www.globalong.com\/blog\/"},{"@type":"ListItem","position":2,"name":"T\u00e9moignages et avis de volontaires Globalong","item":"https:\/\/www.globalong.com\/blog\/avis-temoignages-globalong\/"},{"@type":"ListItem","position":3,"name":"Cambodge &#8211; Emilie"}]},{"@type":"WebSite","@id":"https:\/\/www.globalong.com\/blog\/#website","url":"https:\/\/www.globalong.com\/blog\/","name":"https:\/\/www.globalong.com\/","description":"Mission humanitaire, stage \u00e9tudiant et voyage linguistique","publisher":{"@id":"https:\/\/www.globalong.com\/blog\/#organization"},"potentialAction":[{"@type":"SearchAction","target":{"@type":"EntryPoint","urlTemplate":"https:\/\/www.globalong.com\/blog\/?s={search_term_string}"},"query-input":{"@type":"PropertyValueSpecification","valueRequired":true,"valueName":"search_term_string"}}],"inLanguage":"fr-FR"},{"@type":"Organization","@id":"https:\/\/www.globalong.com\/blog\/#organization","name":"Association Globalong","url":"https:\/\/www.globalong.com\/blog\/","logo":{"@type":"ImageObject","inLanguage":"fr-FR","@id":"https:\/\/www.globalong.com\/blog\/#\/schema\/logo\/image\/","url":"https:\/\/www.globalong.com\/blog\/wp-content\/uploads\/2014\/11\/cropped-cropped-Logo-et-Afrique-Globalong-petite-taille-2.jpg","contentUrl":"https:\/\/www.globalong.com\/blog\/wp-content\/uploads\/2014\/11\/cropped-cropped-Logo-et-Afrique-Globalong-petite-taille-2.jpg","width":512,"height":512,"caption":"Association Globalong"},"image":{"@id":"https:\/\/www.globalong.com\/blog\/#\/schema\/logo\/image\/"},"sameAs":["https:\/\/www.facebook.com\/globalong"]}]}},"_links":{"self":[{"href":"https:\/\/www.globalong.com\/blog\/wp-json\/wp\/v2\/pages\/915"}],"collection":[{"href":"https:\/\/www.globalong.com\/blog\/wp-json\/wp\/v2\/pages"}],"about":[{"href":"https:\/\/www.globalong.com\/blog\/wp-json\/wp\/v2\/types\/page"}],"author":[{"embeddable":true,"href":"https:\/\/www.globalong.com\/blog\/wp-json\/wp\/v2\/users\/1"}],"replies":[{"embeddable":true,"href":"https:\/\/www.globalong.com\/blog\/wp-json\/wp\/v2\/comments?post=915"}],"version-history":[{"count":62,"href":"https:\/\/www.globalong.com\/blog\/wp-json\/wp\/v2\/pages\/915\/revisions"}],"predecessor-version":[{"id":14440,"href":"https:\/\/www.globalong.com\/blog\/wp-json\/wp\/v2\/pages\/915\/revisions\/14440"}],"up":[{"embeddable":true,"href":"https:\/\/www.globalong.com\/blog\/wp-json\/wp\/v2\/pages\/883"}],"wp:featuredmedia":[{"embeddable":true,"href":"https:\/\/www.globalong.com\/blog\/wp-json\/wp\/v2\/media\/919"}],"wp:attachment":[{"href":"https:\/\/www.globalong.com\/blog\/wp-json\/wp\/v2\/media?parent=915"}],"curies":[{"name":"wp","href":"https:\/\/api.w.org\/{rel}","templated":true}]}}