{"id":925,"date":"2016-01-27T16:17:36","date_gmt":"2016-01-27T15:17:36","guid":{"rendered":"https:\/\/www.globalong.com\/blog\/?page_id=925"},"modified":"2022-05-06T08:51:36","modified_gmt":"2022-05-06T06:51:36","slug":"martin-costa-rica","status":"publish","type":"page","link":"https:\/\/www.globalong.com\/blog\/avis-temoignages-globalong\/martin-costa-rica\/","title":{"rendered":"Costa Rica &#8211; Martin"},"content":{"rendered":"<p style=\"text-align: center;\"><span style=\"color: #b81657;\"><strong>T\u00e9moignage de Martin, b\u00e9n\u00e9vole avec Globalong au Costa-Rica<\/strong><\/span><\/p>\n<p style=\"text-align: justify;\"><img loading=\"lazy\" decoding=\"async\" class=\"size-medium wp-image-929 aligncenter\" src=\"https:\/\/www.globalong.com\/blog\/wp-content\/uploads\/2016\/01\/IMG_20150620_174357-300x300.jpg\" alt=\"oiseau Costa Rica\" width=\"300\" height=\"300\" srcset=\"https:\/\/www.globalong.com\/blog\/wp-content\/uploads\/2016\/01\/IMG_20150620_174357-300x300.jpg 300w, https:\/\/www.globalong.com\/blog\/wp-content\/uploads\/2016\/01\/IMG_20150620_174357-150x150.jpg 150w, https:\/\/www.globalong.com\/blog\/wp-content\/uploads\/2016\/01\/IMG_20150620_174357-1024x1024.jpg 1024w, https:\/\/www.globalong.com\/blog\/wp-content\/uploads\/2016\/01\/IMG_20150620_174357.jpg 1080w\" sizes=\"(max-width: 300px) 100vw, 300px\" \/>J&rsquo;ai particip\u00e9 \u00e0 l&rsquo;un des projets de l&rsquo;ONG qui prot\u00e8ge les tortues, et o\u00f9 je faisais des tours de garde la nuit. En r\u00e9sum\u00e9 je reste 3h en face des oeufs de tortues assis dans le noir afin de m&rsquo;assurer que personne, humain ou animal ne s&rsquo;en prenne aux oeufs.<br \/>\nConcernant la base l&rsquo;\u00e9quipement est rudimentaire mais nous \u00e9tions pr\u00e9venus et le d\u00e9cors est dans l&rsquo;ensemble tr\u00e8s agr\u00e9able !<br \/>\nPour revenir sur les 3 premi\u00e8res\u00a0semaines \u00e0 l&rsquo;\u00e9cole de langues tout s&rsquo;est tr\u00e8s bien pass\u00e9, autant avec les autres \u00e9tudiants avec qui j&rsquo;ai pu visiter les volcans et tortuga, qu&rsquo;avec la famille donc avec qui j&rsquo;ai eu de tr\u00e8s bonnes relations, et tout particuli\u00e8rement avec la fraterie. Les adieux ont d&rsquo;ailleurs \u00e9t\u00e9 un peu difficiles !<\/p>\n<p style=\"text-align: justify;\">Durant 9 semaines, o\u00f9 j&rsquo;ai visit\u00e9 l&rsquo;\u00eele tortuga, le volcan de poas, un parc national, plusieurs villes et fait du rafting.<\/p>\n<p style=\"text-align: justify;\"><a href=\"https:\/\/www.globalong.com\/blog\/wp-content\/uploads\/2016\/01\/group.jpg\"><img loading=\"lazy\" decoding=\"async\" class=\"size-medium wp-image-930 aligncenter\" src=\"https:\/\/www.globalong.com\/blog\/wp-content\/uploads\/2016\/01\/group-300x225.jpg\" alt=\"group\" width=\"300\" height=\"225\" srcset=\"https:\/\/www.globalong.com\/blog\/wp-content\/uploads\/2016\/01\/group-300x225.jpg 300w, https:\/\/www.globalong.com\/blog\/wp-content\/uploads\/2016\/01\/group-150x113.jpg 150w, https:\/\/www.globalong.com\/blog\/wp-content\/uploads\/2016\/01\/group.jpg 960w\" sizes=\"(max-width: 300px) 100vw, 300px\" \/><\/a><\/p>\n<p style=\"text-align: justify;\">Que ce soit ma famille d&rsquo;acceuil ou les personnes avec qui j&rsquo;ai travaill\u00e9 dans l&rsquo;association je n&rsquo;ai rencontr\u00e9 pratiquement que des personnes tr\u00e8s agr\u00e9ables et sympatiques. Je garde contact avec certaines d&rsquo;entre elles.<br \/>\nJe devais faire un <span style=\"text-decoration: underline;\"><span style=\"color: #800000; text-decoration: underline;\"><a style=\"color: #800000; text-decoration: underline;\" href=\"https:\/\/www.globalong.com\/stage-etudiant-etranger.html\" target=\"_blank\" rel=\"noopener\">stage a l&rsquo;\u00e9tranger<\/a><\/span><\/span> mais je souhaitais faire autre chose que ce que la plupart des \u00e9l\u00e8ves de mon ecole font, et le volontariat m&rsquo;a sembl\u00e9 une bonne alternative. de plus je souhaitais d\u00e9couvrir un peu plus l&rsquo;am\u00e9rique latine et apprendre l&rsquo;espagnol. Enfin l&rsquo;id\u00e9e d&rsquo;aider a la sauvegarde d&rsquo;une esp\u00e8ce me plaisait beaucoup.<\/p>\n<p style=\"text-align: justify;\"><a href=\"https:\/\/www.globalong.com\/blog\/wp-content\/uploads\/2016\/01\/jeux-1.jpg\" rel=\"attachment wp-att-2298\"><img loading=\"lazy\" decoding=\"async\" class=\"size-medium wp-image-2298 aligncenter\" src=\"https:\/\/www.globalong.com\/blog\/wp-content\/uploads\/2016\/01\/jeux-1-300x225.jpg\" alt=\"jeux (1)\" width=\"300\" height=\"225\" srcset=\"https:\/\/www.globalong.com\/blog\/wp-content\/uploads\/2016\/01\/jeux-1-300x225.jpg 300w, https:\/\/www.globalong.com\/blog\/wp-content\/uploads\/2016\/01\/jeux-1-768x577.jpg 768w, https:\/\/www.globalong.com\/blog\/wp-content\/uploads\/2016\/01\/jeux-1-150x113.jpg 150w, https:\/\/www.globalong.com\/blog\/wp-content\/uploads\/2016\/01\/jeux-1.jpg 852w\" sizes=\"(max-width: 300px) 100vw, 300px\" \/><\/a>La mission de b\u00e9n\u00e9volat dans le parc national s\u2019est bien pass\u00e9 \u00e0 tout point de vue en ce qui concerne les personnes de l&rsquo;association. La vie n&rsquo;est pas toujours facile dans des batiments tr\u00e8s obsol\u00e8tes (fuite des toillettes dans les chambres, fuites du plafond, et par cons\u00e9quent moisisures sur les affaires) mais les responsables sur place essayent d&rsquo;obtenir des fonds pour r\u00e9gler ca. Les repas sont \u00e0 heure fixe (ex pas apr\u00e8s 9h le matin). Hors apr\u00e8s un tour de garde de 3h \u00e0 6 h du matin il est difficile de se lever a 8h.<\/p>\n<p style=\"text-align: justify;\">En dehors de cela, que ce soit les responsables\/encadrants ou les autres b\u00e9n\u00e9voles l&rsquo;etat d&rsquo;esprit etait a l&rsquo;entraide et ce fut en ce qui me concerne une excellente exp\u00e9rience ce qui compense largement les conditions un peu difficiles.<\/p>\n<p style=\"text-align: justify;\"><a href=\"https:\/\/www.globalong.com\/blog\/wp-content\/uploads\/2016\/01\/groupe-arbres.jpg\" rel=\"attachment wp-att-2302\"><img loading=\"lazy\" decoding=\"async\" class=\"size-medium wp-image-2302 aligncenter\" src=\"https:\/\/www.globalong.com\/blog\/wp-content\/uploads\/2016\/01\/groupe-arbres-300x225.jpg\" alt=\"groupe arbres\" width=\"300\" height=\"225\" srcset=\"https:\/\/www.globalong.com\/blog\/wp-content\/uploads\/2016\/01\/groupe-arbres-300x225.jpg 300w, https:\/\/www.globalong.com\/blog\/wp-content\/uploads\/2016\/01\/groupe-arbres-768x577.jpg 768w, https:\/\/www.globalong.com\/blog\/wp-content\/uploads\/2016\/01\/groupe-arbres-150x113.jpg 150w, https:\/\/www.globalong.com\/blog\/wp-content\/uploads\/2016\/01\/groupe-arbres.jpg 852w\" sizes=\"(max-width: 300px) 100vw, 300px\" \/><\/a><\/p>\n<p style=\"text-align: justify;\">Je pense que cette exp\u00e9rience m&rsquo;a appris beaucoup sur l&rsquo;entraide et le fait de donner sans chercher a recevoir. Je n&rsquo;ai ni \u00e9t\u00e9 pay\u00e9 ni mat\u00e9riellement r\u00e9compens\u00e9 pour ce que j&rsquo;ai fait mais j&rsquo;ai aim\u00e9 ce que j&rsquo;ai fait et rencontr\u00e9 des personnnes avec le meme etat d&rsquo;esprit.<\/p>\n<p style=\"text-align: justify;\">En ce qui concerne la mission on se rend compte de l&rsquo;impact et de la n\u00e9gligence humaine concernant l&rsquo;environnement et a quel point il est indispensable de lutter pour la survie de ces esp\u00e8ces, qui repose presque uniquement sur le volontariat.<\/p>\n<p style=\"text-align: justify;\"><a href=\"https:\/\/www.globalong.com\/blog\/wp-content\/uploads\/2016\/01\/Dance.jpg\" rel=\"attachment wp-att-2304\"><img loading=\"lazy\" decoding=\"async\" class=\"size-medium wp-image-2304 aligncenter\" src=\"https:\/\/www.globalong.com\/blog\/wp-content\/uploads\/2016\/01\/Dance-300x225.jpg\" alt=\"Dance\" width=\"300\" height=\"225\" srcset=\"https:\/\/www.globalong.com\/blog\/wp-content\/uploads\/2016\/01\/Dance-300x225.jpg 300w, https:\/\/www.globalong.com\/blog\/wp-content\/uploads\/2016\/01\/Dance-768x576.jpg 768w, https:\/\/www.globalong.com\/blog\/wp-content\/uploads\/2016\/01\/Dance-150x113.jpg 150w, https:\/\/www.globalong.com\/blog\/wp-content\/uploads\/2016\/01\/Dance.jpg 960w\" sizes=\"(max-width: 300px) 100vw, 300px\" \/><\/a><\/p>\n<p style=\"text-align: justify;\">Mes conseils : en ce qui concerne le Costa Rica, pr\u00e9voir des vetements techniques, pour etre couvert de bas en haut, et les faire tremper dans de l&rsquo;insecticide special vetement (les moustiques peuvent piquer \u00e0 travers les vetements). Apporter beaucoup d&rsquo;insecticide pour la peau (et ne jamais oublier d&rsquo;en mettre, j&rsquo;ai eu a deux reprises plus d&rsquo;une centaine de piq\u00fbres sur les pieds apr\u00e8s avoir oubli\u00e9 d&rsquo;en mettre dessus, c&rsquo;est tr\u00e8s douloureux ) Eviter au maximum d&rsquo;apporter des objets de valeurs, les Costa ricains sont en majorit\u00e9 tr\u00e8s gentils, mais les vols restent tr\u00e8s courants, et rentrent parfois de nuit dans les habitations\/hotels pour voler. Beaucoup de volontaires se sont fait avoir. Une fois pr\u00e9venu il suffit de prendre ses pr\u00e9cautions mais c&rsquo;est important de le savoir avant d&rsquo;arriver.<\/p>\n<p style=\"text-align: justify;\"><a href=\"https:\/\/www.globalong.com\/blog\/wp-content\/uploads\/2016\/01\/cuisine.jpg\" rel=\"attachment wp-att-2308\"><img loading=\"lazy\" decoding=\"async\" class=\"size-medium wp-image-2308 aligncenter\" src=\"https:\/\/www.globalong.com\/blog\/wp-content\/uploads\/2016\/01\/cuisine-300x169.jpg\" alt=\"cuisine\" width=\"300\" height=\"169\" srcset=\"https:\/\/www.globalong.com\/blog\/wp-content\/uploads\/2016\/01\/cuisine-300x169.jpg 300w, https:\/\/www.globalong.com\/blog\/wp-content\/uploads\/2016\/01\/cuisine-768x432.jpg 768w, https:\/\/www.globalong.com\/blog\/wp-content\/uploads\/2016\/01\/cuisine-150x84.jpg 150w, https:\/\/www.globalong.com\/blog\/wp-content\/uploads\/2016\/01\/cuisine.jpg 960w\" sizes=\"(max-width: 300px) 100vw, 300px\" \/><\/a><\/p>\n<p style=\"text-align: justify;\">Enfin s&rsquo;assurer des prix a l&rsquo;avance avant de prendre un transport. Le plus simple etant de prendre les taxis officiels qui ne sont pas trop chers et ont un appareils pour le prix comme en France.<\/p>\n<p style=\"text-align: justify;\">Je conseille Globalong, car la gestion avant le voyage c&rsquo;est tr\u00e8s bien pass\u00e9\u00a0!<\/p>\n<p>&nbsp;<\/p>\n<p style=\"text-align: center;\">Pour d\u00e9couvrir plus de photos du Costa Rica, <span style=\"text-decoration: underline;\"><a href=\"https:\/\/www.flickr.com\/photos\/globalong\/albums\/72157639520607094\" target=\"_blank\" rel=\"noopener\">cliquez ici<\/a><\/span> !<\/p>\n<p style=\"text-align: center;\">Pour en savoir plus sur le programme au Costa Rica, <span style=\"text-decoration: underline;\"><a href=\"https:\/\/www.globalong.com\/sejour-langues-et-benevolat\/benevolat-espagnol-costa-rica.html\">cliquez ici<\/a><\/span>\u00a0!<\/p>\n<p style=\"text-align: center;\">N&rsquo;h\u00e9sitez pas \u00e0 nous contacter pour plus d&rsquo;informations \u00e0 <span style=\"text-decoration: underline; color: #b81657;\"><a style=\"color: #b81657; text-decoration: underline;\" href=\"mailto:info@globalong.com\">info@globalong.com<\/a><\/span><\/p>\n<p>&nbsp;<\/p>\n","protected":false},"excerpt":{"rendered":"<p>T\u00e9moignage de Martin, b\u00e9n\u00e9vole avec Globalong au Costa-Rica J&rsquo;ai particip\u00e9 \u00e0 l&rsquo;un des projets de l&rsquo;ONG qui prot\u00e8ge les tortues, et o\u00f9 je faisais des tours de garde la nuit. En r\u00e9sum\u00e9 je reste 3h en face des oeufs de tortues assis dans le noir afin de m&rsquo;assurer que personne, humain ou animal ne s&rsquo;en [&hellip;]<\/p>\n","protected":false},"author":1,"featured_media":928,"parent":883,"menu_order":0,"comment_status":"open","ping_status":"closed","template":"","meta":{"footnotes":""},"yoast_head":"<!-- This site is optimized with the Yoast SEO Premium plugin v23.4 (Yoast SEO v23.4) - https:\/\/yoast.com\/wordpress\/plugins\/seo\/ -->\n<title>Costa Rica - Martin - Association Globalong<\/title>\n<meta name=\"robots\" content=\"index, follow, max-snippet:-1, max-image-preview:large, max-video-preview:-1\" \/>\n<link rel=\"canonical\" href=\"https:\/\/www.globalong.com\/blog\/avis-temoignages-globalong\/martin-costa-rica\/\" \/>\n<meta property=\"og:locale\" content=\"fr_FR\" \/>\n<meta property=\"og:type\" content=\"article\" \/>\n<meta property=\"og:title\" content=\"Costa Rica - Martin\" \/>\n<meta property=\"og:description\" content=\"T\u00e9moignage de Martin, b\u00e9n\u00e9vole avec Globalong au Costa-Rica J&rsquo;ai particip\u00e9 \u00e0 l&rsquo;un des projets de l&rsquo;ONG qui prot\u00e8ge les tortues, et o\u00f9 je faisais des tours de garde la nuit. En r\u00e9sum\u00e9 je reste 3h en face des oeufs de tortues assis dans le noir afin de m&rsquo;assurer que personne, humain ou animal ne s&rsquo;en [&hellip;]\" \/>\n<meta property=\"og:url\" content=\"https:\/\/www.globalong.com\/blog\/avis-temoignages-globalong\/martin-costa-rica\/\" \/>\n<meta property=\"og:site_name\" content=\"Association Globalong\" \/>\n<meta property=\"article:publisher\" content=\"https:\/\/www.facebook.com\/globalong\" \/>\n<meta property=\"article:modified_time\" content=\"2022-05-06T06:51:36+00:00\" \/>\n<meta property=\"og:image\" content=\"https:\/\/www.globalong.com\/blog\/wp-content\/uploads\/2016\/01\/Plantation.jpg\" \/>\n\t<meta property=\"og:image:width\" content=\"206\" \/>\n\t<meta property=\"og:image:height\" content=\"366\" \/>\n\t<meta property=\"og:image:type\" content=\"image\/jpeg\" \/>\n<meta name=\"twitter:card\" content=\"summary_large_image\" \/>\n<meta name=\"twitter:label1\" content=\"Dur\u00e9e de lecture estim\u00e9e\" \/>\n\t<meta name=\"twitter:data1\" content=\"4 minutes\" \/>\n<script type=\"application\/ld+json\" class=\"yoast-schema-graph\">{\"@context\":\"https:\/\/schema.org\",\"@graph\":[{\"@type\":\"WebPage\",\"@id\":\"https:\/\/www.globalong.com\/blog\/avis-temoignages-globalong\/martin-costa-rica\/\",\"url\":\"https:\/\/www.globalong.com\/blog\/avis-temoignages-globalong\/martin-costa-rica\/\",\"name\":\"Costa Rica - Martin - Association Globalong\",\"isPartOf\":{\"@id\":\"https:\/\/www.globalong.com\/blog\/#website\"},\"primaryImageOfPage\":{\"@id\":\"https:\/\/www.globalong.com\/blog\/avis-temoignages-globalong\/martin-costa-rica\/#primaryimage\"},\"image\":{\"@id\":\"https:\/\/www.globalong.com\/blog\/avis-temoignages-globalong\/martin-costa-rica\/#primaryimage\"},\"thumbnailUrl\":\"https:\/\/www.globalong.com\/blog\/wp-content\/uploads\/2016\/01\/Plantation.jpg\",\"datePublished\":\"2016-01-27T15:17:36+00:00\",\"dateModified\":\"2022-05-06T06:51:36+00:00\",\"breadcrumb\":{\"@id\":\"https:\/\/www.globalong.com\/blog\/avis-temoignages-globalong\/martin-costa-rica\/#breadcrumb\"},\"inLanguage\":\"fr-FR\",\"potentialAction\":[{\"@type\":\"ReadAction\",\"target\":[\"https:\/\/www.globalong.com\/blog\/avis-temoignages-globalong\/martin-costa-rica\/\"]}]},{\"@type\":\"ImageObject\",\"inLanguage\":\"fr-FR\",\"@id\":\"https:\/\/www.globalong.com\/blog\/avis-temoignages-globalong\/martin-costa-rica\/#primaryimage\",\"url\":\"https:\/\/www.globalong.com\/blog\/wp-content\/uploads\/2016\/01\/Plantation.jpg\",\"contentUrl\":\"https:\/\/www.globalong.com\/blog\/wp-content\/uploads\/2016\/01\/Plantation.jpg\",\"width\":206,\"height\":366},{\"@type\":\"BreadcrumbList\",\"@id\":\"https:\/\/www.globalong.com\/blog\/avis-temoignages-globalong\/martin-costa-rica\/#breadcrumb\",\"itemListElement\":[{\"@type\":\"ListItem\",\"position\":1,\"name\":\"Accueil\",\"item\":\"https:\/\/www.globalong.com\/blog\/\"},{\"@type\":\"ListItem\",\"position\":2,\"name\":\"T\u00e9moignages et avis de volontaires Globalong\",\"item\":\"https:\/\/www.globalong.com\/blog\/avis-temoignages-globalong\/\"},{\"@type\":\"ListItem\",\"position\":3,\"name\":\"Costa Rica &#8211; Martin\"}]},{\"@type\":\"WebSite\",\"@id\":\"https:\/\/www.globalong.com\/blog\/#website\",\"url\":\"https:\/\/www.globalong.com\/blog\/\",\"name\":\"https:\/\/www.globalong.com\/\",\"description\":\"Mission humanitaire, stage \u00e9tudiant et voyage linguistique\",\"publisher\":{\"@id\":\"https:\/\/www.globalong.com\/blog\/#organization\"},\"potentialAction\":[{\"@type\":\"SearchAction\",\"target\":{\"@type\":\"EntryPoint\",\"urlTemplate\":\"https:\/\/www.globalong.com\/blog\/?s={search_term_string}\"},\"query-input\":{\"@type\":\"PropertyValueSpecification\",\"valueRequired\":true,\"valueName\":\"search_term_string\"}}],\"inLanguage\":\"fr-FR\"},{\"@type\":\"Organization\",\"@id\":\"https:\/\/www.globalong.com\/blog\/#organization\",\"name\":\"Association Globalong\",\"url\":\"https:\/\/www.globalong.com\/blog\/\",\"logo\":{\"@type\":\"ImageObject\",\"inLanguage\":\"fr-FR\",\"@id\":\"https:\/\/www.globalong.com\/blog\/#\/schema\/logo\/image\/\",\"url\":\"https:\/\/www.globalong.com\/blog\/wp-content\/uploads\/2014\/11\/cropped-cropped-Logo-et-Afrique-Globalong-petite-taille-2.jpg\",\"contentUrl\":\"https:\/\/www.globalong.com\/blog\/wp-content\/uploads\/2014\/11\/cropped-cropped-Logo-et-Afrique-Globalong-petite-taille-2.jpg\",\"width\":512,\"height\":512,\"caption\":\"Association Globalong\"},\"image\":{\"@id\":\"https:\/\/www.globalong.com\/blog\/#\/schema\/logo\/image\/\"},\"sameAs\":[\"https:\/\/www.facebook.com\/globalong\"]}]}<\/script>\n<!-- \/ Yoast SEO Premium plugin. -->","yoast_head_json":{"title":"Costa Rica - Martin - Association Globalong","robots":{"index":"index","follow":"follow","max-snippet":"max-snippet:-1","max-image-preview":"max-image-preview:large","max-video-preview":"max-video-preview:-1"},"canonical":"https:\/\/www.globalong.com\/blog\/avis-temoignages-globalong\/martin-costa-rica\/","og_locale":"fr_FR","og_type":"article","og_title":"Costa Rica - Martin","og_description":"T\u00e9moignage de Martin, b\u00e9n\u00e9vole avec Globalong au Costa-Rica J&rsquo;ai particip\u00e9 \u00e0 l&rsquo;un des projets de l&rsquo;ONG qui prot\u00e8ge les tortues, et o\u00f9 je faisais des tours de garde la nuit. En r\u00e9sum\u00e9 je reste 3h en face des oeufs de tortues assis dans le noir afin de m&rsquo;assurer que personne, humain ou animal ne s&rsquo;en [&hellip;]","og_url":"https:\/\/www.globalong.com\/blog\/avis-temoignages-globalong\/martin-costa-rica\/","og_site_name":"Association Globalong","article_publisher":"https:\/\/www.facebook.com\/globalong","article_modified_time":"2022-05-06T06:51:36+00:00","og_image":[{"width":206,"height":366,"url":"https:\/\/www.globalong.com\/blog\/wp-content\/uploads\/2016\/01\/Plantation.jpg","type":"image\/jpeg"}],"twitter_card":"summary_large_image","twitter_misc":{"Dur\u00e9e de lecture estim\u00e9e":"4 minutes"},"schema":{"@context":"https:\/\/schema.org","@graph":[{"@type":"WebPage","@id":"https:\/\/www.globalong.com\/blog\/avis-temoignages-globalong\/martin-costa-rica\/","url":"https:\/\/www.globalong.com\/blog\/avis-temoignages-globalong\/martin-costa-rica\/","name":"Costa Rica - Martin - Association Globalong","isPartOf":{"@id":"https:\/\/www.globalong.com\/blog\/#website"},"primaryImageOfPage":{"@id":"https:\/\/www.globalong.com\/blog\/avis-temoignages-globalong\/martin-costa-rica\/#primaryimage"},"image":{"@id":"https:\/\/www.globalong.com\/blog\/avis-temoignages-globalong\/martin-costa-rica\/#primaryimage"},"thumbnailUrl":"https:\/\/www.globalong.com\/blog\/wp-content\/uploads\/2016\/01\/Plantation.jpg","datePublished":"2016-01-27T15:17:36+00:00","dateModified":"2022-05-06T06:51:36+00:00","breadcrumb":{"@id":"https:\/\/www.globalong.com\/blog\/avis-temoignages-globalong\/martin-costa-rica\/#breadcrumb"},"inLanguage":"fr-FR","potentialAction":[{"@type":"ReadAction","target":["https:\/\/www.globalong.com\/blog\/avis-temoignages-globalong\/martin-costa-rica\/"]}]},{"@type":"ImageObject","inLanguage":"fr-FR","@id":"https:\/\/www.globalong.com\/blog\/avis-temoignages-globalong\/martin-costa-rica\/#primaryimage","url":"https:\/\/www.globalong.com\/blog\/wp-content\/uploads\/2016\/01\/Plantation.jpg","contentUrl":"https:\/\/www.globalong.com\/blog\/wp-content\/uploads\/2016\/01\/Plantation.jpg","width":206,"height":366},{"@type":"BreadcrumbList","@id":"https:\/\/www.globalong.com\/blog\/avis-temoignages-globalong\/martin-costa-rica\/#breadcrumb","itemListElement":[{"@type":"ListItem","position":1,"name":"Accueil","item":"https:\/\/www.globalong.com\/blog\/"},{"@type":"ListItem","position":2,"name":"T\u00e9moignages et avis de volontaires Globalong","item":"https:\/\/www.globalong.com\/blog\/avis-temoignages-globalong\/"},{"@type":"ListItem","position":3,"name":"Costa Rica &#8211; Martin"}]},{"@type":"WebSite","@id":"https:\/\/www.globalong.com\/blog\/#website","url":"https:\/\/www.globalong.com\/blog\/","name":"https:\/\/www.globalong.com\/","description":"Mission humanitaire, stage \u00e9tudiant et voyage linguistique","publisher":{"@id":"https:\/\/www.globalong.com\/blog\/#organization"},"potentialAction":[{"@type":"SearchAction","target":{"@type":"EntryPoint","urlTemplate":"https:\/\/www.globalong.com\/blog\/?s={search_term_string}"},"query-input":{"@type":"PropertyValueSpecification","valueRequired":true,"valueName":"search_term_string"}}],"inLanguage":"fr-FR"},{"@type":"Organization","@id":"https:\/\/www.globalong.com\/blog\/#organization","name":"Association Globalong","url":"https:\/\/www.globalong.com\/blog\/","logo":{"@type":"ImageObject","inLanguage":"fr-FR","@id":"https:\/\/www.globalong.com\/blog\/#\/schema\/logo\/image\/","url":"https:\/\/www.globalong.com\/blog\/wp-content\/uploads\/2014\/11\/cropped-cropped-Logo-et-Afrique-Globalong-petite-taille-2.jpg","contentUrl":"https:\/\/www.globalong.com\/blog\/wp-content\/uploads\/2014\/11\/cropped-cropped-Logo-et-Afrique-Globalong-petite-taille-2.jpg","width":512,"height":512,"caption":"Association Globalong"},"image":{"@id":"https:\/\/www.globalong.com\/blog\/#\/schema\/logo\/image\/"},"sameAs":["https:\/\/www.facebook.com\/globalong"]}]}},"_links":{"self":[{"href":"https:\/\/www.globalong.com\/blog\/wp-json\/wp\/v2\/pages\/925"}],"collection":[{"href":"https:\/\/www.globalong.com\/blog\/wp-json\/wp\/v2\/pages"}],"about":[{"href":"https:\/\/www.globalong.com\/blog\/wp-json\/wp\/v2\/types\/page"}],"author":[{"embeddable":true,"href":"https:\/\/www.globalong.com\/blog\/wp-json\/wp\/v2\/users\/1"}],"replies":[{"embeddable":true,"href":"https:\/\/www.globalong.com\/blog\/wp-json\/wp\/v2\/comments?post=925"}],"version-history":[{"count":24,"href":"https:\/\/www.globalong.com\/blog\/wp-json\/wp\/v2\/pages\/925\/revisions"}],"predecessor-version":[{"id":14471,"href":"https:\/\/www.globalong.com\/blog\/wp-json\/wp\/v2\/pages\/925\/revisions\/14471"}],"up":[{"embeddable":true,"href":"https:\/\/www.globalong.com\/blog\/wp-json\/wp\/v2\/pages\/883"}],"wp:featuredmedia":[{"embeddable":true,"href":"https:\/\/www.globalong.com\/blog\/wp-json\/wp\/v2\/media\/928"}],"wp:attachment":[{"href":"https:\/\/www.globalong.com\/blog\/wp-json\/wp\/v2\/media?parent=925"}],"curies":[{"name":"wp","href":"https:\/\/api.w.org\/{rel}","templated":true}]}}