{"id":995,"date":"2016-02-22T14:12:38","date_gmt":"2016-02-22T13:12:38","guid":{"rendered":"https:\/\/www.globalong.com\/blog\/?page_id=995"},"modified":"2022-05-13T17:46:13","modified_gmt":"2022-05-13T15:46:13","slug":"safari-5j-dans-les-parcs-nationaux-en-tanzanie","status":"publish","type":"page","link":"https:\/\/www.globalong.com\/blog\/treks-safaris-et-excursions\/safari-5j-dans-les-parcs-nationaux-en-tanzanie\/","title":{"rendered":"Safari 5j dans les parcs nationaux en Tanzanie"},"content":{"rendered":"<p style=\"text-align: center;\"><strong><span style=\"color: #b81657;\">Embarquez pour un safari 4&#215;4 \u00e0 la d\u00e9couverte des plus beaux paysages et capturez des instants inoubliables\u00a0!<\/span><\/strong><\/p>\n<p style=\"text-align: justify;\"><img loading=\"lazy\" decoding=\"async\" class=\"size-medium wp-image-996 aligncenter\" src=\"https:\/\/www.globalong.com\/blog\/wp-content\/uploads\/2016\/02\/DSCF1629-300x225.jpg\" alt=\"DSCF1629\" width=\"300\" height=\"225\" srcset=\"https:\/\/www.globalong.com\/blog\/wp-content\/uploads\/2016\/02\/DSCF1629-300x225.jpg 300w, https:\/\/www.globalong.com\/blog\/wp-content\/uploads\/2016\/02\/DSCF1629-1024x768.jpg 1024w, https:\/\/www.globalong.com\/blog\/wp-content\/uploads\/2016\/02\/DSCF1629-150x113.jpg 150w\" sizes=\"(max-width: 300px) 100vw, 300px\" \/><strong>Accompagn\u00e9\u00a0d\u2019un conducteur exp\u00e9riment\u00e9 et d\u2019un guide professionnel passionn\u00e9,<\/strong> partez \u00e0 la rencontre de nombreuses esp\u00e8ces animales <strong>(les lions, les z\u00e8bres, les girafes, les \u00e9l\u00e9phants, les gazelles, ou encore les hippopotames).<\/strong><\/p>\n<p style=\"text-align: justify;\">Les for\u00eats de baobabs, la jungle, la savane et les grandes \u00e9tendues d\u00e9sertiques sont autant de merveilles \u00e0 d\u00e9couvrir et vous laisseront sans voix !<\/p>\n<p style=\"text-align: justify;\"><strong>\u00a0<\/strong><\/p>\n<p style=\"text-align: justify;\"><span style=\"color: #b81657;\"><strong>Jour 1\u00a0: Le Parc National de Manyara:<\/strong><\/span><\/p>\n<p style=\"text-align: justify;\"><img loading=\"lazy\" decoding=\"async\" class=\"size-medium wp-image-997 aligncenter\" src=\"https:\/\/www.globalong.com\/blog\/wp-content\/uploads\/2016\/02\/DSCF1560-300x225.jpg\" alt=\"DSCF1560\" width=\"300\" height=\"225\" srcset=\"https:\/\/www.globalong.com\/blog\/wp-content\/uploads\/2016\/02\/DSCF1560-300x225.jpg 300w, https:\/\/www.globalong.com\/blog\/wp-content\/uploads\/2016\/02\/DSCF1560-1024x768.jpg 1024w, https:\/\/www.globalong.com\/blog\/wp-content\/uploads\/2016\/02\/DSCF1560-150x113.jpg 150w\" sizes=\"(max-width: 300px) 100vw, 300px\" \/><strong>Vous partirez de la maison des volontaires d\u2019Arusha<\/strong> en direction du <strong>lac Manyara,<\/strong> consid\u00e9r\u00e9 comme un des plus beaux d\u2019Afrique, que vous atteindrez dans la matin\u00e9e.<\/p>\n<p style=\"text-align: justify;\">Ouvrez l\u2019\u0153il\u00a0! <strong>400 esp\u00e8ces animales<\/strong> ont \u00e9t\u00e9 enregistr\u00e9es dans le parc Manyara et vous aurez peut-\u00eatre la chance d\u2019observer des babouins, des hippopotames et m\u00eame des girafes\u00a0!<\/p>\n<p style=\"text-align: justify;\">D\u00eener et nuit en tente.<\/p>\n<p style=\"text-align: justify;\"><span style=\"color: #b81657;\"><strong>Jour 2\u00a0: Le Parc National de Serengeti:<\/strong><\/span><\/p>\n<p style=\"text-align: justify;\">Apr\u00e8s le petit-d\u00e9jeuner vers 7h30, <img loading=\"lazy\" decoding=\"async\" class=\"size-medium wp-image-998 aligncenter\" src=\"https:\/\/www.globalong.com\/blog\/wp-content\/uploads\/2016\/02\/DSCF1702-300x225.jpg\" alt=\"DSCF1702\" width=\"300\" height=\"225\" srcset=\"https:\/\/www.globalong.com\/blog\/wp-content\/uploads\/2016\/02\/DSCF1702-300x225.jpg 300w, https:\/\/www.globalong.com\/blog\/wp-content\/uploads\/2016\/02\/DSCF1702-1024x768.jpg 1024w, https:\/\/www.globalong.com\/blog\/wp-content\/uploads\/2016\/02\/DSCF1702-150x113.jpg 150w\" sizes=\"(max-width: 300px) 100vw, 300px\" \/>vous prendrez la route en direction du <strong>parc national de Serengeti\u00a0<\/strong>pour y passer la journ\u00e9e.<\/p>\n<p style=\"text-align: justify;\">D\u00eener et nuit en tente.<\/p>\n<p style=\"text-align: justify;\"><strong><span style=\"color: #b81657;\">Jour 3\u00a0: Ngorongoro:<\/span><br \/>\n<\/strong><\/p>\n<p style=\"text-align: justify;\">T\u00f4t dans la matin\u00e9e pour pourrez observer le lever du soleil\u00a0sur le parc national de Serengeti qui est un moment inoubliable.<\/p>\n<p style=\"text-align: justify;\">Puis, apr\u00e8s un brunch, vous prendrez la route vers <strong>Ngorongoro<\/strong> o\u00f9 vous passerez le reste de la journ\u00e9e. D\u00eener et nuit en tente.<\/p>\n<p style=\"text-align: justify;\"><span style=\"color: #b81657;\"><strong><img loading=\"lazy\" decoding=\"async\" class=\"wp-image-999 aligncenter\" src=\"https:\/\/www.globalong.com\/blog\/wp-content\/uploads\/2016\/02\/2013-12-06-08.09.19-225x300.jpg\" alt=\"2013-12-06 08.09.19\" width=\"300\" height=\"400\" srcset=\"https:\/\/www.globalong.com\/blog\/wp-content\/uploads\/2016\/02\/2013-12-06-08.09.19-225x300.jpg 225w, https:\/\/www.globalong.com\/blog\/wp-content\/uploads\/2016\/02\/2013-12-06-08.09.19-768x1024.jpg 768w, https:\/\/www.globalong.com\/blog\/wp-content\/uploads\/2016\/02\/2013-12-06-08.09.19-113x150.jpg 113w\" sizes=\"(max-width: 300px) 100vw, 300px\" \/>Jour 4\u00a0: Le crat\u00e8re de Ngorongoro et Tarangire:<\/strong><\/span><\/p>\n<p style=\"text-align: justify;\">Apr\u00e8s le petit-d\u00e9jeuner vers 7h vous partirez \u00e0 la d\u00e9couverte du crat\u00e8re d\u2019environ 20km de diam\u00e8tre de\u00a0<strong>Ngorongoro,<\/strong> class\u00e9 au patrimoine mondial de l\u2019Unesco. <strong>Vous y d\u00e9couvrirez une biodiversit\u00e9 unique<\/strong> o\u00f9 se c\u00f4toient entre autre des hippopotames, des buffles, des flamants roses, des gnous et plus de 400 esp\u00e8ces d\u2019oiseaux. Vous y passerez une bonne partie de la journ\u00e9e.<\/p>\n<p style=\"text-align: justify;\">D\u00eener et nuit en tente.<\/p>\n<p style=\"text-align: justify;\"><span style=\"color: #b81657;\"><strong>Jour 5\u00a0: De Tarangire \u00e0 Arusha:<\/strong><\/span><\/p>\n<p style=\"text-align: justify;\">Apr\u00e8s le petit-d\u00e9jeuner, vous prendrez le chemin du retour vers <strong>Arusha<\/strong> en passant par le <strong>parc national de Tarangire.<\/strong><\/p>\n<p style=\"text-align: justify;\"><strong>Tarif pour nos b\u00e9n\u00e9voles : 975\u20ac\/personne.\u00a0<\/strong><\/p>\n<p style=\"text-align: justify;\"><strong><span style=\"color: #b81657;\">Inclus:<\/span><\/strong><\/p>\n<ul style=\"text-align: justify;\">\n<li>H\u00e9bergement<\/li>\n<li>Pension compl\u00e8te<\/li>\n<li>Transport en 4&#215;4<\/li>\n<li>Les taxes d\u2019entr\u00e9es dans les parcs nationaux<a href=\"https:\/\/www.globalong.com\/blog\/wp-content\/uploads\/2015\/12\/White_Lion_Project_3.jpg\" rel=\"attachment wp-att-2372\"><img loading=\"lazy\" decoding=\"async\" class=\"size-medium wp-image-2372 aligncenter\" src=\"https:\/\/www.globalong.com\/blog\/wp-content\/uploads\/2015\/12\/White_Lion_Project_3-300x225.jpg\" alt=\"Lion blanc en Afrique du Sud Avec Globalong\" width=\"300\" height=\"225\" srcset=\"https:\/\/www.globalong.com\/blog\/wp-content\/uploads\/2015\/12\/White_Lion_Project_3-300x225.jpg 300w, https:\/\/www.globalong.com\/blog\/wp-content\/uploads\/2015\/12\/White_Lion_Project_3-768x576.jpg 768w, https:\/\/www.globalong.com\/blog\/wp-content\/uploads\/2015\/12\/White_Lion_Project_3-1024x768.jpg 1024w, https:\/\/www.globalong.com\/blog\/wp-content\/uploads\/2015\/12\/White_Lion_Project_3-150x113.jpg 150w\" sizes=\"(max-width: 300px) 100vw, 300px\" \/><\/a><\/li>\n<li>Guides pendant toute la dur\u00e9e du safari<\/li>\n<li>Chauffeur confirm\u00e9 pendant toute la dur\u00e9e du safari<\/li>\n<li>Activit\u00e9s pr\u00e9vues au programme<\/li>\n<li>1,5L d\u2019eau par jour et par personne<\/li>\n<\/ul>\n<p style=\"text-align: justify;\"><span style=\"color: #b81657;\"><strong>Non-inclus:<\/strong><\/span><\/p>\n<ul style=\"text-align: justify;\">\n<li>Transport a\u00e9rien aller-retour vers la Tanzanie (<span style=\"text-decoration: underline; color: #b81657;\"><a style=\"color: #b81657; text-decoration: underline;\" href=\"https:\/\/www.globalong.com\/liens-utiles.html\" target=\"_blank\" rel=\"noopener noreferrer\">notre comparateur de vols<\/a><\/span>)<\/li>\n<li>Assurance voyage (obligatoire) et annulation (<span style=\"text-decoration: underline; color: #b81657;\"><a style=\"color: #b81657; text-decoration: underline;\" href=\"http:\/\/www.mondial-assistance.fr\/content\/3\/fr\/assurance-voyage\/vacances\/?affiliationCode=252628\" target=\"_blank\" rel=\"noopener noreferrer\">cliquez ici pour faire un devis gratuit<\/a><\/span>)<\/li>\n<li>Frais de blanchisserie<\/li>\n<li>Frais de visa<\/li>\n<li>D\u00e9penses personnelles<\/li>\n<li>Les pourboires (\u00e9ventuels) pour les accompagnateurs<\/li>\n<\/ul>\n<p>Pour plus d&rsquo;informations sur les missions de b\u00e9n\u00e9volat en Tanzanie, n&rsquo;h\u00e9sitez pas \u00e0 nous contacter \u00e0 l&rsquo;adresse <span style=\"text-decoration: underline;\"><span style=\"color: #b81657;\"><a style=\"color: #b81657; text-decoration: underline;\" href=\"mailto:info@globalong.com\">info@globalong.com<\/a><\/span><\/span><\/p>\n<p>Vous pouvez aussi <span style=\"text-decoration: underline;\"><span style=\"color: #b81657;\"><a style=\"color: #b81657; text-decoration: underline;\" href=\"https:\/\/www.globalong.com\/sejour-benevolat\/benevolat-tanzanie-missions-humanitaire.html\" target=\"_blank\" rel=\"noopener noreferrer\">consulter les missions de b\u00e9n\u00e9volat<\/a><\/span><\/span> propos\u00e9es en Tanzanie<\/p>\n<p>Envie de voir plus de photos ? <span style=\"text-decoration: underline; color: #b81657;\"><span style=\"text-decoration: underline;\"><a style=\"color: #b81657; text-decoration: underline;\" href=\"https:\/\/www.flickr.com\/photos\/globalong\/albums\/72157639806762096\" target=\"_blank\" rel=\"noopener noreferrer\">Consultez notre album photo de la Tanzanie<\/a><\/span><\/span><\/p>\n","protected":false},"excerpt":{"rendered":"<p>Embarquez pour un safari 4&#215;4 \u00e0 la d\u00e9couverte des plus beaux paysages et capturez des instants inoubliables\u00a0! Accompagn\u00e9\u00a0d\u2019un conducteur exp\u00e9riment\u00e9 et d\u2019un guide professionnel passionn\u00e9, partez \u00e0 la rencontre de nombreuses esp\u00e8ces animales (les lions, les z\u00e8bres, les girafes, les \u00e9l\u00e9phants, les gazelles, ou encore les hippopotames). Les for\u00eats de baobabs, la jungle, la savane [&hellip;]<\/p>\n","protected":false},"author":3,"featured_media":997,"parent":627,"menu_order":0,"comment_status":"closed","ping_status":"closed","template":"","meta":{"footnotes":""},"yoast_head":"<!-- This site is optimized with the Yoast SEO Premium plugin v23.4 (Yoast SEO v23.4) - https:\/\/yoast.com\/wordpress\/plugins\/seo\/ -->\n<title>Safari 5j dans les parcs nationaux en Tanzanie - Association Globalong<\/title>\n<meta name=\"robots\" content=\"index, follow, max-snippet:-1, max-image-preview:large, max-video-preview:-1\" \/>\n<link rel=\"canonical\" href=\"https:\/\/www.globalong.com\/blog\/treks-safaris-et-excursions\/safari-5j-dans-les-parcs-nationaux-en-tanzanie\/\" \/>\n<meta property=\"og:locale\" content=\"fr_FR\" \/>\n<meta property=\"og:type\" content=\"article\" \/>\n<meta property=\"og:title\" content=\"Safari 5j dans les parcs nationaux en Tanzanie\" \/>\n<meta property=\"og:description\" content=\"Embarquez pour un safari 4&#215;4 \u00e0 la d\u00e9couverte des plus beaux paysages et capturez des instants inoubliables\u00a0! Accompagn\u00e9\u00a0d\u2019un conducteur exp\u00e9riment\u00e9 et d\u2019un guide professionnel passionn\u00e9, partez \u00e0 la rencontre de nombreuses esp\u00e8ces animales (les lions, les z\u00e8bres, les girafes, les \u00e9l\u00e9phants, les gazelles, ou encore les hippopotames). Les for\u00eats de baobabs, la jungle, la savane [&hellip;]\" \/>\n<meta property=\"og:url\" content=\"https:\/\/www.globalong.com\/blog\/treks-safaris-et-excursions\/safari-5j-dans-les-parcs-nationaux-en-tanzanie\/\" \/>\n<meta property=\"og:site_name\" content=\"Association Globalong\" \/>\n<meta property=\"article:publisher\" content=\"https:\/\/www.facebook.com\/globalong\" \/>\n<meta property=\"article:modified_time\" content=\"2022-05-13T15:46:13+00:00\" \/>\n<meta property=\"og:image\" content=\"https:\/\/www.globalong.com\/blog\/wp-content\/uploads\/2016\/02\/DSCF1560-1024x768.jpg\" \/>\n\t<meta property=\"og:image:width\" content=\"1024\" \/>\n\t<meta property=\"og:image:height\" content=\"768\" \/>\n\t<meta property=\"og:image:type\" content=\"image\/jpeg\" \/>\n<meta name=\"twitter:card\" content=\"summary_large_image\" \/>\n<meta name=\"twitter:label1\" content=\"Dur\u00e9e de lecture estim\u00e9e\" \/>\n\t<meta name=\"twitter:data1\" content=\"2 minutes\" \/>\n<script type=\"application\/ld+json\" class=\"yoast-schema-graph\">{\"@context\":\"https:\/\/schema.org\",\"@graph\":[{\"@type\":\"WebPage\",\"@id\":\"https:\/\/www.globalong.com\/blog\/treks-safaris-et-excursions\/safari-5j-dans-les-parcs-nationaux-en-tanzanie\/\",\"url\":\"https:\/\/www.globalong.com\/blog\/treks-safaris-et-excursions\/safari-5j-dans-les-parcs-nationaux-en-tanzanie\/\",\"name\":\"Safari 5j dans les parcs nationaux en Tanzanie - Association Globalong\",\"isPartOf\":{\"@id\":\"https:\/\/www.globalong.com\/blog\/#website\"},\"primaryImageOfPage\":{\"@id\":\"https:\/\/www.globalong.com\/blog\/treks-safaris-et-excursions\/safari-5j-dans-les-parcs-nationaux-en-tanzanie\/#primaryimage\"},\"image\":{\"@id\":\"https:\/\/www.globalong.com\/blog\/treks-safaris-et-excursions\/safari-5j-dans-les-parcs-nationaux-en-tanzanie\/#primaryimage\"},\"thumbnailUrl\":\"https:\/\/www.globalong.com\/blog\/wp-content\/uploads\/2016\/02\/DSCF1560.jpg\",\"datePublished\":\"2016-02-22T13:12:38+00:00\",\"dateModified\":\"2022-05-13T15:46:13+00:00\",\"breadcrumb\":{\"@id\":\"https:\/\/www.globalong.com\/blog\/treks-safaris-et-excursions\/safari-5j-dans-les-parcs-nationaux-en-tanzanie\/#breadcrumb\"},\"inLanguage\":\"fr-FR\",\"potentialAction\":[{\"@type\":\"ReadAction\",\"target\":[\"https:\/\/www.globalong.com\/blog\/treks-safaris-et-excursions\/safari-5j-dans-les-parcs-nationaux-en-tanzanie\/\"]}]},{\"@type\":\"ImageObject\",\"inLanguage\":\"fr-FR\",\"@id\":\"https:\/\/www.globalong.com\/blog\/treks-safaris-et-excursions\/safari-5j-dans-les-parcs-nationaux-en-tanzanie\/#primaryimage\",\"url\":\"https:\/\/www.globalong.com\/blog\/wp-content\/uploads\/2016\/02\/DSCF1560.jpg\",\"contentUrl\":\"https:\/\/www.globalong.com\/blog\/wp-content\/uploads\/2016\/02\/DSCF1560.jpg\",\"width\":4608,\"height\":3456},{\"@type\":\"BreadcrumbList\",\"@id\":\"https:\/\/www.globalong.com\/blog\/treks-safaris-et-excursions\/safari-5j-dans-les-parcs-nationaux-en-tanzanie\/#breadcrumb\",\"itemListElement\":[{\"@type\":\"ListItem\",\"position\":1,\"name\":\"Accueil\",\"item\":\"https:\/\/www.globalong.com\/blog\/\"},{\"@type\":\"ListItem\",\"position\":2,\"name\":\"Treks, safaris et excursions\",\"item\":\"https:\/\/www.globalong.com\/blog\/treks-safaris-et-excursions\/\"},{\"@type\":\"ListItem\",\"position\":3,\"name\":\"Safari 5j dans les parcs nationaux en Tanzanie\"}]},{\"@type\":\"WebSite\",\"@id\":\"https:\/\/www.globalong.com\/blog\/#website\",\"url\":\"https:\/\/www.globalong.com\/blog\/\",\"name\":\"https:\/\/www.globalong.com\/\",\"description\":\"Mission humanitaire, stage \u00e9tudiant et voyage linguistique\",\"publisher\":{\"@id\":\"https:\/\/www.globalong.com\/blog\/#organization\"},\"potentialAction\":[{\"@type\":\"SearchAction\",\"target\":{\"@type\":\"EntryPoint\",\"urlTemplate\":\"https:\/\/www.globalong.com\/blog\/?s={search_term_string}\"},\"query-input\":{\"@type\":\"PropertyValueSpecification\",\"valueRequired\":true,\"valueName\":\"search_term_string\"}}],\"inLanguage\":\"fr-FR\"},{\"@type\":\"Organization\",\"@id\":\"https:\/\/www.globalong.com\/blog\/#organization\",\"name\":\"Association Globalong\",\"url\":\"https:\/\/www.globalong.com\/blog\/\",\"logo\":{\"@type\":\"ImageObject\",\"inLanguage\":\"fr-FR\",\"@id\":\"https:\/\/www.globalong.com\/blog\/#\/schema\/logo\/image\/\",\"url\":\"https:\/\/www.globalong.com\/blog\/wp-content\/uploads\/2014\/11\/cropped-cropped-Logo-et-Afrique-Globalong-petite-taille-2.jpg\",\"contentUrl\":\"https:\/\/www.globalong.com\/blog\/wp-content\/uploads\/2014\/11\/cropped-cropped-Logo-et-Afrique-Globalong-petite-taille-2.jpg\",\"width\":512,\"height\":512,\"caption\":\"Association Globalong\"},\"image\":{\"@id\":\"https:\/\/www.globalong.com\/blog\/#\/schema\/logo\/image\/\"},\"sameAs\":[\"https:\/\/www.facebook.com\/globalong\"]}]}<\/script>\n<!-- \/ Yoast SEO Premium plugin. -->","yoast_head_json":{"title":"Safari 5j dans les parcs nationaux en Tanzanie - Association Globalong","robots":{"index":"index","follow":"follow","max-snippet":"max-snippet:-1","max-image-preview":"max-image-preview:large","max-video-preview":"max-video-preview:-1"},"canonical":"https:\/\/www.globalong.com\/blog\/treks-safaris-et-excursions\/safari-5j-dans-les-parcs-nationaux-en-tanzanie\/","og_locale":"fr_FR","og_type":"article","og_title":"Safari 5j dans les parcs nationaux en Tanzanie","og_description":"Embarquez pour un safari 4&#215;4 \u00e0 la d\u00e9couverte des plus beaux paysages et capturez des instants inoubliables\u00a0! Accompagn\u00e9\u00a0d\u2019un conducteur exp\u00e9riment\u00e9 et d\u2019un guide professionnel passionn\u00e9, partez \u00e0 la rencontre de nombreuses esp\u00e8ces animales (les lions, les z\u00e8bres, les girafes, les \u00e9l\u00e9phants, les gazelles, ou encore les hippopotames). Les for\u00eats de baobabs, la jungle, la savane [&hellip;]","og_url":"https:\/\/www.globalong.com\/blog\/treks-safaris-et-excursions\/safari-5j-dans-les-parcs-nationaux-en-tanzanie\/","og_site_name":"Association Globalong","article_publisher":"https:\/\/www.facebook.com\/globalong","article_modified_time":"2022-05-13T15:46:13+00:00","og_image":[{"width":1024,"height":768,"url":"https:\/\/www.globalong.com\/blog\/wp-content\/uploads\/2016\/02\/DSCF1560-1024x768.jpg","type":"image\/jpeg"}],"twitter_card":"summary_large_image","twitter_misc":{"Dur\u00e9e de lecture estim\u00e9e":"2 minutes"},"schema":{"@context":"https:\/\/schema.org","@graph":[{"@type":"WebPage","@id":"https:\/\/www.globalong.com\/blog\/treks-safaris-et-excursions\/safari-5j-dans-les-parcs-nationaux-en-tanzanie\/","url":"https:\/\/www.globalong.com\/blog\/treks-safaris-et-excursions\/safari-5j-dans-les-parcs-nationaux-en-tanzanie\/","name":"Safari 5j dans les parcs nationaux en Tanzanie - Association Globalong","isPartOf":{"@id":"https:\/\/www.globalong.com\/blog\/#website"},"primaryImageOfPage":{"@id":"https:\/\/www.globalong.com\/blog\/treks-safaris-et-excursions\/safari-5j-dans-les-parcs-nationaux-en-tanzanie\/#primaryimage"},"image":{"@id":"https:\/\/www.globalong.com\/blog\/treks-safaris-et-excursions\/safari-5j-dans-les-parcs-nationaux-en-tanzanie\/#primaryimage"},"thumbnailUrl":"https:\/\/www.globalong.com\/blog\/wp-content\/uploads\/2016\/02\/DSCF1560.jpg","datePublished":"2016-02-22T13:12:38+00:00","dateModified":"2022-05-13T15:46:13+00:00","breadcrumb":{"@id":"https:\/\/www.globalong.com\/blog\/treks-safaris-et-excursions\/safari-5j-dans-les-parcs-nationaux-en-tanzanie\/#breadcrumb"},"inLanguage":"fr-FR","potentialAction":[{"@type":"ReadAction","target":["https:\/\/www.globalong.com\/blog\/treks-safaris-et-excursions\/safari-5j-dans-les-parcs-nationaux-en-tanzanie\/"]}]},{"@type":"ImageObject","inLanguage":"fr-FR","@id":"https:\/\/www.globalong.com\/blog\/treks-safaris-et-excursions\/safari-5j-dans-les-parcs-nationaux-en-tanzanie\/#primaryimage","url":"https:\/\/www.globalong.com\/blog\/wp-content\/uploads\/2016\/02\/DSCF1560.jpg","contentUrl":"https:\/\/www.globalong.com\/blog\/wp-content\/uploads\/2016\/02\/DSCF1560.jpg","width":4608,"height":3456},{"@type":"BreadcrumbList","@id":"https:\/\/www.globalong.com\/blog\/treks-safaris-et-excursions\/safari-5j-dans-les-parcs-nationaux-en-tanzanie\/#breadcrumb","itemListElement":[{"@type":"ListItem","position":1,"name":"Accueil","item":"https:\/\/www.globalong.com\/blog\/"},{"@type":"ListItem","position":2,"name":"Treks, safaris et excursions","item":"https:\/\/www.globalong.com\/blog\/treks-safaris-et-excursions\/"},{"@type":"ListItem","position":3,"name":"Safari 5j dans les parcs nationaux en Tanzanie"}]},{"@type":"WebSite","@id":"https:\/\/www.globalong.com\/blog\/#website","url":"https:\/\/www.globalong.com\/blog\/","name":"https:\/\/www.globalong.com\/","description":"Mission humanitaire, stage \u00e9tudiant et voyage linguistique","publisher":{"@id":"https:\/\/www.globalong.com\/blog\/#organization"},"potentialAction":[{"@type":"SearchAction","target":{"@type":"EntryPoint","urlTemplate":"https:\/\/www.globalong.com\/blog\/?s={search_term_string}"},"query-input":{"@type":"PropertyValueSpecification","valueRequired":true,"valueName":"search_term_string"}}],"inLanguage":"fr-FR"},{"@type":"Organization","@id":"https:\/\/www.globalong.com\/blog\/#organization","name":"Association Globalong","url":"https:\/\/www.globalong.com\/blog\/","logo":{"@type":"ImageObject","inLanguage":"fr-FR","@id":"https:\/\/www.globalong.com\/blog\/#\/schema\/logo\/image\/","url":"https:\/\/www.globalong.com\/blog\/wp-content\/uploads\/2014\/11\/cropped-cropped-Logo-et-Afrique-Globalong-petite-taille-2.jpg","contentUrl":"https:\/\/www.globalong.com\/blog\/wp-content\/uploads\/2014\/11\/cropped-cropped-Logo-et-Afrique-Globalong-petite-taille-2.jpg","width":512,"height":512,"caption":"Association Globalong"},"image":{"@id":"https:\/\/www.globalong.com\/blog\/#\/schema\/logo\/image\/"},"sameAs":["https:\/\/www.facebook.com\/globalong"]}]}},"_links":{"self":[{"href":"https:\/\/www.globalong.com\/blog\/wp-json\/wp\/v2\/pages\/995"}],"collection":[{"href":"https:\/\/www.globalong.com\/blog\/wp-json\/wp\/v2\/pages"}],"about":[{"href":"https:\/\/www.globalong.com\/blog\/wp-json\/wp\/v2\/types\/page"}],"author":[{"embeddable":true,"href":"https:\/\/www.globalong.com\/blog\/wp-json\/wp\/v2\/users\/3"}],"replies":[{"embeddable":true,"href":"https:\/\/www.globalong.com\/blog\/wp-json\/wp\/v2\/comments?post=995"}],"version-history":[{"count":20,"href":"https:\/\/www.globalong.com\/blog\/wp-json\/wp\/v2\/pages\/995\/revisions"}],"predecessor-version":[{"id":14656,"href":"https:\/\/www.globalong.com\/blog\/wp-json\/wp\/v2\/pages\/995\/revisions\/14656"}],"up":[{"embeddable":true,"href":"https:\/\/www.globalong.com\/blog\/wp-json\/wp\/v2\/pages\/627"}],"wp:featuredmedia":[{"embeddable":true,"href":"https:\/\/www.globalong.com\/blog\/wp-json\/wp\/v2\/media\/997"}],"wp:attachment":[{"href":"https:\/\/www.globalong.com\/blog\/wp-json\/wp\/v2\/media?parent=995"}],"curies":[{"name":"wp","href":"https:\/\/api.w.org\/{rel}","templated":true}]}}